{"id":56162,"date":"2021-07-21T10:43:54","date_gmt":"2021-07-21T08:43:54","guid":{"rendered":"https:\/\/foliobooks.pl\/sklep\/postcards-from-home-creativity-in-a-time-of-crisis\/"},"modified":"2025-09-30T15:58:05","modified_gmt":"2025-09-30T13:58:05","slug":"postcards-from-home-creativity-in-a-time-of-crisis","status":"publish","type":"product","link":"https:\/\/foliobooks.pl\/en\/shop\/postcards-from-home-creativity-in-a-time-of-crisis\/","title":{"rendered":"Postcards from Home. Creativity in a Time of Crisis"},"content":{"rendered":"<p>Postcards from Home: Creativity in a Time of Crisis is a beautiful and unforgettable collection of self-rendered images from a bevy of photographers, filmmakers, actors, creative directors, performance artists, fashion designers, and models from Marc Jacobs, Karen Elson, Florence Pugh, Maurizio Cattelan, Virgil Abloh, Lin-Manuel Miranda, Billy Porter, Donatella Versace, Tom Ford, Lizzo, Kendall Jenner, Gisele Bundchen, Cindy Sherman, Tracee Ellis Ross, and Kim Kardashian West, among others, that share a glimpse of their lives under lockdown. From self-portraits in their homes, to images of Vogue s friends and collaborators with their families, to photographs of original artworks created during this time of social distancing these snapshots reflect a moment in history when the world turned upside down, but creativity flourished. This unique photography book is a must-have for devotees of fashion, art, culture, and photography, and reaches across a readership of all ages. A portion of the proceeds will go to A Common Thread, Vogue s new fundraising initiative to provide assistance to the fashion industry during the COVID-19 pandemic.<\/p>\n","protected":false},"excerpt":{"rendered":"<p>Postcards from Home: Creativity in a Time of Crisis is a beautiful and unforgettable collection of self-rendered images from a bevy of photographers, filmmakers, actors, creative directors, performance artists, fashion designers, and models from Marc Jacobs, Karen Elson, Florence Pugh, Maurizio Cattelan, Virgil Abloh, Lin-Manuel Miranda, Billy Porter, Donatella Versace, Tom Ford, Lizzo, Kendall Jenner,&#8230;<\/p>\n","protected":false},"featured_media":56161,"comment_status":"closed","ping_status":"closed","template":"","meta":[],"product_brand":[],"product_cat":[13533,4517],"product_tag":[6121,1066],"class_list":{"0":"post-56162","1":"product","2":"type-product","3":"status-publish","4":"has-post-thumbnail","6":"product_cat-books","7":"product_cat-photography-en","8":"product_tag-photography","9":"product_tag-portraits-en","10":"pa_cover-hardcover","11":"pa_format-203-x-267-cm-en","12":"pa_isbn-9780847870233-en","13":"pa_language-eng","14":"pa_pages-176-en","15":"pa_published-2020-10-06-en","16":"pa_publisher-rizzoli-en","18":"first","19":"instock","20":"sale","21":"sold-individually","22":"shipping-taxable","23":"purchasable","24":"product-type-simple"},"yoast_head":"<!-- This site is optimized with the Yoast SEO plugin v27.4 - https:\/\/yoast.com\/product\/yoast-seo-wordpress\/ -->\n<title>Postcards from Home. Creativity in a Time of Crisis () - book \/ album - Folio<\/title>\n<meta name=\"description\" content=\"Wejd\u017a i kup ksi\u0105\u017ck\u0119 Postcards from Home. Creativity in a Time of Crisis autorstwa wydan\u0105 przez Rizzoli (2020-10-06) w formacie 20,3 x 26,7 cm (ISBN: 9780847870233). Zapraszamy!\" \/>\n<meta name=\"robots\" content=\"index, follow, max-snippet:-1, max-image-preview:large, max-video-preview:-1\" \/>\n<link rel=\"canonical\" href=\"https:\/\/foliobooks.pl\/en\/shop\/postcards-from-home-creativity-in-a-time-of-crisis\/\" \/>\n<meta property=\"og:locale\" content=\"en_US\" \/>\n<meta property=\"og:type\" content=\"article\" \/>\n<meta property=\"og:title\" content=\"Postcards from Home. Creativity in a Time of Crisis () - book \/ album - Folio\" \/>\n<meta property=\"og:description\" content=\"Wejd\u017a i kup ksi\u0105\u017ck\u0119 Postcards from Home. Creativity in a Time of Crisis autorstwa wydan\u0105 przez Rizzoli (2020-10-06) w formacie 20,3 x 26,7 cm (ISBN: 9780847870233). Zapraszamy!\" \/>\n<meta property=\"og:url\" content=\"https:\/\/foliobooks.pl\/en\/shop\/postcards-from-home-creativity-in-a-time-of-crisis\/\" \/>\n<meta property=\"og:site_name\" content=\"Folio\" \/>\n<meta property=\"article:modified_time\" content=\"2025-09-30T13:58:05+00:00\" \/>\n<meta property=\"og:image\" content=\"https:\/\/foliobooks.pl\/wp-content\/uploads\/2021\/07\/9780847870233.png\" \/>\n\t<meta property=\"og:image:width\" content=\"570\" \/>\n\t<meta property=\"og:image:height\" content=\"708\" \/>\n\t<meta property=\"og:image:type\" content=\"image\/png\" \/>\n<meta name=\"twitter:card\" content=\"summary_large_image\" \/>\n<meta name=\"twitter:label1\" content=\"Est. reading time\" \/>\n\t<meta name=\"twitter:data1\" content=\"1 minute\" \/>\n<script type=\"application\/ld+json\" class=\"yoast-schema-graph\">{\"@context\":\"https:\\\/\\\/schema.org\",\"@graph\":[{\"@type\":\"WebPage\",\"@id\":\"https:\\\/\\\/foliobooks.pl\\\/en\\\/shop\\\/postcards-from-home-creativity-in-a-time-of-crisis\\\/\",\"url\":\"https:\\\/\\\/foliobooks.pl\\\/en\\\/shop\\\/postcards-from-home-creativity-in-a-time-of-crisis\\\/\",\"name\":\"Postcards from Home. Creativity in a Time of Crisis () - book \\\/ album - Folio\",\"isPartOf\":{\"@id\":\"https:\\\/\\\/foliobooks.pl\\\/en\\\/#website\"},\"primaryImageOfPage\":{\"@id\":\"https:\\\/\\\/foliobooks.pl\\\/en\\\/shop\\\/postcards-from-home-creativity-in-a-time-of-crisis\\\/#primaryimage\"},\"image\":{\"@id\":\"https:\\\/\\\/foliobooks.pl\\\/en\\\/shop\\\/postcards-from-home-creativity-in-a-time-of-crisis\\\/#primaryimage\"},\"thumbnailUrl\":\"https:\\\/\\\/foliobooks.pl\\\/wp-content\\\/uploads\\\/2021\\\/07\\\/9780847870233.png\",\"datePublished\":\"2021-07-21T08:43:54+00:00\",\"dateModified\":\"2025-09-30T13:58:05+00:00\",\"description\":\"Wejd\u017a i kup ksi\u0105\u017ck\u0119 Postcards from Home. Creativity in a Time of Crisis autorstwa wydan\u0105 przez Rizzoli (2020-10-06) w formacie 20,3 x 26,7 cm (ISBN: 9780847870233). Zapraszamy!\",\"breadcrumb\":{\"@id\":\"https:\\\/\\\/foliobooks.pl\\\/en\\\/shop\\\/postcards-from-home-creativity-in-a-time-of-crisis\\\/#breadcrumb\"},\"inLanguage\":\"en-US\",\"potentialAction\":[{\"@type\":\"ReadAction\",\"target\":[\"https:\\\/\\\/foliobooks.pl\\\/en\\\/shop\\\/postcards-from-home-creativity-in-a-time-of-crisis\\\/\"]}]},{\"@type\":\"ImageObject\",\"inLanguage\":\"en-US\",\"@id\":\"https:\\\/\\\/foliobooks.pl\\\/en\\\/shop\\\/postcards-from-home-creativity-in-a-time-of-crisis\\\/#primaryimage\",\"url\":\"https:\\\/\\\/foliobooks.pl\\\/wp-content\\\/uploads\\\/2021\\\/07\\\/9780847870233.png\",\"contentUrl\":\"https:\\\/\\\/foliobooks.pl\\\/wp-content\\\/uploads\\\/2021\\\/07\\\/9780847870233.png\",\"width\":570,\"height\":708},{\"@type\":\"BreadcrumbList\",\"@id\":\"https:\\\/\\\/foliobooks.pl\\\/en\\\/shop\\\/postcards-from-home-creativity-in-a-time-of-crisis\\\/#breadcrumb\",\"itemListElement\":[{\"@type\":\"ListItem\",\"position\":1,\"name\":\"Strona g\u0142\u00f3wna\",\"item\":\"https:\\\/\\\/foliobooks.pl\\\/en\\\/\"},{\"@type\":\"ListItem\",\"position\":2,\"name\":\"Shop\",\"item\":\"https:\\\/\\\/foliobooks.pl\\\/en\\\/shop\\\/\"},{\"@type\":\"ListItem\",\"position\":3,\"name\":\"Postcards from Home. Creativity in a Time of Crisis\"}]},{\"@type\":\"WebSite\",\"@id\":\"https:\\\/\\\/foliobooks.pl\\\/en\\\/#website\",\"url\":\"https:\\\/\\\/foliobooks.pl\\\/en\\\/\",\"name\":\"Folio\",\"description\":\"Ksi\u0119garnia internetowa\",\"potentialAction\":[{\"@type\":\"SearchAction\",\"target\":{\"@type\":\"EntryPoint\",\"urlTemplate\":\"https:\\\/\\\/foliobooks.pl\\\/en\\\/?s={search_term_string}\"},\"query-input\":{\"@type\":\"PropertyValueSpecification\",\"valueRequired\":true,\"valueName\":\"search_term_string\"}}],\"inLanguage\":\"en-US\"}]}<\/script>\n<!-- \/ Yoast SEO plugin. -->","yoast_head_json":{"title":"Postcards from Home. Creativity in a Time of Crisis () - book \/ album - Folio","description":"Wejd\u017a i kup ksi\u0105\u017ck\u0119 Postcards from Home. Creativity in a Time of Crisis autorstwa wydan\u0105 przez Rizzoli (2020-10-06) w formacie 20,3 x 26,7 cm (ISBN: 9780847870233). Zapraszamy!","robots":{"index":"index","follow":"follow","max-snippet":"max-snippet:-1","max-image-preview":"max-image-preview:large","max-video-preview":"max-video-preview:-1"},"canonical":"https:\/\/foliobooks.pl\/en\/shop\/postcards-from-home-creativity-in-a-time-of-crisis\/","og_locale":"en_US","og_type":"article","og_title":"Postcards from Home. Creativity in a Time of Crisis () - book \/ album - Folio","og_description":"Wejd\u017a i kup ksi\u0105\u017ck\u0119 Postcards from Home. Creativity in a Time of Crisis autorstwa wydan\u0105 przez Rizzoli (2020-10-06) w formacie 20,3 x 26,7 cm (ISBN: 9780847870233). Zapraszamy!","og_url":"https:\/\/foliobooks.pl\/en\/shop\/postcards-from-home-creativity-in-a-time-of-crisis\/","og_site_name":"Folio","article_modified_time":"2025-09-30T13:58:05+00:00","og_image":[{"width":570,"height":708,"url":"https:\/\/foliobooks.pl\/wp-content\/uploads\/2021\/07\/9780847870233.png","type":"image\/png"}],"twitter_card":"summary_large_image","twitter_misc":{"Est. reading time":"1 minute"},"schema":{"@context":"https:\/\/schema.org","@graph":[{"@type":"WebPage","@id":"https:\/\/foliobooks.pl\/en\/shop\/postcards-from-home-creativity-in-a-time-of-crisis\/","url":"https:\/\/foliobooks.pl\/en\/shop\/postcards-from-home-creativity-in-a-time-of-crisis\/","name":"Postcards from Home. Creativity in a Time of Crisis () - book \/ album - Folio","isPartOf":{"@id":"https:\/\/foliobooks.pl\/en\/#website"},"primaryImageOfPage":{"@id":"https:\/\/foliobooks.pl\/en\/shop\/postcards-from-home-creativity-in-a-time-of-crisis\/#primaryimage"},"image":{"@id":"https:\/\/foliobooks.pl\/en\/shop\/postcards-from-home-creativity-in-a-time-of-crisis\/#primaryimage"},"thumbnailUrl":"https:\/\/foliobooks.pl\/wp-content\/uploads\/2021\/07\/9780847870233.png","datePublished":"2021-07-21T08:43:54+00:00","dateModified":"2025-09-30T13:58:05+00:00","description":"Wejd\u017a i kup ksi\u0105\u017ck\u0119 Postcards from Home. Creativity in a Time of Crisis autorstwa wydan\u0105 przez Rizzoli (2020-10-06) w formacie 20,3 x 26,7 cm (ISBN: 9780847870233). Zapraszamy!","breadcrumb":{"@id":"https:\/\/foliobooks.pl\/en\/shop\/postcards-from-home-creativity-in-a-time-of-crisis\/#breadcrumb"},"inLanguage":"en-US","potentialAction":[{"@type":"ReadAction","target":["https:\/\/foliobooks.pl\/en\/shop\/postcards-from-home-creativity-in-a-time-of-crisis\/"]}]},{"@type":"ImageObject","inLanguage":"en-US","@id":"https:\/\/foliobooks.pl\/en\/shop\/postcards-from-home-creativity-in-a-time-of-crisis\/#primaryimage","url":"https:\/\/foliobooks.pl\/wp-content\/uploads\/2021\/07\/9780847870233.png","contentUrl":"https:\/\/foliobooks.pl\/wp-content\/uploads\/2021\/07\/9780847870233.png","width":570,"height":708},{"@type":"BreadcrumbList","@id":"https:\/\/foliobooks.pl\/en\/shop\/postcards-from-home-creativity-in-a-time-of-crisis\/#breadcrumb","itemListElement":[{"@type":"ListItem","position":1,"name":"Strona g\u0142\u00f3wna","item":"https:\/\/foliobooks.pl\/en\/"},{"@type":"ListItem","position":2,"name":"Shop","item":"https:\/\/foliobooks.pl\/en\/shop\/"},{"@type":"ListItem","position":3,"name":"Postcards from Home. Creativity in a Time of Crisis"}]},{"@type":"WebSite","@id":"https:\/\/foliobooks.pl\/en\/#website","url":"https:\/\/foliobooks.pl\/en\/","name":"Folio","description":"Ksi\u0119garnia internetowa","potentialAction":[{"@type":"SearchAction","target":{"@type":"EntryPoint","urlTemplate":"https:\/\/foliobooks.pl\/en\/?s={search_term_string}"},"query-input":{"@type":"PropertyValueSpecification","valueRequired":true,"valueName":"search_term_string"}}],"inLanguage":"en-US"}]}},"_links":{"self":[{"href":"https:\/\/foliobooks.pl\/en\/wp-json\/wp\/v2\/product\/56162","targetHints":{"allow":["GET"]}}],"collection":[{"href":"https:\/\/foliobooks.pl\/en\/wp-json\/wp\/v2\/product"}],"about":[{"href":"https:\/\/foliobooks.pl\/en\/wp-json\/wp\/v2\/types\/product"}],"replies":[{"embeddable":true,"href":"https:\/\/foliobooks.pl\/en\/wp-json\/wp\/v2\/comments?post=56162"}],"wp:featuredmedia":[{"embeddable":true,"href":"https:\/\/foliobooks.pl\/en\/wp-json\/wp\/v2\/media\/56161"}],"wp:attachment":[{"href":"https:\/\/foliobooks.pl\/en\/wp-json\/wp\/v2\/media?parent=56162"}],"wp:term":[{"taxonomy":"product_brand","embeddable":true,"href":"https:\/\/foliobooks.pl\/en\/wp-json\/wp\/v2\/product_brand?post=56162"},{"taxonomy":"product_cat","embeddable":true,"href":"https:\/\/foliobooks.pl\/en\/wp-json\/wp\/v2\/product_cat?post=56162"},{"taxonomy":"product_tag","embeddable":true,"href":"https:\/\/foliobooks.pl\/en\/wp-json\/wp\/v2\/product_tag?post=56162"}],"curies":[{"name":"wp","href":"https:\/\/api.w.org\/{rel}","templated":true}]}}