{"id":56154,"date":"2021-07-21T10:35:37","date_gmt":"2021-07-21T08:35:37","guid":{"rendered":"https:\/\/foliobooks.pl\/sklep\/jean-dubuffet-brutal-beauty\/"},"modified":"2025-09-17T17:42:08","modified_gmt":"2025-09-17T15:42:08","slug":"jean-dubuffet-brutal-beauty","status":"publish","type":"product","link":"https:\/\/foliobooks.pl\/en\/shop\/jean-dubuffet-brutal-beauty\/","title":{"rendered":"Jean Dubuffet. Brutal Beauty"},"content":{"rendered":"<p>In 1940s occupied Paris, Jean Dubuffet began to champion a progressive vision for art; one that rejected classical notions of beauty in favor of a more visceral aesthetic. Taking a pioneering approach to materiality and technique, the artist variously blended paint with sand, glass, tar, coal dust and string. At the same time, he began to assemble a collection of art brut-work that was made outside the academic tradition of fine art- even visiting psychiatric wards from 1945 to collect work by patients. This book features texts from leading scholars and is accompanied by images that illuminate Dubuffet&#8217;s attempts to move beyond the artistic expectations of his time. The works are grouped into six thematic sections that focus on specific series, from his graffiti-inspired &#8220;Walls&#8221; and his notorious portrait series, &#8220;People are Much More Beautiful Than They Think&#8221; to the &#8220;Corps de dames&#8221;, a controversial series of &#8220;female&#8221; landscapes, and his anthropomorphic sculptures, &#8220;Little Statues of Precarious Life.&#8221; Exquisitely produced, this celebration of Dubuffet&#8217;s work embraces his world view that art is for everyone, not just the elite.<\/p>\n","protected":false},"excerpt":{"rendered":"<p>In 1940s occupied Paris, Jean Dubuffet began to champion a progressive vision for art; one that rejected classical notions of beauty in favor of a more visceral aesthetic. Taking a pioneering approach to materiality and technique, the artist variously blended paint with sand, glass, tar, coal dust and string. At the same time, he began&#8230;<\/p>\n","protected":false},"featured_media":56153,"comment_status":"closed","ping_status":"closed","template":"","meta":[],"product_brand":[],"product_cat":[4522,13533],"product_tag":[9083,2767,154],"class_list":{"0":"post-56154","1":"product","2":"type-product","3":"status-publish","4":"has-post-thumbnail","6":"product_cat-art-en","7":"product_cat-books","8":"product_tag-art-en","9":"product_tag-art-history","10":"product_tag-monographs","11":"pa_author_att-eleanor-nairne-en","12":"pa_cover-hardcover","13":"pa_format-241-x-279-cm-en","14":"pa_isbn-9783791359793-en","15":"pa_language-eng","16":"pa_pages-240-en","17":"pa_published-2021-05-04-en","18":"pa_publisher-prestel-en","20":"first","21":"instock","22":"sale","23":"sold-individually","24":"shipping-taxable","25":"purchasable","26":"product-type-simple"},"yoast_head":"<!-- This site is optimized with the Yoast SEO plugin v27.4 - https:\/\/yoast.com\/product\/yoast-seo-wordpress\/ -->\n<title>Jean Dubuffet. Brutal Beauty (Eleanor Nairne) - book \/ album - Folio<\/title>\n<meta name=\"description\" content=\"Wejd\u017a i kup ksi\u0105\u017ck\u0119 Jean Dubuffet. Brutal Beauty autorstwa Eleanor Nairne wydan\u0105 przez PRESTEL (2021-05-04) w formacie 24,1 x 27,9 cm (ISBN: 9783791359793). Zapraszamy!\" \/>\n<meta name=\"robots\" content=\"index, follow, max-snippet:-1, max-image-preview:large, max-video-preview:-1\" \/>\n<link rel=\"canonical\" href=\"https:\/\/foliobooks.pl\/en\/shop\/jean-dubuffet-brutal-beauty\/\" \/>\n<meta property=\"og:locale\" content=\"en_US\" \/>\n<meta property=\"og:type\" content=\"article\" \/>\n<meta property=\"og:title\" content=\"Jean Dubuffet. Brutal Beauty (Eleanor Nairne) - book \/ album - Folio\" \/>\n<meta property=\"og:description\" content=\"Wejd\u017a i kup ksi\u0105\u017ck\u0119 Jean Dubuffet. Brutal Beauty autorstwa Eleanor Nairne wydan\u0105 przez PRESTEL (2021-05-04) w formacie 24,1 x 27,9 cm (ISBN: 9783791359793). Zapraszamy!\" \/>\n<meta property=\"og:url\" content=\"https:\/\/foliobooks.pl\/en\/shop\/jean-dubuffet-brutal-beauty\/\" \/>\n<meta property=\"og:site_name\" content=\"Folio\" \/>\n<meta property=\"article:modified_time\" content=\"2025-09-17T15:42:08+00:00\" \/>\n<meta property=\"og:image\" content=\"https:\/\/foliobooks.pl\/wp-content\/uploads\/2021\/07\/9783791359793.png\" \/>\n\t<meta property=\"og:image:width\" content=\"570\" \/>\n\t<meta property=\"og:image:height\" content=\"708\" \/>\n\t<meta property=\"og:image:type\" content=\"image\/png\" \/>\n<meta name=\"twitter:card\" content=\"summary_large_image\" \/>\n<meta name=\"twitter:label1\" content=\"Est. reading time\" \/>\n\t<meta name=\"twitter:data1\" content=\"1 minute\" \/>\n<script type=\"application\/ld+json\" class=\"yoast-schema-graph\">{\"@context\":\"https:\\\/\\\/schema.org\",\"@graph\":[{\"@type\":\"WebPage\",\"@id\":\"https:\\\/\\\/foliobooks.pl\\\/en\\\/shop\\\/jean-dubuffet-brutal-beauty\\\/\",\"url\":\"https:\\\/\\\/foliobooks.pl\\\/en\\\/shop\\\/jean-dubuffet-brutal-beauty\\\/\",\"name\":\"Jean Dubuffet. Brutal Beauty (Eleanor Nairne) - book \\\/ album - Folio\",\"isPartOf\":{\"@id\":\"https:\\\/\\\/foliobooks.pl\\\/en\\\/#website\"},\"primaryImageOfPage\":{\"@id\":\"https:\\\/\\\/foliobooks.pl\\\/en\\\/shop\\\/jean-dubuffet-brutal-beauty\\\/#primaryimage\"},\"image\":{\"@id\":\"https:\\\/\\\/foliobooks.pl\\\/en\\\/shop\\\/jean-dubuffet-brutal-beauty\\\/#primaryimage\"},\"thumbnailUrl\":\"https:\\\/\\\/foliobooks.pl\\\/wp-content\\\/uploads\\\/2021\\\/07\\\/9783791359793.png\",\"datePublished\":\"2021-07-21T08:35:37+00:00\",\"dateModified\":\"2025-09-17T15:42:08+00:00\",\"description\":\"Wejd\u017a i kup ksi\u0105\u017ck\u0119 Jean Dubuffet. Brutal Beauty autorstwa Eleanor Nairne wydan\u0105 przez PRESTEL (2021-05-04) w formacie 24,1 x 27,9 cm (ISBN: 9783791359793). Zapraszamy!\",\"breadcrumb\":{\"@id\":\"https:\\\/\\\/foliobooks.pl\\\/en\\\/shop\\\/jean-dubuffet-brutal-beauty\\\/#breadcrumb\"},\"inLanguage\":\"en-US\",\"potentialAction\":[{\"@type\":\"ReadAction\",\"target\":[\"https:\\\/\\\/foliobooks.pl\\\/en\\\/shop\\\/jean-dubuffet-brutal-beauty\\\/\"]}]},{\"@type\":\"ImageObject\",\"inLanguage\":\"en-US\",\"@id\":\"https:\\\/\\\/foliobooks.pl\\\/en\\\/shop\\\/jean-dubuffet-brutal-beauty\\\/#primaryimage\",\"url\":\"https:\\\/\\\/foliobooks.pl\\\/wp-content\\\/uploads\\\/2021\\\/07\\\/9783791359793.png\",\"contentUrl\":\"https:\\\/\\\/foliobooks.pl\\\/wp-content\\\/uploads\\\/2021\\\/07\\\/9783791359793.png\",\"width\":570,\"height\":708},{\"@type\":\"BreadcrumbList\",\"@id\":\"https:\\\/\\\/foliobooks.pl\\\/en\\\/shop\\\/jean-dubuffet-brutal-beauty\\\/#breadcrumb\",\"itemListElement\":[{\"@type\":\"ListItem\",\"position\":1,\"name\":\"Strona g\u0142\u00f3wna\",\"item\":\"https:\\\/\\\/foliobooks.pl\\\/en\\\/\"},{\"@type\":\"ListItem\",\"position\":2,\"name\":\"Shop\",\"item\":\"https:\\\/\\\/foliobooks.pl\\\/en\\\/shop\\\/\"},{\"@type\":\"ListItem\",\"position\":3,\"name\":\"Jean Dubuffet. Brutal Beauty\"}]},{\"@type\":\"WebSite\",\"@id\":\"https:\\\/\\\/foliobooks.pl\\\/en\\\/#website\",\"url\":\"https:\\\/\\\/foliobooks.pl\\\/en\\\/\",\"name\":\"Folio\",\"description\":\"Ksi\u0119garnia internetowa\",\"potentialAction\":[{\"@type\":\"SearchAction\",\"target\":{\"@type\":\"EntryPoint\",\"urlTemplate\":\"https:\\\/\\\/foliobooks.pl\\\/en\\\/?s={search_term_string}\"},\"query-input\":{\"@type\":\"PropertyValueSpecification\",\"valueRequired\":true,\"valueName\":\"search_term_string\"}}],\"inLanguage\":\"en-US\"}]}<\/script>\n<!-- \/ Yoast SEO plugin. -->","yoast_head_json":{"title":"Jean Dubuffet. Brutal Beauty (Eleanor Nairne) - book \/ album - Folio","description":"Wejd\u017a i kup ksi\u0105\u017ck\u0119 Jean Dubuffet. Brutal Beauty autorstwa Eleanor Nairne wydan\u0105 przez PRESTEL (2021-05-04) w formacie 24,1 x 27,9 cm (ISBN: 9783791359793). Zapraszamy!","robots":{"index":"index","follow":"follow","max-snippet":"max-snippet:-1","max-image-preview":"max-image-preview:large","max-video-preview":"max-video-preview:-1"},"canonical":"https:\/\/foliobooks.pl\/en\/shop\/jean-dubuffet-brutal-beauty\/","og_locale":"en_US","og_type":"article","og_title":"Jean Dubuffet. Brutal Beauty (Eleanor Nairne) - book \/ album - Folio","og_description":"Wejd\u017a i kup ksi\u0105\u017ck\u0119 Jean Dubuffet. Brutal Beauty autorstwa Eleanor Nairne wydan\u0105 przez PRESTEL (2021-05-04) w formacie 24,1 x 27,9 cm (ISBN: 9783791359793). Zapraszamy!","og_url":"https:\/\/foliobooks.pl\/en\/shop\/jean-dubuffet-brutal-beauty\/","og_site_name":"Folio","article_modified_time":"2025-09-17T15:42:08+00:00","og_image":[{"width":570,"height":708,"url":"https:\/\/foliobooks.pl\/wp-content\/uploads\/2021\/07\/9783791359793.png","type":"image\/png"}],"twitter_card":"summary_large_image","twitter_misc":{"Est. reading time":"1 minute"},"schema":{"@context":"https:\/\/schema.org","@graph":[{"@type":"WebPage","@id":"https:\/\/foliobooks.pl\/en\/shop\/jean-dubuffet-brutal-beauty\/","url":"https:\/\/foliobooks.pl\/en\/shop\/jean-dubuffet-brutal-beauty\/","name":"Jean Dubuffet. Brutal Beauty (Eleanor Nairne) - book \/ album - Folio","isPartOf":{"@id":"https:\/\/foliobooks.pl\/en\/#website"},"primaryImageOfPage":{"@id":"https:\/\/foliobooks.pl\/en\/shop\/jean-dubuffet-brutal-beauty\/#primaryimage"},"image":{"@id":"https:\/\/foliobooks.pl\/en\/shop\/jean-dubuffet-brutal-beauty\/#primaryimage"},"thumbnailUrl":"https:\/\/foliobooks.pl\/wp-content\/uploads\/2021\/07\/9783791359793.png","datePublished":"2021-07-21T08:35:37+00:00","dateModified":"2025-09-17T15:42:08+00:00","description":"Wejd\u017a i kup ksi\u0105\u017ck\u0119 Jean Dubuffet. Brutal Beauty autorstwa Eleanor Nairne wydan\u0105 przez PRESTEL (2021-05-04) w formacie 24,1 x 27,9 cm (ISBN: 9783791359793). Zapraszamy!","breadcrumb":{"@id":"https:\/\/foliobooks.pl\/en\/shop\/jean-dubuffet-brutal-beauty\/#breadcrumb"},"inLanguage":"en-US","potentialAction":[{"@type":"ReadAction","target":["https:\/\/foliobooks.pl\/en\/shop\/jean-dubuffet-brutal-beauty\/"]}]},{"@type":"ImageObject","inLanguage":"en-US","@id":"https:\/\/foliobooks.pl\/en\/shop\/jean-dubuffet-brutal-beauty\/#primaryimage","url":"https:\/\/foliobooks.pl\/wp-content\/uploads\/2021\/07\/9783791359793.png","contentUrl":"https:\/\/foliobooks.pl\/wp-content\/uploads\/2021\/07\/9783791359793.png","width":570,"height":708},{"@type":"BreadcrumbList","@id":"https:\/\/foliobooks.pl\/en\/shop\/jean-dubuffet-brutal-beauty\/#breadcrumb","itemListElement":[{"@type":"ListItem","position":1,"name":"Strona g\u0142\u00f3wna","item":"https:\/\/foliobooks.pl\/en\/"},{"@type":"ListItem","position":2,"name":"Shop","item":"https:\/\/foliobooks.pl\/en\/shop\/"},{"@type":"ListItem","position":3,"name":"Jean Dubuffet. Brutal Beauty"}]},{"@type":"WebSite","@id":"https:\/\/foliobooks.pl\/en\/#website","url":"https:\/\/foliobooks.pl\/en\/","name":"Folio","description":"Ksi\u0119garnia internetowa","potentialAction":[{"@type":"SearchAction","target":{"@type":"EntryPoint","urlTemplate":"https:\/\/foliobooks.pl\/en\/?s={search_term_string}"},"query-input":{"@type":"PropertyValueSpecification","valueRequired":true,"valueName":"search_term_string"}}],"inLanguage":"en-US"}]}},"_links":{"self":[{"href":"https:\/\/foliobooks.pl\/en\/wp-json\/wp\/v2\/product\/56154","targetHints":{"allow":["GET"]}}],"collection":[{"href":"https:\/\/foliobooks.pl\/en\/wp-json\/wp\/v2\/product"}],"about":[{"href":"https:\/\/foliobooks.pl\/en\/wp-json\/wp\/v2\/types\/product"}],"replies":[{"embeddable":true,"href":"https:\/\/foliobooks.pl\/en\/wp-json\/wp\/v2\/comments?post=56154"}],"wp:featuredmedia":[{"embeddable":true,"href":"https:\/\/foliobooks.pl\/en\/wp-json\/wp\/v2\/media\/56153"}],"wp:attachment":[{"href":"https:\/\/foliobooks.pl\/en\/wp-json\/wp\/v2\/media?parent=56154"}],"wp:term":[{"taxonomy":"product_brand","embeddable":true,"href":"https:\/\/foliobooks.pl\/en\/wp-json\/wp\/v2\/product_brand?post=56154"},{"taxonomy":"product_cat","embeddable":true,"href":"https:\/\/foliobooks.pl\/en\/wp-json\/wp\/v2\/product_cat?post=56154"},{"taxonomy":"product_tag","embeddable":true,"href":"https:\/\/foliobooks.pl\/en\/wp-json\/wp\/v2\/product_tag?post=56154"}],"curies":[{"name":"wp","href":"https:\/\/api.w.org\/{rel}","templated":true}]}}