{"id":56120,"date":"2021-07-20T16:34:14","date_gmt":"2021-07-20T14:34:14","guid":{"rendered":"https:\/\/foliobooks.pl\/sklep\/orient-express-the-story-of-a-legend\/"},"modified":"2023-08-16T12:14:17","modified_gmt":"2023-08-16T10:14:17","slug":"orient-express-the-story-of-a-legend","status":"publish","type":"product","link":"https:\/\/foliobooks.pl\/en\/shop\/orient-express-the-story-of-a-legend\/","title":{"rendered":"Orient Express. The Story of a Legend"},"content":{"rendered":"<p>The first train to connect Paris to Constantinople &#8211; the gateway to the Orient and epitome of all its associated desires and fantasies &#8211; the Orient Express was an immediate success. Quickly nicknamed &#8216;the king of trains, the train of kings&#8217;, it had already become a legend in its own time. This unique train and its celebrated passengers (both real and fictional) have become one of the great cultural icons of our times and have helped to create a limitless source of stories and fantasies to feed our imaginations. It&#8217;s a story told here through fabulous new photographs of the restoration workshops where the historic train carriages are being brought back to life, through archive photos of famous and exotic destinations, and portraits of the most famous passengers who were lucky enough to climb aboard.<\/p>\n","protected":false},"excerpt":{"rendered":"<p>The first train to connect Paris to Constantinople &#8211; the gateway to the Orient and epitome of all its associated desires and fantasies &#8211; the Orient Express was an immediate success. Quickly nicknamed &#8216;the king of trains, the train of kings&#8217;, it had already become a legend in its own time. This unique train and&#8230;<\/p>\n","protected":false},"featured_media":56118,"comment_status":"closed","ping_status":"closed","template":"","meta":[],"product_brand":[],"product_cat":[13533,4517],"product_tag":[290,6106],"class_list":{"0":"post-56120","1":"product","2":"type-product","3":"status-publish","4":"has-post-thumbnail","6":"product_cat-books","7":"product_cat-photography-en","8":"product_tag-interiors-en","9":"product_tag-transport-en","10":"pa_author_att-benjamin-chelly-en","11":"pa_cover-hardcover","12":"pa_format-24-x-29-cm-en","13":"pa_isbn-9781851499151-en","14":"pa_language-eng","15":"pa_pages-260-en","16":"pa_published-2019-09-17-en","17":"pa_publisher-acc-art-books-en","19":"first","20":"outofstock","21":"sold-individually","22":"shipping-taxable","23":"purchasable","24":"product-type-simple"},"yoast_head":"<!-- This site is optimized with the Yoast SEO plugin v27.5 - https:\/\/yoast.com\/product\/yoast-seo-wordpress\/ -->\n<title>Orient Express. The Story of a Legend (Benjamin Chelly) - book \/ album - Folio<\/title>\n<meta name=\"description\" content=\"Wejd\u017a i kup ksi\u0105\u017ck\u0119 Orient Express. The Story of a Legend autorstwa Benjamin Chelly wydan\u0105 przez ACC Art Books (2019-09-17) w formacie 24 x 29 cm (ISBN: 9781851499151). Zapraszamy!\" \/>\n<meta name=\"robots\" content=\"index, follow, max-snippet:-1, max-image-preview:large, max-video-preview:-1\" \/>\n<link rel=\"canonical\" href=\"https:\/\/foliobooks.pl\/en\/shop\/orient-express-the-story-of-a-legend\/\" \/>\n<meta property=\"og:locale\" content=\"en_US\" \/>\n<meta property=\"og:type\" content=\"article\" \/>\n<meta property=\"og:title\" content=\"Orient Express. The Story of a Legend (Benjamin Chelly) - book \/ album - Folio\" \/>\n<meta property=\"og:description\" content=\"Wejd\u017a i kup ksi\u0105\u017ck\u0119 Orient Express. The Story of a Legend autorstwa Benjamin Chelly wydan\u0105 przez ACC Art Books (2019-09-17) w formacie 24 x 29 cm (ISBN: 9781851499151). Zapraszamy!\" \/>\n<meta property=\"og:url\" content=\"https:\/\/foliobooks.pl\/en\/shop\/orient-express-the-story-of-a-legend\/\" \/>\n<meta property=\"og:site_name\" content=\"Folio\" \/>\n<meta property=\"article:modified_time\" content=\"2023-08-16T10:14:17+00:00\" \/>\n<meta property=\"og:image\" content=\"https:\/\/foliobooks.pl\/wp-content\/uploads\/2021\/07\/9781851499151.png\" \/>\n\t<meta property=\"og:image:width\" content=\"570\" \/>\n\t<meta property=\"og:image:height\" content=\"708\" \/>\n\t<meta property=\"og:image:type\" content=\"image\/png\" \/>\n<meta name=\"twitter:card\" content=\"summary_large_image\" \/>\n<meta name=\"twitter:label1\" content=\"Est. reading time\" \/>\n\t<meta name=\"twitter:data1\" content=\"1 minute\" \/>\n<script type=\"application\/ld+json\" class=\"yoast-schema-graph\">{\"@context\":\"https:\\\/\\\/schema.org\",\"@graph\":[{\"@type\":\"WebPage\",\"@id\":\"https:\\\/\\\/foliobooks.pl\\\/en\\\/shop\\\/orient-express-the-story-of-a-legend\\\/\",\"url\":\"https:\\\/\\\/foliobooks.pl\\\/en\\\/shop\\\/orient-express-the-story-of-a-legend\\\/\",\"name\":\"Orient Express. The Story of a Legend (Benjamin Chelly) - book \\\/ album - Folio\",\"isPartOf\":{\"@id\":\"https:\\\/\\\/foliobooks.pl\\\/en\\\/#website\"},\"primaryImageOfPage\":{\"@id\":\"https:\\\/\\\/foliobooks.pl\\\/en\\\/shop\\\/orient-express-the-story-of-a-legend\\\/#primaryimage\"},\"image\":{\"@id\":\"https:\\\/\\\/foliobooks.pl\\\/en\\\/shop\\\/orient-express-the-story-of-a-legend\\\/#primaryimage\"},\"thumbnailUrl\":\"https:\\\/\\\/foliobooks.pl\\\/wp-content\\\/uploads\\\/2021\\\/07\\\/9781851499151.png\",\"datePublished\":\"2021-07-20T14:34:14+00:00\",\"dateModified\":\"2023-08-16T10:14:17+00:00\",\"description\":\"Wejd\u017a i kup ksi\u0105\u017ck\u0119 Orient Express. The Story of a Legend autorstwa Benjamin Chelly wydan\u0105 przez ACC Art Books (2019-09-17) w formacie 24 x 29 cm (ISBN: 9781851499151). Zapraszamy!\",\"breadcrumb\":{\"@id\":\"https:\\\/\\\/foliobooks.pl\\\/en\\\/shop\\\/orient-express-the-story-of-a-legend\\\/#breadcrumb\"},\"inLanguage\":\"en-US\",\"potentialAction\":[{\"@type\":\"ReadAction\",\"target\":[\"https:\\\/\\\/foliobooks.pl\\\/en\\\/shop\\\/orient-express-the-story-of-a-legend\\\/\"]}]},{\"@type\":\"ImageObject\",\"inLanguage\":\"en-US\",\"@id\":\"https:\\\/\\\/foliobooks.pl\\\/en\\\/shop\\\/orient-express-the-story-of-a-legend\\\/#primaryimage\",\"url\":\"https:\\\/\\\/foliobooks.pl\\\/wp-content\\\/uploads\\\/2021\\\/07\\\/9781851499151.png\",\"contentUrl\":\"https:\\\/\\\/foliobooks.pl\\\/wp-content\\\/uploads\\\/2021\\\/07\\\/9781851499151.png\",\"width\":570,\"height\":708},{\"@type\":\"BreadcrumbList\",\"@id\":\"https:\\\/\\\/foliobooks.pl\\\/en\\\/shop\\\/orient-express-the-story-of-a-legend\\\/#breadcrumb\",\"itemListElement\":[{\"@type\":\"ListItem\",\"position\":1,\"name\":\"Strona g\u0142\u00f3wna\",\"item\":\"https:\\\/\\\/foliobooks.pl\\\/en\\\/\"},{\"@type\":\"ListItem\",\"position\":2,\"name\":\"Shop\",\"item\":\"https:\\\/\\\/foliobooks.pl\\\/en\\\/shop\\\/\"},{\"@type\":\"ListItem\",\"position\":3,\"name\":\"Orient Express. The Story of a Legend\"}]},{\"@type\":\"WebSite\",\"@id\":\"https:\\\/\\\/foliobooks.pl\\\/en\\\/#website\",\"url\":\"https:\\\/\\\/foliobooks.pl\\\/en\\\/\",\"name\":\"Folio\",\"description\":\"Ksi\u0119garnia internetowa\",\"potentialAction\":[{\"@type\":\"SearchAction\",\"target\":{\"@type\":\"EntryPoint\",\"urlTemplate\":\"https:\\\/\\\/foliobooks.pl\\\/en\\\/?s={search_term_string}\"},\"query-input\":{\"@type\":\"PropertyValueSpecification\",\"valueRequired\":true,\"valueName\":\"search_term_string\"}}],\"inLanguage\":\"en-US\"}]}<\/script>\n<!-- \/ Yoast SEO plugin. -->","yoast_head_json":{"title":"Orient Express. The Story of a Legend (Benjamin Chelly) - book \/ album - Folio","description":"Wejd\u017a i kup ksi\u0105\u017ck\u0119 Orient Express. The Story of a Legend autorstwa Benjamin Chelly wydan\u0105 przez ACC Art Books (2019-09-17) w formacie 24 x 29 cm (ISBN: 9781851499151). Zapraszamy!","robots":{"index":"index","follow":"follow","max-snippet":"max-snippet:-1","max-image-preview":"max-image-preview:large","max-video-preview":"max-video-preview:-1"},"canonical":"https:\/\/foliobooks.pl\/en\/shop\/orient-express-the-story-of-a-legend\/","og_locale":"en_US","og_type":"article","og_title":"Orient Express. The Story of a Legend (Benjamin Chelly) - book \/ album - Folio","og_description":"Wejd\u017a i kup ksi\u0105\u017ck\u0119 Orient Express. The Story of a Legend autorstwa Benjamin Chelly wydan\u0105 przez ACC Art Books (2019-09-17) w formacie 24 x 29 cm (ISBN: 9781851499151). Zapraszamy!","og_url":"https:\/\/foliobooks.pl\/en\/shop\/orient-express-the-story-of-a-legend\/","og_site_name":"Folio","article_modified_time":"2023-08-16T10:14:17+00:00","og_image":[{"width":570,"height":708,"url":"https:\/\/foliobooks.pl\/wp-content\/uploads\/2021\/07\/9781851499151.png","type":"image\/png"}],"twitter_card":"summary_large_image","twitter_misc":{"Est. reading time":"1 minute"},"schema":{"@context":"https:\/\/schema.org","@graph":[{"@type":"WebPage","@id":"https:\/\/foliobooks.pl\/en\/shop\/orient-express-the-story-of-a-legend\/","url":"https:\/\/foliobooks.pl\/en\/shop\/orient-express-the-story-of-a-legend\/","name":"Orient Express. The Story of a Legend (Benjamin Chelly) - book \/ album - Folio","isPartOf":{"@id":"https:\/\/foliobooks.pl\/en\/#website"},"primaryImageOfPage":{"@id":"https:\/\/foliobooks.pl\/en\/shop\/orient-express-the-story-of-a-legend\/#primaryimage"},"image":{"@id":"https:\/\/foliobooks.pl\/en\/shop\/orient-express-the-story-of-a-legend\/#primaryimage"},"thumbnailUrl":"https:\/\/foliobooks.pl\/wp-content\/uploads\/2021\/07\/9781851499151.png","datePublished":"2021-07-20T14:34:14+00:00","dateModified":"2023-08-16T10:14:17+00:00","description":"Wejd\u017a i kup ksi\u0105\u017ck\u0119 Orient Express. The Story of a Legend autorstwa Benjamin Chelly wydan\u0105 przez ACC Art Books (2019-09-17) w formacie 24 x 29 cm (ISBN: 9781851499151). Zapraszamy!","breadcrumb":{"@id":"https:\/\/foliobooks.pl\/en\/shop\/orient-express-the-story-of-a-legend\/#breadcrumb"},"inLanguage":"en-US","potentialAction":[{"@type":"ReadAction","target":["https:\/\/foliobooks.pl\/en\/shop\/orient-express-the-story-of-a-legend\/"]}]},{"@type":"ImageObject","inLanguage":"en-US","@id":"https:\/\/foliobooks.pl\/en\/shop\/orient-express-the-story-of-a-legend\/#primaryimage","url":"https:\/\/foliobooks.pl\/wp-content\/uploads\/2021\/07\/9781851499151.png","contentUrl":"https:\/\/foliobooks.pl\/wp-content\/uploads\/2021\/07\/9781851499151.png","width":570,"height":708},{"@type":"BreadcrumbList","@id":"https:\/\/foliobooks.pl\/en\/shop\/orient-express-the-story-of-a-legend\/#breadcrumb","itemListElement":[{"@type":"ListItem","position":1,"name":"Strona g\u0142\u00f3wna","item":"https:\/\/foliobooks.pl\/en\/"},{"@type":"ListItem","position":2,"name":"Shop","item":"https:\/\/foliobooks.pl\/en\/shop\/"},{"@type":"ListItem","position":3,"name":"Orient Express. The Story of a Legend"}]},{"@type":"WebSite","@id":"https:\/\/foliobooks.pl\/en\/#website","url":"https:\/\/foliobooks.pl\/en\/","name":"Folio","description":"Ksi\u0119garnia internetowa","potentialAction":[{"@type":"SearchAction","target":{"@type":"EntryPoint","urlTemplate":"https:\/\/foliobooks.pl\/en\/?s={search_term_string}"},"query-input":{"@type":"PropertyValueSpecification","valueRequired":true,"valueName":"search_term_string"}}],"inLanguage":"en-US"}]}},"_links":{"self":[{"href":"https:\/\/foliobooks.pl\/en\/wp-json\/wp\/v2\/product\/56120","targetHints":{"allow":["GET"]}}],"collection":[{"href":"https:\/\/foliobooks.pl\/en\/wp-json\/wp\/v2\/product"}],"about":[{"href":"https:\/\/foliobooks.pl\/en\/wp-json\/wp\/v2\/types\/product"}],"replies":[{"embeddable":true,"href":"https:\/\/foliobooks.pl\/en\/wp-json\/wp\/v2\/comments?post=56120"}],"wp:featuredmedia":[{"embeddable":true,"href":"https:\/\/foliobooks.pl\/en\/wp-json\/wp\/v2\/media\/56118"}],"wp:attachment":[{"href":"https:\/\/foliobooks.pl\/en\/wp-json\/wp\/v2\/media?parent=56120"}],"wp:term":[{"taxonomy":"product_brand","embeddable":true,"href":"https:\/\/foliobooks.pl\/en\/wp-json\/wp\/v2\/product_brand?post=56120"},{"taxonomy":"product_cat","embeddable":true,"href":"https:\/\/foliobooks.pl\/en\/wp-json\/wp\/v2\/product_cat?post=56120"},{"taxonomy":"product_tag","embeddable":true,"href":"https:\/\/foliobooks.pl\/en\/wp-json\/wp\/v2\/product_tag?post=56120"}],"curies":[{"name":"wp","href":"https:\/\/api.w.org\/{rel}","templated":true}]}}