{"id":55806,"date":"2021-07-13T13:01:24","date_gmt":"2021-07-13T11:01:24","guid":{"rendered":"https:\/\/foliobooks.pl\/sklep\/gray-malin-the-essential-collection\/"},"modified":"2025-09-17T17:30:41","modified_gmt":"2025-09-17T15:30:41","slug":"gray-malin-the-essential-collection","status":"publish","type":"product","link":"https:\/\/foliobooks.pl\/en\/shop\/gray-malin-the-essential-collection\/","title":{"rendered":"Gray Malin. The Essential Collection"},"content":{"rendered":"<p>A colorful journey through the first decade of Gray Malin\u2019s vibrant photography career<\/p>\n<p>Gray Malin: The Essential Collection celebrates the first decade of work from bestselling photographer Gray Malin. This new collection features beloved images from his most iconic shoots, as well as new material that has never been seen or published. Journey high above Manhattan\u2019s skyline, return to the sunny beaches of Positano, and take a stroll through the Parker Palm Springs with Malin\u2019s unforgettable four-legged hosts. With vibrant imagery from all seven continents and stories of how each collection was made, this stunning volume will invite you into the colorful world of Gray Malin and help make every day a getaway.<\/p>\n","protected":false},"excerpt":{"rendered":"<p>A colorful journey through the first decade of Gray Malin\u2019s vibrant photography career Gray Malin: The Essential Collection celebrates the first decade of work from bestselling photographer Gray Malin. This new collection features beloved images from his most iconic shoots, as well as new material that has never been seen or published. Journey high above&#8230;<\/p>\n","protected":false},"featured_media":55793,"comment_status":"closed","ping_status":"closed","template":"","meta":[],"product_brand":[],"product_cat":[13533,4517],"product_tag":[11529,154,6632,6121],"class_list":{"0":"post-55806","1":"product","2":"type-product","3":"status-publish","4":"has-post-thumbnail","6":"product_cat-books","7":"product_cat-photography-en","8":"product_tag-documentary-photography-en","9":"product_tag-monographs","10":"product_tag-photographers","11":"product_tag-photography","12":"pa_author_att-gray-malin-en","13":"pa_cover-hardcover","14":"pa_format-298-x-436-cm-en","15":"pa_isbn-9781419750267-en","16":"pa_language-eng","17":"pa_pages-352-en","18":"pa_published-2021-05-04-en","19":"pa_publisher-abrams-en","21":"first","22":"instock","23":"sale","24":"sold-individually","25":"shipping-taxable","26":"purchasable","27":"product-type-simple"},"yoast_head":"<!-- This site is optimized with the Yoast SEO plugin v27.4 - https:\/\/yoast.com\/product\/yoast-seo-wordpress\/ -->\n<title>Gray Malin. The Essential Collection (Gray Malin) - book \/ album - Folio<\/title>\n<meta name=\"description\" content=\"Wejd\u017a i kup ksi\u0105\u017ck\u0119 Gray Malin. The Essential Collection autorstwa Gray Malin wydan\u0105 przez ABRAMS (2021-05-04) w formacie 29,8 x 43,6 cm (ISBN: 9781419750267). Zapraszamy!\" \/>\n<meta name=\"robots\" content=\"index, follow, max-snippet:-1, max-image-preview:large, max-video-preview:-1\" \/>\n<link rel=\"canonical\" href=\"https:\/\/foliobooks.pl\/en\/shop\/gray-malin-the-essential-collection\/\" \/>\n<meta property=\"og:locale\" content=\"en_US\" \/>\n<meta property=\"og:type\" content=\"article\" \/>\n<meta property=\"og:title\" content=\"Gray Malin. The Essential Collection (Gray Malin) - book \/ album - Folio\" \/>\n<meta property=\"og:description\" content=\"Wejd\u017a i kup ksi\u0105\u017ck\u0119 Gray Malin. The Essential Collection autorstwa Gray Malin wydan\u0105 przez ABRAMS (2021-05-04) w formacie 29,8 x 43,6 cm (ISBN: 9781419750267). Zapraszamy!\" \/>\n<meta property=\"og:url\" content=\"https:\/\/foliobooks.pl\/en\/shop\/gray-malin-the-essential-collection\/\" \/>\n<meta property=\"og:site_name\" content=\"Folio\" \/>\n<meta property=\"article:modified_time\" content=\"2025-09-17T15:30:41+00:00\" \/>\n<meta property=\"og:image\" content=\"https:\/\/foliobooks.pl\/wp-content\/uploads\/2021\/07\/9781419750267.png\" \/>\n\t<meta property=\"og:image:width\" content=\"570\" \/>\n\t<meta property=\"og:image:height\" content=\"708\" \/>\n\t<meta property=\"og:image:type\" content=\"image\/png\" \/>\n<meta name=\"twitter:card\" content=\"summary_large_image\" \/>\n<meta name=\"twitter:label1\" content=\"Est. reading time\" \/>\n\t<meta name=\"twitter:data1\" content=\"1 minute\" \/>\n<script type=\"application\/ld+json\" class=\"yoast-schema-graph\">{\"@context\":\"https:\\\/\\\/schema.org\",\"@graph\":[{\"@type\":\"WebPage\",\"@id\":\"https:\\\/\\\/foliobooks.pl\\\/en\\\/shop\\\/gray-malin-the-essential-collection\\\/\",\"url\":\"https:\\\/\\\/foliobooks.pl\\\/en\\\/shop\\\/gray-malin-the-essential-collection\\\/\",\"name\":\"Gray Malin. The Essential Collection (Gray Malin) - book \\\/ album - Folio\",\"isPartOf\":{\"@id\":\"https:\\\/\\\/foliobooks.pl\\\/en\\\/#website\"},\"primaryImageOfPage\":{\"@id\":\"https:\\\/\\\/foliobooks.pl\\\/en\\\/shop\\\/gray-malin-the-essential-collection\\\/#primaryimage\"},\"image\":{\"@id\":\"https:\\\/\\\/foliobooks.pl\\\/en\\\/shop\\\/gray-malin-the-essential-collection\\\/#primaryimage\"},\"thumbnailUrl\":\"https:\\\/\\\/foliobooks.pl\\\/wp-content\\\/uploads\\\/2021\\\/07\\\/9781419750267.png\",\"datePublished\":\"2021-07-13T11:01:24+00:00\",\"dateModified\":\"2025-09-17T15:30:41+00:00\",\"description\":\"Wejd\u017a i kup ksi\u0105\u017ck\u0119 Gray Malin. The Essential Collection autorstwa Gray Malin wydan\u0105 przez ABRAMS (2021-05-04) w formacie 29,8 x 43,6 cm (ISBN: 9781419750267). Zapraszamy!\",\"breadcrumb\":{\"@id\":\"https:\\\/\\\/foliobooks.pl\\\/en\\\/shop\\\/gray-malin-the-essential-collection\\\/#breadcrumb\"},\"inLanguage\":\"en-US\",\"potentialAction\":[{\"@type\":\"ReadAction\",\"target\":[\"https:\\\/\\\/foliobooks.pl\\\/en\\\/shop\\\/gray-malin-the-essential-collection\\\/\"]}]},{\"@type\":\"ImageObject\",\"inLanguage\":\"en-US\",\"@id\":\"https:\\\/\\\/foliobooks.pl\\\/en\\\/shop\\\/gray-malin-the-essential-collection\\\/#primaryimage\",\"url\":\"https:\\\/\\\/foliobooks.pl\\\/wp-content\\\/uploads\\\/2021\\\/07\\\/9781419750267.png\",\"contentUrl\":\"https:\\\/\\\/foliobooks.pl\\\/wp-content\\\/uploads\\\/2021\\\/07\\\/9781419750267.png\",\"width\":570,\"height\":708},{\"@type\":\"BreadcrumbList\",\"@id\":\"https:\\\/\\\/foliobooks.pl\\\/en\\\/shop\\\/gray-malin-the-essential-collection\\\/#breadcrumb\",\"itemListElement\":[{\"@type\":\"ListItem\",\"position\":1,\"name\":\"Strona g\u0142\u00f3wna\",\"item\":\"https:\\\/\\\/foliobooks.pl\\\/en\\\/\"},{\"@type\":\"ListItem\",\"position\":2,\"name\":\"Shop\",\"item\":\"https:\\\/\\\/foliobooks.pl\\\/en\\\/shop\\\/\"},{\"@type\":\"ListItem\",\"position\":3,\"name\":\"Gray Malin. The Essential Collection\"}]},{\"@type\":\"WebSite\",\"@id\":\"https:\\\/\\\/foliobooks.pl\\\/en\\\/#website\",\"url\":\"https:\\\/\\\/foliobooks.pl\\\/en\\\/\",\"name\":\"Folio\",\"description\":\"Ksi\u0119garnia internetowa\",\"potentialAction\":[{\"@type\":\"SearchAction\",\"target\":{\"@type\":\"EntryPoint\",\"urlTemplate\":\"https:\\\/\\\/foliobooks.pl\\\/en\\\/?s={search_term_string}\"},\"query-input\":{\"@type\":\"PropertyValueSpecification\",\"valueRequired\":true,\"valueName\":\"search_term_string\"}}],\"inLanguage\":\"en-US\"}]}<\/script>\n<!-- \/ Yoast SEO plugin. -->","yoast_head_json":{"title":"Gray Malin. The Essential Collection (Gray Malin) - book \/ album - Folio","description":"Wejd\u017a i kup ksi\u0105\u017ck\u0119 Gray Malin. The Essential Collection autorstwa Gray Malin wydan\u0105 przez ABRAMS (2021-05-04) w formacie 29,8 x 43,6 cm (ISBN: 9781419750267). Zapraszamy!","robots":{"index":"index","follow":"follow","max-snippet":"max-snippet:-1","max-image-preview":"max-image-preview:large","max-video-preview":"max-video-preview:-1"},"canonical":"https:\/\/foliobooks.pl\/en\/shop\/gray-malin-the-essential-collection\/","og_locale":"en_US","og_type":"article","og_title":"Gray Malin. The Essential Collection (Gray Malin) - book \/ album - Folio","og_description":"Wejd\u017a i kup ksi\u0105\u017ck\u0119 Gray Malin. The Essential Collection autorstwa Gray Malin wydan\u0105 przez ABRAMS (2021-05-04) w formacie 29,8 x 43,6 cm (ISBN: 9781419750267). Zapraszamy!","og_url":"https:\/\/foliobooks.pl\/en\/shop\/gray-malin-the-essential-collection\/","og_site_name":"Folio","article_modified_time":"2025-09-17T15:30:41+00:00","og_image":[{"width":570,"height":708,"url":"https:\/\/foliobooks.pl\/wp-content\/uploads\/2021\/07\/9781419750267.png","type":"image\/png"}],"twitter_card":"summary_large_image","twitter_misc":{"Est. reading time":"1 minute"},"schema":{"@context":"https:\/\/schema.org","@graph":[{"@type":"WebPage","@id":"https:\/\/foliobooks.pl\/en\/shop\/gray-malin-the-essential-collection\/","url":"https:\/\/foliobooks.pl\/en\/shop\/gray-malin-the-essential-collection\/","name":"Gray Malin. The Essential Collection (Gray Malin) - book \/ album - Folio","isPartOf":{"@id":"https:\/\/foliobooks.pl\/en\/#website"},"primaryImageOfPage":{"@id":"https:\/\/foliobooks.pl\/en\/shop\/gray-malin-the-essential-collection\/#primaryimage"},"image":{"@id":"https:\/\/foliobooks.pl\/en\/shop\/gray-malin-the-essential-collection\/#primaryimage"},"thumbnailUrl":"https:\/\/foliobooks.pl\/wp-content\/uploads\/2021\/07\/9781419750267.png","datePublished":"2021-07-13T11:01:24+00:00","dateModified":"2025-09-17T15:30:41+00:00","description":"Wejd\u017a i kup ksi\u0105\u017ck\u0119 Gray Malin. The Essential Collection autorstwa Gray Malin wydan\u0105 przez ABRAMS (2021-05-04) w formacie 29,8 x 43,6 cm (ISBN: 9781419750267). Zapraszamy!","breadcrumb":{"@id":"https:\/\/foliobooks.pl\/en\/shop\/gray-malin-the-essential-collection\/#breadcrumb"},"inLanguage":"en-US","potentialAction":[{"@type":"ReadAction","target":["https:\/\/foliobooks.pl\/en\/shop\/gray-malin-the-essential-collection\/"]}]},{"@type":"ImageObject","inLanguage":"en-US","@id":"https:\/\/foliobooks.pl\/en\/shop\/gray-malin-the-essential-collection\/#primaryimage","url":"https:\/\/foliobooks.pl\/wp-content\/uploads\/2021\/07\/9781419750267.png","contentUrl":"https:\/\/foliobooks.pl\/wp-content\/uploads\/2021\/07\/9781419750267.png","width":570,"height":708},{"@type":"BreadcrumbList","@id":"https:\/\/foliobooks.pl\/en\/shop\/gray-malin-the-essential-collection\/#breadcrumb","itemListElement":[{"@type":"ListItem","position":1,"name":"Strona g\u0142\u00f3wna","item":"https:\/\/foliobooks.pl\/en\/"},{"@type":"ListItem","position":2,"name":"Shop","item":"https:\/\/foliobooks.pl\/en\/shop\/"},{"@type":"ListItem","position":3,"name":"Gray Malin. The Essential Collection"}]},{"@type":"WebSite","@id":"https:\/\/foliobooks.pl\/en\/#website","url":"https:\/\/foliobooks.pl\/en\/","name":"Folio","description":"Ksi\u0119garnia internetowa","potentialAction":[{"@type":"SearchAction","target":{"@type":"EntryPoint","urlTemplate":"https:\/\/foliobooks.pl\/en\/?s={search_term_string}"},"query-input":{"@type":"PropertyValueSpecification","valueRequired":true,"valueName":"search_term_string"}}],"inLanguage":"en-US"}]}},"_links":{"self":[{"href":"https:\/\/foliobooks.pl\/en\/wp-json\/wp\/v2\/product\/55806","targetHints":{"allow":["GET"]}}],"collection":[{"href":"https:\/\/foliobooks.pl\/en\/wp-json\/wp\/v2\/product"}],"about":[{"href":"https:\/\/foliobooks.pl\/en\/wp-json\/wp\/v2\/types\/product"}],"replies":[{"embeddable":true,"href":"https:\/\/foliobooks.pl\/en\/wp-json\/wp\/v2\/comments?post=55806"}],"wp:featuredmedia":[{"embeddable":true,"href":"https:\/\/foliobooks.pl\/en\/wp-json\/wp\/v2\/media\/55793"}],"wp:attachment":[{"href":"https:\/\/foliobooks.pl\/en\/wp-json\/wp\/v2\/media?parent=55806"}],"wp:term":[{"taxonomy":"product_brand","embeddable":true,"href":"https:\/\/foliobooks.pl\/en\/wp-json\/wp\/v2\/product_brand?post=55806"},{"taxonomy":"product_cat","embeddable":true,"href":"https:\/\/foliobooks.pl\/en\/wp-json\/wp\/v2\/product_cat?post=55806"},{"taxonomy":"product_tag","embeddable":true,"href":"https:\/\/foliobooks.pl\/en\/wp-json\/wp\/v2\/product_tag?post=55806"}],"curies":[{"name":"wp","href":"https:\/\/api.w.org\/{rel}","templated":true}]}}