{"id":55481,"date":"2021-05-18T14:42:33","date_gmt":"2021-05-18T12:42:33","guid":{"rendered":"https:\/\/foliobooks.pl\/?post_type=product&#038;p=55481"},"modified":"2021-05-18T14:42:39","modified_gmt":"2021-05-18T12:42:39","slug":"marc-hom-profiles","status":"publish","type":"product","link":"https:\/\/foliobooks.pl\/en\/shop\/marc-hom-profiles\/","title":{"rendered":"Marc Hom. Profiles"},"content":{"rendered":"<p>My new book, &#8220;Profiles,&#8221; is a collection of portraits taken over the last six to eight years, including exceptional profiles of creatives in the arts and cinema, plus meaningful images of family and friends. The images originate from editorial assignments and personal sittings, and are a reflection on my fascination with the person and their innate beauty and character. (Marc Hom New York, April 13th, 2016)<\/p>\n","protected":false},"excerpt":{"rendered":"<p>My new book, &#8220;Profiles,&#8221; is a collection of portraits taken over the last six to eight years, including exceptional profiles of creatives in the arts and cinema, plus meaningful images of family and friends. The images originate from editorial assignments and personal sittings, and are a reflection on my fascination with the person and their&#8230;<\/p>\n","protected":false},"featured_media":55489,"comment_status":"closed","ping_status":"closed","template":"","meta":[],"product_brand":[],"product_cat":[13533,4517],"product_tag":[154,6121,1066],"class_list":{"0":"post-55481","1":"product","2":"type-product","3":"status-publish","4":"has-post-thumbnail","6":"product_cat-books","7":"product_cat-photography-en","8":"product_tag-monographs","9":"product_tag-photography","10":"product_tag-portraits-en","11":"pa_author_att-marc-hom-en","12":"pa_cover-hardcover-slipcase","13":"pa_format-275-x-34-cm-en","14":"pa_isbn-9783832734824-en","15":"pa_language-eng","16":"pa_pages-192-en","17":"pa_published-2016-04-30-en","18":"pa_publisher-teneues-en","20":"first","21":"instock","22":"sold-individually","23":"shipping-taxable","24":"purchasable","25":"product-type-simple"},"yoast_head":"<!-- This site is optimized with the Yoast SEO plugin v27.4 - https:\/\/yoast.com\/product\/yoast-seo-wordpress\/ -->\n<title>Marc Hom. Profiles (Marc Hom) - book \/ album - Folio<\/title>\n<meta name=\"description\" content=\"Wejd\u017a i kup ksi\u0105\u017ck\u0119 Marc Hom. Profiles autorstwa Marc Hom wydan\u0105 przez teNeues (2016-04-30) w formacie 27,5 x 34 cm (ISBN: 9783832734824). Zapraszamy!\" \/>\n<meta name=\"robots\" content=\"index, follow, max-snippet:-1, max-image-preview:large, max-video-preview:-1\" \/>\n<link rel=\"canonical\" href=\"https:\/\/foliobooks.pl\/en\/shop\/marc-hom-profiles\/\" \/>\n<meta property=\"og:locale\" content=\"en_US\" \/>\n<meta property=\"og:type\" content=\"article\" \/>\n<meta property=\"og:title\" content=\"Marc Hom. Profiles (Marc Hom) - book \/ album - Folio\" \/>\n<meta property=\"og:description\" content=\"Wejd\u017a i kup ksi\u0105\u017ck\u0119 Marc Hom. Profiles autorstwa Marc Hom wydan\u0105 przez teNeues (2016-04-30) w formacie 27,5 x 34 cm (ISBN: 9783832734824). Zapraszamy!\" \/>\n<meta property=\"og:url\" content=\"https:\/\/foliobooks.pl\/en\/shop\/marc-hom-profiles\/\" \/>\n<meta property=\"og:site_name\" content=\"Folio\" \/>\n<meta property=\"article:modified_time\" content=\"2021-05-18T12:42:39+00:00\" \/>\n<meta property=\"og:image\" content=\"https:\/\/foliobooks.pl\/wp-content\/uploads\/2021\/05\/9783832734824.png\" \/>\n\t<meta property=\"og:image:width\" content=\"570\" \/>\n\t<meta property=\"og:image:height\" content=\"708\" \/>\n\t<meta property=\"og:image:type\" content=\"image\/png\" \/>\n<meta name=\"twitter:card\" content=\"summary_large_image\" \/>\n<meta name=\"twitter:label1\" content=\"Est. reading time\" \/>\n\t<meta name=\"twitter:data1\" content=\"1 minute\" \/>\n<script type=\"application\/ld+json\" class=\"yoast-schema-graph\">{\"@context\":\"https:\\\/\\\/schema.org\",\"@graph\":[{\"@type\":\"WebPage\",\"@id\":\"https:\\\/\\\/foliobooks.pl\\\/en\\\/shop\\\/marc-hom-profiles\\\/\",\"url\":\"https:\\\/\\\/foliobooks.pl\\\/en\\\/shop\\\/marc-hom-profiles\\\/\",\"name\":\"Marc Hom. Profiles (Marc Hom) - book \\\/ album - Folio\",\"isPartOf\":{\"@id\":\"https:\\\/\\\/foliobooks.pl\\\/en\\\/#website\"},\"primaryImageOfPage\":{\"@id\":\"https:\\\/\\\/foliobooks.pl\\\/en\\\/shop\\\/marc-hom-profiles\\\/#primaryimage\"},\"image\":{\"@id\":\"https:\\\/\\\/foliobooks.pl\\\/en\\\/shop\\\/marc-hom-profiles\\\/#primaryimage\"},\"thumbnailUrl\":\"https:\\\/\\\/foliobooks.pl\\\/wp-content\\\/uploads\\\/2021\\\/05\\\/9783832734824.png\",\"datePublished\":\"2021-05-18T12:42:33+00:00\",\"dateModified\":\"2021-05-18T12:42:39+00:00\",\"description\":\"Wejd\u017a i kup ksi\u0105\u017ck\u0119 Marc Hom. Profiles autorstwa Marc Hom wydan\u0105 przez teNeues (2016-04-30) w formacie 27,5 x 34 cm (ISBN: 9783832734824). Zapraszamy!\",\"breadcrumb\":{\"@id\":\"https:\\\/\\\/foliobooks.pl\\\/en\\\/shop\\\/marc-hom-profiles\\\/#breadcrumb\"},\"inLanguage\":\"en-US\",\"potentialAction\":[{\"@type\":\"ReadAction\",\"target\":[\"https:\\\/\\\/foliobooks.pl\\\/en\\\/shop\\\/marc-hom-profiles\\\/\"]}]},{\"@type\":\"ImageObject\",\"inLanguage\":\"en-US\",\"@id\":\"https:\\\/\\\/foliobooks.pl\\\/en\\\/shop\\\/marc-hom-profiles\\\/#primaryimage\",\"url\":\"https:\\\/\\\/foliobooks.pl\\\/wp-content\\\/uploads\\\/2021\\\/05\\\/9783832734824.png\",\"contentUrl\":\"https:\\\/\\\/foliobooks.pl\\\/wp-content\\\/uploads\\\/2021\\\/05\\\/9783832734824.png\",\"width\":570,\"height\":708},{\"@type\":\"BreadcrumbList\",\"@id\":\"https:\\\/\\\/foliobooks.pl\\\/en\\\/shop\\\/marc-hom-profiles\\\/#breadcrumb\",\"itemListElement\":[{\"@type\":\"ListItem\",\"position\":1,\"name\":\"Strona g\u0142\u00f3wna\",\"item\":\"https:\\\/\\\/foliobooks.pl\\\/en\\\/\"},{\"@type\":\"ListItem\",\"position\":2,\"name\":\"Shop\",\"item\":\"https:\\\/\\\/foliobooks.pl\\\/en\\\/shop\\\/\"},{\"@type\":\"ListItem\",\"position\":3,\"name\":\"Marc Hom. Profiles\"}]},{\"@type\":\"WebSite\",\"@id\":\"https:\\\/\\\/foliobooks.pl\\\/en\\\/#website\",\"url\":\"https:\\\/\\\/foliobooks.pl\\\/en\\\/\",\"name\":\"Folio\",\"description\":\"Ksi\u0119garnia internetowa\",\"potentialAction\":[{\"@type\":\"SearchAction\",\"target\":{\"@type\":\"EntryPoint\",\"urlTemplate\":\"https:\\\/\\\/foliobooks.pl\\\/en\\\/?s={search_term_string}\"},\"query-input\":{\"@type\":\"PropertyValueSpecification\",\"valueRequired\":true,\"valueName\":\"search_term_string\"}}],\"inLanguage\":\"en-US\"}]}<\/script>\n<!-- \/ Yoast SEO plugin. -->","yoast_head_json":{"title":"Marc Hom. Profiles (Marc Hom) - book \/ album - Folio","description":"Wejd\u017a i kup ksi\u0105\u017ck\u0119 Marc Hom. Profiles autorstwa Marc Hom wydan\u0105 przez teNeues (2016-04-30) w formacie 27,5 x 34 cm (ISBN: 9783832734824). Zapraszamy!","robots":{"index":"index","follow":"follow","max-snippet":"max-snippet:-1","max-image-preview":"max-image-preview:large","max-video-preview":"max-video-preview:-1"},"canonical":"https:\/\/foliobooks.pl\/en\/shop\/marc-hom-profiles\/","og_locale":"en_US","og_type":"article","og_title":"Marc Hom. Profiles (Marc Hom) - book \/ album - Folio","og_description":"Wejd\u017a i kup ksi\u0105\u017ck\u0119 Marc Hom. Profiles autorstwa Marc Hom wydan\u0105 przez teNeues (2016-04-30) w formacie 27,5 x 34 cm (ISBN: 9783832734824). Zapraszamy!","og_url":"https:\/\/foliobooks.pl\/en\/shop\/marc-hom-profiles\/","og_site_name":"Folio","article_modified_time":"2021-05-18T12:42:39+00:00","og_image":[{"width":570,"height":708,"url":"https:\/\/foliobooks.pl\/wp-content\/uploads\/2021\/05\/9783832734824.png","type":"image\/png"}],"twitter_card":"summary_large_image","twitter_misc":{"Est. reading time":"1 minute"},"schema":{"@context":"https:\/\/schema.org","@graph":[{"@type":"WebPage","@id":"https:\/\/foliobooks.pl\/en\/shop\/marc-hom-profiles\/","url":"https:\/\/foliobooks.pl\/en\/shop\/marc-hom-profiles\/","name":"Marc Hom. Profiles (Marc Hom) - book \/ album - Folio","isPartOf":{"@id":"https:\/\/foliobooks.pl\/en\/#website"},"primaryImageOfPage":{"@id":"https:\/\/foliobooks.pl\/en\/shop\/marc-hom-profiles\/#primaryimage"},"image":{"@id":"https:\/\/foliobooks.pl\/en\/shop\/marc-hom-profiles\/#primaryimage"},"thumbnailUrl":"https:\/\/foliobooks.pl\/wp-content\/uploads\/2021\/05\/9783832734824.png","datePublished":"2021-05-18T12:42:33+00:00","dateModified":"2021-05-18T12:42:39+00:00","description":"Wejd\u017a i kup ksi\u0105\u017ck\u0119 Marc Hom. Profiles autorstwa Marc Hom wydan\u0105 przez teNeues (2016-04-30) w formacie 27,5 x 34 cm (ISBN: 9783832734824). Zapraszamy!","breadcrumb":{"@id":"https:\/\/foliobooks.pl\/en\/shop\/marc-hom-profiles\/#breadcrumb"},"inLanguage":"en-US","potentialAction":[{"@type":"ReadAction","target":["https:\/\/foliobooks.pl\/en\/shop\/marc-hom-profiles\/"]}]},{"@type":"ImageObject","inLanguage":"en-US","@id":"https:\/\/foliobooks.pl\/en\/shop\/marc-hom-profiles\/#primaryimage","url":"https:\/\/foliobooks.pl\/wp-content\/uploads\/2021\/05\/9783832734824.png","contentUrl":"https:\/\/foliobooks.pl\/wp-content\/uploads\/2021\/05\/9783832734824.png","width":570,"height":708},{"@type":"BreadcrumbList","@id":"https:\/\/foliobooks.pl\/en\/shop\/marc-hom-profiles\/#breadcrumb","itemListElement":[{"@type":"ListItem","position":1,"name":"Strona g\u0142\u00f3wna","item":"https:\/\/foliobooks.pl\/en\/"},{"@type":"ListItem","position":2,"name":"Shop","item":"https:\/\/foliobooks.pl\/en\/shop\/"},{"@type":"ListItem","position":3,"name":"Marc Hom. Profiles"}]},{"@type":"WebSite","@id":"https:\/\/foliobooks.pl\/en\/#website","url":"https:\/\/foliobooks.pl\/en\/","name":"Folio","description":"Ksi\u0119garnia internetowa","potentialAction":[{"@type":"SearchAction","target":{"@type":"EntryPoint","urlTemplate":"https:\/\/foliobooks.pl\/en\/?s={search_term_string}"},"query-input":{"@type":"PropertyValueSpecification","valueRequired":true,"valueName":"search_term_string"}}],"inLanguage":"en-US"}]}},"_links":{"self":[{"href":"https:\/\/foliobooks.pl\/en\/wp-json\/wp\/v2\/product\/55481","targetHints":{"allow":["GET"]}}],"collection":[{"href":"https:\/\/foliobooks.pl\/en\/wp-json\/wp\/v2\/product"}],"about":[{"href":"https:\/\/foliobooks.pl\/en\/wp-json\/wp\/v2\/types\/product"}],"replies":[{"embeddable":true,"href":"https:\/\/foliobooks.pl\/en\/wp-json\/wp\/v2\/comments?post=55481"}],"wp:featuredmedia":[{"embeddable":true,"href":"https:\/\/foliobooks.pl\/en\/wp-json\/wp\/v2\/media\/55489"}],"wp:attachment":[{"href":"https:\/\/foliobooks.pl\/en\/wp-json\/wp\/v2\/media?parent=55481"}],"wp:term":[{"taxonomy":"product_brand","embeddable":true,"href":"https:\/\/foliobooks.pl\/en\/wp-json\/wp\/v2\/product_brand?post=55481"},{"taxonomy":"product_cat","embeddable":true,"href":"https:\/\/foliobooks.pl\/en\/wp-json\/wp\/v2\/product_cat?post=55481"},{"taxonomy":"product_tag","embeddable":true,"href":"https:\/\/foliobooks.pl\/en\/wp-json\/wp\/v2\/product_tag?post=55481"}],"curies":[{"name":"wp","href":"https:\/\/api.w.org\/{rel}","templated":true}]}}