{"id":55395,"date":"2021-05-18T13:56:33","date_gmt":"2021-05-18T11:56:33","guid":{"rendered":"https:\/\/foliobooks.pl\/?post_type=product&#038;p=55395"},"modified":"2021-05-27T11:09:20","modified_gmt":"2021-05-27T09:09:20","slug":"malakhov","status":"publish","type":"product","link":"https:\/\/foliobooks.pl\/en\/shop\/malakhov\/","title":{"rendered":"Malakhov"},"content":{"rendered":"<p>Vladimir Malakhov &#8211; this widely acclaimed winner of numerous prizes and &#8220;dancer of the century&#8221; delights his public through the rare combination of technical brilliance and lyrical eloquence. His supple, androgynous body combines &#8220;power and purity, flash and elegance, melodrama and eye-bobbling academic precision&#8221; (New York Times) &#8211; when he leaps, gravity seems suspended. Yet he remains driven to achieve great purity in his dance. Dieter Blum has succeeded in capturing the movement of this extraordinary artist in photographs that reflect his purity and simultaneously provide a deep insight into the personality of the ensemble.<\/p>\n<p><strong>Unique signature number: 161<\/strong><\/p>\n","protected":false},"excerpt":{"rendered":"<p>Vladimir Malakhov &#8211; this widely acclaimed winner of numerous prizes and &#8220;dancer of the century&#8221; delights his public through the rare combination of technical brilliance and lyrical eloquence. His supple, androgynous body combines &#8220;power and purity, flash and elegance, melodrama and eye-bobbling academic precision&#8221; (New York Times) &#8211; when he leaps, gravity seems suspended. Yet&#8230;<\/p>\n","protected":false},"featured_media":55413,"comment_status":"closed","ping_status":"closed","template":"","meta":[],"product_brand":[],"product_cat":[13533,4517],"product_tag":[2655],"class_list":{"0":"post-55395","1":"product","2":"type-product","3":"status-publish","4":"has-post-thumbnail","6":"product_cat-books","7":"product_cat-photography-en","8":"product_tag-dance","9":"pa_author_att-dieter-blum-en","10":"pa_cover-hardcover","11":"pa_format-436-x-502-cm-en","12":"pa_isbn-9783833154195-en","13":"pa_language-eng","14":"pa_pages-224-2-en","15":"pa_published-2010-06-25-en","16":"pa_publisher-h-f-ullmann-en","18":"first","19":"instock","20":"sold-individually","21":"shipping-taxable","22":"purchasable","23":"product-type-simple"},"yoast_head":"<!-- This site is optimized with the Yoast SEO plugin v27.4 - https:\/\/yoast.com\/product\/yoast-seo-wordpress\/ -->\n<title>Malakhov (Dieter Blum) - book \/ album - Folio<\/title>\n<meta name=\"description\" content=\"Wejd\u017a i kup ksi\u0105\u017ck\u0119 Malakhov autorstwa Dieter Blum wydan\u0105 przez h.f.ullmann (2010-06-25) w formacie 43,6 x 50,2 cm (ISBN: 9783833154195). Zapraszamy!\" \/>\n<meta name=\"robots\" content=\"index, follow, max-snippet:-1, max-image-preview:large, max-video-preview:-1\" \/>\n<link rel=\"canonical\" href=\"https:\/\/foliobooks.pl\/en\/shop\/malakhov\/\" \/>\n<meta property=\"og:locale\" content=\"en_US\" \/>\n<meta property=\"og:type\" content=\"article\" \/>\n<meta property=\"og:title\" content=\"Malakhov (Dieter Blum) - book \/ album - Folio\" \/>\n<meta property=\"og:description\" content=\"Wejd\u017a i kup ksi\u0105\u017ck\u0119 Malakhov autorstwa Dieter Blum wydan\u0105 przez h.f.ullmann (2010-06-25) w formacie 43,6 x 50,2 cm (ISBN: 9783833154195). Zapraszamy!\" \/>\n<meta property=\"og:url\" content=\"https:\/\/foliobooks.pl\/en\/shop\/malakhov\/\" \/>\n<meta property=\"og:site_name\" content=\"Folio\" \/>\n<meta property=\"article:modified_time\" content=\"2021-05-27T09:09:20+00:00\" \/>\n<meta property=\"og:image\" content=\"https:\/\/foliobooks.pl\/wp-content\/uploads\/2021\/05\/9783833154195.png\" \/>\n\t<meta property=\"og:image:width\" content=\"570\" \/>\n\t<meta property=\"og:image:height\" content=\"708\" \/>\n\t<meta property=\"og:image:type\" content=\"image\/png\" \/>\n<meta name=\"twitter:card\" content=\"summary_large_image\" \/>\n<meta name=\"twitter:label1\" content=\"Est. reading time\" \/>\n\t<meta name=\"twitter:data1\" content=\"1 minute\" \/>\n<script type=\"application\/ld+json\" class=\"yoast-schema-graph\">{\"@context\":\"https:\\\/\\\/schema.org\",\"@graph\":[{\"@type\":\"WebPage\",\"@id\":\"https:\\\/\\\/foliobooks.pl\\\/en\\\/shop\\\/malakhov\\\/\",\"url\":\"https:\\\/\\\/foliobooks.pl\\\/en\\\/shop\\\/malakhov\\\/\",\"name\":\"Malakhov (Dieter Blum) - book \\\/ album - Folio\",\"isPartOf\":{\"@id\":\"https:\\\/\\\/foliobooks.pl\\\/en\\\/#website\"},\"primaryImageOfPage\":{\"@id\":\"https:\\\/\\\/foliobooks.pl\\\/en\\\/shop\\\/malakhov\\\/#primaryimage\"},\"image\":{\"@id\":\"https:\\\/\\\/foliobooks.pl\\\/en\\\/shop\\\/malakhov\\\/#primaryimage\"},\"thumbnailUrl\":\"https:\\\/\\\/foliobooks.pl\\\/wp-content\\\/uploads\\\/2021\\\/05\\\/9783833154195.png\",\"datePublished\":\"2021-05-18T11:56:33+00:00\",\"dateModified\":\"2021-05-27T09:09:20+00:00\",\"description\":\"Wejd\u017a i kup ksi\u0105\u017ck\u0119 Malakhov autorstwa Dieter Blum wydan\u0105 przez h.f.ullmann (2010-06-25) w formacie 43,6 x 50,2 cm (ISBN: 9783833154195). Zapraszamy!\",\"breadcrumb\":{\"@id\":\"https:\\\/\\\/foliobooks.pl\\\/en\\\/shop\\\/malakhov\\\/#breadcrumb\"},\"inLanguage\":\"en-US\",\"potentialAction\":[{\"@type\":\"ReadAction\",\"target\":[\"https:\\\/\\\/foliobooks.pl\\\/en\\\/shop\\\/malakhov\\\/\"]}]},{\"@type\":\"ImageObject\",\"inLanguage\":\"en-US\",\"@id\":\"https:\\\/\\\/foliobooks.pl\\\/en\\\/shop\\\/malakhov\\\/#primaryimage\",\"url\":\"https:\\\/\\\/foliobooks.pl\\\/wp-content\\\/uploads\\\/2021\\\/05\\\/9783833154195.png\",\"contentUrl\":\"https:\\\/\\\/foliobooks.pl\\\/wp-content\\\/uploads\\\/2021\\\/05\\\/9783833154195.png\",\"width\":570,\"height\":708},{\"@type\":\"BreadcrumbList\",\"@id\":\"https:\\\/\\\/foliobooks.pl\\\/en\\\/shop\\\/malakhov\\\/#breadcrumb\",\"itemListElement\":[{\"@type\":\"ListItem\",\"position\":1,\"name\":\"Strona g\u0142\u00f3wna\",\"item\":\"https:\\\/\\\/foliobooks.pl\\\/en\\\/\"},{\"@type\":\"ListItem\",\"position\":2,\"name\":\"Shop\",\"item\":\"https:\\\/\\\/foliobooks.pl\\\/en\\\/shop\\\/\"},{\"@type\":\"ListItem\",\"position\":3,\"name\":\"Malakhov\"}]},{\"@type\":\"WebSite\",\"@id\":\"https:\\\/\\\/foliobooks.pl\\\/en\\\/#website\",\"url\":\"https:\\\/\\\/foliobooks.pl\\\/en\\\/\",\"name\":\"Folio\",\"description\":\"Ksi\u0119garnia internetowa\",\"potentialAction\":[{\"@type\":\"SearchAction\",\"target\":{\"@type\":\"EntryPoint\",\"urlTemplate\":\"https:\\\/\\\/foliobooks.pl\\\/en\\\/?s={search_term_string}\"},\"query-input\":{\"@type\":\"PropertyValueSpecification\",\"valueRequired\":true,\"valueName\":\"search_term_string\"}}],\"inLanguage\":\"en-US\"}]}<\/script>\n<!-- \/ Yoast SEO plugin. -->","yoast_head_json":{"title":"Malakhov (Dieter Blum) - book \/ album - Folio","description":"Wejd\u017a i kup ksi\u0105\u017ck\u0119 Malakhov autorstwa Dieter Blum wydan\u0105 przez h.f.ullmann (2010-06-25) w formacie 43,6 x 50,2 cm (ISBN: 9783833154195). Zapraszamy!","robots":{"index":"index","follow":"follow","max-snippet":"max-snippet:-1","max-image-preview":"max-image-preview:large","max-video-preview":"max-video-preview:-1"},"canonical":"https:\/\/foliobooks.pl\/en\/shop\/malakhov\/","og_locale":"en_US","og_type":"article","og_title":"Malakhov (Dieter Blum) - book \/ album - Folio","og_description":"Wejd\u017a i kup ksi\u0105\u017ck\u0119 Malakhov autorstwa Dieter Blum wydan\u0105 przez h.f.ullmann (2010-06-25) w formacie 43,6 x 50,2 cm (ISBN: 9783833154195). Zapraszamy!","og_url":"https:\/\/foliobooks.pl\/en\/shop\/malakhov\/","og_site_name":"Folio","article_modified_time":"2021-05-27T09:09:20+00:00","og_image":[{"width":570,"height":708,"url":"https:\/\/foliobooks.pl\/wp-content\/uploads\/2021\/05\/9783833154195.png","type":"image\/png"}],"twitter_card":"summary_large_image","twitter_misc":{"Est. reading time":"1 minute"},"schema":{"@context":"https:\/\/schema.org","@graph":[{"@type":"WebPage","@id":"https:\/\/foliobooks.pl\/en\/shop\/malakhov\/","url":"https:\/\/foliobooks.pl\/en\/shop\/malakhov\/","name":"Malakhov (Dieter Blum) - book \/ album - Folio","isPartOf":{"@id":"https:\/\/foliobooks.pl\/en\/#website"},"primaryImageOfPage":{"@id":"https:\/\/foliobooks.pl\/en\/shop\/malakhov\/#primaryimage"},"image":{"@id":"https:\/\/foliobooks.pl\/en\/shop\/malakhov\/#primaryimage"},"thumbnailUrl":"https:\/\/foliobooks.pl\/wp-content\/uploads\/2021\/05\/9783833154195.png","datePublished":"2021-05-18T11:56:33+00:00","dateModified":"2021-05-27T09:09:20+00:00","description":"Wejd\u017a i kup ksi\u0105\u017ck\u0119 Malakhov autorstwa Dieter Blum wydan\u0105 przez h.f.ullmann (2010-06-25) w formacie 43,6 x 50,2 cm (ISBN: 9783833154195). Zapraszamy!","breadcrumb":{"@id":"https:\/\/foliobooks.pl\/en\/shop\/malakhov\/#breadcrumb"},"inLanguage":"en-US","potentialAction":[{"@type":"ReadAction","target":["https:\/\/foliobooks.pl\/en\/shop\/malakhov\/"]}]},{"@type":"ImageObject","inLanguage":"en-US","@id":"https:\/\/foliobooks.pl\/en\/shop\/malakhov\/#primaryimage","url":"https:\/\/foliobooks.pl\/wp-content\/uploads\/2021\/05\/9783833154195.png","contentUrl":"https:\/\/foliobooks.pl\/wp-content\/uploads\/2021\/05\/9783833154195.png","width":570,"height":708},{"@type":"BreadcrumbList","@id":"https:\/\/foliobooks.pl\/en\/shop\/malakhov\/#breadcrumb","itemListElement":[{"@type":"ListItem","position":1,"name":"Strona g\u0142\u00f3wna","item":"https:\/\/foliobooks.pl\/en\/"},{"@type":"ListItem","position":2,"name":"Shop","item":"https:\/\/foliobooks.pl\/en\/shop\/"},{"@type":"ListItem","position":3,"name":"Malakhov"}]},{"@type":"WebSite","@id":"https:\/\/foliobooks.pl\/en\/#website","url":"https:\/\/foliobooks.pl\/en\/","name":"Folio","description":"Ksi\u0119garnia internetowa","potentialAction":[{"@type":"SearchAction","target":{"@type":"EntryPoint","urlTemplate":"https:\/\/foliobooks.pl\/en\/?s={search_term_string}"},"query-input":{"@type":"PropertyValueSpecification","valueRequired":true,"valueName":"search_term_string"}}],"inLanguage":"en-US"}]}},"_links":{"self":[{"href":"https:\/\/foliobooks.pl\/en\/wp-json\/wp\/v2\/product\/55395","targetHints":{"allow":["GET"]}}],"collection":[{"href":"https:\/\/foliobooks.pl\/en\/wp-json\/wp\/v2\/product"}],"about":[{"href":"https:\/\/foliobooks.pl\/en\/wp-json\/wp\/v2\/types\/product"}],"replies":[{"embeddable":true,"href":"https:\/\/foliobooks.pl\/en\/wp-json\/wp\/v2\/comments?post=55395"}],"wp:featuredmedia":[{"embeddable":true,"href":"https:\/\/foliobooks.pl\/en\/wp-json\/wp\/v2\/media\/55413"}],"wp:attachment":[{"href":"https:\/\/foliobooks.pl\/en\/wp-json\/wp\/v2\/media?parent=55395"}],"wp:term":[{"taxonomy":"product_brand","embeddable":true,"href":"https:\/\/foliobooks.pl\/en\/wp-json\/wp\/v2\/product_brand?post=55395"},{"taxonomy":"product_cat","embeddable":true,"href":"https:\/\/foliobooks.pl\/en\/wp-json\/wp\/v2\/product_cat?post=55395"},{"taxonomy":"product_tag","embeddable":true,"href":"https:\/\/foliobooks.pl\/en\/wp-json\/wp\/v2\/product_tag?post=55395"}],"curies":[{"name":"wp","href":"https:\/\/api.w.org\/{rel}","templated":true}]}}