{"id":55367,"date":"2021-05-10T23:35:08","date_gmt":"2021-05-10T21:35:08","guid":{"rendered":"https:\/\/foliobooks.pl\/sklep\/gaudi-the-complete-works-40th-anniversary-edition\/"},"modified":"2024-08-23T13:04:45","modified_gmt":"2024-08-23T11:04:45","slug":"gaudi-the-complete-works-40th-anniversary-edition","status":"publish","type":"product","link":"https:\/\/foliobooks.pl\/en\/shop\/gaudi-the-complete-works-40th-anniversary-edition\/","title":{"rendered":"Gaud\u00ed. The Complete Works. 40th Anniversary Edition"},"content":{"rendered":"<p>Freedom of form with the \u201cDante of architecture\u201d<br \/>\nThe life of Antoni Gaud\u00ed (1852\u20131926) was full of complexity and contradictions. As a young man he joined the Catalonian nationalist movement and was critical of the church; toward the end of his life he devoted himself completely to the construction of one single spectacular church, La Sagrada Fam\u00edlia. In his youth, he courted a glamorous social life and the demeanor of a dandy. By the time of his death in a tram accident on the streets of Barcelona, his clothes were so shabby that passersby assumed he was a beggar.<\/p>\n<p>Gaud\u00ed\u2019s incomparable architecture channels much of this multifaceted intricacy. From the shimmering surface textures and skeletal forms of Casa Batll\u00f3 to the Hispano-Arabic matrix of Casa Vicens, his work merged the influences of Orientalism, natural forms, new materials, and religious faith into a unique Modernista aesthetic. Today, his buildings enjoy global popularity and acclaim; his magnum opus, the Sagrada Fam\u00edlia, is the most-visited monument in Spain and seven of his works are UNESCO World Heritage Sites.<\/p>\n<p>Packed full of expert texts and hundreds of full-color illustrations, including new photography, this book presents Gaud\u00ed\u2019s complete oeuvre. Like a personal tour through Barcelona, we explore his residential, religious, and public projects. We see how the \u201cDante of architecture\u201d was a builder in the truest sense of the word, crafting extraordinary constructions out of minute and mesmerizing details, transforming fantastical visions into realities on the city streets.<\/p>\n","protected":false},"excerpt":{"rendered":"<p>Freedom of form with the \u201cDante of architecture\u201d The life of Antoni Gaud\u00ed (1852\u20131926) was full of complexity and contradictions. As a young man he joined the Catalonian nationalist movement and was critical of the church; toward the end of his life he devoted himself completely to the construction of one single spectacular church, La&#8230;<\/p>\n","protected":false},"featured_media":55339,"comment_status":"closed","ping_status":"closed","template":"","meta":[],"product_brand":[],"product_cat":[4516,13533],"product_tag":[1126,6124],"class_list":{"0":"post-55367","1":"product","2":"type-product","3":"status-publish","4":"has-post-thumbnail","6":"product_cat-architecture-en","7":"product_cat-books","8":"product_tag-architects-en","9":"product_tag-architecture-en","10":"pa_author_att-rainer-zerbst-en","11":"pa_cover-hardcover","12":"pa_format-156-x-217-cm-en","13":"pa_isbn-9783836566193-en","14":"pa_language-eng","15":"pa_pages-512-en","16":"pa_published-2020-09-13-en","17":"pa_publisher-taschen-en-en","19":"first","20":"instock","21":"sold-individually","22":"shipping-taxable","23":"purchasable","24":"product-type-simple"},"yoast_head":"<!-- This site is optimized with the Yoast SEO plugin v27.4 - https:\/\/yoast.com\/product\/yoast-seo-wordpress\/ -->\n<title>Gaud\u00ed. The Complete Works. 40th Anniversary Edition (Rainer Zerbst) - book \/ album - Folio<\/title>\n<meta name=\"description\" content=\"Wejd\u017a i kup ksi\u0105\u017ck\u0119 Gaud\u00ed. The Complete Works. 40th Anniversary Edition autorstwa Rainer Zerbst wydan\u0105 przez TASCHEN (2020-09-13) w formacie 15,6 x 21,7 cm (ISBN: 9783836566193). Zapraszamy!\" \/>\n<meta name=\"robots\" content=\"index, follow, max-snippet:-1, max-image-preview:large, max-video-preview:-1\" \/>\n<link rel=\"canonical\" href=\"https:\/\/foliobooks.pl\/en\/shop\/gaudi-the-complete-works-40th-anniversary-edition\/\" \/>\n<meta property=\"og:locale\" content=\"en_US\" \/>\n<meta property=\"og:type\" content=\"article\" \/>\n<meta property=\"og:title\" content=\"Gaud\u00ed. The Complete Works. 40th Anniversary Edition (Rainer Zerbst) - book \/ album - Folio\" \/>\n<meta property=\"og:description\" content=\"Wejd\u017a i kup ksi\u0105\u017ck\u0119 Gaud\u00ed. The Complete Works. 40th Anniversary Edition autorstwa Rainer Zerbst wydan\u0105 przez TASCHEN (2020-09-13) w formacie 15,6 x 21,7 cm (ISBN: 9783836566193). Zapraszamy!\" \/>\n<meta property=\"og:url\" content=\"https:\/\/foliobooks.pl\/en\/shop\/gaudi-the-complete-works-40th-anniversary-edition\/\" \/>\n<meta property=\"og:site_name\" content=\"Folio\" \/>\n<meta property=\"article:modified_time\" content=\"2024-08-23T11:04:45+00:00\" \/>\n<meta property=\"og:image\" content=\"https:\/\/foliobooks.pl\/wp-content\/uploads\/2021\/05\/9783836566193.png\" \/>\n\t<meta property=\"og:image:width\" content=\"570\" \/>\n\t<meta property=\"og:image:height\" content=\"708\" \/>\n\t<meta property=\"og:image:type\" content=\"image\/png\" \/>\n<meta name=\"twitter:card\" content=\"summary_large_image\" \/>\n<meta name=\"twitter:label1\" content=\"Est. reading time\" \/>\n\t<meta name=\"twitter:data1\" content=\"2 minutes\" \/>\n<script type=\"application\/ld+json\" class=\"yoast-schema-graph\">{\"@context\":\"https:\\\/\\\/schema.org\",\"@graph\":[{\"@type\":\"WebPage\",\"@id\":\"https:\\\/\\\/foliobooks.pl\\\/en\\\/shop\\\/gaudi-the-complete-works-40th-anniversary-edition\\\/\",\"url\":\"https:\\\/\\\/foliobooks.pl\\\/en\\\/shop\\\/gaudi-the-complete-works-40th-anniversary-edition\\\/\",\"name\":\"Gaud\u00ed. The Complete Works. 40th Anniversary Edition (Rainer Zerbst) - book \\\/ album - Folio\",\"isPartOf\":{\"@id\":\"https:\\\/\\\/foliobooks.pl\\\/en\\\/#website\"},\"primaryImageOfPage\":{\"@id\":\"https:\\\/\\\/foliobooks.pl\\\/en\\\/shop\\\/gaudi-the-complete-works-40th-anniversary-edition\\\/#primaryimage\"},\"image\":{\"@id\":\"https:\\\/\\\/foliobooks.pl\\\/en\\\/shop\\\/gaudi-the-complete-works-40th-anniversary-edition\\\/#primaryimage\"},\"thumbnailUrl\":\"https:\\\/\\\/foliobooks.pl\\\/wp-content\\\/uploads\\\/2021\\\/05\\\/9783836566193.png\",\"datePublished\":\"2021-05-10T21:35:08+00:00\",\"dateModified\":\"2024-08-23T11:04:45+00:00\",\"description\":\"Wejd\u017a i kup ksi\u0105\u017ck\u0119 Gaud\u00ed. The Complete Works. 40th Anniversary Edition autorstwa Rainer Zerbst wydan\u0105 przez TASCHEN (2020-09-13) w formacie 15,6 x 21,7 cm (ISBN: 9783836566193). Zapraszamy!\",\"breadcrumb\":{\"@id\":\"https:\\\/\\\/foliobooks.pl\\\/en\\\/shop\\\/gaudi-the-complete-works-40th-anniversary-edition\\\/#breadcrumb\"},\"inLanguage\":\"en-US\",\"potentialAction\":[{\"@type\":\"ReadAction\",\"target\":[\"https:\\\/\\\/foliobooks.pl\\\/en\\\/shop\\\/gaudi-the-complete-works-40th-anniversary-edition\\\/\"]}]},{\"@type\":\"ImageObject\",\"inLanguage\":\"en-US\",\"@id\":\"https:\\\/\\\/foliobooks.pl\\\/en\\\/shop\\\/gaudi-the-complete-works-40th-anniversary-edition\\\/#primaryimage\",\"url\":\"https:\\\/\\\/foliobooks.pl\\\/wp-content\\\/uploads\\\/2021\\\/05\\\/9783836566193.png\",\"contentUrl\":\"https:\\\/\\\/foliobooks.pl\\\/wp-content\\\/uploads\\\/2021\\\/05\\\/9783836566193.png\",\"width\":570,\"height\":708},{\"@type\":\"BreadcrumbList\",\"@id\":\"https:\\\/\\\/foliobooks.pl\\\/en\\\/shop\\\/gaudi-the-complete-works-40th-anniversary-edition\\\/#breadcrumb\",\"itemListElement\":[{\"@type\":\"ListItem\",\"position\":1,\"name\":\"Strona g\u0142\u00f3wna\",\"item\":\"https:\\\/\\\/foliobooks.pl\\\/en\\\/\"},{\"@type\":\"ListItem\",\"position\":2,\"name\":\"Shop\",\"item\":\"https:\\\/\\\/foliobooks.pl\\\/en\\\/shop\\\/\"},{\"@type\":\"ListItem\",\"position\":3,\"name\":\"Gaud\u00ed. The Complete Works. 40th Anniversary Edition\"}]},{\"@type\":\"WebSite\",\"@id\":\"https:\\\/\\\/foliobooks.pl\\\/en\\\/#website\",\"url\":\"https:\\\/\\\/foliobooks.pl\\\/en\\\/\",\"name\":\"Folio\",\"description\":\"Ksi\u0119garnia internetowa\",\"potentialAction\":[{\"@type\":\"SearchAction\",\"target\":{\"@type\":\"EntryPoint\",\"urlTemplate\":\"https:\\\/\\\/foliobooks.pl\\\/en\\\/?s={search_term_string}\"},\"query-input\":{\"@type\":\"PropertyValueSpecification\",\"valueRequired\":true,\"valueName\":\"search_term_string\"}}],\"inLanguage\":\"en-US\"}]}<\/script>\n<!-- \/ Yoast SEO plugin. -->","yoast_head_json":{"title":"Gaud\u00ed. The Complete Works. 40th Anniversary Edition (Rainer Zerbst) - book \/ album - Folio","description":"Wejd\u017a i kup ksi\u0105\u017ck\u0119 Gaud\u00ed. The Complete Works. 40th Anniversary Edition autorstwa Rainer Zerbst wydan\u0105 przez TASCHEN (2020-09-13) w formacie 15,6 x 21,7 cm (ISBN: 9783836566193). Zapraszamy!","robots":{"index":"index","follow":"follow","max-snippet":"max-snippet:-1","max-image-preview":"max-image-preview:large","max-video-preview":"max-video-preview:-1"},"canonical":"https:\/\/foliobooks.pl\/en\/shop\/gaudi-the-complete-works-40th-anniversary-edition\/","og_locale":"en_US","og_type":"article","og_title":"Gaud\u00ed. The Complete Works. 40th Anniversary Edition (Rainer Zerbst) - book \/ album - Folio","og_description":"Wejd\u017a i kup ksi\u0105\u017ck\u0119 Gaud\u00ed. The Complete Works. 40th Anniversary Edition autorstwa Rainer Zerbst wydan\u0105 przez TASCHEN (2020-09-13) w formacie 15,6 x 21,7 cm (ISBN: 9783836566193). Zapraszamy!","og_url":"https:\/\/foliobooks.pl\/en\/shop\/gaudi-the-complete-works-40th-anniversary-edition\/","og_site_name":"Folio","article_modified_time":"2024-08-23T11:04:45+00:00","og_image":[{"width":570,"height":708,"url":"https:\/\/foliobooks.pl\/wp-content\/uploads\/2021\/05\/9783836566193.png","type":"image\/png"}],"twitter_card":"summary_large_image","twitter_misc":{"Est. reading time":"2 minutes"},"schema":{"@context":"https:\/\/schema.org","@graph":[{"@type":"WebPage","@id":"https:\/\/foliobooks.pl\/en\/shop\/gaudi-the-complete-works-40th-anniversary-edition\/","url":"https:\/\/foliobooks.pl\/en\/shop\/gaudi-the-complete-works-40th-anniversary-edition\/","name":"Gaud\u00ed. The Complete Works. 40th Anniversary Edition (Rainer Zerbst) - book \/ album - Folio","isPartOf":{"@id":"https:\/\/foliobooks.pl\/en\/#website"},"primaryImageOfPage":{"@id":"https:\/\/foliobooks.pl\/en\/shop\/gaudi-the-complete-works-40th-anniversary-edition\/#primaryimage"},"image":{"@id":"https:\/\/foliobooks.pl\/en\/shop\/gaudi-the-complete-works-40th-anniversary-edition\/#primaryimage"},"thumbnailUrl":"https:\/\/foliobooks.pl\/wp-content\/uploads\/2021\/05\/9783836566193.png","datePublished":"2021-05-10T21:35:08+00:00","dateModified":"2024-08-23T11:04:45+00:00","description":"Wejd\u017a i kup ksi\u0105\u017ck\u0119 Gaud\u00ed. The Complete Works. 40th Anniversary Edition autorstwa Rainer Zerbst wydan\u0105 przez TASCHEN (2020-09-13) w formacie 15,6 x 21,7 cm (ISBN: 9783836566193). Zapraszamy!","breadcrumb":{"@id":"https:\/\/foliobooks.pl\/en\/shop\/gaudi-the-complete-works-40th-anniversary-edition\/#breadcrumb"},"inLanguage":"en-US","potentialAction":[{"@type":"ReadAction","target":["https:\/\/foliobooks.pl\/en\/shop\/gaudi-the-complete-works-40th-anniversary-edition\/"]}]},{"@type":"ImageObject","inLanguage":"en-US","@id":"https:\/\/foliobooks.pl\/en\/shop\/gaudi-the-complete-works-40th-anniversary-edition\/#primaryimage","url":"https:\/\/foliobooks.pl\/wp-content\/uploads\/2021\/05\/9783836566193.png","contentUrl":"https:\/\/foliobooks.pl\/wp-content\/uploads\/2021\/05\/9783836566193.png","width":570,"height":708},{"@type":"BreadcrumbList","@id":"https:\/\/foliobooks.pl\/en\/shop\/gaudi-the-complete-works-40th-anniversary-edition\/#breadcrumb","itemListElement":[{"@type":"ListItem","position":1,"name":"Strona g\u0142\u00f3wna","item":"https:\/\/foliobooks.pl\/en\/"},{"@type":"ListItem","position":2,"name":"Shop","item":"https:\/\/foliobooks.pl\/en\/shop\/"},{"@type":"ListItem","position":3,"name":"Gaud\u00ed. The Complete Works. 40th Anniversary Edition"}]},{"@type":"WebSite","@id":"https:\/\/foliobooks.pl\/en\/#website","url":"https:\/\/foliobooks.pl\/en\/","name":"Folio","description":"Ksi\u0119garnia internetowa","potentialAction":[{"@type":"SearchAction","target":{"@type":"EntryPoint","urlTemplate":"https:\/\/foliobooks.pl\/en\/?s={search_term_string}"},"query-input":{"@type":"PropertyValueSpecification","valueRequired":true,"valueName":"search_term_string"}}],"inLanguage":"en-US"}]}},"_links":{"self":[{"href":"https:\/\/foliobooks.pl\/en\/wp-json\/wp\/v2\/product\/55367","targetHints":{"allow":["GET"]}}],"collection":[{"href":"https:\/\/foliobooks.pl\/en\/wp-json\/wp\/v2\/product"}],"about":[{"href":"https:\/\/foliobooks.pl\/en\/wp-json\/wp\/v2\/types\/product"}],"replies":[{"embeddable":true,"href":"https:\/\/foliobooks.pl\/en\/wp-json\/wp\/v2\/comments?post=55367"}],"wp:featuredmedia":[{"embeddable":true,"href":"https:\/\/foliobooks.pl\/en\/wp-json\/wp\/v2\/media\/55339"}],"wp:attachment":[{"href":"https:\/\/foliobooks.pl\/en\/wp-json\/wp\/v2\/media?parent=55367"}],"wp:term":[{"taxonomy":"product_brand","embeddable":true,"href":"https:\/\/foliobooks.pl\/en\/wp-json\/wp\/v2\/product_brand?post=55367"},{"taxonomy":"product_cat","embeddable":true,"href":"https:\/\/foliobooks.pl\/en\/wp-json\/wp\/v2\/product_cat?post=55367"},{"taxonomy":"product_tag","embeddable":true,"href":"https:\/\/foliobooks.pl\/en\/wp-json\/wp\/v2\/product_tag?post=55367"}],"curies":[{"name":"wp","href":"https:\/\/api.w.org\/{rel}","templated":true}]}}