{"id":55256,"date":"2021-05-10T22:57:22","date_gmt":"2021-05-10T20:57:22","guid":{"rendered":"https:\/\/foliobooks.pl\/sklep\/tarot-the-library-of-esoterica\/"},"modified":"2025-03-06T14:33:18","modified_gmt":"2025-03-06T13:33:18","slug":"tarot-the-library-of-esoterica","status":"publish","type":"product","link":"https:\/\/foliobooks.pl\/en\/shop\/tarot-the-library-of-esoterica\/","title":{"rendered":"Tarot. The Library of Esoterica"},"content":{"rendered":"<p>A visual history of Tarot<br \/>\nTo explore the Tarot is to explore ourselves, to be reminded of the universality of our longing for meaning, for purpose and for a connection to the divine. This 600-year-old tradition reflects not only a history of seekers, but our journey of artistic expression and the ways we communicate our collective human story.<\/p>\n<p>For many in the West, Tarot exists in the shadow place of our cultural consciousness, a metaphysical tradition assigned to the dusty glass cabinets of the arcane. Its history, long and obscure, has been passed down through secret writing, oral tradition, and the scholarly tomes of philosophers and sages. Hundreds of years and hundreds of creative hands\u2014mystics and artists often working in collaboration\u2014have transformed what was essentially a parlor game into a source of divination and system of self-exploration, as each new generation has sought to evolve the form and reinterpret the medium.<\/p>\n<p>Author Jessica Hundley traces this fascinating history in Tarot, the debut volume in TASCHEN\u2019s Library of Esoterica series. The book explores the symbolic meaning behind more than 500 cards and works of original art, two thirds of which have never been published outside of the decks themselves. It&#8217;s the first ever visual compendium of its kind, spanning from Medieval to modern, and artfully arranged according to the sequencing of the 78 cards of the Major and Minor Arcana. It explores the powerful influence of Tarot as muse to artists like Salvador Dal\u00ed and Niki de Saint Phalle and includes the decks of nearly 100 diverse contemporary artists from around the world, all of whom have embraced the medium for its capacity to push cultural identity forward. Rounding out the volume are excerpts from thinkers such as \u00c9liphas L\u00e9vi, Carl Jung, and Joseph Campbell; a foreword by artist Penny Slinger; a guide to reading the cards by Johannes Fiebig; and an essay on oracle decks by Marcella Kroll.<\/p>\n","protected":false},"excerpt":{"rendered":"<p>A visual history of Tarot To explore the Tarot is to explore ourselves, to be reminded of the universality of our longing for meaning, for purpose and for a connection to the divine. This 600-year-old tradition reflects not only a history of seekers, but our journey of artistic expression and the ways we communicate our&#8230;<\/p>\n","protected":false},"featured_media":55245,"comment_status":"closed","ping_status":"closed","template":"","meta":[],"product_brand":[],"product_cat":[13533,4517],"product_tag":[1649],"class_list":{"0":"post-55256","1":"product","2":"type-product","3":"status-publish","4":"has-post-thumbnail","6":"product_cat-books","7":"product_cat-photography-en","8":"product_tag-illustration","9":"pa_author_att-jessica-hundley-en","10":"pa_cover-hardcover","11":"pa_format-17-x-24-cm-en","12":"pa_isbn-9783836579872-en","13":"pa_language-eng","14":"pa_pages-520-en","15":"pa_published-2020-08-29-en","16":"pa_publisher-taschen-en-en","18":"first","19":"instock","20":"sold-individually","21":"shipping-taxable","22":"purchasable","23":"product-type-simple"},"yoast_head":"<!-- This site is optimized with the Yoast SEO plugin v27.4 - https:\/\/yoast.com\/product\/yoast-seo-wordpress\/ -->\n<title>Tarot. The Library of Esoterica (Jessica Hundley) - book \/ album - Folio<\/title>\n<meta name=\"description\" content=\"Wejd\u017a i kup ksi\u0105\u017ck\u0119 Tarot. The Library of Esoterica autorstwa Jessica Hundley wydan\u0105 przez TASCHEN (2020-08-29) w formacie 17 x 24 cm (ISBN: 9783836579872). Zapraszamy!\" \/>\n<meta name=\"robots\" content=\"index, follow, max-snippet:-1, max-image-preview:large, max-video-preview:-1\" \/>\n<link rel=\"canonical\" href=\"https:\/\/foliobooks.pl\/en\/shop\/tarot-the-library-of-esoterica\/\" \/>\n<meta property=\"og:locale\" content=\"en_US\" \/>\n<meta property=\"og:type\" content=\"article\" \/>\n<meta property=\"og:title\" content=\"Tarot. The Library of Esoterica (Jessica Hundley) - book \/ album - Folio\" \/>\n<meta property=\"og:description\" content=\"Wejd\u017a i kup ksi\u0105\u017ck\u0119 Tarot. The Library of Esoterica autorstwa Jessica Hundley wydan\u0105 przez TASCHEN (2020-08-29) w formacie 17 x 24 cm (ISBN: 9783836579872). Zapraszamy!\" \/>\n<meta property=\"og:url\" content=\"https:\/\/foliobooks.pl\/en\/shop\/tarot-the-library-of-esoterica\/\" \/>\n<meta property=\"og:site_name\" content=\"Folio\" \/>\n<meta property=\"article:modified_time\" content=\"2025-03-06T13:33:18+00:00\" \/>\n<meta property=\"og:image\" content=\"https:\/\/foliobooks.pl\/wp-content\/uploads\/2021\/05\/9783836579872.png\" \/>\n\t<meta property=\"og:image:width\" content=\"570\" \/>\n\t<meta property=\"og:image:height\" content=\"708\" \/>\n\t<meta property=\"og:image:type\" content=\"image\/png\" \/>\n<meta name=\"twitter:card\" content=\"summary_large_image\" \/>\n<meta name=\"twitter:label1\" content=\"Est. reading time\" \/>\n\t<meta name=\"twitter:data1\" content=\"2 minutes\" \/>\n<script type=\"application\/ld+json\" class=\"yoast-schema-graph\">{\"@context\":\"https:\\\/\\\/schema.org\",\"@graph\":[{\"@type\":\"WebPage\",\"@id\":\"https:\\\/\\\/foliobooks.pl\\\/en\\\/shop\\\/tarot-the-library-of-esoterica\\\/\",\"url\":\"https:\\\/\\\/foliobooks.pl\\\/en\\\/shop\\\/tarot-the-library-of-esoterica\\\/\",\"name\":\"Tarot. The Library of Esoterica (Jessica Hundley) - book \\\/ album - Folio\",\"isPartOf\":{\"@id\":\"https:\\\/\\\/foliobooks.pl\\\/en\\\/#website\"},\"primaryImageOfPage\":{\"@id\":\"https:\\\/\\\/foliobooks.pl\\\/en\\\/shop\\\/tarot-the-library-of-esoterica\\\/#primaryimage\"},\"image\":{\"@id\":\"https:\\\/\\\/foliobooks.pl\\\/en\\\/shop\\\/tarot-the-library-of-esoterica\\\/#primaryimage\"},\"thumbnailUrl\":\"https:\\\/\\\/foliobooks.pl\\\/wp-content\\\/uploads\\\/2021\\\/05\\\/9783836579872.png\",\"datePublished\":\"2021-05-10T20:57:22+00:00\",\"dateModified\":\"2025-03-06T13:33:18+00:00\",\"description\":\"Wejd\u017a i kup ksi\u0105\u017ck\u0119 Tarot. The Library of Esoterica autorstwa Jessica Hundley wydan\u0105 przez TASCHEN (2020-08-29) w formacie 17 x 24 cm (ISBN: 9783836579872). Zapraszamy!\",\"breadcrumb\":{\"@id\":\"https:\\\/\\\/foliobooks.pl\\\/en\\\/shop\\\/tarot-the-library-of-esoterica\\\/#breadcrumb\"},\"inLanguage\":\"en-US\",\"potentialAction\":[{\"@type\":\"ReadAction\",\"target\":[\"https:\\\/\\\/foliobooks.pl\\\/en\\\/shop\\\/tarot-the-library-of-esoterica\\\/\"]}]},{\"@type\":\"ImageObject\",\"inLanguage\":\"en-US\",\"@id\":\"https:\\\/\\\/foliobooks.pl\\\/en\\\/shop\\\/tarot-the-library-of-esoterica\\\/#primaryimage\",\"url\":\"https:\\\/\\\/foliobooks.pl\\\/wp-content\\\/uploads\\\/2021\\\/05\\\/9783836579872.png\",\"contentUrl\":\"https:\\\/\\\/foliobooks.pl\\\/wp-content\\\/uploads\\\/2021\\\/05\\\/9783836579872.png\",\"width\":570,\"height\":708},{\"@type\":\"BreadcrumbList\",\"@id\":\"https:\\\/\\\/foliobooks.pl\\\/en\\\/shop\\\/tarot-the-library-of-esoterica\\\/#breadcrumb\",\"itemListElement\":[{\"@type\":\"ListItem\",\"position\":1,\"name\":\"Strona g\u0142\u00f3wna\",\"item\":\"https:\\\/\\\/foliobooks.pl\\\/en\\\/\"},{\"@type\":\"ListItem\",\"position\":2,\"name\":\"Shop\",\"item\":\"https:\\\/\\\/foliobooks.pl\\\/en\\\/shop\\\/\"},{\"@type\":\"ListItem\",\"position\":3,\"name\":\"Tarot. The Library of Esoterica\"}]},{\"@type\":\"WebSite\",\"@id\":\"https:\\\/\\\/foliobooks.pl\\\/en\\\/#website\",\"url\":\"https:\\\/\\\/foliobooks.pl\\\/en\\\/\",\"name\":\"Folio\",\"description\":\"Ksi\u0119garnia internetowa\",\"potentialAction\":[{\"@type\":\"SearchAction\",\"target\":{\"@type\":\"EntryPoint\",\"urlTemplate\":\"https:\\\/\\\/foliobooks.pl\\\/en\\\/?s={search_term_string}\"},\"query-input\":{\"@type\":\"PropertyValueSpecification\",\"valueRequired\":true,\"valueName\":\"search_term_string\"}}],\"inLanguage\":\"en-US\"}]}<\/script>\n<!-- \/ Yoast SEO plugin. -->","yoast_head_json":{"title":"Tarot. The Library of Esoterica (Jessica Hundley) - book \/ album - Folio","description":"Wejd\u017a i kup ksi\u0105\u017ck\u0119 Tarot. The Library of Esoterica autorstwa Jessica Hundley wydan\u0105 przez TASCHEN (2020-08-29) w formacie 17 x 24 cm (ISBN: 9783836579872). Zapraszamy!","robots":{"index":"index","follow":"follow","max-snippet":"max-snippet:-1","max-image-preview":"max-image-preview:large","max-video-preview":"max-video-preview:-1"},"canonical":"https:\/\/foliobooks.pl\/en\/shop\/tarot-the-library-of-esoterica\/","og_locale":"en_US","og_type":"article","og_title":"Tarot. The Library of Esoterica (Jessica Hundley) - book \/ album - Folio","og_description":"Wejd\u017a i kup ksi\u0105\u017ck\u0119 Tarot. The Library of Esoterica autorstwa Jessica Hundley wydan\u0105 przez TASCHEN (2020-08-29) w formacie 17 x 24 cm (ISBN: 9783836579872). Zapraszamy!","og_url":"https:\/\/foliobooks.pl\/en\/shop\/tarot-the-library-of-esoterica\/","og_site_name":"Folio","article_modified_time":"2025-03-06T13:33:18+00:00","og_image":[{"width":570,"height":708,"url":"https:\/\/foliobooks.pl\/wp-content\/uploads\/2021\/05\/9783836579872.png","type":"image\/png"}],"twitter_card":"summary_large_image","twitter_misc":{"Est. reading time":"2 minutes"},"schema":{"@context":"https:\/\/schema.org","@graph":[{"@type":"WebPage","@id":"https:\/\/foliobooks.pl\/en\/shop\/tarot-the-library-of-esoterica\/","url":"https:\/\/foliobooks.pl\/en\/shop\/tarot-the-library-of-esoterica\/","name":"Tarot. The Library of Esoterica (Jessica Hundley) - book \/ album - Folio","isPartOf":{"@id":"https:\/\/foliobooks.pl\/en\/#website"},"primaryImageOfPage":{"@id":"https:\/\/foliobooks.pl\/en\/shop\/tarot-the-library-of-esoterica\/#primaryimage"},"image":{"@id":"https:\/\/foliobooks.pl\/en\/shop\/tarot-the-library-of-esoterica\/#primaryimage"},"thumbnailUrl":"https:\/\/foliobooks.pl\/wp-content\/uploads\/2021\/05\/9783836579872.png","datePublished":"2021-05-10T20:57:22+00:00","dateModified":"2025-03-06T13:33:18+00:00","description":"Wejd\u017a i kup ksi\u0105\u017ck\u0119 Tarot. The Library of Esoterica autorstwa Jessica Hundley wydan\u0105 przez TASCHEN (2020-08-29) w formacie 17 x 24 cm (ISBN: 9783836579872). Zapraszamy!","breadcrumb":{"@id":"https:\/\/foliobooks.pl\/en\/shop\/tarot-the-library-of-esoterica\/#breadcrumb"},"inLanguage":"en-US","potentialAction":[{"@type":"ReadAction","target":["https:\/\/foliobooks.pl\/en\/shop\/tarot-the-library-of-esoterica\/"]}]},{"@type":"ImageObject","inLanguage":"en-US","@id":"https:\/\/foliobooks.pl\/en\/shop\/tarot-the-library-of-esoterica\/#primaryimage","url":"https:\/\/foliobooks.pl\/wp-content\/uploads\/2021\/05\/9783836579872.png","contentUrl":"https:\/\/foliobooks.pl\/wp-content\/uploads\/2021\/05\/9783836579872.png","width":570,"height":708},{"@type":"BreadcrumbList","@id":"https:\/\/foliobooks.pl\/en\/shop\/tarot-the-library-of-esoterica\/#breadcrumb","itemListElement":[{"@type":"ListItem","position":1,"name":"Strona g\u0142\u00f3wna","item":"https:\/\/foliobooks.pl\/en\/"},{"@type":"ListItem","position":2,"name":"Shop","item":"https:\/\/foliobooks.pl\/en\/shop\/"},{"@type":"ListItem","position":3,"name":"Tarot. The Library of Esoterica"}]},{"@type":"WebSite","@id":"https:\/\/foliobooks.pl\/en\/#website","url":"https:\/\/foliobooks.pl\/en\/","name":"Folio","description":"Ksi\u0119garnia internetowa","potentialAction":[{"@type":"SearchAction","target":{"@type":"EntryPoint","urlTemplate":"https:\/\/foliobooks.pl\/en\/?s={search_term_string}"},"query-input":{"@type":"PropertyValueSpecification","valueRequired":true,"valueName":"search_term_string"}}],"inLanguage":"en-US"}]}},"_links":{"self":[{"href":"https:\/\/foliobooks.pl\/en\/wp-json\/wp\/v2\/product\/55256","targetHints":{"allow":["GET"]}}],"collection":[{"href":"https:\/\/foliobooks.pl\/en\/wp-json\/wp\/v2\/product"}],"about":[{"href":"https:\/\/foliobooks.pl\/en\/wp-json\/wp\/v2\/types\/product"}],"replies":[{"embeddable":true,"href":"https:\/\/foliobooks.pl\/en\/wp-json\/wp\/v2\/comments?post=55256"}],"wp:featuredmedia":[{"embeddable":true,"href":"https:\/\/foliobooks.pl\/en\/wp-json\/wp\/v2\/media\/55245"}],"wp:attachment":[{"href":"https:\/\/foliobooks.pl\/en\/wp-json\/wp\/v2\/media?parent=55256"}],"wp:term":[{"taxonomy":"product_brand","embeddable":true,"href":"https:\/\/foliobooks.pl\/en\/wp-json\/wp\/v2\/product_brand?post=55256"},{"taxonomy":"product_cat","embeddable":true,"href":"https:\/\/foliobooks.pl\/en\/wp-json\/wp\/v2\/product_cat?post=55256"},{"taxonomy":"product_tag","embeddable":true,"href":"https:\/\/foliobooks.pl\/en\/wp-json\/wp\/v2\/product_tag?post=55256"}],"curies":[{"name":"wp","href":"https:\/\/api.w.org\/{rel}","templated":true}]}}