{"id":55075,"date":"2021-04-29T12:31:49","date_gmt":"2021-04-29T10:31:49","guid":{"rendered":"https:\/\/foliobooks.pl\/?post_type=product&#038;p=55075"},"modified":"2025-09-17T17:05:43","modified_gmt":"2025-09-17T15:05:43","slug":"container-atlas-a-practical-guide-to-container-architecture","status":"publish","type":"product","link":"https:\/\/foliobooks.pl\/en\/shop\/container-atlas-a-practical-guide-to-container-architecture\/","title":{"rendered":"Container Atlas. A Practical Guide to Container Architecture"},"content":{"rendered":"<p>Container architecture has become an essential part of our twenty-first century surroundings, with it being used to create modular structures for pavilions, brand showrooms, retail premises, and even residential homes. Ten years after the first publication of Container Atlas, this eagerly anticipated follow-up charts how this movement has evolved into an essential part of today\u2019s architectural vocabulary. Container Atlas serves as a practical and inspirational reference not only for architects and engineers, but also for all creatives eager to learn about the rich and diverse language of container architecture and modular building.<\/p>\n","protected":false},"excerpt":{"rendered":"<p>Container architecture has become an essential part of our twenty-first century surroundings, with it being used to create modular structures for pavilions, brand showrooms, retail premises, and even residential homes. Ten years after the first publication of Container Atlas, this eagerly anticipated follow-up charts how this movement has evolved into an essential part of today\u2019s&#8230;<\/p>\n","protected":false},"featured_media":55066,"comment_status":"closed","ping_status":"closed","template":"","meta":[],"product_brand":[],"product_cat":[4516,13533],"product_tag":[6124,6567],"class_list":{"0":"post-55075","1":"product","2":"type-product","3":"status-publish","4":"has-post-thumbnail","6":"product_cat-architecture-en","7":"product_cat-books","8":"product_tag-architecture-en","9":"product_tag-contemporary-architecture-en","10":"pa_author_att-han-slawik-en","11":"pa_cover-hardcover","12":"pa_format-24-x-30-cm-en","13":"pa_isbn-9783899556698-en","14":"pa_language-eng","15":"pa_pages-304-en-2","16":"pa_published-2020-04-21-en","17":"pa_publisher-gestalten-en","19":"first","20":"instock","21":"sale","22":"sold-individually","23":"shipping-taxable","24":"purchasable","25":"product-type-simple"},"yoast_head":"<!-- This site is optimized with the Yoast SEO plugin v27.4 - https:\/\/yoast.com\/product\/yoast-seo-wordpress\/ -->\n<title>Container Atlas. A Practical Guide to Container Architecture (Han Slawik) - book \/ album - Folio<\/title>\n<meta name=\"description\" content=\"Wejd\u017a i kup ksi\u0105\u017ck\u0119 Container Atlas. A Practical Guide to Container Architecture autorstwa Han Slawik wydan\u0105 przez gestalten (2020-04-21) w formacie 24 x 30 cm (ISBN: 9783899556698). Zapraszamy!\" \/>\n<meta name=\"robots\" content=\"index, follow, max-snippet:-1, max-image-preview:large, max-video-preview:-1\" \/>\n<link rel=\"canonical\" href=\"https:\/\/foliobooks.pl\/en\/shop\/container-atlas-a-practical-guide-to-container-architecture\/\" \/>\n<meta property=\"og:locale\" content=\"en_US\" \/>\n<meta property=\"og:type\" content=\"article\" \/>\n<meta property=\"og:title\" content=\"Container Atlas. A Practical Guide to Container Architecture (Han Slawik) - book \/ album - Folio\" \/>\n<meta property=\"og:description\" content=\"Wejd\u017a i kup ksi\u0105\u017ck\u0119 Container Atlas. A Practical Guide to Container Architecture autorstwa Han Slawik wydan\u0105 przez gestalten (2020-04-21) w formacie 24 x 30 cm (ISBN: 9783899556698). Zapraszamy!\" \/>\n<meta property=\"og:url\" content=\"https:\/\/foliobooks.pl\/en\/shop\/container-atlas-a-practical-guide-to-container-architecture\/\" \/>\n<meta property=\"og:site_name\" content=\"Folio\" \/>\n<meta property=\"article:modified_time\" content=\"2025-09-17T15:05:43+00:00\" \/>\n<meta property=\"og:image\" content=\"https:\/\/foliobooks.pl\/wp-content\/uploads\/2021\/04\/9783899556698.png\" \/>\n\t<meta property=\"og:image:width\" content=\"570\" \/>\n\t<meta property=\"og:image:height\" content=\"708\" \/>\n\t<meta property=\"og:image:type\" content=\"image\/png\" \/>\n<meta name=\"twitter:card\" content=\"summary_large_image\" \/>\n<meta name=\"twitter:label1\" content=\"Est. reading time\" \/>\n\t<meta name=\"twitter:data1\" content=\"1 minute\" \/>\n<script type=\"application\/ld+json\" class=\"yoast-schema-graph\">{\"@context\":\"https:\\\/\\\/schema.org\",\"@graph\":[{\"@type\":\"WebPage\",\"@id\":\"https:\\\/\\\/foliobooks.pl\\\/en\\\/shop\\\/container-atlas-a-practical-guide-to-container-architecture\\\/\",\"url\":\"https:\\\/\\\/foliobooks.pl\\\/en\\\/shop\\\/container-atlas-a-practical-guide-to-container-architecture\\\/\",\"name\":\"Container Atlas. A Practical Guide to Container Architecture (Han Slawik) - book \\\/ album - Folio\",\"isPartOf\":{\"@id\":\"https:\\\/\\\/foliobooks.pl\\\/en\\\/#website\"},\"primaryImageOfPage\":{\"@id\":\"https:\\\/\\\/foliobooks.pl\\\/en\\\/shop\\\/container-atlas-a-practical-guide-to-container-architecture\\\/#primaryimage\"},\"image\":{\"@id\":\"https:\\\/\\\/foliobooks.pl\\\/en\\\/shop\\\/container-atlas-a-practical-guide-to-container-architecture\\\/#primaryimage\"},\"thumbnailUrl\":\"https:\\\/\\\/foliobooks.pl\\\/wp-content\\\/uploads\\\/2021\\\/04\\\/9783899556698.png\",\"datePublished\":\"2021-04-29T10:31:49+00:00\",\"dateModified\":\"2025-09-17T15:05:43+00:00\",\"description\":\"Wejd\u017a i kup ksi\u0105\u017ck\u0119 Container Atlas. A Practical Guide to Container Architecture autorstwa Han Slawik wydan\u0105 przez gestalten (2020-04-21) w formacie 24 x 30 cm (ISBN: 9783899556698). Zapraszamy!\",\"breadcrumb\":{\"@id\":\"https:\\\/\\\/foliobooks.pl\\\/en\\\/shop\\\/container-atlas-a-practical-guide-to-container-architecture\\\/#breadcrumb\"},\"inLanguage\":\"en-US\",\"potentialAction\":[{\"@type\":\"ReadAction\",\"target\":[\"https:\\\/\\\/foliobooks.pl\\\/en\\\/shop\\\/container-atlas-a-practical-guide-to-container-architecture\\\/\"]}]},{\"@type\":\"ImageObject\",\"inLanguage\":\"en-US\",\"@id\":\"https:\\\/\\\/foliobooks.pl\\\/en\\\/shop\\\/container-atlas-a-practical-guide-to-container-architecture\\\/#primaryimage\",\"url\":\"https:\\\/\\\/foliobooks.pl\\\/wp-content\\\/uploads\\\/2021\\\/04\\\/9783899556698.png\",\"contentUrl\":\"https:\\\/\\\/foliobooks.pl\\\/wp-content\\\/uploads\\\/2021\\\/04\\\/9783899556698.png\",\"width\":570,\"height\":708},{\"@type\":\"BreadcrumbList\",\"@id\":\"https:\\\/\\\/foliobooks.pl\\\/en\\\/shop\\\/container-atlas-a-practical-guide-to-container-architecture\\\/#breadcrumb\",\"itemListElement\":[{\"@type\":\"ListItem\",\"position\":1,\"name\":\"Strona g\u0142\u00f3wna\",\"item\":\"https:\\\/\\\/foliobooks.pl\\\/en\\\/\"},{\"@type\":\"ListItem\",\"position\":2,\"name\":\"Shop\",\"item\":\"https:\\\/\\\/foliobooks.pl\\\/en\\\/shop\\\/\"},{\"@type\":\"ListItem\",\"position\":3,\"name\":\"Container Atlas. A Practical Guide to Container Architecture\"}]},{\"@type\":\"WebSite\",\"@id\":\"https:\\\/\\\/foliobooks.pl\\\/en\\\/#website\",\"url\":\"https:\\\/\\\/foliobooks.pl\\\/en\\\/\",\"name\":\"Folio\",\"description\":\"Ksi\u0119garnia internetowa\",\"potentialAction\":[{\"@type\":\"SearchAction\",\"target\":{\"@type\":\"EntryPoint\",\"urlTemplate\":\"https:\\\/\\\/foliobooks.pl\\\/en\\\/?s={search_term_string}\"},\"query-input\":{\"@type\":\"PropertyValueSpecification\",\"valueRequired\":true,\"valueName\":\"search_term_string\"}}],\"inLanguage\":\"en-US\"}]}<\/script>\n<!-- \/ Yoast SEO plugin. -->","yoast_head_json":{"title":"Container Atlas. A Practical Guide to Container Architecture (Han Slawik) - book \/ album - Folio","description":"Wejd\u017a i kup ksi\u0105\u017ck\u0119 Container Atlas. A Practical Guide to Container Architecture autorstwa Han Slawik wydan\u0105 przez gestalten (2020-04-21) w formacie 24 x 30 cm (ISBN: 9783899556698). Zapraszamy!","robots":{"index":"index","follow":"follow","max-snippet":"max-snippet:-1","max-image-preview":"max-image-preview:large","max-video-preview":"max-video-preview:-1"},"canonical":"https:\/\/foliobooks.pl\/en\/shop\/container-atlas-a-practical-guide-to-container-architecture\/","og_locale":"en_US","og_type":"article","og_title":"Container Atlas. A Practical Guide to Container Architecture (Han Slawik) - book \/ album - Folio","og_description":"Wejd\u017a i kup ksi\u0105\u017ck\u0119 Container Atlas. A Practical Guide to Container Architecture autorstwa Han Slawik wydan\u0105 przez gestalten (2020-04-21) w formacie 24 x 30 cm (ISBN: 9783899556698). Zapraszamy!","og_url":"https:\/\/foliobooks.pl\/en\/shop\/container-atlas-a-practical-guide-to-container-architecture\/","og_site_name":"Folio","article_modified_time":"2025-09-17T15:05:43+00:00","og_image":[{"width":570,"height":708,"url":"https:\/\/foliobooks.pl\/wp-content\/uploads\/2021\/04\/9783899556698.png","type":"image\/png"}],"twitter_card":"summary_large_image","twitter_misc":{"Est. reading time":"1 minute"},"schema":{"@context":"https:\/\/schema.org","@graph":[{"@type":"WebPage","@id":"https:\/\/foliobooks.pl\/en\/shop\/container-atlas-a-practical-guide-to-container-architecture\/","url":"https:\/\/foliobooks.pl\/en\/shop\/container-atlas-a-practical-guide-to-container-architecture\/","name":"Container Atlas. A Practical Guide to Container Architecture (Han Slawik) - book \/ album - Folio","isPartOf":{"@id":"https:\/\/foliobooks.pl\/en\/#website"},"primaryImageOfPage":{"@id":"https:\/\/foliobooks.pl\/en\/shop\/container-atlas-a-practical-guide-to-container-architecture\/#primaryimage"},"image":{"@id":"https:\/\/foliobooks.pl\/en\/shop\/container-atlas-a-practical-guide-to-container-architecture\/#primaryimage"},"thumbnailUrl":"https:\/\/foliobooks.pl\/wp-content\/uploads\/2021\/04\/9783899556698.png","datePublished":"2021-04-29T10:31:49+00:00","dateModified":"2025-09-17T15:05:43+00:00","description":"Wejd\u017a i kup ksi\u0105\u017ck\u0119 Container Atlas. A Practical Guide to Container Architecture autorstwa Han Slawik wydan\u0105 przez gestalten (2020-04-21) w formacie 24 x 30 cm (ISBN: 9783899556698). Zapraszamy!","breadcrumb":{"@id":"https:\/\/foliobooks.pl\/en\/shop\/container-atlas-a-practical-guide-to-container-architecture\/#breadcrumb"},"inLanguage":"en-US","potentialAction":[{"@type":"ReadAction","target":["https:\/\/foliobooks.pl\/en\/shop\/container-atlas-a-practical-guide-to-container-architecture\/"]}]},{"@type":"ImageObject","inLanguage":"en-US","@id":"https:\/\/foliobooks.pl\/en\/shop\/container-atlas-a-practical-guide-to-container-architecture\/#primaryimage","url":"https:\/\/foliobooks.pl\/wp-content\/uploads\/2021\/04\/9783899556698.png","contentUrl":"https:\/\/foliobooks.pl\/wp-content\/uploads\/2021\/04\/9783899556698.png","width":570,"height":708},{"@type":"BreadcrumbList","@id":"https:\/\/foliobooks.pl\/en\/shop\/container-atlas-a-practical-guide-to-container-architecture\/#breadcrumb","itemListElement":[{"@type":"ListItem","position":1,"name":"Strona g\u0142\u00f3wna","item":"https:\/\/foliobooks.pl\/en\/"},{"@type":"ListItem","position":2,"name":"Shop","item":"https:\/\/foliobooks.pl\/en\/shop\/"},{"@type":"ListItem","position":3,"name":"Container Atlas. A Practical Guide to Container Architecture"}]},{"@type":"WebSite","@id":"https:\/\/foliobooks.pl\/en\/#website","url":"https:\/\/foliobooks.pl\/en\/","name":"Folio","description":"Ksi\u0119garnia internetowa","potentialAction":[{"@type":"SearchAction","target":{"@type":"EntryPoint","urlTemplate":"https:\/\/foliobooks.pl\/en\/?s={search_term_string}"},"query-input":{"@type":"PropertyValueSpecification","valueRequired":true,"valueName":"search_term_string"}}],"inLanguage":"en-US"}]}},"_links":{"self":[{"href":"https:\/\/foliobooks.pl\/en\/wp-json\/wp\/v2\/product\/55075","targetHints":{"allow":["GET"]}}],"collection":[{"href":"https:\/\/foliobooks.pl\/en\/wp-json\/wp\/v2\/product"}],"about":[{"href":"https:\/\/foliobooks.pl\/en\/wp-json\/wp\/v2\/types\/product"}],"replies":[{"embeddable":true,"href":"https:\/\/foliobooks.pl\/en\/wp-json\/wp\/v2\/comments?post=55075"}],"wp:featuredmedia":[{"embeddable":true,"href":"https:\/\/foliobooks.pl\/en\/wp-json\/wp\/v2\/media\/55066"}],"wp:attachment":[{"href":"https:\/\/foliobooks.pl\/en\/wp-json\/wp\/v2\/media?parent=55075"}],"wp:term":[{"taxonomy":"product_brand","embeddable":true,"href":"https:\/\/foliobooks.pl\/en\/wp-json\/wp\/v2\/product_brand?post=55075"},{"taxonomy":"product_cat","embeddable":true,"href":"https:\/\/foliobooks.pl\/en\/wp-json\/wp\/v2\/product_cat?post=55075"},{"taxonomy":"product_tag","embeddable":true,"href":"https:\/\/foliobooks.pl\/en\/wp-json\/wp\/v2\/product_tag?post=55075"}],"curies":[{"name":"wp","href":"https:\/\/api.w.org\/{rel}","templated":true}]}}