{"id":54543,"date":"2021-03-12T16:28:50","date_gmt":"2021-03-12T15:28:50","guid":{"rendered":"https:\/\/foliobooks.pl\/sklep\/the-italian-smart-office-the-story-of-estel\/"},"modified":"2025-10-16T15:47:19","modified_gmt":"2025-10-16T13:47:19","slug":"the-italian-smart-office-the-story-of-estel","status":"publish","type":"product","link":"https:\/\/foliobooks.pl\/en\/shop\/the-italian-smart-office-the-story-of-estel\/","title":{"rendered":"The Italian Smart Office. The Story of Estel"},"content":{"rendered":"<p>This is the first book of its kind devoted to the history of Estel, celebrating eighty years of the furniture manufacturer&#8217;s activity.<\/p>\n<p>This book takes the reader through Estel&#8217;s history from the future to the past, working backward in five major phases of the company&#8217;s progress. These phases are related through various illustrations, best called &#8220;dioramas,&#8221; covering double spreads that fold out, making four full-size pages.<\/p>\n<p>Especially created for the book by Pierluigi Longo, these &#8220;dioramas&#8221; emerge like modern-day frescoes in which the leading figures of the business world can be observed, along with the production panorama and market environment around them. They represent a sort of visualized concept that not only illustrates and tracks a path through the book, but also lends it concept and structure.<\/p>\n<p>The texts that follow each theme-diorama pivot successively on the company philosophy, the protagonists, the products, and a brief text classifying the furniture-manufacturing sector itself. Hence, the tale unfolds on two fronts simultaneously, interweaving the company&#8217;s history with the ongoing developments in the sector and in methods of production.<\/p>\n","protected":false},"excerpt":{"rendered":"<p>This is the first book of its kind devoted to the history of Estel, celebrating eighty years of the furniture manufacturer&#8217;s activity. This book takes the reader through Estel&#8217;s history from the future to the past, working backward in five major phases of the company&#8217;s progress. These phases are related through various illustrations, best called&#8230;<\/p>\n","protected":false},"featured_media":54542,"comment_status":"closed","ping_status":"closed","template":"","meta":[],"product_brand":[],"product_cat":[4516,13533,4523,4526],"product_tag":[4524,290],"class_list":{"0":"post-54543","1":"product","2":"type-product","3":"status-publish","4":"has-post-thumbnail","6":"product_cat-architecture-en","7":"product_cat-books","8":"product_cat-design-en-en","9":"product_cat-industrial-design","10":"product_tag-design-en-en","11":"product_tag-interiors-en","12":"pa_author_att-maria-giulia-en","13":"pa_author_att-mario-piazza-en","14":"pa_cover-hardcover","15":"pa_format-216-x-279-cm-en","16":"pa_isbn-9788891822789-en","17":"pa_language-eng","18":"pa_pages-204-en","19":"pa_published-2020-10-13-en","20":"pa_publisher-rizzoli-en","22":"first","23":"instock","24":"sale","25":"sold-individually","26":"shipping-taxable","27":"purchasable","28":"product-type-simple"},"yoast_head":"<!-- This site is optimized with the Yoast SEO plugin v27.4 - https:\/\/yoast.com\/product\/yoast-seo-wordpress\/ -->\n<title>The Italian Smart Office. The Story of Estel (Maria Giulia, Mario Piazza) - book \/ album - Folio<\/title>\n<meta name=\"description\" content=\"Wejd\u017a i kup ksi\u0105\u017ck\u0119 The Italian Smart Office. The Story of Estel autorstwa Maria Giulia, Mario Piazza wydan\u0105 przez Rizzoli (2020-10-13) w formacie 21,6 x 27,9 cm (ISBN: 9788891822789). Zapraszamy!\" \/>\n<meta name=\"robots\" content=\"index, follow, max-snippet:-1, max-image-preview:large, max-video-preview:-1\" \/>\n<link rel=\"canonical\" href=\"https:\/\/foliobooks.pl\/en\/shop\/the-italian-smart-office-the-story-of-estel\/\" \/>\n<meta property=\"og:locale\" content=\"en_US\" \/>\n<meta property=\"og:type\" content=\"article\" \/>\n<meta property=\"og:title\" content=\"The Italian Smart Office. The Story of Estel (Maria Giulia, Mario Piazza) - book \/ album - Folio\" \/>\n<meta property=\"og:description\" content=\"Wejd\u017a i kup ksi\u0105\u017ck\u0119 The Italian Smart Office. The Story of Estel autorstwa Maria Giulia, Mario Piazza wydan\u0105 przez Rizzoli (2020-10-13) w formacie 21,6 x 27,9 cm (ISBN: 9788891822789). Zapraszamy!\" \/>\n<meta property=\"og:url\" content=\"https:\/\/foliobooks.pl\/en\/shop\/the-italian-smart-office-the-story-of-estel\/\" \/>\n<meta property=\"og:site_name\" content=\"Folio\" \/>\n<meta property=\"article:modified_time\" content=\"2025-10-16T13:47:19+00:00\" \/>\n<meta property=\"og:image\" content=\"https:\/\/foliobooks.pl\/wp-content\/uploads\/2021\/03\/9788891822789.png\" \/>\n\t<meta property=\"og:image:width\" content=\"570\" \/>\n\t<meta property=\"og:image:height\" content=\"708\" \/>\n\t<meta property=\"og:image:type\" content=\"image\/png\" \/>\n<meta name=\"twitter:card\" content=\"summary_large_image\" \/>\n<meta name=\"twitter:label1\" content=\"Est. reading time\" \/>\n\t<meta name=\"twitter:data1\" content=\"1 minute\" \/>\n<script type=\"application\/ld+json\" class=\"yoast-schema-graph\">{\"@context\":\"https:\\\/\\\/schema.org\",\"@graph\":[{\"@type\":\"WebPage\",\"@id\":\"https:\\\/\\\/foliobooks.pl\\\/en\\\/shop\\\/the-italian-smart-office-the-story-of-estel\\\/\",\"url\":\"https:\\\/\\\/foliobooks.pl\\\/en\\\/shop\\\/the-italian-smart-office-the-story-of-estel\\\/\",\"name\":\"The Italian Smart Office. The Story of Estel (Maria Giulia, Mario Piazza) - book \\\/ album - Folio\",\"isPartOf\":{\"@id\":\"https:\\\/\\\/foliobooks.pl\\\/en\\\/#website\"},\"primaryImageOfPage\":{\"@id\":\"https:\\\/\\\/foliobooks.pl\\\/en\\\/shop\\\/the-italian-smart-office-the-story-of-estel\\\/#primaryimage\"},\"image\":{\"@id\":\"https:\\\/\\\/foliobooks.pl\\\/en\\\/shop\\\/the-italian-smart-office-the-story-of-estel\\\/#primaryimage\"},\"thumbnailUrl\":\"https:\\\/\\\/foliobooks.pl\\\/wp-content\\\/uploads\\\/2021\\\/03\\\/9788891822789.png\",\"datePublished\":\"2021-03-12T15:28:50+00:00\",\"dateModified\":\"2025-10-16T13:47:19+00:00\",\"description\":\"Wejd\u017a i kup ksi\u0105\u017ck\u0119 The Italian Smart Office. The Story of Estel autorstwa Maria Giulia, Mario Piazza wydan\u0105 przez Rizzoli (2020-10-13) w formacie 21,6 x 27,9 cm (ISBN: 9788891822789). Zapraszamy!\",\"breadcrumb\":{\"@id\":\"https:\\\/\\\/foliobooks.pl\\\/en\\\/shop\\\/the-italian-smart-office-the-story-of-estel\\\/#breadcrumb\"},\"inLanguage\":\"en-US\",\"potentialAction\":[{\"@type\":\"ReadAction\",\"target\":[\"https:\\\/\\\/foliobooks.pl\\\/en\\\/shop\\\/the-italian-smart-office-the-story-of-estel\\\/\"]}]},{\"@type\":\"ImageObject\",\"inLanguage\":\"en-US\",\"@id\":\"https:\\\/\\\/foliobooks.pl\\\/en\\\/shop\\\/the-italian-smart-office-the-story-of-estel\\\/#primaryimage\",\"url\":\"https:\\\/\\\/foliobooks.pl\\\/wp-content\\\/uploads\\\/2021\\\/03\\\/9788891822789.png\",\"contentUrl\":\"https:\\\/\\\/foliobooks.pl\\\/wp-content\\\/uploads\\\/2021\\\/03\\\/9788891822789.png\",\"width\":570,\"height\":708},{\"@type\":\"BreadcrumbList\",\"@id\":\"https:\\\/\\\/foliobooks.pl\\\/en\\\/shop\\\/the-italian-smart-office-the-story-of-estel\\\/#breadcrumb\",\"itemListElement\":[{\"@type\":\"ListItem\",\"position\":1,\"name\":\"Strona g\u0142\u00f3wna\",\"item\":\"https:\\\/\\\/foliobooks.pl\\\/en\\\/\"},{\"@type\":\"ListItem\",\"position\":2,\"name\":\"Shop\",\"item\":\"https:\\\/\\\/foliobooks.pl\\\/en\\\/shop\\\/\"},{\"@type\":\"ListItem\",\"position\":3,\"name\":\"The Italian Smart Office. The Story of Estel\"}]},{\"@type\":\"WebSite\",\"@id\":\"https:\\\/\\\/foliobooks.pl\\\/en\\\/#website\",\"url\":\"https:\\\/\\\/foliobooks.pl\\\/en\\\/\",\"name\":\"Folio\",\"description\":\"Ksi\u0119garnia internetowa\",\"potentialAction\":[{\"@type\":\"SearchAction\",\"target\":{\"@type\":\"EntryPoint\",\"urlTemplate\":\"https:\\\/\\\/foliobooks.pl\\\/en\\\/?s={search_term_string}\"},\"query-input\":{\"@type\":\"PropertyValueSpecification\",\"valueRequired\":true,\"valueName\":\"search_term_string\"}}],\"inLanguage\":\"en-US\"}]}<\/script>\n<!-- \/ Yoast SEO plugin. -->","yoast_head_json":{"title":"The Italian Smart Office. The Story of Estel (Maria Giulia, Mario Piazza) - book \/ album - Folio","description":"Wejd\u017a i kup ksi\u0105\u017ck\u0119 The Italian Smart Office. The Story of Estel autorstwa Maria Giulia, Mario Piazza wydan\u0105 przez Rizzoli (2020-10-13) w formacie 21,6 x 27,9 cm (ISBN: 9788891822789). Zapraszamy!","robots":{"index":"index","follow":"follow","max-snippet":"max-snippet:-1","max-image-preview":"max-image-preview:large","max-video-preview":"max-video-preview:-1"},"canonical":"https:\/\/foliobooks.pl\/en\/shop\/the-italian-smart-office-the-story-of-estel\/","og_locale":"en_US","og_type":"article","og_title":"The Italian Smart Office. The Story of Estel (Maria Giulia, Mario Piazza) - book \/ album - Folio","og_description":"Wejd\u017a i kup ksi\u0105\u017ck\u0119 The Italian Smart Office. The Story of Estel autorstwa Maria Giulia, Mario Piazza wydan\u0105 przez Rizzoli (2020-10-13) w formacie 21,6 x 27,9 cm (ISBN: 9788891822789). Zapraszamy!","og_url":"https:\/\/foliobooks.pl\/en\/shop\/the-italian-smart-office-the-story-of-estel\/","og_site_name":"Folio","article_modified_time":"2025-10-16T13:47:19+00:00","og_image":[{"width":570,"height":708,"url":"https:\/\/foliobooks.pl\/wp-content\/uploads\/2021\/03\/9788891822789.png","type":"image\/png"}],"twitter_card":"summary_large_image","twitter_misc":{"Est. reading time":"1 minute"},"schema":{"@context":"https:\/\/schema.org","@graph":[{"@type":"WebPage","@id":"https:\/\/foliobooks.pl\/en\/shop\/the-italian-smart-office-the-story-of-estel\/","url":"https:\/\/foliobooks.pl\/en\/shop\/the-italian-smart-office-the-story-of-estel\/","name":"The Italian Smart Office. The Story of Estel (Maria Giulia, Mario Piazza) - book \/ album - Folio","isPartOf":{"@id":"https:\/\/foliobooks.pl\/en\/#website"},"primaryImageOfPage":{"@id":"https:\/\/foliobooks.pl\/en\/shop\/the-italian-smart-office-the-story-of-estel\/#primaryimage"},"image":{"@id":"https:\/\/foliobooks.pl\/en\/shop\/the-italian-smart-office-the-story-of-estel\/#primaryimage"},"thumbnailUrl":"https:\/\/foliobooks.pl\/wp-content\/uploads\/2021\/03\/9788891822789.png","datePublished":"2021-03-12T15:28:50+00:00","dateModified":"2025-10-16T13:47:19+00:00","description":"Wejd\u017a i kup ksi\u0105\u017ck\u0119 The Italian Smart Office. The Story of Estel autorstwa Maria Giulia, Mario Piazza wydan\u0105 przez Rizzoli (2020-10-13) w formacie 21,6 x 27,9 cm (ISBN: 9788891822789). Zapraszamy!","breadcrumb":{"@id":"https:\/\/foliobooks.pl\/en\/shop\/the-italian-smart-office-the-story-of-estel\/#breadcrumb"},"inLanguage":"en-US","potentialAction":[{"@type":"ReadAction","target":["https:\/\/foliobooks.pl\/en\/shop\/the-italian-smart-office-the-story-of-estel\/"]}]},{"@type":"ImageObject","inLanguage":"en-US","@id":"https:\/\/foliobooks.pl\/en\/shop\/the-italian-smart-office-the-story-of-estel\/#primaryimage","url":"https:\/\/foliobooks.pl\/wp-content\/uploads\/2021\/03\/9788891822789.png","contentUrl":"https:\/\/foliobooks.pl\/wp-content\/uploads\/2021\/03\/9788891822789.png","width":570,"height":708},{"@type":"BreadcrumbList","@id":"https:\/\/foliobooks.pl\/en\/shop\/the-italian-smart-office-the-story-of-estel\/#breadcrumb","itemListElement":[{"@type":"ListItem","position":1,"name":"Strona g\u0142\u00f3wna","item":"https:\/\/foliobooks.pl\/en\/"},{"@type":"ListItem","position":2,"name":"Shop","item":"https:\/\/foliobooks.pl\/en\/shop\/"},{"@type":"ListItem","position":3,"name":"The Italian Smart Office. The Story of Estel"}]},{"@type":"WebSite","@id":"https:\/\/foliobooks.pl\/en\/#website","url":"https:\/\/foliobooks.pl\/en\/","name":"Folio","description":"Ksi\u0119garnia internetowa","potentialAction":[{"@type":"SearchAction","target":{"@type":"EntryPoint","urlTemplate":"https:\/\/foliobooks.pl\/en\/?s={search_term_string}"},"query-input":{"@type":"PropertyValueSpecification","valueRequired":true,"valueName":"search_term_string"}}],"inLanguage":"en-US"}]}},"_links":{"self":[{"href":"https:\/\/foliobooks.pl\/en\/wp-json\/wp\/v2\/product\/54543","targetHints":{"allow":["GET"]}}],"collection":[{"href":"https:\/\/foliobooks.pl\/en\/wp-json\/wp\/v2\/product"}],"about":[{"href":"https:\/\/foliobooks.pl\/en\/wp-json\/wp\/v2\/types\/product"}],"replies":[{"embeddable":true,"href":"https:\/\/foliobooks.pl\/en\/wp-json\/wp\/v2\/comments?post=54543"}],"wp:featuredmedia":[{"embeddable":true,"href":"https:\/\/foliobooks.pl\/en\/wp-json\/wp\/v2\/media\/54542"}],"wp:attachment":[{"href":"https:\/\/foliobooks.pl\/en\/wp-json\/wp\/v2\/media?parent=54543"}],"wp:term":[{"taxonomy":"product_brand","embeddable":true,"href":"https:\/\/foliobooks.pl\/en\/wp-json\/wp\/v2\/product_brand?post=54543"},{"taxonomy":"product_cat","embeddable":true,"href":"https:\/\/foliobooks.pl\/en\/wp-json\/wp\/v2\/product_cat?post=54543"},{"taxonomy":"product_tag","embeddable":true,"href":"https:\/\/foliobooks.pl\/en\/wp-json\/wp\/v2\/product_tag?post=54543"}],"curies":[{"name":"wp","href":"https:\/\/api.w.org\/{rel}","templated":true}]}}