{"id":54248,"date":"2021-02-17T12:26:56","date_gmt":"2021-02-17T11:26:56","guid":{"rendered":"https:\/\/foliobooks.pl\/sklep\/handbook-of-great-italian-perfumery\/"},"modified":"2021-04-16T11:58:24","modified_gmt":"2021-04-16T09:58:24","slug":"handbook-of-great-italian-perfumery","status":"publish","type":"product","link":"https:\/\/foliobooks.pl\/en\/shop\/handbook-of-great-italian-perfumery\/","title":{"rendered":"Handbook of Great Italian Perfumery"},"content":{"rendered":"<p>Celebrating the olfactory extravagance of Italy\u2019s unique perfume-making industry\u2015for industry insiders and anyone who loves perfume<\/p>\n<p>The human sense of smell has long been associated with its ability to conjure vivid memories and evoke strong emotions. Medieval Italians were among the first in the West to hone this natural sensory predilection into a true art that married science and design into a single stunning product.<\/p>\n<p>This book serves as an essential resource on the subject. It is divided into three parts: the first retraces key events in the development of the art of perfumery, while the second anthologizes a series of the 100 most famous Italian fragrances. The third chapter is dedicated to the perfume production chain as described by industry experts, from the initial scent profile to the luxurious and ever-evolving product design of perfume bottles.<\/p>\n<p>Within the pages of this stunning book, readers will discover a wealth of information regarding Italy\u2019s perfumery practice, including a report of approximately 7,000 fragrances produced in the country\u2019s last 50 years and a table that illustrates the 100 featured perfumes organized by chronology and olfactory groups. Accompanied by gorgeous full-color photography, the research presented here offers a wealth of information for those within the industry as well as anyone who uses and loves perfumes.<\/p>\n","protected":false},"excerpt":{"rendered":"<p>Celebrating the olfactory extravagance of Italy\u2019s unique perfume-making industry\u2015for industry insiders and anyone who loves perfume The human sense of smell has long been associated with its ability to conjure vivid memories and evoke strong emotions. Medieval Italians were among the first in the West to hone this natural sensory predilection into a true art&#8230;<\/p>\n","protected":false},"featured_media":54247,"comment_status":"closed","ping_status":"closed","template":"","meta":[],"product_brand":[],"product_cat":[13533,4519],"product_tag":[1034],"class_list":{"0":"post-54248","1":"product","2":"type-product","3":"status-publish","4":"has-post-thumbnail","6":"product_cat-books","7":"product_cat-fashion-en-en","8":"product_tag-perfumes-en","9":"pa_author_att-marika-vecchiattini-en","10":"pa_cover-softcover","11":"pa_format-17-x-24-cm-en","12":"pa_isbn-9788836647071-en","13":"pa_language-eng","14":"pa_pages-360-en","15":"pa_published-2021-03-30-en","16":"pa_publisher-silvana-en","18":"first","19":"instock","20":"sold-individually","21":"shipping-taxable","22":"purchasable","23":"product-type-simple"},"yoast_head":"<!-- This site is optimized with the Yoast SEO plugin v27.4 - https:\/\/yoast.com\/product\/yoast-seo-wordpress\/ -->\n<title>Handbook of Great Italian Perfumery (Marika Vecchiattini) - book \/ album - Folio<\/title>\n<meta name=\"description\" content=\"Wejd\u017a i kup ksi\u0105\u017ck\u0119 Handbook of Great Italian Perfumery autorstwa Marika Vecchiattini wydan\u0105 przez Silvana (2021-03-30) w formacie 17 x 24 cm (ISBN: 9788836647071). Zapraszamy!\" \/>\n<meta name=\"robots\" content=\"index, follow, max-snippet:-1, max-image-preview:large, max-video-preview:-1\" \/>\n<link rel=\"canonical\" href=\"https:\/\/foliobooks.pl\/en\/shop\/handbook-of-great-italian-perfumery\/\" \/>\n<meta property=\"og:locale\" content=\"en_US\" \/>\n<meta property=\"og:type\" content=\"article\" \/>\n<meta property=\"og:title\" content=\"Handbook of Great Italian Perfumery (Marika Vecchiattini) - book \/ album - Folio\" \/>\n<meta property=\"og:description\" content=\"Wejd\u017a i kup ksi\u0105\u017ck\u0119 Handbook of Great Italian Perfumery autorstwa Marika Vecchiattini wydan\u0105 przez Silvana (2021-03-30) w formacie 17 x 24 cm (ISBN: 9788836647071). Zapraszamy!\" \/>\n<meta property=\"og:url\" content=\"https:\/\/foliobooks.pl\/en\/shop\/handbook-of-great-italian-perfumery\/\" \/>\n<meta property=\"og:site_name\" content=\"Folio\" \/>\n<meta property=\"article:modified_time\" content=\"2021-04-16T09:58:24+00:00\" \/>\n<meta property=\"og:image\" content=\"https:\/\/foliobooks.pl\/wp-content\/uploads\/2021\/02\/9788836647071.png\" \/>\n\t<meta property=\"og:image:width\" content=\"570\" \/>\n\t<meta property=\"og:image:height\" content=\"708\" \/>\n\t<meta property=\"og:image:type\" content=\"image\/png\" \/>\n<meta name=\"twitter:card\" content=\"summary_large_image\" \/>\n<meta name=\"twitter:label1\" content=\"Est. reading time\" \/>\n\t<meta name=\"twitter:data1\" content=\"1 minute\" \/>\n<script type=\"application\/ld+json\" class=\"yoast-schema-graph\">{\"@context\":\"https:\\\/\\\/schema.org\",\"@graph\":[{\"@type\":\"WebPage\",\"@id\":\"https:\\\/\\\/foliobooks.pl\\\/en\\\/shop\\\/handbook-of-great-italian-perfumery\\\/\",\"url\":\"https:\\\/\\\/foliobooks.pl\\\/en\\\/shop\\\/handbook-of-great-italian-perfumery\\\/\",\"name\":\"Handbook of Great Italian Perfumery (Marika Vecchiattini) - book \\\/ album - Folio\",\"isPartOf\":{\"@id\":\"https:\\\/\\\/foliobooks.pl\\\/en\\\/#website\"},\"primaryImageOfPage\":{\"@id\":\"https:\\\/\\\/foliobooks.pl\\\/en\\\/shop\\\/handbook-of-great-italian-perfumery\\\/#primaryimage\"},\"image\":{\"@id\":\"https:\\\/\\\/foliobooks.pl\\\/en\\\/shop\\\/handbook-of-great-italian-perfumery\\\/#primaryimage\"},\"thumbnailUrl\":\"https:\\\/\\\/foliobooks.pl\\\/wp-content\\\/uploads\\\/2021\\\/02\\\/9788836647071.png\",\"datePublished\":\"2021-02-17T11:26:56+00:00\",\"dateModified\":\"2021-04-16T09:58:24+00:00\",\"description\":\"Wejd\u017a i kup ksi\u0105\u017ck\u0119 Handbook of Great Italian Perfumery autorstwa Marika Vecchiattini wydan\u0105 przez Silvana (2021-03-30) w formacie 17 x 24 cm (ISBN: 9788836647071). Zapraszamy!\",\"breadcrumb\":{\"@id\":\"https:\\\/\\\/foliobooks.pl\\\/en\\\/shop\\\/handbook-of-great-italian-perfumery\\\/#breadcrumb\"},\"inLanguage\":\"en-US\",\"potentialAction\":[{\"@type\":\"ReadAction\",\"target\":[\"https:\\\/\\\/foliobooks.pl\\\/en\\\/shop\\\/handbook-of-great-italian-perfumery\\\/\"]}]},{\"@type\":\"ImageObject\",\"inLanguage\":\"en-US\",\"@id\":\"https:\\\/\\\/foliobooks.pl\\\/en\\\/shop\\\/handbook-of-great-italian-perfumery\\\/#primaryimage\",\"url\":\"https:\\\/\\\/foliobooks.pl\\\/wp-content\\\/uploads\\\/2021\\\/02\\\/9788836647071.png\",\"contentUrl\":\"https:\\\/\\\/foliobooks.pl\\\/wp-content\\\/uploads\\\/2021\\\/02\\\/9788836647071.png\",\"width\":570,\"height\":708},{\"@type\":\"BreadcrumbList\",\"@id\":\"https:\\\/\\\/foliobooks.pl\\\/en\\\/shop\\\/handbook-of-great-italian-perfumery\\\/#breadcrumb\",\"itemListElement\":[{\"@type\":\"ListItem\",\"position\":1,\"name\":\"Strona g\u0142\u00f3wna\",\"item\":\"https:\\\/\\\/foliobooks.pl\\\/en\\\/\"},{\"@type\":\"ListItem\",\"position\":2,\"name\":\"Shop\",\"item\":\"https:\\\/\\\/foliobooks.pl\\\/en\\\/shop\\\/\"},{\"@type\":\"ListItem\",\"position\":3,\"name\":\"Handbook of Great Italian Perfumery\"}]},{\"@type\":\"WebSite\",\"@id\":\"https:\\\/\\\/foliobooks.pl\\\/en\\\/#website\",\"url\":\"https:\\\/\\\/foliobooks.pl\\\/en\\\/\",\"name\":\"Folio\",\"description\":\"Ksi\u0119garnia internetowa\",\"potentialAction\":[{\"@type\":\"SearchAction\",\"target\":{\"@type\":\"EntryPoint\",\"urlTemplate\":\"https:\\\/\\\/foliobooks.pl\\\/en\\\/?s={search_term_string}\"},\"query-input\":{\"@type\":\"PropertyValueSpecification\",\"valueRequired\":true,\"valueName\":\"search_term_string\"}}],\"inLanguage\":\"en-US\"}]}<\/script>\n<!-- \/ Yoast SEO plugin. -->","yoast_head_json":{"title":"Handbook of Great Italian Perfumery (Marika Vecchiattini) - book \/ album - Folio","description":"Wejd\u017a i kup ksi\u0105\u017ck\u0119 Handbook of Great Italian Perfumery autorstwa Marika Vecchiattini wydan\u0105 przez Silvana (2021-03-30) w formacie 17 x 24 cm (ISBN: 9788836647071). Zapraszamy!","robots":{"index":"index","follow":"follow","max-snippet":"max-snippet:-1","max-image-preview":"max-image-preview:large","max-video-preview":"max-video-preview:-1"},"canonical":"https:\/\/foliobooks.pl\/en\/shop\/handbook-of-great-italian-perfumery\/","og_locale":"en_US","og_type":"article","og_title":"Handbook of Great Italian Perfumery (Marika Vecchiattini) - book \/ album - Folio","og_description":"Wejd\u017a i kup ksi\u0105\u017ck\u0119 Handbook of Great Italian Perfumery autorstwa Marika Vecchiattini wydan\u0105 przez Silvana (2021-03-30) w formacie 17 x 24 cm (ISBN: 9788836647071). Zapraszamy!","og_url":"https:\/\/foliobooks.pl\/en\/shop\/handbook-of-great-italian-perfumery\/","og_site_name":"Folio","article_modified_time":"2021-04-16T09:58:24+00:00","og_image":[{"width":570,"height":708,"url":"https:\/\/foliobooks.pl\/wp-content\/uploads\/2021\/02\/9788836647071.png","type":"image\/png"}],"twitter_card":"summary_large_image","twitter_misc":{"Est. reading time":"1 minute"},"schema":{"@context":"https:\/\/schema.org","@graph":[{"@type":"WebPage","@id":"https:\/\/foliobooks.pl\/en\/shop\/handbook-of-great-italian-perfumery\/","url":"https:\/\/foliobooks.pl\/en\/shop\/handbook-of-great-italian-perfumery\/","name":"Handbook of Great Italian Perfumery (Marika Vecchiattini) - book \/ album - Folio","isPartOf":{"@id":"https:\/\/foliobooks.pl\/en\/#website"},"primaryImageOfPage":{"@id":"https:\/\/foliobooks.pl\/en\/shop\/handbook-of-great-italian-perfumery\/#primaryimage"},"image":{"@id":"https:\/\/foliobooks.pl\/en\/shop\/handbook-of-great-italian-perfumery\/#primaryimage"},"thumbnailUrl":"https:\/\/foliobooks.pl\/wp-content\/uploads\/2021\/02\/9788836647071.png","datePublished":"2021-02-17T11:26:56+00:00","dateModified":"2021-04-16T09:58:24+00:00","description":"Wejd\u017a i kup ksi\u0105\u017ck\u0119 Handbook of Great Italian Perfumery autorstwa Marika Vecchiattini wydan\u0105 przez Silvana (2021-03-30) w formacie 17 x 24 cm (ISBN: 9788836647071). Zapraszamy!","breadcrumb":{"@id":"https:\/\/foliobooks.pl\/en\/shop\/handbook-of-great-italian-perfumery\/#breadcrumb"},"inLanguage":"en-US","potentialAction":[{"@type":"ReadAction","target":["https:\/\/foliobooks.pl\/en\/shop\/handbook-of-great-italian-perfumery\/"]}]},{"@type":"ImageObject","inLanguage":"en-US","@id":"https:\/\/foliobooks.pl\/en\/shop\/handbook-of-great-italian-perfumery\/#primaryimage","url":"https:\/\/foliobooks.pl\/wp-content\/uploads\/2021\/02\/9788836647071.png","contentUrl":"https:\/\/foliobooks.pl\/wp-content\/uploads\/2021\/02\/9788836647071.png","width":570,"height":708},{"@type":"BreadcrumbList","@id":"https:\/\/foliobooks.pl\/en\/shop\/handbook-of-great-italian-perfumery\/#breadcrumb","itemListElement":[{"@type":"ListItem","position":1,"name":"Strona g\u0142\u00f3wna","item":"https:\/\/foliobooks.pl\/en\/"},{"@type":"ListItem","position":2,"name":"Shop","item":"https:\/\/foliobooks.pl\/en\/shop\/"},{"@type":"ListItem","position":3,"name":"Handbook of Great Italian Perfumery"}]},{"@type":"WebSite","@id":"https:\/\/foliobooks.pl\/en\/#website","url":"https:\/\/foliobooks.pl\/en\/","name":"Folio","description":"Ksi\u0119garnia internetowa","potentialAction":[{"@type":"SearchAction","target":{"@type":"EntryPoint","urlTemplate":"https:\/\/foliobooks.pl\/en\/?s={search_term_string}"},"query-input":{"@type":"PropertyValueSpecification","valueRequired":true,"valueName":"search_term_string"}}],"inLanguage":"en-US"}]}},"_links":{"self":[{"href":"https:\/\/foliobooks.pl\/en\/wp-json\/wp\/v2\/product\/54248","targetHints":{"allow":["GET"]}}],"collection":[{"href":"https:\/\/foliobooks.pl\/en\/wp-json\/wp\/v2\/product"}],"about":[{"href":"https:\/\/foliobooks.pl\/en\/wp-json\/wp\/v2\/types\/product"}],"replies":[{"embeddable":true,"href":"https:\/\/foliobooks.pl\/en\/wp-json\/wp\/v2\/comments?post=54248"}],"wp:featuredmedia":[{"embeddable":true,"href":"https:\/\/foliobooks.pl\/en\/wp-json\/wp\/v2\/media\/54247"}],"wp:attachment":[{"href":"https:\/\/foliobooks.pl\/en\/wp-json\/wp\/v2\/media?parent=54248"}],"wp:term":[{"taxonomy":"product_brand","embeddable":true,"href":"https:\/\/foliobooks.pl\/en\/wp-json\/wp\/v2\/product_brand?post=54248"},{"taxonomy":"product_cat","embeddable":true,"href":"https:\/\/foliobooks.pl\/en\/wp-json\/wp\/v2\/product_cat?post=54248"},{"taxonomy":"product_tag","embeddable":true,"href":"https:\/\/foliobooks.pl\/en\/wp-json\/wp\/v2\/product_tag?post=54248"}],"curies":[{"name":"wp","href":"https:\/\/api.w.org\/{rel}","templated":true}]}}