{"id":53464,"date":"2020-12-18T13:23:05","date_gmt":"2020-12-18T12:23:05","guid":{"rendered":"https:\/\/foliobooks.pl\/?post_type=product&#038;p=53464"},"modified":"2025-06-16T15:40:44","modified_gmt":"2025-06-16T13:40:44","slug":"rock-covers-40th-anniversary-edition","status":"publish","type":"product","link":"https:\/\/foliobooks.pl\/en\/shop\/rock-covers-40th-anniversary-edition\/","title":{"rendered":"Rock Covers. 40th Anniversary Edition"},"content":{"rendered":"<p>From legendary releases to ultra-rare records, Elvis Presley to Iron Maiden, discover the 750 album covers that made rock history. Fact sheets, insider interviews, and lists from leading collectors of their top 10 records guide us through the indelible markers of musical memory, complete with bonus info on 250 milestone records that became turning points for a band, an artist, or an entire genre.<\/p>\n<p>Album art is indelibly linked to our collective musical memories; when you think of your favorite albums, you picture the covers. Many photographers, illustrators, and art directors have become celebrities from their album artworks\u2014the best examples of which will go down in history as permanent fixtures in popular culture.<\/p>\n<p>Paying tribute to this art form, Rock Covers brings you a compilation of more than 750 remarkable album covers, from legendary to rare record releases. Artists as varied as Elvis Presley, The Beatles, The Sex Pistols, Pink Floyd, The Cure, Iron Maiden, and Sonic Youth are gathered together in celebration of the cover art that defined their albums and their cult status. Each cover is accompanied by a fact sheet listing the art director, photographer or illustrator, year, label, and more, while nearly 250 records that marked particular turning points for a band, an artist, or the music genre, are highlighted with short descriptions.<\/p>\n<p>This far-reaching catalog of visualized rock is contextualized with insider interviews with professionals who shaped the history of rock, and by top-10 record lists from ten leading rock collectors.<\/p>\n","protected":false},"excerpt":{"rendered":"<p>From legendary releases to ultra-rare records, Elvis Presley to Iron Maiden, discover the 750 album covers that made rock history. Fact sheets, insider interviews, and lists from leading collectors of their top 10 records guide us through the indelible markers of musical memory, complete with bonus info on 250 milestone records that became turning points&#8230;<\/p>\n","protected":false},"featured_media":53672,"comment_status":"closed","ping_status":"closed","template":"","meta":[],"product_brand":[],"product_cat":[13533,4523,4525],"product_tag":[4524,2253,1681,1102,6783,1269,6121],"class_list":{"0":"post-53464","1":"product","2":"type-product","3":"status-publish","4":"has-post-thumbnail","6":"product_cat-books","7":"product_cat-design-en-en","8":"product_cat-graphic-design","9":"product_tag-design-en-en","10":"product_tag-graphics","11":"product_tag-history","12":"product_tag-music-en","13":"product_tag-music-albums-en","14":"product_tag-musicians","15":"product_tag-photography","16":"pa_author_att-jonathan-kirby-en","17":"pa_author_att-robbie-busch-en","18":"pa_cover-hardcover","19":"pa_format-156-x-217-cm-en","20":"pa_isbn-9783836576437-en","21":"pa_language-eng-f-ger","22":"pa_pages-512-en","23":"pa_published-2020-06-23-en","24":"pa_publisher-taschen-en-en","26":"first","27":"instock","28":"sold-individually","29":"shipping-taxable","30":"purchasable","31":"product-type-simple"},"yoast_head":"<!-- This site is optimized with the Yoast SEO plugin v27.5 - https:\/\/yoast.com\/product\/yoast-seo-wordpress\/ -->\n<title>Rock Covers. 40th Anniversary Edition (Jonathan Kirby, Robbie Busch) - book \/ album - Folio<\/title>\n<meta name=\"description\" content=\"Wejd\u017a i kup ksi\u0105\u017ck\u0119 Rock Covers. 40th Anniversary Edition autorstwa Jonathan Kirby, Robbie Busch wydan\u0105 przez TASCHEN (2020-06-23) w formacie 15,6 x 21,7 cm (ISBN: 9783836576437). Zapraszamy!\" \/>\n<meta name=\"robots\" content=\"index, follow, max-snippet:-1, max-image-preview:large, max-video-preview:-1\" \/>\n<link rel=\"canonical\" href=\"https:\/\/foliobooks.pl\/en\/shop\/rock-covers-40th-anniversary-edition\/\" \/>\n<meta property=\"og:locale\" content=\"en_US\" \/>\n<meta property=\"og:type\" content=\"article\" \/>\n<meta property=\"og:title\" content=\"Rock Covers. 40th Anniversary Edition (Jonathan Kirby, Robbie Busch) - book \/ album - Folio\" \/>\n<meta property=\"og:description\" content=\"Wejd\u017a i kup ksi\u0105\u017ck\u0119 Rock Covers. 40th Anniversary Edition autorstwa Jonathan Kirby, Robbie Busch wydan\u0105 przez TASCHEN (2020-06-23) w formacie 15,6 x 21,7 cm (ISBN: 9783836576437). Zapraszamy!\" \/>\n<meta property=\"og:url\" content=\"https:\/\/foliobooks.pl\/en\/shop\/rock-covers-40th-anniversary-edition\/\" \/>\n<meta property=\"og:site_name\" content=\"Folio\" \/>\n<meta property=\"article:modified_time\" content=\"2025-06-16T13:40:44+00:00\" \/>\n<meta property=\"og:image\" content=\"https:\/\/foliobooks.pl\/wp-content\/uploads\/2020\/12\/9783836576437.png\" \/>\n\t<meta property=\"og:image:width\" content=\"570\" \/>\n\t<meta property=\"og:image:height\" content=\"708\" \/>\n\t<meta property=\"og:image:type\" content=\"image\/png\" \/>\n<meta name=\"twitter:card\" content=\"summary_large_image\" \/>\n<meta name=\"twitter:label1\" content=\"Est. reading time\" \/>\n\t<meta name=\"twitter:data1\" content=\"1 minute\" \/>\n<script type=\"application\/ld+json\" class=\"yoast-schema-graph\">{\"@context\":\"https:\\\/\\\/schema.org\",\"@graph\":[{\"@type\":\"WebPage\",\"@id\":\"https:\\\/\\\/foliobooks.pl\\\/en\\\/shop\\\/rock-covers-40th-anniversary-edition\\\/\",\"url\":\"https:\\\/\\\/foliobooks.pl\\\/en\\\/shop\\\/rock-covers-40th-anniversary-edition\\\/\",\"name\":\"Rock Covers. 40th Anniversary Edition (Jonathan Kirby, Robbie Busch) - book \\\/ album - Folio\",\"isPartOf\":{\"@id\":\"https:\\\/\\\/foliobooks.pl\\\/en\\\/#website\"},\"primaryImageOfPage\":{\"@id\":\"https:\\\/\\\/foliobooks.pl\\\/en\\\/shop\\\/rock-covers-40th-anniversary-edition\\\/#primaryimage\"},\"image\":{\"@id\":\"https:\\\/\\\/foliobooks.pl\\\/en\\\/shop\\\/rock-covers-40th-anniversary-edition\\\/#primaryimage\"},\"thumbnailUrl\":\"https:\\\/\\\/foliobooks.pl\\\/wp-content\\\/uploads\\\/2020\\\/12\\\/9783836576437.png\",\"datePublished\":\"2020-12-18T12:23:05+00:00\",\"dateModified\":\"2025-06-16T13:40:44+00:00\",\"description\":\"Wejd\u017a i kup ksi\u0105\u017ck\u0119 Rock Covers. 40th Anniversary Edition autorstwa Jonathan Kirby, Robbie Busch wydan\u0105 przez TASCHEN (2020-06-23) w formacie 15,6 x 21,7 cm (ISBN: 9783836576437). Zapraszamy!\",\"breadcrumb\":{\"@id\":\"https:\\\/\\\/foliobooks.pl\\\/en\\\/shop\\\/rock-covers-40th-anniversary-edition\\\/#breadcrumb\"},\"inLanguage\":\"en-US\",\"potentialAction\":[{\"@type\":\"ReadAction\",\"target\":[\"https:\\\/\\\/foliobooks.pl\\\/en\\\/shop\\\/rock-covers-40th-anniversary-edition\\\/\"]}]},{\"@type\":\"ImageObject\",\"inLanguage\":\"en-US\",\"@id\":\"https:\\\/\\\/foliobooks.pl\\\/en\\\/shop\\\/rock-covers-40th-anniversary-edition\\\/#primaryimage\",\"url\":\"https:\\\/\\\/foliobooks.pl\\\/wp-content\\\/uploads\\\/2020\\\/12\\\/9783836576437.png\",\"contentUrl\":\"https:\\\/\\\/foliobooks.pl\\\/wp-content\\\/uploads\\\/2020\\\/12\\\/9783836576437.png\",\"width\":570,\"height\":708},{\"@type\":\"BreadcrumbList\",\"@id\":\"https:\\\/\\\/foliobooks.pl\\\/en\\\/shop\\\/rock-covers-40th-anniversary-edition\\\/#breadcrumb\",\"itemListElement\":[{\"@type\":\"ListItem\",\"position\":1,\"name\":\"Strona g\u0142\u00f3wna\",\"item\":\"https:\\\/\\\/foliobooks.pl\\\/en\\\/\"},{\"@type\":\"ListItem\",\"position\":2,\"name\":\"Shop\",\"item\":\"https:\\\/\\\/foliobooks.pl\\\/en\\\/shop\\\/\"},{\"@type\":\"ListItem\",\"position\":3,\"name\":\"Rock Covers. 40th Anniversary Edition\"}]},{\"@type\":\"WebSite\",\"@id\":\"https:\\\/\\\/foliobooks.pl\\\/en\\\/#website\",\"url\":\"https:\\\/\\\/foliobooks.pl\\\/en\\\/\",\"name\":\"Folio\",\"description\":\"Ksi\u0119garnia internetowa\",\"potentialAction\":[{\"@type\":\"SearchAction\",\"target\":{\"@type\":\"EntryPoint\",\"urlTemplate\":\"https:\\\/\\\/foliobooks.pl\\\/en\\\/?s={search_term_string}\"},\"query-input\":{\"@type\":\"PropertyValueSpecification\",\"valueRequired\":true,\"valueName\":\"search_term_string\"}}],\"inLanguage\":\"en-US\"}]}<\/script>\n<!-- \/ Yoast SEO plugin. -->","yoast_head_json":{"title":"Rock Covers. 40th Anniversary Edition (Jonathan Kirby, Robbie Busch) - book \/ album - Folio","description":"Wejd\u017a i kup ksi\u0105\u017ck\u0119 Rock Covers. 40th Anniversary Edition autorstwa Jonathan Kirby, Robbie Busch wydan\u0105 przez TASCHEN (2020-06-23) w formacie 15,6 x 21,7 cm (ISBN: 9783836576437). Zapraszamy!","robots":{"index":"index","follow":"follow","max-snippet":"max-snippet:-1","max-image-preview":"max-image-preview:large","max-video-preview":"max-video-preview:-1"},"canonical":"https:\/\/foliobooks.pl\/en\/shop\/rock-covers-40th-anniversary-edition\/","og_locale":"en_US","og_type":"article","og_title":"Rock Covers. 40th Anniversary Edition (Jonathan Kirby, Robbie Busch) - book \/ album - Folio","og_description":"Wejd\u017a i kup ksi\u0105\u017ck\u0119 Rock Covers. 40th Anniversary Edition autorstwa Jonathan Kirby, Robbie Busch wydan\u0105 przez TASCHEN (2020-06-23) w formacie 15,6 x 21,7 cm (ISBN: 9783836576437). Zapraszamy!","og_url":"https:\/\/foliobooks.pl\/en\/shop\/rock-covers-40th-anniversary-edition\/","og_site_name":"Folio","article_modified_time":"2025-06-16T13:40:44+00:00","og_image":[{"width":570,"height":708,"url":"https:\/\/foliobooks.pl\/wp-content\/uploads\/2020\/12\/9783836576437.png","type":"image\/png"}],"twitter_card":"summary_large_image","twitter_misc":{"Est. reading time":"1 minute"},"schema":{"@context":"https:\/\/schema.org","@graph":[{"@type":"WebPage","@id":"https:\/\/foliobooks.pl\/en\/shop\/rock-covers-40th-anniversary-edition\/","url":"https:\/\/foliobooks.pl\/en\/shop\/rock-covers-40th-anniversary-edition\/","name":"Rock Covers. 40th Anniversary Edition (Jonathan Kirby, Robbie Busch) - book \/ album - Folio","isPartOf":{"@id":"https:\/\/foliobooks.pl\/en\/#website"},"primaryImageOfPage":{"@id":"https:\/\/foliobooks.pl\/en\/shop\/rock-covers-40th-anniversary-edition\/#primaryimage"},"image":{"@id":"https:\/\/foliobooks.pl\/en\/shop\/rock-covers-40th-anniversary-edition\/#primaryimage"},"thumbnailUrl":"https:\/\/foliobooks.pl\/wp-content\/uploads\/2020\/12\/9783836576437.png","datePublished":"2020-12-18T12:23:05+00:00","dateModified":"2025-06-16T13:40:44+00:00","description":"Wejd\u017a i kup ksi\u0105\u017ck\u0119 Rock Covers. 40th Anniversary Edition autorstwa Jonathan Kirby, Robbie Busch wydan\u0105 przez TASCHEN (2020-06-23) w formacie 15,6 x 21,7 cm (ISBN: 9783836576437). Zapraszamy!","breadcrumb":{"@id":"https:\/\/foliobooks.pl\/en\/shop\/rock-covers-40th-anniversary-edition\/#breadcrumb"},"inLanguage":"en-US","potentialAction":[{"@type":"ReadAction","target":["https:\/\/foliobooks.pl\/en\/shop\/rock-covers-40th-anniversary-edition\/"]}]},{"@type":"ImageObject","inLanguage":"en-US","@id":"https:\/\/foliobooks.pl\/en\/shop\/rock-covers-40th-anniversary-edition\/#primaryimage","url":"https:\/\/foliobooks.pl\/wp-content\/uploads\/2020\/12\/9783836576437.png","contentUrl":"https:\/\/foliobooks.pl\/wp-content\/uploads\/2020\/12\/9783836576437.png","width":570,"height":708},{"@type":"BreadcrumbList","@id":"https:\/\/foliobooks.pl\/en\/shop\/rock-covers-40th-anniversary-edition\/#breadcrumb","itemListElement":[{"@type":"ListItem","position":1,"name":"Strona g\u0142\u00f3wna","item":"https:\/\/foliobooks.pl\/en\/"},{"@type":"ListItem","position":2,"name":"Shop","item":"https:\/\/foliobooks.pl\/en\/shop\/"},{"@type":"ListItem","position":3,"name":"Rock Covers. 40th Anniversary Edition"}]},{"@type":"WebSite","@id":"https:\/\/foliobooks.pl\/en\/#website","url":"https:\/\/foliobooks.pl\/en\/","name":"Folio","description":"Ksi\u0119garnia internetowa","potentialAction":[{"@type":"SearchAction","target":{"@type":"EntryPoint","urlTemplate":"https:\/\/foliobooks.pl\/en\/?s={search_term_string}"},"query-input":{"@type":"PropertyValueSpecification","valueRequired":true,"valueName":"search_term_string"}}],"inLanguage":"en-US"}]}},"_links":{"self":[{"href":"https:\/\/foliobooks.pl\/en\/wp-json\/wp\/v2\/product\/53464","targetHints":{"allow":["GET"]}}],"collection":[{"href":"https:\/\/foliobooks.pl\/en\/wp-json\/wp\/v2\/product"}],"about":[{"href":"https:\/\/foliobooks.pl\/en\/wp-json\/wp\/v2\/types\/product"}],"replies":[{"embeddable":true,"href":"https:\/\/foliobooks.pl\/en\/wp-json\/wp\/v2\/comments?post=53464"}],"wp:featuredmedia":[{"embeddable":true,"href":"https:\/\/foliobooks.pl\/en\/wp-json\/wp\/v2\/media\/53672"}],"wp:attachment":[{"href":"https:\/\/foliobooks.pl\/en\/wp-json\/wp\/v2\/media?parent=53464"}],"wp:term":[{"taxonomy":"product_brand","embeddable":true,"href":"https:\/\/foliobooks.pl\/en\/wp-json\/wp\/v2\/product_brand?post=53464"},{"taxonomy":"product_cat","embeddable":true,"href":"https:\/\/foliobooks.pl\/en\/wp-json\/wp\/v2\/product_cat?post=53464"},{"taxonomy":"product_tag","embeddable":true,"href":"https:\/\/foliobooks.pl\/en\/wp-json\/wp\/v2\/product_tag?post=53464"}],"curies":[{"name":"wp","href":"https:\/\/api.w.org\/{rel}","templated":true}]}}