{"id":53449,"date":"2020-12-18T09:43:57","date_gmt":"2020-12-18T08:43:57","guid":{"rendered":"https:\/\/foliobooks.pl\/?post_type=product&#038;p=53449"},"modified":"2025-03-06T16:12:51","modified_gmt":"2025-03-06T15:12:51","slug":"walt-disneys-mickey-mouse-the-ultimate-history-40th-anniversary-edition","status":"publish","type":"product","link":"https:\/\/foliobooks.pl\/en\/shop\/walt-disneys-mickey-mouse-the-ultimate-history-40th-anniversary-edition\/","title":{"rendered":"Walt Disney&#8217;s Mickey Mouse. The Ultimate History. 40th Anniversary Edition"},"content":{"rendered":"<p>Celebrate 90+ years of Mickey Mouse with one of the most expansive illustrated publications on the Disney universe: behind-the-scenes shots, rare animation art, and vintage comics trace Mickey\u2019s cartoons, his comic adventures, the world of Mickey merchandise and memorabilia, as well as the legendary Mickey Mouse Club.<\/p>\n<p>On November 18, 1928, the world\u2019s most famous Mouse made his very first public debut. Today, we celebrate 90+ years of Mickey in one of the most expansive illustrated publications on the Disney universe. Starting with the first sketches of a character who was almost named Mortimer, we trace the career of Walt Disney\u2019s and Ub Iwerks\u2019s most famous creation, one met with an explosion of worldwide popularity preceded only by the earlier successes of Charlie Chaplin.<\/p>\n<p>With unlimited access to Disney\u2019s vast historical collections as well as public and private collections, the authors bring Mickey\u2019s success story to life: concept art, story sketches, background paintings, and animation drawings as well as historical photographs trace the origins and evolution of such timeless favorites as Steamboat Willie, The Band Concert, and Brave Little Tailor. They also follow Mickey as he builds on this legendary library of short cartoons by appearing in two historic feature-length films, Fantasia and Fun and Fancy Free.<\/p>\n<p>Extensive archival research sheds new light on little-known chapters of Mickey\u2019s career, the origins of the Mickey Mouse Club, and his use as a patriotic icon during World War II. Along the way, we encounter the work of all major Mickey artists in both film and comics, including such greats as Ub Iwerks, Win Smith, Ferdinand Horvath, Fred Moore, Floyd Gottfredson, Carl Barks, Manuel Gonzales, Paul Murry, Romano Scarpa, Giorgio Cavazzano, Byron Erickson, and C\u00e9sar Ferioli.<\/p>\n<p>Mickey Mouse has left an indelible mark on everyday culture as well as high art, becoming a favored subject for Pop artists such as Andy Warhol, Keith Haring, and Roy Lichtenstein. As Walt Disney once said: \u201cI only hope that we never lose sight of one thing\u2014that it was all started by a mouse.\u201d And an end to the success story is nowhere in sight. Today, 90+ years after his creation, Mickey remains as lovable and popular as ever. Let\u2019s pay tribute to the little fellow, his legend, and his legacy with a monument to the one and only Mickey Mouse.<\/p>\n<p>Copyright \u00a9 2020 Disney Enterprises, Inc.<\/p>\n","protected":false},"excerpt":{"rendered":"<p>Celebrate 90+ years of Mickey Mouse with one of the most expansive illustrated publications on the Disney universe: behind-the-scenes shots, rare animation art, and vintage comics trace Mickey\u2019s cartoons, his comic adventures, the world of Mickey merchandise and memorabilia, as well as the legendary Mickey Mouse Club. On November 18, 1928, the world\u2019s most famous&#8230;<\/p>\n","protected":false},"featured_media":53742,"comment_status":"closed","ping_status":"closed","template":"","meta":[],"product_brand":[],"product_cat":[4522,13533],"product_tag":[10664,208,5970,1460,1273,1685,6180,2253,1681,1649,1683,11490],"class_list":{"0":"post-53449","1":"product","2":"type-product","3":"status-publish","4":"has-post-thumbnail","6":"product_cat-art-en","7":"product_cat-books","8":"product_tag-america-en","9":"product_tag-animals-en","10":"product_tag-animation-en","11":"product_tag-children-en","12":"product_tag-cinema-en","13":"product_tag-comic","14":"product_tag-drawing","15":"product_tag-graphics","16":"product_tag-history","17":"product_tag-illustration","18":"product_tag-pop-culture","19":"product_tag-united-states-en","20":"pa_author_att-david-gerstein-en","21":"pa_author_att-j-b-kaufman-en","22":"pa_cover-hardcover","23":"pa_format-156-x-217-cm-en","24":"pa_isbn-9783836580991-en","25":"pa_language-eng","26":"pa_pages-512-en","27":"pa_published-2020-08-19-en","28":"pa_publisher-taschen-en-en","30":"first","31":"instock","32":"sold-individually","33":"shipping-taxable","34":"purchasable","35":"product-type-simple"},"yoast_head":"<!-- This site is optimized with the Yoast SEO plugin v27.4 - https:\/\/yoast.com\/product\/yoast-seo-wordpress\/ -->\n<title>Walt Disney&#039;s Mickey Mouse. The Ultimate History. 40th Anniversary Edition (David Gerstein, J. B. Kaufman) - book \/ album - Folio<\/title>\n<meta name=\"description\" content=\"Wejd\u017a i kup ksi\u0105\u017ck\u0119 Walt Disney&#039;s Mickey Mouse. The Ultimate History. 40th Anniversary Edition autorstwa David Gerstein, J. B. Kaufman wydan\u0105 przez TASCHEN (2020-08-19) w formacie 15,6 x 21,7 cm (ISBN: 9783836580991). Zapraszamy!\" \/>\n<meta name=\"robots\" content=\"index, follow, max-snippet:-1, max-image-preview:large, max-video-preview:-1\" \/>\n<link rel=\"canonical\" href=\"https:\/\/foliobooks.pl\/en\/shop\/walt-disneys-mickey-mouse-the-ultimate-history-40th-anniversary-edition\/\" \/>\n<meta property=\"og:locale\" content=\"en_US\" \/>\n<meta property=\"og:type\" content=\"article\" \/>\n<meta property=\"og:title\" content=\"Walt Disney&#039;s Mickey Mouse. The Ultimate History. 40th Anniversary Edition (David Gerstein, J. B. Kaufman) - book \/ album - Folio\" \/>\n<meta property=\"og:description\" content=\"Wejd\u017a i kup ksi\u0105\u017ck\u0119 Walt Disney&#039;s Mickey Mouse. The Ultimate History. 40th Anniversary Edition autorstwa David Gerstein, J. B. Kaufman wydan\u0105 przez TASCHEN (2020-08-19) w formacie 15,6 x 21,7 cm (ISBN: 9783836580991). Zapraszamy!\" \/>\n<meta property=\"og:url\" content=\"https:\/\/foliobooks.pl\/en\/shop\/walt-disneys-mickey-mouse-the-ultimate-history-40th-anniversary-edition\/\" \/>\n<meta property=\"og:site_name\" content=\"Folio\" \/>\n<meta property=\"article:modified_time\" content=\"2025-03-06T15:12:51+00:00\" \/>\n<meta property=\"og:image\" content=\"https:\/\/foliobooks.pl\/wp-content\/uploads\/2020\/12\/9783836580991.png\" \/>\n\t<meta property=\"og:image:width\" content=\"570\" \/>\n\t<meta property=\"og:image:height\" content=\"708\" \/>\n\t<meta property=\"og:image:type\" content=\"image\/png\" \/>\n<meta name=\"twitter:card\" content=\"summary_large_image\" \/>\n<meta name=\"twitter:label1\" content=\"Est. reading time\" \/>\n\t<meta name=\"twitter:data1\" content=\"2 minutes\" \/>\n<script type=\"application\/ld+json\" class=\"yoast-schema-graph\">{\"@context\":\"https:\\\/\\\/schema.org\",\"@graph\":[{\"@type\":\"WebPage\",\"@id\":\"https:\\\/\\\/foliobooks.pl\\\/en\\\/shop\\\/walt-disneys-mickey-mouse-the-ultimate-history-40th-anniversary-edition\\\/\",\"url\":\"https:\\\/\\\/foliobooks.pl\\\/en\\\/shop\\\/walt-disneys-mickey-mouse-the-ultimate-history-40th-anniversary-edition\\\/\",\"name\":\"Walt Disney's Mickey Mouse. The Ultimate History. 40th Anniversary Edition (David Gerstein, J. B. Kaufman) - book \\\/ album - Folio\",\"isPartOf\":{\"@id\":\"https:\\\/\\\/foliobooks.pl\\\/en\\\/#website\"},\"primaryImageOfPage\":{\"@id\":\"https:\\\/\\\/foliobooks.pl\\\/en\\\/shop\\\/walt-disneys-mickey-mouse-the-ultimate-history-40th-anniversary-edition\\\/#primaryimage\"},\"image\":{\"@id\":\"https:\\\/\\\/foliobooks.pl\\\/en\\\/shop\\\/walt-disneys-mickey-mouse-the-ultimate-history-40th-anniversary-edition\\\/#primaryimage\"},\"thumbnailUrl\":\"https:\\\/\\\/foliobooks.pl\\\/wp-content\\\/uploads\\\/2020\\\/12\\\/9783836580991.png\",\"datePublished\":\"2020-12-18T08:43:57+00:00\",\"dateModified\":\"2025-03-06T15:12:51+00:00\",\"description\":\"Wejd\u017a i kup ksi\u0105\u017ck\u0119 Walt Disney's Mickey Mouse. The Ultimate History. 40th Anniversary Edition autorstwa David Gerstein, J. B. Kaufman wydan\u0105 przez TASCHEN (2020-08-19) w formacie 15,6 x 21,7 cm (ISBN: 9783836580991). Zapraszamy!\",\"breadcrumb\":{\"@id\":\"https:\\\/\\\/foliobooks.pl\\\/en\\\/shop\\\/walt-disneys-mickey-mouse-the-ultimate-history-40th-anniversary-edition\\\/#breadcrumb\"},\"inLanguage\":\"en-US\",\"potentialAction\":[{\"@type\":\"ReadAction\",\"target\":[\"https:\\\/\\\/foliobooks.pl\\\/en\\\/shop\\\/walt-disneys-mickey-mouse-the-ultimate-history-40th-anniversary-edition\\\/\"]}]},{\"@type\":\"ImageObject\",\"inLanguage\":\"en-US\",\"@id\":\"https:\\\/\\\/foliobooks.pl\\\/en\\\/shop\\\/walt-disneys-mickey-mouse-the-ultimate-history-40th-anniversary-edition\\\/#primaryimage\",\"url\":\"https:\\\/\\\/foliobooks.pl\\\/wp-content\\\/uploads\\\/2020\\\/12\\\/9783836580991.png\",\"contentUrl\":\"https:\\\/\\\/foliobooks.pl\\\/wp-content\\\/uploads\\\/2020\\\/12\\\/9783836580991.png\",\"width\":570,\"height\":708},{\"@type\":\"BreadcrumbList\",\"@id\":\"https:\\\/\\\/foliobooks.pl\\\/en\\\/shop\\\/walt-disneys-mickey-mouse-the-ultimate-history-40th-anniversary-edition\\\/#breadcrumb\",\"itemListElement\":[{\"@type\":\"ListItem\",\"position\":1,\"name\":\"Strona g\u0142\u00f3wna\",\"item\":\"https:\\\/\\\/foliobooks.pl\\\/en\\\/\"},{\"@type\":\"ListItem\",\"position\":2,\"name\":\"Shop\",\"item\":\"https:\\\/\\\/foliobooks.pl\\\/en\\\/shop\\\/\"},{\"@type\":\"ListItem\",\"position\":3,\"name\":\"Walt Disney&#8217;s Mickey Mouse. The Ultimate History. 40th Anniversary Edition\"}]},{\"@type\":\"WebSite\",\"@id\":\"https:\\\/\\\/foliobooks.pl\\\/en\\\/#website\",\"url\":\"https:\\\/\\\/foliobooks.pl\\\/en\\\/\",\"name\":\"Folio\",\"description\":\"Ksi\u0119garnia internetowa\",\"potentialAction\":[{\"@type\":\"SearchAction\",\"target\":{\"@type\":\"EntryPoint\",\"urlTemplate\":\"https:\\\/\\\/foliobooks.pl\\\/en\\\/?s={search_term_string}\"},\"query-input\":{\"@type\":\"PropertyValueSpecification\",\"valueRequired\":true,\"valueName\":\"search_term_string\"}}],\"inLanguage\":\"en-US\"}]}<\/script>\n<!-- \/ Yoast SEO plugin. -->","yoast_head_json":{"title":"Walt Disney's Mickey Mouse. The Ultimate History. 40th Anniversary Edition (David Gerstein, J. B. Kaufman) - book \/ album - Folio","description":"Wejd\u017a i kup ksi\u0105\u017ck\u0119 Walt Disney's Mickey Mouse. The Ultimate History. 40th Anniversary Edition autorstwa David Gerstein, J. B. Kaufman wydan\u0105 przez TASCHEN (2020-08-19) w formacie 15,6 x 21,7 cm (ISBN: 9783836580991). Zapraszamy!","robots":{"index":"index","follow":"follow","max-snippet":"max-snippet:-1","max-image-preview":"max-image-preview:large","max-video-preview":"max-video-preview:-1"},"canonical":"https:\/\/foliobooks.pl\/en\/shop\/walt-disneys-mickey-mouse-the-ultimate-history-40th-anniversary-edition\/","og_locale":"en_US","og_type":"article","og_title":"Walt Disney's Mickey Mouse. The Ultimate History. 40th Anniversary Edition (David Gerstein, J. B. Kaufman) - book \/ album - Folio","og_description":"Wejd\u017a i kup ksi\u0105\u017ck\u0119 Walt Disney's Mickey Mouse. The Ultimate History. 40th Anniversary Edition autorstwa David Gerstein, J. B. Kaufman wydan\u0105 przez TASCHEN (2020-08-19) w formacie 15,6 x 21,7 cm (ISBN: 9783836580991). Zapraszamy!","og_url":"https:\/\/foliobooks.pl\/en\/shop\/walt-disneys-mickey-mouse-the-ultimate-history-40th-anniversary-edition\/","og_site_name":"Folio","article_modified_time":"2025-03-06T15:12:51+00:00","og_image":[{"width":570,"height":708,"url":"https:\/\/foliobooks.pl\/wp-content\/uploads\/2020\/12\/9783836580991.png","type":"image\/png"}],"twitter_card":"summary_large_image","twitter_misc":{"Est. reading time":"2 minutes"},"schema":{"@context":"https:\/\/schema.org","@graph":[{"@type":"WebPage","@id":"https:\/\/foliobooks.pl\/en\/shop\/walt-disneys-mickey-mouse-the-ultimate-history-40th-anniversary-edition\/","url":"https:\/\/foliobooks.pl\/en\/shop\/walt-disneys-mickey-mouse-the-ultimate-history-40th-anniversary-edition\/","name":"Walt Disney's Mickey Mouse. The Ultimate History. 40th Anniversary Edition (David Gerstein, J. B. Kaufman) - book \/ album - Folio","isPartOf":{"@id":"https:\/\/foliobooks.pl\/en\/#website"},"primaryImageOfPage":{"@id":"https:\/\/foliobooks.pl\/en\/shop\/walt-disneys-mickey-mouse-the-ultimate-history-40th-anniversary-edition\/#primaryimage"},"image":{"@id":"https:\/\/foliobooks.pl\/en\/shop\/walt-disneys-mickey-mouse-the-ultimate-history-40th-anniversary-edition\/#primaryimage"},"thumbnailUrl":"https:\/\/foliobooks.pl\/wp-content\/uploads\/2020\/12\/9783836580991.png","datePublished":"2020-12-18T08:43:57+00:00","dateModified":"2025-03-06T15:12:51+00:00","description":"Wejd\u017a i kup ksi\u0105\u017ck\u0119 Walt Disney's Mickey Mouse. The Ultimate History. 40th Anniversary Edition autorstwa David Gerstein, J. B. Kaufman wydan\u0105 przez TASCHEN (2020-08-19) w formacie 15,6 x 21,7 cm (ISBN: 9783836580991). Zapraszamy!","breadcrumb":{"@id":"https:\/\/foliobooks.pl\/en\/shop\/walt-disneys-mickey-mouse-the-ultimate-history-40th-anniversary-edition\/#breadcrumb"},"inLanguage":"en-US","potentialAction":[{"@type":"ReadAction","target":["https:\/\/foliobooks.pl\/en\/shop\/walt-disneys-mickey-mouse-the-ultimate-history-40th-anniversary-edition\/"]}]},{"@type":"ImageObject","inLanguage":"en-US","@id":"https:\/\/foliobooks.pl\/en\/shop\/walt-disneys-mickey-mouse-the-ultimate-history-40th-anniversary-edition\/#primaryimage","url":"https:\/\/foliobooks.pl\/wp-content\/uploads\/2020\/12\/9783836580991.png","contentUrl":"https:\/\/foliobooks.pl\/wp-content\/uploads\/2020\/12\/9783836580991.png","width":570,"height":708},{"@type":"BreadcrumbList","@id":"https:\/\/foliobooks.pl\/en\/shop\/walt-disneys-mickey-mouse-the-ultimate-history-40th-anniversary-edition\/#breadcrumb","itemListElement":[{"@type":"ListItem","position":1,"name":"Strona g\u0142\u00f3wna","item":"https:\/\/foliobooks.pl\/en\/"},{"@type":"ListItem","position":2,"name":"Shop","item":"https:\/\/foliobooks.pl\/en\/shop\/"},{"@type":"ListItem","position":3,"name":"Walt Disney&#8217;s Mickey Mouse. The Ultimate History. 40th Anniversary Edition"}]},{"@type":"WebSite","@id":"https:\/\/foliobooks.pl\/en\/#website","url":"https:\/\/foliobooks.pl\/en\/","name":"Folio","description":"Ksi\u0119garnia internetowa","potentialAction":[{"@type":"SearchAction","target":{"@type":"EntryPoint","urlTemplate":"https:\/\/foliobooks.pl\/en\/?s={search_term_string}"},"query-input":{"@type":"PropertyValueSpecification","valueRequired":true,"valueName":"search_term_string"}}],"inLanguage":"en-US"}]}},"_links":{"self":[{"href":"https:\/\/foliobooks.pl\/en\/wp-json\/wp\/v2\/product\/53449","targetHints":{"allow":["GET"]}}],"collection":[{"href":"https:\/\/foliobooks.pl\/en\/wp-json\/wp\/v2\/product"}],"about":[{"href":"https:\/\/foliobooks.pl\/en\/wp-json\/wp\/v2\/types\/product"}],"replies":[{"embeddable":true,"href":"https:\/\/foliobooks.pl\/en\/wp-json\/wp\/v2\/comments?post=53449"}],"wp:featuredmedia":[{"embeddable":true,"href":"https:\/\/foliobooks.pl\/en\/wp-json\/wp\/v2\/media\/53742"}],"wp:attachment":[{"href":"https:\/\/foliobooks.pl\/en\/wp-json\/wp\/v2\/media?parent=53449"}],"wp:term":[{"taxonomy":"product_brand","embeddable":true,"href":"https:\/\/foliobooks.pl\/en\/wp-json\/wp\/v2\/product_brand?post=53449"},{"taxonomy":"product_cat","embeddable":true,"href":"https:\/\/foliobooks.pl\/en\/wp-json\/wp\/v2\/product_cat?post=53449"},{"taxonomy":"product_tag","embeddable":true,"href":"https:\/\/foliobooks.pl\/en\/wp-json\/wp\/v2\/product_tag?post=53449"}],"curies":[{"name":"wp","href":"https:\/\/api.w.org\/{rel}","templated":true}]}}