{"id":53430,"date":"2020-12-17T14:36:36","date_gmt":"2020-12-17T13:36:36","guid":{"rendered":"https:\/\/foliobooks.pl\/sklep\/bruegel-the-complete-paintings-40th-anniversary-edition\/"},"modified":"2024-06-07T16:24:21","modified_gmt":"2024-06-07T14:24:21","slug":"bruegel-the-complete-paintings-40th-anniversary-edition","status":"publish","type":"product","link":"https:\/\/foliobooks.pl\/en\/shop\/bruegel-the-complete-paintings-40th-anniversary-edition\/","title":{"rendered":"Bruegel. The Complete Paintings. 40th Anniversary Edition"},"content":{"rendered":"<p>The life and times of Pieter Bruegel the Elder (c. 1526\/30\u20131569) were marked by stark cultural conflict. He witnessed religious wars, the Duke of Alba\u2019s brutal rule as governor of the Netherlands, and the palpable effects of the Inquisition. To this day, the Flemish artist remains shrouded in mystery. We know neither where nor exactly when he was born. But while early scholarship emphasized the vernacular character of his painting and graphic work, modern research has attached greater importance to its humanistic content.<\/p>\n<p>Starting out as a print designer for publisher Hieronymus Cock, Bruegel produced numerous print series that were distributed throughout Europe. These depicted vices and virtues alongside jolly peasant festivals and sweeping landscape panoramas. He then increasingly turned to painting, working for the cultural elite of Antwerp and Brussels. Rather than idealizing reality, he bravely confronted the issues of his day, addressing the horrors of religious warfare and taking a critical stand against the institution of the Church. To this end, Bruegel developed his own pictorial language of dissidence, lacing innocuous everyday scenes with subliminal statements in order to escape repercussions.<\/p>\n<p>This book is derived from our XXL monograph, which saw TASCHEN undertake a comprehensive photographic survey of the artist\u2019s oeuvre. The result boasts exceptional details and reproductions, unveiling Bruegel\u2019s larger-than-life universe with unprecedented clarity. This volume, in celebration of our 40th anniversary, presents all 40 paintings, accompanied by enlarged details and accessible, immersive texts.<\/p>\n","protected":false},"excerpt":{"rendered":"<p>The life and times of Pieter Bruegel the Elder (c. 1526\/30\u20131569) were marked by stark cultural conflict. He witnessed religious wars, the Duke of Alba\u2019s brutal rule as governor of the Netherlands, and the palpable effects of the Inquisition. To this day, the Flemish artist remains shrouded in mystery. We know neither where nor exactly&#8230;<\/p>\n","protected":false},"featured_media":53417,"comment_status":"closed","ping_status":"closed","template":"","meta":[],"product_brand":[],"product_cat":[4522,13533],"product_tag":[9083,154,524],"class_list":{"0":"post-53430","1":"product","2":"type-product","3":"status-publish","4":"has-post-thumbnail","6":"product_cat-art-en","7":"product_cat-books","8":"product_tag-art-en","9":"product_tag-monographs","10":"product_tag-painting-en","11":"pa_author_att-jurgen-muller-en","12":"pa_cover-hardcover","13":"pa_format-156-x-217-cm-en","14":"pa_isbn-9783836580960-en","15":"pa_language-eng","16":"pa_pages-512-en","17":"pa_published-2020-09-30-en","18":"pa_publisher-taschen-en-en","20":"first","21":"instock","22":"sold-individually","23":"shipping-taxable","24":"purchasable","25":"product-type-simple"},"yoast_head":"<!-- This site is optimized with the Yoast SEO plugin v27.5 - https:\/\/yoast.com\/product\/yoast-seo-wordpress\/ -->\n<title>Bruegel. The Complete Paintings. 40th Anniversary Edition (J\u00fcrgen M\u00fcller) - book \/ album - Folio<\/title>\n<meta name=\"description\" content=\"Wejd\u017a i kup ksi\u0105\u017ck\u0119 Bruegel. The Complete Paintings. 40th Anniversary Edition autorstwa J\u00fcrgen M\u00fcller wydan\u0105 przez TASCHEN (2020-09-30) w formacie 15,6 x 21,7 cm (ISBN: 9783836580960). Zapraszamy!\" \/>\n<meta name=\"robots\" content=\"index, follow, max-snippet:-1, max-image-preview:large, max-video-preview:-1\" \/>\n<link rel=\"canonical\" href=\"https:\/\/foliobooks.pl\/en\/shop\/bruegel-the-complete-paintings-40th-anniversary-edition\/\" \/>\n<meta property=\"og:locale\" content=\"en_US\" \/>\n<meta property=\"og:type\" content=\"article\" \/>\n<meta property=\"og:title\" content=\"Bruegel. The Complete Paintings. 40th Anniversary Edition (J\u00fcrgen M\u00fcller) - book \/ album - Folio\" \/>\n<meta property=\"og:description\" content=\"Wejd\u017a i kup ksi\u0105\u017ck\u0119 Bruegel. The Complete Paintings. 40th Anniversary Edition autorstwa J\u00fcrgen M\u00fcller wydan\u0105 przez TASCHEN (2020-09-30) w formacie 15,6 x 21,7 cm (ISBN: 9783836580960). Zapraszamy!\" \/>\n<meta property=\"og:url\" content=\"https:\/\/foliobooks.pl\/en\/shop\/bruegel-the-complete-paintings-40th-anniversary-edition\/\" \/>\n<meta property=\"og:site_name\" content=\"Folio\" \/>\n<meta property=\"article:modified_time\" content=\"2024-06-07T14:24:21+00:00\" \/>\n<meta property=\"og:image\" content=\"https:\/\/foliobooks.pl\/wp-content\/uploads\/2020\/12\/9783836580960.png\" \/>\n\t<meta property=\"og:image:width\" content=\"570\" \/>\n\t<meta property=\"og:image:height\" content=\"708\" \/>\n\t<meta property=\"og:image:type\" content=\"image\/png\" \/>\n<meta name=\"twitter:card\" content=\"summary_large_image\" \/>\n<meta name=\"twitter:label1\" content=\"Est. reading time\" \/>\n\t<meta name=\"twitter:data1\" content=\"1 minute\" \/>\n<script type=\"application\/ld+json\" class=\"yoast-schema-graph\">{\"@context\":\"https:\\\/\\\/schema.org\",\"@graph\":[{\"@type\":\"WebPage\",\"@id\":\"https:\\\/\\\/foliobooks.pl\\\/en\\\/shop\\\/bruegel-the-complete-paintings-40th-anniversary-edition\\\/\",\"url\":\"https:\\\/\\\/foliobooks.pl\\\/en\\\/shop\\\/bruegel-the-complete-paintings-40th-anniversary-edition\\\/\",\"name\":\"Bruegel. The Complete Paintings. 40th Anniversary Edition (J\u00fcrgen M\u00fcller) - book \\\/ album - Folio\",\"isPartOf\":{\"@id\":\"https:\\\/\\\/foliobooks.pl\\\/en\\\/#website\"},\"primaryImageOfPage\":{\"@id\":\"https:\\\/\\\/foliobooks.pl\\\/en\\\/shop\\\/bruegel-the-complete-paintings-40th-anniversary-edition\\\/#primaryimage\"},\"image\":{\"@id\":\"https:\\\/\\\/foliobooks.pl\\\/en\\\/shop\\\/bruegel-the-complete-paintings-40th-anniversary-edition\\\/#primaryimage\"},\"thumbnailUrl\":\"https:\\\/\\\/foliobooks.pl\\\/wp-content\\\/uploads\\\/2020\\\/12\\\/9783836580960.png\",\"datePublished\":\"2020-12-17T13:36:36+00:00\",\"dateModified\":\"2024-06-07T14:24:21+00:00\",\"description\":\"Wejd\u017a i kup ksi\u0105\u017ck\u0119 Bruegel. The Complete Paintings. 40th Anniversary Edition autorstwa J\u00fcrgen M\u00fcller wydan\u0105 przez TASCHEN (2020-09-30) w formacie 15,6 x 21,7 cm (ISBN: 9783836580960). Zapraszamy!\",\"breadcrumb\":{\"@id\":\"https:\\\/\\\/foliobooks.pl\\\/en\\\/shop\\\/bruegel-the-complete-paintings-40th-anniversary-edition\\\/#breadcrumb\"},\"inLanguage\":\"en-US\",\"potentialAction\":[{\"@type\":\"ReadAction\",\"target\":[\"https:\\\/\\\/foliobooks.pl\\\/en\\\/shop\\\/bruegel-the-complete-paintings-40th-anniversary-edition\\\/\"]}]},{\"@type\":\"ImageObject\",\"inLanguage\":\"en-US\",\"@id\":\"https:\\\/\\\/foliobooks.pl\\\/en\\\/shop\\\/bruegel-the-complete-paintings-40th-anniversary-edition\\\/#primaryimage\",\"url\":\"https:\\\/\\\/foliobooks.pl\\\/wp-content\\\/uploads\\\/2020\\\/12\\\/9783836580960.png\",\"contentUrl\":\"https:\\\/\\\/foliobooks.pl\\\/wp-content\\\/uploads\\\/2020\\\/12\\\/9783836580960.png\",\"width\":570,\"height\":708},{\"@type\":\"BreadcrumbList\",\"@id\":\"https:\\\/\\\/foliobooks.pl\\\/en\\\/shop\\\/bruegel-the-complete-paintings-40th-anniversary-edition\\\/#breadcrumb\",\"itemListElement\":[{\"@type\":\"ListItem\",\"position\":1,\"name\":\"Strona g\u0142\u00f3wna\",\"item\":\"https:\\\/\\\/foliobooks.pl\\\/en\\\/\"},{\"@type\":\"ListItem\",\"position\":2,\"name\":\"Shop\",\"item\":\"https:\\\/\\\/foliobooks.pl\\\/en\\\/shop\\\/\"},{\"@type\":\"ListItem\",\"position\":3,\"name\":\"Bruegel. The Complete Paintings. 40th Anniversary Edition\"}]},{\"@type\":\"WebSite\",\"@id\":\"https:\\\/\\\/foliobooks.pl\\\/en\\\/#website\",\"url\":\"https:\\\/\\\/foliobooks.pl\\\/en\\\/\",\"name\":\"Folio\",\"description\":\"Ksi\u0119garnia internetowa\",\"potentialAction\":[{\"@type\":\"SearchAction\",\"target\":{\"@type\":\"EntryPoint\",\"urlTemplate\":\"https:\\\/\\\/foliobooks.pl\\\/en\\\/?s={search_term_string}\"},\"query-input\":{\"@type\":\"PropertyValueSpecification\",\"valueRequired\":true,\"valueName\":\"search_term_string\"}}],\"inLanguage\":\"en-US\"}]}<\/script>\n<!-- \/ Yoast SEO plugin. -->","yoast_head_json":{"title":"Bruegel. The Complete Paintings. 40th Anniversary Edition (J\u00fcrgen M\u00fcller) - book \/ album - Folio","description":"Wejd\u017a i kup ksi\u0105\u017ck\u0119 Bruegel. The Complete Paintings. 40th Anniversary Edition autorstwa J\u00fcrgen M\u00fcller wydan\u0105 przez TASCHEN (2020-09-30) w formacie 15,6 x 21,7 cm (ISBN: 9783836580960). Zapraszamy!","robots":{"index":"index","follow":"follow","max-snippet":"max-snippet:-1","max-image-preview":"max-image-preview:large","max-video-preview":"max-video-preview:-1"},"canonical":"https:\/\/foliobooks.pl\/en\/shop\/bruegel-the-complete-paintings-40th-anniversary-edition\/","og_locale":"en_US","og_type":"article","og_title":"Bruegel. The Complete Paintings. 40th Anniversary Edition (J\u00fcrgen M\u00fcller) - book \/ album - Folio","og_description":"Wejd\u017a i kup ksi\u0105\u017ck\u0119 Bruegel. The Complete Paintings. 40th Anniversary Edition autorstwa J\u00fcrgen M\u00fcller wydan\u0105 przez TASCHEN (2020-09-30) w formacie 15,6 x 21,7 cm (ISBN: 9783836580960). Zapraszamy!","og_url":"https:\/\/foliobooks.pl\/en\/shop\/bruegel-the-complete-paintings-40th-anniversary-edition\/","og_site_name":"Folio","article_modified_time":"2024-06-07T14:24:21+00:00","og_image":[{"width":570,"height":708,"url":"https:\/\/foliobooks.pl\/wp-content\/uploads\/2020\/12\/9783836580960.png","type":"image\/png"}],"twitter_card":"summary_large_image","twitter_misc":{"Est. reading time":"1 minute"},"schema":{"@context":"https:\/\/schema.org","@graph":[{"@type":"WebPage","@id":"https:\/\/foliobooks.pl\/en\/shop\/bruegel-the-complete-paintings-40th-anniversary-edition\/","url":"https:\/\/foliobooks.pl\/en\/shop\/bruegel-the-complete-paintings-40th-anniversary-edition\/","name":"Bruegel. The Complete Paintings. 40th Anniversary Edition (J\u00fcrgen M\u00fcller) - book \/ album - Folio","isPartOf":{"@id":"https:\/\/foliobooks.pl\/en\/#website"},"primaryImageOfPage":{"@id":"https:\/\/foliobooks.pl\/en\/shop\/bruegel-the-complete-paintings-40th-anniversary-edition\/#primaryimage"},"image":{"@id":"https:\/\/foliobooks.pl\/en\/shop\/bruegel-the-complete-paintings-40th-anniversary-edition\/#primaryimage"},"thumbnailUrl":"https:\/\/foliobooks.pl\/wp-content\/uploads\/2020\/12\/9783836580960.png","datePublished":"2020-12-17T13:36:36+00:00","dateModified":"2024-06-07T14:24:21+00:00","description":"Wejd\u017a i kup ksi\u0105\u017ck\u0119 Bruegel. The Complete Paintings. 40th Anniversary Edition autorstwa J\u00fcrgen M\u00fcller wydan\u0105 przez TASCHEN (2020-09-30) w formacie 15,6 x 21,7 cm (ISBN: 9783836580960). Zapraszamy!","breadcrumb":{"@id":"https:\/\/foliobooks.pl\/en\/shop\/bruegel-the-complete-paintings-40th-anniversary-edition\/#breadcrumb"},"inLanguage":"en-US","potentialAction":[{"@type":"ReadAction","target":["https:\/\/foliobooks.pl\/en\/shop\/bruegel-the-complete-paintings-40th-anniversary-edition\/"]}]},{"@type":"ImageObject","inLanguage":"en-US","@id":"https:\/\/foliobooks.pl\/en\/shop\/bruegel-the-complete-paintings-40th-anniversary-edition\/#primaryimage","url":"https:\/\/foliobooks.pl\/wp-content\/uploads\/2020\/12\/9783836580960.png","contentUrl":"https:\/\/foliobooks.pl\/wp-content\/uploads\/2020\/12\/9783836580960.png","width":570,"height":708},{"@type":"BreadcrumbList","@id":"https:\/\/foliobooks.pl\/en\/shop\/bruegel-the-complete-paintings-40th-anniversary-edition\/#breadcrumb","itemListElement":[{"@type":"ListItem","position":1,"name":"Strona g\u0142\u00f3wna","item":"https:\/\/foliobooks.pl\/en\/"},{"@type":"ListItem","position":2,"name":"Shop","item":"https:\/\/foliobooks.pl\/en\/shop\/"},{"@type":"ListItem","position":3,"name":"Bruegel. The Complete Paintings. 40th Anniversary Edition"}]},{"@type":"WebSite","@id":"https:\/\/foliobooks.pl\/en\/#website","url":"https:\/\/foliobooks.pl\/en\/","name":"Folio","description":"Ksi\u0119garnia internetowa","potentialAction":[{"@type":"SearchAction","target":{"@type":"EntryPoint","urlTemplate":"https:\/\/foliobooks.pl\/en\/?s={search_term_string}"},"query-input":{"@type":"PropertyValueSpecification","valueRequired":true,"valueName":"search_term_string"}}],"inLanguage":"en-US"}]}},"_links":{"self":[{"href":"https:\/\/foliobooks.pl\/en\/wp-json\/wp\/v2\/product\/53430","targetHints":{"allow":["GET"]}}],"collection":[{"href":"https:\/\/foliobooks.pl\/en\/wp-json\/wp\/v2\/product"}],"about":[{"href":"https:\/\/foliobooks.pl\/en\/wp-json\/wp\/v2\/types\/product"}],"replies":[{"embeddable":true,"href":"https:\/\/foliobooks.pl\/en\/wp-json\/wp\/v2\/comments?post=53430"}],"wp:featuredmedia":[{"embeddable":true,"href":"https:\/\/foliobooks.pl\/en\/wp-json\/wp\/v2\/media\/53417"}],"wp:attachment":[{"href":"https:\/\/foliobooks.pl\/en\/wp-json\/wp\/v2\/media?parent=53430"}],"wp:term":[{"taxonomy":"product_brand","embeddable":true,"href":"https:\/\/foliobooks.pl\/en\/wp-json\/wp\/v2\/product_brand?post=53430"},{"taxonomy":"product_cat","embeddable":true,"href":"https:\/\/foliobooks.pl\/en\/wp-json\/wp\/v2\/product_cat?post=53430"},{"taxonomy":"product_tag","embeddable":true,"href":"https:\/\/foliobooks.pl\/en\/wp-json\/wp\/v2\/product_tag?post=53430"}],"curies":[{"name":"wp","href":"https:\/\/api.w.org\/{rel}","templated":true}]}}