{"id":53408,"date":"2021-01-07T16:36:05","date_gmt":"2021-01-07T15:36:05","guid":{"rendered":"https:\/\/foliobooks.pl\/?post_type=product&#038;p=53408"},"modified":"2025-06-18T16:23:07","modified_gmt":"2025-06-18T14:23:07","slug":"helmut-newton-polaroids-2","status":"publish","type":"product","link":"https:\/\/foliobooks.pl\/en\/shop\/helmut-newton-polaroids-2\/","title":{"rendered":"Helmut Newton. Polaroids"},"content":{"rendered":"<p>Late photographer Helmut Newton\u2019s unerring skill at capturing the erotic allure of strong, striking women was legendary. This is a compelling collection of his test Polaroids, taken to prepare for his formal shoots, and, with their candid spontaneity, offer a fascinating insight into the photographer\u2019s art.<\/p>\n<p>Polaroids occupy a special place in the hearts of many photo enthusiasts who remember a time when \u201cinstant photography\u201d meant one-of-a-kind prints that developed within minutes of clicking the shutter. What was once a crucial tool for photographers to test their shots before shooting on film has now become obsolete in the face of digital photography. Luckily for us, legendary photographer Helmut Newton saved his test Polaroids, allowing a privileged and rare chance to see the tests from a selection of his greatest shoots over a period of decades, including many from the TASCHEN titles SUMO, A Gun for Hire, and Work. Selected by his widow, June Newton, from over 300 photos featured at the 2011 exhibition \u201cHelmut Newton Polaroids\u201d at the Museum f\u00fcr Fotografie in Berlin, this collection captures the magic of Helmut Newton photo shoots as only Polaroids can.<\/p>\n","protected":false},"excerpt":{"rendered":"<p>Late photographer Helmut Newton\u2019s unerring skill at capturing the erotic allure of strong, striking women was legendary. This is a compelling collection of his test Polaroids, taken to prepare for his formal shoots, and, with their candid spontaneity, offer a fascinating insight into the photographer\u2019s art. Polaroids occupy a special place in the hearts of&#8230;<\/p>\n","protected":false},"featured_media":53863,"comment_status":"closed","ping_status":"closed","template":"","meta":[],"product_brand":[],"product_cat":[13533,4517],"product_tag":[1647,6632,6121,151],"class_list":{"0":"post-53408","1":"product","2":"type-product","3":"status-publish","4":"has-post-thumbnail","6":"product_cat-books","7":"product_cat-photography-en","8":"product_tag-erotica","9":"product_tag-photographers","10":"product_tag-photography","11":"product_tag-women","12":"pa_author_att-helmut-newton-en","13":"pa_cover-hardcover","14":"pa_format-21-x-275-cm-en","15":"pa_isbn-9783836528863-en","16":"pa_language-eng-f-ger","17":"pa_pages-224-2-en","18":"pa_published-2011-07-25-en","19":"pa_publisher-taschen-en-en","21":"first","22":"outofstock","23":"sold-individually","24":"shipping-taxable","25":"purchasable","26":"product-type-simple"},"yoast_head":"<!-- This site is optimized with the Yoast SEO plugin v27.6 - https:\/\/yoast.com\/product\/yoast-seo-wordpress\/ -->\n<title>Helmut Newton. Polaroids (Helmut Newton) - book \/ album - Folio<\/title>\n<meta name=\"description\" content=\"Wejd\u017a i kup ksi\u0105\u017ck\u0119 Helmut Newton. Polaroids autorstwa Helmut Newton wydan\u0105 przez TASCHEN (2011-07-25) w formacie 21 x 27,5 cm (ISBN: 9783836528863). Zapraszamy!\" \/>\n<meta name=\"robots\" content=\"index, follow, max-snippet:-1, max-image-preview:large, max-video-preview:-1\" \/>\n<link rel=\"canonical\" href=\"https:\/\/foliobooks.pl\/en\/shop\/helmut-newton-polaroids-2\/\" \/>\n<meta property=\"og:locale\" content=\"en_US\" \/>\n<meta property=\"og:type\" content=\"article\" \/>\n<meta property=\"og:title\" content=\"Helmut Newton. Polaroids (Helmut Newton) - book \/ album - Folio\" \/>\n<meta property=\"og:description\" content=\"Wejd\u017a i kup ksi\u0105\u017ck\u0119 Helmut Newton. Polaroids autorstwa Helmut Newton wydan\u0105 przez TASCHEN (2011-07-25) w formacie 21 x 27,5 cm (ISBN: 9783836528863). Zapraszamy!\" \/>\n<meta property=\"og:url\" content=\"https:\/\/foliobooks.pl\/en\/shop\/helmut-newton-polaroids-2\/\" \/>\n<meta property=\"og:site_name\" content=\"Folio\" \/>\n<meta property=\"article:modified_time\" content=\"2025-06-18T14:23:07+00:00\" \/>\n<meta property=\"og:image\" content=\"https:\/\/foliobooks.pl\/wp-content\/uploads\/2020\/12\/9783836528863.png\" \/>\n\t<meta property=\"og:image:width\" content=\"570\" \/>\n\t<meta property=\"og:image:height\" content=\"708\" \/>\n\t<meta property=\"og:image:type\" content=\"image\/png\" \/>\n<meta name=\"twitter:card\" content=\"summary_large_image\" \/>\n<meta name=\"twitter:label1\" content=\"Est. reading time\" \/>\n\t<meta name=\"twitter:data1\" content=\"1 minute\" \/>\n<script type=\"application\/ld+json\" class=\"yoast-schema-graph\">{\"@context\":\"https:\\\/\\\/schema.org\",\"@graph\":[{\"@type\":\"WebPage\",\"@id\":\"https:\\\/\\\/foliobooks.pl\\\/en\\\/shop\\\/helmut-newton-polaroids-2\\\/\",\"url\":\"https:\\\/\\\/foliobooks.pl\\\/en\\\/shop\\\/helmut-newton-polaroids-2\\\/\",\"name\":\"Helmut Newton. Polaroids (Helmut Newton) - book \\\/ album - Folio\",\"isPartOf\":{\"@id\":\"https:\\\/\\\/foliobooks.pl\\\/en\\\/#website\"},\"primaryImageOfPage\":{\"@id\":\"https:\\\/\\\/foliobooks.pl\\\/en\\\/shop\\\/helmut-newton-polaroids-2\\\/#primaryimage\"},\"image\":{\"@id\":\"https:\\\/\\\/foliobooks.pl\\\/en\\\/shop\\\/helmut-newton-polaroids-2\\\/#primaryimage\"},\"thumbnailUrl\":\"https:\\\/\\\/foliobooks.pl\\\/wp-content\\\/uploads\\\/2020\\\/12\\\/9783836528863.png\",\"datePublished\":\"2021-01-07T15:36:05+00:00\",\"dateModified\":\"2025-06-18T14:23:07+00:00\",\"description\":\"Wejd\u017a i kup ksi\u0105\u017ck\u0119 Helmut Newton. Polaroids autorstwa Helmut Newton wydan\u0105 przez TASCHEN (2011-07-25) w formacie 21 x 27,5 cm (ISBN: 9783836528863). Zapraszamy!\",\"breadcrumb\":{\"@id\":\"https:\\\/\\\/foliobooks.pl\\\/en\\\/shop\\\/helmut-newton-polaroids-2\\\/#breadcrumb\"},\"inLanguage\":\"en-US\",\"potentialAction\":[{\"@type\":\"ReadAction\",\"target\":[\"https:\\\/\\\/foliobooks.pl\\\/en\\\/shop\\\/helmut-newton-polaroids-2\\\/\"]}]},{\"@type\":\"ImageObject\",\"inLanguage\":\"en-US\",\"@id\":\"https:\\\/\\\/foliobooks.pl\\\/en\\\/shop\\\/helmut-newton-polaroids-2\\\/#primaryimage\",\"url\":\"https:\\\/\\\/foliobooks.pl\\\/wp-content\\\/uploads\\\/2020\\\/12\\\/9783836528863.png\",\"contentUrl\":\"https:\\\/\\\/foliobooks.pl\\\/wp-content\\\/uploads\\\/2020\\\/12\\\/9783836528863.png\",\"width\":570,\"height\":708},{\"@type\":\"BreadcrumbList\",\"@id\":\"https:\\\/\\\/foliobooks.pl\\\/en\\\/shop\\\/helmut-newton-polaroids-2\\\/#breadcrumb\",\"itemListElement\":[{\"@type\":\"ListItem\",\"position\":1,\"name\":\"Strona g\u0142\u00f3wna\",\"item\":\"https:\\\/\\\/foliobooks.pl\\\/en\\\/\"},{\"@type\":\"ListItem\",\"position\":2,\"name\":\"Shop\",\"item\":\"https:\\\/\\\/foliobooks.pl\\\/en\\\/shop\\\/\"},{\"@type\":\"ListItem\",\"position\":3,\"name\":\"Helmut Newton. Polaroids\"}]},{\"@type\":\"WebSite\",\"@id\":\"https:\\\/\\\/foliobooks.pl\\\/en\\\/#website\",\"url\":\"https:\\\/\\\/foliobooks.pl\\\/en\\\/\",\"name\":\"Folio\",\"description\":\"Ksi\u0119garnia internetowa\",\"potentialAction\":[{\"@type\":\"SearchAction\",\"target\":{\"@type\":\"EntryPoint\",\"urlTemplate\":\"https:\\\/\\\/foliobooks.pl\\\/en\\\/?s={search_term_string}\"},\"query-input\":{\"@type\":\"PropertyValueSpecification\",\"valueRequired\":true,\"valueName\":\"search_term_string\"}}],\"inLanguage\":\"en-US\"}]}<\/script>\n<!-- \/ Yoast SEO plugin. -->","yoast_head_json":{"title":"Helmut Newton. Polaroids (Helmut Newton) - book \/ album - Folio","description":"Wejd\u017a i kup ksi\u0105\u017ck\u0119 Helmut Newton. Polaroids autorstwa Helmut Newton wydan\u0105 przez TASCHEN (2011-07-25) w formacie 21 x 27,5 cm (ISBN: 9783836528863). Zapraszamy!","robots":{"index":"index","follow":"follow","max-snippet":"max-snippet:-1","max-image-preview":"max-image-preview:large","max-video-preview":"max-video-preview:-1"},"canonical":"https:\/\/foliobooks.pl\/en\/shop\/helmut-newton-polaroids-2\/","og_locale":"en_US","og_type":"article","og_title":"Helmut Newton. Polaroids (Helmut Newton) - book \/ album - Folio","og_description":"Wejd\u017a i kup ksi\u0105\u017ck\u0119 Helmut Newton. Polaroids autorstwa Helmut Newton wydan\u0105 przez TASCHEN (2011-07-25) w formacie 21 x 27,5 cm (ISBN: 9783836528863). Zapraszamy!","og_url":"https:\/\/foliobooks.pl\/en\/shop\/helmut-newton-polaroids-2\/","og_site_name":"Folio","article_modified_time":"2025-06-18T14:23:07+00:00","og_image":[{"width":570,"height":708,"url":"https:\/\/foliobooks.pl\/wp-content\/uploads\/2020\/12\/9783836528863.png","type":"image\/png"}],"twitter_card":"summary_large_image","twitter_misc":{"Est. reading time":"1 minute"},"schema":{"@context":"https:\/\/schema.org","@graph":[{"@type":"WebPage","@id":"https:\/\/foliobooks.pl\/en\/shop\/helmut-newton-polaroids-2\/","url":"https:\/\/foliobooks.pl\/en\/shop\/helmut-newton-polaroids-2\/","name":"Helmut Newton. Polaroids (Helmut Newton) - book \/ album - Folio","isPartOf":{"@id":"https:\/\/foliobooks.pl\/en\/#website"},"primaryImageOfPage":{"@id":"https:\/\/foliobooks.pl\/en\/shop\/helmut-newton-polaroids-2\/#primaryimage"},"image":{"@id":"https:\/\/foliobooks.pl\/en\/shop\/helmut-newton-polaroids-2\/#primaryimage"},"thumbnailUrl":"https:\/\/foliobooks.pl\/wp-content\/uploads\/2020\/12\/9783836528863.png","datePublished":"2021-01-07T15:36:05+00:00","dateModified":"2025-06-18T14:23:07+00:00","description":"Wejd\u017a i kup ksi\u0105\u017ck\u0119 Helmut Newton. Polaroids autorstwa Helmut Newton wydan\u0105 przez TASCHEN (2011-07-25) w formacie 21 x 27,5 cm (ISBN: 9783836528863). Zapraszamy!","breadcrumb":{"@id":"https:\/\/foliobooks.pl\/en\/shop\/helmut-newton-polaroids-2\/#breadcrumb"},"inLanguage":"en-US","potentialAction":[{"@type":"ReadAction","target":["https:\/\/foliobooks.pl\/en\/shop\/helmut-newton-polaroids-2\/"]}]},{"@type":"ImageObject","inLanguage":"en-US","@id":"https:\/\/foliobooks.pl\/en\/shop\/helmut-newton-polaroids-2\/#primaryimage","url":"https:\/\/foliobooks.pl\/wp-content\/uploads\/2020\/12\/9783836528863.png","contentUrl":"https:\/\/foliobooks.pl\/wp-content\/uploads\/2020\/12\/9783836528863.png","width":570,"height":708},{"@type":"BreadcrumbList","@id":"https:\/\/foliobooks.pl\/en\/shop\/helmut-newton-polaroids-2\/#breadcrumb","itemListElement":[{"@type":"ListItem","position":1,"name":"Strona g\u0142\u00f3wna","item":"https:\/\/foliobooks.pl\/en\/"},{"@type":"ListItem","position":2,"name":"Shop","item":"https:\/\/foliobooks.pl\/en\/shop\/"},{"@type":"ListItem","position":3,"name":"Helmut Newton. Polaroids"}]},{"@type":"WebSite","@id":"https:\/\/foliobooks.pl\/en\/#website","url":"https:\/\/foliobooks.pl\/en\/","name":"Folio","description":"Ksi\u0119garnia internetowa","potentialAction":[{"@type":"SearchAction","target":{"@type":"EntryPoint","urlTemplate":"https:\/\/foliobooks.pl\/en\/?s={search_term_string}"},"query-input":{"@type":"PropertyValueSpecification","valueRequired":true,"valueName":"search_term_string"}}],"inLanguage":"en-US"}]}},"_links":{"self":[{"href":"https:\/\/foliobooks.pl\/en\/wp-json\/wp\/v2\/product\/53408","targetHints":{"allow":["GET"]}}],"collection":[{"href":"https:\/\/foliobooks.pl\/en\/wp-json\/wp\/v2\/product"}],"about":[{"href":"https:\/\/foliobooks.pl\/en\/wp-json\/wp\/v2\/types\/product"}],"replies":[{"embeddable":true,"href":"https:\/\/foliobooks.pl\/en\/wp-json\/wp\/v2\/comments?post=53408"}],"wp:featuredmedia":[{"embeddable":true,"href":"https:\/\/foliobooks.pl\/en\/wp-json\/wp\/v2\/media\/53863"}],"wp:attachment":[{"href":"https:\/\/foliobooks.pl\/en\/wp-json\/wp\/v2\/media?parent=53408"}],"wp:term":[{"taxonomy":"product_brand","embeddable":true,"href":"https:\/\/foliobooks.pl\/en\/wp-json\/wp\/v2\/product_brand?post=53408"},{"taxonomy":"product_cat","embeddable":true,"href":"https:\/\/foliobooks.pl\/en\/wp-json\/wp\/v2\/product_cat?post=53408"},{"taxonomy":"product_tag","embeddable":true,"href":"https:\/\/foliobooks.pl\/en\/wp-json\/wp\/v2\/product_tag?post=53408"}],"curies":[{"name":"wp","href":"https:\/\/api.w.org\/{rel}","templated":true}]}}