{"id":53169,"date":"2020-12-15T20:12:21","date_gmt":"2020-12-15T19:12:21","guid":{"rendered":"https:\/\/foliobooks.pl\/?post_type=product&#038;p=53169"},"modified":"2022-09-19T15:56:45","modified_gmt":"2022-09-19T13:56:45","slug":"the-polaroid-book-2","status":"publish","type":"product","link":"https:\/\/foliobooks.pl\/en\/shop\/the-polaroid-book-2\/","title":{"rendered":"The Polaroid Book"},"content":{"rendered":"<p>The unique tones and spontaneity of Polaroids have made them a beloved photographic format for decades. Brimming with all the warmth and nostalgia of a family album, this ode to the instant camera presents hundreds of images from the Polaroid Corporation\u2019s own collection. A chronicle of the experimental and innovative ways Polaroids have defied the digital age.<\/p>\n<p>The Polaroid Corporation\u2019s photography collection is the greatest portfolio of Polaroid images in the world. Begun by Polaroid founder Edwin Land and photographer Ansel Adams, the collection now includes some 23,000 images by hundreds of photographers throughout the world, including pieces by the likes of David Hockney, Andy Warhol, and Jeanloup Sieff.<\/p>\n<p>The Polaroid Book dives into these archives, paying tribute to a medium that continues to defy the digital age. Like an oversized Polaroid film pack, this collection curates works by luminaries and unknowns alike, celebrating the boundless possibilities that develop inside the white borders of the original instant photograph.<\/p>\n<p>Features:<\/p>\n<ul>\n<li>more than 250 works from the Polaroid Collections<\/li>\n<li>an essay by Polaroid\u2019s Barbara Hitchcock on the beginnings of instant photography and the collection\u2019s history<\/li>\n<li>a chapter featuring the various types of Polaroid cameras<\/li>\n<\/ul>\n","protected":false},"excerpt":{"rendered":"<p>The unique tones and spontaneity of Polaroids have made them a beloved photographic format for decades. Brimming with all the warmth and nostalgia of a family album, this ode to the instant camera presents hundreds of images from the Polaroid Corporation\u2019s own collection. A chronicle of the experimental and innovative ways Polaroids have defied the&#8230;<\/p>\n","protected":false},"featured_media":53256,"comment_status":"closed","ping_status":"closed","template":"","meta":[],"product_brand":[],"product_cat":[13533,4517],"product_tag":[1681,6121],"class_list":{"0":"post-53169","1":"product","2":"type-product","3":"status-publish","4":"has-post-thumbnail","6":"product_cat-books","7":"product_cat-photography-en","8":"product_tag-history","9":"product_tag-photography","10":"pa_author_att-barbara-hitchcock-en","11":"pa_author_att-steve-crist-en","12":"pa_cover-hardcover","13":"pa_format-14-x-195-cm-en","14":"pa_isbn-9783836579858-en","15":"pa_language-eng-f-ger","16":"pa_pages-472-en-2","17":"pa_published-2019-11-15-en","18":"pa_publisher-taschen-en-en","20":"first","21":"outofstock","22":"sold-individually","23":"shipping-taxable","24":"purchasable","25":"product-type-simple"},"yoast_head":"<!-- This site is optimized with the Yoast SEO plugin v27.6 - https:\/\/yoast.com\/product\/yoast-seo-wordpress\/ -->\n<title>The Polaroid Book (Barbara Hitchcock, Steve Crist) - book \/ album - Folio<\/title>\n<meta name=\"description\" content=\"Wejd\u017a i kup ksi\u0105\u017ck\u0119 The Polaroid Book autorstwa Barbara Hitchcock, Steve Crist wydan\u0105 przez TASCHEN (2019-11-15) w formacie 14 x 19,5 cm (ISBN: 9783836579858). Zapraszamy!\" \/>\n<meta name=\"robots\" content=\"index, follow, max-snippet:-1, max-image-preview:large, max-video-preview:-1\" \/>\n<link rel=\"canonical\" href=\"https:\/\/foliobooks.pl\/en\/shop\/the-polaroid-book-2\/\" \/>\n<meta property=\"og:locale\" content=\"en_US\" \/>\n<meta property=\"og:type\" content=\"article\" \/>\n<meta property=\"og:title\" content=\"The Polaroid Book (Barbara Hitchcock, Steve Crist) - book \/ album - Folio\" \/>\n<meta property=\"og:description\" content=\"Wejd\u017a i kup ksi\u0105\u017ck\u0119 The Polaroid Book autorstwa Barbara Hitchcock, Steve Crist wydan\u0105 przez TASCHEN (2019-11-15) w formacie 14 x 19,5 cm (ISBN: 9783836579858). Zapraszamy!\" \/>\n<meta property=\"og:url\" content=\"https:\/\/foliobooks.pl\/en\/shop\/the-polaroid-book-2\/\" \/>\n<meta property=\"og:site_name\" content=\"Folio\" \/>\n<meta property=\"article:modified_time\" content=\"2022-09-19T13:56:45+00:00\" \/>\n<meta property=\"og:image\" content=\"https:\/\/foliobooks.pl\/wp-content\/uploads\/2020\/12\/9783836577748-1.png\" \/>\n\t<meta property=\"og:image:width\" content=\"570\" \/>\n\t<meta property=\"og:image:height\" content=\"708\" \/>\n\t<meta property=\"og:image:type\" content=\"image\/png\" \/>\n<meta name=\"twitter:card\" content=\"summary_large_image\" \/>\n<meta name=\"twitter:label1\" content=\"Est. reading time\" \/>\n\t<meta name=\"twitter:data1\" content=\"1 minute\" \/>\n<script type=\"application\/ld+json\" class=\"yoast-schema-graph\">{\"@context\":\"https:\\\/\\\/schema.org\",\"@graph\":[{\"@type\":\"WebPage\",\"@id\":\"https:\\\/\\\/foliobooks.pl\\\/en\\\/shop\\\/the-polaroid-book-2\\\/\",\"url\":\"https:\\\/\\\/foliobooks.pl\\\/en\\\/shop\\\/the-polaroid-book-2\\\/\",\"name\":\"The Polaroid Book (Barbara Hitchcock, Steve Crist) - book \\\/ album - Folio\",\"isPartOf\":{\"@id\":\"https:\\\/\\\/foliobooks.pl\\\/en\\\/#website\"},\"primaryImageOfPage\":{\"@id\":\"https:\\\/\\\/foliobooks.pl\\\/en\\\/shop\\\/the-polaroid-book-2\\\/#primaryimage\"},\"image\":{\"@id\":\"https:\\\/\\\/foliobooks.pl\\\/en\\\/shop\\\/the-polaroid-book-2\\\/#primaryimage\"},\"thumbnailUrl\":\"https:\\\/\\\/foliobooks.pl\\\/wp-content\\\/uploads\\\/2020\\\/12\\\/9783836577748-1.png\",\"datePublished\":\"2020-12-15T19:12:21+00:00\",\"dateModified\":\"2022-09-19T13:56:45+00:00\",\"description\":\"Wejd\u017a i kup ksi\u0105\u017ck\u0119 The Polaroid Book autorstwa Barbara Hitchcock, Steve Crist wydan\u0105 przez TASCHEN (2019-11-15) w formacie 14 x 19,5 cm (ISBN: 9783836579858). Zapraszamy!\",\"breadcrumb\":{\"@id\":\"https:\\\/\\\/foliobooks.pl\\\/en\\\/shop\\\/the-polaroid-book-2\\\/#breadcrumb\"},\"inLanguage\":\"en-US\",\"potentialAction\":[{\"@type\":\"ReadAction\",\"target\":[\"https:\\\/\\\/foliobooks.pl\\\/en\\\/shop\\\/the-polaroid-book-2\\\/\"]}]},{\"@type\":\"ImageObject\",\"inLanguage\":\"en-US\",\"@id\":\"https:\\\/\\\/foliobooks.pl\\\/en\\\/shop\\\/the-polaroid-book-2\\\/#primaryimage\",\"url\":\"https:\\\/\\\/foliobooks.pl\\\/wp-content\\\/uploads\\\/2020\\\/12\\\/9783836577748-1.png\",\"contentUrl\":\"https:\\\/\\\/foliobooks.pl\\\/wp-content\\\/uploads\\\/2020\\\/12\\\/9783836577748-1.png\",\"width\":570,\"height\":708},{\"@type\":\"BreadcrumbList\",\"@id\":\"https:\\\/\\\/foliobooks.pl\\\/en\\\/shop\\\/the-polaroid-book-2\\\/#breadcrumb\",\"itemListElement\":[{\"@type\":\"ListItem\",\"position\":1,\"name\":\"Strona g\u0142\u00f3wna\",\"item\":\"https:\\\/\\\/foliobooks.pl\\\/en\\\/\"},{\"@type\":\"ListItem\",\"position\":2,\"name\":\"Shop\",\"item\":\"https:\\\/\\\/foliobooks.pl\\\/en\\\/shop\\\/\"},{\"@type\":\"ListItem\",\"position\":3,\"name\":\"The Polaroid Book\"}]},{\"@type\":\"WebSite\",\"@id\":\"https:\\\/\\\/foliobooks.pl\\\/en\\\/#website\",\"url\":\"https:\\\/\\\/foliobooks.pl\\\/en\\\/\",\"name\":\"Folio\",\"description\":\"Ksi\u0119garnia internetowa\",\"potentialAction\":[{\"@type\":\"SearchAction\",\"target\":{\"@type\":\"EntryPoint\",\"urlTemplate\":\"https:\\\/\\\/foliobooks.pl\\\/en\\\/?s={search_term_string}\"},\"query-input\":{\"@type\":\"PropertyValueSpecification\",\"valueRequired\":true,\"valueName\":\"search_term_string\"}}],\"inLanguage\":\"en-US\"}]}<\/script>\n<!-- \/ Yoast SEO plugin. -->","yoast_head_json":{"title":"The Polaroid Book (Barbara Hitchcock, Steve Crist) - book \/ album - Folio","description":"Wejd\u017a i kup ksi\u0105\u017ck\u0119 The Polaroid Book autorstwa Barbara Hitchcock, Steve Crist wydan\u0105 przez TASCHEN (2019-11-15) w formacie 14 x 19,5 cm (ISBN: 9783836579858). Zapraszamy!","robots":{"index":"index","follow":"follow","max-snippet":"max-snippet:-1","max-image-preview":"max-image-preview:large","max-video-preview":"max-video-preview:-1"},"canonical":"https:\/\/foliobooks.pl\/en\/shop\/the-polaroid-book-2\/","og_locale":"en_US","og_type":"article","og_title":"The Polaroid Book (Barbara Hitchcock, Steve Crist) - book \/ album - Folio","og_description":"Wejd\u017a i kup ksi\u0105\u017ck\u0119 The Polaroid Book autorstwa Barbara Hitchcock, Steve Crist wydan\u0105 przez TASCHEN (2019-11-15) w formacie 14 x 19,5 cm (ISBN: 9783836579858). Zapraszamy!","og_url":"https:\/\/foliobooks.pl\/en\/shop\/the-polaroid-book-2\/","og_site_name":"Folio","article_modified_time":"2022-09-19T13:56:45+00:00","og_image":[{"width":570,"height":708,"url":"https:\/\/foliobooks.pl\/wp-content\/uploads\/2020\/12\/9783836577748-1.png","type":"image\/png"}],"twitter_card":"summary_large_image","twitter_misc":{"Est. reading time":"1 minute"},"schema":{"@context":"https:\/\/schema.org","@graph":[{"@type":"WebPage","@id":"https:\/\/foliobooks.pl\/en\/shop\/the-polaroid-book-2\/","url":"https:\/\/foliobooks.pl\/en\/shop\/the-polaroid-book-2\/","name":"The Polaroid Book (Barbara Hitchcock, Steve Crist) - book \/ album - Folio","isPartOf":{"@id":"https:\/\/foliobooks.pl\/en\/#website"},"primaryImageOfPage":{"@id":"https:\/\/foliobooks.pl\/en\/shop\/the-polaroid-book-2\/#primaryimage"},"image":{"@id":"https:\/\/foliobooks.pl\/en\/shop\/the-polaroid-book-2\/#primaryimage"},"thumbnailUrl":"https:\/\/foliobooks.pl\/wp-content\/uploads\/2020\/12\/9783836577748-1.png","datePublished":"2020-12-15T19:12:21+00:00","dateModified":"2022-09-19T13:56:45+00:00","description":"Wejd\u017a i kup ksi\u0105\u017ck\u0119 The Polaroid Book autorstwa Barbara Hitchcock, Steve Crist wydan\u0105 przez TASCHEN (2019-11-15) w formacie 14 x 19,5 cm (ISBN: 9783836579858). Zapraszamy!","breadcrumb":{"@id":"https:\/\/foliobooks.pl\/en\/shop\/the-polaroid-book-2\/#breadcrumb"},"inLanguage":"en-US","potentialAction":[{"@type":"ReadAction","target":["https:\/\/foliobooks.pl\/en\/shop\/the-polaroid-book-2\/"]}]},{"@type":"ImageObject","inLanguage":"en-US","@id":"https:\/\/foliobooks.pl\/en\/shop\/the-polaroid-book-2\/#primaryimage","url":"https:\/\/foliobooks.pl\/wp-content\/uploads\/2020\/12\/9783836577748-1.png","contentUrl":"https:\/\/foliobooks.pl\/wp-content\/uploads\/2020\/12\/9783836577748-1.png","width":570,"height":708},{"@type":"BreadcrumbList","@id":"https:\/\/foliobooks.pl\/en\/shop\/the-polaroid-book-2\/#breadcrumb","itemListElement":[{"@type":"ListItem","position":1,"name":"Strona g\u0142\u00f3wna","item":"https:\/\/foliobooks.pl\/en\/"},{"@type":"ListItem","position":2,"name":"Shop","item":"https:\/\/foliobooks.pl\/en\/shop\/"},{"@type":"ListItem","position":3,"name":"The Polaroid Book"}]},{"@type":"WebSite","@id":"https:\/\/foliobooks.pl\/en\/#website","url":"https:\/\/foliobooks.pl\/en\/","name":"Folio","description":"Ksi\u0119garnia internetowa","potentialAction":[{"@type":"SearchAction","target":{"@type":"EntryPoint","urlTemplate":"https:\/\/foliobooks.pl\/en\/?s={search_term_string}"},"query-input":{"@type":"PropertyValueSpecification","valueRequired":true,"valueName":"search_term_string"}}],"inLanguage":"en-US"}]}},"_links":{"self":[{"href":"https:\/\/foliobooks.pl\/en\/wp-json\/wp\/v2\/product\/53169","targetHints":{"allow":["GET"]}}],"collection":[{"href":"https:\/\/foliobooks.pl\/en\/wp-json\/wp\/v2\/product"}],"about":[{"href":"https:\/\/foliobooks.pl\/en\/wp-json\/wp\/v2\/types\/product"}],"replies":[{"embeddable":true,"href":"https:\/\/foliobooks.pl\/en\/wp-json\/wp\/v2\/comments?post=53169"}],"wp:featuredmedia":[{"embeddable":true,"href":"https:\/\/foliobooks.pl\/en\/wp-json\/wp\/v2\/media\/53256"}],"wp:attachment":[{"href":"https:\/\/foliobooks.pl\/en\/wp-json\/wp\/v2\/media?parent=53169"}],"wp:term":[{"taxonomy":"product_brand","embeddable":true,"href":"https:\/\/foliobooks.pl\/en\/wp-json\/wp\/v2\/product_brand?post=53169"},{"taxonomy":"product_cat","embeddable":true,"href":"https:\/\/foliobooks.pl\/en\/wp-json\/wp\/v2\/product_cat?post=53169"},{"taxonomy":"product_tag","embeddable":true,"href":"https:\/\/foliobooks.pl\/en\/wp-json\/wp\/v2\/product_tag?post=53169"}],"curies":[{"name":"wp","href":"https:\/\/api.w.org\/{rel}","templated":true}]}}