{"id":53165,"date":"2020-12-15T19:30:06","date_gmt":"2020-12-15T18:30:06","guid":{"rendered":"https:\/\/foliobooks.pl\/?post_type=product&#038;p=53165"},"modified":"2025-12-03T16:16:12","modified_gmt":"2025-12-03T15:16:12","slug":"photo-icons-50-landmark-photographs-and-their-stories","status":"publish","type":"product","link":"https:\/\/foliobooks.pl\/en\/shop\/photo-icons-50-landmark-photographs-and-their-stories\/","title":{"rendered":"Photo Icons. 50 Landmark Photographs and Their Stories"},"content":{"rendered":"<p>From Nic\u00e9phore Ni\u00e9pce\u2019s 1827 eight-hour-exposure rooftop pictures to the horror of Nick Ut\u2019s \u201cnapalm girl,\u201d the 50 photographs in this collection have defined eras, made history, or touched something so fundamentally human that they have become resonant icons around the world. Each image goes under the microscope, revealing the history of the medium and its social, historical, and artistic impact.<\/p>\n<p>Photographs have a strange and powerful way of shaping the way we see the world. The most successful images enter our collective consciousness, defining eras, making history, or simply touching something so fundamentally human and universal that they have become resonant icons all over the globe. To explore this unique influence, Photo Icons puts some of the most important photographic landmarks under the microscope.<\/p>\n<p>From some of the earliest photography, such as Nic\u00e9phore Ni\u00e9pce\u2019s 1827 eight-hour-exposure rooftop picture and Louis Daguerre\u2019s famous 1838 street scene, through to Martin Parr, this is as much a history of the medium as a case-by-case analysis of its social, historical, and artistic impact. We take in experimental Surrealist shots of the 1920s and the gritty photorealism of the 1930s, including Dorothea Lange\u2019s Migrant Mother.<\/p>\n<p>We witness the power-makers (Che Guevara) and the heartbreakers (Marilyn Monroe) as well as the great gamut of human emotions and experiences to which photography bears such vivid witness: from the euphoric Kiss in Front of City Hall (1950) by Doisneau to the horror of Nick Ut\u2019s Napalm Against Civilians showing nine-year-old Phan Thi Kim Ph\u00fac running naked toward the camera from South Vietnamese napalm.<\/p>\n","protected":false},"excerpt":{"rendered":"<p>From Nic\u00e9phore Ni\u00e9pce\u2019s 1827 eight-hour-exposure rooftop pictures to the horror of Nick Ut\u2019s \u201cnapalm girl,\u201d the 50 photographs in this collection have defined eras, made history, or touched something so fundamentally human that they have become resonant icons around the world. Each image goes under the microscope, revealing the history of the medium and its&#8230;<\/p>\n","protected":false},"featured_media":53241,"comment_status":"closed","ping_status":"closed","template":"","meta":[],"product_brand":[],"product_cat":[13533,4517],"product_tag":[1681,1175,6121],"class_list":{"0":"post-53165","1":"product","2":"type-product","3":"status-publish","4":"has-post-thumbnail","6":"product_cat-books","7":"product_cat-photography-en","8":"product_tag-history","9":"product_tag-iconic-photographs","10":"product_tag-photography","11":"pa_author_att-hans-michael-koetzle-en","12":"pa_cover-hardcover","13":"pa_format-14-x-195-cm-en","14":"pa_isbn-9783836577748-en","15":"pa_language-eng","16":"pa_pages-432-en","17":"pa_published-2019-11-22-en","18":"pa_publisher-taschen-en-en","20":"first","21":"instock","22":"sold-individually","23":"shipping-taxable","24":"purchasable","25":"product-type-simple"},"yoast_head":"<!-- This site is optimized with the Yoast SEO plugin v27.4 - https:\/\/yoast.com\/product\/yoast-seo-wordpress\/ -->\n<title>Photo Icons. 50 Landmark Photographs and Their Stories (Hans-Michael Koetzle) - book \/ album - Folio<\/title>\n<meta name=\"description\" content=\"Wejd\u017a i kup ksi\u0105\u017ck\u0119 Photo Icons. 50 Landmark Photographs and Their Stories autorstwa Hans-Michael Koetzle wydan\u0105 przez TASCHEN (2019-11-22) w formacie 14 x 19,5 cm (ISBN: 9783836577748). Zapraszamy!\" \/>\n<meta name=\"robots\" content=\"index, follow, max-snippet:-1, max-image-preview:large, max-video-preview:-1\" \/>\n<link rel=\"canonical\" href=\"https:\/\/foliobooks.pl\/en\/shop\/photo-icons-50-landmark-photographs-and-their-stories\/\" \/>\n<meta property=\"og:locale\" content=\"en_US\" \/>\n<meta property=\"og:type\" content=\"article\" \/>\n<meta property=\"og:title\" content=\"Photo Icons. 50 Landmark Photographs and Their Stories (Hans-Michael Koetzle) - book \/ album - Folio\" \/>\n<meta property=\"og:description\" content=\"Wejd\u017a i kup ksi\u0105\u017ck\u0119 Photo Icons. 50 Landmark Photographs and Their Stories autorstwa Hans-Michael Koetzle wydan\u0105 przez TASCHEN (2019-11-22) w formacie 14 x 19,5 cm (ISBN: 9783836577748). Zapraszamy!\" \/>\n<meta property=\"og:url\" content=\"https:\/\/foliobooks.pl\/en\/shop\/photo-icons-50-landmark-photographs-and-their-stories\/\" \/>\n<meta property=\"og:site_name\" content=\"Folio\" \/>\n<meta property=\"article:modified_time\" content=\"2025-12-03T15:16:12+00:00\" \/>\n<meta property=\"og:image\" content=\"https:\/\/foliobooks.pl\/wp-content\/uploads\/2020\/12\/9783836577748.png\" \/>\n\t<meta property=\"og:image:width\" content=\"570\" \/>\n\t<meta property=\"og:image:height\" content=\"708\" \/>\n\t<meta property=\"og:image:type\" content=\"image\/png\" \/>\n<meta name=\"twitter:card\" content=\"summary_large_image\" \/>\n<meta name=\"twitter:label1\" content=\"Est. reading time\" \/>\n\t<meta name=\"twitter:data1\" content=\"1 minute\" \/>\n<script type=\"application\/ld+json\" class=\"yoast-schema-graph\">{\"@context\":\"https:\\\/\\\/schema.org\",\"@graph\":[{\"@type\":\"WebPage\",\"@id\":\"https:\\\/\\\/foliobooks.pl\\\/en\\\/shop\\\/photo-icons-50-landmark-photographs-and-their-stories\\\/\",\"url\":\"https:\\\/\\\/foliobooks.pl\\\/en\\\/shop\\\/photo-icons-50-landmark-photographs-and-their-stories\\\/\",\"name\":\"Photo Icons. 50 Landmark Photographs and Their Stories (Hans-Michael Koetzle) - book \\\/ album - Folio\",\"isPartOf\":{\"@id\":\"https:\\\/\\\/foliobooks.pl\\\/en\\\/#website\"},\"primaryImageOfPage\":{\"@id\":\"https:\\\/\\\/foliobooks.pl\\\/en\\\/shop\\\/photo-icons-50-landmark-photographs-and-their-stories\\\/#primaryimage\"},\"image\":{\"@id\":\"https:\\\/\\\/foliobooks.pl\\\/en\\\/shop\\\/photo-icons-50-landmark-photographs-and-their-stories\\\/#primaryimage\"},\"thumbnailUrl\":\"https:\\\/\\\/foliobooks.pl\\\/wp-content\\\/uploads\\\/2020\\\/12\\\/9783836577748.png\",\"datePublished\":\"2020-12-15T18:30:06+00:00\",\"dateModified\":\"2025-12-03T15:16:12+00:00\",\"description\":\"Wejd\u017a i kup ksi\u0105\u017ck\u0119 Photo Icons. 50 Landmark Photographs and Their Stories autorstwa Hans-Michael Koetzle wydan\u0105 przez TASCHEN (2019-11-22) w formacie 14 x 19,5 cm (ISBN: 9783836577748). Zapraszamy!\",\"breadcrumb\":{\"@id\":\"https:\\\/\\\/foliobooks.pl\\\/en\\\/shop\\\/photo-icons-50-landmark-photographs-and-their-stories\\\/#breadcrumb\"},\"inLanguage\":\"en-US\",\"potentialAction\":[{\"@type\":\"ReadAction\",\"target\":[\"https:\\\/\\\/foliobooks.pl\\\/en\\\/shop\\\/photo-icons-50-landmark-photographs-and-their-stories\\\/\"]}]},{\"@type\":\"ImageObject\",\"inLanguage\":\"en-US\",\"@id\":\"https:\\\/\\\/foliobooks.pl\\\/en\\\/shop\\\/photo-icons-50-landmark-photographs-and-their-stories\\\/#primaryimage\",\"url\":\"https:\\\/\\\/foliobooks.pl\\\/wp-content\\\/uploads\\\/2020\\\/12\\\/9783836577748.png\",\"contentUrl\":\"https:\\\/\\\/foliobooks.pl\\\/wp-content\\\/uploads\\\/2020\\\/12\\\/9783836577748.png\",\"width\":570,\"height\":708},{\"@type\":\"BreadcrumbList\",\"@id\":\"https:\\\/\\\/foliobooks.pl\\\/en\\\/shop\\\/photo-icons-50-landmark-photographs-and-their-stories\\\/#breadcrumb\",\"itemListElement\":[{\"@type\":\"ListItem\",\"position\":1,\"name\":\"Strona g\u0142\u00f3wna\",\"item\":\"https:\\\/\\\/foliobooks.pl\\\/en\\\/\"},{\"@type\":\"ListItem\",\"position\":2,\"name\":\"Shop\",\"item\":\"https:\\\/\\\/foliobooks.pl\\\/en\\\/shop\\\/\"},{\"@type\":\"ListItem\",\"position\":3,\"name\":\"Photo Icons. 50 Landmark Photographs and Their Stories\"}]},{\"@type\":\"WebSite\",\"@id\":\"https:\\\/\\\/foliobooks.pl\\\/en\\\/#website\",\"url\":\"https:\\\/\\\/foliobooks.pl\\\/en\\\/\",\"name\":\"Folio\",\"description\":\"Ksi\u0119garnia internetowa\",\"potentialAction\":[{\"@type\":\"SearchAction\",\"target\":{\"@type\":\"EntryPoint\",\"urlTemplate\":\"https:\\\/\\\/foliobooks.pl\\\/en\\\/?s={search_term_string}\"},\"query-input\":{\"@type\":\"PropertyValueSpecification\",\"valueRequired\":true,\"valueName\":\"search_term_string\"}}],\"inLanguage\":\"en-US\"}]}<\/script>\n<!-- \/ Yoast SEO plugin. -->","yoast_head_json":{"title":"Photo Icons. 50 Landmark Photographs and Their Stories (Hans-Michael Koetzle) - book \/ album - Folio","description":"Wejd\u017a i kup ksi\u0105\u017ck\u0119 Photo Icons. 50 Landmark Photographs and Their Stories autorstwa Hans-Michael Koetzle wydan\u0105 przez TASCHEN (2019-11-22) w formacie 14 x 19,5 cm (ISBN: 9783836577748). Zapraszamy!","robots":{"index":"index","follow":"follow","max-snippet":"max-snippet:-1","max-image-preview":"max-image-preview:large","max-video-preview":"max-video-preview:-1"},"canonical":"https:\/\/foliobooks.pl\/en\/shop\/photo-icons-50-landmark-photographs-and-their-stories\/","og_locale":"en_US","og_type":"article","og_title":"Photo Icons. 50 Landmark Photographs and Their Stories (Hans-Michael Koetzle) - book \/ album - Folio","og_description":"Wejd\u017a i kup ksi\u0105\u017ck\u0119 Photo Icons. 50 Landmark Photographs and Their Stories autorstwa Hans-Michael Koetzle wydan\u0105 przez TASCHEN (2019-11-22) w formacie 14 x 19,5 cm (ISBN: 9783836577748). Zapraszamy!","og_url":"https:\/\/foliobooks.pl\/en\/shop\/photo-icons-50-landmark-photographs-and-their-stories\/","og_site_name":"Folio","article_modified_time":"2025-12-03T15:16:12+00:00","og_image":[{"width":570,"height":708,"url":"https:\/\/foliobooks.pl\/wp-content\/uploads\/2020\/12\/9783836577748.png","type":"image\/png"}],"twitter_card":"summary_large_image","twitter_misc":{"Est. reading time":"1 minute"},"schema":{"@context":"https:\/\/schema.org","@graph":[{"@type":"WebPage","@id":"https:\/\/foliobooks.pl\/en\/shop\/photo-icons-50-landmark-photographs-and-their-stories\/","url":"https:\/\/foliobooks.pl\/en\/shop\/photo-icons-50-landmark-photographs-and-their-stories\/","name":"Photo Icons. 50 Landmark Photographs and Their Stories (Hans-Michael Koetzle) - book \/ album - Folio","isPartOf":{"@id":"https:\/\/foliobooks.pl\/en\/#website"},"primaryImageOfPage":{"@id":"https:\/\/foliobooks.pl\/en\/shop\/photo-icons-50-landmark-photographs-and-their-stories\/#primaryimage"},"image":{"@id":"https:\/\/foliobooks.pl\/en\/shop\/photo-icons-50-landmark-photographs-and-their-stories\/#primaryimage"},"thumbnailUrl":"https:\/\/foliobooks.pl\/wp-content\/uploads\/2020\/12\/9783836577748.png","datePublished":"2020-12-15T18:30:06+00:00","dateModified":"2025-12-03T15:16:12+00:00","description":"Wejd\u017a i kup ksi\u0105\u017ck\u0119 Photo Icons. 50 Landmark Photographs and Their Stories autorstwa Hans-Michael Koetzle wydan\u0105 przez TASCHEN (2019-11-22) w formacie 14 x 19,5 cm (ISBN: 9783836577748). Zapraszamy!","breadcrumb":{"@id":"https:\/\/foliobooks.pl\/en\/shop\/photo-icons-50-landmark-photographs-and-their-stories\/#breadcrumb"},"inLanguage":"en-US","potentialAction":[{"@type":"ReadAction","target":["https:\/\/foliobooks.pl\/en\/shop\/photo-icons-50-landmark-photographs-and-their-stories\/"]}]},{"@type":"ImageObject","inLanguage":"en-US","@id":"https:\/\/foliobooks.pl\/en\/shop\/photo-icons-50-landmark-photographs-and-their-stories\/#primaryimage","url":"https:\/\/foliobooks.pl\/wp-content\/uploads\/2020\/12\/9783836577748.png","contentUrl":"https:\/\/foliobooks.pl\/wp-content\/uploads\/2020\/12\/9783836577748.png","width":570,"height":708},{"@type":"BreadcrumbList","@id":"https:\/\/foliobooks.pl\/en\/shop\/photo-icons-50-landmark-photographs-and-their-stories\/#breadcrumb","itemListElement":[{"@type":"ListItem","position":1,"name":"Strona g\u0142\u00f3wna","item":"https:\/\/foliobooks.pl\/en\/"},{"@type":"ListItem","position":2,"name":"Shop","item":"https:\/\/foliobooks.pl\/en\/shop\/"},{"@type":"ListItem","position":3,"name":"Photo Icons. 50 Landmark Photographs and Their Stories"}]},{"@type":"WebSite","@id":"https:\/\/foliobooks.pl\/en\/#website","url":"https:\/\/foliobooks.pl\/en\/","name":"Folio","description":"Ksi\u0119garnia internetowa","potentialAction":[{"@type":"SearchAction","target":{"@type":"EntryPoint","urlTemplate":"https:\/\/foliobooks.pl\/en\/?s={search_term_string}"},"query-input":{"@type":"PropertyValueSpecification","valueRequired":true,"valueName":"search_term_string"}}],"inLanguage":"en-US"}]}},"_links":{"self":[{"href":"https:\/\/foliobooks.pl\/en\/wp-json\/wp\/v2\/product\/53165","targetHints":{"allow":["GET"]}}],"collection":[{"href":"https:\/\/foliobooks.pl\/en\/wp-json\/wp\/v2\/product"}],"about":[{"href":"https:\/\/foliobooks.pl\/en\/wp-json\/wp\/v2\/types\/product"}],"replies":[{"embeddable":true,"href":"https:\/\/foliobooks.pl\/en\/wp-json\/wp\/v2\/comments?post=53165"}],"wp:featuredmedia":[{"embeddable":true,"href":"https:\/\/foliobooks.pl\/en\/wp-json\/wp\/v2\/media\/53241"}],"wp:attachment":[{"href":"https:\/\/foliobooks.pl\/en\/wp-json\/wp\/v2\/media?parent=53165"}],"wp:term":[{"taxonomy":"product_brand","embeddable":true,"href":"https:\/\/foliobooks.pl\/en\/wp-json\/wp\/v2\/product_brand?post=53165"},{"taxonomy":"product_cat","embeddable":true,"href":"https:\/\/foliobooks.pl\/en\/wp-json\/wp\/v2\/product_cat?post=53165"},{"taxonomy":"product_tag","embeddable":true,"href":"https:\/\/foliobooks.pl\/en\/wp-json\/wp\/v2\/product_tag?post=53165"}],"curies":[{"name":"wp","href":"https:\/\/api.w.org\/{rel}","templated":true}]}}