{"id":53030,"date":"2020-12-15T13:45:26","date_gmt":"2020-12-15T12:45:26","guid":{"rendered":"https:\/\/foliobooks.pl\/?post_type=product&#038;p=53030"},"modified":"2025-03-06T15:28:38","modified_gmt":"2025-03-06T14:28:38","slug":"walter-chandoha-dogs-photographs-1941-1991","status":"publish","type":"product","link":"https:\/\/foliobooks.pl\/en\/shop\/walter-chandoha-dogs-photographs-1941-1991\/","title":{"rendered":"Walter Chandoha. Dogs. Photographs 1941\u20131991"},"content":{"rendered":"<p>Walter Chandoha\u2019s remarkable legacy as the 20th century\u2019s greatest pet photographer lives on in this sequel to his critically acclaimed Cats. Featuring over 60 breeds, photographed in a variety of styles and locations, the book includes color studio and environmental portraits, black-and-white street scenes, dogs roaming free in the countryside, and vintage dog shows. Each image brims with Chandoha\u2019s tenderness and empathy for these charming canines.<\/p>\n<p>The world appears to be divided into cat and dog lovers, but fortunately Walter Chandoha, the 20th century\u2019s greatest pet photographer found himself happily in the middle. He loved these intriguing creatures equally for their unique beauty and individualism, and as subjects to photograph in a career spanning over 70 years. While working on his critically acclaimed TASCHEN book Cats, Chandoha handpicked his favorite dog photos for a potential follow-up title, putting into carefully marked boxes hundreds of contact sheets, prints, and color transparencies, many unseen for at least 50 years, and some totally unseen.<\/p>\n<p>Chandoha sadly passed away in 2019 at the age of 98, but his legacy lives on in this dashing sequel dedicated to man\u2019s best friend. \u201cWalter Chandoha\u2019s photographs of dogs are compelling not just because dogs have an inherent charm, but because the person behind the camera was a master of his craft,\u201d writes the photography critic Jean Dykstra in the book\u2019s introduction.<\/p>\n<p>We see terriers, collies, beagles, bloodhounds, poodles, small dogs, big dogs, show dogs, working dogs, and many more, featuring over 60 breeds photographed in both black-and-white and glorious Kodachrome.<\/p>\n<p>Spanning a 50-year period, the book is divided into six sections, and each chapter reveals Chandoha\u2019s exceptional combination of technique, versatility, and soul. The opening chapter \u201cIn the Studio\u201d focuses on formal portraiture; next it\u2019s \u201cStrike a Pose\u201d where our canine companions ham it up for the camera; in \u201cOut and About\u201d they get to roam and play, often photographed with Chandoha\u2019s own children; next it\u2019s \u201cBest in Show\u201d with Chandoha using his reportage skills to capture vintage dog shows from the Mad Men era; in \u201cTails from the City,\u201d the dogs are hitting the streets of mid-century New York; and in the closing chapter \u201cCountry Dogs,\u201d it\u2019s back to nature, the fields, and the beaches. Dogs is an unleashed photographic tribute to these lovable and loyal creatures.<\/p>\n","protected":false},"excerpt":{"rendered":"<p>Walter Chandoha\u2019s remarkable legacy as the 20th century\u2019s greatest pet photographer lives on in this sequel to his critically acclaimed Cats. Featuring over 60 breeds, photographed in a variety of styles and locations, the book includes color studio and environmental portraits, black-and-white street scenes, dogs roaming free in the countryside, and vintage dog shows. Each&#8230;<\/p>\n","protected":false},"featured_media":53108,"comment_status":"closed","ping_status":"closed","template":"","meta":[],"product_brand":[],"product_cat":[13533,4517],"product_tag":[208,6121,1066],"class_list":{"0":"post-53030","1":"product","2":"type-product","3":"status-publish","4":"has-post-thumbnail","6":"product_cat-books","7":"product_cat-photography-en","8":"product_tag-animals-en","9":"product_tag-photography","10":"product_tag-portraits-en","11":"pa_author_att-reuel-golden-en","12":"pa_author_att-walter-chandoha-en","13":"pa_cover-hardcover","14":"pa_format-237-x-316-cm-en","15":"pa_isbn-9783836584296-en","16":"pa_language-eng-f-ger","17":"pa_pages-296-en","18":"pa_published-2020-10-01-en","19":"pa_publisher-taschen-en-en","21":"first","22":"instock","23":"sold-individually","24":"shipping-taxable","25":"purchasable","26":"product-type-simple"},"yoast_head":"<!-- This site is optimized with the Yoast SEO plugin v27.4 - https:\/\/yoast.com\/product\/yoast-seo-wordpress\/ -->\n<title>Walter Chandoha. Dogs. Photographs 1941\u20131991 (Reuel Golden, Walter Chandoha) - book \/ album - Folio<\/title>\n<meta name=\"description\" content=\"Wejd\u017a i kup ksi\u0105\u017ck\u0119 Walter Chandoha. Dogs. Photographs 1941\u20131991 autorstwa Reuel Golden, Walter Chandoha wydan\u0105 przez TASCHEN (2020-10-01) w formacie 23,7 x 31,6 cm (ISBN: 9783836584296). Zapraszamy!\" \/>\n<meta name=\"robots\" content=\"index, follow, max-snippet:-1, max-image-preview:large, max-video-preview:-1\" \/>\n<link rel=\"canonical\" href=\"https:\/\/foliobooks.pl\/en\/shop\/walter-chandoha-dogs-photographs-1941-1991\/\" \/>\n<meta property=\"og:locale\" content=\"en_US\" \/>\n<meta property=\"og:type\" content=\"article\" \/>\n<meta property=\"og:title\" content=\"Walter Chandoha. Dogs. Photographs 1941\u20131991 (Reuel Golden, Walter Chandoha) - book \/ album - Folio\" \/>\n<meta property=\"og:description\" content=\"Wejd\u017a i kup ksi\u0105\u017ck\u0119 Walter Chandoha. Dogs. Photographs 1941\u20131991 autorstwa Reuel Golden, Walter Chandoha wydan\u0105 przez TASCHEN (2020-10-01) w formacie 23,7 x 31,6 cm (ISBN: 9783836584296). Zapraszamy!\" \/>\n<meta property=\"og:url\" content=\"https:\/\/foliobooks.pl\/en\/shop\/walter-chandoha-dogs-photographs-1941-1991\/\" \/>\n<meta property=\"og:site_name\" content=\"Folio\" \/>\n<meta property=\"article:modified_time\" content=\"2025-03-06T14:28:38+00:00\" \/>\n<meta property=\"og:image\" content=\"https:\/\/foliobooks.pl\/wp-content\/uploads\/2020\/12\/9783836584296.png\" \/>\n\t<meta property=\"og:image:width\" content=\"570\" \/>\n\t<meta property=\"og:image:height\" content=\"708\" \/>\n\t<meta property=\"og:image:type\" content=\"image\/png\" \/>\n<meta name=\"twitter:card\" content=\"summary_large_image\" \/>\n<meta name=\"twitter:label1\" content=\"Est. reading time\" \/>\n\t<meta name=\"twitter:data1\" content=\"2 minutes\" \/>\n<script type=\"application\/ld+json\" class=\"yoast-schema-graph\">{\"@context\":\"https:\\\/\\\/schema.org\",\"@graph\":[{\"@type\":\"WebPage\",\"@id\":\"https:\\\/\\\/foliobooks.pl\\\/en\\\/shop\\\/walter-chandoha-dogs-photographs-1941-1991\\\/\",\"url\":\"https:\\\/\\\/foliobooks.pl\\\/en\\\/shop\\\/walter-chandoha-dogs-photographs-1941-1991\\\/\",\"name\":\"Walter Chandoha. Dogs. Photographs 1941\u20131991 (Reuel Golden, Walter Chandoha) - book \\\/ album - Folio\",\"isPartOf\":{\"@id\":\"https:\\\/\\\/foliobooks.pl\\\/en\\\/#website\"},\"primaryImageOfPage\":{\"@id\":\"https:\\\/\\\/foliobooks.pl\\\/en\\\/shop\\\/walter-chandoha-dogs-photographs-1941-1991\\\/#primaryimage\"},\"image\":{\"@id\":\"https:\\\/\\\/foliobooks.pl\\\/en\\\/shop\\\/walter-chandoha-dogs-photographs-1941-1991\\\/#primaryimage\"},\"thumbnailUrl\":\"https:\\\/\\\/foliobooks.pl\\\/wp-content\\\/uploads\\\/2020\\\/12\\\/9783836584296.png\",\"datePublished\":\"2020-12-15T12:45:26+00:00\",\"dateModified\":\"2025-03-06T14:28:38+00:00\",\"description\":\"Wejd\u017a i kup ksi\u0105\u017ck\u0119 Walter Chandoha. Dogs. Photographs 1941\u20131991 autorstwa Reuel Golden, Walter Chandoha wydan\u0105 przez TASCHEN (2020-10-01) w formacie 23,7 x 31,6 cm (ISBN: 9783836584296). Zapraszamy!\",\"breadcrumb\":{\"@id\":\"https:\\\/\\\/foliobooks.pl\\\/en\\\/shop\\\/walter-chandoha-dogs-photographs-1941-1991\\\/#breadcrumb\"},\"inLanguage\":\"en-US\",\"potentialAction\":[{\"@type\":\"ReadAction\",\"target\":[\"https:\\\/\\\/foliobooks.pl\\\/en\\\/shop\\\/walter-chandoha-dogs-photographs-1941-1991\\\/\"]}]},{\"@type\":\"ImageObject\",\"inLanguage\":\"en-US\",\"@id\":\"https:\\\/\\\/foliobooks.pl\\\/en\\\/shop\\\/walter-chandoha-dogs-photographs-1941-1991\\\/#primaryimage\",\"url\":\"https:\\\/\\\/foliobooks.pl\\\/wp-content\\\/uploads\\\/2020\\\/12\\\/9783836584296.png\",\"contentUrl\":\"https:\\\/\\\/foliobooks.pl\\\/wp-content\\\/uploads\\\/2020\\\/12\\\/9783836584296.png\",\"width\":570,\"height\":708},{\"@type\":\"BreadcrumbList\",\"@id\":\"https:\\\/\\\/foliobooks.pl\\\/en\\\/shop\\\/walter-chandoha-dogs-photographs-1941-1991\\\/#breadcrumb\",\"itemListElement\":[{\"@type\":\"ListItem\",\"position\":1,\"name\":\"Strona g\u0142\u00f3wna\",\"item\":\"https:\\\/\\\/foliobooks.pl\\\/en\\\/\"},{\"@type\":\"ListItem\",\"position\":2,\"name\":\"Shop\",\"item\":\"https:\\\/\\\/foliobooks.pl\\\/en\\\/shop\\\/\"},{\"@type\":\"ListItem\",\"position\":3,\"name\":\"Walter Chandoha. Dogs. Photographs 1941\u20131991\"}]},{\"@type\":\"WebSite\",\"@id\":\"https:\\\/\\\/foliobooks.pl\\\/en\\\/#website\",\"url\":\"https:\\\/\\\/foliobooks.pl\\\/en\\\/\",\"name\":\"Folio\",\"description\":\"Ksi\u0119garnia internetowa\",\"potentialAction\":[{\"@type\":\"SearchAction\",\"target\":{\"@type\":\"EntryPoint\",\"urlTemplate\":\"https:\\\/\\\/foliobooks.pl\\\/en\\\/?s={search_term_string}\"},\"query-input\":{\"@type\":\"PropertyValueSpecification\",\"valueRequired\":true,\"valueName\":\"search_term_string\"}}],\"inLanguage\":\"en-US\"}]}<\/script>\n<!-- \/ Yoast SEO plugin. -->","yoast_head_json":{"title":"Walter Chandoha. Dogs. Photographs 1941\u20131991 (Reuel Golden, Walter Chandoha) - book \/ album - Folio","description":"Wejd\u017a i kup ksi\u0105\u017ck\u0119 Walter Chandoha. Dogs. Photographs 1941\u20131991 autorstwa Reuel Golden, Walter Chandoha wydan\u0105 przez TASCHEN (2020-10-01) w formacie 23,7 x 31,6 cm (ISBN: 9783836584296). Zapraszamy!","robots":{"index":"index","follow":"follow","max-snippet":"max-snippet:-1","max-image-preview":"max-image-preview:large","max-video-preview":"max-video-preview:-1"},"canonical":"https:\/\/foliobooks.pl\/en\/shop\/walter-chandoha-dogs-photographs-1941-1991\/","og_locale":"en_US","og_type":"article","og_title":"Walter Chandoha. Dogs. Photographs 1941\u20131991 (Reuel Golden, Walter Chandoha) - book \/ album - Folio","og_description":"Wejd\u017a i kup ksi\u0105\u017ck\u0119 Walter Chandoha. Dogs. Photographs 1941\u20131991 autorstwa Reuel Golden, Walter Chandoha wydan\u0105 przez TASCHEN (2020-10-01) w formacie 23,7 x 31,6 cm (ISBN: 9783836584296). Zapraszamy!","og_url":"https:\/\/foliobooks.pl\/en\/shop\/walter-chandoha-dogs-photographs-1941-1991\/","og_site_name":"Folio","article_modified_time":"2025-03-06T14:28:38+00:00","og_image":[{"width":570,"height":708,"url":"https:\/\/foliobooks.pl\/wp-content\/uploads\/2020\/12\/9783836584296.png","type":"image\/png"}],"twitter_card":"summary_large_image","twitter_misc":{"Est. reading time":"2 minutes"},"schema":{"@context":"https:\/\/schema.org","@graph":[{"@type":"WebPage","@id":"https:\/\/foliobooks.pl\/en\/shop\/walter-chandoha-dogs-photographs-1941-1991\/","url":"https:\/\/foliobooks.pl\/en\/shop\/walter-chandoha-dogs-photographs-1941-1991\/","name":"Walter Chandoha. Dogs. Photographs 1941\u20131991 (Reuel Golden, Walter Chandoha) - book \/ album - Folio","isPartOf":{"@id":"https:\/\/foliobooks.pl\/en\/#website"},"primaryImageOfPage":{"@id":"https:\/\/foliobooks.pl\/en\/shop\/walter-chandoha-dogs-photographs-1941-1991\/#primaryimage"},"image":{"@id":"https:\/\/foliobooks.pl\/en\/shop\/walter-chandoha-dogs-photographs-1941-1991\/#primaryimage"},"thumbnailUrl":"https:\/\/foliobooks.pl\/wp-content\/uploads\/2020\/12\/9783836584296.png","datePublished":"2020-12-15T12:45:26+00:00","dateModified":"2025-03-06T14:28:38+00:00","description":"Wejd\u017a i kup ksi\u0105\u017ck\u0119 Walter Chandoha. Dogs. Photographs 1941\u20131991 autorstwa Reuel Golden, Walter Chandoha wydan\u0105 przez TASCHEN (2020-10-01) w formacie 23,7 x 31,6 cm (ISBN: 9783836584296). Zapraszamy!","breadcrumb":{"@id":"https:\/\/foliobooks.pl\/en\/shop\/walter-chandoha-dogs-photographs-1941-1991\/#breadcrumb"},"inLanguage":"en-US","potentialAction":[{"@type":"ReadAction","target":["https:\/\/foliobooks.pl\/en\/shop\/walter-chandoha-dogs-photographs-1941-1991\/"]}]},{"@type":"ImageObject","inLanguage":"en-US","@id":"https:\/\/foliobooks.pl\/en\/shop\/walter-chandoha-dogs-photographs-1941-1991\/#primaryimage","url":"https:\/\/foliobooks.pl\/wp-content\/uploads\/2020\/12\/9783836584296.png","contentUrl":"https:\/\/foliobooks.pl\/wp-content\/uploads\/2020\/12\/9783836584296.png","width":570,"height":708},{"@type":"BreadcrumbList","@id":"https:\/\/foliobooks.pl\/en\/shop\/walter-chandoha-dogs-photographs-1941-1991\/#breadcrumb","itemListElement":[{"@type":"ListItem","position":1,"name":"Strona g\u0142\u00f3wna","item":"https:\/\/foliobooks.pl\/en\/"},{"@type":"ListItem","position":2,"name":"Shop","item":"https:\/\/foliobooks.pl\/en\/shop\/"},{"@type":"ListItem","position":3,"name":"Walter Chandoha. Dogs. Photographs 1941\u20131991"}]},{"@type":"WebSite","@id":"https:\/\/foliobooks.pl\/en\/#website","url":"https:\/\/foliobooks.pl\/en\/","name":"Folio","description":"Ksi\u0119garnia internetowa","potentialAction":[{"@type":"SearchAction","target":{"@type":"EntryPoint","urlTemplate":"https:\/\/foliobooks.pl\/en\/?s={search_term_string}"},"query-input":{"@type":"PropertyValueSpecification","valueRequired":true,"valueName":"search_term_string"}}],"inLanguage":"en-US"}]}},"_links":{"self":[{"href":"https:\/\/foliobooks.pl\/en\/wp-json\/wp\/v2\/product\/53030","targetHints":{"allow":["GET"]}}],"collection":[{"href":"https:\/\/foliobooks.pl\/en\/wp-json\/wp\/v2\/product"}],"about":[{"href":"https:\/\/foliobooks.pl\/en\/wp-json\/wp\/v2\/types\/product"}],"replies":[{"embeddable":true,"href":"https:\/\/foliobooks.pl\/en\/wp-json\/wp\/v2\/comments?post=53030"}],"wp:featuredmedia":[{"embeddable":true,"href":"https:\/\/foliobooks.pl\/en\/wp-json\/wp\/v2\/media\/53108"}],"wp:attachment":[{"href":"https:\/\/foliobooks.pl\/en\/wp-json\/wp\/v2\/media?parent=53030"}],"wp:term":[{"taxonomy":"product_brand","embeddable":true,"href":"https:\/\/foliobooks.pl\/en\/wp-json\/wp\/v2\/product_brand?post=53030"},{"taxonomy":"product_cat","embeddable":true,"href":"https:\/\/foliobooks.pl\/en\/wp-json\/wp\/v2\/product_cat?post=53030"},{"taxonomy":"product_tag","embeddable":true,"href":"https:\/\/foliobooks.pl\/en\/wp-json\/wp\/v2\/product_tag?post=53030"}],"curies":[{"name":"wp","href":"https:\/\/api.w.org\/{rel}","templated":true}]}}