{"id":52488,"date":"2020-11-23T11:51:52","date_gmt":"2020-11-23T10:51:52","guid":{"rendered":"https:\/\/foliobooks.pl\/?post_type=product&#038;p=52488"},"modified":"2021-04-26T11:45:11","modified_gmt":"2021-04-26T09:45:11","slug":"make-and-move-minibeasts","status":"publish","type":"product","link":"https:\/\/foliobooks.pl\/en\/shop\/make-and-move-minibeasts\/","title":{"rendered":"Make and Move. Minibeasts"},"content":{"rendered":"<p>12 Paper Puppets to Press Out and Play.<\/p>\n<p>Contains nine ready-to-play minibeasts, plus three to colour in with your own fantastic designs.<\/p>\n<p>From jumping grasshoppers to stinging scorpions, and everything in between, create fantastic moving minibeast puppets to play with. Each model comes with easy-to-follow assembly instructions, and no scissors or glue required!<\/p>\n<p>Created by Sato Hisao, talented paper artist and engineer. For ages 6+<\/p>\n","protected":false},"excerpt":{"rendered":"<p>12 Paper Puppets to Press Out and Play. Contains nine ready-to-play minibeasts, plus three to colour in with your own fantastic designs. From jumping grasshoppers to stinging scorpions, and everything in between, create fantastic moving minibeast puppets to play with. Each model comes with easy-to-follow assembly instructions, and no scissors or glue required! Created by&#8230;<\/p>\n","protected":false},"featured_media":52532,"comment_status":"closed","ping_status":"closed","template":"","meta":[],"product_brand":[],"product_cat":[4797,13533,13534,12945,4521],"product_tag":[208,1460,7362,11453,11454,12269],"class_list":{"0":"post-52488","1":"product","2":"type-product","3":"status-publish","4":"has-post-thumbnail","6":"product_cat-beautifulthings","7":"product_cat-books","8":"product_cat-kids","9":"product_cat-paper","10":"product_cat-silva-rerum-en-en","11":"product_tag-animals-en","12":"product_tag-children-en","13":"product_tag-fun-en","14":"product_tag-paper-en","15":"product_tag-paper-art-en","16":"product_tag-toys-en","17":"pa_author_att-sato-hisao-en","18":"pa_cover-softcover","19":"pa_format-23-x-323-cm-en","20":"pa_isbn-9781780679563-en","21":"pa_language-eng","22":"pa_pages-56-en","23":"pa_published-2017-03-01-en","24":"pa_publisher-laurence-king-en","26":"first","27":"instock","28":"sold-individually","29":"shipping-taxable","30":"purchasable","31":"product-type-simple"},"yoast_head":"<!-- This site is optimized with the Yoast SEO plugin v27.4 - https:\/\/yoast.com\/product\/yoast-seo-wordpress\/ -->\n<title>Make and Move. Minibeasts (Sato Hisao) - book \/ album - Folio<\/title>\n<meta name=\"description\" content=\"Wejd\u017a i kup ksi\u0105\u017ck\u0119 Make and Move. Minibeasts autorstwa Sato Hisao wydan\u0105 przez LAURENCE KING (2017-03-01) w formacie 23 x 32,3 cm (ISBN: 9781780679563). Zapraszamy!\" \/>\n<meta name=\"robots\" content=\"index, follow, max-snippet:-1, max-image-preview:large, max-video-preview:-1\" \/>\n<link rel=\"canonical\" href=\"https:\/\/foliobooks.pl\/en\/shop\/make-and-move-minibeasts\/\" \/>\n<meta property=\"og:locale\" content=\"en_US\" \/>\n<meta property=\"og:type\" content=\"article\" \/>\n<meta property=\"og:title\" content=\"Make and Move. Minibeasts (Sato Hisao) - book \/ album - Folio\" \/>\n<meta property=\"og:description\" content=\"Wejd\u017a i kup ksi\u0105\u017ck\u0119 Make and Move. Minibeasts autorstwa Sato Hisao wydan\u0105 przez LAURENCE KING (2017-03-01) w formacie 23 x 32,3 cm (ISBN: 9781780679563). Zapraszamy!\" \/>\n<meta property=\"og:url\" content=\"https:\/\/foliobooks.pl\/en\/shop\/make-and-move-minibeasts\/\" \/>\n<meta property=\"og:site_name\" content=\"Folio\" \/>\n<meta property=\"article:modified_time\" content=\"2021-04-26T09:45:11+00:00\" \/>\n<meta property=\"og:image\" content=\"https:\/\/foliobooks.pl\/wp-content\/uploads\/2020\/11\/9781780679563.png\" \/>\n\t<meta property=\"og:image:width\" content=\"570\" \/>\n\t<meta property=\"og:image:height\" content=\"708\" \/>\n\t<meta property=\"og:image:type\" content=\"image\/png\" \/>\n<meta name=\"twitter:card\" content=\"summary_large_image\" \/>\n<script type=\"application\/ld+json\" class=\"yoast-schema-graph\">{\"@context\":\"https:\\\/\\\/schema.org\",\"@graph\":[{\"@type\":\"WebPage\",\"@id\":\"https:\\\/\\\/foliobooks.pl\\\/en\\\/shop\\\/make-and-move-minibeasts\\\/\",\"url\":\"https:\\\/\\\/foliobooks.pl\\\/en\\\/shop\\\/make-and-move-minibeasts\\\/\",\"name\":\"Make and Move. Minibeasts (Sato Hisao) - book \\\/ album - Folio\",\"isPartOf\":{\"@id\":\"https:\\\/\\\/foliobooks.pl\\\/en\\\/#website\"},\"primaryImageOfPage\":{\"@id\":\"https:\\\/\\\/foliobooks.pl\\\/en\\\/shop\\\/make-and-move-minibeasts\\\/#primaryimage\"},\"image\":{\"@id\":\"https:\\\/\\\/foliobooks.pl\\\/en\\\/shop\\\/make-and-move-minibeasts\\\/#primaryimage\"},\"thumbnailUrl\":\"https:\\\/\\\/foliobooks.pl\\\/wp-content\\\/uploads\\\/2020\\\/11\\\/9781780679563.png\",\"datePublished\":\"2020-11-23T10:51:52+00:00\",\"dateModified\":\"2021-04-26T09:45:11+00:00\",\"description\":\"Wejd\u017a i kup ksi\u0105\u017ck\u0119 Make and Move. Minibeasts autorstwa Sato Hisao wydan\u0105 przez LAURENCE KING (2017-03-01) w formacie 23 x 32,3 cm (ISBN: 9781780679563). Zapraszamy!\",\"breadcrumb\":{\"@id\":\"https:\\\/\\\/foliobooks.pl\\\/en\\\/shop\\\/make-and-move-minibeasts\\\/#breadcrumb\"},\"inLanguage\":\"en-US\",\"potentialAction\":[{\"@type\":\"ReadAction\",\"target\":[\"https:\\\/\\\/foliobooks.pl\\\/en\\\/shop\\\/make-and-move-minibeasts\\\/\"]}]},{\"@type\":\"ImageObject\",\"inLanguage\":\"en-US\",\"@id\":\"https:\\\/\\\/foliobooks.pl\\\/en\\\/shop\\\/make-and-move-minibeasts\\\/#primaryimage\",\"url\":\"https:\\\/\\\/foliobooks.pl\\\/wp-content\\\/uploads\\\/2020\\\/11\\\/9781780679563.png\",\"contentUrl\":\"https:\\\/\\\/foliobooks.pl\\\/wp-content\\\/uploads\\\/2020\\\/11\\\/9781780679563.png\",\"width\":570,\"height\":708},{\"@type\":\"BreadcrumbList\",\"@id\":\"https:\\\/\\\/foliobooks.pl\\\/en\\\/shop\\\/make-and-move-minibeasts\\\/#breadcrumb\",\"itemListElement\":[{\"@type\":\"ListItem\",\"position\":1,\"name\":\"Strona g\u0142\u00f3wna\",\"item\":\"https:\\\/\\\/foliobooks.pl\\\/en\\\/\"},{\"@type\":\"ListItem\",\"position\":2,\"name\":\"Shop\",\"item\":\"https:\\\/\\\/foliobooks.pl\\\/en\\\/shop\\\/\"},{\"@type\":\"ListItem\",\"position\":3,\"name\":\"Make and Move. Minibeasts\"}]},{\"@type\":\"WebSite\",\"@id\":\"https:\\\/\\\/foliobooks.pl\\\/en\\\/#website\",\"url\":\"https:\\\/\\\/foliobooks.pl\\\/en\\\/\",\"name\":\"Folio\",\"description\":\"Ksi\u0119garnia internetowa\",\"potentialAction\":[{\"@type\":\"SearchAction\",\"target\":{\"@type\":\"EntryPoint\",\"urlTemplate\":\"https:\\\/\\\/foliobooks.pl\\\/en\\\/?s={search_term_string}\"},\"query-input\":{\"@type\":\"PropertyValueSpecification\",\"valueRequired\":true,\"valueName\":\"search_term_string\"}}],\"inLanguage\":\"en-US\"}]}<\/script>\n<!-- \/ Yoast SEO plugin. -->","yoast_head_json":{"title":"Make and Move. Minibeasts (Sato Hisao) - book \/ album - Folio","description":"Wejd\u017a i kup ksi\u0105\u017ck\u0119 Make and Move. Minibeasts autorstwa Sato Hisao wydan\u0105 przez LAURENCE KING (2017-03-01) w formacie 23 x 32,3 cm (ISBN: 9781780679563). Zapraszamy!","robots":{"index":"index","follow":"follow","max-snippet":"max-snippet:-1","max-image-preview":"max-image-preview:large","max-video-preview":"max-video-preview:-1"},"canonical":"https:\/\/foliobooks.pl\/en\/shop\/make-and-move-minibeasts\/","og_locale":"en_US","og_type":"article","og_title":"Make and Move. Minibeasts (Sato Hisao) - book \/ album - Folio","og_description":"Wejd\u017a i kup ksi\u0105\u017ck\u0119 Make and Move. Minibeasts autorstwa Sato Hisao wydan\u0105 przez LAURENCE KING (2017-03-01) w formacie 23 x 32,3 cm (ISBN: 9781780679563). Zapraszamy!","og_url":"https:\/\/foliobooks.pl\/en\/shop\/make-and-move-minibeasts\/","og_site_name":"Folio","article_modified_time":"2021-04-26T09:45:11+00:00","og_image":[{"width":570,"height":708,"url":"https:\/\/foliobooks.pl\/wp-content\/uploads\/2020\/11\/9781780679563.png","type":"image\/png"}],"twitter_card":"summary_large_image","schema":{"@context":"https:\/\/schema.org","@graph":[{"@type":"WebPage","@id":"https:\/\/foliobooks.pl\/en\/shop\/make-and-move-minibeasts\/","url":"https:\/\/foliobooks.pl\/en\/shop\/make-and-move-minibeasts\/","name":"Make and Move. Minibeasts (Sato Hisao) - book \/ album - Folio","isPartOf":{"@id":"https:\/\/foliobooks.pl\/en\/#website"},"primaryImageOfPage":{"@id":"https:\/\/foliobooks.pl\/en\/shop\/make-and-move-minibeasts\/#primaryimage"},"image":{"@id":"https:\/\/foliobooks.pl\/en\/shop\/make-and-move-minibeasts\/#primaryimage"},"thumbnailUrl":"https:\/\/foliobooks.pl\/wp-content\/uploads\/2020\/11\/9781780679563.png","datePublished":"2020-11-23T10:51:52+00:00","dateModified":"2021-04-26T09:45:11+00:00","description":"Wejd\u017a i kup ksi\u0105\u017ck\u0119 Make and Move. Minibeasts autorstwa Sato Hisao wydan\u0105 przez LAURENCE KING (2017-03-01) w formacie 23 x 32,3 cm (ISBN: 9781780679563). Zapraszamy!","breadcrumb":{"@id":"https:\/\/foliobooks.pl\/en\/shop\/make-and-move-minibeasts\/#breadcrumb"},"inLanguage":"en-US","potentialAction":[{"@type":"ReadAction","target":["https:\/\/foliobooks.pl\/en\/shop\/make-and-move-minibeasts\/"]}]},{"@type":"ImageObject","inLanguage":"en-US","@id":"https:\/\/foliobooks.pl\/en\/shop\/make-and-move-minibeasts\/#primaryimage","url":"https:\/\/foliobooks.pl\/wp-content\/uploads\/2020\/11\/9781780679563.png","contentUrl":"https:\/\/foliobooks.pl\/wp-content\/uploads\/2020\/11\/9781780679563.png","width":570,"height":708},{"@type":"BreadcrumbList","@id":"https:\/\/foliobooks.pl\/en\/shop\/make-and-move-minibeasts\/#breadcrumb","itemListElement":[{"@type":"ListItem","position":1,"name":"Strona g\u0142\u00f3wna","item":"https:\/\/foliobooks.pl\/en\/"},{"@type":"ListItem","position":2,"name":"Shop","item":"https:\/\/foliobooks.pl\/en\/shop\/"},{"@type":"ListItem","position":3,"name":"Make and Move. Minibeasts"}]},{"@type":"WebSite","@id":"https:\/\/foliobooks.pl\/en\/#website","url":"https:\/\/foliobooks.pl\/en\/","name":"Folio","description":"Ksi\u0119garnia internetowa","potentialAction":[{"@type":"SearchAction","target":{"@type":"EntryPoint","urlTemplate":"https:\/\/foliobooks.pl\/en\/?s={search_term_string}"},"query-input":{"@type":"PropertyValueSpecification","valueRequired":true,"valueName":"search_term_string"}}],"inLanguage":"en-US"}]}},"_links":{"self":[{"href":"https:\/\/foliobooks.pl\/en\/wp-json\/wp\/v2\/product\/52488","targetHints":{"allow":["GET"]}}],"collection":[{"href":"https:\/\/foliobooks.pl\/en\/wp-json\/wp\/v2\/product"}],"about":[{"href":"https:\/\/foliobooks.pl\/en\/wp-json\/wp\/v2\/types\/product"}],"replies":[{"embeddable":true,"href":"https:\/\/foliobooks.pl\/en\/wp-json\/wp\/v2\/comments?post=52488"}],"wp:featuredmedia":[{"embeddable":true,"href":"https:\/\/foliobooks.pl\/en\/wp-json\/wp\/v2\/media\/52532"}],"wp:attachment":[{"href":"https:\/\/foliobooks.pl\/en\/wp-json\/wp\/v2\/media?parent=52488"}],"wp:term":[{"taxonomy":"product_brand","embeddable":true,"href":"https:\/\/foliobooks.pl\/en\/wp-json\/wp\/v2\/product_brand?post=52488"},{"taxonomy":"product_cat","embeddable":true,"href":"https:\/\/foliobooks.pl\/en\/wp-json\/wp\/v2\/product_cat?post=52488"},{"taxonomy":"product_tag","embeddable":true,"href":"https:\/\/foliobooks.pl\/en\/wp-json\/wp\/v2\/product_tag?post=52488"}],"curies":[{"name":"wp","href":"https:\/\/api.w.org\/{rel}","templated":true}]}}