{"id":52414,"date":"2020-11-23T10:45:46","date_gmt":"2020-11-23T09:45:46","guid":{"rendered":"https:\/\/foliobooks.pl\/?post_type=product&#038;p=52414"},"modified":"2026-02-03T14:46:48","modified_gmt":"2026-02-03T13:46:48","slug":"the-illustration-idea-book-inspiration-from-50-masters","status":"publish","type":"product","link":"https:\/\/foliobooks.pl\/en\/shop\/the-illustration-idea-book-inspiration-from-50-masters\/","title":{"rendered":"The Illustration Idea Book. Inspiration from 50 Masters"},"content":{"rendered":"<p>This book serves as an introduction to the key elements of good illustration.<br \/>\nThe Illustration Idea Book presents 50 of the most inspiring approaches used by masters of the field from across the world.<\/p>\n<p>Themes covered include creating characters, symbol and metaphor, illustrated lettering, inventing worlds and caricature.<\/p>\n<p>The result is an instantly accessible, inspiring and easy to understand guide to illustration using professional techniques.<\/p>\n","protected":false},"excerpt":{"rendered":"<p>This book serves as an introduction to the key elements of good illustration. The Illustration Idea Book presents 50 of the most inspiring approaches used by masters of the field from across the world. Themes covered include creating characters, symbol and metaphor, illustrated lettering, inventing worlds and caricature. The result is an instantly accessible, inspiring&#8230;<\/p>\n","protected":false},"featured_media":52552,"comment_status":"closed","ping_status":"closed","template":"","meta":[],"product_brand":[],"product_cat":[4522,13533,4523,4525],"product_tag":[13371,4524,6385,2253,10711,1649,11460,6947,6694,6105],"class_list":{"0":"post-52414","1":"product","2":"type-product","3":"status-publish","4":"has-post-thumbnail","6":"product_cat-art-en","7":"product_cat-books","8":"product_cat-design-en-en","9":"product_cat-graphic-design","10":"product_tag-caricature-en","11":"product_tag-design-en-en","12":"product_tag-education","13":"product_tag-graphics","14":"product_tag-guides-en","15":"product_tag-illustration","16":"product_tag-lettering-en","17":"product_tag-science-en","18":"product_tag-symbols","19":"product_tag-technique","20":"pa_author_att-gail-anderson-en","21":"pa_author_att-steven-heller-en","22":"pa_cover-softcover","23":"pa_format-158-x-22-cm-en","24":"pa_isbn-9781786273253-en","25":"pa_language-eng","26":"pa_pages-128-en","27":"pa_published-2018-11-12-en","28":"pa_publisher-laurence-king-en","30":"first","31":"instock","32":"sale","33":"sold-individually","34":"shipping-taxable","35":"purchasable","36":"product-type-simple"},"yoast_head":"<!-- This site is optimized with the Yoast SEO plugin v27.5 - https:\/\/yoast.com\/product\/yoast-seo-wordpress\/ -->\n<title>The Illustration Idea Book. Inspiration from 50 Masters (Gail Anderson, Steven Heller) - book \/ album - Folio<\/title>\n<meta name=\"description\" content=\"Wejd\u017a i kup ksi\u0105\u017ck\u0119 The Illustration Idea Book. Inspiration from 50 Masters autorstwa Gail Anderson, Steven Heller wydan\u0105 przez LAURENCE KING (2018-11-12) w formacie 15,8 x 22 cm (ISBN: 9781786273253). Zapraszamy!\" \/>\n<meta name=\"robots\" content=\"index, follow, max-snippet:-1, max-image-preview:large, max-video-preview:-1\" \/>\n<link rel=\"canonical\" href=\"https:\/\/foliobooks.pl\/en\/shop\/the-illustration-idea-book-inspiration-from-50-masters\/\" \/>\n<meta property=\"og:locale\" content=\"en_US\" \/>\n<meta property=\"og:type\" content=\"article\" \/>\n<meta property=\"og:title\" content=\"The Illustration Idea Book. Inspiration from 50 Masters (Gail Anderson, Steven Heller) - book \/ album - Folio\" \/>\n<meta property=\"og:description\" content=\"Wejd\u017a i kup ksi\u0105\u017ck\u0119 The Illustration Idea Book. Inspiration from 50 Masters autorstwa Gail Anderson, Steven Heller wydan\u0105 przez LAURENCE KING (2018-11-12) w formacie 15,8 x 22 cm (ISBN: 9781786273253). Zapraszamy!\" \/>\n<meta property=\"og:url\" content=\"https:\/\/foliobooks.pl\/en\/shop\/the-illustration-idea-book-inspiration-from-50-masters\/\" \/>\n<meta property=\"og:site_name\" content=\"Folio\" \/>\n<meta property=\"article:modified_time\" content=\"2026-02-03T13:46:48+00:00\" \/>\n<meta property=\"og:image\" content=\"https:\/\/foliobooks.pl\/wp-content\/uploads\/2020\/11\/9781786273253.png\" \/>\n\t<meta property=\"og:image:width\" content=\"570\" \/>\n\t<meta property=\"og:image:height\" content=\"708\" \/>\n\t<meta property=\"og:image:type\" content=\"image\/png\" \/>\n<meta name=\"twitter:card\" content=\"summary_large_image\" \/>\n<script type=\"application\/ld+json\" class=\"yoast-schema-graph\">{\"@context\":\"https:\\\/\\\/schema.org\",\"@graph\":[{\"@type\":\"WebPage\",\"@id\":\"https:\\\/\\\/foliobooks.pl\\\/en\\\/shop\\\/the-illustration-idea-book-inspiration-from-50-masters\\\/\",\"url\":\"https:\\\/\\\/foliobooks.pl\\\/en\\\/shop\\\/the-illustration-idea-book-inspiration-from-50-masters\\\/\",\"name\":\"The Illustration Idea Book. Inspiration from 50 Masters (Gail Anderson, Steven Heller) - book \\\/ album - Folio\",\"isPartOf\":{\"@id\":\"https:\\\/\\\/foliobooks.pl\\\/en\\\/#website\"},\"primaryImageOfPage\":{\"@id\":\"https:\\\/\\\/foliobooks.pl\\\/en\\\/shop\\\/the-illustration-idea-book-inspiration-from-50-masters\\\/#primaryimage\"},\"image\":{\"@id\":\"https:\\\/\\\/foliobooks.pl\\\/en\\\/shop\\\/the-illustration-idea-book-inspiration-from-50-masters\\\/#primaryimage\"},\"thumbnailUrl\":\"https:\\\/\\\/foliobooks.pl\\\/wp-content\\\/uploads\\\/2020\\\/11\\\/9781786273253.png\",\"datePublished\":\"2020-11-23T09:45:46+00:00\",\"dateModified\":\"2026-02-03T13:46:48+00:00\",\"description\":\"Wejd\u017a i kup ksi\u0105\u017ck\u0119 The Illustration Idea Book. Inspiration from 50 Masters autorstwa Gail Anderson, Steven Heller wydan\u0105 przez LAURENCE KING (2018-11-12) w formacie 15,8 x 22 cm (ISBN: 9781786273253). Zapraszamy!\",\"breadcrumb\":{\"@id\":\"https:\\\/\\\/foliobooks.pl\\\/en\\\/shop\\\/the-illustration-idea-book-inspiration-from-50-masters\\\/#breadcrumb\"},\"inLanguage\":\"en-US\",\"potentialAction\":[{\"@type\":\"ReadAction\",\"target\":[\"https:\\\/\\\/foliobooks.pl\\\/en\\\/shop\\\/the-illustration-idea-book-inspiration-from-50-masters\\\/\"]}]},{\"@type\":\"ImageObject\",\"inLanguage\":\"en-US\",\"@id\":\"https:\\\/\\\/foliobooks.pl\\\/en\\\/shop\\\/the-illustration-idea-book-inspiration-from-50-masters\\\/#primaryimage\",\"url\":\"https:\\\/\\\/foliobooks.pl\\\/wp-content\\\/uploads\\\/2020\\\/11\\\/9781786273253.png\",\"contentUrl\":\"https:\\\/\\\/foliobooks.pl\\\/wp-content\\\/uploads\\\/2020\\\/11\\\/9781786273253.png\",\"width\":570,\"height\":708},{\"@type\":\"BreadcrumbList\",\"@id\":\"https:\\\/\\\/foliobooks.pl\\\/en\\\/shop\\\/the-illustration-idea-book-inspiration-from-50-masters\\\/#breadcrumb\",\"itemListElement\":[{\"@type\":\"ListItem\",\"position\":1,\"name\":\"Strona g\u0142\u00f3wna\",\"item\":\"https:\\\/\\\/foliobooks.pl\\\/en\\\/\"},{\"@type\":\"ListItem\",\"position\":2,\"name\":\"Shop\",\"item\":\"https:\\\/\\\/foliobooks.pl\\\/en\\\/shop\\\/\"},{\"@type\":\"ListItem\",\"position\":3,\"name\":\"The Illustration Idea Book. Inspiration from 50 Masters\"}]},{\"@type\":\"WebSite\",\"@id\":\"https:\\\/\\\/foliobooks.pl\\\/en\\\/#website\",\"url\":\"https:\\\/\\\/foliobooks.pl\\\/en\\\/\",\"name\":\"Folio\",\"description\":\"Ksi\u0119garnia internetowa\",\"potentialAction\":[{\"@type\":\"SearchAction\",\"target\":{\"@type\":\"EntryPoint\",\"urlTemplate\":\"https:\\\/\\\/foliobooks.pl\\\/en\\\/?s={search_term_string}\"},\"query-input\":{\"@type\":\"PropertyValueSpecification\",\"valueRequired\":true,\"valueName\":\"search_term_string\"}}],\"inLanguage\":\"en-US\"}]}<\/script>\n<!-- \/ Yoast SEO plugin. -->","yoast_head_json":{"title":"The Illustration Idea Book. Inspiration from 50 Masters (Gail Anderson, Steven Heller) - book \/ album - Folio","description":"Wejd\u017a i kup ksi\u0105\u017ck\u0119 The Illustration Idea Book. Inspiration from 50 Masters autorstwa Gail Anderson, Steven Heller wydan\u0105 przez LAURENCE KING (2018-11-12) w formacie 15,8 x 22 cm (ISBN: 9781786273253). Zapraszamy!","robots":{"index":"index","follow":"follow","max-snippet":"max-snippet:-1","max-image-preview":"max-image-preview:large","max-video-preview":"max-video-preview:-1"},"canonical":"https:\/\/foliobooks.pl\/en\/shop\/the-illustration-idea-book-inspiration-from-50-masters\/","og_locale":"en_US","og_type":"article","og_title":"The Illustration Idea Book. Inspiration from 50 Masters (Gail Anderson, Steven Heller) - book \/ album - Folio","og_description":"Wejd\u017a i kup ksi\u0105\u017ck\u0119 The Illustration Idea Book. Inspiration from 50 Masters autorstwa Gail Anderson, Steven Heller wydan\u0105 przez LAURENCE KING (2018-11-12) w formacie 15,8 x 22 cm (ISBN: 9781786273253). Zapraszamy!","og_url":"https:\/\/foliobooks.pl\/en\/shop\/the-illustration-idea-book-inspiration-from-50-masters\/","og_site_name":"Folio","article_modified_time":"2026-02-03T13:46:48+00:00","og_image":[{"width":570,"height":708,"url":"https:\/\/foliobooks.pl\/wp-content\/uploads\/2020\/11\/9781786273253.png","type":"image\/png"}],"twitter_card":"summary_large_image","schema":{"@context":"https:\/\/schema.org","@graph":[{"@type":"WebPage","@id":"https:\/\/foliobooks.pl\/en\/shop\/the-illustration-idea-book-inspiration-from-50-masters\/","url":"https:\/\/foliobooks.pl\/en\/shop\/the-illustration-idea-book-inspiration-from-50-masters\/","name":"The Illustration Idea Book. Inspiration from 50 Masters (Gail Anderson, Steven Heller) - book \/ album - Folio","isPartOf":{"@id":"https:\/\/foliobooks.pl\/en\/#website"},"primaryImageOfPage":{"@id":"https:\/\/foliobooks.pl\/en\/shop\/the-illustration-idea-book-inspiration-from-50-masters\/#primaryimage"},"image":{"@id":"https:\/\/foliobooks.pl\/en\/shop\/the-illustration-idea-book-inspiration-from-50-masters\/#primaryimage"},"thumbnailUrl":"https:\/\/foliobooks.pl\/wp-content\/uploads\/2020\/11\/9781786273253.png","datePublished":"2020-11-23T09:45:46+00:00","dateModified":"2026-02-03T13:46:48+00:00","description":"Wejd\u017a i kup ksi\u0105\u017ck\u0119 The Illustration Idea Book. Inspiration from 50 Masters autorstwa Gail Anderson, Steven Heller wydan\u0105 przez LAURENCE KING (2018-11-12) w formacie 15,8 x 22 cm (ISBN: 9781786273253). Zapraszamy!","breadcrumb":{"@id":"https:\/\/foliobooks.pl\/en\/shop\/the-illustration-idea-book-inspiration-from-50-masters\/#breadcrumb"},"inLanguage":"en-US","potentialAction":[{"@type":"ReadAction","target":["https:\/\/foliobooks.pl\/en\/shop\/the-illustration-idea-book-inspiration-from-50-masters\/"]}]},{"@type":"ImageObject","inLanguage":"en-US","@id":"https:\/\/foliobooks.pl\/en\/shop\/the-illustration-idea-book-inspiration-from-50-masters\/#primaryimage","url":"https:\/\/foliobooks.pl\/wp-content\/uploads\/2020\/11\/9781786273253.png","contentUrl":"https:\/\/foliobooks.pl\/wp-content\/uploads\/2020\/11\/9781786273253.png","width":570,"height":708},{"@type":"BreadcrumbList","@id":"https:\/\/foliobooks.pl\/en\/shop\/the-illustration-idea-book-inspiration-from-50-masters\/#breadcrumb","itemListElement":[{"@type":"ListItem","position":1,"name":"Strona g\u0142\u00f3wna","item":"https:\/\/foliobooks.pl\/en\/"},{"@type":"ListItem","position":2,"name":"Shop","item":"https:\/\/foliobooks.pl\/en\/shop\/"},{"@type":"ListItem","position":3,"name":"The Illustration Idea Book. Inspiration from 50 Masters"}]},{"@type":"WebSite","@id":"https:\/\/foliobooks.pl\/en\/#website","url":"https:\/\/foliobooks.pl\/en\/","name":"Folio","description":"Ksi\u0119garnia internetowa","potentialAction":[{"@type":"SearchAction","target":{"@type":"EntryPoint","urlTemplate":"https:\/\/foliobooks.pl\/en\/?s={search_term_string}"},"query-input":{"@type":"PropertyValueSpecification","valueRequired":true,"valueName":"search_term_string"}}],"inLanguage":"en-US"}]}},"_links":{"self":[{"href":"https:\/\/foliobooks.pl\/en\/wp-json\/wp\/v2\/product\/52414","targetHints":{"allow":["GET"]}}],"collection":[{"href":"https:\/\/foliobooks.pl\/en\/wp-json\/wp\/v2\/product"}],"about":[{"href":"https:\/\/foliobooks.pl\/en\/wp-json\/wp\/v2\/types\/product"}],"replies":[{"embeddable":true,"href":"https:\/\/foliobooks.pl\/en\/wp-json\/wp\/v2\/comments?post=52414"}],"wp:featuredmedia":[{"embeddable":true,"href":"https:\/\/foliobooks.pl\/en\/wp-json\/wp\/v2\/media\/52552"}],"wp:attachment":[{"href":"https:\/\/foliobooks.pl\/en\/wp-json\/wp\/v2\/media?parent=52414"}],"wp:term":[{"taxonomy":"product_brand","embeddable":true,"href":"https:\/\/foliobooks.pl\/en\/wp-json\/wp\/v2\/product_brand?post=52414"},{"taxonomy":"product_cat","embeddable":true,"href":"https:\/\/foliobooks.pl\/en\/wp-json\/wp\/v2\/product_cat?post=52414"},{"taxonomy":"product_tag","embeddable":true,"href":"https:\/\/foliobooks.pl\/en\/wp-json\/wp\/v2\/product_tag?post=52414"}],"curies":[{"name":"wp","href":"https:\/\/api.w.org\/{rel}","templated":true}]}}