{"id":52410,"date":"2020-11-23T09:58:57","date_gmt":"2020-11-23T08:58:57","guid":{"rendered":"https:\/\/foliobooks.pl\/?post_type=product&#038;p=52410"},"modified":"2025-01-29T14:47:33","modified_gmt":"2025-01-29T13:47:33","slug":"print-pattern-nature","status":"publish","type":"product","link":"https:\/\/foliobooks.pl\/en\/shop\/print-pattern-nature\/","title":{"rendered":"Print &#038; Pattern. Nature"},"content":{"rendered":"<p>The latest book based on the popular Print &amp; Pattern blog, Print &amp; Pattern: Nature celebrates beautiful surface designs, patterns and motifs of leaves, insects, grasses, butterflies and trees. Product areas covered include stationery, cards and giftwrap, fabrics, wallpaper, rugs, ceramics, homewares, gadget skins and more.<\/p>\n<p>Documenting the work of the best designers in the field, the book is an invaluable source of reference and inspiration for surface designers, designer-makers and craftspeople, graphic designers, illustrators and textile designers.<\/p>\n","protected":false},"excerpt":{"rendered":"<p>The latest book based on the popular Print &amp; Pattern blog, Print &amp; Pattern: Nature celebrates beautiful surface designs, patterns and motifs of leaves, insects, grasses, butterflies and trees. Product areas covered include stationery, cards and giftwrap, fabrics, wallpaper, rugs, ceramics, homewares, gadget skins and more. Documenting the work of the best designers in the&#8230;<\/p>\n","protected":false},"featured_media":52576,"comment_status":"closed","ping_status":"closed","template":"","meta":[],"product_brand":[],"product_cat":[4522,13533,4523,4525,4526],"product_tag":[208,9083,4524,6180,2834,2253,1649,10580,1991,12879],"class_list":{"0":"post-52410","1":"product","2":"type-product","3":"status-publish","4":"has-post-thumbnail","6":"product_cat-art-en","7":"product_cat-books","8":"product_cat-design-en-en","9":"product_cat-graphic-design","10":"product_cat-industrial-design","11":"product_tag-animals-en","12":"product_tag-art-en","13":"product_tag-design-en-en","14":"product_tag-drawing","15":"product_tag-flora","16":"product_tag-graphics","17":"product_tag-illustration","18":"product_tag-natural-world-en","19":"product_tag-nature","20":"product_tag-patterns-en","21":"pa_author_att-bowie-style-en","22":"pa_cover-softcover","23":"pa_format-172-x-246-cm-en","24":"pa_isbn-9781780679150-en","25":"pa_language-eng","26":"pa_pages-304-en-2","27":"pa_published-2016-12-22-en","28":"pa_publisher-laurence-king-en","30":"first","31":"outofstock","32":"sale","33":"sold-individually","34":"shipping-taxable","35":"purchasable","36":"product-type-simple"},"yoast_head":"<!-- This site is optimized with the Yoast SEO plugin v27.4 - https:\/\/yoast.com\/product\/yoast-seo-wordpress\/ -->\n<title>Print &amp; Pattern. Nature (Bowie Style) - book \/ album - Folio<\/title>\n<meta name=\"description\" content=\"Wejd\u017a i kup ksi\u0105\u017ck\u0119 Print &amp; Pattern. Nature autorstwa Bowie Style wydan\u0105 przez LAURENCE KING (2016-12-22) w formacie 17,2 x 24,6 cm (ISBN: 9781780679150). Zapraszamy!\" \/>\n<meta name=\"robots\" content=\"index, follow, max-snippet:-1, max-image-preview:large, max-video-preview:-1\" \/>\n<link rel=\"canonical\" href=\"https:\/\/foliobooks.pl\/en\/shop\/print-pattern-nature\/\" \/>\n<meta property=\"og:locale\" content=\"en_US\" \/>\n<meta property=\"og:type\" content=\"article\" \/>\n<meta property=\"og:title\" content=\"Print &amp; Pattern. Nature (Bowie Style) - book \/ album - Folio\" \/>\n<meta property=\"og:description\" content=\"Wejd\u017a i kup ksi\u0105\u017ck\u0119 Print &amp; Pattern. Nature autorstwa Bowie Style wydan\u0105 przez LAURENCE KING (2016-12-22) w formacie 17,2 x 24,6 cm (ISBN: 9781780679150). Zapraszamy!\" \/>\n<meta property=\"og:url\" content=\"https:\/\/foliobooks.pl\/en\/shop\/print-pattern-nature\/\" \/>\n<meta property=\"og:site_name\" content=\"Folio\" \/>\n<meta property=\"article:modified_time\" content=\"2025-01-29T13:47:33+00:00\" \/>\n<meta property=\"og:image\" content=\"https:\/\/foliobooks.pl\/wp-content\/uploads\/2020\/11\/9781780679150.png\" \/>\n\t<meta property=\"og:image:width\" content=\"570\" \/>\n\t<meta property=\"og:image:height\" content=\"708\" \/>\n\t<meta property=\"og:image:type\" content=\"image\/png\" \/>\n<meta name=\"twitter:card\" content=\"summary_large_image\" \/>\n<script type=\"application\/ld+json\" class=\"yoast-schema-graph\">{\"@context\":\"https:\\\/\\\/schema.org\",\"@graph\":[{\"@type\":\"WebPage\",\"@id\":\"https:\\\/\\\/foliobooks.pl\\\/en\\\/shop\\\/print-pattern-nature\\\/\",\"url\":\"https:\\\/\\\/foliobooks.pl\\\/en\\\/shop\\\/print-pattern-nature\\\/\",\"name\":\"Print & Pattern. Nature (Bowie Style) - book \\\/ album - Folio\",\"isPartOf\":{\"@id\":\"https:\\\/\\\/foliobooks.pl\\\/en\\\/#website\"},\"primaryImageOfPage\":{\"@id\":\"https:\\\/\\\/foliobooks.pl\\\/en\\\/shop\\\/print-pattern-nature\\\/#primaryimage\"},\"image\":{\"@id\":\"https:\\\/\\\/foliobooks.pl\\\/en\\\/shop\\\/print-pattern-nature\\\/#primaryimage\"},\"thumbnailUrl\":\"https:\\\/\\\/foliobooks.pl\\\/wp-content\\\/uploads\\\/2020\\\/11\\\/9781780679150.png\",\"datePublished\":\"2020-11-23T08:58:57+00:00\",\"dateModified\":\"2025-01-29T13:47:33+00:00\",\"description\":\"Wejd\u017a i kup ksi\u0105\u017ck\u0119 Print & Pattern. Nature autorstwa Bowie Style wydan\u0105 przez LAURENCE KING (2016-12-22) w formacie 17,2 x 24,6 cm (ISBN: 9781780679150). Zapraszamy!\",\"breadcrumb\":{\"@id\":\"https:\\\/\\\/foliobooks.pl\\\/en\\\/shop\\\/print-pattern-nature\\\/#breadcrumb\"},\"inLanguage\":\"en-US\",\"potentialAction\":[{\"@type\":\"ReadAction\",\"target\":[\"https:\\\/\\\/foliobooks.pl\\\/en\\\/shop\\\/print-pattern-nature\\\/\"]}]},{\"@type\":\"ImageObject\",\"inLanguage\":\"en-US\",\"@id\":\"https:\\\/\\\/foliobooks.pl\\\/en\\\/shop\\\/print-pattern-nature\\\/#primaryimage\",\"url\":\"https:\\\/\\\/foliobooks.pl\\\/wp-content\\\/uploads\\\/2020\\\/11\\\/9781780679150.png\",\"contentUrl\":\"https:\\\/\\\/foliobooks.pl\\\/wp-content\\\/uploads\\\/2020\\\/11\\\/9781780679150.png\",\"width\":570,\"height\":708},{\"@type\":\"BreadcrumbList\",\"@id\":\"https:\\\/\\\/foliobooks.pl\\\/en\\\/shop\\\/print-pattern-nature\\\/#breadcrumb\",\"itemListElement\":[{\"@type\":\"ListItem\",\"position\":1,\"name\":\"Strona g\u0142\u00f3wna\",\"item\":\"https:\\\/\\\/foliobooks.pl\\\/en\\\/\"},{\"@type\":\"ListItem\",\"position\":2,\"name\":\"Shop\",\"item\":\"https:\\\/\\\/foliobooks.pl\\\/en\\\/shop\\\/\"},{\"@type\":\"ListItem\",\"position\":3,\"name\":\"Print &#038; Pattern. Nature\"}]},{\"@type\":\"WebSite\",\"@id\":\"https:\\\/\\\/foliobooks.pl\\\/en\\\/#website\",\"url\":\"https:\\\/\\\/foliobooks.pl\\\/en\\\/\",\"name\":\"Folio\",\"description\":\"Ksi\u0119garnia internetowa\",\"potentialAction\":[{\"@type\":\"SearchAction\",\"target\":{\"@type\":\"EntryPoint\",\"urlTemplate\":\"https:\\\/\\\/foliobooks.pl\\\/en\\\/?s={search_term_string}\"},\"query-input\":{\"@type\":\"PropertyValueSpecification\",\"valueRequired\":true,\"valueName\":\"search_term_string\"}}],\"inLanguage\":\"en-US\"}]}<\/script>\n<!-- \/ Yoast SEO plugin. -->","yoast_head_json":{"title":"Print & Pattern. Nature (Bowie Style) - book \/ album - Folio","description":"Wejd\u017a i kup ksi\u0105\u017ck\u0119 Print & Pattern. Nature autorstwa Bowie Style wydan\u0105 przez LAURENCE KING (2016-12-22) w formacie 17,2 x 24,6 cm (ISBN: 9781780679150). Zapraszamy!","robots":{"index":"index","follow":"follow","max-snippet":"max-snippet:-1","max-image-preview":"max-image-preview:large","max-video-preview":"max-video-preview:-1"},"canonical":"https:\/\/foliobooks.pl\/en\/shop\/print-pattern-nature\/","og_locale":"en_US","og_type":"article","og_title":"Print & Pattern. Nature (Bowie Style) - book \/ album - Folio","og_description":"Wejd\u017a i kup ksi\u0105\u017ck\u0119 Print & Pattern. Nature autorstwa Bowie Style wydan\u0105 przez LAURENCE KING (2016-12-22) w formacie 17,2 x 24,6 cm (ISBN: 9781780679150). Zapraszamy!","og_url":"https:\/\/foliobooks.pl\/en\/shop\/print-pattern-nature\/","og_site_name":"Folio","article_modified_time":"2025-01-29T13:47:33+00:00","og_image":[{"width":570,"height":708,"url":"https:\/\/foliobooks.pl\/wp-content\/uploads\/2020\/11\/9781780679150.png","type":"image\/png"}],"twitter_card":"summary_large_image","schema":{"@context":"https:\/\/schema.org","@graph":[{"@type":"WebPage","@id":"https:\/\/foliobooks.pl\/en\/shop\/print-pattern-nature\/","url":"https:\/\/foliobooks.pl\/en\/shop\/print-pattern-nature\/","name":"Print & Pattern. Nature (Bowie Style) - book \/ album - Folio","isPartOf":{"@id":"https:\/\/foliobooks.pl\/en\/#website"},"primaryImageOfPage":{"@id":"https:\/\/foliobooks.pl\/en\/shop\/print-pattern-nature\/#primaryimage"},"image":{"@id":"https:\/\/foliobooks.pl\/en\/shop\/print-pattern-nature\/#primaryimage"},"thumbnailUrl":"https:\/\/foliobooks.pl\/wp-content\/uploads\/2020\/11\/9781780679150.png","datePublished":"2020-11-23T08:58:57+00:00","dateModified":"2025-01-29T13:47:33+00:00","description":"Wejd\u017a i kup ksi\u0105\u017ck\u0119 Print & Pattern. Nature autorstwa Bowie Style wydan\u0105 przez LAURENCE KING (2016-12-22) w formacie 17,2 x 24,6 cm (ISBN: 9781780679150). Zapraszamy!","breadcrumb":{"@id":"https:\/\/foliobooks.pl\/en\/shop\/print-pattern-nature\/#breadcrumb"},"inLanguage":"en-US","potentialAction":[{"@type":"ReadAction","target":["https:\/\/foliobooks.pl\/en\/shop\/print-pattern-nature\/"]}]},{"@type":"ImageObject","inLanguage":"en-US","@id":"https:\/\/foliobooks.pl\/en\/shop\/print-pattern-nature\/#primaryimage","url":"https:\/\/foliobooks.pl\/wp-content\/uploads\/2020\/11\/9781780679150.png","contentUrl":"https:\/\/foliobooks.pl\/wp-content\/uploads\/2020\/11\/9781780679150.png","width":570,"height":708},{"@type":"BreadcrumbList","@id":"https:\/\/foliobooks.pl\/en\/shop\/print-pattern-nature\/#breadcrumb","itemListElement":[{"@type":"ListItem","position":1,"name":"Strona g\u0142\u00f3wna","item":"https:\/\/foliobooks.pl\/en\/"},{"@type":"ListItem","position":2,"name":"Shop","item":"https:\/\/foliobooks.pl\/en\/shop\/"},{"@type":"ListItem","position":3,"name":"Print &#038; Pattern. Nature"}]},{"@type":"WebSite","@id":"https:\/\/foliobooks.pl\/en\/#website","url":"https:\/\/foliobooks.pl\/en\/","name":"Folio","description":"Ksi\u0119garnia internetowa","potentialAction":[{"@type":"SearchAction","target":{"@type":"EntryPoint","urlTemplate":"https:\/\/foliobooks.pl\/en\/?s={search_term_string}"},"query-input":{"@type":"PropertyValueSpecification","valueRequired":true,"valueName":"search_term_string"}}],"inLanguage":"en-US"}]}},"_links":{"self":[{"href":"https:\/\/foliobooks.pl\/en\/wp-json\/wp\/v2\/product\/52410","targetHints":{"allow":["GET"]}}],"collection":[{"href":"https:\/\/foliobooks.pl\/en\/wp-json\/wp\/v2\/product"}],"about":[{"href":"https:\/\/foliobooks.pl\/en\/wp-json\/wp\/v2\/types\/product"}],"replies":[{"embeddable":true,"href":"https:\/\/foliobooks.pl\/en\/wp-json\/wp\/v2\/comments?post=52410"}],"wp:featuredmedia":[{"embeddable":true,"href":"https:\/\/foliobooks.pl\/en\/wp-json\/wp\/v2\/media\/52576"}],"wp:attachment":[{"href":"https:\/\/foliobooks.pl\/en\/wp-json\/wp\/v2\/media?parent=52410"}],"wp:term":[{"taxonomy":"product_brand","embeddable":true,"href":"https:\/\/foliobooks.pl\/en\/wp-json\/wp\/v2\/product_brand?post=52410"},{"taxonomy":"product_cat","embeddable":true,"href":"https:\/\/foliobooks.pl\/en\/wp-json\/wp\/v2\/product_cat?post=52410"},{"taxonomy":"product_tag","embeddable":true,"href":"https:\/\/foliobooks.pl\/en\/wp-json\/wp\/v2\/product_tag?post=52410"}],"curies":[{"name":"wp","href":"https:\/\/api.w.org\/{rel}","templated":true}]}}