{"id":52398,"date":"2020-11-23T14:50:22","date_gmt":"2020-11-23T13:50:22","guid":{"rendered":"https:\/\/foliobooks.pl\/?post_type=product&#038;p=52398"},"modified":"2023-01-03T16:05:17","modified_gmt":"2023-01-03T15:05:17","slug":"horizons-zones-and-outer-spaces-the-art-of-john-loker","status":"publish","type":"product","link":"https:\/\/foliobooks.pl\/en\/shop\/horizons-zones-and-outer-spaces-the-art-of-john-loker\/","title":{"rendered":"Horizons, Zones and Outer Spaces. The Art of John Loker"},"content":{"rendered":"<p>For the past six decades, John Loker has produced rigorously conceived and visually mesmerising works of art across media. Known as a photographer, sculptor, assemblage-collagist and above all painter, he is one of modern Britain&#8217;s most original and category-defying artists. Lewis traces Loker&#8217;s unusual artistic journey from Bradford College alongside fellow students David Hockney, Peter Kaye, David Oxtoby, Norman Stevens and Michael Vaughn, his education at the Royal College of Art, rise to international attention in the 1970s and recent focus on space and the horizon of our planet.<\/p>\n","protected":false},"excerpt":{"rendered":"<p>For the past six decades, John Loker has produced rigorously conceived and visually mesmerising works of art across media. Known as a photographer, sculptor, assemblage-collagist and above all painter, he is one of modern Britain&#8217;s most original and category-defying artists. Lewis traces Loker&#8217;s unusual artistic journey from Bradford College alongside fellow students David Hockney, Peter&#8230;<\/p>\n","protected":false},"featured_media":52614,"comment_status":"closed","ping_status":"closed","template":"","meta":[],"product_brand":[],"product_cat":[4522,13533],"product_tag":[6923,1702,979,524,12064],"class_list":{"0":"post-52398","1":"product","2":"type-product","3":"status-publish","4":"has-post-thumbnail","6":"product_cat-art-en","7":"product_cat-books","8":"product_tag-abstraction-en","9":"product_tag-artists","10":"product_tag-contemporary-art-en","11":"product_tag-painting-en","12":"product_tag-united-kingdom-en","13":"pa_author_att-ben-lewis-en","14":"pa_cover-hardcover","15":"pa_format-24-x-31-cm-en","16":"pa_isbn-9781786274427-en","17":"pa_language-eng","18":"pa_pages-248-en","19":"pa_published-2019-01-22-en","20":"pa_publisher-laurence-king-en","22":"first","23":"instock","24":"sale","25":"sold-individually","26":"shipping-taxable","27":"purchasable","28":"product-type-simple"},"yoast_head":"<!-- This site is optimized with the Yoast SEO plugin v27.6 - https:\/\/yoast.com\/product\/yoast-seo-wordpress\/ -->\n<title>Horizons, Zones and Outer Spaces. The Art of John Loker (Ben Lewis) - book \/ album - Folio<\/title>\n<meta name=\"description\" content=\"Wejd\u017a i kup ksi\u0105\u017ck\u0119 Horizons, Zones and Outer Spaces. The Art of John Loker autorstwa Ben Lewis wydan\u0105 przez LAURENCE KING (2019-01-22) w formacie 24 x 31 cm (ISBN: 9781786274427). Zapraszamy!\" \/>\n<meta name=\"robots\" content=\"index, follow, max-snippet:-1, max-image-preview:large, max-video-preview:-1\" \/>\n<link rel=\"canonical\" href=\"https:\/\/foliobooks.pl\/en\/shop\/horizons-zones-and-outer-spaces-the-art-of-john-loker\/\" \/>\n<meta property=\"og:locale\" content=\"en_US\" \/>\n<meta property=\"og:type\" content=\"article\" \/>\n<meta property=\"og:title\" content=\"Horizons, Zones and Outer Spaces. The Art of John Loker (Ben Lewis) - book \/ album - Folio\" \/>\n<meta property=\"og:description\" content=\"Wejd\u017a i kup ksi\u0105\u017ck\u0119 Horizons, Zones and Outer Spaces. The Art of John Loker autorstwa Ben Lewis wydan\u0105 przez LAURENCE KING (2019-01-22) w formacie 24 x 31 cm (ISBN: 9781786274427). Zapraszamy!\" \/>\n<meta property=\"og:url\" content=\"https:\/\/foliobooks.pl\/en\/shop\/horizons-zones-and-outer-spaces-the-art-of-john-loker\/\" \/>\n<meta property=\"og:site_name\" content=\"Folio\" \/>\n<meta property=\"article:modified_time\" content=\"2023-01-03T15:05:17+00:00\" \/>\n<meta property=\"og:image\" content=\"https:\/\/foliobooks.pl\/wp-content\/uploads\/2020\/11\/9781786274427.png\" \/>\n\t<meta property=\"og:image:width\" content=\"570\" \/>\n\t<meta property=\"og:image:height\" content=\"708\" \/>\n\t<meta property=\"og:image:type\" content=\"image\/png\" \/>\n<meta name=\"twitter:card\" content=\"summary_large_image\" \/>\n<script type=\"application\/ld+json\" class=\"yoast-schema-graph\">{\"@context\":\"https:\\\/\\\/schema.org\",\"@graph\":[{\"@type\":\"WebPage\",\"@id\":\"https:\\\/\\\/foliobooks.pl\\\/en\\\/shop\\\/horizons-zones-and-outer-spaces-the-art-of-john-loker\\\/\",\"url\":\"https:\\\/\\\/foliobooks.pl\\\/en\\\/shop\\\/horizons-zones-and-outer-spaces-the-art-of-john-loker\\\/\",\"name\":\"Horizons, Zones and Outer Spaces. The Art of John Loker (Ben Lewis) - book \\\/ album - Folio\",\"isPartOf\":{\"@id\":\"https:\\\/\\\/foliobooks.pl\\\/en\\\/#website\"},\"primaryImageOfPage\":{\"@id\":\"https:\\\/\\\/foliobooks.pl\\\/en\\\/shop\\\/horizons-zones-and-outer-spaces-the-art-of-john-loker\\\/#primaryimage\"},\"image\":{\"@id\":\"https:\\\/\\\/foliobooks.pl\\\/en\\\/shop\\\/horizons-zones-and-outer-spaces-the-art-of-john-loker\\\/#primaryimage\"},\"thumbnailUrl\":\"https:\\\/\\\/foliobooks.pl\\\/wp-content\\\/uploads\\\/2020\\\/11\\\/9781786274427.png\",\"datePublished\":\"2020-11-23T13:50:22+00:00\",\"dateModified\":\"2023-01-03T15:05:17+00:00\",\"description\":\"Wejd\u017a i kup ksi\u0105\u017ck\u0119 Horizons, Zones and Outer Spaces. The Art of John Loker autorstwa Ben Lewis wydan\u0105 przez LAURENCE KING (2019-01-22) w formacie 24 x 31 cm (ISBN: 9781786274427). Zapraszamy!\",\"breadcrumb\":{\"@id\":\"https:\\\/\\\/foliobooks.pl\\\/en\\\/shop\\\/horizons-zones-and-outer-spaces-the-art-of-john-loker\\\/#breadcrumb\"},\"inLanguage\":\"en-US\",\"potentialAction\":[{\"@type\":\"ReadAction\",\"target\":[\"https:\\\/\\\/foliobooks.pl\\\/en\\\/shop\\\/horizons-zones-and-outer-spaces-the-art-of-john-loker\\\/\"]}]},{\"@type\":\"ImageObject\",\"inLanguage\":\"en-US\",\"@id\":\"https:\\\/\\\/foliobooks.pl\\\/en\\\/shop\\\/horizons-zones-and-outer-spaces-the-art-of-john-loker\\\/#primaryimage\",\"url\":\"https:\\\/\\\/foliobooks.pl\\\/wp-content\\\/uploads\\\/2020\\\/11\\\/9781786274427.png\",\"contentUrl\":\"https:\\\/\\\/foliobooks.pl\\\/wp-content\\\/uploads\\\/2020\\\/11\\\/9781786274427.png\",\"width\":570,\"height\":708},{\"@type\":\"BreadcrumbList\",\"@id\":\"https:\\\/\\\/foliobooks.pl\\\/en\\\/shop\\\/horizons-zones-and-outer-spaces-the-art-of-john-loker\\\/#breadcrumb\",\"itemListElement\":[{\"@type\":\"ListItem\",\"position\":1,\"name\":\"Strona g\u0142\u00f3wna\",\"item\":\"https:\\\/\\\/foliobooks.pl\\\/en\\\/\"},{\"@type\":\"ListItem\",\"position\":2,\"name\":\"Shop\",\"item\":\"https:\\\/\\\/foliobooks.pl\\\/en\\\/shop\\\/\"},{\"@type\":\"ListItem\",\"position\":3,\"name\":\"Horizons, Zones and Outer Spaces. The Art of John Loker\"}]},{\"@type\":\"WebSite\",\"@id\":\"https:\\\/\\\/foliobooks.pl\\\/en\\\/#website\",\"url\":\"https:\\\/\\\/foliobooks.pl\\\/en\\\/\",\"name\":\"Folio\",\"description\":\"Ksi\u0119garnia internetowa\",\"potentialAction\":[{\"@type\":\"SearchAction\",\"target\":{\"@type\":\"EntryPoint\",\"urlTemplate\":\"https:\\\/\\\/foliobooks.pl\\\/en\\\/?s={search_term_string}\"},\"query-input\":{\"@type\":\"PropertyValueSpecification\",\"valueRequired\":true,\"valueName\":\"search_term_string\"}}],\"inLanguage\":\"en-US\"}]}<\/script>\n<!-- \/ Yoast SEO plugin. -->","yoast_head_json":{"title":"Horizons, Zones and Outer Spaces. The Art of John Loker (Ben Lewis) - book \/ album - Folio","description":"Wejd\u017a i kup ksi\u0105\u017ck\u0119 Horizons, Zones and Outer Spaces. The Art of John Loker autorstwa Ben Lewis wydan\u0105 przez LAURENCE KING (2019-01-22) w formacie 24 x 31 cm (ISBN: 9781786274427). Zapraszamy!","robots":{"index":"index","follow":"follow","max-snippet":"max-snippet:-1","max-image-preview":"max-image-preview:large","max-video-preview":"max-video-preview:-1"},"canonical":"https:\/\/foliobooks.pl\/en\/shop\/horizons-zones-and-outer-spaces-the-art-of-john-loker\/","og_locale":"en_US","og_type":"article","og_title":"Horizons, Zones and Outer Spaces. The Art of John Loker (Ben Lewis) - book \/ album - Folio","og_description":"Wejd\u017a i kup ksi\u0105\u017ck\u0119 Horizons, Zones and Outer Spaces. The Art of John Loker autorstwa Ben Lewis wydan\u0105 przez LAURENCE KING (2019-01-22) w formacie 24 x 31 cm (ISBN: 9781786274427). Zapraszamy!","og_url":"https:\/\/foliobooks.pl\/en\/shop\/horizons-zones-and-outer-spaces-the-art-of-john-loker\/","og_site_name":"Folio","article_modified_time":"2023-01-03T15:05:17+00:00","og_image":[{"width":570,"height":708,"url":"https:\/\/foliobooks.pl\/wp-content\/uploads\/2020\/11\/9781786274427.png","type":"image\/png"}],"twitter_card":"summary_large_image","schema":{"@context":"https:\/\/schema.org","@graph":[{"@type":"WebPage","@id":"https:\/\/foliobooks.pl\/en\/shop\/horizons-zones-and-outer-spaces-the-art-of-john-loker\/","url":"https:\/\/foliobooks.pl\/en\/shop\/horizons-zones-and-outer-spaces-the-art-of-john-loker\/","name":"Horizons, Zones and Outer Spaces. The Art of John Loker (Ben Lewis) - book \/ album - Folio","isPartOf":{"@id":"https:\/\/foliobooks.pl\/en\/#website"},"primaryImageOfPage":{"@id":"https:\/\/foliobooks.pl\/en\/shop\/horizons-zones-and-outer-spaces-the-art-of-john-loker\/#primaryimage"},"image":{"@id":"https:\/\/foliobooks.pl\/en\/shop\/horizons-zones-and-outer-spaces-the-art-of-john-loker\/#primaryimage"},"thumbnailUrl":"https:\/\/foliobooks.pl\/wp-content\/uploads\/2020\/11\/9781786274427.png","datePublished":"2020-11-23T13:50:22+00:00","dateModified":"2023-01-03T15:05:17+00:00","description":"Wejd\u017a i kup ksi\u0105\u017ck\u0119 Horizons, Zones and Outer Spaces. The Art of John Loker autorstwa Ben Lewis wydan\u0105 przez LAURENCE KING (2019-01-22) w formacie 24 x 31 cm (ISBN: 9781786274427). Zapraszamy!","breadcrumb":{"@id":"https:\/\/foliobooks.pl\/en\/shop\/horizons-zones-and-outer-spaces-the-art-of-john-loker\/#breadcrumb"},"inLanguage":"en-US","potentialAction":[{"@type":"ReadAction","target":["https:\/\/foliobooks.pl\/en\/shop\/horizons-zones-and-outer-spaces-the-art-of-john-loker\/"]}]},{"@type":"ImageObject","inLanguage":"en-US","@id":"https:\/\/foliobooks.pl\/en\/shop\/horizons-zones-and-outer-spaces-the-art-of-john-loker\/#primaryimage","url":"https:\/\/foliobooks.pl\/wp-content\/uploads\/2020\/11\/9781786274427.png","contentUrl":"https:\/\/foliobooks.pl\/wp-content\/uploads\/2020\/11\/9781786274427.png","width":570,"height":708},{"@type":"BreadcrumbList","@id":"https:\/\/foliobooks.pl\/en\/shop\/horizons-zones-and-outer-spaces-the-art-of-john-loker\/#breadcrumb","itemListElement":[{"@type":"ListItem","position":1,"name":"Strona g\u0142\u00f3wna","item":"https:\/\/foliobooks.pl\/en\/"},{"@type":"ListItem","position":2,"name":"Shop","item":"https:\/\/foliobooks.pl\/en\/shop\/"},{"@type":"ListItem","position":3,"name":"Horizons, Zones and Outer Spaces. The Art of John Loker"}]},{"@type":"WebSite","@id":"https:\/\/foliobooks.pl\/en\/#website","url":"https:\/\/foliobooks.pl\/en\/","name":"Folio","description":"Ksi\u0119garnia internetowa","potentialAction":[{"@type":"SearchAction","target":{"@type":"EntryPoint","urlTemplate":"https:\/\/foliobooks.pl\/en\/?s={search_term_string}"},"query-input":{"@type":"PropertyValueSpecification","valueRequired":true,"valueName":"search_term_string"}}],"inLanguage":"en-US"}]}},"_links":{"self":[{"href":"https:\/\/foliobooks.pl\/en\/wp-json\/wp\/v2\/product\/52398","targetHints":{"allow":["GET"]}}],"collection":[{"href":"https:\/\/foliobooks.pl\/en\/wp-json\/wp\/v2\/product"}],"about":[{"href":"https:\/\/foliobooks.pl\/en\/wp-json\/wp\/v2\/types\/product"}],"replies":[{"embeddable":true,"href":"https:\/\/foliobooks.pl\/en\/wp-json\/wp\/v2\/comments?post=52398"}],"wp:featuredmedia":[{"embeddable":true,"href":"https:\/\/foliobooks.pl\/en\/wp-json\/wp\/v2\/media\/52614"}],"wp:attachment":[{"href":"https:\/\/foliobooks.pl\/en\/wp-json\/wp\/v2\/media?parent=52398"}],"wp:term":[{"taxonomy":"product_brand","embeddable":true,"href":"https:\/\/foliobooks.pl\/en\/wp-json\/wp\/v2\/product_brand?post=52398"},{"taxonomy":"product_cat","embeddable":true,"href":"https:\/\/foliobooks.pl\/en\/wp-json\/wp\/v2\/product_cat?post=52398"},{"taxonomy":"product_tag","embeddable":true,"href":"https:\/\/foliobooks.pl\/en\/wp-json\/wp\/v2\/product_tag?post=52398"}],"curies":[{"name":"wp","href":"https:\/\/api.w.org\/{rel}","templated":true}]}}