{"id":52389,"date":"2020-11-22T15:42:12","date_gmt":"2020-11-22T14:42:12","guid":{"rendered":"https:\/\/foliobooks.pl\/?post_type=product&#038;p=52389"},"modified":"2023-01-03T16:06:31","modified_gmt":"2023-01-03T15:06:31","slug":"the-new-traditional-heritage-craftsmanship-and-local-identity","status":"publish","type":"product","link":"https:\/\/foliobooks.pl\/en\/shop\/the-new-traditional-heritage-craftsmanship-and-local-identity\/","title":{"rendered":"The New Traditional. Heritage, Craftsmanship, and Local Identity"},"content":{"rendered":"<p>Delve into a world of unique individuals across the world who are invested in preserving and reinventing traditions and shared rituals.<\/p>\n<p>A new generation wants to lead a more meaningful and sustainable life by reconnecting with heritage and traditions. As a way of inspiration, The New Traditional looks to the craftsmanship, lifestyle, and unique experiences of the people keeping these practices alive. From blacksmithing, weaving, sake making, tending sheep, or simply having a sauna, the book tells the stories of those devoting their energy, skills, and creativity to such activities. Immerse yourself in the traditions that have defined our cultures, and that reveal our connection to what makes us human.<\/p>\n","protected":false},"excerpt":{"rendered":"<p>Delve into a world of unique individuals across the world who are invested in preserving and reinventing traditions and shared rituals. A new generation wants to lead a more meaningful and sustainable life by reconnecting with heritage and traditions. As a way of inspiration, The New Traditional looks to the craftsmanship, lifestyle, and unique experiences&#8230;<\/p>\n","protected":false},"featured_media":52688,"comment_status":"closed","ping_status":"closed","template":"","meta":[],"product_brand":[],"product_cat":[4522,13533,4517,4521],"product_tag":[1548,13342,6104,6417,12461,6147],"class_list":{"0":"post-52389","1":"product","2":"type-product","3":"status-publish","4":"has-post-thumbnail","6":"product_cat-art-en","7":"product_cat-books","8":"product_cat-photography-en","9":"product_cat-silva-rerum-en-en","10":"product_tag-craft","11":"product_tag-culture-en","12":"product_tag-lifestyle","13":"product_tag-professions","14":"product_tag-tradition-en","15":"product_tag-work","16":"pa_cover-hardcover","17":"pa_format-21-x-26-cm-en","18":"pa_isbn-9783899559842-en","19":"pa_language-eng","20":"pa_pages-256-en-2","21":"pa_published-2020-03-en","22":"pa_publisher-gestalten-en","24":"first","25":"instock","26":"sale","27":"sold-individually","28":"shipping-taxable","29":"purchasable","30":"product-type-simple"},"yoast_head":"<!-- This site is optimized with the Yoast SEO plugin v27.4 - https:\/\/yoast.com\/product\/yoast-seo-wordpress\/ -->\n<title>The New Traditional. Heritage, Craftsmanship, and Local Identity () - book \/ album - Folio<\/title>\n<meta name=\"description\" content=\"Wejd\u017a i kup ksi\u0105\u017ck\u0119 The New Traditional. Heritage, Craftsmanship, and Local Identity autorstwa wydan\u0105 przez gestalten (2020-03) w formacie 21 x 26 cm (ISBN: 9783899559842). Zapraszamy!\" \/>\n<meta name=\"robots\" content=\"index, follow, max-snippet:-1, max-image-preview:large, max-video-preview:-1\" \/>\n<link rel=\"canonical\" href=\"https:\/\/foliobooks.pl\/en\/shop\/the-new-traditional-heritage-craftsmanship-and-local-identity\/\" \/>\n<meta property=\"og:locale\" content=\"en_US\" \/>\n<meta property=\"og:type\" content=\"article\" \/>\n<meta property=\"og:title\" content=\"The New Traditional. Heritage, Craftsmanship, and Local Identity () - book \/ album - Folio\" \/>\n<meta property=\"og:description\" content=\"Wejd\u017a i kup ksi\u0105\u017ck\u0119 The New Traditional. Heritage, Craftsmanship, and Local Identity autorstwa wydan\u0105 przez gestalten (2020-03) w formacie 21 x 26 cm (ISBN: 9783899559842). Zapraszamy!\" \/>\n<meta property=\"og:url\" content=\"https:\/\/foliobooks.pl\/en\/shop\/the-new-traditional-heritage-craftsmanship-and-local-identity\/\" \/>\n<meta property=\"og:site_name\" content=\"Folio\" \/>\n<meta property=\"article:modified_time\" content=\"2023-01-03T15:06:31+00:00\" \/>\n<meta property=\"og:image\" content=\"https:\/\/foliobooks.pl\/wp-content\/uploads\/2020\/11\/9783899559842.png\" \/>\n\t<meta property=\"og:image:width\" content=\"570\" \/>\n\t<meta property=\"og:image:height\" content=\"708\" \/>\n\t<meta property=\"og:image:type\" content=\"image\/png\" \/>\n<meta name=\"twitter:card\" content=\"summary_large_image\" \/>\n<meta name=\"twitter:label1\" content=\"Est. reading time\" \/>\n\t<meta name=\"twitter:data1\" content=\"1 minute\" \/>\n<script type=\"application\/ld+json\" class=\"yoast-schema-graph\">{\"@context\":\"https:\\\/\\\/schema.org\",\"@graph\":[{\"@type\":\"WebPage\",\"@id\":\"https:\\\/\\\/foliobooks.pl\\\/en\\\/shop\\\/the-new-traditional-heritage-craftsmanship-and-local-identity\\\/\",\"url\":\"https:\\\/\\\/foliobooks.pl\\\/en\\\/shop\\\/the-new-traditional-heritage-craftsmanship-and-local-identity\\\/\",\"name\":\"The New Traditional. Heritage, Craftsmanship, and Local Identity () - book \\\/ album - Folio\",\"isPartOf\":{\"@id\":\"https:\\\/\\\/foliobooks.pl\\\/en\\\/#website\"},\"primaryImageOfPage\":{\"@id\":\"https:\\\/\\\/foliobooks.pl\\\/en\\\/shop\\\/the-new-traditional-heritage-craftsmanship-and-local-identity\\\/#primaryimage\"},\"image\":{\"@id\":\"https:\\\/\\\/foliobooks.pl\\\/en\\\/shop\\\/the-new-traditional-heritage-craftsmanship-and-local-identity\\\/#primaryimage\"},\"thumbnailUrl\":\"https:\\\/\\\/foliobooks.pl\\\/wp-content\\\/uploads\\\/2020\\\/11\\\/9783899559842.png\",\"datePublished\":\"2020-11-22T14:42:12+00:00\",\"dateModified\":\"2023-01-03T15:06:31+00:00\",\"description\":\"Wejd\u017a i kup ksi\u0105\u017ck\u0119 The New Traditional. Heritage, Craftsmanship, and Local Identity autorstwa wydan\u0105 przez gestalten (2020-03) w formacie 21 x 26 cm (ISBN: 9783899559842). Zapraszamy!\",\"breadcrumb\":{\"@id\":\"https:\\\/\\\/foliobooks.pl\\\/en\\\/shop\\\/the-new-traditional-heritage-craftsmanship-and-local-identity\\\/#breadcrumb\"},\"inLanguage\":\"en-US\",\"potentialAction\":[{\"@type\":\"ReadAction\",\"target\":[\"https:\\\/\\\/foliobooks.pl\\\/en\\\/shop\\\/the-new-traditional-heritage-craftsmanship-and-local-identity\\\/\"]}]},{\"@type\":\"ImageObject\",\"inLanguage\":\"en-US\",\"@id\":\"https:\\\/\\\/foliobooks.pl\\\/en\\\/shop\\\/the-new-traditional-heritage-craftsmanship-and-local-identity\\\/#primaryimage\",\"url\":\"https:\\\/\\\/foliobooks.pl\\\/wp-content\\\/uploads\\\/2020\\\/11\\\/9783899559842.png\",\"contentUrl\":\"https:\\\/\\\/foliobooks.pl\\\/wp-content\\\/uploads\\\/2020\\\/11\\\/9783899559842.png\",\"width\":570,\"height\":708},{\"@type\":\"BreadcrumbList\",\"@id\":\"https:\\\/\\\/foliobooks.pl\\\/en\\\/shop\\\/the-new-traditional-heritage-craftsmanship-and-local-identity\\\/#breadcrumb\",\"itemListElement\":[{\"@type\":\"ListItem\",\"position\":1,\"name\":\"Strona g\u0142\u00f3wna\",\"item\":\"https:\\\/\\\/foliobooks.pl\\\/en\\\/\"},{\"@type\":\"ListItem\",\"position\":2,\"name\":\"Shop\",\"item\":\"https:\\\/\\\/foliobooks.pl\\\/en\\\/shop\\\/\"},{\"@type\":\"ListItem\",\"position\":3,\"name\":\"The New Traditional. Heritage, Craftsmanship, and Local Identity\"}]},{\"@type\":\"WebSite\",\"@id\":\"https:\\\/\\\/foliobooks.pl\\\/en\\\/#website\",\"url\":\"https:\\\/\\\/foliobooks.pl\\\/en\\\/\",\"name\":\"Folio\",\"description\":\"Ksi\u0119garnia internetowa\",\"potentialAction\":[{\"@type\":\"SearchAction\",\"target\":{\"@type\":\"EntryPoint\",\"urlTemplate\":\"https:\\\/\\\/foliobooks.pl\\\/en\\\/?s={search_term_string}\"},\"query-input\":{\"@type\":\"PropertyValueSpecification\",\"valueRequired\":true,\"valueName\":\"search_term_string\"}}],\"inLanguage\":\"en-US\"}]}<\/script>\n<!-- \/ Yoast SEO plugin. -->","yoast_head_json":{"title":"The New Traditional. Heritage, Craftsmanship, and Local Identity () - book \/ album - Folio","description":"Wejd\u017a i kup ksi\u0105\u017ck\u0119 The New Traditional. Heritage, Craftsmanship, and Local Identity autorstwa wydan\u0105 przez gestalten (2020-03) w formacie 21 x 26 cm (ISBN: 9783899559842). Zapraszamy!","robots":{"index":"index","follow":"follow","max-snippet":"max-snippet:-1","max-image-preview":"max-image-preview:large","max-video-preview":"max-video-preview:-1"},"canonical":"https:\/\/foliobooks.pl\/en\/shop\/the-new-traditional-heritage-craftsmanship-and-local-identity\/","og_locale":"en_US","og_type":"article","og_title":"The New Traditional. Heritage, Craftsmanship, and Local Identity () - book \/ album - Folio","og_description":"Wejd\u017a i kup ksi\u0105\u017ck\u0119 The New Traditional. Heritage, Craftsmanship, and Local Identity autorstwa wydan\u0105 przez gestalten (2020-03) w formacie 21 x 26 cm (ISBN: 9783899559842). Zapraszamy!","og_url":"https:\/\/foliobooks.pl\/en\/shop\/the-new-traditional-heritage-craftsmanship-and-local-identity\/","og_site_name":"Folio","article_modified_time":"2023-01-03T15:06:31+00:00","og_image":[{"width":570,"height":708,"url":"https:\/\/foliobooks.pl\/wp-content\/uploads\/2020\/11\/9783899559842.png","type":"image\/png"}],"twitter_card":"summary_large_image","twitter_misc":{"Est. reading time":"1 minute"},"schema":{"@context":"https:\/\/schema.org","@graph":[{"@type":"WebPage","@id":"https:\/\/foliobooks.pl\/en\/shop\/the-new-traditional-heritage-craftsmanship-and-local-identity\/","url":"https:\/\/foliobooks.pl\/en\/shop\/the-new-traditional-heritage-craftsmanship-and-local-identity\/","name":"The New Traditional. Heritage, Craftsmanship, and Local Identity () - book \/ album - Folio","isPartOf":{"@id":"https:\/\/foliobooks.pl\/en\/#website"},"primaryImageOfPage":{"@id":"https:\/\/foliobooks.pl\/en\/shop\/the-new-traditional-heritage-craftsmanship-and-local-identity\/#primaryimage"},"image":{"@id":"https:\/\/foliobooks.pl\/en\/shop\/the-new-traditional-heritage-craftsmanship-and-local-identity\/#primaryimage"},"thumbnailUrl":"https:\/\/foliobooks.pl\/wp-content\/uploads\/2020\/11\/9783899559842.png","datePublished":"2020-11-22T14:42:12+00:00","dateModified":"2023-01-03T15:06:31+00:00","description":"Wejd\u017a i kup ksi\u0105\u017ck\u0119 The New Traditional. Heritage, Craftsmanship, and Local Identity autorstwa wydan\u0105 przez gestalten (2020-03) w formacie 21 x 26 cm (ISBN: 9783899559842). Zapraszamy!","breadcrumb":{"@id":"https:\/\/foliobooks.pl\/en\/shop\/the-new-traditional-heritage-craftsmanship-and-local-identity\/#breadcrumb"},"inLanguage":"en-US","potentialAction":[{"@type":"ReadAction","target":["https:\/\/foliobooks.pl\/en\/shop\/the-new-traditional-heritage-craftsmanship-and-local-identity\/"]}]},{"@type":"ImageObject","inLanguage":"en-US","@id":"https:\/\/foliobooks.pl\/en\/shop\/the-new-traditional-heritage-craftsmanship-and-local-identity\/#primaryimage","url":"https:\/\/foliobooks.pl\/wp-content\/uploads\/2020\/11\/9783899559842.png","contentUrl":"https:\/\/foliobooks.pl\/wp-content\/uploads\/2020\/11\/9783899559842.png","width":570,"height":708},{"@type":"BreadcrumbList","@id":"https:\/\/foliobooks.pl\/en\/shop\/the-new-traditional-heritage-craftsmanship-and-local-identity\/#breadcrumb","itemListElement":[{"@type":"ListItem","position":1,"name":"Strona g\u0142\u00f3wna","item":"https:\/\/foliobooks.pl\/en\/"},{"@type":"ListItem","position":2,"name":"Shop","item":"https:\/\/foliobooks.pl\/en\/shop\/"},{"@type":"ListItem","position":3,"name":"The New Traditional. Heritage, Craftsmanship, and Local Identity"}]},{"@type":"WebSite","@id":"https:\/\/foliobooks.pl\/en\/#website","url":"https:\/\/foliobooks.pl\/en\/","name":"Folio","description":"Ksi\u0119garnia internetowa","potentialAction":[{"@type":"SearchAction","target":{"@type":"EntryPoint","urlTemplate":"https:\/\/foliobooks.pl\/en\/?s={search_term_string}"},"query-input":{"@type":"PropertyValueSpecification","valueRequired":true,"valueName":"search_term_string"}}],"inLanguage":"en-US"}]}},"_links":{"self":[{"href":"https:\/\/foliobooks.pl\/en\/wp-json\/wp\/v2\/product\/52389","targetHints":{"allow":["GET"]}}],"collection":[{"href":"https:\/\/foliobooks.pl\/en\/wp-json\/wp\/v2\/product"}],"about":[{"href":"https:\/\/foliobooks.pl\/en\/wp-json\/wp\/v2\/types\/product"}],"replies":[{"embeddable":true,"href":"https:\/\/foliobooks.pl\/en\/wp-json\/wp\/v2\/comments?post=52389"}],"wp:featuredmedia":[{"embeddable":true,"href":"https:\/\/foliobooks.pl\/en\/wp-json\/wp\/v2\/media\/52688"}],"wp:attachment":[{"href":"https:\/\/foliobooks.pl\/en\/wp-json\/wp\/v2\/media?parent=52389"}],"wp:term":[{"taxonomy":"product_brand","embeddable":true,"href":"https:\/\/foliobooks.pl\/en\/wp-json\/wp\/v2\/product_brand?post=52389"},{"taxonomy":"product_cat","embeddable":true,"href":"https:\/\/foliobooks.pl\/en\/wp-json\/wp\/v2\/product_cat?post=52389"},{"taxonomy":"product_tag","embeddable":true,"href":"https:\/\/foliobooks.pl\/en\/wp-json\/wp\/v2\/product_tag?post=52389"}],"curies":[{"name":"wp","href":"https:\/\/api.w.org\/{rel}","templated":true}]}}