{"id":52359,"date":"2020-11-20T16:05:35","date_gmt":"2020-11-20T15:05:35","guid":{"rendered":"https:\/\/foliobooks.pl\/?post_type=product&#038;p=52359"},"modified":"2022-09-20T11:37:54","modified_gmt":"2022-09-20T09:37:54","slug":"the-golden-age-of-dc-comics-2","status":"publish","type":"product","link":"https:\/\/foliobooks.pl\/en\/shop\/the-golden-age-of-dc-comics-2\/","title":{"rendered":"The Golden Age of DC Comics"},"content":{"rendered":"<p>Get the ultimate insights on the heyday of DC Comics. Spanning from 1935 to 1956, more than 600 pages of covers and interiors, original illustrations, photographs, film stills, and ephemera chart the creators, the stories, and the game-changing super heroes Superman, Batman, and Wonder Woman.<\/p>\n<p>In June of 1938, Action Comics debuted with a new kind of comic-book character on its cover: a costumed man with two identities, who possessed extraordinary strength and powers\u2014a man able to protect the public when ordinary measures would not do. He was not the first super hero, but the Man of Steel would become the prototype for all super heroes thereafter.<\/p>\n<p>Superman\u2019s story, and those of Batman, Wonder Woman, and hundreds of other DC Comics characters, are all told in The Golden Age of DC Comics. Expanded from the Eisner Award\u2013winning XL book, 75 Years of DC Comics, this edition offers readers the ultimate insight on DC\u2019s first decades, from its pulp origins up to the comic-book burnings of the McCarthy \u201950s.<\/p>\n<p>More than 600 pages of covers and interiors, original illustrations, photographs, film stills, and ephemera bring the story lines, the characters, and their creators to vibrant life. Also included is an exclusive interview with legendary artist Joe Kubert.<\/p>\n<p>Copyright \u00a9 2019 DC Comics. All related characters and elements \u00a9 &amp; TM DC Comics. (s19)<\/p>\n","protected":false},"excerpt":{"rendered":"<p>Get the ultimate insights on the heyday of DC Comics. Spanning from 1935 to 1956, more than 600 pages of covers and interiors, original illustrations, photographs, film stills, and ephemera chart the creators, the stories, and the game-changing super heroes Superman, Batman, and Wonder Woman. In June of 1938, Action Comics debuted with a new&#8230;<\/p>\n","protected":false},"featured_media":52442,"comment_status":"closed","ping_status":"closed","template":"","meta":[],"product_brand":[],"product_cat":[4522,13533,4523,4525],"product_tag":[10664,1156,2767,11977,1273,1685,2253,1681,1649,6121,1683,13349,11490],"class_list":{"0":"post-52359","1":"product","2":"type-product","3":"status-publish","4":"has-post-thumbnail","6":"product_cat-art-en","7":"product_cat-books","8":"product_cat-design-en-en","9":"product_cat-graphic-design","10":"product_tag-america-en","11":"product_tag-appliedarts-en","12":"product_tag-art-history","13":"product_tag-books-en","14":"product_tag-cinema-en","15":"product_tag-comic","16":"product_tag-graphics","17":"product_tag-history","18":"product_tag-illustration","19":"product_tag-photography","20":"product_tag-pop-culture","21":"product_tag-superheroes-en","22":"product_tag-united-states-en","23":"pa_author_att-paul-levitz-en","24":"pa_cover-hardcover","25":"pa_format-14-x-195-cm-en","26":"pa_isbn-9783836556569-en","27":"pa_language-eng","28":"pa_pages-672-en","29":"pa_published-2019-01-25-en","30":"pa_publisher-taschen-en-en","32":"first","33":"outofstock","34":"sold-individually","35":"shipping-taxable","36":"purchasable","37":"product-type-simple"},"yoast_head":"<!-- This site is optimized with the Yoast SEO plugin v27.4 - https:\/\/yoast.com\/product\/yoast-seo-wordpress\/ -->\n<title>The Golden Age of DC Comics (Paul Levitz) - book \/ album - Folio<\/title>\n<meta name=\"description\" content=\"Wejd\u017a i kup ksi\u0105\u017ck\u0119 The Golden Age of DC Comics autorstwa Paul Levitz wydan\u0105 przez TASCHEN (2019-01-25) w formacie 14 x 19,5 cm (ISBN: 9783836556569). Zapraszamy!\" \/>\n<meta name=\"robots\" content=\"index, follow, max-snippet:-1, max-image-preview:large, max-video-preview:-1\" \/>\n<link rel=\"canonical\" href=\"https:\/\/foliobooks.pl\/en\/shop\/the-golden-age-of-dc-comics-2\/\" \/>\n<meta property=\"og:locale\" content=\"en_US\" \/>\n<meta property=\"og:type\" content=\"article\" \/>\n<meta property=\"og:title\" content=\"The Golden Age of DC Comics (Paul Levitz) - book \/ album - Folio\" \/>\n<meta property=\"og:description\" content=\"Wejd\u017a i kup ksi\u0105\u017ck\u0119 The Golden Age of DC Comics autorstwa Paul Levitz wydan\u0105 przez TASCHEN (2019-01-25) w formacie 14 x 19,5 cm (ISBN: 9783836556569). Zapraszamy!\" \/>\n<meta property=\"og:url\" content=\"https:\/\/foliobooks.pl\/en\/shop\/the-golden-age-of-dc-comics-2\/\" \/>\n<meta property=\"og:site_name\" content=\"Folio\" \/>\n<meta property=\"article:modified_time\" content=\"2022-09-20T09:37:54+00:00\" \/>\n<meta property=\"og:image\" content=\"https:\/\/foliobooks.pl\/wp-content\/uploads\/2020\/11\/9783836556569.png\" \/>\n\t<meta property=\"og:image:width\" content=\"570\" \/>\n\t<meta property=\"og:image:height\" content=\"708\" \/>\n\t<meta property=\"og:image:type\" content=\"image\/png\" \/>\n<meta name=\"twitter:card\" content=\"summary_large_image\" \/>\n<meta name=\"twitter:label1\" content=\"Est. reading time\" \/>\n\t<meta name=\"twitter:data1\" content=\"1 minute\" \/>\n<script type=\"application\/ld+json\" class=\"yoast-schema-graph\">{\"@context\":\"https:\\\/\\\/schema.org\",\"@graph\":[{\"@type\":\"WebPage\",\"@id\":\"https:\\\/\\\/foliobooks.pl\\\/en\\\/shop\\\/the-golden-age-of-dc-comics-2\\\/\",\"url\":\"https:\\\/\\\/foliobooks.pl\\\/en\\\/shop\\\/the-golden-age-of-dc-comics-2\\\/\",\"name\":\"The Golden Age of DC Comics (Paul Levitz) - book \\\/ album - Folio\",\"isPartOf\":{\"@id\":\"https:\\\/\\\/foliobooks.pl\\\/en\\\/#website\"},\"primaryImageOfPage\":{\"@id\":\"https:\\\/\\\/foliobooks.pl\\\/en\\\/shop\\\/the-golden-age-of-dc-comics-2\\\/#primaryimage\"},\"image\":{\"@id\":\"https:\\\/\\\/foliobooks.pl\\\/en\\\/shop\\\/the-golden-age-of-dc-comics-2\\\/#primaryimage\"},\"thumbnailUrl\":\"https:\\\/\\\/foliobooks.pl\\\/wp-content\\\/uploads\\\/2020\\\/11\\\/9783836556569.png\",\"datePublished\":\"2020-11-20T15:05:35+00:00\",\"dateModified\":\"2022-09-20T09:37:54+00:00\",\"description\":\"Wejd\u017a i kup ksi\u0105\u017ck\u0119 The Golden Age of DC Comics autorstwa Paul Levitz wydan\u0105 przez TASCHEN (2019-01-25) w formacie 14 x 19,5 cm (ISBN: 9783836556569). Zapraszamy!\",\"breadcrumb\":{\"@id\":\"https:\\\/\\\/foliobooks.pl\\\/en\\\/shop\\\/the-golden-age-of-dc-comics-2\\\/#breadcrumb\"},\"inLanguage\":\"en-US\",\"potentialAction\":[{\"@type\":\"ReadAction\",\"target\":[\"https:\\\/\\\/foliobooks.pl\\\/en\\\/shop\\\/the-golden-age-of-dc-comics-2\\\/\"]}]},{\"@type\":\"ImageObject\",\"inLanguage\":\"en-US\",\"@id\":\"https:\\\/\\\/foliobooks.pl\\\/en\\\/shop\\\/the-golden-age-of-dc-comics-2\\\/#primaryimage\",\"url\":\"https:\\\/\\\/foliobooks.pl\\\/wp-content\\\/uploads\\\/2020\\\/11\\\/9783836556569.png\",\"contentUrl\":\"https:\\\/\\\/foliobooks.pl\\\/wp-content\\\/uploads\\\/2020\\\/11\\\/9783836556569.png\",\"width\":570,\"height\":708},{\"@type\":\"BreadcrumbList\",\"@id\":\"https:\\\/\\\/foliobooks.pl\\\/en\\\/shop\\\/the-golden-age-of-dc-comics-2\\\/#breadcrumb\",\"itemListElement\":[{\"@type\":\"ListItem\",\"position\":1,\"name\":\"Strona g\u0142\u00f3wna\",\"item\":\"https:\\\/\\\/foliobooks.pl\\\/en\\\/\"},{\"@type\":\"ListItem\",\"position\":2,\"name\":\"Shop\",\"item\":\"https:\\\/\\\/foliobooks.pl\\\/en\\\/shop\\\/\"},{\"@type\":\"ListItem\",\"position\":3,\"name\":\"The Golden Age of DC Comics\"}]},{\"@type\":\"WebSite\",\"@id\":\"https:\\\/\\\/foliobooks.pl\\\/en\\\/#website\",\"url\":\"https:\\\/\\\/foliobooks.pl\\\/en\\\/\",\"name\":\"Folio\",\"description\":\"Ksi\u0119garnia internetowa\",\"potentialAction\":[{\"@type\":\"SearchAction\",\"target\":{\"@type\":\"EntryPoint\",\"urlTemplate\":\"https:\\\/\\\/foliobooks.pl\\\/en\\\/?s={search_term_string}\"},\"query-input\":{\"@type\":\"PropertyValueSpecification\",\"valueRequired\":true,\"valueName\":\"search_term_string\"}}],\"inLanguage\":\"en-US\"}]}<\/script>\n<!-- \/ Yoast SEO plugin. -->","yoast_head_json":{"title":"The Golden Age of DC Comics (Paul Levitz) - book \/ album - Folio","description":"Wejd\u017a i kup ksi\u0105\u017ck\u0119 The Golden Age of DC Comics autorstwa Paul Levitz wydan\u0105 przez TASCHEN (2019-01-25) w formacie 14 x 19,5 cm (ISBN: 9783836556569). Zapraszamy!","robots":{"index":"index","follow":"follow","max-snippet":"max-snippet:-1","max-image-preview":"max-image-preview:large","max-video-preview":"max-video-preview:-1"},"canonical":"https:\/\/foliobooks.pl\/en\/shop\/the-golden-age-of-dc-comics-2\/","og_locale":"en_US","og_type":"article","og_title":"The Golden Age of DC Comics (Paul Levitz) - book \/ album - Folio","og_description":"Wejd\u017a i kup ksi\u0105\u017ck\u0119 The Golden Age of DC Comics autorstwa Paul Levitz wydan\u0105 przez TASCHEN (2019-01-25) w formacie 14 x 19,5 cm (ISBN: 9783836556569). Zapraszamy!","og_url":"https:\/\/foliobooks.pl\/en\/shop\/the-golden-age-of-dc-comics-2\/","og_site_name":"Folio","article_modified_time":"2022-09-20T09:37:54+00:00","og_image":[{"width":570,"height":708,"url":"https:\/\/foliobooks.pl\/wp-content\/uploads\/2020\/11\/9783836556569.png","type":"image\/png"}],"twitter_card":"summary_large_image","twitter_misc":{"Est. reading time":"1 minute"},"schema":{"@context":"https:\/\/schema.org","@graph":[{"@type":"WebPage","@id":"https:\/\/foliobooks.pl\/en\/shop\/the-golden-age-of-dc-comics-2\/","url":"https:\/\/foliobooks.pl\/en\/shop\/the-golden-age-of-dc-comics-2\/","name":"The Golden Age of DC Comics (Paul Levitz) - book \/ album - Folio","isPartOf":{"@id":"https:\/\/foliobooks.pl\/en\/#website"},"primaryImageOfPage":{"@id":"https:\/\/foliobooks.pl\/en\/shop\/the-golden-age-of-dc-comics-2\/#primaryimage"},"image":{"@id":"https:\/\/foliobooks.pl\/en\/shop\/the-golden-age-of-dc-comics-2\/#primaryimage"},"thumbnailUrl":"https:\/\/foliobooks.pl\/wp-content\/uploads\/2020\/11\/9783836556569.png","datePublished":"2020-11-20T15:05:35+00:00","dateModified":"2022-09-20T09:37:54+00:00","description":"Wejd\u017a i kup ksi\u0105\u017ck\u0119 The Golden Age of DC Comics autorstwa Paul Levitz wydan\u0105 przez TASCHEN (2019-01-25) w formacie 14 x 19,5 cm (ISBN: 9783836556569). Zapraszamy!","breadcrumb":{"@id":"https:\/\/foliobooks.pl\/en\/shop\/the-golden-age-of-dc-comics-2\/#breadcrumb"},"inLanguage":"en-US","potentialAction":[{"@type":"ReadAction","target":["https:\/\/foliobooks.pl\/en\/shop\/the-golden-age-of-dc-comics-2\/"]}]},{"@type":"ImageObject","inLanguage":"en-US","@id":"https:\/\/foliobooks.pl\/en\/shop\/the-golden-age-of-dc-comics-2\/#primaryimage","url":"https:\/\/foliobooks.pl\/wp-content\/uploads\/2020\/11\/9783836556569.png","contentUrl":"https:\/\/foliobooks.pl\/wp-content\/uploads\/2020\/11\/9783836556569.png","width":570,"height":708},{"@type":"BreadcrumbList","@id":"https:\/\/foliobooks.pl\/en\/shop\/the-golden-age-of-dc-comics-2\/#breadcrumb","itemListElement":[{"@type":"ListItem","position":1,"name":"Strona g\u0142\u00f3wna","item":"https:\/\/foliobooks.pl\/en\/"},{"@type":"ListItem","position":2,"name":"Shop","item":"https:\/\/foliobooks.pl\/en\/shop\/"},{"@type":"ListItem","position":3,"name":"The Golden Age of DC Comics"}]},{"@type":"WebSite","@id":"https:\/\/foliobooks.pl\/en\/#website","url":"https:\/\/foliobooks.pl\/en\/","name":"Folio","description":"Ksi\u0119garnia internetowa","potentialAction":[{"@type":"SearchAction","target":{"@type":"EntryPoint","urlTemplate":"https:\/\/foliobooks.pl\/en\/?s={search_term_string}"},"query-input":{"@type":"PropertyValueSpecification","valueRequired":true,"valueName":"search_term_string"}}],"inLanguage":"en-US"}]}},"_links":{"self":[{"href":"https:\/\/foliobooks.pl\/en\/wp-json\/wp\/v2\/product\/52359","targetHints":{"allow":["GET"]}}],"collection":[{"href":"https:\/\/foliobooks.pl\/en\/wp-json\/wp\/v2\/product"}],"about":[{"href":"https:\/\/foliobooks.pl\/en\/wp-json\/wp\/v2\/types\/product"}],"replies":[{"embeddable":true,"href":"https:\/\/foliobooks.pl\/en\/wp-json\/wp\/v2\/comments?post=52359"}],"wp:featuredmedia":[{"embeddable":true,"href":"https:\/\/foliobooks.pl\/en\/wp-json\/wp\/v2\/media\/52442"}],"wp:attachment":[{"href":"https:\/\/foliobooks.pl\/en\/wp-json\/wp\/v2\/media?parent=52359"}],"wp:term":[{"taxonomy":"product_brand","embeddable":true,"href":"https:\/\/foliobooks.pl\/en\/wp-json\/wp\/v2\/product_brand?post=52359"},{"taxonomy":"product_cat","embeddable":true,"href":"https:\/\/foliobooks.pl\/en\/wp-json\/wp\/v2\/product_cat?post=52359"},{"taxonomy":"product_tag","embeddable":true,"href":"https:\/\/foliobooks.pl\/en\/wp-json\/wp\/v2\/product_tag?post=52359"}],"curies":[{"name":"wp","href":"https:\/\/api.w.org\/{rel}","templated":true}]}}