{"id":52025,"date":"2020-10-23T20:25:38","date_gmt":"2020-10-23T18:25:38","guid":{"rendered":"https:\/\/foliobooks.pl\/?post_type=product&#038;p=52025"},"modified":"2020-10-27T11:25:52","modified_gmt":"2020-10-27T10:25:52","slug":"alfred-wertheimer-elvis-and-the-birth-of-rock-and-roll-2","status":"publish","type":"product","link":"https:\/\/foliobooks.pl\/en\/shop\/alfred-wertheimer-elvis-and-the-birth-of-rock-and-roll-2\/","title":{"rendered":"Alfred Wertheimer. Elvis and the Birth of Rock and Roll"},"content":{"rendered":"<p>Extraordinary in its intimacy and scope, Alfred Wertheimer\u2019s Elvis Presley portfolio immortalized the singer on the brink of superstardom. A jewel for any Elvis fan, this Collector\u2019s Edition, signed by Wertheimer, brings together remarkable shots of the singer from 1956 and 1958. Nearly half of these photographs have never been published before.<\/p>\n<p>\u201cElvis who?\u201d was photographer Alfred Wertheimer\u2019s response when, in early 1956, an RCA Victor publicist asked him to photograph an up-and-coming crooner from Memphis. Little did Wertheimer know that this would be the job of his life: just 21 years old, Elvis Presley was\u2014as we now know\u2014about to become a legend. Trailing him like a shadow, Wertheimer was given unlimited scope to get up close and personal with Elvis; even as the singer was seducing young women in dark hallways, he allowed the photographer to record his every move. Wertheimer took nearly 3,000 photographs of Presley that year, creating a penetrating portrait of a man poised on the brink of superstardom. Extraordinary in its intimacy and unparalleled in its scope, Wertheimer\u2019s Elvis project immortalized a young man in the very process of making history. (Just a month after he shot Elvis recording the \u201cDon\u2019t Be Cruel\u201d\/\u201cHound Dog\u201d record, it became the first ever to top all three Billboard charts.)<\/p>\n<p>This Collector\u2019s Edition of just 1,706 numbered copies signed by Wertheimer brings together his most remarkable Elvis shots from 1956, along with a selection of his historic 1958 pictures of the star being shipped off to an army base in Germany. Though many of Wertheimer\u2019s photos of Elvis are among the best known, nearly half of the photographs in this book have never been published before. Each chapter is illustrated with an original poster created for this book by Hatch Show Print, one of the oldest letterpress print shops in America. In business since 1879, Hatch printed posters for vaudeville, circuses, and entertainers on world tour in the early 20th century; and created many of the powerful woodblock images that helped define the look of country music in the 1940s and rock and roll (including many early Elvis posters) in the \u201950s. Fans of photojournalism, portraiture, and, of course, the King himself will covet this collector\u2019s volume.<\/p>\n<p>Hardcover in clamshell box, letterpress-printed chapter openers.<\/p>\n","protected":false},"excerpt":{"rendered":"<p>Extraordinary in its intimacy and scope, Alfred Wertheimer\u2019s Elvis Presley portfolio immortalized the singer on the brink of superstardom. A jewel for any Elvis fan, this Collector\u2019s Edition, signed by Wertheimer, brings together remarkable shots of the singer from 1956 and 1958. Nearly half of these photographs have never been published before. \u201cElvis who?\u201d was&#8230;<\/p>\n","protected":false},"featured_media":52135,"comment_status":"closed","ping_status":"closed","template":"","meta":[],"product_brand":[],"product_cat":[13533,4517],"product_tag":[6308,10664,6693,1681,1102,1269,6632,6121,1683,1066,6313],"class_list":{"0":"post-52025","1":"product","2":"type-product","3":"status-publish","4":"has-post-thumbnail","6":"product_cat-books","7":"product_cat-photography-en","8":"product_tag-actors","9":"product_tag-america-en","10":"product_tag-famous-people","11":"product_tag-history","12":"product_tag-music-en","13":"product_tag-musicians","14":"product_tag-photographers","15":"product_tag-photography","16":"product_tag-pop-culture","17":"product_tag-portraits-en","18":"product_tag-singers","19":"pa_author_att-alfred-wertheimer-en","20":"pa_author_att-chris-murray-en","21":"pa_author_att-robert-santelli-en","22":"pa_cover-hardcover-box","23":"pa_format-29-x-395-cm-en","24":"pa_isbn-9783836534239-en","25":"pa_language-eng-f-ger","26":"pa_pages-418-en","27":"pa_published-2013-05-01-en","28":"pa_publisher-taschen-en-en","30":"first","31":"instock","32":"sold-individually","33":"shipping-taxable","34":"purchasable","35":"product-type-simple"},"yoast_head":"<!-- This site is optimized with the Yoast SEO plugin v27.6 - https:\/\/yoast.com\/product\/yoast-seo-wordpress\/ -->\n<title>Alfred Wertheimer. Elvis and the Birth of Rock and Roll (Alfred Wertheimer, Chris Murray, Robert Santelli) - book \/ album - Folio<\/title>\n<meta name=\"description\" content=\"Wejd\u017a i kup ksi\u0105\u017ck\u0119 Alfred Wertheimer. Elvis and the Birth of Rock and Roll autorstwa Alfred Wertheimer, Chris Murray, Robert Santelli wydan\u0105 przez TASCHEN (2013-05-01) w formacie 29 x 39,5 cm (ISBN: 9783836534239). Zapraszamy!\" \/>\n<meta name=\"robots\" content=\"index, follow, max-snippet:-1, max-image-preview:large, max-video-preview:-1\" \/>\n<link rel=\"canonical\" href=\"https:\/\/foliobooks.pl\/en\/shop\/alfred-wertheimer-elvis-and-the-birth-of-rock-and-roll-2\/\" \/>\n<meta property=\"og:locale\" content=\"en_US\" \/>\n<meta property=\"og:type\" content=\"article\" \/>\n<meta property=\"og:title\" content=\"Alfred Wertheimer. Elvis and the Birth of Rock and Roll (Alfred Wertheimer, Chris Murray, Robert Santelli) - book \/ album - Folio\" \/>\n<meta property=\"og:description\" content=\"Wejd\u017a i kup ksi\u0105\u017ck\u0119 Alfred Wertheimer. Elvis and the Birth of Rock and Roll autorstwa Alfred Wertheimer, Chris Murray, Robert Santelli wydan\u0105 przez TASCHEN (2013-05-01) w formacie 29 x 39,5 cm (ISBN: 9783836534239). Zapraszamy!\" \/>\n<meta property=\"og:url\" content=\"https:\/\/foliobooks.pl\/en\/shop\/alfred-wertheimer-elvis-and-the-birth-of-rock-and-roll-2\/\" \/>\n<meta property=\"og:site_name\" content=\"Folio\" \/>\n<meta property=\"article:modified_time\" content=\"2020-10-27T10:25:52+00:00\" \/>\n<meta property=\"og:image\" content=\"https:\/\/foliobooks.pl\/wp-content\/uploads\/2020\/10\/9783836534239.png\" \/>\n\t<meta property=\"og:image:width\" content=\"570\" \/>\n\t<meta property=\"og:image:height\" content=\"708\" \/>\n\t<meta property=\"og:image:type\" content=\"image\/png\" \/>\n<meta name=\"twitter:card\" content=\"summary_large_image\" \/>\n<meta name=\"twitter:label1\" content=\"Est. reading time\" \/>\n\t<meta name=\"twitter:data1\" content=\"2 minutes\" \/>\n<script type=\"application\/ld+json\" class=\"yoast-schema-graph\">{\"@context\":\"https:\\\/\\\/schema.org\",\"@graph\":[{\"@type\":\"WebPage\",\"@id\":\"https:\\\/\\\/foliobooks.pl\\\/en\\\/shop\\\/alfred-wertheimer-elvis-and-the-birth-of-rock-and-roll-2\\\/\",\"url\":\"https:\\\/\\\/foliobooks.pl\\\/en\\\/shop\\\/alfred-wertheimer-elvis-and-the-birth-of-rock-and-roll-2\\\/\",\"name\":\"Alfred Wertheimer. Elvis and the Birth of Rock and Roll (Alfred Wertheimer, Chris Murray, Robert Santelli) - book \\\/ album - Folio\",\"isPartOf\":{\"@id\":\"https:\\\/\\\/foliobooks.pl\\\/en\\\/#website\"},\"primaryImageOfPage\":{\"@id\":\"https:\\\/\\\/foliobooks.pl\\\/en\\\/shop\\\/alfred-wertheimer-elvis-and-the-birth-of-rock-and-roll-2\\\/#primaryimage\"},\"image\":{\"@id\":\"https:\\\/\\\/foliobooks.pl\\\/en\\\/shop\\\/alfred-wertheimer-elvis-and-the-birth-of-rock-and-roll-2\\\/#primaryimage\"},\"thumbnailUrl\":\"https:\\\/\\\/foliobooks.pl\\\/wp-content\\\/uploads\\\/2020\\\/10\\\/9783836534239.png\",\"datePublished\":\"2020-10-23T18:25:38+00:00\",\"dateModified\":\"2020-10-27T10:25:52+00:00\",\"description\":\"Wejd\u017a i kup ksi\u0105\u017ck\u0119 Alfred Wertheimer. Elvis and the Birth of Rock and Roll autorstwa Alfred Wertheimer, Chris Murray, Robert Santelli wydan\u0105 przez TASCHEN (2013-05-01) w formacie 29 x 39,5 cm (ISBN: 9783836534239). Zapraszamy!\",\"breadcrumb\":{\"@id\":\"https:\\\/\\\/foliobooks.pl\\\/en\\\/shop\\\/alfred-wertheimer-elvis-and-the-birth-of-rock-and-roll-2\\\/#breadcrumb\"},\"inLanguage\":\"en-US\",\"potentialAction\":[{\"@type\":\"ReadAction\",\"target\":[\"https:\\\/\\\/foliobooks.pl\\\/en\\\/shop\\\/alfred-wertheimer-elvis-and-the-birth-of-rock-and-roll-2\\\/\"]}]},{\"@type\":\"ImageObject\",\"inLanguage\":\"en-US\",\"@id\":\"https:\\\/\\\/foliobooks.pl\\\/en\\\/shop\\\/alfred-wertheimer-elvis-and-the-birth-of-rock-and-roll-2\\\/#primaryimage\",\"url\":\"https:\\\/\\\/foliobooks.pl\\\/wp-content\\\/uploads\\\/2020\\\/10\\\/9783836534239.png\",\"contentUrl\":\"https:\\\/\\\/foliobooks.pl\\\/wp-content\\\/uploads\\\/2020\\\/10\\\/9783836534239.png\",\"width\":570,\"height\":708},{\"@type\":\"BreadcrumbList\",\"@id\":\"https:\\\/\\\/foliobooks.pl\\\/en\\\/shop\\\/alfred-wertheimer-elvis-and-the-birth-of-rock-and-roll-2\\\/#breadcrumb\",\"itemListElement\":[{\"@type\":\"ListItem\",\"position\":1,\"name\":\"Strona g\u0142\u00f3wna\",\"item\":\"https:\\\/\\\/foliobooks.pl\\\/en\\\/\"},{\"@type\":\"ListItem\",\"position\":2,\"name\":\"Shop\",\"item\":\"https:\\\/\\\/foliobooks.pl\\\/en\\\/shop\\\/\"},{\"@type\":\"ListItem\",\"position\":3,\"name\":\"Alfred Wertheimer. Elvis and the Birth of Rock and Roll\"}]},{\"@type\":\"WebSite\",\"@id\":\"https:\\\/\\\/foliobooks.pl\\\/en\\\/#website\",\"url\":\"https:\\\/\\\/foliobooks.pl\\\/en\\\/\",\"name\":\"Folio\",\"description\":\"Ksi\u0119garnia internetowa\",\"potentialAction\":[{\"@type\":\"SearchAction\",\"target\":{\"@type\":\"EntryPoint\",\"urlTemplate\":\"https:\\\/\\\/foliobooks.pl\\\/en\\\/?s={search_term_string}\"},\"query-input\":{\"@type\":\"PropertyValueSpecification\",\"valueRequired\":true,\"valueName\":\"search_term_string\"}}],\"inLanguage\":\"en-US\"}]}<\/script>\n<!-- \/ Yoast SEO plugin. -->","yoast_head_json":{"title":"Alfred Wertheimer. Elvis and the Birth of Rock and Roll (Alfred Wertheimer, Chris Murray, Robert Santelli) - book \/ album - Folio","description":"Wejd\u017a i kup ksi\u0105\u017ck\u0119 Alfred Wertheimer. Elvis and the Birth of Rock and Roll autorstwa Alfred Wertheimer, Chris Murray, Robert Santelli wydan\u0105 przez TASCHEN (2013-05-01) w formacie 29 x 39,5 cm (ISBN: 9783836534239). Zapraszamy!","robots":{"index":"index","follow":"follow","max-snippet":"max-snippet:-1","max-image-preview":"max-image-preview:large","max-video-preview":"max-video-preview:-1"},"canonical":"https:\/\/foliobooks.pl\/en\/shop\/alfred-wertheimer-elvis-and-the-birth-of-rock-and-roll-2\/","og_locale":"en_US","og_type":"article","og_title":"Alfred Wertheimer. Elvis and the Birth of Rock and Roll (Alfred Wertheimer, Chris Murray, Robert Santelli) - book \/ album - Folio","og_description":"Wejd\u017a i kup ksi\u0105\u017ck\u0119 Alfred Wertheimer. Elvis and the Birth of Rock and Roll autorstwa Alfred Wertheimer, Chris Murray, Robert Santelli wydan\u0105 przez TASCHEN (2013-05-01) w formacie 29 x 39,5 cm (ISBN: 9783836534239). Zapraszamy!","og_url":"https:\/\/foliobooks.pl\/en\/shop\/alfred-wertheimer-elvis-and-the-birth-of-rock-and-roll-2\/","og_site_name":"Folio","article_modified_time":"2020-10-27T10:25:52+00:00","og_image":[{"width":570,"height":708,"url":"https:\/\/foliobooks.pl\/wp-content\/uploads\/2020\/10\/9783836534239.png","type":"image\/png"}],"twitter_card":"summary_large_image","twitter_misc":{"Est. reading time":"2 minutes"},"schema":{"@context":"https:\/\/schema.org","@graph":[{"@type":"WebPage","@id":"https:\/\/foliobooks.pl\/en\/shop\/alfred-wertheimer-elvis-and-the-birth-of-rock-and-roll-2\/","url":"https:\/\/foliobooks.pl\/en\/shop\/alfred-wertheimer-elvis-and-the-birth-of-rock-and-roll-2\/","name":"Alfred Wertheimer. Elvis and the Birth of Rock and Roll (Alfred Wertheimer, Chris Murray, Robert Santelli) - book \/ album - Folio","isPartOf":{"@id":"https:\/\/foliobooks.pl\/en\/#website"},"primaryImageOfPage":{"@id":"https:\/\/foliobooks.pl\/en\/shop\/alfred-wertheimer-elvis-and-the-birth-of-rock-and-roll-2\/#primaryimage"},"image":{"@id":"https:\/\/foliobooks.pl\/en\/shop\/alfred-wertheimer-elvis-and-the-birth-of-rock-and-roll-2\/#primaryimage"},"thumbnailUrl":"https:\/\/foliobooks.pl\/wp-content\/uploads\/2020\/10\/9783836534239.png","datePublished":"2020-10-23T18:25:38+00:00","dateModified":"2020-10-27T10:25:52+00:00","description":"Wejd\u017a i kup ksi\u0105\u017ck\u0119 Alfred Wertheimer. Elvis and the Birth of Rock and Roll autorstwa Alfred Wertheimer, Chris Murray, Robert Santelli wydan\u0105 przez TASCHEN (2013-05-01) w formacie 29 x 39,5 cm (ISBN: 9783836534239). Zapraszamy!","breadcrumb":{"@id":"https:\/\/foliobooks.pl\/en\/shop\/alfred-wertheimer-elvis-and-the-birth-of-rock-and-roll-2\/#breadcrumb"},"inLanguage":"en-US","potentialAction":[{"@type":"ReadAction","target":["https:\/\/foliobooks.pl\/en\/shop\/alfred-wertheimer-elvis-and-the-birth-of-rock-and-roll-2\/"]}]},{"@type":"ImageObject","inLanguage":"en-US","@id":"https:\/\/foliobooks.pl\/en\/shop\/alfred-wertheimer-elvis-and-the-birth-of-rock-and-roll-2\/#primaryimage","url":"https:\/\/foliobooks.pl\/wp-content\/uploads\/2020\/10\/9783836534239.png","contentUrl":"https:\/\/foliobooks.pl\/wp-content\/uploads\/2020\/10\/9783836534239.png","width":570,"height":708},{"@type":"BreadcrumbList","@id":"https:\/\/foliobooks.pl\/en\/shop\/alfred-wertheimer-elvis-and-the-birth-of-rock-and-roll-2\/#breadcrumb","itemListElement":[{"@type":"ListItem","position":1,"name":"Strona g\u0142\u00f3wna","item":"https:\/\/foliobooks.pl\/en\/"},{"@type":"ListItem","position":2,"name":"Shop","item":"https:\/\/foliobooks.pl\/en\/shop\/"},{"@type":"ListItem","position":3,"name":"Alfred Wertheimer. Elvis and the Birth of Rock and Roll"}]},{"@type":"WebSite","@id":"https:\/\/foliobooks.pl\/en\/#website","url":"https:\/\/foliobooks.pl\/en\/","name":"Folio","description":"Ksi\u0119garnia internetowa","potentialAction":[{"@type":"SearchAction","target":{"@type":"EntryPoint","urlTemplate":"https:\/\/foliobooks.pl\/en\/?s={search_term_string}"},"query-input":{"@type":"PropertyValueSpecification","valueRequired":true,"valueName":"search_term_string"}}],"inLanguage":"en-US"}]}},"_links":{"self":[{"href":"https:\/\/foliobooks.pl\/en\/wp-json\/wp\/v2\/product\/52025","targetHints":{"allow":["GET"]}}],"collection":[{"href":"https:\/\/foliobooks.pl\/en\/wp-json\/wp\/v2\/product"}],"about":[{"href":"https:\/\/foliobooks.pl\/en\/wp-json\/wp\/v2\/types\/product"}],"replies":[{"embeddable":true,"href":"https:\/\/foliobooks.pl\/en\/wp-json\/wp\/v2\/comments?post=52025"}],"wp:featuredmedia":[{"embeddable":true,"href":"https:\/\/foliobooks.pl\/en\/wp-json\/wp\/v2\/media\/52135"}],"wp:attachment":[{"href":"https:\/\/foliobooks.pl\/en\/wp-json\/wp\/v2\/media?parent=52025"}],"wp:term":[{"taxonomy":"product_brand","embeddable":true,"href":"https:\/\/foliobooks.pl\/en\/wp-json\/wp\/v2\/product_brand?post=52025"},{"taxonomy":"product_cat","embeddable":true,"href":"https:\/\/foliobooks.pl\/en\/wp-json\/wp\/v2\/product_cat?post=52025"},{"taxonomy":"product_tag","embeddable":true,"href":"https:\/\/foliobooks.pl\/en\/wp-json\/wp\/v2\/product_tag?post=52025"}],"curies":[{"name":"wp","href":"https:\/\/api.w.org\/{rel}","templated":true}]}}