{"id":52006,"date":"2020-10-23T11:56:53","date_gmt":"2020-10-23T09:56:53","guid":{"rendered":"https:\/\/foliobooks.pl\/?post_type=product&#038;p=52006"},"modified":"2025-12-22T11:49:08","modified_gmt":"2025-12-22T10:49:08","slug":"jean-michel-basquiat-2","status":"publish","type":"product","link":"https:\/\/foliobooks.pl\/en\/shop\/jean-michel-basquiat-2\/","title":{"rendered":"Jean-Michel Basquiat"},"content":{"rendered":"<p>Get up close to the bold brushwork and scribbled words of Jean-Michel Basquiat, one of the most successful artists of his time. This XXL-sized monograph gathers Basquiat\u2019s major works in pristine reproduction. Texts by editor Hans Werner Holzwarth and curator and art historian Eleanor Nairne introduce us to a legend synonymous with 1980s New York.<\/p>\n<p>The legend of Jean-Michel Basquiat is as strong as ever. Synonymous with New York in the 1980s, the artist first appeared in the late 1970s under the tag SAMO, spraying caustic comments and fragmented poems on the walls of the city. He appeared as part of a thriving underground scene of visual arts and graffiti, hip hop, post-punk, and DIY filmmaking, which met in a booming art world. As a painter with a strong personal voice, Basquiat soon broke into the established milieu, exhibiting in galleries around the world.<\/p>\n<p>Basquiat\u2019s expressive style was based on raw figures and integrated words and phrases. His work is inspired by a pantheon of luminaries from jazz, boxing, and basketball, with references to arcane history and the politics of street life\u2014so when asked about his subject matter, Basquiat answered \u201croyalty, heroism and the streets.\u201d In 1983 he started collaborating with the most famous of art stars, Andy Warhol, and in 1985 was on the cover of The New York Times Magazine. When Basquiat died at the age of 27, he had become one of the most successful artists of his time.<\/p>\n<p>This book allows an unprecedented insight into Basquiat\u2019s art, with pristine reproductions of his most seminal paintings, drawings, and notebook sketches. In large-scale format, the book offers vivid proximity to Basquiat\u2019s intricate marks and scribbled words, further illuminated by an introduction to the artist from editor Hans Werner Holzwarth, as well as an essay on his themes and artistic development from curator and art historian Eleanor Nairne. Richly illustrated year-by-year chapter breaks follow the artist\u2019s life and quote from his own statements and contemporary reviews to provide both personal background and historical context.<\/p>\n","protected":false},"excerpt":{"rendered":"<p>Get up close to the bold brushwork and scribbled words of Jean-Michel Basquiat, one of the most successful artists of his time. This XXL-sized monograph gathers Basquiat\u2019s major works in pristine reproduction. Texts by editor Hans Werner Holzwarth and curator and art historian Eleanor Nairne introduce us to a legend synonymous with 1980s New York&#8230;.<\/p>\n","protected":false},"featured_media":52121,"comment_status":"closed","ping_status":"closed","template":"","meta":[],"product_brand":[],"product_cat":[4522,13533],"product_tag":[10664,979,6180,12927,524,2820,11490],"class_list":{"0":"post-52006","1":"product","2":"type-product","3":"status-publish","4":"has-post-thumbnail","6":"product_cat-art-en","7":"product_cat-books","8":"product_tag-america-en","9":"product_tag-contemporary-art-en","10":"product_tag-drawing","11":"product_tag-neo-expressionism-en","12":"product_tag-painting-en","13":"product_tag-street-art-en","14":"product_tag-united-states-en","15":"pa_author_att-eleanor-nairne-en","16":"pa_author_att-hans-werner-holzwarth-en","17":"pa_cover-hardcover","18":"pa_format-29-x-395-cm-en","19":"pa_isbn-9783836550376-en","20":"pa_language-eng","21":"pa_pages-500-en","22":"pa_published-2018-10-26-en","23":"pa_publisher-taschen-en-en","25":"first","26":"outofstock","27":"sold-individually","28":"shipping-taxable","29":"purchasable","30":"product-type-simple"},"yoast_head":"<!-- This site is optimized with the Yoast SEO plugin v27.4 - https:\/\/yoast.com\/product\/yoast-seo-wordpress\/ -->\n<title>Jean-Michel Basquiat (Eleanor Nairne, Hans Werner Holzwarth) - book \/ album - Folio<\/title>\n<meta name=\"description\" content=\"Wejd\u017a i kup ksi\u0105\u017ck\u0119 Jean-Michel Basquiat autorstwa Eleanor Nairne, Hans Werner Holzwarth wydan\u0105 przez TASCHEN (2018-10-26) w formacie 29 x 39,5 cm (ISBN: 9783836550376). Zapraszamy!\" \/>\n<meta name=\"robots\" content=\"index, follow, max-snippet:-1, max-image-preview:large, max-video-preview:-1\" \/>\n<link rel=\"canonical\" href=\"https:\/\/foliobooks.pl\/en\/shop\/jean-michel-basquiat-2\/\" \/>\n<meta property=\"og:locale\" content=\"en_US\" \/>\n<meta property=\"og:type\" content=\"article\" \/>\n<meta property=\"og:title\" content=\"Jean-Michel Basquiat (Eleanor Nairne, Hans Werner Holzwarth) - book \/ album - Folio\" \/>\n<meta property=\"og:description\" content=\"Wejd\u017a i kup ksi\u0105\u017ck\u0119 Jean-Michel Basquiat autorstwa Eleanor Nairne, Hans Werner Holzwarth wydan\u0105 przez TASCHEN (2018-10-26) w formacie 29 x 39,5 cm (ISBN: 9783836550376). Zapraszamy!\" \/>\n<meta property=\"og:url\" content=\"https:\/\/foliobooks.pl\/en\/shop\/jean-michel-basquiat-2\/\" \/>\n<meta property=\"og:site_name\" content=\"Folio\" \/>\n<meta property=\"article:modified_time\" content=\"2025-12-22T10:49:08+00:00\" \/>\n<meta property=\"og:image\" content=\"https:\/\/foliobooks.pl\/wp-content\/uploads\/2020\/10\/9783836550376.png\" \/>\n\t<meta property=\"og:image:width\" content=\"570\" \/>\n\t<meta property=\"og:image:height\" content=\"708\" \/>\n\t<meta property=\"og:image:type\" content=\"image\/png\" \/>\n<meta name=\"twitter:card\" content=\"summary_large_image\" \/>\n<meta name=\"twitter:label1\" content=\"Est. reading time\" \/>\n\t<meta name=\"twitter:data1\" content=\"2 minutes\" \/>\n<script type=\"application\/ld+json\" class=\"yoast-schema-graph\">{\"@context\":\"https:\\\/\\\/schema.org\",\"@graph\":[{\"@type\":\"WebPage\",\"@id\":\"https:\\\/\\\/foliobooks.pl\\\/en\\\/shop\\\/jean-michel-basquiat-2\\\/\",\"url\":\"https:\\\/\\\/foliobooks.pl\\\/en\\\/shop\\\/jean-michel-basquiat-2\\\/\",\"name\":\"Jean-Michel Basquiat (Eleanor Nairne, Hans Werner Holzwarth) - book \\\/ album - Folio\",\"isPartOf\":{\"@id\":\"https:\\\/\\\/foliobooks.pl\\\/en\\\/#website\"},\"primaryImageOfPage\":{\"@id\":\"https:\\\/\\\/foliobooks.pl\\\/en\\\/shop\\\/jean-michel-basquiat-2\\\/#primaryimage\"},\"image\":{\"@id\":\"https:\\\/\\\/foliobooks.pl\\\/en\\\/shop\\\/jean-michel-basquiat-2\\\/#primaryimage\"},\"thumbnailUrl\":\"https:\\\/\\\/foliobooks.pl\\\/wp-content\\\/uploads\\\/2020\\\/10\\\/9783836550376.png\",\"datePublished\":\"2020-10-23T09:56:53+00:00\",\"dateModified\":\"2025-12-22T10:49:08+00:00\",\"description\":\"Wejd\u017a i kup ksi\u0105\u017ck\u0119 Jean-Michel Basquiat autorstwa Eleanor Nairne, Hans Werner Holzwarth wydan\u0105 przez TASCHEN (2018-10-26) w formacie 29 x 39,5 cm (ISBN: 9783836550376). Zapraszamy!\",\"breadcrumb\":{\"@id\":\"https:\\\/\\\/foliobooks.pl\\\/en\\\/shop\\\/jean-michel-basquiat-2\\\/#breadcrumb\"},\"inLanguage\":\"en-US\",\"potentialAction\":[{\"@type\":\"ReadAction\",\"target\":[\"https:\\\/\\\/foliobooks.pl\\\/en\\\/shop\\\/jean-michel-basquiat-2\\\/\"]}]},{\"@type\":\"ImageObject\",\"inLanguage\":\"en-US\",\"@id\":\"https:\\\/\\\/foliobooks.pl\\\/en\\\/shop\\\/jean-michel-basquiat-2\\\/#primaryimage\",\"url\":\"https:\\\/\\\/foliobooks.pl\\\/wp-content\\\/uploads\\\/2020\\\/10\\\/9783836550376.png\",\"contentUrl\":\"https:\\\/\\\/foliobooks.pl\\\/wp-content\\\/uploads\\\/2020\\\/10\\\/9783836550376.png\",\"width\":570,\"height\":708},{\"@type\":\"BreadcrumbList\",\"@id\":\"https:\\\/\\\/foliobooks.pl\\\/en\\\/shop\\\/jean-michel-basquiat-2\\\/#breadcrumb\",\"itemListElement\":[{\"@type\":\"ListItem\",\"position\":1,\"name\":\"Strona g\u0142\u00f3wna\",\"item\":\"https:\\\/\\\/foliobooks.pl\\\/en\\\/\"},{\"@type\":\"ListItem\",\"position\":2,\"name\":\"Shop\",\"item\":\"https:\\\/\\\/foliobooks.pl\\\/en\\\/shop\\\/\"},{\"@type\":\"ListItem\",\"position\":3,\"name\":\"Jean-Michel Basquiat\"}]},{\"@type\":\"WebSite\",\"@id\":\"https:\\\/\\\/foliobooks.pl\\\/en\\\/#website\",\"url\":\"https:\\\/\\\/foliobooks.pl\\\/en\\\/\",\"name\":\"Folio\",\"description\":\"Ksi\u0119garnia internetowa\",\"potentialAction\":[{\"@type\":\"SearchAction\",\"target\":{\"@type\":\"EntryPoint\",\"urlTemplate\":\"https:\\\/\\\/foliobooks.pl\\\/en\\\/?s={search_term_string}\"},\"query-input\":{\"@type\":\"PropertyValueSpecification\",\"valueRequired\":true,\"valueName\":\"search_term_string\"}}],\"inLanguage\":\"en-US\"}]}<\/script>\n<!-- \/ Yoast SEO plugin. -->","yoast_head_json":{"title":"Jean-Michel Basquiat (Eleanor Nairne, Hans Werner Holzwarth) - book \/ album - Folio","description":"Wejd\u017a i kup ksi\u0105\u017ck\u0119 Jean-Michel Basquiat autorstwa Eleanor Nairne, Hans Werner Holzwarth wydan\u0105 przez TASCHEN (2018-10-26) w formacie 29 x 39,5 cm (ISBN: 9783836550376). Zapraszamy!","robots":{"index":"index","follow":"follow","max-snippet":"max-snippet:-1","max-image-preview":"max-image-preview:large","max-video-preview":"max-video-preview:-1"},"canonical":"https:\/\/foliobooks.pl\/en\/shop\/jean-michel-basquiat-2\/","og_locale":"en_US","og_type":"article","og_title":"Jean-Michel Basquiat (Eleanor Nairne, Hans Werner Holzwarth) - book \/ album - Folio","og_description":"Wejd\u017a i kup ksi\u0105\u017ck\u0119 Jean-Michel Basquiat autorstwa Eleanor Nairne, Hans Werner Holzwarth wydan\u0105 przez TASCHEN (2018-10-26) w formacie 29 x 39,5 cm (ISBN: 9783836550376). Zapraszamy!","og_url":"https:\/\/foliobooks.pl\/en\/shop\/jean-michel-basquiat-2\/","og_site_name":"Folio","article_modified_time":"2025-12-22T10:49:08+00:00","og_image":[{"width":570,"height":708,"url":"https:\/\/foliobooks.pl\/wp-content\/uploads\/2020\/10\/9783836550376.png","type":"image\/png"}],"twitter_card":"summary_large_image","twitter_misc":{"Est. reading time":"2 minutes"},"schema":{"@context":"https:\/\/schema.org","@graph":[{"@type":"WebPage","@id":"https:\/\/foliobooks.pl\/en\/shop\/jean-michel-basquiat-2\/","url":"https:\/\/foliobooks.pl\/en\/shop\/jean-michel-basquiat-2\/","name":"Jean-Michel Basquiat (Eleanor Nairne, Hans Werner Holzwarth) - book \/ album - Folio","isPartOf":{"@id":"https:\/\/foliobooks.pl\/en\/#website"},"primaryImageOfPage":{"@id":"https:\/\/foliobooks.pl\/en\/shop\/jean-michel-basquiat-2\/#primaryimage"},"image":{"@id":"https:\/\/foliobooks.pl\/en\/shop\/jean-michel-basquiat-2\/#primaryimage"},"thumbnailUrl":"https:\/\/foliobooks.pl\/wp-content\/uploads\/2020\/10\/9783836550376.png","datePublished":"2020-10-23T09:56:53+00:00","dateModified":"2025-12-22T10:49:08+00:00","description":"Wejd\u017a i kup ksi\u0105\u017ck\u0119 Jean-Michel Basquiat autorstwa Eleanor Nairne, Hans Werner Holzwarth wydan\u0105 przez TASCHEN (2018-10-26) w formacie 29 x 39,5 cm (ISBN: 9783836550376). Zapraszamy!","breadcrumb":{"@id":"https:\/\/foliobooks.pl\/en\/shop\/jean-michel-basquiat-2\/#breadcrumb"},"inLanguage":"en-US","potentialAction":[{"@type":"ReadAction","target":["https:\/\/foliobooks.pl\/en\/shop\/jean-michel-basquiat-2\/"]}]},{"@type":"ImageObject","inLanguage":"en-US","@id":"https:\/\/foliobooks.pl\/en\/shop\/jean-michel-basquiat-2\/#primaryimage","url":"https:\/\/foliobooks.pl\/wp-content\/uploads\/2020\/10\/9783836550376.png","contentUrl":"https:\/\/foliobooks.pl\/wp-content\/uploads\/2020\/10\/9783836550376.png","width":570,"height":708},{"@type":"BreadcrumbList","@id":"https:\/\/foliobooks.pl\/en\/shop\/jean-michel-basquiat-2\/#breadcrumb","itemListElement":[{"@type":"ListItem","position":1,"name":"Strona g\u0142\u00f3wna","item":"https:\/\/foliobooks.pl\/en\/"},{"@type":"ListItem","position":2,"name":"Shop","item":"https:\/\/foliobooks.pl\/en\/shop\/"},{"@type":"ListItem","position":3,"name":"Jean-Michel Basquiat"}]},{"@type":"WebSite","@id":"https:\/\/foliobooks.pl\/en\/#website","url":"https:\/\/foliobooks.pl\/en\/","name":"Folio","description":"Ksi\u0119garnia internetowa","potentialAction":[{"@type":"SearchAction","target":{"@type":"EntryPoint","urlTemplate":"https:\/\/foliobooks.pl\/en\/?s={search_term_string}"},"query-input":{"@type":"PropertyValueSpecification","valueRequired":true,"valueName":"search_term_string"}}],"inLanguage":"en-US"}]}},"_links":{"self":[{"href":"https:\/\/foliobooks.pl\/en\/wp-json\/wp\/v2\/product\/52006","targetHints":{"allow":["GET"]}}],"collection":[{"href":"https:\/\/foliobooks.pl\/en\/wp-json\/wp\/v2\/product"}],"about":[{"href":"https:\/\/foliobooks.pl\/en\/wp-json\/wp\/v2\/types\/product"}],"replies":[{"embeddable":true,"href":"https:\/\/foliobooks.pl\/en\/wp-json\/wp\/v2\/comments?post=52006"}],"wp:featuredmedia":[{"embeddable":true,"href":"https:\/\/foliobooks.pl\/en\/wp-json\/wp\/v2\/media\/52121"}],"wp:attachment":[{"href":"https:\/\/foliobooks.pl\/en\/wp-json\/wp\/v2\/media?parent=52006"}],"wp:term":[{"taxonomy":"product_brand","embeddable":true,"href":"https:\/\/foliobooks.pl\/en\/wp-json\/wp\/v2\/product_brand?post=52006"},{"taxonomy":"product_cat","embeddable":true,"href":"https:\/\/foliobooks.pl\/en\/wp-json\/wp\/v2\/product_cat?post=52006"},{"taxonomy":"product_tag","embeddable":true,"href":"https:\/\/foliobooks.pl\/en\/wp-json\/wp\/v2\/product_tag?post=52006"}],"curies":[{"name":"wp","href":"https:\/\/api.w.org\/{rel}","templated":true}]}}