{"id":52000,"date":"2020-10-27T10:47:11","date_gmt":"2020-10-27T09:47:11","guid":{"rendered":"https:\/\/foliobooks.pl\/?post_type=product&#038;p=52000"},"modified":"2024-12-09T17:03:12","modified_gmt":"2024-12-09T16:03:12","slug":"freydal-medieval-games-the-book-of-tournaments-of-emperor-maximilian-i","status":"publish","type":"product","link":"https:\/\/foliobooks.pl\/en\/shop\/freydal-medieval-games-the-book-of-tournaments-of-emperor-maximilian-i\/","title":{"rendered":"Freydal. Medieval Games. The Book of Tournaments of Emperor Maximilian I"},"content":{"rendered":"<p>Named after Maximilian I\u2019s literary alter ego, Freydal is the largest extant tournament book of the Late Middle Ages, inscribed in the UNESCO Memory of the World program. This publication from Vienna\u2019s Kunsthistorisches Museum commemorates the 500th anniversary of Maximilian\u2019s death, combining for the first time all 255 gold- and silver-heightened miniatures with an introductory essay and explanatory texts.<\/p>\n<p>Emperor Maximilian I (1459-1519) treated the spectacle of his tournaments, hastiludes, and mummeries as an art form unto itself. One of modern Europe\u2019s most important sovereigns, he shaped the continent\u2019s political map well into the 20th century, not least due to his keen awareness of the power of a good public display towards diplomacy and networking.<\/p>\n<p>From 1512 to 1515, Maximilian commissioned a massive, exquisitely detailed and illustrated manuscript of the 64 tournaments. The 255 elaborately gilt and silvered miniatures were more than just a collection of jousting scenes from the Habsburg court\u2014from the grand melee and tilting at the lists to foot combat and closing ceremonies\u2014they were an allegorical epic telling the story of an intrepid hero, a knight errant who is no other than Maximilian himself. In the guise of his literary alter ego \u201cFreydal\u201d, the Emperor jousted to prove his love for a noble lady. The story ends with the lady agreeing to marry him\u2014she is no other than Mary of Burgundy, whom Maximilian wed in 1477 at Ghent.<\/p>\n<p>Produced under the direct supervision of Maximilian himself, Freydal is an invaluable record of late-medieval chivalry, one which introduces us to the jousts that the Emperor revived and even invented\u2014such as the spectacular Rennen mit geschifften Tartschen, where shields would be catapulted into the sky and disintegrated into metal wedges. To this day, it remains the largest extant tournament book from the Late Middle Ages and the essential source on European courtly festivities of the early modern era. Much too fragile to be on permanent display, the miniatures are safely locked away in the vaults of the Kunsthistorisches Museum in Vienna.<\/p>\n<p>To commemorate the fifth centenary of Emperor Maximilian I\u2019s death, TASCHEN reproduces the complete 255 miniatures in full-color photographs, making the unique manuscript accessible to all for the very first time. The astounding collection is introduced by Stefan Krause, director of the Kunsthistorisches Museum\u2019s Imperial Armoury, who tells its fascinating story.<\/p>\n","protected":false},"excerpt":{"rendered":"<p>Named after Maximilian I\u2019s literary alter ego, Freydal is the largest extant tournament book of the Late Middle Ages, inscribed in the UNESCO Memory of the World program. This publication from Vienna\u2019s Kunsthistorisches Museum commemorates the 500th anniversary of Maximilian\u2019s death, combining for the first time all 255 gold- and silver-heightened miniatures with an introductory&#8230;<\/p>\n","protected":false},"featured_media":52063,"comment_status":"closed","ping_status":"closed","template":"","meta":[],"product_brand":[],"product_cat":[4522,13533,4521],"product_tag":[2767,12454,11447,1681,1649,13112,11546,11518,6695,6463,1488],"class_list":{"0":"post-52000","1":"product","2":"type-product","3":"status-publish","4":"has-post-thumbnail","6":"product_cat-art-en","7":"product_cat-books","8":"product_cat-silva-rerum-en-en","9":"product_tag-art-history","10":"product_tag-documents-en","11":"product_tag-germany-en","12":"product_tag-history","13":"product_tag-illustration","14":"product_tag-manuscripts-en","15":"product_tag-memorabilia-en","16":"product_tag-middle-ages-en","17":"product_tag-monuments","18":"product_tag-old-arts","19":"product_tag-sport-en","20":"pa_author_att-stefan-krause-en","21":"pa_cover-hardcover","22":"pa_format-36-x-36-cm-en","23":"pa_isbn-9783836576819-en","24":"pa_language-eng-f-ger","25":"pa_pages-448-en","26":"pa_published-2019-05-05-en","27":"pa_publisher-taschen-en-en","29":"first","30":"instock","31":"sold-individually","32":"shipping-taxable","33":"purchasable","34":"product-type-simple"},"yoast_head":"<!-- This site is optimized with the Yoast SEO plugin v27.4 - https:\/\/yoast.com\/product\/yoast-seo-wordpress\/ -->\n<title>Freydal. Medieval Games. The Book of Tournaments of Emperor Maximilian I (Stefan Krause) - book \/ album - Folio<\/title>\n<meta name=\"description\" content=\"Wejd\u017a i kup ksi\u0105\u017ck\u0119 Freydal. Medieval Games. The Book of Tournaments of Emperor Maximilian I autorstwa Stefan Krause wydan\u0105 przez TASCHEN (2019-05-05) w formacie 36 x 36 cm (ISBN: 9783836576819). Zapraszamy!\" \/>\n<meta name=\"robots\" content=\"index, follow, max-snippet:-1, max-image-preview:large, max-video-preview:-1\" \/>\n<link rel=\"canonical\" href=\"https:\/\/foliobooks.pl\/en\/shop\/freydal-medieval-games-the-book-of-tournaments-of-emperor-maximilian-i\/\" \/>\n<meta property=\"og:locale\" content=\"en_US\" \/>\n<meta property=\"og:type\" content=\"article\" \/>\n<meta property=\"og:title\" content=\"Freydal. Medieval Games. The Book of Tournaments of Emperor Maximilian I (Stefan Krause) - book \/ album - Folio\" \/>\n<meta property=\"og:description\" content=\"Wejd\u017a i kup ksi\u0105\u017ck\u0119 Freydal. Medieval Games. The Book of Tournaments of Emperor Maximilian I autorstwa Stefan Krause wydan\u0105 przez TASCHEN (2019-05-05) w formacie 36 x 36 cm (ISBN: 9783836576819). Zapraszamy!\" \/>\n<meta property=\"og:url\" content=\"https:\/\/foliobooks.pl\/en\/shop\/freydal-medieval-games-the-book-of-tournaments-of-emperor-maximilian-i\/\" \/>\n<meta property=\"og:site_name\" content=\"Folio\" \/>\n<meta property=\"article:modified_time\" content=\"2024-12-09T16:03:12+00:00\" \/>\n<meta property=\"og:image\" content=\"https:\/\/foliobooks.pl\/wp-content\/uploads\/2020\/10\/9783836576819.png\" \/>\n\t<meta property=\"og:image:width\" content=\"570\" \/>\n\t<meta property=\"og:image:height\" content=\"708\" \/>\n\t<meta property=\"og:image:type\" content=\"image\/png\" \/>\n<meta name=\"twitter:card\" content=\"summary_large_image\" \/>\n<meta name=\"twitter:label1\" content=\"Est. reading time\" \/>\n\t<meta name=\"twitter:data1\" content=\"2 minutes\" \/>\n<script type=\"application\/ld+json\" class=\"yoast-schema-graph\">{\"@context\":\"https:\\\/\\\/schema.org\",\"@graph\":[{\"@type\":\"WebPage\",\"@id\":\"https:\\\/\\\/foliobooks.pl\\\/en\\\/shop\\\/freydal-medieval-games-the-book-of-tournaments-of-emperor-maximilian-i\\\/\",\"url\":\"https:\\\/\\\/foliobooks.pl\\\/en\\\/shop\\\/freydal-medieval-games-the-book-of-tournaments-of-emperor-maximilian-i\\\/\",\"name\":\"Freydal. Medieval Games. The Book of Tournaments of Emperor Maximilian I (Stefan Krause) - book \\\/ album - Folio\",\"isPartOf\":{\"@id\":\"https:\\\/\\\/foliobooks.pl\\\/en\\\/#website\"},\"primaryImageOfPage\":{\"@id\":\"https:\\\/\\\/foliobooks.pl\\\/en\\\/shop\\\/freydal-medieval-games-the-book-of-tournaments-of-emperor-maximilian-i\\\/#primaryimage\"},\"image\":{\"@id\":\"https:\\\/\\\/foliobooks.pl\\\/en\\\/shop\\\/freydal-medieval-games-the-book-of-tournaments-of-emperor-maximilian-i\\\/#primaryimage\"},\"thumbnailUrl\":\"https:\\\/\\\/foliobooks.pl\\\/wp-content\\\/uploads\\\/2020\\\/10\\\/9783836576819.png\",\"datePublished\":\"2020-10-27T09:47:11+00:00\",\"dateModified\":\"2024-12-09T16:03:12+00:00\",\"description\":\"Wejd\u017a i kup ksi\u0105\u017ck\u0119 Freydal. Medieval Games. The Book of Tournaments of Emperor Maximilian I autorstwa Stefan Krause wydan\u0105 przez TASCHEN (2019-05-05) w formacie 36 x 36 cm (ISBN: 9783836576819). Zapraszamy!\",\"breadcrumb\":{\"@id\":\"https:\\\/\\\/foliobooks.pl\\\/en\\\/shop\\\/freydal-medieval-games-the-book-of-tournaments-of-emperor-maximilian-i\\\/#breadcrumb\"},\"inLanguage\":\"en-US\",\"potentialAction\":[{\"@type\":\"ReadAction\",\"target\":[\"https:\\\/\\\/foliobooks.pl\\\/en\\\/shop\\\/freydal-medieval-games-the-book-of-tournaments-of-emperor-maximilian-i\\\/\"]}]},{\"@type\":\"ImageObject\",\"inLanguage\":\"en-US\",\"@id\":\"https:\\\/\\\/foliobooks.pl\\\/en\\\/shop\\\/freydal-medieval-games-the-book-of-tournaments-of-emperor-maximilian-i\\\/#primaryimage\",\"url\":\"https:\\\/\\\/foliobooks.pl\\\/wp-content\\\/uploads\\\/2020\\\/10\\\/9783836576819.png\",\"contentUrl\":\"https:\\\/\\\/foliobooks.pl\\\/wp-content\\\/uploads\\\/2020\\\/10\\\/9783836576819.png\",\"width\":570,\"height\":708},{\"@type\":\"BreadcrumbList\",\"@id\":\"https:\\\/\\\/foliobooks.pl\\\/en\\\/shop\\\/freydal-medieval-games-the-book-of-tournaments-of-emperor-maximilian-i\\\/#breadcrumb\",\"itemListElement\":[{\"@type\":\"ListItem\",\"position\":1,\"name\":\"Strona g\u0142\u00f3wna\",\"item\":\"https:\\\/\\\/foliobooks.pl\\\/en\\\/\"},{\"@type\":\"ListItem\",\"position\":2,\"name\":\"Shop\",\"item\":\"https:\\\/\\\/foliobooks.pl\\\/en\\\/shop\\\/\"},{\"@type\":\"ListItem\",\"position\":3,\"name\":\"Freydal. Medieval Games. The Book of Tournaments of Emperor Maximilian I\"}]},{\"@type\":\"WebSite\",\"@id\":\"https:\\\/\\\/foliobooks.pl\\\/en\\\/#website\",\"url\":\"https:\\\/\\\/foliobooks.pl\\\/en\\\/\",\"name\":\"Folio\",\"description\":\"Ksi\u0119garnia internetowa\",\"potentialAction\":[{\"@type\":\"SearchAction\",\"target\":{\"@type\":\"EntryPoint\",\"urlTemplate\":\"https:\\\/\\\/foliobooks.pl\\\/en\\\/?s={search_term_string}\"},\"query-input\":{\"@type\":\"PropertyValueSpecification\",\"valueRequired\":true,\"valueName\":\"search_term_string\"}}],\"inLanguage\":\"en-US\"}]}<\/script>\n<!-- \/ Yoast SEO plugin. -->","yoast_head_json":{"title":"Freydal. Medieval Games. The Book of Tournaments of Emperor Maximilian I (Stefan Krause) - book \/ album - Folio","description":"Wejd\u017a i kup ksi\u0105\u017ck\u0119 Freydal. Medieval Games. The Book of Tournaments of Emperor Maximilian I autorstwa Stefan Krause wydan\u0105 przez TASCHEN (2019-05-05) w formacie 36 x 36 cm (ISBN: 9783836576819). Zapraszamy!","robots":{"index":"index","follow":"follow","max-snippet":"max-snippet:-1","max-image-preview":"max-image-preview:large","max-video-preview":"max-video-preview:-1"},"canonical":"https:\/\/foliobooks.pl\/en\/shop\/freydal-medieval-games-the-book-of-tournaments-of-emperor-maximilian-i\/","og_locale":"en_US","og_type":"article","og_title":"Freydal. Medieval Games. The Book of Tournaments of Emperor Maximilian I (Stefan Krause) - book \/ album - Folio","og_description":"Wejd\u017a i kup ksi\u0105\u017ck\u0119 Freydal. Medieval Games. The Book of Tournaments of Emperor Maximilian I autorstwa Stefan Krause wydan\u0105 przez TASCHEN (2019-05-05) w formacie 36 x 36 cm (ISBN: 9783836576819). Zapraszamy!","og_url":"https:\/\/foliobooks.pl\/en\/shop\/freydal-medieval-games-the-book-of-tournaments-of-emperor-maximilian-i\/","og_site_name":"Folio","article_modified_time":"2024-12-09T16:03:12+00:00","og_image":[{"width":570,"height":708,"url":"https:\/\/foliobooks.pl\/wp-content\/uploads\/2020\/10\/9783836576819.png","type":"image\/png"}],"twitter_card":"summary_large_image","twitter_misc":{"Est. reading time":"2 minutes"},"schema":{"@context":"https:\/\/schema.org","@graph":[{"@type":"WebPage","@id":"https:\/\/foliobooks.pl\/en\/shop\/freydal-medieval-games-the-book-of-tournaments-of-emperor-maximilian-i\/","url":"https:\/\/foliobooks.pl\/en\/shop\/freydal-medieval-games-the-book-of-tournaments-of-emperor-maximilian-i\/","name":"Freydal. Medieval Games. The Book of Tournaments of Emperor Maximilian I (Stefan Krause) - book \/ album - Folio","isPartOf":{"@id":"https:\/\/foliobooks.pl\/en\/#website"},"primaryImageOfPage":{"@id":"https:\/\/foliobooks.pl\/en\/shop\/freydal-medieval-games-the-book-of-tournaments-of-emperor-maximilian-i\/#primaryimage"},"image":{"@id":"https:\/\/foliobooks.pl\/en\/shop\/freydal-medieval-games-the-book-of-tournaments-of-emperor-maximilian-i\/#primaryimage"},"thumbnailUrl":"https:\/\/foliobooks.pl\/wp-content\/uploads\/2020\/10\/9783836576819.png","datePublished":"2020-10-27T09:47:11+00:00","dateModified":"2024-12-09T16:03:12+00:00","description":"Wejd\u017a i kup ksi\u0105\u017ck\u0119 Freydal. Medieval Games. The Book of Tournaments of Emperor Maximilian I autorstwa Stefan Krause wydan\u0105 przez TASCHEN (2019-05-05) w formacie 36 x 36 cm (ISBN: 9783836576819). Zapraszamy!","breadcrumb":{"@id":"https:\/\/foliobooks.pl\/en\/shop\/freydal-medieval-games-the-book-of-tournaments-of-emperor-maximilian-i\/#breadcrumb"},"inLanguage":"en-US","potentialAction":[{"@type":"ReadAction","target":["https:\/\/foliobooks.pl\/en\/shop\/freydal-medieval-games-the-book-of-tournaments-of-emperor-maximilian-i\/"]}]},{"@type":"ImageObject","inLanguage":"en-US","@id":"https:\/\/foliobooks.pl\/en\/shop\/freydal-medieval-games-the-book-of-tournaments-of-emperor-maximilian-i\/#primaryimage","url":"https:\/\/foliobooks.pl\/wp-content\/uploads\/2020\/10\/9783836576819.png","contentUrl":"https:\/\/foliobooks.pl\/wp-content\/uploads\/2020\/10\/9783836576819.png","width":570,"height":708},{"@type":"BreadcrumbList","@id":"https:\/\/foliobooks.pl\/en\/shop\/freydal-medieval-games-the-book-of-tournaments-of-emperor-maximilian-i\/#breadcrumb","itemListElement":[{"@type":"ListItem","position":1,"name":"Strona g\u0142\u00f3wna","item":"https:\/\/foliobooks.pl\/en\/"},{"@type":"ListItem","position":2,"name":"Shop","item":"https:\/\/foliobooks.pl\/en\/shop\/"},{"@type":"ListItem","position":3,"name":"Freydal. Medieval Games. The Book of Tournaments of Emperor Maximilian I"}]},{"@type":"WebSite","@id":"https:\/\/foliobooks.pl\/en\/#website","url":"https:\/\/foliobooks.pl\/en\/","name":"Folio","description":"Ksi\u0119garnia internetowa","potentialAction":[{"@type":"SearchAction","target":{"@type":"EntryPoint","urlTemplate":"https:\/\/foliobooks.pl\/en\/?s={search_term_string}"},"query-input":{"@type":"PropertyValueSpecification","valueRequired":true,"valueName":"search_term_string"}}],"inLanguage":"en-US"}]}},"_links":{"self":[{"href":"https:\/\/foliobooks.pl\/en\/wp-json\/wp\/v2\/product\/52000","targetHints":{"allow":["GET"]}}],"collection":[{"href":"https:\/\/foliobooks.pl\/en\/wp-json\/wp\/v2\/product"}],"about":[{"href":"https:\/\/foliobooks.pl\/en\/wp-json\/wp\/v2\/types\/product"}],"replies":[{"embeddable":true,"href":"https:\/\/foliobooks.pl\/en\/wp-json\/wp\/v2\/comments?post=52000"}],"wp:featuredmedia":[{"embeddable":true,"href":"https:\/\/foliobooks.pl\/en\/wp-json\/wp\/v2\/media\/52063"}],"wp:attachment":[{"href":"https:\/\/foliobooks.pl\/en\/wp-json\/wp\/v2\/media?parent=52000"}],"wp:term":[{"taxonomy":"product_brand","embeddable":true,"href":"https:\/\/foliobooks.pl\/en\/wp-json\/wp\/v2\/product_brand?post=52000"},{"taxonomy":"product_cat","embeddable":true,"href":"https:\/\/foliobooks.pl\/en\/wp-json\/wp\/v2\/product_cat?post=52000"},{"taxonomy":"product_tag","embeddable":true,"href":"https:\/\/foliobooks.pl\/en\/wp-json\/wp\/v2\/product_tag?post=52000"}],"curies":[{"name":"wp","href":"https:\/\/api.w.org\/{rel}","templated":true}]}}