{"id":51776,"date":"2020-09-22T12:45:53","date_gmt":"2020-09-22T10:45:53","guid":{"rendered":"https:\/\/foliobooks.pl\/?post_type=product&#038;p=51776"},"modified":"2022-12-13T12:31:19","modified_gmt":"2022-12-13T11:31:19","slug":"miguel-rio-branco-maldicidade","status":"publish","type":"product","link":"https:\/\/foliobooks.pl\/en\/shop\/miguel-rio-branco-maldicidade\/","title":{"rendered":"Miguel Rio Branco. Maldicidade"},"content":{"rendered":"<p>Miguel Rio Branco unites more than four decades of work across several major cities into one astonishing poetic statement on urban life. Eschewing city landmarks or aspirational ideals, Rio Branco turns his lens to common threads of struggle in metropolises around the globe. Maldicidade is a collection in which all urban dwellers will find something of themselves, or something they long to escape.<\/p>\n<p>In Maldicidade, the city never sleeps. By dawn or dusk, in New York, Havana, Salvador da Bahia, or Tokyo, it is an environment fraught with yearning, aching with solitude, and fretful with fortunes never made. This searing urban portrait from visual artist Miguel Rio Branco draws upon his itinerant early years as the son of diplomats to reveal the common threads of struggle and loneliness in metropolises around the world.<\/p>\n<p>The images are impeccably captured, but the pictures are not always pretty. Rio Branco is not interested in documenting historic city landmarks, an impressive skyline, or the aspirational dreams that soar up towards it. Instead, he focuses his camera on the city\u2019s refuse and margins\u2014on that which it has thrown away and on those it has cast aside and disappointed. In stark frames or soft impressions, it is street sleepers, beggars, prostitutes, stray dogs, smashed cars, and shattered glass that characterize his urban impressions.<\/p>\n<p>While subtle details reveal the specificity of place, it is the commonality of urban experience at the heart of Rio Branco\u2019s project. Light on local context or explanatory narrative, the images are instead meticulously arranged into one redolent sequence of a universal city. Working as if in the cutting studio, Rio Branco excels in the rhythm and succession of pictures, crafting evocative patterns of motif (decrepit buildings, lone figures, smashed-up cars); color (rich reds, dusty pinks, stark whites and blues); and form (an anguished street sleeper beside an ecstatic statue of a saint). Throughout, occasional pictures of women are proffered as sensual, hopeful reprieve, interspersing the grit and the grime in commanding portraits or up-close, supple nudes.<\/p>\n<p>At once incisive in its message and lyrical in its arrangement, Maldicidade focuses attention on the city\u2019s ineludible magnetism, as much as on its alienation and inhumanity. Biting, bare-faced, and achingly beautiful, it is a collection in which all city dwellers will find something of themselves, or something they long to escape.<\/p>\n","protected":false},"excerpt":{"rendered":"<p>Miguel Rio Branco unites more than four decades of work across several major cities into one astonishing poetic statement on urban life. Eschewing city landmarks or aspirational ideals, Rio Branco turns his lens to common threads of struggle in metropolises around the globe. Maldicidade is a collection in which all urban dwellers will find something&#8230;<\/p>\n","protected":false},"featured_media":51808,"comment_status":"closed","ping_status":"closed","template":"","meta":[],"product_brand":[],"product_cat":[13533,4517],"product_tag":[15703,6143,11529,13146,6632,1066,12416,1185],"class_list":{"0":"post-51776","1":"product","2":"type-product","3":"status-publish","4":"has-post-thumbnail","6":"product_cat-books","7":"product_cat-photography-en","8":"product_tag-brazil-en","9":"product_tag-city","10":"product_tag-documentary-photography-en","11":"product_tag-people-en","12":"product_tag-photographers","13":"product_tag-portraits-en","14":"product_tag-streets-en","15":"product_tag-world-en","16":"pa_author_att-miguel-rio-branco-en","17":"pa_author_att-paulo-herkenhoff-en","18":"pa_cover-hardcover","19":"pa_format-245-x-33-cm-en","20":"pa_isbn-9783836572330-en","21":"pa_language-english-french-german-portuguese","22":"pa_pages-464-en","23":"pa_published-2019-05-20-en","24":"pa_publisher-taschen-en-en","26":"first","27":"instock","28":"sold-individually","29":"shipping-taxable","30":"purchasable","31":"product-type-simple"},"yoast_head":"<!-- This site is optimized with the Yoast SEO plugin v27.4 - https:\/\/yoast.com\/product\/yoast-seo-wordpress\/ -->\n<title>Miguel Rio Branco. Maldicidade (Miguel Rio Branco, Paulo Herkenhoff) - book \/ album - Folio<\/title>\n<meta name=\"description\" content=\"Wejd\u017a i kup ksi\u0105\u017ck\u0119 Miguel Rio Branco. Maldicidade autorstwa Miguel Rio Branco, Paulo Herkenhoff wydan\u0105 przez TASCHEN (2019-05-20) w formacie 24,5 x 33 cm (ISBN: 9783836572330). Zapraszamy!\" \/>\n<meta name=\"robots\" content=\"index, follow, max-snippet:-1, max-image-preview:large, max-video-preview:-1\" \/>\n<link rel=\"canonical\" href=\"https:\/\/foliobooks.pl\/en\/shop\/miguel-rio-branco-maldicidade\/\" \/>\n<meta property=\"og:locale\" content=\"en_US\" \/>\n<meta property=\"og:type\" content=\"article\" \/>\n<meta property=\"og:title\" content=\"Miguel Rio Branco. Maldicidade (Miguel Rio Branco, Paulo Herkenhoff) - book \/ album - Folio\" \/>\n<meta property=\"og:description\" content=\"Wejd\u017a i kup ksi\u0105\u017ck\u0119 Miguel Rio Branco. Maldicidade autorstwa Miguel Rio Branco, Paulo Herkenhoff wydan\u0105 przez TASCHEN (2019-05-20) w formacie 24,5 x 33 cm (ISBN: 9783836572330). Zapraszamy!\" \/>\n<meta property=\"og:url\" content=\"https:\/\/foliobooks.pl\/en\/shop\/miguel-rio-branco-maldicidade\/\" \/>\n<meta property=\"og:site_name\" content=\"Folio\" \/>\n<meta property=\"article:modified_time\" content=\"2022-12-13T11:31:19+00:00\" \/>\n<meta property=\"og:image\" content=\"https:\/\/foliobooks.pl\/wp-content\/uploads\/2020\/09\/9783836572330.png\" \/>\n\t<meta property=\"og:image:width\" content=\"570\" \/>\n\t<meta property=\"og:image:height\" content=\"708\" \/>\n\t<meta property=\"og:image:type\" content=\"image\/png\" \/>\n<meta name=\"twitter:card\" content=\"summary_large_image\" \/>\n<meta name=\"twitter:label1\" content=\"Est. reading time\" \/>\n\t<meta name=\"twitter:data1\" content=\"2 minutes\" \/>\n<script type=\"application\/ld+json\" class=\"yoast-schema-graph\">{\"@context\":\"https:\\\/\\\/schema.org\",\"@graph\":[{\"@type\":\"WebPage\",\"@id\":\"https:\\\/\\\/foliobooks.pl\\\/en\\\/shop\\\/miguel-rio-branco-maldicidade\\\/\",\"url\":\"https:\\\/\\\/foliobooks.pl\\\/en\\\/shop\\\/miguel-rio-branco-maldicidade\\\/\",\"name\":\"Miguel Rio Branco. Maldicidade (Miguel Rio Branco, Paulo Herkenhoff) - book \\\/ album - Folio\",\"isPartOf\":{\"@id\":\"https:\\\/\\\/foliobooks.pl\\\/en\\\/#website\"},\"primaryImageOfPage\":{\"@id\":\"https:\\\/\\\/foliobooks.pl\\\/en\\\/shop\\\/miguel-rio-branco-maldicidade\\\/#primaryimage\"},\"image\":{\"@id\":\"https:\\\/\\\/foliobooks.pl\\\/en\\\/shop\\\/miguel-rio-branco-maldicidade\\\/#primaryimage\"},\"thumbnailUrl\":\"https:\\\/\\\/foliobooks.pl\\\/wp-content\\\/uploads\\\/2020\\\/09\\\/9783836572330.png\",\"datePublished\":\"2020-09-22T10:45:53+00:00\",\"dateModified\":\"2022-12-13T11:31:19+00:00\",\"description\":\"Wejd\u017a i kup ksi\u0105\u017ck\u0119 Miguel Rio Branco. Maldicidade autorstwa Miguel Rio Branco, Paulo Herkenhoff wydan\u0105 przez TASCHEN (2019-05-20) w formacie 24,5 x 33 cm (ISBN: 9783836572330). Zapraszamy!\",\"breadcrumb\":{\"@id\":\"https:\\\/\\\/foliobooks.pl\\\/en\\\/shop\\\/miguel-rio-branco-maldicidade\\\/#breadcrumb\"},\"inLanguage\":\"en-US\",\"potentialAction\":[{\"@type\":\"ReadAction\",\"target\":[\"https:\\\/\\\/foliobooks.pl\\\/en\\\/shop\\\/miguel-rio-branco-maldicidade\\\/\"]}]},{\"@type\":\"ImageObject\",\"inLanguage\":\"en-US\",\"@id\":\"https:\\\/\\\/foliobooks.pl\\\/en\\\/shop\\\/miguel-rio-branco-maldicidade\\\/#primaryimage\",\"url\":\"https:\\\/\\\/foliobooks.pl\\\/wp-content\\\/uploads\\\/2020\\\/09\\\/9783836572330.png\",\"contentUrl\":\"https:\\\/\\\/foliobooks.pl\\\/wp-content\\\/uploads\\\/2020\\\/09\\\/9783836572330.png\",\"width\":570,\"height\":708},{\"@type\":\"BreadcrumbList\",\"@id\":\"https:\\\/\\\/foliobooks.pl\\\/en\\\/shop\\\/miguel-rio-branco-maldicidade\\\/#breadcrumb\",\"itemListElement\":[{\"@type\":\"ListItem\",\"position\":1,\"name\":\"Strona g\u0142\u00f3wna\",\"item\":\"https:\\\/\\\/foliobooks.pl\\\/en\\\/\"},{\"@type\":\"ListItem\",\"position\":2,\"name\":\"Shop\",\"item\":\"https:\\\/\\\/foliobooks.pl\\\/en\\\/shop\\\/\"},{\"@type\":\"ListItem\",\"position\":3,\"name\":\"Miguel Rio Branco. Maldicidade\"}]},{\"@type\":\"WebSite\",\"@id\":\"https:\\\/\\\/foliobooks.pl\\\/en\\\/#website\",\"url\":\"https:\\\/\\\/foliobooks.pl\\\/en\\\/\",\"name\":\"Folio\",\"description\":\"Ksi\u0119garnia internetowa\",\"potentialAction\":[{\"@type\":\"SearchAction\",\"target\":{\"@type\":\"EntryPoint\",\"urlTemplate\":\"https:\\\/\\\/foliobooks.pl\\\/en\\\/?s={search_term_string}\"},\"query-input\":{\"@type\":\"PropertyValueSpecification\",\"valueRequired\":true,\"valueName\":\"search_term_string\"}}],\"inLanguage\":\"en-US\"}]}<\/script>\n<!-- \/ Yoast SEO plugin. -->","yoast_head_json":{"title":"Miguel Rio Branco. Maldicidade (Miguel Rio Branco, Paulo Herkenhoff) - book \/ album - Folio","description":"Wejd\u017a i kup ksi\u0105\u017ck\u0119 Miguel Rio Branco. Maldicidade autorstwa Miguel Rio Branco, Paulo Herkenhoff wydan\u0105 przez TASCHEN (2019-05-20) w formacie 24,5 x 33 cm (ISBN: 9783836572330). Zapraszamy!","robots":{"index":"index","follow":"follow","max-snippet":"max-snippet:-1","max-image-preview":"max-image-preview:large","max-video-preview":"max-video-preview:-1"},"canonical":"https:\/\/foliobooks.pl\/en\/shop\/miguel-rio-branco-maldicidade\/","og_locale":"en_US","og_type":"article","og_title":"Miguel Rio Branco. Maldicidade (Miguel Rio Branco, Paulo Herkenhoff) - book \/ album - Folio","og_description":"Wejd\u017a i kup ksi\u0105\u017ck\u0119 Miguel Rio Branco. Maldicidade autorstwa Miguel Rio Branco, Paulo Herkenhoff wydan\u0105 przez TASCHEN (2019-05-20) w formacie 24,5 x 33 cm (ISBN: 9783836572330). Zapraszamy!","og_url":"https:\/\/foliobooks.pl\/en\/shop\/miguel-rio-branco-maldicidade\/","og_site_name":"Folio","article_modified_time":"2022-12-13T11:31:19+00:00","og_image":[{"width":570,"height":708,"url":"https:\/\/foliobooks.pl\/wp-content\/uploads\/2020\/09\/9783836572330.png","type":"image\/png"}],"twitter_card":"summary_large_image","twitter_misc":{"Est. reading time":"2 minutes"},"schema":{"@context":"https:\/\/schema.org","@graph":[{"@type":"WebPage","@id":"https:\/\/foliobooks.pl\/en\/shop\/miguel-rio-branco-maldicidade\/","url":"https:\/\/foliobooks.pl\/en\/shop\/miguel-rio-branco-maldicidade\/","name":"Miguel Rio Branco. Maldicidade (Miguel Rio Branco, Paulo Herkenhoff) - book \/ album - Folio","isPartOf":{"@id":"https:\/\/foliobooks.pl\/en\/#website"},"primaryImageOfPage":{"@id":"https:\/\/foliobooks.pl\/en\/shop\/miguel-rio-branco-maldicidade\/#primaryimage"},"image":{"@id":"https:\/\/foliobooks.pl\/en\/shop\/miguel-rio-branco-maldicidade\/#primaryimage"},"thumbnailUrl":"https:\/\/foliobooks.pl\/wp-content\/uploads\/2020\/09\/9783836572330.png","datePublished":"2020-09-22T10:45:53+00:00","dateModified":"2022-12-13T11:31:19+00:00","description":"Wejd\u017a i kup ksi\u0105\u017ck\u0119 Miguel Rio Branco. Maldicidade autorstwa Miguel Rio Branco, Paulo Herkenhoff wydan\u0105 przez TASCHEN (2019-05-20) w formacie 24,5 x 33 cm (ISBN: 9783836572330). Zapraszamy!","breadcrumb":{"@id":"https:\/\/foliobooks.pl\/en\/shop\/miguel-rio-branco-maldicidade\/#breadcrumb"},"inLanguage":"en-US","potentialAction":[{"@type":"ReadAction","target":["https:\/\/foliobooks.pl\/en\/shop\/miguel-rio-branco-maldicidade\/"]}]},{"@type":"ImageObject","inLanguage":"en-US","@id":"https:\/\/foliobooks.pl\/en\/shop\/miguel-rio-branco-maldicidade\/#primaryimage","url":"https:\/\/foliobooks.pl\/wp-content\/uploads\/2020\/09\/9783836572330.png","contentUrl":"https:\/\/foliobooks.pl\/wp-content\/uploads\/2020\/09\/9783836572330.png","width":570,"height":708},{"@type":"BreadcrumbList","@id":"https:\/\/foliobooks.pl\/en\/shop\/miguel-rio-branco-maldicidade\/#breadcrumb","itemListElement":[{"@type":"ListItem","position":1,"name":"Strona g\u0142\u00f3wna","item":"https:\/\/foliobooks.pl\/en\/"},{"@type":"ListItem","position":2,"name":"Shop","item":"https:\/\/foliobooks.pl\/en\/shop\/"},{"@type":"ListItem","position":3,"name":"Miguel Rio Branco. Maldicidade"}]},{"@type":"WebSite","@id":"https:\/\/foliobooks.pl\/en\/#website","url":"https:\/\/foliobooks.pl\/en\/","name":"Folio","description":"Ksi\u0119garnia internetowa","potentialAction":[{"@type":"SearchAction","target":{"@type":"EntryPoint","urlTemplate":"https:\/\/foliobooks.pl\/en\/?s={search_term_string}"},"query-input":{"@type":"PropertyValueSpecification","valueRequired":true,"valueName":"search_term_string"}}],"inLanguage":"en-US"}]}},"_links":{"self":[{"href":"https:\/\/foliobooks.pl\/en\/wp-json\/wp\/v2\/product\/51776","targetHints":{"allow":["GET"]}}],"collection":[{"href":"https:\/\/foliobooks.pl\/en\/wp-json\/wp\/v2\/product"}],"about":[{"href":"https:\/\/foliobooks.pl\/en\/wp-json\/wp\/v2\/types\/product"}],"replies":[{"embeddable":true,"href":"https:\/\/foliobooks.pl\/en\/wp-json\/wp\/v2\/comments?post=51776"}],"wp:featuredmedia":[{"embeddable":true,"href":"https:\/\/foliobooks.pl\/en\/wp-json\/wp\/v2\/media\/51808"}],"wp:attachment":[{"href":"https:\/\/foliobooks.pl\/en\/wp-json\/wp\/v2\/media?parent=51776"}],"wp:term":[{"taxonomy":"product_brand","embeddable":true,"href":"https:\/\/foliobooks.pl\/en\/wp-json\/wp\/v2\/product_brand?post=51776"},{"taxonomy":"product_cat","embeddable":true,"href":"https:\/\/foliobooks.pl\/en\/wp-json\/wp\/v2\/product_cat?post=51776"},{"taxonomy":"product_tag","embeddable":true,"href":"https:\/\/foliobooks.pl\/en\/wp-json\/wp\/v2\/product_tag?post=51776"}],"curies":[{"name":"wp","href":"https:\/\/api.w.org\/{rel}","templated":true}]}}