{"id":51770,"date":"2020-09-22T12:02:02","date_gmt":"2020-09-22T10:02:02","guid":{"rendered":"https:\/\/foliobooks.pl\/?post_type=product&#038;p=51770"},"modified":"2025-04-15T17:27:32","modified_gmt":"2025-04-15T15:27:32","slug":"robert-crumb-sketchbook-vol-1-1964-1968","status":"publish","type":"product","link":"https:\/\/foliobooks.pl\/en\/shop\/robert-crumb-sketchbook-vol-1-1964-1968\/","title":{"rendered":"Robert Crumb. Sketchbook, Vol. 1, 1964\u20131968"},"content":{"rendered":"<p>The cartoonist in chief to American counterculture, Robert Crumb has been busy offering up psychedelia, satire, and outlandish, sexually obsessed characters since the 1960s. This new collection presents a compact, affordable Crumb-feast, sourced by the artist from his original sketchbooks and focused on his mid-1960s golden age.<\/p>\n<p>It\u2019s the old story. When TASCHEN released the first limited edition of Crumb Sketchbooks 1982\u20132011, fans drooled over the gorgeous packaging of this six-volume boxed set, the artist\u2019s thoughtful editing, the hand-written introduction, marbleized page edges, and signed Crumb-colored art print. Not all, however, could afford the steep price. So they whined and coveted, with the wail growing louder when the second boxed set, 1964\u20131982, was released the next year.<\/p>\n<p>Covet no more. <em>Robert Crumb. Sketchbook, Vol. 1: June 1964 \u2013 Sept. 1968<\/em> combines the two earliest volumes from the limited editions, produced directly from the original artworks now belonging to an ardent French collector, into one fat 440-page Crumb feast, selling for an irresistible price.<\/p>\n<p>This book contains hundreds of sketches, including early color drawings from the master of underground comic art, cover roughs for the legendary Zap and Head comics, the original Keep On Truckin\u2019 sketches, the first appearance of Mr. Natural, plus his evolution and refinement, Fritz The Cat, the Old Pooperoo, and many, many voluptuous Crumb girls, all wrapped up in a quality hard cover featuring an illustration newly hand-colored by Crumb himself.<\/p>\n","protected":false},"excerpt":{"rendered":"<p>The cartoonist in chief to American counterculture, Robert Crumb has been busy offering up psychedelia, satire, and outlandish, sexually obsessed characters since the 1960s. This new collection presents a compact, affordable Crumb-feast, sourced by the artist from his original sketchbooks and focused on his mid-1960s golden age. It\u2019s the old story. When TASCHEN released the&#8230;<\/p>\n","protected":false},"featured_media":51786,"comment_status":"closed","ping_status":"closed","template":"","meta":[],"product_brand":[],"product_cat":[4522,13533],"product_tag":[10664,1685,6180,1647,2253],"class_list":{"0":"post-51770","1":"product","2":"type-product","3":"status-publish","4":"has-post-thumbnail","6":"product_cat-art-en","7":"product_cat-books","8":"product_tag-america-en","9":"product_tag-comic","10":"product_tag-drawing","11":"product_tag-erotica","12":"product_tag-graphics","13":"pa_author_att-dian-hanson-en","14":"pa_author_att-robert-crumb-en","15":"pa_cover-hardcover","16":"pa_format-205-x-27-cm-en","17":"pa_isbn-9783836540575-en","18":"pa_language-eng","19":"pa_pages-440-en","20":"pa_published-2016-10-31-en","21":"pa_publisher-taschen-en-en","23":"first","24":"instock","25":"sold-individually","26":"shipping-taxable","27":"purchasable","28":"product-type-simple"},"yoast_head":"<!-- This site is optimized with the Yoast SEO plugin v27.4 - https:\/\/yoast.com\/product\/yoast-seo-wordpress\/ -->\n<title>Robert Crumb. Sketchbook, Vol. 1, 1964\u20131968 (Dian Hanson, Robert Crumb) - book \/ album - Folio<\/title>\n<meta name=\"description\" content=\"Wejd\u017a i kup ksi\u0105\u017ck\u0119 Robert Crumb. Sketchbook, Vol. 1, 1964\u20131968 autorstwa Dian Hanson, Robert Crumb wydan\u0105 przez TASCHEN (2016-10-31) w formacie 20,5 x 27 cm (ISBN: 9783836540575). Zapraszamy!\" \/>\n<meta name=\"robots\" content=\"index, follow, max-snippet:-1, max-image-preview:large, max-video-preview:-1\" \/>\n<link rel=\"canonical\" href=\"https:\/\/foliobooks.pl\/en\/shop\/robert-crumb-sketchbook-vol-1-1964-1968\/\" \/>\n<meta property=\"og:locale\" content=\"en_US\" \/>\n<meta property=\"og:type\" content=\"article\" \/>\n<meta property=\"og:title\" content=\"Robert Crumb. Sketchbook, Vol. 1, 1964\u20131968 (Dian Hanson, Robert Crumb) - book \/ album - Folio\" \/>\n<meta property=\"og:description\" content=\"Wejd\u017a i kup ksi\u0105\u017ck\u0119 Robert Crumb. Sketchbook, Vol. 1, 1964\u20131968 autorstwa Dian Hanson, Robert Crumb wydan\u0105 przez TASCHEN (2016-10-31) w formacie 20,5 x 27 cm (ISBN: 9783836540575). Zapraszamy!\" \/>\n<meta property=\"og:url\" content=\"https:\/\/foliobooks.pl\/en\/shop\/robert-crumb-sketchbook-vol-1-1964-1968\/\" \/>\n<meta property=\"og:site_name\" content=\"Folio\" \/>\n<meta property=\"article:modified_time\" content=\"2025-04-15T15:27:32+00:00\" \/>\n<meta property=\"og:image\" content=\"https:\/\/foliobooks.pl\/wp-content\/uploads\/2020\/09\/9783836540575.png\" \/>\n\t<meta property=\"og:image:width\" content=\"570\" \/>\n\t<meta property=\"og:image:height\" content=\"708\" \/>\n\t<meta property=\"og:image:type\" content=\"image\/png\" \/>\n<meta name=\"twitter:card\" content=\"summary_large_image\" \/>\n<meta name=\"twitter:label1\" content=\"Est. reading time\" \/>\n\t<meta name=\"twitter:data1\" content=\"1 minute\" \/>\n<script type=\"application\/ld+json\" class=\"yoast-schema-graph\">{\"@context\":\"https:\\\/\\\/schema.org\",\"@graph\":[{\"@type\":\"WebPage\",\"@id\":\"https:\\\/\\\/foliobooks.pl\\\/en\\\/shop\\\/robert-crumb-sketchbook-vol-1-1964-1968\\\/\",\"url\":\"https:\\\/\\\/foliobooks.pl\\\/en\\\/shop\\\/robert-crumb-sketchbook-vol-1-1964-1968\\\/\",\"name\":\"Robert Crumb. Sketchbook, Vol. 1, 1964\u20131968 (Dian Hanson, Robert Crumb) - book \\\/ album - Folio\",\"isPartOf\":{\"@id\":\"https:\\\/\\\/foliobooks.pl\\\/en\\\/#website\"},\"primaryImageOfPage\":{\"@id\":\"https:\\\/\\\/foliobooks.pl\\\/en\\\/shop\\\/robert-crumb-sketchbook-vol-1-1964-1968\\\/#primaryimage\"},\"image\":{\"@id\":\"https:\\\/\\\/foliobooks.pl\\\/en\\\/shop\\\/robert-crumb-sketchbook-vol-1-1964-1968\\\/#primaryimage\"},\"thumbnailUrl\":\"https:\\\/\\\/foliobooks.pl\\\/wp-content\\\/uploads\\\/2020\\\/09\\\/9783836540575.png\",\"datePublished\":\"2020-09-22T10:02:02+00:00\",\"dateModified\":\"2025-04-15T15:27:32+00:00\",\"description\":\"Wejd\u017a i kup ksi\u0105\u017ck\u0119 Robert Crumb. Sketchbook, Vol. 1, 1964\u20131968 autorstwa Dian Hanson, Robert Crumb wydan\u0105 przez TASCHEN (2016-10-31) w formacie 20,5 x 27 cm (ISBN: 9783836540575). Zapraszamy!\",\"breadcrumb\":{\"@id\":\"https:\\\/\\\/foliobooks.pl\\\/en\\\/shop\\\/robert-crumb-sketchbook-vol-1-1964-1968\\\/#breadcrumb\"},\"inLanguage\":\"en-US\",\"potentialAction\":[{\"@type\":\"ReadAction\",\"target\":[\"https:\\\/\\\/foliobooks.pl\\\/en\\\/shop\\\/robert-crumb-sketchbook-vol-1-1964-1968\\\/\"]}]},{\"@type\":\"ImageObject\",\"inLanguage\":\"en-US\",\"@id\":\"https:\\\/\\\/foliobooks.pl\\\/en\\\/shop\\\/robert-crumb-sketchbook-vol-1-1964-1968\\\/#primaryimage\",\"url\":\"https:\\\/\\\/foliobooks.pl\\\/wp-content\\\/uploads\\\/2020\\\/09\\\/9783836540575.png\",\"contentUrl\":\"https:\\\/\\\/foliobooks.pl\\\/wp-content\\\/uploads\\\/2020\\\/09\\\/9783836540575.png\",\"width\":570,\"height\":708},{\"@type\":\"BreadcrumbList\",\"@id\":\"https:\\\/\\\/foliobooks.pl\\\/en\\\/shop\\\/robert-crumb-sketchbook-vol-1-1964-1968\\\/#breadcrumb\",\"itemListElement\":[{\"@type\":\"ListItem\",\"position\":1,\"name\":\"Strona g\u0142\u00f3wna\",\"item\":\"https:\\\/\\\/foliobooks.pl\\\/en\\\/\"},{\"@type\":\"ListItem\",\"position\":2,\"name\":\"Shop\",\"item\":\"https:\\\/\\\/foliobooks.pl\\\/en\\\/shop\\\/\"},{\"@type\":\"ListItem\",\"position\":3,\"name\":\"Robert Crumb. Sketchbook, Vol. 1, 1964\u20131968\"}]},{\"@type\":\"WebSite\",\"@id\":\"https:\\\/\\\/foliobooks.pl\\\/en\\\/#website\",\"url\":\"https:\\\/\\\/foliobooks.pl\\\/en\\\/\",\"name\":\"Folio\",\"description\":\"Ksi\u0119garnia internetowa\",\"potentialAction\":[{\"@type\":\"SearchAction\",\"target\":{\"@type\":\"EntryPoint\",\"urlTemplate\":\"https:\\\/\\\/foliobooks.pl\\\/en\\\/?s={search_term_string}\"},\"query-input\":{\"@type\":\"PropertyValueSpecification\",\"valueRequired\":true,\"valueName\":\"search_term_string\"}}],\"inLanguage\":\"en-US\"}]}<\/script>\n<!-- \/ Yoast SEO plugin. -->","yoast_head_json":{"title":"Robert Crumb. Sketchbook, Vol. 1, 1964\u20131968 (Dian Hanson, Robert Crumb) - book \/ album - Folio","description":"Wejd\u017a i kup ksi\u0105\u017ck\u0119 Robert Crumb. Sketchbook, Vol. 1, 1964\u20131968 autorstwa Dian Hanson, Robert Crumb wydan\u0105 przez TASCHEN (2016-10-31) w formacie 20,5 x 27 cm (ISBN: 9783836540575). Zapraszamy!","robots":{"index":"index","follow":"follow","max-snippet":"max-snippet:-1","max-image-preview":"max-image-preview:large","max-video-preview":"max-video-preview:-1"},"canonical":"https:\/\/foliobooks.pl\/en\/shop\/robert-crumb-sketchbook-vol-1-1964-1968\/","og_locale":"en_US","og_type":"article","og_title":"Robert Crumb. Sketchbook, Vol. 1, 1964\u20131968 (Dian Hanson, Robert Crumb) - book \/ album - Folio","og_description":"Wejd\u017a i kup ksi\u0105\u017ck\u0119 Robert Crumb. Sketchbook, Vol. 1, 1964\u20131968 autorstwa Dian Hanson, Robert Crumb wydan\u0105 przez TASCHEN (2016-10-31) w formacie 20,5 x 27 cm (ISBN: 9783836540575). Zapraszamy!","og_url":"https:\/\/foliobooks.pl\/en\/shop\/robert-crumb-sketchbook-vol-1-1964-1968\/","og_site_name":"Folio","article_modified_time":"2025-04-15T15:27:32+00:00","og_image":[{"width":570,"height":708,"url":"https:\/\/foliobooks.pl\/wp-content\/uploads\/2020\/09\/9783836540575.png","type":"image\/png"}],"twitter_card":"summary_large_image","twitter_misc":{"Est. reading time":"1 minute"},"schema":{"@context":"https:\/\/schema.org","@graph":[{"@type":"WebPage","@id":"https:\/\/foliobooks.pl\/en\/shop\/robert-crumb-sketchbook-vol-1-1964-1968\/","url":"https:\/\/foliobooks.pl\/en\/shop\/robert-crumb-sketchbook-vol-1-1964-1968\/","name":"Robert Crumb. Sketchbook, Vol. 1, 1964\u20131968 (Dian Hanson, Robert Crumb) - book \/ album - Folio","isPartOf":{"@id":"https:\/\/foliobooks.pl\/en\/#website"},"primaryImageOfPage":{"@id":"https:\/\/foliobooks.pl\/en\/shop\/robert-crumb-sketchbook-vol-1-1964-1968\/#primaryimage"},"image":{"@id":"https:\/\/foliobooks.pl\/en\/shop\/robert-crumb-sketchbook-vol-1-1964-1968\/#primaryimage"},"thumbnailUrl":"https:\/\/foliobooks.pl\/wp-content\/uploads\/2020\/09\/9783836540575.png","datePublished":"2020-09-22T10:02:02+00:00","dateModified":"2025-04-15T15:27:32+00:00","description":"Wejd\u017a i kup ksi\u0105\u017ck\u0119 Robert Crumb. Sketchbook, Vol. 1, 1964\u20131968 autorstwa Dian Hanson, Robert Crumb wydan\u0105 przez TASCHEN (2016-10-31) w formacie 20,5 x 27 cm (ISBN: 9783836540575). Zapraszamy!","breadcrumb":{"@id":"https:\/\/foliobooks.pl\/en\/shop\/robert-crumb-sketchbook-vol-1-1964-1968\/#breadcrumb"},"inLanguage":"en-US","potentialAction":[{"@type":"ReadAction","target":["https:\/\/foliobooks.pl\/en\/shop\/robert-crumb-sketchbook-vol-1-1964-1968\/"]}]},{"@type":"ImageObject","inLanguage":"en-US","@id":"https:\/\/foliobooks.pl\/en\/shop\/robert-crumb-sketchbook-vol-1-1964-1968\/#primaryimage","url":"https:\/\/foliobooks.pl\/wp-content\/uploads\/2020\/09\/9783836540575.png","contentUrl":"https:\/\/foliobooks.pl\/wp-content\/uploads\/2020\/09\/9783836540575.png","width":570,"height":708},{"@type":"BreadcrumbList","@id":"https:\/\/foliobooks.pl\/en\/shop\/robert-crumb-sketchbook-vol-1-1964-1968\/#breadcrumb","itemListElement":[{"@type":"ListItem","position":1,"name":"Strona g\u0142\u00f3wna","item":"https:\/\/foliobooks.pl\/en\/"},{"@type":"ListItem","position":2,"name":"Shop","item":"https:\/\/foliobooks.pl\/en\/shop\/"},{"@type":"ListItem","position":3,"name":"Robert Crumb. Sketchbook, Vol. 1, 1964\u20131968"}]},{"@type":"WebSite","@id":"https:\/\/foliobooks.pl\/en\/#website","url":"https:\/\/foliobooks.pl\/en\/","name":"Folio","description":"Ksi\u0119garnia internetowa","potentialAction":[{"@type":"SearchAction","target":{"@type":"EntryPoint","urlTemplate":"https:\/\/foliobooks.pl\/en\/?s={search_term_string}"},"query-input":{"@type":"PropertyValueSpecification","valueRequired":true,"valueName":"search_term_string"}}],"inLanguage":"en-US"}]}},"_links":{"self":[{"href":"https:\/\/foliobooks.pl\/en\/wp-json\/wp\/v2\/product\/51770","targetHints":{"allow":["GET"]}}],"collection":[{"href":"https:\/\/foliobooks.pl\/en\/wp-json\/wp\/v2\/product"}],"about":[{"href":"https:\/\/foliobooks.pl\/en\/wp-json\/wp\/v2\/types\/product"}],"replies":[{"embeddable":true,"href":"https:\/\/foliobooks.pl\/en\/wp-json\/wp\/v2\/comments?post=51770"}],"wp:featuredmedia":[{"embeddable":true,"href":"https:\/\/foliobooks.pl\/en\/wp-json\/wp\/v2\/media\/51786"}],"wp:attachment":[{"href":"https:\/\/foliobooks.pl\/en\/wp-json\/wp\/v2\/media?parent=51770"}],"wp:term":[{"taxonomy":"product_brand","embeddable":true,"href":"https:\/\/foliobooks.pl\/en\/wp-json\/wp\/v2\/product_brand?post=51770"},{"taxonomy":"product_cat","embeddable":true,"href":"https:\/\/foliobooks.pl\/en\/wp-json\/wp\/v2\/product_cat?post=51770"},{"taxonomy":"product_tag","embeddable":true,"href":"https:\/\/foliobooks.pl\/en\/wp-json\/wp\/v2\/product_tag?post=51770"}],"curies":[{"name":"wp","href":"https:\/\/api.w.org\/{rel}","templated":true}]}}