{"id":51724,"date":"2020-09-21T15:41:56","date_gmt":"2020-09-21T13:41:56","guid":{"rendered":"https:\/\/foliobooks.pl\/sklep\/bauhausmadels-a-tribute-to-pioneering-women-artists\/"},"modified":"2020-09-21T15:41:56","modified_gmt":"2020-09-21T13:41:56","slug":"bauhausmadels-a-tribute-to-pioneering-women-artists","status":"publish","type":"product","link":"https:\/\/foliobooks.pl\/en\/shop\/bauhausmadels-a-tribute-to-pioneering-women-artists\/","title":{"rendered":"Bauhausm\u00e4dels. A Tribute to Pioneering Women Artists"},"content":{"rendered":"<p>Celebrating the centennial of a groundbreaking School of Art and Design, this volume marks the founding of the Bauhaus with a visual exploration of its most underrated members. While the institution provided women with new opportunities in education, along the way, they were faced with unreasonable family expectations, the ambiguous attitude of the faculty and administration, outdated social conventions, and, ultimately, the political repression of the Nazi regime.<\/p>\n<p>Unprecedented in current literature, Bauhausm\u00e4dels presents 87 artists and artisans through texts and photographic portraits, many published for the very first time. Recent archival discoveries revive the biographies of better-known talents. In the 1920s, the title \u201cBauhaus girl\u201d expressed a silent admiration for the young women who courageously eluded traditional gender roles to build a different, creative future. These include Marianne Brandt, the first woman to be admitted to the Bauhaus metalworking program whose designs are used by Alessi to this day; Gertrud Arndt who, dissuaded by the faculty from studying architecture, instead shone through her photography and rug design; and Lucia Moholy, who photographed the Bauhaus buildings in iconic shots, but spent the rest of her life trying to retrieve the negatives which were withheld from her. Moreover, the volume reminds us of other women artists whose names, nearly forgotten, also stand for early pioneers of gender equality, refusing to follow the beaten tracks society and their families insisted on.<\/p>\n<p>With almost 400 portrait photographs taken between 1919 and 1933, Bauhausm\u00e4dels creates a visual impression of the women artists who attended the most progressive art school of the 20th century and, departing from there, often changed the world of art, architecture, design, and even politics. Biographical data sheds light on each artist\u2019s individual struggle, persistence in the face of adversity, and incredible accomplishments. In this grand family album, we discover a group of unique trailblazers whose legacy paved the way for women artists after them.<\/p>\n","protected":false},"excerpt":{"rendered":"<p>Celebrating the centennial of a groundbreaking School of Art and Design, this volume marks the founding of the Bauhaus with a visual exploration of its most underrated members. While the institution provided women with new opportunities in education, along the way, they were faced with unreasonable family expectations, the ambiguous attitude of the faculty and&#8230;<\/p>\n","protected":false},"featured_media":51713,"comment_status":"closed","ping_status":"closed","template":"","meta":[],"product_brand":[],"product_cat":[13533,4523,4525,4526],"product_tag":[4524,151],"class_list":{"0":"post-51724","1":"product","2":"type-product","3":"status-publish","4":"has-post-thumbnail","6":"product_cat-books","7":"product_cat-design-en-en","8":"product_cat-graphic-design","9":"product_cat-industrial-design","10":"product_tag-design-en-en","11":"product_tag-women","12":"pa_author_att-patrick-rossler-en","13":"pa_cover-hardcover","14":"pa_format-17-x-24-cm-en","15":"pa_isbn-9783836563536-en","16":"pa_language-eng-f-ger","17":"pa_pages-480-en","18":"pa_published-2019-01-14-en","19":"pa_publisher-taschen-en-en","21":"first","22":"outofstock","23":"sold-individually","24":"shipping-taxable","25":"purchasable","26":"product-type-simple"},"yoast_head":"<!-- This site is optimized with the Yoast SEO plugin v27.4 - https:\/\/yoast.com\/product\/yoast-seo-wordpress\/ -->\n<title>Bauhausm\u00e4dels. A Tribute to Pioneering Women Artists (Patrick R\u00f6ssler) - book \/ album - Folio<\/title>\n<meta name=\"description\" content=\"Wejd\u017a i kup ksi\u0105\u017ck\u0119 Bauhausm\u00e4dels. A Tribute to Pioneering Women Artists autorstwa Patrick R\u00f6ssler wydan\u0105 przez TASCHEN (2019-01-14) w formacie 17 x 24 cm (ISBN: 9783836563536). Zapraszamy!\" \/>\n<meta name=\"robots\" content=\"index, follow, max-snippet:-1, max-image-preview:large, max-video-preview:-1\" \/>\n<link rel=\"canonical\" href=\"https:\/\/foliobooks.pl\/en\/shop\/bauhausmadels-a-tribute-to-pioneering-women-artists\/\" \/>\n<meta property=\"og:locale\" content=\"en_US\" \/>\n<meta property=\"og:type\" content=\"article\" \/>\n<meta property=\"og:title\" content=\"Bauhausm\u00e4dels. A Tribute to Pioneering Women Artists (Patrick R\u00f6ssler) - book \/ album - Folio\" \/>\n<meta property=\"og:description\" content=\"Wejd\u017a i kup ksi\u0105\u017ck\u0119 Bauhausm\u00e4dels. A Tribute to Pioneering Women Artists autorstwa Patrick R\u00f6ssler wydan\u0105 przez TASCHEN (2019-01-14) w formacie 17 x 24 cm (ISBN: 9783836563536). Zapraszamy!\" \/>\n<meta property=\"og:url\" content=\"https:\/\/foliobooks.pl\/en\/shop\/bauhausmadels-a-tribute-to-pioneering-women-artists\/\" \/>\n<meta property=\"og:site_name\" content=\"Folio\" \/>\n<meta property=\"og:image\" content=\"https:\/\/foliobooks.pl\/wp-content\/uploads\/2020\/09\/9783836563536.png\" \/>\n\t<meta property=\"og:image:width\" content=\"570\" \/>\n\t<meta property=\"og:image:height\" content=\"708\" \/>\n\t<meta property=\"og:image:type\" content=\"image\/png\" \/>\n<meta name=\"twitter:card\" content=\"summary_large_image\" \/>\n<meta name=\"twitter:label1\" content=\"Est. reading time\" \/>\n\t<meta name=\"twitter:data1\" content=\"2 minutes\" \/>\n<script type=\"application\/ld+json\" class=\"yoast-schema-graph\">{\"@context\":\"https:\\\/\\\/schema.org\",\"@graph\":[{\"@type\":\"WebPage\",\"@id\":\"https:\\\/\\\/foliobooks.pl\\\/en\\\/shop\\\/bauhausmadels-a-tribute-to-pioneering-women-artists\\\/\",\"url\":\"https:\\\/\\\/foliobooks.pl\\\/en\\\/shop\\\/bauhausmadels-a-tribute-to-pioneering-women-artists\\\/\",\"name\":\"Bauhausm\u00e4dels. A Tribute to Pioneering Women Artists (Patrick R\u00f6ssler) - book \\\/ album - Folio\",\"isPartOf\":{\"@id\":\"https:\\\/\\\/foliobooks.pl\\\/en\\\/#website\"},\"primaryImageOfPage\":{\"@id\":\"https:\\\/\\\/foliobooks.pl\\\/en\\\/shop\\\/bauhausmadels-a-tribute-to-pioneering-women-artists\\\/#primaryimage\"},\"image\":{\"@id\":\"https:\\\/\\\/foliobooks.pl\\\/en\\\/shop\\\/bauhausmadels-a-tribute-to-pioneering-women-artists\\\/#primaryimage\"},\"thumbnailUrl\":\"https:\\\/\\\/foliobooks.pl\\\/wp-content\\\/uploads\\\/2020\\\/09\\\/9783836563536.png\",\"datePublished\":\"2020-09-21T13:41:56+00:00\",\"description\":\"Wejd\u017a i kup ksi\u0105\u017ck\u0119 Bauhausm\u00e4dels. A Tribute to Pioneering Women Artists autorstwa Patrick R\u00f6ssler wydan\u0105 przez TASCHEN (2019-01-14) w formacie 17 x 24 cm (ISBN: 9783836563536). Zapraszamy!\",\"breadcrumb\":{\"@id\":\"https:\\\/\\\/foliobooks.pl\\\/en\\\/shop\\\/bauhausmadels-a-tribute-to-pioneering-women-artists\\\/#breadcrumb\"},\"inLanguage\":\"en-US\",\"potentialAction\":[{\"@type\":\"ReadAction\",\"target\":[\"https:\\\/\\\/foliobooks.pl\\\/en\\\/shop\\\/bauhausmadels-a-tribute-to-pioneering-women-artists\\\/\"]}]},{\"@type\":\"ImageObject\",\"inLanguage\":\"en-US\",\"@id\":\"https:\\\/\\\/foliobooks.pl\\\/en\\\/shop\\\/bauhausmadels-a-tribute-to-pioneering-women-artists\\\/#primaryimage\",\"url\":\"https:\\\/\\\/foliobooks.pl\\\/wp-content\\\/uploads\\\/2020\\\/09\\\/9783836563536.png\",\"contentUrl\":\"https:\\\/\\\/foliobooks.pl\\\/wp-content\\\/uploads\\\/2020\\\/09\\\/9783836563536.png\",\"width\":570,\"height\":708},{\"@type\":\"BreadcrumbList\",\"@id\":\"https:\\\/\\\/foliobooks.pl\\\/en\\\/shop\\\/bauhausmadels-a-tribute-to-pioneering-women-artists\\\/#breadcrumb\",\"itemListElement\":[{\"@type\":\"ListItem\",\"position\":1,\"name\":\"Strona g\u0142\u00f3wna\",\"item\":\"https:\\\/\\\/foliobooks.pl\\\/en\\\/\"},{\"@type\":\"ListItem\",\"position\":2,\"name\":\"Shop\",\"item\":\"https:\\\/\\\/foliobooks.pl\\\/en\\\/shop\\\/\"},{\"@type\":\"ListItem\",\"position\":3,\"name\":\"Bauhausm\u00e4dels. A Tribute to Pioneering Women Artists\"}]},{\"@type\":\"WebSite\",\"@id\":\"https:\\\/\\\/foliobooks.pl\\\/en\\\/#website\",\"url\":\"https:\\\/\\\/foliobooks.pl\\\/en\\\/\",\"name\":\"Folio\",\"description\":\"Ksi\u0119garnia internetowa\",\"potentialAction\":[{\"@type\":\"SearchAction\",\"target\":{\"@type\":\"EntryPoint\",\"urlTemplate\":\"https:\\\/\\\/foliobooks.pl\\\/en\\\/?s={search_term_string}\"},\"query-input\":{\"@type\":\"PropertyValueSpecification\",\"valueRequired\":true,\"valueName\":\"search_term_string\"}}],\"inLanguage\":\"en-US\"}]}<\/script>\n<!-- \/ Yoast SEO plugin. -->","yoast_head_json":{"title":"Bauhausm\u00e4dels. A Tribute to Pioneering Women Artists (Patrick R\u00f6ssler) - book \/ album - Folio","description":"Wejd\u017a i kup ksi\u0105\u017ck\u0119 Bauhausm\u00e4dels. A Tribute to Pioneering Women Artists autorstwa Patrick R\u00f6ssler wydan\u0105 przez TASCHEN (2019-01-14) w formacie 17 x 24 cm (ISBN: 9783836563536). Zapraszamy!","robots":{"index":"index","follow":"follow","max-snippet":"max-snippet:-1","max-image-preview":"max-image-preview:large","max-video-preview":"max-video-preview:-1"},"canonical":"https:\/\/foliobooks.pl\/en\/shop\/bauhausmadels-a-tribute-to-pioneering-women-artists\/","og_locale":"en_US","og_type":"article","og_title":"Bauhausm\u00e4dels. A Tribute to Pioneering Women Artists (Patrick R\u00f6ssler) - book \/ album - Folio","og_description":"Wejd\u017a i kup ksi\u0105\u017ck\u0119 Bauhausm\u00e4dels. A Tribute to Pioneering Women Artists autorstwa Patrick R\u00f6ssler wydan\u0105 przez TASCHEN (2019-01-14) w formacie 17 x 24 cm (ISBN: 9783836563536). Zapraszamy!","og_url":"https:\/\/foliobooks.pl\/en\/shop\/bauhausmadels-a-tribute-to-pioneering-women-artists\/","og_site_name":"Folio","og_image":[{"width":570,"height":708,"url":"https:\/\/foliobooks.pl\/wp-content\/uploads\/2020\/09\/9783836563536.png","type":"image\/png"}],"twitter_card":"summary_large_image","twitter_misc":{"Est. reading time":"2 minutes"},"schema":{"@context":"https:\/\/schema.org","@graph":[{"@type":"WebPage","@id":"https:\/\/foliobooks.pl\/en\/shop\/bauhausmadels-a-tribute-to-pioneering-women-artists\/","url":"https:\/\/foliobooks.pl\/en\/shop\/bauhausmadels-a-tribute-to-pioneering-women-artists\/","name":"Bauhausm\u00e4dels. A Tribute to Pioneering Women Artists (Patrick R\u00f6ssler) - book \/ album - Folio","isPartOf":{"@id":"https:\/\/foliobooks.pl\/en\/#website"},"primaryImageOfPage":{"@id":"https:\/\/foliobooks.pl\/en\/shop\/bauhausmadels-a-tribute-to-pioneering-women-artists\/#primaryimage"},"image":{"@id":"https:\/\/foliobooks.pl\/en\/shop\/bauhausmadels-a-tribute-to-pioneering-women-artists\/#primaryimage"},"thumbnailUrl":"https:\/\/foliobooks.pl\/wp-content\/uploads\/2020\/09\/9783836563536.png","datePublished":"2020-09-21T13:41:56+00:00","description":"Wejd\u017a i kup ksi\u0105\u017ck\u0119 Bauhausm\u00e4dels. A Tribute to Pioneering Women Artists autorstwa Patrick R\u00f6ssler wydan\u0105 przez TASCHEN (2019-01-14) w formacie 17 x 24 cm (ISBN: 9783836563536). Zapraszamy!","breadcrumb":{"@id":"https:\/\/foliobooks.pl\/en\/shop\/bauhausmadels-a-tribute-to-pioneering-women-artists\/#breadcrumb"},"inLanguage":"en-US","potentialAction":[{"@type":"ReadAction","target":["https:\/\/foliobooks.pl\/en\/shop\/bauhausmadels-a-tribute-to-pioneering-women-artists\/"]}]},{"@type":"ImageObject","inLanguage":"en-US","@id":"https:\/\/foliobooks.pl\/en\/shop\/bauhausmadels-a-tribute-to-pioneering-women-artists\/#primaryimage","url":"https:\/\/foliobooks.pl\/wp-content\/uploads\/2020\/09\/9783836563536.png","contentUrl":"https:\/\/foliobooks.pl\/wp-content\/uploads\/2020\/09\/9783836563536.png","width":570,"height":708},{"@type":"BreadcrumbList","@id":"https:\/\/foliobooks.pl\/en\/shop\/bauhausmadels-a-tribute-to-pioneering-women-artists\/#breadcrumb","itemListElement":[{"@type":"ListItem","position":1,"name":"Strona g\u0142\u00f3wna","item":"https:\/\/foliobooks.pl\/en\/"},{"@type":"ListItem","position":2,"name":"Shop","item":"https:\/\/foliobooks.pl\/en\/shop\/"},{"@type":"ListItem","position":3,"name":"Bauhausm\u00e4dels. A Tribute to Pioneering Women Artists"}]},{"@type":"WebSite","@id":"https:\/\/foliobooks.pl\/en\/#website","url":"https:\/\/foliobooks.pl\/en\/","name":"Folio","description":"Ksi\u0119garnia internetowa","potentialAction":[{"@type":"SearchAction","target":{"@type":"EntryPoint","urlTemplate":"https:\/\/foliobooks.pl\/en\/?s={search_term_string}"},"query-input":{"@type":"PropertyValueSpecification","valueRequired":true,"valueName":"search_term_string"}}],"inLanguage":"en-US"}]}},"_links":{"self":[{"href":"https:\/\/foliobooks.pl\/en\/wp-json\/wp\/v2\/product\/51724","targetHints":{"allow":["GET"]}}],"collection":[{"href":"https:\/\/foliobooks.pl\/en\/wp-json\/wp\/v2\/product"}],"about":[{"href":"https:\/\/foliobooks.pl\/en\/wp-json\/wp\/v2\/types\/product"}],"replies":[{"embeddable":true,"href":"https:\/\/foliobooks.pl\/en\/wp-json\/wp\/v2\/comments?post=51724"}],"wp:featuredmedia":[{"embeddable":true,"href":"https:\/\/foliobooks.pl\/en\/wp-json\/wp\/v2\/media\/51713"}],"wp:attachment":[{"href":"https:\/\/foliobooks.pl\/en\/wp-json\/wp\/v2\/media?parent=51724"}],"wp:term":[{"taxonomy":"product_brand","embeddable":true,"href":"https:\/\/foliobooks.pl\/en\/wp-json\/wp\/v2\/product_brand?post=51724"},{"taxonomy":"product_cat","embeddable":true,"href":"https:\/\/foliobooks.pl\/en\/wp-json\/wp\/v2\/product_cat?post=51724"},{"taxonomy":"product_tag","embeddable":true,"href":"https:\/\/foliobooks.pl\/en\/wp-json\/wp\/v2\/product_tag?post=51724"}],"curies":[{"name":"wp","href":"https:\/\/api.w.org\/{rel}","templated":true}]}}