{"id":51361,"date":"2020-08-20T15:24:20","date_gmt":"2020-08-20T13:24:20","guid":{"rendered":"https:\/\/foliobooks.pl\/sklep\/avedon-advertising\/"},"modified":"2021-10-14T14:07:43","modified_gmt":"2021-10-14T12:07:43","slug":"avedon-advertising","status":"publish","type":"product","link":"https:\/\/foliobooks.pl\/en\/shop\/avedon-advertising\/","title":{"rendered":"Avedon Advertising"},"content":{"rendered":"<p>Richard Avedon was one of the most sought-after and influential advertising photographers in America from the 1940s to the beginning of the 21st century, creating work that exemplified Madison Avenue at the height of its influence in world culture. Working with a talented cadre of models, copy writers, and art directors, Avedon made images that enticed consumers to embrace the new, especially in the areas of fashion and beauty, with campaigns for Revlon, Chanel, Calvin Klein, Dior, and Versace, among many others. Avedon Advertising tells this story, reproducing memorable ads that range from the buoyant 1940s and 1950s, when post-war prosperity opened up new experiences to consumers; through the explosive \u201960s; and into the era defined by celebrity culture and global brand awareness.<\/p>\n","protected":false},"excerpt":{"rendered":"<p>Richard Avedon was one of the most sought-after and influential advertising photographers in America from the 1940s to the beginning of the 21st century, creating work that exemplified Madison Avenue at the height of its influence in world culture. Working with a talented cadre of models, copy writers, and art directors, Avedon made images that&#8230;<\/p>\n","protected":false},"featured_media":51348,"comment_status":"closed","ping_status":"closed","template":"","meta":[],"product_brand":[],"product_cat":[4523,4525],"product_tag":[1651],"class_list":{"0":"post-51361","1":"product","2":"type-product","3":"status-publish","4":"has-post-thumbnail","6":"product_cat-design-en-en","7":"product_cat-graphic-design","8":"product_tag-advertising","9":"pa_author_att-richard-avedon-en","10":"pa_cover-hardcover","11":"pa_format-235-x-349-cm-en","12":"pa_isbn-9781419733383-en","13":"pa_language-eng","14":"pa_pages-336-en","15":"pa_published-2019-10-08-en","16":"pa_publisher-abrams-en","18":"first","19":"outofstock","20":"sold-individually","21":"shipping-taxable","22":"purchasable","23":"product-type-simple"},"yoast_head":"<!-- This site is optimized with the Yoast SEO plugin v27.4 - https:\/\/yoast.com\/product\/yoast-seo-wordpress\/ -->\n<title>Avedon Advertising (Richard Avedon) - book \/ album - Folio<\/title>\n<meta name=\"description\" content=\"Wejd\u017a i kup ksi\u0105\u017ck\u0119 Avedon Advertising autorstwa Richard Avedon wydan\u0105 przez ABRAMS (2019-10-08) w formacie 23,5 x 34,9 cm (ISBN: 9781419733383). Zapraszamy!\" \/>\n<meta name=\"robots\" content=\"index, follow, max-snippet:-1, max-image-preview:large, max-video-preview:-1\" \/>\n<link rel=\"canonical\" href=\"https:\/\/foliobooks.pl\/en\/shop\/avedon-advertising\/\" \/>\n<meta property=\"og:locale\" content=\"en_US\" \/>\n<meta property=\"og:type\" content=\"article\" \/>\n<meta property=\"og:title\" content=\"Avedon Advertising (Richard Avedon) - book \/ album - Folio\" \/>\n<meta property=\"og:description\" content=\"Wejd\u017a i kup ksi\u0105\u017ck\u0119 Avedon Advertising autorstwa Richard Avedon wydan\u0105 przez ABRAMS (2019-10-08) w formacie 23,5 x 34,9 cm (ISBN: 9781419733383). Zapraszamy!\" \/>\n<meta property=\"og:url\" content=\"https:\/\/foliobooks.pl\/en\/shop\/avedon-advertising\/\" \/>\n<meta property=\"og:site_name\" content=\"Folio\" \/>\n<meta property=\"article:modified_time\" content=\"2021-10-14T12:07:43+00:00\" \/>\n<meta property=\"og:image\" content=\"https:\/\/foliobooks.pl\/wp-content\/uploads\/2020\/08\/9781419733383.png\" \/>\n\t<meta property=\"og:image:width\" content=\"570\" \/>\n\t<meta property=\"og:image:height\" content=\"708\" \/>\n\t<meta property=\"og:image:type\" content=\"image\/png\" \/>\n<meta name=\"twitter:card\" content=\"summary_large_image\" \/>\n<meta name=\"twitter:label1\" content=\"Est. reading time\" \/>\n\t<meta name=\"twitter:data1\" content=\"1 minute\" \/>\n<script type=\"application\/ld+json\" class=\"yoast-schema-graph\">{\"@context\":\"https:\\\/\\\/schema.org\",\"@graph\":[{\"@type\":\"WebPage\",\"@id\":\"https:\\\/\\\/foliobooks.pl\\\/en\\\/shop\\\/avedon-advertising\\\/\",\"url\":\"https:\\\/\\\/foliobooks.pl\\\/en\\\/shop\\\/avedon-advertising\\\/\",\"name\":\"Avedon Advertising (Richard Avedon) - book \\\/ album - Folio\",\"isPartOf\":{\"@id\":\"https:\\\/\\\/foliobooks.pl\\\/en\\\/#website\"},\"primaryImageOfPage\":{\"@id\":\"https:\\\/\\\/foliobooks.pl\\\/en\\\/shop\\\/avedon-advertising\\\/#primaryimage\"},\"image\":{\"@id\":\"https:\\\/\\\/foliobooks.pl\\\/en\\\/shop\\\/avedon-advertising\\\/#primaryimage\"},\"thumbnailUrl\":\"https:\\\/\\\/foliobooks.pl\\\/wp-content\\\/uploads\\\/2020\\\/08\\\/9781419733383.png\",\"datePublished\":\"2020-08-20T13:24:20+00:00\",\"dateModified\":\"2021-10-14T12:07:43+00:00\",\"description\":\"Wejd\u017a i kup ksi\u0105\u017ck\u0119 Avedon Advertising autorstwa Richard Avedon wydan\u0105 przez ABRAMS (2019-10-08) w formacie 23,5 x 34,9 cm (ISBN: 9781419733383). Zapraszamy!\",\"breadcrumb\":{\"@id\":\"https:\\\/\\\/foliobooks.pl\\\/en\\\/shop\\\/avedon-advertising\\\/#breadcrumb\"},\"inLanguage\":\"en-US\",\"potentialAction\":[{\"@type\":\"ReadAction\",\"target\":[\"https:\\\/\\\/foliobooks.pl\\\/en\\\/shop\\\/avedon-advertising\\\/\"]}]},{\"@type\":\"ImageObject\",\"inLanguage\":\"en-US\",\"@id\":\"https:\\\/\\\/foliobooks.pl\\\/en\\\/shop\\\/avedon-advertising\\\/#primaryimage\",\"url\":\"https:\\\/\\\/foliobooks.pl\\\/wp-content\\\/uploads\\\/2020\\\/08\\\/9781419733383.png\",\"contentUrl\":\"https:\\\/\\\/foliobooks.pl\\\/wp-content\\\/uploads\\\/2020\\\/08\\\/9781419733383.png\",\"width\":570,\"height\":708},{\"@type\":\"BreadcrumbList\",\"@id\":\"https:\\\/\\\/foliobooks.pl\\\/en\\\/shop\\\/avedon-advertising\\\/#breadcrumb\",\"itemListElement\":[{\"@type\":\"ListItem\",\"position\":1,\"name\":\"Strona g\u0142\u00f3wna\",\"item\":\"https:\\\/\\\/foliobooks.pl\\\/en\\\/\"},{\"@type\":\"ListItem\",\"position\":2,\"name\":\"Shop\",\"item\":\"https:\\\/\\\/foliobooks.pl\\\/en\\\/shop\\\/\"},{\"@type\":\"ListItem\",\"position\":3,\"name\":\"Avedon Advertising\"}]},{\"@type\":\"WebSite\",\"@id\":\"https:\\\/\\\/foliobooks.pl\\\/en\\\/#website\",\"url\":\"https:\\\/\\\/foliobooks.pl\\\/en\\\/\",\"name\":\"Folio\",\"description\":\"Ksi\u0119garnia internetowa\",\"potentialAction\":[{\"@type\":\"SearchAction\",\"target\":{\"@type\":\"EntryPoint\",\"urlTemplate\":\"https:\\\/\\\/foliobooks.pl\\\/en\\\/?s={search_term_string}\"},\"query-input\":{\"@type\":\"PropertyValueSpecification\",\"valueRequired\":true,\"valueName\":\"search_term_string\"}}],\"inLanguage\":\"en-US\"}]}<\/script>\n<!-- \/ Yoast SEO plugin. -->","yoast_head_json":{"title":"Avedon Advertising (Richard Avedon) - book \/ album - Folio","description":"Wejd\u017a i kup ksi\u0105\u017ck\u0119 Avedon Advertising autorstwa Richard Avedon wydan\u0105 przez ABRAMS (2019-10-08) w formacie 23,5 x 34,9 cm (ISBN: 9781419733383). Zapraszamy!","robots":{"index":"index","follow":"follow","max-snippet":"max-snippet:-1","max-image-preview":"max-image-preview:large","max-video-preview":"max-video-preview:-1"},"canonical":"https:\/\/foliobooks.pl\/en\/shop\/avedon-advertising\/","og_locale":"en_US","og_type":"article","og_title":"Avedon Advertising (Richard Avedon) - book \/ album - Folio","og_description":"Wejd\u017a i kup ksi\u0105\u017ck\u0119 Avedon Advertising autorstwa Richard Avedon wydan\u0105 przez ABRAMS (2019-10-08) w formacie 23,5 x 34,9 cm (ISBN: 9781419733383). Zapraszamy!","og_url":"https:\/\/foliobooks.pl\/en\/shop\/avedon-advertising\/","og_site_name":"Folio","article_modified_time":"2021-10-14T12:07:43+00:00","og_image":[{"width":570,"height":708,"url":"https:\/\/foliobooks.pl\/wp-content\/uploads\/2020\/08\/9781419733383.png","type":"image\/png"}],"twitter_card":"summary_large_image","twitter_misc":{"Est. reading time":"1 minute"},"schema":{"@context":"https:\/\/schema.org","@graph":[{"@type":"WebPage","@id":"https:\/\/foliobooks.pl\/en\/shop\/avedon-advertising\/","url":"https:\/\/foliobooks.pl\/en\/shop\/avedon-advertising\/","name":"Avedon Advertising (Richard Avedon) - book \/ album - Folio","isPartOf":{"@id":"https:\/\/foliobooks.pl\/en\/#website"},"primaryImageOfPage":{"@id":"https:\/\/foliobooks.pl\/en\/shop\/avedon-advertising\/#primaryimage"},"image":{"@id":"https:\/\/foliobooks.pl\/en\/shop\/avedon-advertising\/#primaryimage"},"thumbnailUrl":"https:\/\/foliobooks.pl\/wp-content\/uploads\/2020\/08\/9781419733383.png","datePublished":"2020-08-20T13:24:20+00:00","dateModified":"2021-10-14T12:07:43+00:00","description":"Wejd\u017a i kup ksi\u0105\u017ck\u0119 Avedon Advertising autorstwa Richard Avedon wydan\u0105 przez ABRAMS (2019-10-08) w formacie 23,5 x 34,9 cm (ISBN: 9781419733383). Zapraszamy!","breadcrumb":{"@id":"https:\/\/foliobooks.pl\/en\/shop\/avedon-advertising\/#breadcrumb"},"inLanguage":"en-US","potentialAction":[{"@type":"ReadAction","target":["https:\/\/foliobooks.pl\/en\/shop\/avedon-advertising\/"]}]},{"@type":"ImageObject","inLanguage":"en-US","@id":"https:\/\/foliobooks.pl\/en\/shop\/avedon-advertising\/#primaryimage","url":"https:\/\/foliobooks.pl\/wp-content\/uploads\/2020\/08\/9781419733383.png","contentUrl":"https:\/\/foliobooks.pl\/wp-content\/uploads\/2020\/08\/9781419733383.png","width":570,"height":708},{"@type":"BreadcrumbList","@id":"https:\/\/foliobooks.pl\/en\/shop\/avedon-advertising\/#breadcrumb","itemListElement":[{"@type":"ListItem","position":1,"name":"Strona g\u0142\u00f3wna","item":"https:\/\/foliobooks.pl\/en\/"},{"@type":"ListItem","position":2,"name":"Shop","item":"https:\/\/foliobooks.pl\/en\/shop\/"},{"@type":"ListItem","position":3,"name":"Avedon Advertising"}]},{"@type":"WebSite","@id":"https:\/\/foliobooks.pl\/en\/#website","url":"https:\/\/foliobooks.pl\/en\/","name":"Folio","description":"Ksi\u0119garnia internetowa","potentialAction":[{"@type":"SearchAction","target":{"@type":"EntryPoint","urlTemplate":"https:\/\/foliobooks.pl\/en\/?s={search_term_string}"},"query-input":{"@type":"PropertyValueSpecification","valueRequired":true,"valueName":"search_term_string"}}],"inLanguage":"en-US"}]}},"_links":{"self":[{"href":"https:\/\/foliobooks.pl\/en\/wp-json\/wp\/v2\/product\/51361","targetHints":{"allow":["GET"]}}],"collection":[{"href":"https:\/\/foliobooks.pl\/en\/wp-json\/wp\/v2\/product"}],"about":[{"href":"https:\/\/foliobooks.pl\/en\/wp-json\/wp\/v2\/types\/product"}],"replies":[{"embeddable":true,"href":"https:\/\/foliobooks.pl\/en\/wp-json\/wp\/v2\/comments?post=51361"}],"wp:featuredmedia":[{"embeddable":true,"href":"https:\/\/foliobooks.pl\/en\/wp-json\/wp\/v2\/media\/51348"}],"wp:attachment":[{"href":"https:\/\/foliobooks.pl\/en\/wp-json\/wp\/v2\/media?parent=51361"}],"wp:term":[{"taxonomy":"product_brand","embeddable":true,"href":"https:\/\/foliobooks.pl\/en\/wp-json\/wp\/v2\/product_brand?post=51361"},{"taxonomy":"product_cat","embeddable":true,"href":"https:\/\/foliobooks.pl\/en\/wp-json\/wp\/v2\/product_cat?post=51361"},{"taxonomy":"product_tag","embeddable":true,"href":"https:\/\/foliobooks.pl\/en\/wp-json\/wp\/v2\/product_tag?post=51361"}],"curies":[{"name":"wp","href":"https:\/\/api.w.org\/{rel}","templated":true}]}}