{"id":50905,"date":"2020-06-29T11:24:28","date_gmt":"2020-06-29T09:24:28","guid":{"rendered":"https:\/\/foliobooks.pl\/?post_type=product&#038;p=50905"},"modified":"2026-02-18T16:47:52","modified_gmt":"2026-02-18T15:47:52","slug":"watches-a-guide-by-hodinkee","status":"publish","type":"product","link":"https:\/\/foliobooks.pl\/en\/shop\/watches-a-guide-by-hodinkee\/","title":{"rendered":"Watches. A Guide by Hodinkee"},"content":{"rendered":"<p>Over a short ten-year time-span, Hodinkee has positioned itself as the preeminent and most distinguished destination for modern and vintage wristwatch enthusiasts. Exiting a career in finance, Ben Clymer decided to fuse his horological and writing passions in order to start a blog discussing everything from new products to vintage wristwatch auctions. Titling his endeavor after the Czech word hodinky, which means \u2018little watch,\u2019 Clymer sought to create a platform that was casual and accessible to all levels of enthusiasts\u2014within a few years The New York Times dubbed him the \u201cHigh Priest of Horology.\u201d<\/p>\n<p>What started as a humble blog quickly transformed into a full-fledged magazine and e-comm hub for some of the world\u2019s leading watch brands. Celebrating the decade milestone since Hodinkee\u2019s founding, this book captures the storied expertise of the world\u2019s leading experts on time. With chapters breaking down chronographs, dive watches, high design, and horological icons, this book is a connoisseur\u2019s compendium for the timepiece veterans and novices alike.<\/p>\n","protected":false},"excerpt":{"rendered":"<p>Over a short ten-year time-span, Hodinkee has positioned itself as the preeminent and most distinguished destination for modern and vintage wristwatch enthusiasts. Exiting a career in finance, Ben Clymer decided to fuse his horological and writing passions in order to start a blog discussing everything from new products to vintage wristwatch auctions. Titling his endeavor&#8230;<\/p>\n","protected":false},"featured_media":50979,"comment_status":"closed","ping_status":"closed","template":"","meta":[],"product_brand":[],"product_cat":[13533,4523,4526],"product_tag":[12482,4524,6125,12010],"class_list":{"0":"post-50905","1":"product","2":"type-product","3":"status-publish","4":"has-post-thumbnail","6":"product_cat-books","7":"product_cat-design-en-en","8":"product_cat-industrial-design","9":"product_tag-brands-en","10":"product_tag-design-en-en","11":"product_tag-fashion","12":"product_tag-watches-en","13":"pa_author_att-ben-clymer-en","14":"pa_cover-hardcover","15":"pa_format-249-x-33-cm-en","16":"pa_isbn-9781614288657-en","17":"pa_language-eng","18":"pa_pages-300-en","19":"pa_published-2019-12-10-en","20":"pa_publisher-assouline-en","22":"first","23":"outofstock","24":"sale","25":"sold-individually","26":"shipping-taxable","27":"purchasable","28":"product-type-simple"},"yoast_head":"<!-- This site is optimized with the Yoast SEO plugin v27.6 - https:\/\/yoast.com\/product\/yoast-seo-wordpress\/ -->\n<title>Watches. A Guide by Hodinkee (Ben Clymer) - book \/ album - Folio<\/title>\n<meta name=\"description\" content=\"Wejd\u017a i kup ksi\u0105\u017ck\u0119 Watches. A Guide by Hodinkee autorstwa Ben Clymer wydan\u0105 przez Assouline (2019-12-10) w formacie 24,9 x 33 cm (ISBN: 9781614288657). Zapraszamy!\" \/>\n<meta name=\"robots\" content=\"index, follow, max-snippet:-1, max-image-preview:large, max-video-preview:-1\" \/>\n<link rel=\"canonical\" href=\"https:\/\/foliobooks.pl\/en\/shop\/watches-a-guide-by-hodinkee\/\" \/>\n<meta property=\"og:locale\" content=\"en_US\" \/>\n<meta property=\"og:type\" content=\"article\" \/>\n<meta property=\"og:title\" content=\"Watches. A Guide by Hodinkee (Ben Clymer) - book \/ album - Folio\" \/>\n<meta property=\"og:description\" content=\"Wejd\u017a i kup ksi\u0105\u017ck\u0119 Watches. A Guide by Hodinkee autorstwa Ben Clymer wydan\u0105 przez Assouline (2019-12-10) w formacie 24,9 x 33 cm (ISBN: 9781614288657). Zapraszamy!\" \/>\n<meta property=\"og:url\" content=\"https:\/\/foliobooks.pl\/en\/shop\/watches-a-guide-by-hodinkee\/\" \/>\n<meta property=\"og:site_name\" content=\"Folio\" \/>\n<meta property=\"article:modified_time\" content=\"2026-02-18T15:47:52+00:00\" \/>\n<meta property=\"og:image\" content=\"https:\/\/foliobooks.pl\/wp-content\/uploads\/2020\/06\/9781614288657.png\" \/>\n\t<meta property=\"og:image:width\" content=\"570\" \/>\n\t<meta property=\"og:image:height\" content=\"708\" \/>\n\t<meta property=\"og:image:type\" content=\"image\/png\" \/>\n<meta name=\"twitter:card\" content=\"summary_large_image\" \/>\n<meta name=\"twitter:label1\" content=\"Est. reading time\" \/>\n\t<meta name=\"twitter:data1\" content=\"1 minute\" \/>\n<script type=\"application\/ld+json\" class=\"yoast-schema-graph\">{\"@context\":\"https:\\\/\\\/schema.org\",\"@graph\":[{\"@type\":\"WebPage\",\"@id\":\"https:\\\/\\\/foliobooks.pl\\\/en\\\/shop\\\/watches-a-guide-by-hodinkee\\\/\",\"url\":\"https:\\\/\\\/foliobooks.pl\\\/en\\\/shop\\\/watches-a-guide-by-hodinkee\\\/\",\"name\":\"Watches. A Guide by Hodinkee (Ben Clymer) - book \\\/ album - Folio\",\"isPartOf\":{\"@id\":\"https:\\\/\\\/foliobooks.pl\\\/en\\\/#website\"},\"primaryImageOfPage\":{\"@id\":\"https:\\\/\\\/foliobooks.pl\\\/en\\\/shop\\\/watches-a-guide-by-hodinkee\\\/#primaryimage\"},\"image\":{\"@id\":\"https:\\\/\\\/foliobooks.pl\\\/en\\\/shop\\\/watches-a-guide-by-hodinkee\\\/#primaryimage\"},\"thumbnailUrl\":\"https:\\\/\\\/foliobooks.pl\\\/wp-content\\\/uploads\\\/2020\\\/06\\\/9781614288657.png\",\"datePublished\":\"2020-06-29T09:24:28+00:00\",\"dateModified\":\"2026-02-18T15:47:52+00:00\",\"description\":\"Wejd\u017a i kup ksi\u0105\u017ck\u0119 Watches. A Guide by Hodinkee autorstwa Ben Clymer wydan\u0105 przez Assouline (2019-12-10) w formacie 24,9 x 33 cm (ISBN: 9781614288657). Zapraszamy!\",\"breadcrumb\":{\"@id\":\"https:\\\/\\\/foliobooks.pl\\\/en\\\/shop\\\/watches-a-guide-by-hodinkee\\\/#breadcrumb\"},\"inLanguage\":\"en-US\",\"potentialAction\":[{\"@type\":\"ReadAction\",\"target\":[\"https:\\\/\\\/foliobooks.pl\\\/en\\\/shop\\\/watches-a-guide-by-hodinkee\\\/\"]}]},{\"@type\":\"ImageObject\",\"inLanguage\":\"en-US\",\"@id\":\"https:\\\/\\\/foliobooks.pl\\\/en\\\/shop\\\/watches-a-guide-by-hodinkee\\\/#primaryimage\",\"url\":\"https:\\\/\\\/foliobooks.pl\\\/wp-content\\\/uploads\\\/2020\\\/06\\\/9781614288657.png\",\"contentUrl\":\"https:\\\/\\\/foliobooks.pl\\\/wp-content\\\/uploads\\\/2020\\\/06\\\/9781614288657.png\",\"width\":570,\"height\":708},{\"@type\":\"BreadcrumbList\",\"@id\":\"https:\\\/\\\/foliobooks.pl\\\/en\\\/shop\\\/watches-a-guide-by-hodinkee\\\/#breadcrumb\",\"itemListElement\":[{\"@type\":\"ListItem\",\"position\":1,\"name\":\"Strona g\u0142\u00f3wna\",\"item\":\"https:\\\/\\\/foliobooks.pl\\\/en\\\/\"},{\"@type\":\"ListItem\",\"position\":2,\"name\":\"Shop\",\"item\":\"https:\\\/\\\/foliobooks.pl\\\/en\\\/shop\\\/\"},{\"@type\":\"ListItem\",\"position\":3,\"name\":\"Watches. A Guide by Hodinkee\"}]},{\"@type\":\"WebSite\",\"@id\":\"https:\\\/\\\/foliobooks.pl\\\/en\\\/#website\",\"url\":\"https:\\\/\\\/foliobooks.pl\\\/en\\\/\",\"name\":\"Folio\",\"description\":\"Ksi\u0119garnia internetowa\",\"potentialAction\":[{\"@type\":\"SearchAction\",\"target\":{\"@type\":\"EntryPoint\",\"urlTemplate\":\"https:\\\/\\\/foliobooks.pl\\\/en\\\/?s={search_term_string}\"},\"query-input\":{\"@type\":\"PropertyValueSpecification\",\"valueRequired\":true,\"valueName\":\"search_term_string\"}}],\"inLanguage\":\"en-US\"}]}<\/script>\n<!-- \/ Yoast SEO plugin. -->","yoast_head_json":{"title":"Watches. A Guide by Hodinkee (Ben Clymer) - book \/ album - Folio","description":"Wejd\u017a i kup ksi\u0105\u017ck\u0119 Watches. A Guide by Hodinkee autorstwa Ben Clymer wydan\u0105 przez Assouline (2019-12-10) w formacie 24,9 x 33 cm (ISBN: 9781614288657). Zapraszamy!","robots":{"index":"index","follow":"follow","max-snippet":"max-snippet:-1","max-image-preview":"max-image-preview:large","max-video-preview":"max-video-preview:-1"},"canonical":"https:\/\/foliobooks.pl\/en\/shop\/watches-a-guide-by-hodinkee\/","og_locale":"en_US","og_type":"article","og_title":"Watches. A Guide by Hodinkee (Ben Clymer) - book \/ album - Folio","og_description":"Wejd\u017a i kup ksi\u0105\u017ck\u0119 Watches. A Guide by Hodinkee autorstwa Ben Clymer wydan\u0105 przez Assouline (2019-12-10) w formacie 24,9 x 33 cm (ISBN: 9781614288657). Zapraszamy!","og_url":"https:\/\/foliobooks.pl\/en\/shop\/watches-a-guide-by-hodinkee\/","og_site_name":"Folio","article_modified_time":"2026-02-18T15:47:52+00:00","og_image":[{"width":570,"height":708,"url":"https:\/\/foliobooks.pl\/wp-content\/uploads\/2020\/06\/9781614288657.png","type":"image\/png"}],"twitter_card":"summary_large_image","twitter_misc":{"Est. reading time":"1 minute"},"schema":{"@context":"https:\/\/schema.org","@graph":[{"@type":"WebPage","@id":"https:\/\/foliobooks.pl\/en\/shop\/watches-a-guide-by-hodinkee\/","url":"https:\/\/foliobooks.pl\/en\/shop\/watches-a-guide-by-hodinkee\/","name":"Watches. A Guide by Hodinkee (Ben Clymer) - book \/ album - Folio","isPartOf":{"@id":"https:\/\/foliobooks.pl\/en\/#website"},"primaryImageOfPage":{"@id":"https:\/\/foliobooks.pl\/en\/shop\/watches-a-guide-by-hodinkee\/#primaryimage"},"image":{"@id":"https:\/\/foliobooks.pl\/en\/shop\/watches-a-guide-by-hodinkee\/#primaryimage"},"thumbnailUrl":"https:\/\/foliobooks.pl\/wp-content\/uploads\/2020\/06\/9781614288657.png","datePublished":"2020-06-29T09:24:28+00:00","dateModified":"2026-02-18T15:47:52+00:00","description":"Wejd\u017a i kup ksi\u0105\u017ck\u0119 Watches. A Guide by Hodinkee autorstwa Ben Clymer wydan\u0105 przez Assouline (2019-12-10) w formacie 24,9 x 33 cm (ISBN: 9781614288657). Zapraszamy!","breadcrumb":{"@id":"https:\/\/foliobooks.pl\/en\/shop\/watches-a-guide-by-hodinkee\/#breadcrumb"},"inLanguage":"en-US","potentialAction":[{"@type":"ReadAction","target":["https:\/\/foliobooks.pl\/en\/shop\/watches-a-guide-by-hodinkee\/"]}]},{"@type":"ImageObject","inLanguage":"en-US","@id":"https:\/\/foliobooks.pl\/en\/shop\/watches-a-guide-by-hodinkee\/#primaryimage","url":"https:\/\/foliobooks.pl\/wp-content\/uploads\/2020\/06\/9781614288657.png","contentUrl":"https:\/\/foliobooks.pl\/wp-content\/uploads\/2020\/06\/9781614288657.png","width":570,"height":708},{"@type":"BreadcrumbList","@id":"https:\/\/foliobooks.pl\/en\/shop\/watches-a-guide-by-hodinkee\/#breadcrumb","itemListElement":[{"@type":"ListItem","position":1,"name":"Strona g\u0142\u00f3wna","item":"https:\/\/foliobooks.pl\/en\/"},{"@type":"ListItem","position":2,"name":"Shop","item":"https:\/\/foliobooks.pl\/en\/shop\/"},{"@type":"ListItem","position":3,"name":"Watches. A Guide by Hodinkee"}]},{"@type":"WebSite","@id":"https:\/\/foliobooks.pl\/en\/#website","url":"https:\/\/foliobooks.pl\/en\/","name":"Folio","description":"Ksi\u0119garnia internetowa","potentialAction":[{"@type":"SearchAction","target":{"@type":"EntryPoint","urlTemplate":"https:\/\/foliobooks.pl\/en\/?s={search_term_string}"},"query-input":{"@type":"PropertyValueSpecification","valueRequired":true,"valueName":"search_term_string"}}],"inLanguage":"en-US"}]}},"_links":{"self":[{"href":"https:\/\/foliobooks.pl\/en\/wp-json\/wp\/v2\/product\/50905","targetHints":{"allow":["GET"]}}],"collection":[{"href":"https:\/\/foliobooks.pl\/en\/wp-json\/wp\/v2\/product"}],"about":[{"href":"https:\/\/foliobooks.pl\/en\/wp-json\/wp\/v2\/types\/product"}],"replies":[{"embeddable":true,"href":"https:\/\/foliobooks.pl\/en\/wp-json\/wp\/v2\/comments?post=50905"}],"wp:featuredmedia":[{"embeddable":true,"href":"https:\/\/foliobooks.pl\/en\/wp-json\/wp\/v2\/media\/50979"}],"wp:attachment":[{"href":"https:\/\/foliobooks.pl\/en\/wp-json\/wp\/v2\/media?parent=50905"}],"wp:term":[{"taxonomy":"product_brand","embeddable":true,"href":"https:\/\/foliobooks.pl\/en\/wp-json\/wp\/v2\/product_brand?post=50905"},{"taxonomy":"product_cat","embeddable":true,"href":"https:\/\/foliobooks.pl\/en\/wp-json\/wp\/v2\/product_cat?post=50905"},{"taxonomy":"product_tag","embeddable":true,"href":"https:\/\/foliobooks.pl\/en\/wp-json\/wp\/v2\/product_tag?post=50905"}],"curies":[{"name":"wp","href":"https:\/\/api.w.org\/{rel}","templated":true}]}}