{"id":5090,"date":"2015-06-24T16:40:28","date_gmt":"2015-06-24T14:40:28","guid":{"rendered":"http:\/\/foliobooks.pl\/?post_type=product&#038;p=5090"},"modified":"2025-06-18T18:14:41","modified_gmt":"2025-06-18T16:14:41","slug":"bourgery-atlas-of-human-anatomy-and-surgery","status":"publish","type":"product","link":"https:\/\/foliobooks.pl\/en\/shop\/bourgery-atlas-of-human-anatomy-and-surgery\/","title":{"rendered":"Bourgery. Atlas of Human Anatomy and Surgery"},"content":{"rendered":"<p>We owe a great debt to Jean Baptiste Marc Bourgery (1797\u20131849) for his <em>Atlas of Anatomy<\/em>, which was not only a massive event in medical history, but also remains one of the most comprehensive and beautifully illustrated anatomical treatises ever published.<\/p>\n<p>Bourgery began work on his magnificent atlas in 1830 in cooperation with illustrator Nicolas Henri Jacob (1782\u20131871), a student of the French painter Jacques Louis David. The first volumes were published the following year, but completion of the treatise required nearly two decades of dedication; Bourgery lived just long enough to finish his labor of love, but the last of the treatise\u2019s eight volumes was not published in its entirety until five years after his death.<\/p>\n<p>The eight volumes of Bourgery\u2019s treatise cover descriptive anatomy, surgical anatomy and techniques (exploring in detail nearly all the major operations that were performed during the first half of the 19th century), general anatomy and embryology, and microscopic anatomy. Jacob\u2019s spectacular hand-colored lithographs are remarkable for their clarity, color, and aesthetic appeal, reflecting a combination of direct laboratory observation and illustrative research. Unsurpassed to this day, the images offer exceptional anatomical insight, not only for those in the medical field but also for artists, students, and anyone interested in the workings and wonder of the human body.<\/p>\n<p>About the Series: <em>Bibliotheca Universalis<\/em> \u2014 Compact cultural companions celebrating the eclectic TASCHEN universe at an unbeatable, democratic price!<br \/>\nSince we started our work as cultural archaeologists in 1980, the name TASCHEN has become synonymous with accessible, open-minded publishing. <em>Bibliotheca Universalis<\/em> brings together nearly 100 of our all-time favorite titles in a neat new format so you can curate your own affordable library of art, anthropology, and aphrodisia.<br \/>\nBookworm\u2019s delight \u2014 never bore, always excite!<\/p>\n","protected":false},"excerpt":{"rendered":"<p>We owe a great debt to Jean Baptiste Marc Bourgery (1797\u20131849) for his Atlas of Anatomy, which was not only a massive event in medical history, but also remains one of the most comprehensive and beautifully illustrated anatomical treatises ever published. Bourgery began work on his magnificent atlas in 1830 in cooperation with illustrator Nicolas&#8230;<\/p>\n","protected":false},"featured_media":93865,"comment_status":"closed","ping_status":"closed","template":"","meta":[],"product_brand":[],"product_cat":[4521],"product_tag":[2253,1681,1649],"class_list":{"0":"post-5090","1":"product","2":"type-product","3":"status-publish","4":"has-post-thumbnail","6":"product_cat-silva-rerum-en-en","7":"product_tag-graphics","8":"product_tag-history","9":"product_tag-illustration","10":"pa_author_att-henri-sick-en","11":"pa_author_att-jean-marie-le-minor-en","12":"pa_cover-hardcover","13":"pa_format-20-x-145-cm-en","14":"pa_isbn-9783836556620-en","15":"pa_language-multi","16":"pa_pages-832-en","17":"pa_published-2015-06-15-en","18":"pa_publisher-taschen-en-en","20":"first","21":"instock","22":"sold-individually","23":"shipping-taxable","24":"purchasable","25":"product-type-simple"},"yoast_head":"<!-- This site is optimized with the Yoast SEO plugin v27.4 - https:\/\/yoast.com\/product\/yoast-seo-wordpress\/ -->\n<title>Bourgery. Atlas of Human Anatomy and Surgery (Henri Sick, Jean-Marie Le Minor) - book \/ album - Folio<\/title>\n<meta name=\"description\" content=\"Wejd\u017a i kup ksi\u0105\u017ck\u0119 Bourgery. Atlas of Human Anatomy and Surgery autorstwa Henri Sick, Jean-Marie Le Minor wydan\u0105 przez TASCHEN (2015-06-15) w formacie 20 x 14,5 cm (ISBN: 9783836556620). Zapraszamy!\" \/>\n<meta name=\"robots\" content=\"index, follow, max-snippet:-1, max-image-preview:large, max-video-preview:-1\" \/>\n<link rel=\"canonical\" href=\"https:\/\/foliobooks.pl\/en\/shop\/bourgery-atlas-of-human-anatomy-and-surgery\/\" \/>\n<meta property=\"og:locale\" content=\"en_US\" \/>\n<meta property=\"og:type\" content=\"article\" \/>\n<meta property=\"og:title\" content=\"Bourgery. Atlas of Human Anatomy and Surgery (Henri Sick, Jean-Marie Le Minor) - book \/ album - Folio\" \/>\n<meta property=\"og:description\" content=\"Wejd\u017a i kup ksi\u0105\u017ck\u0119 Bourgery. Atlas of Human Anatomy and Surgery autorstwa Henri Sick, Jean-Marie Le Minor wydan\u0105 przez TASCHEN (2015-06-15) w formacie 20 x 14,5 cm (ISBN: 9783836556620). Zapraszamy!\" \/>\n<meta property=\"og:url\" content=\"https:\/\/foliobooks.pl\/en\/shop\/bourgery-atlas-of-human-anatomy-and-surgery\/\" \/>\n<meta property=\"og:site_name\" content=\"Folio\" \/>\n<meta property=\"article:modified_time\" content=\"2025-06-18T16:14:41+00:00\" \/>\n<meta property=\"og:image\" content=\"https:\/\/foliobooks.pl\/wp-content\/uploads\/2015\/06\/9783836556620.jpg\" \/>\n\t<meta property=\"og:image:width\" content=\"450\" \/>\n\t<meta property=\"og:image:height\" content=\"450\" \/>\n\t<meta property=\"og:image:type\" content=\"image\/jpeg\" \/>\n<meta name=\"twitter:card\" content=\"summary_large_image\" \/>\n<meta name=\"twitter:label1\" content=\"Est. reading time\" \/>\n\t<meta name=\"twitter:data1\" content=\"1 minute\" \/>\n<script type=\"application\/ld+json\" class=\"yoast-schema-graph\">{\"@context\":\"https:\\\/\\\/schema.org\",\"@graph\":[{\"@type\":\"WebPage\",\"@id\":\"https:\\\/\\\/foliobooks.pl\\\/en\\\/shop\\\/bourgery-atlas-of-human-anatomy-and-surgery\\\/\",\"url\":\"https:\\\/\\\/foliobooks.pl\\\/en\\\/shop\\\/bourgery-atlas-of-human-anatomy-and-surgery\\\/\",\"name\":\"Bourgery. Atlas of Human Anatomy and Surgery (Henri Sick, Jean-Marie Le Minor) - book \\\/ album - Folio\",\"isPartOf\":{\"@id\":\"https:\\\/\\\/foliobooks.pl\\\/en\\\/#website\"},\"primaryImageOfPage\":{\"@id\":\"https:\\\/\\\/foliobooks.pl\\\/en\\\/shop\\\/bourgery-atlas-of-human-anatomy-and-surgery\\\/#primaryimage\"},\"image\":{\"@id\":\"https:\\\/\\\/foliobooks.pl\\\/en\\\/shop\\\/bourgery-atlas-of-human-anatomy-and-surgery\\\/#primaryimage\"},\"thumbnailUrl\":\"https:\\\/\\\/foliobooks.pl\\\/wp-content\\\/uploads\\\/2015\\\/06\\\/9783836556620.jpg\",\"datePublished\":\"2015-06-24T14:40:28+00:00\",\"dateModified\":\"2025-06-18T16:14:41+00:00\",\"description\":\"Wejd\u017a i kup ksi\u0105\u017ck\u0119 Bourgery. Atlas of Human Anatomy and Surgery autorstwa Henri Sick, Jean-Marie Le Minor wydan\u0105 przez TASCHEN (2015-06-15) w formacie 20 x 14,5 cm (ISBN: 9783836556620). Zapraszamy!\",\"breadcrumb\":{\"@id\":\"https:\\\/\\\/foliobooks.pl\\\/en\\\/shop\\\/bourgery-atlas-of-human-anatomy-and-surgery\\\/#breadcrumb\"},\"inLanguage\":\"en-US\",\"potentialAction\":[{\"@type\":\"ReadAction\",\"target\":[\"https:\\\/\\\/foliobooks.pl\\\/en\\\/shop\\\/bourgery-atlas-of-human-anatomy-and-surgery\\\/\"]}]},{\"@type\":\"ImageObject\",\"inLanguage\":\"en-US\",\"@id\":\"https:\\\/\\\/foliobooks.pl\\\/en\\\/shop\\\/bourgery-atlas-of-human-anatomy-and-surgery\\\/#primaryimage\",\"url\":\"https:\\\/\\\/foliobooks.pl\\\/wp-content\\\/uploads\\\/2015\\\/06\\\/9783836556620.jpg\",\"contentUrl\":\"https:\\\/\\\/foliobooks.pl\\\/wp-content\\\/uploads\\\/2015\\\/06\\\/9783836556620.jpg\",\"width\":450,\"height\":450},{\"@type\":\"BreadcrumbList\",\"@id\":\"https:\\\/\\\/foliobooks.pl\\\/en\\\/shop\\\/bourgery-atlas-of-human-anatomy-and-surgery\\\/#breadcrumb\",\"itemListElement\":[{\"@type\":\"ListItem\",\"position\":1,\"name\":\"Strona g\u0142\u00f3wna\",\"item\":\"https:\\\/\\\/foliobooks.pl\\\/en\\\/\"},{\"@type\":\"ListItem\",\"position\":2,\"name\":\"Shop\",\"item\":\"https:\\\/\\\/foliobooks.pl\\\/en\\\/shop\\\/\"},{\"@type\":\"ListItem\",\"position\":3,\"name\":\"Bourgery. Atlas of Human Anatomy and Surgery\"}]},{\"@type\":\"WebSite\",\"@id\":\"https:\\\/\\\/foliobooks.pl\\\/en\\\/#website\",\"url\":\"https:\\\/\\\/foliobooks.pl\\\/en\\\/\",\"name\":\"Folio\",\"description\":\"Ksi\u0119garnia internetowa\",\"potentialAction\":[{\"@type\":\"SearchAction\",\"target\":{\"@type\":\"EntryPoint\",\"urlTemplate\":\"https:\\\/\\\/foliobooks.pl\\\/en\\\/?s={search_term_string}\"},\"query-input\":{\"@type\":\"PropertyValueSpecification\",\"valueRequired\":true,\"valueName\":\"search_term_string\"}}],\"inLanguage\":\"en-US\"}]}<\/script>\n<!-- \/ Yoast SEO plugin. -->","yoast_head_json":{"title":"Bourgery. Atlas of Human Anatomy and Surgery (Henri Sick, Jean-Marie Le Minor) - book \/ album - Folio","description":"Wejd\u017a i kup ksi\u0105\u017ck\u0119 Bourgery. Atlas of Human Anatomy and Surgery autorstwa Henri Sick, Jean-Marie Le Minor wydan\u0105 przez TASCHEN (2015-06-15) w formacie 20 x 14,5 cm (ISBN: 9783836556620). Zapraszamy!","robots":{"index":"index","follow":"follow","max-snippet":"max-snippet:-1","max-image-preview":"max-image-preview:large","max-video-preview":"max-video-preview:-1"},"canonical":"https:\/\/foliobooks.pl\/en\/shop\/bourgery-atlas-of-human-anatomy-and-surgery\/","og_locale":"en_US","og_type":"article","og_title":"Bourgery. Atlas of Human Anatomy and Surgery (Henri Sick, Jean-Marie Le Minor) - book \/ album - Folio","og_description":"Wejd\u017a i kup ksi\u0105\u017ck\u0119 Bourgery. Atlas of Human Anatomy and Surgery autorstwa Henri Sick, Jean-Marie Le Minor wydan\u0105 przez TASCHEN (2015-06-15) w formacie 20 x 14,5 cm (ISBN: 9783836556620). Zapraszamy!","og_url":"https:\/\/foliobooks.pl\/en\/shop\/bourgery-atlas-of-human-anatomy-and-surgery\/","og_site_name":"Folio","article_modified_time":"2025-06-18T16:14:41+00:00","og_image":[{"width":450,"height":450,"url":"https:\/\/foliobooks.pl\/wp-content\/uploads\/2015\/06\/9783836556620.jpg","type":"image\/jpeg"}],"twitter_card":"summary_large_image","twitter_misc":{"Est. reading time":"1 minute"},"schema":{"@context":"https:\/\/schema.org","@graph":[{"@type":"WebPage","@id":"https:\/\/foliobooks.pl\/en\/shop\/bourgery-atlas-of-human-anatomy-and-surgery\/","url":"https:\/\/foliobooks.pl\/en\/shop\/bourgery-atlas-of-human-anatomy-and-surgery\/","name":"Bourgery. Atlas of Human Anatomy and Surgery (Henri Sick, Jean-Marie Le Minor) - book \/ album - Folio","isPartOf":{"@id":"https:\/\/foliobooks.pl\/en\/#website"},"primaryImageOfPage":{"@id":"https:\/\/foliobooks.pl\/en\/shop\/bourgery-atlas-of-human-anatomy-and-surgery\/#primaryimage"},"image":{"@id":"https:\/\/foliobooks.pl\/en\/shop\/bourgery-atlas-of-human-anatomy-and-surgery\/#primaryimage"},"thumbnailUrl":"https:\/\/foliobooks.pl\/wp-content\/uploads\/2015\/06\/9783836556620.jpg","datePublished":"2015-06-24T14:40:28+00:00","dateModified":"2025-06-18T16:14:41+00:00","description":"Wejd\u017a i kup ksi\u0105\u017ck\u0119 Bourgery. Atlas of Human Anatomy and Surgery autorstwa Henri Sick, Jean-Marie Le Minor wydan\u0105 przez TASCHEN (2015-06-15) w formacie 20 x 14,5 cm (ISBN: 9783836556620). Zapraszamy!","breadcrumb":{"@id":"https:\/\/foliobooks.pl\/en\/shop\/bourgery-atlas-of-human-anatomy-and-surgery\/#breadcrumb"},"inLanguage":"en-US","potentialAction":[{"@type":"ReadAction","target":["https:\/\/foliobooks.pl\/en\/shop\/bourgery-atlas-of-human-anatomy-and-surgery\/"]}]},{"@type":"ImageObject","inLanguage":"en-US","@id":"https:\/\/foliobooks.pl\/en\/shop\/bourgery-atlas-of-human-anatomy-and-surgery\/#primaryimage","url":"https:\/\/foliobooks.pl\/wp-content\/uploads\/2015\/06\/9783836556620.jpg","contentUrl":"https:\/\/foliobooks.pl\/wp-content\/uploads\/2015\/06\/9783836556620.jpg","width":450,"height":450},{"@type":"BreadcrumbList","@id":"https:\/\/foliobooks.pl\/en\/shop\/bourgery-atlas-of-human-anatomy-and-surgery\/#breadcrumb","itemListElement":[{"@type":"ListItem","position":1,"name":"Strona g\u0142\u00f3wna","item":"https:\/\/foliobooks.pl\/en\/"},{"@type":"ListItem","position":2,"name":"Shop","item":"https:\/\/foliobooks.pl\/en\/shop\/"},{"@type":"ListItem","position":3,"name":"Bourgery. Atlas of Human Anatomy and Surgery"}]},{"@type":"WebSite","@id":"https:\/\/foliobooks.pl\/en\/#website","url":"https:\/\/foliobooks.pl\/en\/","name":"Folio","description":"Ksi\u0119garnia internetowa","potentialAction":[{"@type":"SearchAction","target":{"@type":"EntryPoint","urlTemplate":"https:\/\/foliobooks.pl\/en\/?s={search_term_string}"},"query-input":{"@type":"PropertyValueSpecification","valueRequired":true,"valueName":"search_term_string"}}],"inLanguage":"en-US"}]}},"_links":{"self":[{"href":"https:\/\/foliobooks.pl\/en\/wp-json\/wp\/v2\/product\/5090","targetHints":{"allow":["GET"]}}],"collection":[{"href":"https:\/\/foliobooks.pl\/en\/wp-json\/wp\/v2\/product"}],"about":[{"href":"https:\/\/foliobooks.pl\/en\/wp-json\/wp\/v2\/types\/product"}],"replies":[{"embeddable":true,"href":"https:\/\/foliobooks.pl\/en\/wp-json\/wp\/v2\/comments?post=5090"}],"wp:featuredmedia":[{"embeddable":true,"href":"https:\/\/foliobooks.pl\/en\/wp-json\/wp\/v2\/media\/93865"}],"wp:attachment":[{"href":"https:\/\/foliobooks.pl\/en\/wp-json\/wp\/v2\/media?parent=5090"}],"wp:term":[{"taxonomy":"product_brand","embeddable":true,"href":"https:\/\/foliobooks.pl\/en\/wp-json\/wp\/v2\/product_brand?post=5090"},{"taxonomy":"product_cat","embeddable":true,"href":"https:\/\/foliobooks.pl\/en\/wp-json\/wp\/v2\/product_cat?post=5090"},{"taxonomy":"product_tag","embeddable":true,"href":"https:\/\/foliobooks.pl\/en\/wp-json\/wp\/v2\/product_tag?post=5090"}],"curies":[{"name":"wp","href":"https:\/\/api.w.org\/{rel}","templated":true}]}}