{"id":5088,"date":"2015-06-24T16:33:46","date_gmt":"2015-06-24T14:33:46","guid":{"rendered":"http:\/\/foliobooks.pl\/?post_type=product&#038;p=5088"},"modified":"2022-09-20T16:22:54","modified_gmt":"2022-09-20T14:22:54","slug":"dhancarville-the-complete-collection-of-antiquities-from-the-cabinet-of-sir-william-hamilton","status":"publish","type":"product","link":"https:\/\/foliobooks.pl\/en\/shop\/dhancarville-the-complete-collection-of-antiquities-from-the-cabinet-of-sir-william-hamilton\/","title":{"rendered":"D&#8217;Hancarville. The Complete Collection of Antiquities from the Cabinet of Sir William Hamilton"},"content":{"rendered":"<p>Antiquarian, archaeologist, vulcanologist, and envoy to the British Embassy in Naples, Sir William Hamilton (1731\u20131803) was a leading European figure of his time. Though the romance between his wife Lady Emma Hamilton and Horatio Nelson tends to eclipse Sir William\u2019s own activities, his work as a scientist and a classicist made major contributions to the study of Pompei, Herculaneum, and Mt Vesuvius.<\/p>\n<p>As an expert in ancient art, Hamilton also built up an invaluable collection of ancient Greek vases, subsequently sold to the British Museum in London in 1772. Before the pieces were shipped off to England, Hamilton commissioned Pierre-Fran\u00e7ois Hugues d&#8217;Hancarville, an adventurous connoisseur and art dealer, to document the vases in words and images. The resulting catalog, published in four volumes and known as <em>Les Antiquit\u00e9s d&#8217;Hancarville<\/em>, represents a neoclassical masterpiece. Never before had ancient vases been represented with such meticulous detail and sublime beauty.<\/p>\n<p>With this reprint, TASCHEN revives d&#8217;Hancarville\u2019s masterful catalog for a contemporary audience, reproducing in exacting detail the same pristine images that sparked Europe&#8217;s love affair with the classical style.<\/p>\n<p>About the Series: <em>Bibliotheca Universalis<\/em> \u2014 Compact cultural companions celebrating the eclectic TASCHEN universe at an unbeatable, democratic price!<br \/>\nSince we started our work as cultural archaeologists in 1980, the name TASCHEN has become synonymous with accessible, open-minded publishing. <em>Bibliotheca Universalis<\/em> brings together nearly 100 of our all-time favorite titles in a neat new format so you can curate your own affordable library of art, anthropology, and aphrodisia.<br \/>\nBookworm\u2019s delight \u2014 never bore, always excite!<\/p>\n","protected":false},"excerpt":{"rendered":"<p>Antiquarian, archaeologist, vulcanologist, and envoy to the British Embassy in Naples, Sir William Hamilton (1731\u20131803) was a leading European figure of his time. Though the romance between his wife Lady Emma Hamilton and Horatio Nelson tends to eclipse Sir William\u2019s own activities, his work as a scientist and a classicist made major contributions to the&#8230;<\/p>\n","protected":false},"featured_media":5150,"comment_status":"closed","ping_status":"closed","template":"","meta":[],"product_brand":[],"product_cat":[4522],"product_tag":[1156,159,334,1548,1681],"class_list":{"0":"post-5088","1":"product","2":"type-product","3":"status-publish","4":"has-post-thumbnail","6":"product_cat-art-en","7":"product_tag-appliedarts-en","8":"product_tag-art-movements-en","9":"product_tag-collections-en","10":"product_tag-craft","11":"product_tag-history","12":"pa_author_att-madeleine-huwiler-en","13":"pa_author_att-sebastian-schutze-en","14":"pa_cover-hardcover","15":"pa_format-20-x-145-cm-en","16":"pa_isbn-9783836556422-en","17":"pa_language-multi","18":"pa_pages-576-en","19":"pa_published-2015-06-25-en","20":"pa_publisher-taschen-en-en","22":"first","23":"outofstock","24":"sold-individually","25":"shipping-taxable","26":"purchasable","27":"product-type-simple"},"yoast_head":"<!-- This site is optimized with the Yoast SEO plugin v27.5 - https:\/\/yoast.com\/product\/yoast-seo-wordpress\/ -->\n<title>D&#039;Hancarville. The Complete Collection of Antiquities from the Cabinet of Sir William Hamilton (Madeleine Huwiler, Sebastian Sch\u00fctze) - book \/ album - Folio<\/title>\n<meta name=\"description\" content=\"Wejd\u017a i kup ksi\u0105\u017ck\u0119 D&#039;Hancarville. The Complete Collection of Antiquities from the Cabinet of Sir William Hamilton autorstwa Madeleine Huwiler, Sebastian Sch\u00fctze wydan\u0105 przez TASCHEN (2015-06-25) w formacie 20 x 14,5 cm (ISBN: 9783836556422). Zapraszamy!\" \/>\n<meta name=\"robots\" content=\"index, follow, max-snippet:-1, max-image-preview:large, max-video-preview:-1\" \/>\n<link rel=\"canonical\" href=\"https:\/\/foliobooks.pl\/en\/shop\/dhancarville-the-complete-collection-of-antiquities-from-the-cabinet-of-sir-william-hamilton\/\" \/>\n<meta property=\"og:locale\" content=\"en_US\" \/>\n<meta property=\"og:type\" content=\"article\" \/>\n<meta property=\"og:title\" content=\"D&#039;Hancarville. The Complete Collection of Antiquities from the Cabinet of Sir William Hamilton (Madeleine Huwiler, Sebastian Sch\u00fctze) - book \/ album - Folio\" \/>\n<meta property=\"og:description\" content=\"Wejd\u017a i kup ksi\u0105\u017ck\u0119 D&#039;Hancarville. The Complete Collection of Antiquities from the Cabinet of Sir William Hamilton autorstwa Madeleine Huwiler, Sebastian Sch\u00fctze wydan\u0105 przez TASCHEN (2015-06-25) w formacie 20 x 14,5 cm (ISBN: 9783836556422). Zapraszamy!\" \/>\n<meta property=\"og:url\" content=\"https:\/\/foliobooks.pl\/en\/shop\/dhancarville-the-complete-collection-of-antiquities-from-the-cabinet-of-sir-william-hamilton\/\" \/>\n<meta property=\"og:site_name\" content=\"Folio\" \/>\n<meta property=\"article:modified_time\" content=\"2022-09-20T14:22:54+00:00\" \/>\n<meta property=\"og:image\" content=\"https:\/\/foliobooks.pl\/wp-content\/uploads\/2015\/06\/9783836556422.png\" \/>\n\t<meta property=\"og:image:width\" content=\"570\" \/>\n\t<meta property=\"og:image:height\" content=\"708\" \/>\n\t<meta property=\"og:image:type\" content=\"image\/png\" \/>\n<meta name=\"twitter:card\" content=\"summary_large_image\" \/>\n<meta name=\"twitter:label1\" content=\"Est. reading time\" \/>\n\t<meta name=\"twitter:data1\" content=\"1 minute\" \/>\n<script type=\"application\/ld+json\" class=\"yoast-schema-graph\">{\"@context\":\"https:\\\/\\\/schema.org\",\"@graph\":[{\"@type\":\"WebPage\",\"@id\":\"https:\\\/\\\/foliobooks.pl\\\/en\\\/shop\\\/dhancarville-the-complete-collection-of-antiquities-from-the-cabinet-of-sir-william-hamilton\\\/\",\"url\":\"https:\\\/\\\/foliobooks.pl\\\/en\\\/shop\\\/dhancarville-the-complete-collection-of-antiquities-from-the-cabinet-of-sir-william-hamilton\\\/\",\"name\":\"D'Hancarville. The Complete Collection of Antiquities from the Cabinet of Sir William Hamilton (Madeleine Huwiler, Sebastian Sch\u00fctze) - book \\\/ album - Folio\",\"isPartOf\":{\"@id\":\"https:\\\/\\\/foliobooks.pl\\\/en\\\/#website\"},\"primaryImageOfPage\":{\"@id\":\"https:\\\/\\\/foliobooks.pl\\\/en\\\/shop\\\/dhancarville-the-complete-collection-of-antiquities-from-the-cabinet-of-sir-william-hamilton\\\/#primaryimage\"},\"image\":{\"@id\":\"https:\\\/\\\/foliobooks.pl\\\/en\\\/shop\\\/dhancarville-the-complete-collection-of-antiquities-from-the-cabinet-of-sir-william-hamilton\\\/#primaryimage\"},\"thumbnailUrl\":\"https:\\\/\\\/foliobooks.pl\\\/wp-content\\\/uploads\\\/2015\\\/06\\\/9783836556422.png\",\"datePublished\":\"2015-06-24T14:33:46+00:00\",\"dateModified\":\"2022-09-20T14:22:54+00:00\",\"description\":\"Wejd\u017a i kup ksi\u0105\u017ck\u0119 D'Hancarville. The Complete Collection of Antiquities from the Cabinet of Sir William Hamilton autorstwa Madeleine Huwiler, Sebastian Sch\u00fctze wydan\u0105 przez TASCHEN (2015-06-25) w formacie 20 x 14,5 cm (ISBN: 9783836556422). Zapraszamy!\",\"breadcrumb\":{\"@id\":\"https:\\\/\\\/foliobooks.pl\\\/en\\\/shop\\\/dhancarville-the-complete-collection-of-antiquities-from-the-cabinet-of-sir-william-hamilton\\\/#breadcrumb\"},\"inLanguage\":\"en-US\",\"potentialAction\":[{\"@type\":\"ReadAction\",\"target\":[\"https:\\\/\\\/foliobooks.pl\\\/en\\\/shop\\\/dhancarville-the-complete-collection-of-antiquities-from-the-cabinet-of-sir-william-hamilton\\\/\"]}]},{\"@type\":\"ImageObject\",\"inLanguage\":\"en-US\",\"@id\":\"https:\\\/\\\/foliobooks.pl\\\/en\\\/shop\\\/dhancarville-the-complete-collection-of-antiquities-from-the-cabinet-of-sir-william-hamilton\\\/#primaryimage\",\"url\":\"https:\\\/\\\/foliobooks.pl\\\/wp-content\\\/uploads\\\/2015\\\/06\\\/9783836556422.png\",\"contentUrl\":\"https:\\\/\\\/foliobooks.pl\\\/wp-content\\\/uploads\\\/2015\\\/06\\\/9783836556422.png\",\"width\":570,\"height\":708},{\"@type\":\"BreadcrumbList\",\"@id\":\"https:\\\/\\\/foliobooks.pl\\\/en\\\/shop\\\/dhancarville-the-complete-collection-of-antiquities-from-the-cabinet-of-sir-william-hamilton\\\/#breadcrumb\",\"itemListElement\":[{\"@type\":\"ListItem\",\"position\":1,\"name\":\"Strona g\u0142\u00f3wna\",\"item\":\"https:\\\/\\\/foliobooks.pl\\\/en\\\/\"},{\"@type\":\"ListItem\",\"position\":2,\"name\":\"Shop\",\"item\":\"https:\\\/\\\/foliobooks.pl\\\/en\\\/shop\\\/\"},{\"@type\":\"ListItem\",\"position\":3,\"name\":\"D&#8217;Hancarville. The Complete Collection of Antiquities from the Cabinet of Sir William Hamilton\"}]},{\"@type\":\"WebSite\",\"@id\":\"https:\\\/\\\/foliobooks.pl\\\/en\\\/#website\",\"url\":\"https:\\\/\\\/foliobooks.pl\\\/en\\\/\",\"name\":\"Folio\",\"description\":\"Ksi\u0119garnia internetowa\",\"potentialAction\":[{\"@type\":\"SearchAction\",\"target\":{\"@type\":\"EntryPoint\",\"urlTemplate\":\"https:\\\/\\\/foliobooks.pl\\\/en\\\/?s={search_term_string}\"},\"query-input\":{\"@type\":\"PropertyValueSpecification\",\"valueRequired\":true,\"valueName\":\"search_term_string\"}}],\"inLanguage\":\"en-US\"}]}<\/script>\n<!-- \/ Yoast SEO plugin. -->","yoast_head_json":{"title":"D'Hancarville. The Complete Collection of Antiquities from the Cabinet of Sir William Hamilton (Madeleine Huwiler, Sebastian Sch\u00fctze) - book \/ album - Folio","description":"Wejd\u017a i kup ksi\u0105\u017ck\u0119 D'Hancarville. The Complete Collection of Antiquities from the Cabinet of Sir William Hamilton autorstwa Madeleine Huwiler, Sebastian Sch\u00fctze wydan\u0105 przez TASCHEN (2015-06-25) w formacie 20 x 14,5 cm (ISBN: 9783836556422). Zapraszamy!","robots":{"index":"index","follow":"follow","max-snippet":"max-snippet:-1","max-image-preview":"max-image-preview:large","max-video-preview":"max-video-preview:-1"},"canonical":"https:\/\/foliobooks.pl\/en\/shop\/dhancarville-the-complete-collection-of-antiquities-from-the-cabinet-of-sir-william-hamilton\/","og_locale":"en_US","og_type":"article","og_title":"D'Hancarville. The Complete Collection of Antiquities from the Cabinet of Sir William Hamilton (Madeleine Huwiler, Sebastian Sch\u00fctze) - book \/ album - Folio","og_description":"Wejd\u017a i kup ksi\u0105\u017ck\u0119 D'Hancarville. The Complete Collection of Antiquities from the Cabinet of Sir William Hamilton autorstwa Madeleine Huwiler, Sebastian Sch\u00fctze wydan\u0105 przez TASCHEN (2015-06-25) w formacie 20 x 14,5 cm (ISBN: 9783836556422). Zapraszamy!","og_url":"https:\/\/foliobooks.pl\/en\/shop\/dhancarville-the-complete-collection-of-antiquities-from-the-cabinet-of-sir-william-hamilton\/","og_site_name":"Folio","article_modified_time":"2022-09-20T14:22:54+00:00","og_image":[{"width":570,"height":708,"url":"https:\/\/foliobooks.pl\/wp-content\/uploads\/2015\/06\/9783836556422.png","type":"image\/png"}],"twitter_card":"summary_large_image","twitter_misc":{"Est. reading time":"1 minute"},"schema":{"@context":"https:\/\/schema.org","@graph":[{"@type":"WebPage","@id":"https:\/\/foliobooks.pl\/en\/shop\/dhancarville-the-complete-collection-of-antiquities-from-the-cabinet-of-sir-william-hamilton\/","url":"https:\/\/foliobooks.pl\/en\/shop\/dhancarville-the-complete-collection-of-antiquities-from-the-cabinet-of-sir-william-hamilton\/","name":"D'Hancarville. The Complete Collection of Antiquities from the Cabinet of Sir William Hamilton (Madeleine Huwiler, Sebastian Sch\u00fctze) - book \/ album - Folio","isPartOf":{"@id":"https:\/\/foliobooks.pl\/en\/#website"},"primaryImageOfPage":{"@id":"https:\/\/foliobooks.pl\/en\/shop\/dhancarville-the-complete-collection-of-antiquities-from-the-cabinet-of-sir-william-hamilton\/#primaryimage"},"image":{"@id":"https:\/\/foliobooks.pl\/en\/shop\/dhancarville-the-complete-collection-of-antiquities-from-the-cabinet-of-sir-william-hamilton\/#primaryimage"},"thumbnailUrl":"https:\/\/foliobooks.pl\/wp-content\/uploads\/2015\/06\/9783836556422.png","datePublished":"2015-06-24T14:33:46+00:00","dateModified":"2022-09-20T14:22:54+00:00","description":"Wejd\u017a i kup ksi\u0105\u017ck\u0119 D'Hancarville. The Complete Collection of Antiquities from the Cabinet of Sir William Hamilton autorstwa Madeleine Huwiler, Sebastian Sch\u00fctze wydan\u0105 przez TASCHEN (2015-06-25) w formacie 20 x 14,5 cm (ISBN: 9783836556422). Zapraszamy!","breadcrumb":{"@id":"https:\/\/foliobooks.pl\/en\/shop\/dhancarville-the-complete-collection-of-antiquities-from-the-cabinet-of-sir-william-hamilton\/#breadcrumb"},"inLanguage":"en-US","potentialAction":[{"@type":"ReadAction","target":["https:\/\/foliobooks.pl\/en\/shop\/dhancarville-the-complete-collection-of-antiquities-from-the-cabinet-of-sir-william-hamilton\/"]}]},{"@type":"ImageObject","inLanguage":"en-US","@id":"https:\/\/foliobooks.pl\/en\/shop\/dhancarville-the-complete-collection-of-antiquities-from-the-cabinet-of-sir-william-hamilton\/#primaryimage","url":"https:\/\/foliobooks.pl\/wp-content\/uploads\/2015\/06\/9783836556422.png","contentUrl":"https:\/\/foliobooks.pl\/wp-content\/uploads\/2015\/06\/9783836556422.png","width":570,"height":708},{"@type":"BreadcrumbList","@id":"https:\/\/foliobooks.pl\/en\/shop\/dhancarville-the-complete-collection-of-antiquities-from-the-cabinet-of-sir-william-hamilton\/#breadcrumb","itemListElement":[{"@type":"ListItem","position":1,"name":"Strona g\u0142\u00f3wna","item":"https:\/\/foliobooks.pl\/en\/"},{"@type":"ListItem","position":2,"name":"Shop","item":"https:\/\/foliobooks.pl\/en\/shop\/"},{"@type":"ListItem","position":3,"name":"D&#8217;Hancarville. The Complete Collection of Antiquities from the Cabinet of Sir William Hamilton"}]},{"@type":"WebSite","@id":"https:\/\/foliobooks.pl\/en\/#website","url":"https:\/\/foliobooks.pl\/en\/","name":"Folio","description":"Ksi\u0119garnia internetowa","potentialAction":[{"@type":"SearchAction","target":{"@type":"EntryPoint","urlTemplate":"https:\/\/foliobooks.pl\/en\/?s={search_term_string}"},"query-input":{"@type":"PropertyValueSpecification","valueRequired":true,"valueName":"search_term_string"}}],"inLanguage":"en-US"}]}},"_links":{"self":[{"href":"https:\/\/foliobooks.pl\/en\/wp-json\/wp\/v2\/product\/5088","targetHints":{"allow":["GET"]}}],"collection":[{"href":"https:\/\/foliobooks.pl\/en\/wp-json\/wp\/v2\/product"}],"about":[{"href":"https:\/\/foliobooks.pl\/en\/wp-json\/wp\/v2\/types\/product"}],"replies":[{"embeddable":true,"href":"https:\/\/foliobooks.pl\/en\/wp-json\/wp\/v2\/comments?post=5088"}],"wp:featuredmedia":[{"embeddable":true,"href":"https:\/\/foliobooks.pl\/en\/wp-json\/wp\/v2\/media\/5150"}],"wp:attachment":[{"href":"https:\/\/foliobooks.pl\/en\/wp-json\/wp\/v2\/media?parent=5088"}],"wp:term":[{"taxonomy":"product_brand","embeddable":true,"href":"https:\/\/foliobooks.pl\/en\/wp-json\/wp\/v2\/product_brand?post=5088"},{"taxonomy":"product_cat","embeddable":true,"href":"https:\/\/foliobooks.pl\/en\/wp-json\/wp\/v2\/product_cat?post=5088"},{"taxonomy":"product_tag","embeddable":true,"href":"https:\/\/foliobooks.pl\/en\/wp-json\/wp\/v2\/product_tag?post=5088"}],"curies":[{"name":"wp","href":"https:\/\/api.w.org\/{rel}","templated":true}]}}