{"id":5084,"date":"2015-06-24T16:29:13","date_gmt":"2015-06-24T14:29:13","guid":{"rendered":"http:\/\/foliobooks.pl\/?post_type=product&#038;p=5084"},"modified":"2025-11-17T10:24:26","modified_gmt":"2025-11-17T09:24:26","slug":"araki-tokyo-lucky-hole","status":"publish","type":"product","link":"https:\/\/foliobooks.pl\/en\/shop\/araki-tokyo-lucky-hole\/","title":{"rendered":"Araki. Tokyo Lucky Hole"},"content":{"rendered":"<p>It started in 1978 with an ordinary coffee shop near Kyoto. Word spread that the waitresses wore no panties under their miniskirts. Similar establishments popped up across the country. Men waited in line outside to pay three times the usual coffee price just to be served by a panty-free young woman.<\/p>\n<p>Within a few years, a new craze took hold: the no-panties \u201cmassage\u201d parlor. Increasingly bizarre services followed, from fondling clients through holes in coffins to commuter-train fetishists. One particularly popular destination was a Tokyo club called \u201cLucky Hole\u201d where clients stood on one side of a plywood partition, a hostess on the other. In between them was a hole big enough for a certain part of the male anatomy.<\/p>\n<p>Taking the <em>Lucky Hole<\/em> as his title, Nobuyoshi Araki captures Japan&#8217;s sex industry in full flower, documenting in more than 800 photos the pleasure-seekers and providers of Tokyo\u2019s Shinjuku neighborhood before the February 1985 New Amusement Business Control and Improvement Act put a stop to many of the country&#8217;s sex locales. Through mirrored walls, bed sheets, the bondage and the orgies, this is the last word on an age of bacchanalia, infused with moments of humor, precise poetry, and questioning interjections.<\/p>\n<p>About the Series: <em>Bibliotheca Universalis<\/em> \u2014 Compact cultural companions celebrating the eclectic TASCHEN universe at an unbeatable, democratic price!<br \/>\nSince we started our work as cultural archaeologists in 1980, the name TASCHEN has become synonymous with accessible, open-minded publishing. <em>Bibliotheca Universalis<\/em> brings together nearly 100 of our all-time favorite titles in a neat new format so you can curate your own affordable library of art, anthropology, and aphrodisia.<br \/>\nBookworm\u2019s delight \u2014 never bore, always excite!<\/p>\n","protected":false},"excerpt":{"rendered":"<p>It started in 1978 with an ordinary coffee shop near Kyoto. Word spread that the waitresses wore no panties under their miniskirts. Similar establishments popped up across the country. Men waited in line outside to pay three times the usual coffee price just to be served by a panty-free young woman. Within a few years,&#8230;<\/p>\n","protected":false},"featured_media":5120,"comment_status":"closed","ping_status":"closed","template":"","meta":[],"product_brand":[],"product_cat":[4517],"product_tag":[1647,1146,1175,514,154,516,1267,156],"class_list":{"0":"post-5084","1":"product","2":"type-product","3":"status-publish","4":"has-post-thumbnail","6":"product_cat-photography-en","7":"product_tag-erotica","8":"product_tag-great-masters-en","9":"product_tag-iconic-photographs","10":"product_tag-men-en","11":"product_tag-monographs","12":"product_tag-places-en","13":"product_tag-reportage","14":"product_tag-travel","15":"pa_author_att-nobuyoshi-araki-en","16":"pa_cover-hardcover","17":"pa_format-20-x-145-cm-en","18":"pa_isbn-9783836556385-en","19":"pa_language-multi","20":"pa_pages-704-en","21":"pa_published-2015-03-05-en","22":"pa_publisher-taschen-en-en","24":"first","25":"outofstock","26":"sold-individually","27":"shipping-taxable","28":"purchasable","29":"product-type-simple"},"yoast_head":"<!-- This site is optimized with the Yoast SEO plugin v27.4 - https:\/\/yoast.com\/product\/yoast-seo-wordpress\/ -->\n<title>Araki. Tokyo Lucky Hole (Nobuyoshi Araki) - book \/ album - Folio<\/title>\n<meta name=\"description\" content=\"Wejd\u017a i kup ksi\u0105\u017ck\u0119 Araki. Tokyo Lucky Hole autorstwa Nobuyoshi Araki wydan\u0105 przez TASCHEN (2015-03-05) w formacie 20 x 14,5 cm (ISBN: 9783836556385). Zapraszamy!\" \/>\n<meta name=\"robots\" content=\"index, follow, max-snippet:-1, max-image-preview:large, max-video-preview:-1\" \/>\n<link rel=\"canonical\" href=\"https:\/\/foliobooks.pl\/en\/shop\/araki-tokyo-lucky-hole\/\" \/>\n<meta property=\"og:locale\" content=\"en_US\" \/>\n<meta property=\"og:type\" content=\"article\" \/>\n<meta property=\"og:title\" content=\"Araki. Tokyo Lucky Hole (Nobuyoshi Araki) - book \/ album - Folio\" \/>\n<meta property=\"og:description\" content=\"Wejd\u017a i kup ksi\u0105\u017ck\u0119 Araki. Tokyo Lucky Hole autorstwa Nobuyoshi Araki wydan\u0105 przez TASCHEN (2015-03-05) w formacie 20 x 14,5 cm (ISBN: 9783836556385). Zapraszamy!\" \/>\n<meta property=\"og:url\" content=\"https:\/\/foliobooks.pl\/en\/shop\/araki-tokyo-lucky-hole\/\" \/>\n<meta property=\"og:site_name\" content=\"Folio\" \/>\n<meta property=\"article:modified_time\" content=\"2025-11-17T09:24:26+00:00\" \/>\n<meta property=\"og:image\" content=\"https:\/\/foliobooks.pl\/wp-content\/uploads\/2015\/06\/9783836556385.png\" \/>\n\t<meta property=\"og:image:width\" content=\"570\" \/>\n\t<meta property=\"og:image:height\" content=\"708\" \/>\n\t<meta property=\"og:image:type\" content=\"image\/png\" \/>\n<meta name=\"twitter:card\" content=\"summary_large_image\" \/>\n<meta name=\"twitter:label1\" content=\"Est. reading time\" \/>\n\t<meta name=\"twitter:data1\" content=\"1 minute\" \/>\n<script type=\"application\/ld+json\" class=\"yoast-schema-graph\">{\"@context\":\"https:\\\/\\\/schema.org\",\"@graph\":[{\"@type\":\"WebPage\",\"@id\":\"https:\\\/\\\/foliobooks.pl\\\/en\\\/shop\\\/araki-tokyo-lucky-hole\\\/\",\"url\":\"https:\\\/\\\/foliobooks.pl\\\/en\\\/shop\\\/araki-tokyo-lucky-hole\\\/\",\"name\":\"Araki. Tokyo Lucky Hole (Nobuyoshi Araki) - book \\\/ album - Folio\",\"isPartOf\":{\"@id\":\"https:\\\/\\\/foliobooks.pl\\\/en\\\/#website\"},\"primaryImageOfPage\":{\"@id\":\"https:\\\/\\\/foliobooks.pl\\\/en\\\/shop\\\/araki-tokyo-lucky-hole\\\/#primaryimage\"},\"image\":{\"@id\":\"https:\\\/\\\/foliobooks.pl\\\/en\\\/shop\\\/araki-tokyo-lucky-hole\\\/#primaryimage\"},\"thumbnailUrl\":\"https:\\\/\\\/foliobooks.pl\\\/wp-content\\\/uploads\\\/2015\\\/06\\\/9783836556385.png\",\"datePublished\":\"2015-06-24T14:29:13+00:00\",\"dateModified\":\"2025-11-17T09:24:26+00:00\",\"description\":\"Wejd\u017a i kup ksi\u0105\u017ck\u0119 Araki. Tokyo Lucky Hole autorstwa Nobuyoshi Araki wydan\u0105 przez TASCHEN (2015-03-05) w formacie 20 x 14,5 cm (ISBN: 9783836556385). Zapraszamy!\",\"breadcrumb\":{\"@id\":\"https:\\\/\\\/foliobooks.pl\\\/en\\\/shop\\\/araki-tokyo-lucky-hole\\\/#breadcrumb\"},\"inLanguage\":\"en-US\",\"potentialAction\":[{\"@type\":\"ReadAction\",\"target\":[\"https:\\\/\\\/foliobooks.pl\\\/en\\\/shop\\\/araki-tokyo-lucky-hole\\\/\"]}]},{\"@type\":\"ImageObject\",\"inLanguage\":\"en-US\",\"@id\":\"https:\\\/\\\/foliobooks.pl\\\/en\\\/shop\\\/araki-tokyo-lucky-hole\\\/#primaryimage\",\"url\":\"https:\\\/\\\/foliobooks.pl\\\/wp-content\\\/uploads\\\/2015\\\/06\\\/9783836556385.png\",\"contentUrl\":\"https:\\\/\\\/foliobooks.pl\\\/wp-content\\\/uploads\\\/2015\\\/06\\\/9783836556385.png\",\"width\":570,\"height\":708},{\"@type\":\"BreadcrumbList\",\"@id\":\"https:\\\/\\\/foliobooks.pl\\\/en\\\/shop\\\/araki-tokyo-lucky-hole\\\/#breadcrumb\",\"itemListElement\":[{\"@type\":\"ListItem\",\"position\":1,\"name\":\"Strona g\u0142\u00f3wna\",\"item\":\"https:\\\/\\\/foliobooks.pl\\\/en\\\/\"},{\"@type\":\"ListItem\",\"position\":2,\"name\":\"Shop\",\"item\":\"https:\\\/\\\/foliobooks.pl\\\/en\\\/shop\\\/\"},{\"@type\":\"ListItem\",\"position\":3,\"name\":\"Araki. Tokyo Lucky Hole\"}]},{\"@type\":\"WebSite\",\"@id\":\"https:\\\/\\\/foliobooks.pl\\\/en\\\/#website\",\"url\":\"https:\\\/\\\/foliobooks.pl\\\/en\\\/\",\"name\":\"Folio\",\"description\":\"Ksi\u0119garnia internetowa\",\"potentialAction\":[{\"@type\":\"SearchAction\",\"target\":{\"@type\":\"EntryPoint\",\"urlTemplate\":\"https:\\\/\\\/foliobooks.pl\\\/en\\\/?s={search_term_string}\"},\"query-input\":{\"@type\":\"PropertyValueSpecification\",\"valueRequired\":true,\"valueName\":\"search_term_string\"}}],\"inLanguage\":\"en-US\"}]}<\/script>\n<!-- \/ Yoast SEO plugin. -->","yoast_head_json":{"title":"Araki. Tokyo Lucky Hole (Nobuyoshi Araki) - book \/ album - Folio","description":"Wejd\u017a i kup ksi\u0105\u017ck\u0119 Araki. Tokyo Lucky Hole autorstwa Nobuyoshi Araki wydan\u0105 przez TASCHEN (2015-03-05) w formacie 20 x 14,5 cm (ISBN: 9783836556385). Zapraszamy!","robots":{"index":"index","follow":"follow","max-snippet":"max-snippet:-1","max-image-preview":"max-image-preview:large","max-video-preview":"max-video-preview:-1"},"canonical":"https:\/\/foliobooks.pl\/en\/shop\/araki-tokyo-lucky-hole\/","og_locale":"en_US","og_type":"article","og_title":"Araki. Tokyo Lucky Hole (Nobuyoshi Araki) - book \/ album - Folio","og_description":"Wejd\u017a i kup ksi\u0105\u017ck\u0119 Araki. Tokyo Lucky Hole autorstwa Nobuyoshi Araki wydan\u0105 przez TASCHEN (2015-03-05) w formacie 20 x 14,5 cm (ISBN: 9783836556385). Zapraszamy!","og_url":"https:\/\/foliobooks.pl\/en\/shop\/araki-tokyo-lucky-hole\/","og_site_name":"Folio","article_modified_time":"2025-11-17T09:24:26+00:00","og_image":[{"width":570,"height":708,"url":"https:\/\/foliobooks.pl\/wp-content\/uploads\/2015\/06\/9783836556385.png","type":"image\/png"}],"twitter_card":"summary_large_image","twitter_misc":{"Est. reading time":"1 minute"},"schema":{"@context":"https:\/\/schema.org","@graph":[{"@type":"WebPage","@id":"https:\/\/foliobooks.pl\/en\/shop\/araki-tokyo-lucky-hole\/","url":"https:\/\/foliobooks.pl\/en\/shop\/araki-tokyo-lucky-hole\/","name":"Araki. Tokyo Lucky Hole (Nobuyoshi Araki) - book \/ album - Folio","isPartOf":{"@id":"https:\/\/foliobooks.pl\/en\/#website"},"primaryImageOfPage":{"@id":"https:\/\/foliobooks.pl\/en\/shop\/araki-tokyo-lucky-hole\/#primaryimage"},"image":{"@id":"https:\/\/foliobooks.pl\/en\/shop\/araki-tokyo-lucky-hole\/#primaryimage"},"thumbnailUrl":"https:\/\/foliobooks.pl\/wp-content\/uploads\/2015\/06\/9783836556385.png","datePublished":"2015-06-24T14:29:13+00:00","dateModified":"2025-11-17T09:24:26+00:00","description":"Wejd\u017a i kup ksi\u0105\u017ck\u0119 Araki. Tokyo Lucky Hole autorstwa Nobuyoshi Araki wydan\u0105 przez TASCHEN (2015-03-05) w formacie 20 x 14,5 cm (ISBN: 9783836556385). Zapraszamy!","breadcrumb":{"@id":"https:\/\/foliobooks.pl\/en\/shop\/araki-tokyo-lucky-hole\/#breadcrumb"},"inLanguage":"en-US","potentialAction":[{"@type":"ReadAction","target":["https:\/\/foliobooks.pl\/en\/shop\/araki-tokyo-lucky-hole\/"]}]},{"@type":"ImageObject","inLanguage":"en-US","@id":"https:\/\/foliobooks.pl\/en\/shop\/araki-tokyo-lucky-hole\/#primaryimage","url":"https:\/\/foliobooks.pl\/wp-content\/uploads\/2015\/06\/9783836556385.png","contentUrl":"https:\/\/foliobooks.pl\/wp-content\/uploads\/2015\/06\/9783836556385.png","width":570,"height":708},{"@type":"BreadcrumbList","@id":"https:\/\/foliobooks.pl\/en\/shop\/araki-tokyo-lucky-hole\/#breadcrumb","itemListElement":[{"@type":"ListItem","position":1,"name":"Strona g\u0142\u00f3wna","item":"https:\/\/foliobooks.pl\/en\/"},{"@type":"ListItem","position":2,"name":"Shop","item":"https:\/\/foliobooks.pl\/en\/shop\/"},{"@type":"ListItem","position":3,"name":"Araki. Tokyo Lucky Hole"}]},{"@type":"WebSite","@id":"https:\/\/foliobooks.pl\/en\/#website","url":"https:\/\/foliobooks.pl\/en\/","name":"Folio","description":"Ksi\u0119garnia internetowa","potentialAction":[{"@type":"SearchAction","target":{"@type":"EntryPoint","urlTemplate":"https:\/\/foliobooks.pl\/en\/?s={search_term_string}"},"query-input":{"@type":"PropertyValueSpecification","valueRequired":true,"valueName":"search_term_string"}}],"inLanguage":"en-US"}]}},"_links":{"self":[{"href":"https:\/\/foliobooks.pl\/en\/wp-json\/wp\/v2\/product\/5084","targetHints":{"allow":["GET"]}}],"collection":[{"href":"https:\/\/foliobooks.pl\/en\/wp-json\/wp\/v2\/product"}],"about":[{"href":"https:\/\/foliobooks.pl\/en\/wp-json\/wp\/v2\/types\/product"}],"replies":[{"embeddable":true,"href":"https:\/\/foliobooks.pl\/en\/wp-json\/wp\/v2\/comments?post=5084"}],"wp:featuredmedia":[{"embeddable":true,"href":"https:\/\/foliobooks.pl\/en\/wp-json\/wp\/v2\/media\/5120"}],"wp:attachment":[{"href":"https:\/\/foliobooks.pl\/en\/wp-json\/wp\/v2\/media?parent=5084"}],"wp:term":[{"taxonomy":"product_brand","embeddable":true,"href":"https:\/\/foliobooks.pl\/en\/wp-json\/wp\/v2\/product_brand?post=5084"},{"taxonomy":"product_cat","embeddable":true,"href":"https:\/\/foliobooks.pl\/en\/wp-json\/wp\/v2\/product_cat?post=5084"},{"taxonomy":"product_tag","embeddable":true,"href":"https:\/\/foliobooks.pl\/en\/wp-json\/wp\/v2\/product_tag?post=5084"}],"curies":[{"name":"wp","href":"https:\/\/api.w.org\/{rel}","templated":true}]}}