{"id":50820,"date":"2020-06-26T11:22:22","date_gmt":"2020-06-26T09:22:22","guid":{"rendered":"https:\/\/foliobooks.pl\/?post_type=product&#038;p=50820"},"modified":"2021-08-16T16:34:31","modified_gmt":"2021-08-16T14:34:31","slug":"the-luxury-collection-hotel-secrets","status":"publish","type":"product","link":"https:\/\/foliobooks.pl\/en\/shop\/the-luxury-collection-hotel-secrets\/","title":{"rendered":"The Luxury Collection. Hotel Secrets"},"content":{"rendered":"<p>The seventh volume in The Luxury Collection series, <em>The Luxury Collection: Hotel Secrets<\/em> discovers the hidden stories of the world\u2019s most beautiful destinations. Showcasing a curation of exclusive sights, decadent flavors, and unparalleled history, explore the unique experiences that make each Luxury Collection property truly distinct. Sleep in Frank Sinatra\u2019s private suite at the Castillo Hotel Son Vidal, relish the rare volumes of Hotel Augustine\u2019s thirteenth century library, and order sweets from the chef\u2019s secret menu at Domes Miramare; behind each Luxury Collection property is a story closely connected to the culture and people of its city. Uncover the secrets of each destination and draw exceptional insights from travel tastemakers such as artist Donald Robertson, fashion mogul Laure Heriard Dubreuil, designer Waris Ahluwalia, and photographer Claiborne Swanson Frank.<\/p>\n<p>The Luxury Collection is an ensemble of more than one hundred fifteen of the world\u2019s finest hotels and resorts, each noteworthy for its architecture, art, furnishings, and amenities. Sharing a dedication to immaculate service and comfort, each property has a unique heritage inextricably tied to its destination. Curated for their spirit of diversity and genre, each Luxury Collection property has a story to tell.<\/p>\n","protected":false},"excerpt":{"rendered":"<p>The seventh volume in The Luxury Collection series, The Luxury Collection: Hotel Secrets discovers the hidden stories of the world\u2019s most beautiful destinations. Showcasing a curation of exclusive sights, decadent flavors, and unparalleled history, explore the unique experiences that make each Luxury Collection property truly distinct. Sleep in Frank Sinatra\u2019s private suite at the Castillo&#8230;<\/p>\n","protected":false},"featured_media":50834,"comment_status":"closed","ping_status":"closed","template":"","meta":[],"product_brand":[],"product_cat":[4516,13533,4517],"product_tag":[6124,10854,290,6695,516,10581],"class_list":{"0":"post-50820","1":"product","2":"type-product","3":"status-publish","4":"has-post-thumbnail","6":"product_cat-architecture-en","7":"product_cat-books","8":"product_cat-photography-en","9":"product_tag-architecture-en","10":"product_tag-hotels-en","11":"product_tag-interiors-en","12":"product_tag-monuments","13":"product_tag-places-en","14":"product_tag-rest-en","15":"pa_cover-hardcover","16":"pa_format-191-x-277-cm-en","17":"pa_isbn-9781614288565-en","18":"pa_language-eng","19":"pa_pages-192-en","20":"pa_published-2020-01-07-en","21":"pa_publisher-assouline-en","23":"first","24":"outofstock","25":"sold-individually","26":"shipping-taxable","27":"purchasable","28":"product-type-simple"},"yoast_head":"<!-- This site is optimized with the Yoast SEO plugin v27.4 - https:\/\/yoast.com\/product\/yoast-seo-wordpress\/ -->\n<title>The Luxury Collection. Hotel Secrets () - book \/ album - Folio<\/title>\n<meta name=\"description\" content=\"Wejd\u017a i kup ksi\u0105\u017ck\u0119 The Luxury Collection. Hotel Secrets autorstwa wydan\u0105 przez Assouline (2020-01-07) w formacie 19,1 x 27,7 cm (ISBN: 9781614288565). Zapraszamy!\" \/>\n<meta name=\"robots\" content=\"index, follow, max-snippet:-1, max-image-preview:large, max-video-preview:-1\" \/>\n<link rel=\"canonical\" href=\"https:\/\/foliobooks.pl\/en\/shop\/the-luxury-collection-hotel-secrets\/\" \/>\n<meta property=\"og:locale\" content=\"en_US\" \/>\n<meta property=\"og:type\" content=\"article\" \/>\n<meta property=\"og:title\" content=\"The Luxury Collection. Hotel Secrets () - book \/ album - Folio\" \/>\n<meta property=\"og:description\" content=\"Wejd\u017a i kup ksi\u0105\u017ck\u0119 The Luxury Collection. Hotel Secrets autorstwa wydan\u0105 przez Assouline (2020-01-07) w formacie 19,1 x 27,7 cm (ISBN: 9781614288565). Zapraszamy!\" \/>\n<meta property=\"og:url\" content=\"https:\/\/foliobooks.pl\/en\/shop\/the-luxury-collection-hotel-secrets\/\" \/>\n<meta property=\"og:site_name\" content=\"Folio\" \/>\n<meta property=\"article:modified_time\" content=\"2021-08-16T14:34:31+00:00\" \/>\n<meta property=\"og:image\" content=\"https:\/\/foliobooks.pl\/wp-content\/uploads\/2020\/06\/9781614288565.png\" \/>\n\t<meta property=\"og:image:width\" content=\"570\" \/>\n\t<meta property=\"og:image:height\" content=\"708\" \/>\n\t<meta property=\"og:image:type\" content=\"image\/png\" \/>\n<meta name=\"twitter:card\" content=\"summary_large_image\" \/>\n<meta name=\"twitter:label1\" content=\"Est. reading time\" \/>\n\t<meta name=\"twitter:data1\" content=\"1 minute\" \/>\n<script type=\"application\/ld+json\" class=\"yoast-schema-graph\">{\"@context\":\"https:\\\/\\\/schema.org\",\"@graph\":[{\"@type\":\"WebPage\",\"@id\":\"https:\\\/\\\/foliobooks.pl\\\/en\\\/shop\\\/the-luxury-collection-hotel-secrets\\\/\",\"url\":\"https:\\\/\\\/foliobooks.pl\\\/en\\\/shop\\\/the-luxury-collection-hotel-secrets\\\/\",\"name\":\"The Luxury Collection. Hotel Secrets () - book \\\/ album - Folio\",\"isPartOf\":{\"@id\":\"https:\\\/\\\/foliobooks.pl\\\/en\\\/#website\"},\"primaryImageOfPage\":{\"@id\":\"https:\\\/\\\/foliobooks.pl\\\/en\\\/shop\\\/the-luxury-collection-hotel-secrets\\\/#primaryimage\"},\"image\":{\"@id\":\"https:\\\/\\\/foliobooks.pl\\\/en\\\/shop\\\/the-luxury-collection-hotel-secrets\\\/#primaryimage\"},\"thumbnailUrl\":\"https:\\\/\\\/foliobooks.pl\\\/wp-content\\\/uploads\\\/2020\\\/06\\\/9781614288565.png\",\"datePublished\":\"2020-06-26T09:22:22+00:00\",\"dateModified\":\"2021-08-16T14:34:31+00:00\",\"description\":\"Wejd\u017a i kup ksi\u0105\u017ck\u0119 The Luxury Collection. Hotel Secrets autorstwa wydan\u0105 przez Assouline (2020-01-07) w formacie 19,1 x 27,7 cm (ISBN: 9781614288565). Zapraszamy!\",\"breadcrumb\":{\"@id\":\"https:\\\/\\\/foliobooks.pl\\\/en\\\/shop\\\/the-luxury-collection-hotel-secrets\\\/#breadcrumb\"},\"inLanguage\":\"en-US\",\"potentialAction\":[{\"@type\":\"ReadAction\",\"target\":[\"https:\\\/\\\/foliobooks.pl\\\/en\\\/shop\\\/the-luxury-collection-hotel-secrets\\\/\"]}]},{\"@type\":\"ImageObject\",\"inLanguage\":\"en-US\",\"@id\":\"https:\\\/\\\/foliobooks.pl\\\/en\\\/shop\\\/the-luxury-collection-hotel-secrets\\\/#primaryimage\",\"url\":\"https:\\\/\\\/foliobooks.pl\\\/wp-content\\\/uploads\\\/2020\\\/06\\\/9781614288565.png\",\"contentUrl\":\"https:\\\/\\\/foliobooks.pl\\\/wp-content\\\/uploads\\\/2020\\\/06\\\/9781614288565.png\",\"width\":570,\"height\":708},{\"@type\":\"BreadcrumbList\",\"@id\":\"https:\\\/\\\/foliobooks.pl\\\/en\\\/shop\\\/the-luxury-collection-hotel-secrets\\\/#breadcrumb\",\"itemListElement\":[{\"@type\":\"ListItem\",\"position\":1,\"name\":\"Strona g\u0142\u00f3wna\",\"item\":\"https:\\\/\\\/foliobooks.pl\\\/en\\\/\"},{\"@type\":\"ListItem\",\"position\":2,\"name\":\"Shop\",\"item\":\"https:\\\/\\\/foliobooks.pl\\\/en\\\/shop\\\/\"},{\"@type\":\"ListItem\",\"position\":3,\"name\":\"The Luxury Collection. Hotel Secrets\"}]},{\"@type\":\"WebSite\",\"@id\":\"https:\\\/\\\/foliobooks.pl\\\/en\\\/#website\",\"url\":\"https:\\\/\\\/foliobooks.pl\\\/en\\\/\",\"name\":\"Folio\",\"description\":\"Ksi\u0119garnia internetowa\",\"potentialAction\":[{\"@type\":\"SearchAction\",\"target\":{\"@type\":\"EntryPoint\",\"urlTemplate\":\"https:\\\/\\\/foliobooks.pl\\\/en\\\/?s={search_term_string}\"},\"query-input\":{\"@type\":\"PropertyValueSpecification\",\"valueRequired\":true,\"valueName\":\"search_term_string\"}}],\"inLanguage\":\"en-US\"}]}<\/script>\n<!-- \/ Yoast SEO plugin. -->","yoast_head_json":{"title":"The Luxury Collection. Hotel Secrets () - book \/ album - Folio","description":"Wejd\u017a i kup ksi\u0105\u017ck\u0119 The Luxury Collection. Hotel Secrets autorstwa wydan\u0105 przez Assouline (2020-01-07) w formacie 19,1 x 27,7 cm (ISBN: 9781614288565). Zapraszamy!","robots":{"index":"index","follow":"follow","max-snippet":"max-snippet:-1","max-image-preview":"max-image-preview:large","max-video-preview":"max-video-preview:-1"},"canonical":"https:\/\/foliobooks.pl\/en\/shop\/the-luxury-collection-hotel-secrets\/","og_locale":"en_US","og_type":"article","og_title":"The Luxury Collection. Hotel Secrets () - book \/ album - Folio","og_description":"Wejd\u017a i kup ksi\u0105\u017ck\u0119 The Luxury Collection. Hotel Secrets autorstwa wydan\u0105 przez Assouline (2020-01-07) w formacie 19,1 x 27,7 cm (ISBN: 9781614288565). Zapraszamy!","og_url":"https:\/\/foliobooks.pl\/en\/shop\/the-luxury-collection-hotel-secrets\/","og_site_name":"Folio","article_modified_time":"2021-08-16T14:34:31+00:00","og_image":[{"width":570,"height":708,"url":"https:\/\/foliobooks.pl\/wp-content\/uploads\/2020\/06\/9781614288565.png","type":"image\/png"}],"twitter_card":"summary_large_image","twitter_misc":{"Est. reading time":"1 minute"},"schema":{"@context":"https:\/\/schema.org","@graph":[{"@type":"WebPage","@id":"https:\/\/foliobooks.pl\/en\/shop\/the-luxury-collection-hotel-secrets\/","url":"https:\/\/foliobooks.pl\/en\/shop\/the-luxury-collection-hotel-secrets\/","name":"The Luxury Collection. Hotel Secrets () - book \/ album - Folio","isPartOf":{"@id":"https:\/\/foliobooks.pl\/en\/#website"},"primaryImageOfPage":{"@id":"https:\/\/foliobooks.pl\/en\/shop\/the-luxury-collection-hotel-secrets\/#primaryimage"},"image":{"@id":"https:\/\/foliobooks.pl\/en\/shop\/the-luxury-collection-hotel-secrets\/#primaryimage"},"thumbnailUrl":"https:\/\/foliobooks.pl\/wp-content\/uploads\/2020\/06\/9781614288565.png","datePublished":"2020-06-26T09:22:22+00:00","dateModified":"2021-08-16T14:34:31+00:00","description":"Wejd\u017a i kup ksi\u0105\u017ck\u0119 The Luxury Collection. Hotel Secrets autorstwa wydan\u0105 przez Assouline (2020-01-07) w formacie 19,1 x 27,7 cm (ISBN: 9781614288565). Zapraszamy!","breadcrumb":{"@id":"https:\/\/foliobooks.pl\/en\/shop\/the-luxury-collection-hotel-secrets\/#breadcrumb"},"inLanguage":"en-US","potentialAction":[{"@type":"ReadAction","target":["https:\/\/foliobooks.pl\/en\/shop\/the-luxury-collection-hotel-secrets\/"]}]},{"@type":"ImageObject","inLanguage":"en-US","@id":"https:\/\/foliobooks.pl\/en\/shop\/the-luxury-collection-hotel-secrets\/#primaryimage","url":"https:\/\/foliobooks.pl\/wp-content\/uploads\/2020\/06\/9781614288565.png","contentUrl":"https:\/\/foliobooks.pl\/wp-content\/uploads\/2020\/06\/9781614288565.png","width":570,"height":708},{"@type":"BreadcrumbList","@id":"https:\/\/foliobooks.pl\/en\/shop\/the-luxury-collection-hotel-secrets\/#breadcrumb","itemListElement":[{"@type":"ListItem","position":1,"name":"Strona g\u0142\u00f3wna","item":"https:\/\/foliobooks.pl\/en\/"},{"@type":"ListItem","position":2,"name":"Shop","item":"https:\/\/foliobooks.pl\/en\/shop\/"},{"@type":"ListItem","position":3,"name":"The Luxury Collection. Hotel Secrets"}]},{"@type":"WebSite","@id":"https:\/\/foliobooks.pl\/en\/#website","url":"https:\/\/foliobooks.pl\/en\/","name":"Folio","description":"Ksi\u0119garnia internetowa","potentialAction":[{"@type":"SearchAction","target":{"@type":"EntryPoint","urlTemplate":"https:\/\/foliobooks.pl\/en\/?s={search_term_string}"},"query-input":{"@type":"PropertyValueSpecification","valueRequired":true,"valueName":"search_term_string"}}],"inLanguage":"en-US"}]}},"_links":{"self":[{"href":"https:\/\/foliobooks.pl\/en\/wp-json\/wp\/v2\/product\/50820","targetHints":{"allow":["GET"]}}],"collection":[{"href":"https:\/\/foliobooks.pl\/en\/wp-json\/wp\/v2\/product"}],"about":[{"href":"https:\/\/foliobooks.pl\/en\/wp-json\/wp\/v2\/types\/product"}],"replies":[{"embeddable":true,"href":"https:\/\/foliobooks.pl\/en\/wp-json\/wp\/v2\/comments?post=50820"}],"wp:featuredmedia":[{"embeddable":true,"href":"https:\/\/foliobooks.pl\/en\/wp-json\/wp\/v2\/media\/50834"}],"wp:attachment":[{"href":"https:\/\/foliobooks.pl\/en\/wp-json\/wp\/v2\/media?parent=50820"}],"wp:term":[{"taxonomy":"product_brand","embeddable":true,"href":"https:\/\/foliobooks.pl\/en\/wp-json\/wp\/v2\/product_brand?post=50820"},{"taxonomy":"product_cat","embeddable":true,"href":"https:\/\/foliobooks.pl\/en\/wp-json\/wp\/v2\/product_cat?post=50820"},{"taxonomy":"product_tag","embeddable":true,"href":"https:\/\/foliobooks.pl\/en\/wp-json\/wp\/v2\/product_tag?post=50820"}],"curies":[{"name":"wp","href":"https:\/\/api.w.org\/{rel}","templated":true}]}}