{"id":5003,"date":"2015-06-24T11:05:24","date_gmt":"2015-06-24T09:05:24","guid":{"rendered":"http:\/\/foliobooks.pl\/?post_type=product&#038;p=5003"},"modified":"2015-06-24T11:05:24","modified_gmt":"2015-06-24T09:05:24","slug":"alfred-wertheimer-elvis-and-the-birth-of-rock-and-roll","status":"publish","type":"product","link":"https:\/\/foliobooks.pl\/en\/shop\/alfred-wertheimer-elvis-and-the-birth-of-rock-and-roll\/","title":{"rendered":"Alfred Wertheimer. Elvis and the Birth of Rock and Roll"},"content":{"rendered":"<p>\u201cElvis who?\u201d was photographer Alfred Wertheimer\u2019s response when, in early 1956, an RCA Victor publicist asked him to photograph an up-and-coming crooner from Memphis. Little did Wertheimer know that this would be the job of his life: just 21 years old, Elvis Presley was\u2014as we now know\u2014about to become a legend.<\/p>\n<p>Trailing Presley like a shadow, Wertheimer took nearly 3,000 photographs of Presley that year, creating a penetrating portrait of a man poised on the brink of superstardom. Extraordinary in its intimacy and unparalleled in its scope, Wertheimer&#8217;s Elvis project immortalized a young man in the very process of making history.<\/p>\n<p>Now available as a TASCHEN standard edition, <em>Elvis and the Birth of Rock and Roll<\/em> collects Wertheimer\u2019s most remarkable Elvis shots from that magical year, along with a selection of his historic 1958 pictures of the star being shipped off to an army base in Germany. Each chapter is illustrated with a poster by Hatch Show Print, one of the oldest letterpress print shops in America, which created many early Elvis posters in the 1950s.<\/p>\n","protected":false},"excerpt":{"rendered":"<p>\u201cElvis who?\u201d was photographer Alfred Wertheimer\u2019s response when, in early 1956, an RCA Victor publicist asked him to photograph an up-and-coming crooner from Memphis. Little did Wertheimer know that this would be the job of his life: just 21 years old, Elvis Presley was\u2014as we now know\u2014about to become a legend. Trailing Presley like a&#8230;<\/p>\n","protected":false},"featured_media":5054,"comment_status":"closed","ping_status":"closed","template":"","meta":[],"product_brand":[],"product_cat":[4517,4521],"product_tag":[1175,514,1102,1269,1683,1066],"class_list":{"0":"post-5003","1":"product","2":"type-product","3":"status-publish","4":"has-post-thumbnail","6":"product_cat-photography-en","7":"product_cat-silva-rerum-en-en","8":"product_tag-iconic-photographs","9":"product_tag-men-en","10":"product_tag-music-en","11":"product_tag-musicians","12":"product_tag-pop-culture","13":"product_tag-portraits-en","14":"pa_author_att-chris-murray-en","15":"pa_author_att-robert-santelli-en","16":"pa_cover-hardcover","17":"pa_format-38-x-27-cm-en","18":"pa_isbn-9783836559072-en","19":"pa_language-multi","20":"pa_pages-360-en","21":"pa_published-2015-05-25-en","22":"pa_publisher-taschen-en-en","24":"first","25":"outofstock","26":"sold-individually","27":"shipping-taxable","28":"purchasable","29":"product-type-simple"},"yoast_head":"<!-- This site is optimized with the Yoast SEO plugin v27.4 - https:\/\/yoast.com\/product\/yoast-seo-wordpress\/ -->\n<title>Alfred Wertheimer. Elvis and the Birth of Rock and Roll (Chris Murray, Robert Santelli) - book \/ album - Folio<\/title>\n<meta name=\"description\" content=\"Wejd\u017a i kup ksi\u0105\u017ck\u0119 Alfred Wertheimer. Elvis and the Birth of Rock and Roll autorstwa Chris Murray, Robert Santelli wydan\u0105 przez TASCHEN (2015-05-25) w formacie 38 x 27 cm (ISBN: 9783836559072). Zapraszamy!\" \/>\n<meta name=\"robots\" content=\"index, follow, max-snippet:-1, max-image-preview:large, max-video-preview:-1\" \/>\n<link rel=\"canonical\" href=\"https:\/\/foliobooks.pl\/en\/shop\/alfred-wertheimer-elvis-and-the-birth-of-rock-and-roll\/\" \/>\n<meta property=\"og:locale\" content=\"en_US\" \/>\n<meta property=\"og:type\" content=\"article\" \/>\n<meta property=\"og:title\" content=\"Alfred Wertheimer. Elvis and the Birth of Rock and Roll (Chris Murray, Robert Santelli) - book \/ album - Folio\" \/>\n<meta property=\"og:description\" content=\"Wejd\u017a i kup ksi\u0105\u017ck\u0119 Alfred Wertheimer. Elvis and the Birth of Rock and Roll autorstwa Chris Murray, Robert Santelli wydan\u0105 przez TASCHEN (2015-05-25) w formacie 38 x 27 cm (ISBN: 9783836559072). Zapraszamy!\" \/>\n<meta property=\"og:url\" content=\"https:\/\/foliobooks.pl\/en\/shop\/alfred-wertheimer-elvis-and-the-birth-of-rock-and-roll\/\" \/>\n<meta property=\"og:site_name\" content=\"Folio\" \/>\n<meta property=\"og:image\" content=\"https:\/\/foliobooks.pl\/wp-content\/uploads\/2015\/06\/9783836559072.png\" \/>\n\t<meta property=\"og:image:width\" content=\"570\" \/>\n\t<meta property=\"og:image:height\" content=\"708\" \/>\n\t<meta property=\"og:image:type\" content=\"image\/png\" \/>\n<meta name=\"twitter:card\" content=\"summary_large_image\" \/>\n<meta name=\"twitter:label1\" content=\"Est. reading time\" \/>\n\t<meta name=\"twitter:data1\" content=\"1 minute\" \/>\n<script type=\"application\/ld+json\" class=\"yoast-schema-graph\">{\"@context\":\"https:\\\/\\\/schema.org\",\"@graph\":[{\"@type\":\"WebPage\",\"@id\":\"https:\\\/\\\/foliobooks.pl\\\/en\\\/shop\\\/alfred-wertheimer-elvis-and-the-birth-of-rock-and-roll\\\/\",\"url\":\"https:\\\/\\\/foliobooks.pl\\\/en\\\/shop\\\/alfred-wertheimer-elvis-and-the-birth-of-rock-and-roll\\\/\",\"name\":\"Alfred Wertheimer. Elvis and the Birth of Rock and Roll (Chris Murray, Robert Santelli) - book \\\/ album - Folio\",\"isPartOf\":{\"@id\":\"https:\\\/\\\/foliobooks.pl\\\/en\\\/#website\"},\"primaryImageOfPage\":{\"@id\":\"https:\\\/\\\/foliobooks.pl\\\/en\\\/shop\\\/alfred-wertheimer-elvis-and-the-birth-of-rock-and-roll\\\/#primaryimage\"},\"image\":{\"@id\":\"https:\\\/\\\/foliobooks.pl\\\/en\\\/shop\\\/alfred-wertheimer-elvis-and-the-birth-of-rock-and-roll\\\/#primaryimage\"},\"thumbnailUrl\":\"https:\\\/\\\/foliobooks.pl\\\/wp-content\\\/uploads\\\/2015\\\/06\\\/9783836559072.png\",\"datePublished\":\"2015-06-24T09:05:24+00:00\",\"description\":\"Wejd\u017a i kup ksi\u0105\u017ck\u0119 Alfred Wertheimer. Elvis and the Birth of Rock and Roll autorstwa Chris Murray, Robert Santelli wydan\u0105 przez TASCHEN (2015-05-25) w formacie 38 x 27 cm (ISBN: 9783836559072). Zapraszamy!\",\"breadcrumb\":{\"@id\":\"https:\\\/\\\/foliobooks.pl\\\/en\\\/shop\\\/alfred-wertheimer-elvis-and-the-birth-of-rock-and-roll\\\/#breadcrumb\"},\"inLanguage\":\"en-US\",\"potentialAction\":[{\"@type\":\"ReadAction\",\"target\":[\"https:\\\/\\\/foliobooks.pl\\\/en\\\/shop\\\/alfred-wertheimer-elvis-and-the-birth-of-rock-and-roll\\\/\"]}]},{\"@type\":\"ImageObject\",\"inLanguage\":\"en-US\",\"@id\":\"https:\\\/\\\/foliobooks.pl\\\/en\\\/shop\\\/alfred-wertheimer-elvis-and-the-birth-of-rock-and-roll\\\/#primaryimage\",\"url\":\"https:\\\/\\\/foliobooks.pl\\\/wp-content\\\/uploads\\\/2015\\\/06\\\/9783836559072.png\",\"contentUrl\":\"https:\\\/\\\/foliobooks.pl\\\/wp-content\\\/uploads\\\/2015\\\/06\\\/9783836559072.png\",\"width\":570,\"height\":708},{\"@type\":\"BreadcrumbList\",\"@id\":\"https:\\\/\\\/foliobooks.pl\\\/en\\\/shop\\\/alfred-wertheimer-elvis-and-the-birth-of-rock-and-roll\\\/#breadcrumb\",\"itemListElement\":[{\"@type\":\"ListItem\",\"position\":1,\"name\":\"Strona g\u0142\u00f3wna\",\"item\":\"https:\\\/\\\/foliobooks.pl\\\/en\\\/\"},{\"@type\":\"ListItem\",\"position\":2,\"name\":\"Shop\",\"item\":\"https:\\\/\\\/foliobooks.pl\\\/en\\\/shop\\\/\"},{\"@type\":\"ListItem\",\"position\":3,\"name\":\"Alfred Wertheimer. Elvis and the Birth of Rock and Roll\"}]},{\"@type\":\"WebSite\",\"@id\":\"https:\\\/\\\/foliobooks.pl\\\/en\\\/#website\",\"url\":\"https:\\\/\\\/foliobooks.pl\\\/en\\\/\",\"name\":\"Folio\",\"description\":\"Ksi\u0119garnia internetowa\",\"potentialAction\":[{\"@type\":\"SearchAction\",\"target\":{\"@type\":\"EntryPoint\",\"urlTemplate\":\"https:\\\/\\\/foliobooks.pl\\\/en\\\/?s={search_term_string}\"},\"query-input\":{\"@type\":\"PropertyValueSpecification\",\"valueRequired\":true,\"valueName\":\"search_term_string\"}}],\"inLanguage\":\"en-US\"}]}<\/script>\n<!-- \/ Yoast SEO plugin. -->","yoast_head_json":{"title":"Alfred Wertheimer. Elvis and the Birth of Rock and Roll (Chris Murray, Robert Santelli) - book \/ album - Folio","description":"Wejd\u017a i kup ksi\u0105\u017ck\u0119 Alfred Wertheimer. Elvis and the Birth of Rock and Roll autorstwa Chris Murray, Robert Santelli wydan\u0105 przez TASCHEN (2015-05-25) w formacie 38 x 27 cm (ISBN: 9783836559072). Zapraszamy!","robots":{"index":"index","follow":"follow","max-snippet":"max-snippet:-1","max-image-preview":"max-image-preview:large","max-video-preview":"max-video-preview:-1"},"canonical":"https:\/\/foliobooks.pl\/en\/shop\/alfred-wertheimer-elvis-and-the-birth-of-rock-and-roll\/","og_locale":"en_US","og_type":"article","og_title":"Alfred Wertheimer. Elvis and the Birth of Rock and Roll (Chris Murray, Robert Santelli) - book \/ album - Folio","og_description":"Wejd\u017a i kup ksi\u0105\u017ck\u0119 Alfred Wertheimer. Elvis and the Birth of Rock and Roll autorstwa Chris Murray, Robert Santelli wydan\u0105 przez TASCHEN (2015-05-25) w formacie 38 x 27 cm (ISBN: 9783836559072). Zapraszamy!","og_url":"https:\/\/foliobooks.pl\/en\/shop\/alfred-wertheimer-elvis-and-the-birth-of-rock-and-roll\/","og_site_name":"Folio","og_image":[{"width":570,"height":708,"url":"https:\/\/foliobooks.pl\/wp-content\/uploads\/2015\/06\/9783836559072.png","type":"image\/png"}],"twitter_card":"summary_large_image","twitter_misc":{"Est. reading time":"1 minute"},"schema":{"@context":"https:\/\/schema.org","@graph":[{"@type":"WebPage","@id":"https:\/\/foliobooks.pl\/en\/shop\/alfred-wertheimer-elvis-and-the-birth-of-rock-and-roll\/","url":"https:\/\/foliobooks.pl\/en\/shop\/alfred-wertheimer-elvis-and-the-birth-of-rock-and-roll\/","name":"Alfred Wertheimer. Elvis and the Birth of Rock and Roll (Chris Murray, Robert Santelli) - book \/ album - Folio","isPartOf":{"@id":"https:\/\/foliobooks.pl\/en\/#website"},"primaryImageOfPage":{"@id":"https:\/\/foliobooks.pl\/en\/shop\/alfred-wertheimer-elvis-and-the-birth-of-rock-and-roll\/#primaryimage"},"image":{"@id":"https:\/\/foliobooks.pl\/en\/shop\/alfred-wertheimer-elvis-and-the-birth-of-rock-and-roll\/#primaryimage"},"thumbnailUrl":"https:\/\/foliobooks.pl\/wp-content\/uploads\/2015\/06\/9783836559072.png","datePublished":"2015-06-24T09:05:24+00:00","description":"Wejd\u017a i kup ksi\u0105\u017ck\u0119 Alfred Wertheimer. Elvis and the Birth of Rock and Roll autorstwa Chris Murray, Robert Santelli wydan\u0105 przez TASCHEN (2015-05-25) w formacie 38 x 27 cm (ISBN: 9783836559072). Zapraszamy!","breadcrumb":{"@id":"https:\/\/foliobooks.pl\/en\/shop\/alfred-wertheimer-elvis-and-the-birth-of-rock-and-roll\/#breadcrumb"},"inLanguage":"en-US","potentialAction":[{"@type":"ReadAction","target":["https:\/\/foliobooks.pl\/en\/shop\/alfred-wertheimer-elvis-and-the-birth-of-rock-and-roll\/"]}]},{"@type":"ImageObject","inLanguage":"en-US","@id":"https:\/\/foliobooks.pl\/en\/shop\/alfred-wertheimer-elvis-and-the-birth-of-rock-and-roll\/#primaryimage","url":"https:\/\/foliobooks.pl\/wp-content\/uploads\/2015\/06\/9783836559072.png","contentUrl":"https:\/\/foliobooks.pl\/wp-content\/uploads\/2015\/06\/9783836559072.png","width":570,"height":708},{"@type":"BreadcrumbList","@id":"https:\/\/foliobooks.pl\/en\/shop\/alfred-wertheimer-elvis-and-the-birth-of-rock-and-roll\/#breadcrumb","itemListElement":[{"@type":"ListItem","position":1,"name":"Strona g\u0142\u00f3wna","item":"https:\/\/foliobooks.pl\/en\/"},{"@type":"ListItem","position":2,"name":"Shop","item":"https:\/\/foliobooks.pl\/en\/shop\/"},{"@type":"ListItem","position":3,"name":"Alfred Wertheimer. Elvis and the Birth of Rock and Roll"}]},{"@type":"WebSite","@id":"https:\/\/foliobooks.pl\/en\/#website","url":"https:\/\/foliobooks.pl\/en\/","name":"Folio","description":"Ksi\u0119garnia internetowa","potentialAction":[{"@type":"SearchAction","target":{"@type":"EntryPoint","urlTemplate":"https:\/\/foliobooks.pl\/en\/?s={search_term_string}"},"query-input":{"@type":"PropertyValueSpecification","valueRequired":true,"valueName":"search_term_string"}}],"inLanguage":"en-US"}]}},"_links":{"self":[{"href":"https:\/\/foliobooks.pl\/en\/wp-json\/wp\/v2\/product\/5003","targetHints":{"allow":["GET"]}}],"collection":[{"href":"https:\/\/foliobooks.pl\/en\/wp-json\/wp\/v2\/product"}],"about":[{"href":"https:\/\/foliobooks.pl\/en\/wp-json\/wp\/v2\/types\/product"}],"replies":[{"embeddable":true,"href":"https:\/\/foliobooks.pl\/en\/wp-json\/wp\/v2\/comments?post=5003"}],"wp:featuredmedia":[{"embeddable":true,"href":"https:\/\/foliobooks.pl\/en\/wp-json\/wp\/v2\/media\/5054"}],"wp:attachment":[{"href":"https:\/\/foliobooks.pl\/en\/wp-json\/wp\/v2\/media?parent=5003"}],"wp:term":[{"taxonomy":"product_brand","embeddable":true,"href":"https:\/\/foliobooks.pl\/en\/wp-json\/wp\/v2\/product_brand?post=5003"},{"taxonomy":"product_cat","embeddable":true,"href":"https:\/\/foliobooks.pl\/en\/wp-json\/wp\/v2\/product_cat?post=5003"},{"taxonomy":"product_tag","embeddable":true,"href":"https:\/\/foliobooks.pl\/en\/wp-json\/wp\/v2\/product_tag?post=5003"}],"curies":[{"name":"wp","href":"https:\/\/api.w.org\/{rel}","templated":true}]}}