{"id":4939,"date":"2015-06-17T15:59:56","date_gmt":"2015-06-17T13:59:56","guid":{"rendered":"http:\/\/foliobooks.pl\/?post_type=product&#038;p=4939"},"modified":"2025-04-15T17:31:52","modified_gmt":"2025-04-15T15:31:52","slug":"the-world-of-ornament","status":"publish","type":"product","link":"https:\/\/foliobooks.pl\/en\/shop\/the-world-of-ornament\/","title":{"rendered":"The World of Ornament"},"content":{"rendered":"<p>Discover a world of decorative ideas with this compendium of history\u2019s most elegant patterns and ornamental designs.<\/p>\n<p><em>The World of Ornament <\/em>brings together the two greatest encyclopedic collections of ornament of the 19th century: Auguste Racinet\u2019s <em>L\u2019Ornement polychrome<\/em> Volumes I and II (1875\u20131888) and Auguste Dupont-Auberville\u2019s<em> L\u2019Ornement des tissus<\/em> (1877) to provide one lavish source book spanning jewelry, tile, stained glass, illuminated manuscript, textile and ceramic ornament.<\/p>\n<p>Encompassing classical, Egyptian, Greek, Roman, Etruscan, Asian and middle-Eastern, as well as European designs from medieval times through the 19th century, this compilation of cultures and esthetics offers a primary reference for artists, historians, designers and patternmakers, and anyone engaged in decorative design and impact.<\/p>\n<p>About the Series: <em>Bibliotheca Universalis<\/em> \u2014 Compact cultural companions celebrating the eclectic TASCHEN universe at an unbeatable, democratic price!<br \/>\nSince we started our work as cultural archaeologists in 1980, the name TASCHEN has become synonymous with accessible, open-minded publishing. <em>Bibliotheca Universalis<\/em> brings together nearly 100 of our all-time favorite titles in a neat new format so you can curate your own affordable library of art, anthropology, and aphrodisia.<br \/>\nBookworm\u2019s delight \u2014 never bore, always excite!<\/p>\n","protected":false},"excerpt":{"rendered":"<p>Discover a world of decorative ideas with this compendium of history\u2019s most elegant patterns and ornamental designs. The World of Ornament brings together the two greatest encyclopedic collections of ornament of the 19th century: Auguste Racinet\u2019s L\u2019Ornement polychrome Volumes I and II (1875\u20131888) and Auguste Dupont-Auberville\u2019s L\u2019Ornement des tissus (1877) to provide one lavish source&#8230;<\/p>\n","protected":false},"featured_media":4961,"comment_status":"closed","ping_status":"closed","template":"","meta":[],"product_brand":[],"product_cat":[4522,4523],"product_tag":[1156,2767,159,1548,4524,1681,1649],"class_list":{"0":"post-4939","1":"product","2":"type-product","3":"status-publish","4":"has-post-thumbnail","6":"product_cat-art-en","7":"product_cat-design-en-en","8":"product_tag-appliedarts-en","9":"product_tag-art-history","10":"product_tag-art-movements-en","11":"product_tag-craft","12":"product_tag-design-en-en","13":"product_tag-history","14":"product_tag-illustration","15":"pa_author_att-david-batterham-en","16":"pa_cover-hardcover","17":"pa_format-20-x-145-cm-en","18":"pa_isbn-9783836556255-en","19":"pa_language-multi","20":"pa_pages-824-en","21":"pa_published-2015-04-25-en","22":"pa_publisher-taschen-en-en","24":"first","25":"outofstock","26":"sold-individually","27":"shipping-taxable","28":"purchasable","29":"product-type-simple"},"yoast_head":"<!-- This site is optimized with the Yoast SEO plugin v27.5 - https:\/\/yoast.com\/product\/yoast-seo-wordpress\/ -->\n<title>The World of Ornament (David Batterham) - book \/ album - Folio<\/title>\n<meta name=\"description\" content=\"Wejd\u017a i kup ksi\u0105\u017ck\u0119 The World of Ornament autorstwa David Batterham wydan\u0105 przez TASCHEN (2015-04-25) w formacie 20 x 14,5 cm (ISBN: 9783836556255). Zapraszamy!\" \/>\n<meta name=\"robots\" content=\"index, follow, max-snippet:-1, max-image-preview:large, max-video-preview:-1\" \/>\n<link rel=\"canonical\" href=\"https:\/\/foliobooks.pl\/en\/shop\/the-world-of-ornament\/\" \/>\n<meta property=\"og:locale\" content=\"en_US\" \/>\n<meta property=\"og:type\" content=\"article\" \/>\n<meta property=\"og:title\" content=\"The World of Ornament (David Batterham) - book \/ album - Folio\" \/>\n<meta property=\"og:description\" content=\"Wejd\u017a i kup ksi\u0105\u017ck\u0119 The World of Ornament autorstwa David Batterham wydan\u0105 przez TASCHEN (2015-04-25) w formacie 20 x 14,5 cm (ISBN: 9783836556255). Zapraszamy!\" \/>\n<meta property=\"og:url\" content=\"https:\/\/foliobooks.pl\/en\/shop\/the-world-of-ornament\/\" \/>\n<meta property=\"og:site_name\" content=\"Folio\" \/>\n<meta property=\"article:modified_time\" content=\"2025-04-15T15:31:52+00:00\" \/>\n<meta property=\"og:image\" content=\"https:\/\/foliobooks.pl\/wp-content\/uploads\/2015\/06\/9783836556255.png\" \/>\n\t<meta property=\"og:image:width\" content=\"570\" \/>\n\t<meta property=\"og:image:height\" content=\"708\" \/>\n\t<meta property=\"og:image:type\" content=\"image\/png\" \/>\n<meta name=\"twitter:card\" content=\"summary_large_image\" \/>\n<meta name=\"twitter:label1\" content=\"Est. reading time\" \/>\n\t<meta name=\"twitter:data1\" content=\"1 minute\" \/>\n<script type=\"application\/ld+json\" class=\"yoast-schema-graph\">{\"@context\":\"https:\\\/\\\/schema.org\",\"@graph\":[{\"@type\":\"WebPage\",\"@id\":\"https:\\\/\\\/foliobooks.pl\\\/en\\\/shop\\\/the-world-of-ornament\\\/\",\"url\":\"https:\\\/\\\/foliobooks.pl\\\/en\\\/shop\\\/the-world-of-ornament\\\/\",\"name\":\"The World of Ornament (David Batterham) - book \\\/ album - Folio\",\"isPartOf\":{\"@id\":\"https:\\\/\\\/foliobooks.pl\\\/en\\\/#website\"},\"primaryImageOfPage\":{\"@id\":\"https:\\\/\\\/foliobooks.pl\\\/en\\\/shop\\\/the-world-of-ornament\\\/#primaryimage\"},\"image\":{\"@id\":\"https:\\\/\\\/foliobooks.pl\\\/en\\\/shop\\\/the-world-of-ornament\\\/#primaryimage\"},\"thumbnailUrl\":\"https:\\\/\\\/foliobooks.pl\\\/wp-content\\\/uploads\\\/2015\\\/06\\\/9783836556255.png\",\"datePublished\":\"2015-06-17T13:59:56+00:00\",\"dateModified\":\"2025-04-15T15:31:52+00:00\",\"description\":\"Wejd\u017a i kup ksi\u0105\u017ck\u0119 The World of Ornament autorstwa David Batterham wydan\u0105 przez TASCHEN (2015-04-25) w formacie 20 x 14,5 cm (ISBN: 9783836556255). Zapraszamy!\",\"breadcrumb\":{\"@id\":\"https:\\\/\\\/foliobooks.pl\\\/en\\\/shop\\\/the-world-of-ornament\\\/#breadcrumb\"},\"inLanguage\":\"en-US\",\"potentialAction\":[{\"@type\":\"ReadAction\",\"target\":[\"https:\\\/\\\/foliobooks.pl\\\/en\\\/shop\\\/the-world-of-ornament\\\/\"]}]},{\"@type\":\"ImageObject\",\"inLanguage\":\"en-US\",\"@id\":\"https:\\\/\\\/foliobooks.pl\\\/en\\\/shop\\\/the-world-of-ornament\\\/#primaryimage\",\"url\":\"https:\\\/\\\/foliobooks.pl\\\/wp-content\\\/uploads\\\/2015\\\/06\\\/9783836556255.png\",\"contentUrl\":\"https:\\\/\\\/foliobooks.pl\\\/wp-content\\\/uploads\\\/2015\\\/06\\\/9783836556255.png\",\"width\":570,\"height\":708},{\"@type\":\"BreadcrumbList\",\"@id\":\"https:\\\/\\\/foliobooks.pl\\\/en\\\/shop\\\/the-world-of-ornament\\\/#breadcrumb\",\"itemListElement\":[{\"@type\":\"ListItem\",\"position\":1,\"name\":\"Strona g\u0142\u00f3wna\",\"item\":\"https:\\\/\\\/foliobooks.pl\\\/en\\\/\"},{\"@type\":\"ListItem\",\"position\":2,\"name\":\"Shop\",\"item\":\"https:\\\/\\\/foliobooks.pl\\\/en\\\/shop\\\/\"},{\"@type\":\"ListItem\",\"position\":3,\"name\":\"The World of Ornament\"}]},{\"@type\":\"WebSite\",\"@id\":\"https:\\\/\\\/foliobooks.pl\\\/en\\\/#website\",\"url\":\"https:\\\/\\\/foliobooks.pl\\\/en\\\/\",\"name\":\"Folio\",\"description\":\"Ksi\u0119garnia internetowa\",\"potentialAction\":[{\"@type\":\"SearchAction\",\"target\":{\"@type\":\"EntryPoint\",\"urlTemplate\":\"https:\\\/\\\/foliobooks.pl\\\/en\\\/?s={search_term_string}\"},\"query-input\":{\"@type\":\"PropertyValueSpecification\",\"valueRequired\":true,\"valueName\":\"search_term_string\"}}],\"inLanguage\":\"en-US\"}]}<\/script>\n<!-- \/ Yoast SEO plugin. -->","yoast_head_json":{"title":"The World of Ornament (David Batterham) - book \/ album - Folio","description":"Wejd\u017a i kup ksi\u0105\u017ck\u0119 The World of Ornament autorstwa David Batterham wydan\u0105 przez TASCHEN (2015-04-25) w formacie 20 x 14,5 cm (ISBN: 9783836556255). Zapraszamy!","robots":{"index":"index","follow":"follow","max-snippet":"max-snippet:-1","max-image-preview":"max-image-preview:large","max-video-preview":"max-video-preview:-1"},"canonical":"https:\/\/foliobooks.pl\/en\/shop\/the-world-of-ornament\/","og_locale":"en_US","og_type":"article","og_title":"The World of Ornament (David Batterham) - book \/ album - Folio","og_description":"Wejd\u017a i kup ksi\u0105\u017ck\u0119 The World of Ornament autorstwa David Batterham wydan\u0105 przez TASCHEN (2015-04-25) w formacie 20 x 14,5 cm (ISBN: 9783836556255). Zapraszamy!","og_url":"https:\/\/foliobooks.pl\/en\/shop\/the-world-of-ornament\/","og_site_name":"Folio","article_modified_time":"2025-04-15T15:31:52+00:00","og_image":[{"width":570,"height":708,"url":"https:\/\/foliobooks.pl\/wp-content\/uploads\/2015\/06\/9783836556255.png","type":"image\/png"}],"twitter_card":"summary_large_image","twitter_misc":{"Est. reading time":"1 minute"},"schema":{"@context":"https:\/\/schema.org","@graph":[{"@type":"WebPage","@id":"https:\/\/foliobooks.pl\/en\/shop\/the-world-of-ornament\/","url":"https:\/\/foliobooks.pl\/en\/shop\/the-world-of-ornament\/","name":"The World of Ornament (David Batterham) - book \/ album - Folio","isPartOf":{"@id":"https:\/\/foliobooks.pl\/en\/#website"},"primaryImageOfPage":{"@id":"https:\/\/foliobooks.pl\/en\/shop\/the-world-of-ornament\/#primaryimage"},"image":{"@id":"https:\/\/foliobooks.pl\/en\/shop\/the-world-of-ornament\/#primaryimage"},"thumbnailUrl":"https:\/\/foliobooks.pl\/wp-content\/uploads\/2015\/06\/9783836556255.png","datePublished":"2015-06-17T13:59:56+00:00","dateModified":"2025-04-15T15:31:52+00:00","description":"Wejd\u017a i kup ksi\u0105\u017ck\u0119 The World of Ornament autorstwa David Batterham wydan\u0105 przez TASCHEN (2015-04-25) w formacie 20 x 14,5 cm (ISBN: 9783836556255). Zapraszamy!","breadcrumb":{"@id":"https:\/\/foliobooks.pl\/en\/shop\/the-world-of-ornament\/#breadcrumb"},"inLanguage":"en-US","potentialAction":[{"@type":"ReadAction","target":["https:\/\/foliobooks.pl\/en\/shop\/the-world-of-ornament\/"]}]},{"@type":"ImageObject","inLanguage":"en-US","@id":"https:\/\/foliobooks.pl\/en\/shop\/the-world-of-ornament\/#primaryimage","url":"https:\/\/foliobooks.pl\/wp-content\/uploads\/2015\/06\/9783836556255.png","contentUrl":"https:\/\/foliobooks.pl\/wp-content\/uploads\/2015\/06\/9783836556255.png","width":570,"height":708},{"@type":"BreadcrumbList","@id":"https:\/\/foliobooks.pl\/en\/shop\/the-world-of-ornament\/#breadcrumb","itemListElement":[{"@type":"ListItem","position":1,"name":"Strona g\u0142\u00f3wna","item":"https:\/\/foliobooks.pl\/en\/"},{"@type":"ListItem","position":2,"name":"Shop","item":"https:\/\/foliobooks.pl\/en\/shop\/"},{"@type":"ListItem","position":3,"name":"The World of Ornament"}]},{"@type":"WebSite","@id":"https:\/\/foliobooks.pl\/en\/#website","url":"https:\/\/foliobooks.pl\/en\/","name":"Folio","description":"Ksi\u0119garnia internetowa","potentialAction":[{"@type":"SearchAction","target":{"@type":"EntryPoint","urlTemplate":"https:\/\/foliobooks.pl\/en\/?s={search_term_string}"},"query-input":{"@type":"PropertyValueSpecification","valueRequired":true,"valueName":"search_term_string"}}],"inLanguage":"en-US"}]}},"_links":{"self":[{"href":"https:\/\/foliobooks.pl\/en\/wp-json\/wp\/v2\/product\/4939","targetHints":{"allow":["GET"]}}],"collection":[{"href":"https:\/\/foliobooks.pl\/en\/wp-json\/wp\/v2\/product"}],"about":[{"href":"https:\/\/foliobooks.pl\/en\/wp-json\/wp\/v2\/types\/product"}],"replies":[{"embeddable":true,"href":"https:\/\/foliobooks.pl\/en\/wp-json\/wp\/v2\/comments?post=4939"}],"wp:featuredmedia":[{"embeddable":true,"href":"https:\/\/foliobooks.pl\/en\/wp-json\/wp\/v2\/media\/4961"}],"wp:attachment":[{"href":"https:\/\/foliobooks.pl\/en\/wp-json\/wp\/v2\/media?parent=4939"}],"wp:term":[{"taxonomy":"product_brand","embeddable":true,"href":"https:\/\/foliobooks.pl\/en\/wp-json\/wp\/v2\/product_brand?post=4939"},{"taxonomy":"product_cat","embeddable":true,"href":"https:\/\/foliobooks.pl\/en\/wp-json\/wp\/v2\/product_cat?post=4939"},{"taxonomy":"product_tag","embeddable":true,"href":"https:\/\/foliobooks.pl\/en\/wp-json\/wp\/v2\/product_tag?post=4939"}],"curies":[{"name":"wp","href":"https:\/\/api.w.org\/{rel}","templated":true}]}}