{"id":49195,"date":"2020-03-04T12:07:57","date_gmt":"2020-03-04T11:07:57","guid":{"rendered":"https:\/\/foliobooks.pl\/?post_type=product&#038;p=49195"},"modified":"2022-11-08T17:38:44","modified_gmt":"2022-11-08T16:38:44","slug":"letter-writing-set-bauhaus-style","status":"publish","type":"product","link":"https:\/\/foliobooks.pl\/en\/shop\/letter-writing-set-bauhaus-style\/","title":{"rendered":"Letter Writing Set. Bauhaus Style"},"content":{"rendered":"<p>Dimensions: 23 x 17 x 5,5 cm<\/p>\n<p>PEPIN <em>Letter Writing Sets<\/em> come in carefully designed luxury boxes. Each box contains 10 sheets of 4 different designs, 40 matching envelopes and 50 assorted stickers and labels.<\/p>\n<p>The<em> Letter Writing Set<\/em> box contains 10 sheets of 4 different designs (printed on one side), so 40 sheets in all of A5 writing paper (150x210mm\/6\u201dx8\u00bc\u201d). Included are 40 matching envelopes (20 x 2 designs) and 50 assorted stickers and labels. Sheets, envelopes and stickers can be used in combination or independently.<\/p>\n<ul>\n<li>40 sheets (A5), 40 envelopes, 50 stickers and labels<\/li>\n<\/ul>\n","protected":false},"excerpt":{"rendered":"<p>Dimensions: 23 x 17 x 5,5 cm PEPIN Letter Writing Sets come in carefully designed luxury boxes. Each box contains 10 sheets of 4 different designs, 40 matching envelopes and 50 assorted stickers and labels. The Letter Writing Set box contains 10 sheets of 4 different designs (printed on one side), so 40 sheets in&#8230;<\/p>\n","protected":false},"featured_media":49226,"comment_status":"closed","ping_status":"closed","template":"","meta":[],"product_brand":[],"product_cat":[4797,12945],"product_tag":[9083,12983,10821,11453,12879,12984,12966,12985],"class_list":{"0":"post-49195","1":"product","2":"type-product","3":"status-publish","4":"has-post-thumbnail","6":"product_cat-beautifulthings","7":"product_cat-paper","8":"product_tag-art-en","9":"product_tag-envelopes-en","10":"product_tag-geometry-en","11":"product_tag-paper-en","12":"product_tag-patterns-en","13":"product_tag-stationery-en","14":"product_tag-stickers-en","15":"product_tag-writing-paper-en","16":"pa_isbn-9789460094842-en","17":"pa_language-english-german-french-and-spanish","18":"pa_publisher-pepin-press-en","20":"first","21":"outofstock","22":"sold-individually","23":"shipping-taxable","24":"purchasable","25":"product-type-simple"},"yoast_head":"<!-- This site is optimized with the Yoast SEO plugin v27.4 - https:\/\/yoast.com\/product\/yoast-seo-wordpress\/ -->\n<title>Letter Writing Set. Bauhaus Style () - book \/ album - Folio<\/title>\n<meta name=\"description\" content=\"Wejd\u017a i kup ksi\u0105\u017ck\u0119 Letter Writing Set. Bauhaus Style autorstwa wydan\u0105 przez Pepin Press () w formacie (ISBN: 9789460094842). Zapraszamy!\" \/>\n<meta name=\"robots\" content=\"index, follow, max-snippet:-1, max-image-preview:large, max-video-preview:-1\" \/>\n<link rel=\"canonical\" href=\"https:\/\/foliobooks.pl\/en\/shop\/letter-writing-set-bauhaus-style\/\" \/>\n<meta property=\"og:locale\" content=\"en_US\" \/>\n<meta property=\"og:type\" content=\"article\" \/>\n<meta property=\"og:title\" content=\"Letter Writing Set. Bauhaus Style () - book \/ album - Folio\" \/>\n<meta property=\"og:description\" content=\"Wejd\u017a i kup ksi\u0105\u017ck\u0119 Letter Writing Set. Bauhaus Style autorstwa wydan\u0105 przez Pepin Press () w formacie (ISBN: 9789460094842). Zapraszamy!\" \/>\n<meta property=\"og:url\" content=\"https:\/\/foliobooks.pl\/en\/shop\/letter-writing-set-bauhaus-style\/\" \/>\n<meta property=\"og:site_name\" content=\"Folio\" \/>\n<meta property=\"article:modified_time\" content=\"2022-11-08T16:38:44+00:00\" \/>\n<meta property=\"og:image\" content=\"https:\/\/foliobooks.pl\/wp-content\/uploads\/2020\/03\/9789460094842.png\" \/>\n\t<meta property=\"og:image:width\" content=\"570\" \/>\n\t<meta property=\"og:image:height\" content=\"708\" \/>\n\t<meta property=\"og:image:type\" content=\"image\/png\" \/>\n<meta name=\"twitter:card\" content=\"summary_large_image\" \/>\n<script type=\"application\/ld+json\" class=\"yoast-schema-graph\">{\"@context\":\"https:\\\/\\\/schema.org\",\"@graph\":[{\"@type\":\"WebPage\",\"@id\":\"https:\\\/\\\/foliobooks.pl\\\/en\\\/shop\\\/letter-writing-set-bauhaus-style\\\/\",\"url\":\"https:\\\/\\\/foliobooks.pl\\\/en\\\/shop\\\/letter-writing-set-bauhaus-style\\\/\",\"name\":\"Letter Writing Set. Bauhaus Style () - book \\\/ album - Folio\",\"isPartOf\":{\"@id\":\"https:\\\/\\\/foliobooks.pl\\\/en\\\/#website\"},\"primaryImageOfPage\":{\"@id\":\"https:\\\/\\\/foliobooks.pl\\\/en\\\/shop\\\/letter-writing-set-bauhaus-style\\\/#primaryimage\"},\"image\":{\"@id\":\"https:\\\/\\\/foliobooks.pl\\\/en\\\/shop\\\/letter-writing-set-bauhaus-style\\\/#primaryimage\"},\"thumbnailUrl\":\"https:\\\/\\\/foliobooks.pl\\\/wp-content\\\/uploads\\\/2020\\\/03\\\/9789460094842.png\",\"datePublished\":\"2020-03-04T11:07:57+00:00\",\"dateModified\":\"2022-11-08T16:38:44+00:00\",\"description\":\"Wejd\u017a i kup ksi\u0105\u017ck\u0119 Letter Writing Set. Bauhaus Style autorstwa wydan\u0105 przez Pepin Press () w formacie (ISBN: 9789460094842). Zapraszamy!\",\"breadcrumb\":{\"@id\":\"https:\\\/\\\/foliobooks.pl\\\/en\\\/shop\\\/letter-writing-set-bauhaus-style\\\/#breadcrumb\"},\"inLanguage\":\"en-US\",\"potentialAction\":[{\"@type\":\"ReadAction\",\"target\":[\"https:\\\/\\\/foliobooks.pl\\\/en\\\/shop\\\/letter-writing-set-bauhaus-style\\\/\"]}]},{\"@type\":\"ImageObject\",\"inLanguage\":\"en-US\",\"@id\":\"https:\\\/\\\/foliobooks.pl\\\/en\\\/shop\\\/letter-writing-set-bauhaus-style\\\/#primaryimage\",\"url\":\"https:\\\/\\\/foliobooks.pl\\\/wp-content\\\/uploads\\\/2020\\\/03\\\/9789460094842.png\",\"contentUrl\":\"https:\\\/\\\/foliobooks.pl\\\/wp-content\\\/uploads\\\/2020\\\/03\\\/9789460094842.png\",\"width\":570,\"height\":708},{\"@type\":\"BreadcrumbList\",\"@id\":\"https:\\\/\\\/foliobooks.pl\\\/en\\\/shop\\\/letter-writing-set-bauhaus-style\\\/#breadcrumb\",\"itemListElement\":[{\"@type\":\"ListItem\",\"position\":1,\"name\":\"Strona g\u0142\u00f3wna\",\"item\":\"https:\\\/\\\/foliobooks.pl\\\/en\\\/\"},{\"@type\":\"ListItem\",\"position\":2,\"name\":\"Shop\",\"item\":\"https:\\\/\\\/foliobooks.pl\\\/en\\\/shop\\\/\"},{\"@type\":\"ListItem\",\"position\":3,\"name\":\"Letter Writing Set. Bauhaus Style\"}]},{\"@type\":\"WebSite\",\"@id\":\"https:\\\/\\\/foliobooks.pl\\\/en\\\/#website\",\"url\":\"https:\\\/\\\/foliobooks.pl\\\/en\\\/\",\"name\":\"Folio\",\"description\":\"Ksi\u0119garnia internetowa\",\"potentialAction\":[{\"@type\":\"SearchAction\",\"target\":{\"@type\":\"EntryPoint\",\"urlTemplate\":\"https:\\\/\\\/foliobooks.pl\\\/en\\\/?s={search_term_string}\"},\"query-input\":{\"@type\":\"PropertyValueSpecification\",\"valueRequired\":true,\"valueName\":\"search_term_string\"}}],\"inLanguage\":\"en-US\"}]}<\/script>\n<!-- \/ Yoast SEO plugin. -->","yoast_head_json":{"title":"Letter Writing Set. Bauhaus Style () - book \/ album - Folio","description":"Wejd\u017a i kup ksi\u0105\u017ck\u0119 Letter Writing Set. Bauhaus Style autorstwa wydan\u0105 przez Pepin Press () w formacie (ISBN: 9789460094842). Zapraszamy!","robots":{"index":"index","follow":"follow","max-snippet":"max-snippet:-1","max-image-preview":"max-image-preview:large","max-video-preview":"max-video-preview:-1"},"canonical":"https:\/\/foliobooks.pl\/en\/shop\/letter-writing-set-bauhaus-style\/","og_locale":"en_US","og_type":"article","og_title":"Letter Writing Set. Bauhaus Style () - book \/ album - Folio","og_description":"Wejd\u017a i kup ksi\u0105\u017ck\u0119 Letter Writing Set. Bauhaus Style autorstwa wydan\u0105 przez Pepin Press () w formacie (ISBN: 9789460094842). Zapraszamy!","og_url":"https:\/\/foliobooks.pl\/en\/shop\/letter-writing-set-bauhaus-style\/","og_site_name":"Folio","article_modified_time":"2022-11-08T16:38:44+00:00","og_image":[{"width":570,"height":708,"url":"https:\/\/foliobooks.pl\/wp-content\/uploads\/2020\/03\/9789460094842.png","type":"image\/png"}],"twitter_card":"summary_large_image","schema":{"@context":"https:\/\/schema.org","@graph":[{"@type":"WebPage","@id":"https:\/\/foliobooks.pl\/en\/shop\/letter-writing-set-bauhaus-style\/","url":"https:\/\/foliobooks.pl\/en\/shop\/letter-writing-set-bauhaus-style\/","name":"Letter Writing Set. Bauhaus Style () - book \/ album - Folio","isPartOf":{"@id":"https:\/\/foliobooks.pl\/en\/#website"},"primaryImageOfPage":{"@id":"https:\/\/foliobooks.pl\/en\/shop\/letter-writing-set-bauhaus-style\/#primaryimage"},"image":{"@id":"https:\/\/foliobooks.pl\/en\/shop\/letter-writing-set-bauhaus-style\/#primaryimage"},"thumbnailUrl":"https:\/\/foliobooks.pl\/wp-content\/uploads\/2020\/03\/9789460094842.png","datePublished":"2020-03-04T11:07:57+00:00","dateModified":"2022-11-08T16:38:44+00:00","description":"Wejd\u017a i kup ksi\u0105\u017ck\u0119 Letter Writing Set. Bauhaus Style autorstwa wydan\u0105 przez Pepin Press () w formacie (ISBN: 9789460094842). Zapraszamy!","breadcrumb":{"@id":"https:\/\/foliobooks.pl\/en\/shop\/letter-writing-set-bauhaus-style\/#breadcrumb"},"inLanguage":"en-US","potentialAction":[{"@type":"ReadAction","target":["https:\/\/foliobooks.pl\/en\/shop\/letter-writing-set-bauhaus-style\/"]}]},{"@type":"ImageObject","inLanguage":"en-US","@id":"https:\/\/foliobooks.pl\/en\/shop\/letter-writing-set-bauhaus-style\/#primaryimage","url":"https:\/\/foliobooks.pl\/wp-content\/uploads\/2020\/03\/9789460094842.png","contentUrl":"https:\/\/foliobooks.pl\/wp-content\/uploads\/2020\/03\/9789460094842.png","width":570,"height":708},{"@type":"BreadcrumbList","@id":"https:\/\/foliobooks.pl\/en\/shop\/letter-writing-set-bauhaus-style\/#breadcrumb","itemListElement":[{"@type":"ListItem","position":1,"name":"Strona g\u0142\u00f3wna","item":"https:\/\/foliobooks.pl\/en\/"},{"@type":"ListItem","position":2,"name":"Shop","item":"https:\/\/foliobooks.pl\/en\/shop\/"},{"@type":"ListItem","position":3,"name":"Letter Writing Set. Bauhaus Style"}]},{"@type":"WebSite","@id":"https:\/\/foliobooks.pl\/en\/#website","url":"https:\/\/foliobooks.pl\/en\/","name":"Folio","description":"Ksi\u0119garnia internetowa","potentialAction":[{"@type":"SearchAction","target":{"@type":"EntryPoint","urlTemplate":"https:\/\/foliobooks.pl\/en\/?s={search_term_string}"},"query-input":{"@type":"PropertyValueSpecification","valueRequired":true,"valueName":"search_term_string"}}],"inLanguage":"en-US"}]}},"_links":{"self":[{"href":"https:\/\/foliobooks.pl\/en\/wp-json\/wp\/v2\/product\/49195","targetHints":{"allow":["GET"]}}],"collection":[{"href":"https:\/\/foliobooks.pl\/en\/wp-json\/wp\/v2\/product"}],"about":[{"href":"https:\/\/foliobooks.pl\/en\/wp-json\/wp\/v2\/types\/product"}],"replies":[{"embeddable":true,"href":"https:\/\/foliobooks.pl\/en\/wp-json\/wp\/v2\/comments?post=49195"}],"wp:featuredmedia":[{"embeddable":true,"href":"https:\/\/foliobooks.pl\/en\/wp-json\/wp\/v2\/media\/49226"}],"wp:attachment":[{"href":"https:\/\/foliobooks.pl\/en\/wp-json\/wp\/v2\/media?parent=49195"}],"wp:term":[{"taxonomy":"product_brand","embeddable":true,"href":"https:\/\/foliobooks.pl\/en\/wp-json\/wp\/v2\/product_brand?post=49195"},{"taxonomy":"product_cat","embeddable":true,"href":"https:\/\/foliobooks.pl\/en\/wp-json\/wp\/v2\/product_cat?post=49195"},{"taxonomy":"product_tag","embeddable":true,"href":"https:\/\/foliobooks.pl\/en\/wp-json\/wp\/v2\/product_tag?post=49195"}],"curies":[{"name":"wp","href":"https:\/\/api.w.org\/{rel}","templated":true}]}}