{"id":49079,"date":"2020-03-03T21:04:48","date_gmt":"2020-03-03T20:04:48","guid":{"rendered":"https:\/\/foliobooks.pl\/?post_type=product&#038;p=49079"},"modified":"2024-09-02T14:17:10","modified_gmt":"2024-09-02T12:17:10","slug":"label-sticker-tape-book-marine","status":"publish","type":"product","link":"https:\/\/foliobooks.pl\/en\/shop\/label-sticker-tape-book-marine\/","title":{"rendered":"Label, Sticker &#038; Tape Book. Marine"},"content":{"rendered":"<p>PEPIN <em>Label, Sticker &amp; Tape Books<\/em> contain 32 sheets of high-quality sticker paper with a total of about 250 labels, stickers and strips of sticker tape per volume.<\/p>\n<p>The stylish designs come in various shapes and sizes and allow you to label, decorate and seal your envelopes, packages and many other items. The sticker paper is uncoated and easy to write on with pen, pencil or felt marker.<\/p>\n<ul>\n<li>32 sheets of high-quality sticker paper with a total of about 250 labels<\/li>\n<\/ul>\n","protected":false},"excerpt":{"rendered":"<p>PEPIN Label, Sticker &amp; Tape Books contain 32 sheets of high-quality sticker paper with a total of about 250 labels, stickers and strips of sticker tape per volume. The stylish designs come in various shapes and sizes and allow you to label, decorate and seal your envelopes, packages and many other items. The sticker paper&#8230;<\/p>\n","protected":false},"featured_media":49145,"comment_status":"closed","ping_status":"closed","template":"","meta":[],"product_brand":[],"product_cat":[4797,12945],"product_tag":[208,1156,9083,12480,1460,6178,13008,2834,4971,1649,10580,1991,11453,11454,12967,12966,6816],"class_list":{"0":"post-49079","1":"product","2":"type-product","3":"status-publish","4":"has-post-thumbnail","6":"product_cat-beautifulthings","7":"product_cat-paper","8":"product_tag-animals-en","9":"product_tag-appliedarts-en","10":"product_tag-art-en","11":"product_tag-art-activities-en","12":"product_tag-children-en","13":"product_tag-decorations-en","14":"product_tag-decoupage-en","15":"product_tag-flora","16":"product_tag-hobby-en","17":"product_tag-illustration","18":"product_tag-natural-world-en","19":"product_tag-nature","20":"product_tag-paper-en","21":"product_tag-paper-art-en","22":"product_tag-scrapbooking-en","23":"product_tag-stickers-en","24":"product_tag-water","25":"pa_cover-softcover","26":"pa_format-172-x-24-cm-en","27":"pa_isbn-9789460094286-en","28":"pa_language-english-german-french-and-spanish","29":"pa_published-2019-03-28-en","30":"pa_publisher-pepin-press-en","32":"first","33":"instock","34":"sold-individually","35":"shipping-taxable","36":"purchasable","37":"product-type-simple"},"yoast_head":"<!-- This site is optimized with the Yoast SEO plugin v27.4 - https:\/\/yoast.com\/product\/yoast-seo-wordpress\/ -->\n<title>Label, Sticker &amp; Tape Book. Marine () - book \/ album - Folio<\/title>\n<meta name=\"description\" content=\"Wejd\u017a i kup ksi\u0105\u017ck\u0119 Label, Sticker &amp; Tape Book. Marine autorstwa wydan\u0105 przez Pepin Press (2019-03-28) w formacie 17,2 x 24 cm (ISBN: 9789460094286). Zapraszamy!\" \/>\n<meta name=\"robots\" content=\"index, follow, max-snippet:-1, max-image-preview:large, max-video-preview:-1\" \/>\n<link rel=\"canonical\" href=\"https:\/\/foliobooks.pl\/en\/shop\/label-sticker-tape-book-marine\/\" \/>\n<meta property=\"og:locale\" content=\"en_US\" \/>\n<meta property=\"og:type\" content=\"article\" \/>\n<meta property=\"og:title\" content=\"Label, Sticker &amp; Tape Book. Marine () - book \/ album - Folio\" \/>\n<meta property=\"og:description\" content=\"Wejd\u017a i kup ksi\u0105\u017ck\u0119 Label, Sticker &amp; Tape Book. Marine autorstwa wydan\u0105 przez Pepin Press (2019-03-28) w formacie 17,2 x 24 cm (ISBN: 9789460094286). Zapraszamy!\" \/>\n<meta property=\"og:url\" content=\"https:\/\/foliobooks.pl\/en\/shop\/label-sticker-tape-book-marine\/\" \/>\n<meta property=\"og:site_name\" content=\"Folio\" \/>\n<meta property=\"article:modified_time\" content=\"2024-09-02T12:17:10+00:00\" \/>\n<meta property=\"og:image\" content=\"https:\/\/foliobooks.pl\/wp-content\/uploads\/2020\/03\/9789460094286.png\" \/>\n\t<meta property=\"og:image:width\" content=\"570\" \/>\n\t<meta property=\"og:image:height\" content=\"708\" \/>\n\t<meta property=\"og:image:type\" content=\"image\/png\" \/>\n<meta name=\"twitter:card\" content=\"summary_large_image\" \/>\n<script type=\"application\/ld+json\" class=\"yoast-schema-graph\">{\"@context\":\"https:\\\/\\\/schema.org\",\"@graph\":[{\"@type\":\"WebPage\",\"@id\":\"https:\\\/\\\/foliobooks.pl\\\/en\\\/shop\\\/label-sticker-tape-book-marine\\\/\",\"url\":\"https:\\\/\\\/foliobooks.pl\\\/en\\\/shop\\\/label-sticker-tape-book-marine\\\/\",\"name\":\"Label, Sticker & Tape Book. Marine () - book \\\/ album - Folio\",\"isPartOf\":{\"@id\":\"https:\\\/\\\/foliobooks.pl\\\/en\\\/#website\"},\"primaryImageOfPage\":{\"@id\":\"https:\\\/\\\/foliobooks.pl\\\/en\\\/shop\\\/label-sticker-tape-book-marine\\\/#primaryimage\"},\"image\":{\"@id\":\"https:\\\/\\\/foliobooks.pl\\\/en\\\/shop\\\/label-sticker-tape-book-marine\\\/#primaryimage\"},\"thumbnailUrl\":\"https:\\\/\\\/foliobooks.pl\\\/wp-content\\\/uploads\\\/2020\\\/03\\\/9789460094286.png\",\"datePublished\":\"2020-03-03T20:04:48+00:00\",\"dateModified\":\"2024-09-02T12:17:10+00:00\",\"description\":\"Wejd\u017a i kup ksi\u0105\u017ck\u0119 Label, Sticker & Tape Book. Marine autorstwa wydan\u0105 przez Pepin Press (2019-03-28) w formacie 17,2 x 24 cm (ISBN: 9789460094286). Zapraszamy!\",\"breadcrumb\":{\"@id\":\"https:\\\/\\\/foliobooks.pl\\\/en\\\/shop\\\/label-sticker-tape-book-marine\\\/#breadcrumb\"},\"inLanguage\":\"en-US\",\"potentialAction\":[{\"@type\":\"ReadAction\",\"target\":[\"https:\\\/\\\/foliobooks.pl\\\/en\\\/shop\\\/label-sticker-tape-book-marine\\\/\"]}]},{\"@type\":\"ImageObject\",\"inLanguage\":\"en-US\",\"@id\":\"https:\\\/\\\/foliobooks.pl\\\/en\\\/shop\\\/label-sticker-tape-book-marine\\\/#primaryimage\",\"url\":\"https:\\\/\\\/foliobooks.pl\\\/wp-content\\\/uploads\\\/2020\\\/03\\\/9789460094286.png\",\"contentUrl\":\"https:\\\/\\\/foliobooks.pl\\\/wp-content\\\/uploads\\\/2020\\\/03\\\/9789460094286.png\",\"width\":570,\"height\":708},{\"@type\":\"BreadcrumbList\",\"@id\":\"https:\\\/\\\/foliobooks.pl\\\/en\\\/shop\\\/label-sticker-tape-book-marine\\\/#breadcrumb\",\"itemListElement\":[{\"@type\":\"ListItem\",\"position\":1,\"name\":\"Strona g\u0142\u00f3wna\",\"item\":\"https:\\\/\\\/foliobooks.pl\\\/en\\\/\"},{\"@type\":\"ListItem\",\"position\":2,\"name\":\"Shop\",\"item\":\"https:\\\/\\\/foliobooks.pl\\\/en\\\/shop\\\/\"},{\"@type\":\"ListItem\",\"position\":3,\"name\":\"Label, Sticker &#038; Tape Book. Marine\"}]},{\"@type\":\"WebSite\",\"@id\":\"https:\\\/\\\/foliobooks.pl\\\/en\\\/#website\",\"url\":\"https:\\\/\\\/foliobooks.pl\\\/en\\\/\",\"name\":\"Folio\",\"description\":\"Ksi\u0119garnia internetowa\",\"potentialAction\":[{\"@type\":\"SearchAction\",\"target\":{\"@type\":\"EntryPoint\",\"urlTemplate\":\"https:\\\/\\\/foliobooks.pl\\\/en\\\/?s={search_term_string}\"},\"query-input\":{\"@type\":\"PropertyValueSpecification\",\"valueRequired\":true,\"valueName\":\"search_term_string\"}}],\"inLanguage\":\"en-US\"}]}<\/script>\n<!-- \/ Yoast SEO plugin. -->","yoast_head_json":{"title":"Label, Sticker & Tape Book. Marine () - book \/ album - Folio","description":"Wejd\u017a i kup ksi\u0105\u017ck\u0119 Label, Sticker & Tape Book. Marine autorstwa wydan\u0105 przez Pepin Press (2019-03-28) w formacie 17,2 x 24 cm (ISBN: 9789460094286). Zapraszamy!","robots":{"index":"index","follow":"follow","max-snippet":"max-snippet:-1","max-image-preview":"max-image-preview:large","max-video-preview":"max-video-preview:-1"},"canonical":"https:\/\/foliobooks.pl\/en\/shop\/label-sticker-tape-book-marine\/","og_locale":"en_US","og_type":"article","og_title":"Label, Sticker & Tape Book. Marine () - book \/ album - Folio","og_description":"Wejd\u017a i kup ksi\u0105\u017ck\u0119 Label, Sticker & Tape Book. Marine autorstwa wydan\u0105 przez Pepin Press (2019-03-28) w formacie 17,2 x 24 cm (ISBN: 9789460094286). Zapraszamy!","og_url":"https:\/\/foliobooks.pl\/en\/shop\/label-sticker-tape-book-marine\/","og_site_name":"Folio","article_modified_time":"2024-09-02T12:17:10+00:00","og_image":[{"width":570,"height":708,"url":"https:\/\/foliobooks.pl\/wp-content\/uploads\/2020\/03\/9789460094286.png","type":"image\/png"}],"twitter_card":"summary_large_image","schema":{"@context":"https:\/\/schema.org","@graph":[{"@type":"WebPage","@id":"https:\/\/foliobooks.pl\/en\/shop\/label-sticker-tape-book-marine\/","url":"https:\/\/foliobooks.pl\/en\/shop\/label-sticker-tape-book-marine\/","name":"Label, Sticker & Tape Book. Marine () - book \/ album - Folio","isPartOf":{"@id":"https:\/\/foliobooks.pl\/en\/#website"},"primaryImageOfPage":{"@id":"https:\/\/foliobooks.pl\/en\/shop\/label-sticker-tape-book-marine\/#primaryimage"},"image":{"@id":"https:\/\/foliobooks.pl\/en\/shop\/label-sticker-tape-book-marine\/#primaryimage"},"thumbnailUrl":"https:\/\/foliobooks.pl\/wp-content\/uploads\/2020\/03\/9789460094286.png","datePublished":"2020-03-03T20:04:48+00:00","dateModified":"2024-09-02T12:17:10+00:00","description":"Wejd\u017a i kup ksi\u0105\u017ck\u0119 Label, Sticker & Tape Book. Marine autorstwa wydan\u0105 przez Pepin Press (2019-03-28) w formacie 17,2 x 24 cm (ISBN: 9789460094286). Zapraszamy!","breadcrumb":{"@id":"https:\/\/foliobooks.pl\/en\/shop\/label-sticker-tape-book-marine\/#breadcrumb"},"inLanguage":"en-US","potentialAction":[{"@type":"ReadAction","target":["https:\/\/foliobooks.pl\/en\/shop\/label-sticker-tape-book-marine\/"]}]},{"@type":"ImageObject","inLanguage":"en-US","@id":"https:\/\/foliobooks.pl\/en\/shop\/label-sticker-tape-book-marine\/#primaryimage","url":"https:\/\/foliobooks.pl\/wp-content\/uploads\/2020\/03\/9789460094286.png","contentUrl":"https:\/\/foliobooks.pl\/wp-content\/uploads\/2020\/03\/9789460094286.png","width":570,"height":708},{"@type":"BreadcrumbList","@id":"https:\/\/foliobooks.pl\/en\/shop\/label-sticker-tape-book-marine\/#breadcrumb","itemListElement":[{"@type":"ListItem","position":1,"name":"Strona g\u0142\u00f3wna","item":"https:\/\/foliobooks.pl\/en\/"},{"@type":"ListItem","position":2,"name":"Shop","item":"https:\/\/foliobooks.pl\/en\/shop\/"},{"@type":"ListItem","position":3,"name":"Label, Sticker &#038; Tape Book. Marine"}]},{"@type":"WebSite","@id":"https:\/\/foliobooks.pl\/en\/#website","url":"https:\/\/foliobooks.pl\/en\/","name":"Folio","description":"Ksi\u0119garnia internetowa","potentialAction":[{"@type":"SearchAction","target":{"@type":"EntryPoint","urlTemplate":"https:\/\/foliobooks.pl\/en\/?s={search_term_string}"},"query-input":{"@type":"PropertyValueSpecification","valueRequired":true,"valueName":"search_term_string"}}],"inLanguage":"en-US"}]}},"_links":{"self":[{"href":"https:\/\/foliobooks.pl\/en\/wp-json\/wp\/v2\/product\/49079","targetHints":{"allow":["GET"]}}],"collection":[{"href":"https:\/\/foliobooks.pl\/en\/wp-json\/wp\/v2\/product"}],"about":[{"href":"https:\/\/foliobooks.pl\/en\/wp-json\/wp\/v2\/types\/product"}],"replies":[{"embeddable":true,"href":"https:\/\/foliobooks.pl\/en\/wp-json\/wp\/v2\/comments?post=49079"}],"wp:featuredmedia":[{"embeddable":true,"href":"https:\/\/foliobooks.pl\/en\/wp-json\/wp\/v2\/media\/49145"}],"wp:attachment":[{"href":"https:\/\/foliobooks.pl\/en\/wp-json\/wp\/v2\/media?parent=49079"}],"wp:term":[{"taxonomy":"product_brand","embeddable":true,"href":"https:\/\/foliobooks.pl\/en\/wp-json\/wp\/v2\/product_brand?post=49079"},{"taxonomy":"product_cat","embeddable":true,"href":"https:\/\/foliobooks.pl\/en\/wp-json\/wp\/v2\/product_cat?post=49079"},{"taxonomy":"product_tag","embeddable":true,"href":"https:\/\/foliobooks.pl\/en\/wp-json\/wp\/v2\/product_tag?post=49079"}],"curies":[{"name":"wp","href":"https:\/\/api.w.org\/{rel}","templated":true}]}}