{"id":49070,"date":"2020-03-04T11:23:55","date_gmt":"2020-03-04T10:23:55","guid":{"rendered":"https:\/\/foliobooks.pl\/?post_type=product&#038;p=49070"},"modified":"2025-02-24T12:48:11","modified_gmt":"2025-02-24T11:48:11","slug":"dali-tarot","status":"publish","type":"product","link":"https:\/\/foliobooks.pl\/en\/shop\/dali-tarot\/","title":{"rendered":"Dal\u00ed. Tarot"},"content":{"rendered":"<p>Deck of 78 tarot cards with booklet in box.<\/p>\n<p>Dal\u00ed poses as the Magician, his wife Gala becomes the Empress, and the death of Julius Caesar is reinterpreted as the Ten of Swords in the artist\u2019s extraordinary custom tarot deck. First published in a 1984 limited edition that has since long sold out, this lush box set brings back all 78 cards, each dazzling in color, along with a companion book on the making-of and practical instructions.<\/p>\n<p>Legend has it that when preparing props for the James Bond film Live and Let Die, producer Albert Broccoli commissioned Surrealist maestro Salvador Dal\u00ed to create a custom deck of tarot cards. Inspired by his wife Gala, who nurtured his interest in mysticism, Dal\u00ed eagerly got to work, and continued the project of his own accord when the contractual deal fell through.<\/p>\n<p>The work was published in a limited art edition in 1984 that has since long sold out, making Dal\u00ed the first renowned painter to create a completely new set of cards. Drawing on Western masterpieces from antiquity to modernity (including some of his own), Dal\u00ed seamlessly combined his knowledge of the arcane with his unmistakable wit. The result is a surreal kaleidoscope of European art history.<\/p>\n<p>TASCHEN resurrects all 78 cards in a fresh celebration of Dal\u00ed\u2019s inimitable custom set, complete with a booklet by renowned German tarot author Johannes Fiebig offering:<\/p>\n<ul>\n<li>an introduction to Dal\u00ed\u2019s life and the project\u2019s making-of<\/li>\n<li>a comprehensive explanation of each card\u2019s composition, its meaning, and practical advice<\/li>\n<li>step-by-step instructions on how to perform readings<\/li>\n<li>a jargon-free approach simplifying tarot for the newcomer<\/li>\n<\/ul>\n","protected":false},"excerpt":{"rendered":"<p>Deck of 78 tarot cards with booklet in box. Dal\u00ed poses as the Magician, his wife Gala becomes the Empress, and the death of Julius Caesar is reinterpreted as the Ten of Swords in the artist\u2019s extraordinary custom tarot deck. First published in a 1984 limited edition that has since long sold out, this lush&#8230;<\/p>\n","protected":false},"featured_media":49117,"comment_status":"closed","ping_status":"closed","template":"","meta":[],"product_brand":[],"product_cat":[4522,4797,13533,12943,4521],"product_tag":[1156,2767,1649,524,11556],"class_list":{"0":"post-49070","1":"product","2":"type-product","3":"status-publish","4":"has-post-thumbnail","6":"product_cat-art-en","7":"product_cat-beautifulthings","8":"product_cat-books","9":"product_cat-games","10":"product_cat-silva-rerum-en-en","11":"product_tag-appliedarts-en","12":"product_tag-art-history","13":"product_tag-illustration","14":"product_tag-painting-en","15":"product_tag-surrealism-en","16":"pa_author_att-johannes-fiebig-en","17":"pa_author_att-salvador-dali-en","18":"pa_cover-box","19":"pa_format-188-x-33-cm-en","20":"pa_isbn-9783836576123-en","21":"pa_language-eng-f-ger","22":"pa_pages-184-en","23":"pa_published-2019-09-11-en","24":"pa_publisher-taschen-en-en","26":"first","27":"outofstock","28":"sold-individually","29":"shipping-taxable","30":"purchasable","31":"product-type-simple"},"yoast_head":"<!-- This site is optimized with the Yoast SEO plugin v27.4 - https:\/\/yoast.com\/product\/yoast-seo-wordpress\/ -->\n<title>Dal\u00ed. Tarot (Johannes Fiebig, Salvador Dal\u00ed) - book \/ album - Folio<\/title>\n<meta name=\"description\" content=\"Wejd\u017a i kup ksi\u0105\u017ck\u0119 Dal\u00ed. Tarot autorstwa Johannes Fiebig, Salvador Dal\u00ed wydan\u0105 przez TASCHEN (2019-09-11) w formacie 18,8 x 33 cm (ISBN: 9783836576123). Zapraszamy!\" \/>\n<meta name=\"robots\" content=\"index, follow, max-snippet:-1, max-image-preview:large, max-video-preview:-1\" \/>\n<link rel=\"canonical\" href=\"https:\/\/foliobooks.pl\/en\/shop\/dali-tarot\/\" \/>\n<meta property=\"og:locale\" content=\"en_US\" \/>\n<meta property=\"og:type\" content=\"article\" \/>\n<meta property=\"og:title\" content=\"Dal\u00ed. Tarot (Johannes Fiebig, Salvador Dal\u00ed) - book \/ album - Folio\" \/>\n<meta property=\"og:description\" content=\"Wejd\u017a i kup ksi\u0105\u017ck\u0119 Dal\u00ed. Tarot autorstwa Johannes Fiebig, Salvador Dal\u00ed wydan\u0105 przez TASCHEN (2019-09-11) w formacie 18,8 x 33 cm (ISBN: 9783836576123). Zapraszamy!\" \/>\n<meta property=\"og:url\" content=\"https:\/\/foliobooks.pl\/en\/shop\/dali-tarot\/\" \/>\n<meta property=\"og:site_name\" content=\"Folio\" \/>\n<meta property=\"article:modified_time\" content=\"2025-02-24T11:48:11+00:00\" \/>\n<meta property=\"og:image\" content=\"https:\/\/foliobooks.pl\/wp-content\/uploads\/2020\/03\/9783836576123.png\" \/>\n\t<meta property=\"og:image:width\" content=\"570\" \/>\n\t<meta property=\"og:image:height\" content=\"708\" \/>\n\t<meta property=\"og:image:type\" content=\"image\/png\" \/>\n<meta name=\"twitter:card\" content=\"summary_large_image\" \/>\n<meta name=\"twitter:label1\" content=\"Est. reading time\" \/>\n\t<meta name=\"twitter:data1\" content=\"1 minute\" \/>\n<script type=\"application\/ld+json\" class=\"yoast-schema-graph\">{\"@context\":\"https:\\\/\\\/schema.org\",\"@graph\":[{\"@type\":\"WebPage\",\"@id\":\"https:\\\/\\\/foliobooks.pl\\\/en\\\/shop\\\/dali-tarot\\\/\",\"url\":\"https:\\\/\\\/foliobooks.pl\\\/en\\\/shop\\\/dali-tarot\\\/\",\"name\":\"Dal\u00ed. Tarot (Johannes Fiebig, Salvador Dal\u00ed) - book \\\/ album - Folio\",\"isPartOf\":{\"@id\":\"https:\\\/\\\/foliobooks.pl\\\/en\\\/#website\"},\"primaryImageOfPage\":{\"@id\":\"https:\\\/\\\/foliobooks.pl\\\/en\\\/shop\\\/dali-tarot\\\/#primaryimage\"},\"image\":{\"@id\":\"https:\\\/\\\/foliobooks.pl\\\/en\\\/shop\\\/dali-tarot\\\/#primaryimage\"},\"thumbnailUrl\":\"https:\\\/\\\/foliobooks.pl\\\/wp-content\\\/uploads\\\/2020\\\/03\\\/9783836576123.png\",\"datePublished\":\"2020-03-04T10:23:55+00:00\",\"dateModified\":\"2025-02-24T11:48:11+00:00\",\"description\":\"Wejd\u017a i kup ksi\u0105\u017ck\u0119 Dal\u00ed. Tarot autorstwa Johannes Fiebig, Salvador Dal\u00ed wydan\u0105 przez TASCHEN (2019-09-11) w formacie 18,8 x 33 cm (ISBN: 9783836576123). Zapraszamy!\",\"breadcrumb\":{\"@id\":\"https:\\\/\\\/foliobooks.pl\\\/en\\\/shop\\\/dali-tarot\\\/#breadcrumb\"},\"inLanguage\":\"en-US\",\"potentialAction\":[{\"@type\":\"ReadAction\",\"target\":[\"https:\\\/\\\/foliobooks.pl\\\/en\\\/shop\\\/dali-tarot\\\/\"]}]},{\"@type\":\"ImageObject\",\"inLanguage\":\"en-US\",\"@id\":\"https:\\\/\\\/foliobooks.pl\\\/en\\\/shop\\\/dali-tarot\\\/#primaryimage\",\"url\":\"https:\\\/\\\/foliobooks.pl\\\/wp-content\\\/uploads\\\/2020\\\/03\\\/9783836576123.png\",\"contentUrl\":\"https:\\\/\\\/foliobooks.pl\\\/wp-content\\\/uploads\\\/2020\\\/03\\\/9783836576123.png\",\"width\":570,\"height\":708},{\"@type\":\"BreadcrumbList\",\"@id\":\"https:\\\/\\\/foliobooks.pl\\\/en\\\/shop\\\/dali-tarot\\\/#breadcrumb\",\"itemListElement\":[{\"@type\":\"ListItem\",\"position\":1,\"name\":\"Strona g\u0142\u00f3wna\",\"item\":\"https:\\\/\\\/foliobooks.pl\\\/en\\\/\"},{\"@type\":\"ListItem\",\"position\":2,\"name\":\"Shop\",\"item\":\"https:\\\/\\\/foliobooks.pl\\\/en\\\/shop\\\/\"},{\"@type\":\"ListItem\",\"position\":3,\"name\":\"Dal\u00ed. Tarot\"}]},{\"@type\":\"WebSite\",\"@id\":\"https:\\\/\\\/foliobooks.pl\\\/en\\\/#website\",\"url\":\"https:\\\/\\\/foliobooks.pl\\\/en\\\/\",\"name\":\"Folio\",\"description\":\"Ksi\u0119garnia internetowa\",\"potentialAction\":[{\"@type\":\"SearchAction\",\"target\":{\"@type\":\"EntryPoint\",\"urlTemplate\":\"https:\\\/\\\/foliobooks.pl\\\/en\\\/?s={search_term_string}\"},\"query-input\":{\"@type\":\"PropertyValueSpecification\",\"valueRequired\":true,\"valueName\":\"search_term_string\"}}],\"inLanguage\":\"en-US\"}]}<\/script>\n<!-- \/ Yoast SEO plugin. -->","yoast_head_json":{"title":"Dal\u00ed. Tarot (Johannes Fiebig, Salvador Dal\u00ed) - book \/ album - Folio","description":"Wejd\u017a i kup ksi\u0105\u017ck\u0119 Dal\u00ed. Tarot autorstwa Johannes Fiebig, Salvador Dal\u00ed wydan\u0105 przez TASCHEN (2019-09-11) w formacie 18,8 x 33 cm (ISBN: 9783836576123). Zapraszamy!","robots":{"index":"index","follow":"follow","max-snippet":"max-snippet:-1","max-image-preview":"max-image-preview:large","max-video-preview":"max-video-preview:-1"},"canonical":"https:\/\/foliobooks.pl\/en\/shop\/dali-tarot\/","og_locale":"en_US","og_type":"article","og_title":"Dal\u00ed. Tarot (Johannes Fiebig, Salvador Dal\u00ed) - book \/ album - Folio","og_description":"Wejd\u017a i kup ksi\u0105\u017ck\u0119 Dal\u00ed. Tarot autorstwa Johannes Fiebig, Salvador Dal\u00ed wydan\u0105 przez TASCHEN (2019-09-11) w formacie 18,8 x 33 cm (ISBN: 9783836576123). Zapraszamy!","og_url":"https:\/\/foliobooks.pl\/en\/shop\/dali-tarot\/","og_site_name":"Folio","article_modified_time":"2025-02-24T11:48:11+00:00","og_image":[{"width":570,"height":708,"url":"https:\/\/foliobooks.pl\/wp-content\/uploads\/2020\/03\/9783836576123.png","type":"image\/png"}],"twitter_card":"summary_large_image","twitter_misc":{"Est. reading time":"1 minute"},"schema":{"@context":"https:\/\/schema.org","@graph":[{"@type":"WebPage","@id":"https:\/\/foliobooks.pl\/en\/shop\/dali-tarot\/","url":"https:\/\/foliobooks.pl\/en\/shop\/dali-tarot\/","name":"Dal\u00ed. Tarot (Johannes Fiebig, Salvador Dal\u00ed) - book \/ album - Folio","isPartOf":{"@id":"https:\/\/foliobooks.pl\/en\/#website"},"primaryImageOfPage":{"@id":"https:\/\/foliobooks.pl\/en\/shop\/dali-tarot\/#primaryimage"},"image":{"@id":"https:\/\/foliobooks.pl\/en\/shop\/dali-tarot\/#primaryimage"},"thumbnailUrl":"https:\/\/foliobooks.pl\/wp-content\/uploads\/2020\/03\/9783836576123.png","datePublished":"2020-03-04T10:23:55+00:00","dateModified":"2025-02-24T11:48:11+00:00","description":"Wejd\u017a i kup ksi\u0105\u017ck\u0119 Dal\u00ed. Tarot autorstwa Johannes Fiebig, Salvador Dal\u00ed wydan\u0105 przez TASCHEN (2019-09-11) w formacie 18,8 x 33 cm (ISBN: 9783836576123). Zapraszamy!","breadcrumb":{"@id":"https:\/\/foliobooks.pl\/en\/shop\/dali-tarot\/#breadcrumb"},"inLanguage":"en-US","potentialAction":[{"@type":"ReadAction","target":["https:\/\/foliobooks.pl\/en\/shop\/dali-tarot\/"]}]},{"@type":"ImageObject","inLanguage":"en-US","@id":"https:\/\/foliobooks.pl\/en\/shop\/dali-tarot\/#primaryimage","url":"https:\/\/foliobooks.pl\/wp-content\/uploads\/2020\/03\/9783836576123.png","contentUrl":"https:\/\/foliobooks.pl\/wp-content\/uploads\/2020\/03\/9783836576123.png","width":570,"height":708},{"@type":"BreadcrumbList","@id":"https:\/\/foliobooks.pl\/en\/shop\/dali-tarot\/#breadcrumb","itemListElement":[{"@type":"ListItem","position":1,"name":"Strona g\u0142\u00f3wna","item":"https:\/\/foliobooks.pl\/en\/"},{"@type":"ListItem","position":2,"name":"Shop","item":"https:\/\/foliobooks.pl\/en\/shop\/"},{"@type":"ListItem","position":3,"name":"Dal\u00ed. Tarot"}]},{"@type":"WebSite","@id":"https:\/\/foliobooks.pl\/en\/#website","url":"https:\/\/foliobooks.pl\/en\/","name":"Folio","description":"Ksi\u0119garnia internetowa","potentialAction":[{"@type":"SearchAction","target":{"@type":"EntryPoint","urlTemplate":"https:\/\/foliobooks.pl\/en\/?s={search_term_string}"},"query-input":{"@type":"PropertyValueSpecification","valueRequired":true,"valueName":"search_term_string"}}],"inLanguage":"en-US"}]}},"_links":{"self":[{"href":"https:\/\/foliobooks.pl\/en\/wp-json\/wp\/v2\/product\/49070","targetHints":{"allow":["GET"]}}],"collection":[{"href":"https:\/\/foliobooks.pl\/en\/wp-json\/wp\/v2\/product"}],"about":[{"href":"https:\/\/foliobooks.pl\/en\/wp-json\/wp\/v2\/types\/product"}],"replies":[{"embeddable":true,"href":"https:\/\/foliobooks.pl\/en\/wp-json\/wp\/v2\/comments?post=49070"}],"wp:featuredmedia":[{"embeddable":true,"href":"https:\/\/foliobooks.pl\/en\/wp-json\/wp\/v2\/media\/49117"}],"wp:attachment":[{"href":"https:\/\/foliobooks.pl\/en\/wp-json\/wp\/v2\/media?parent=49070"}],"wp:term":[{"taxonomy":"product_brand","embeddable":true,"href":"https:\/\/foliobooks.pl\/en\/wp-json\/wp\/v2\/product_brand?post=49070"},{"taxonomy":"product_cat","embeddable":true,"href":"https:\/\/foliobooks.pl\/en\/wp-json\/wp\/v2\/product_cat?post=49070"},{"taxonomy":"product_tag","embeddable":true,"href":"https:\/\/foliobooks.pl\/en\/wp-json\/wp\/v2\/product_tag?post=49070"}],"curies":[{"name":"wp","href":"https:\/\/api.w.org\/{rel}","templated":true}]}}