{"id":48960,"date":"2020-03-03T12:56:35","date_gmt":"2020-03-03T11:56:35","guid":{"rendered":"https:\/\/foliobooks.pl\/sklep\/rembrandt-the-self-portraits\/"},"modified":"2021-12-16T17:12:35","modified_gmt":"2021-12-16T16:12:35","slug":"rembrandt-the-self-portraits","status":"publish","type":"product","link":"https:\/\/foliobooks.pl\/en\/shop\/rembrandt-the-self-portraits\/","title":{"rendered":"Rembrandt. The Self-Portraits"},"content":{"rendered":"<p>Few devotees of the form can approach Rembrandt Harmensz. van Rijn\u2019s radical contributions to the art of the self-portrait. Challenging the conventions enshrined by his predecessors, Rembrandt transformed self portraiture into a fully realized medium capable of communicating emotional depth rather than favorably immortalizing one\u2019s likeness in the finest trappings of luxury.<\/p>\n<p>With more than 80 works spanning paintings, etchings, and drawings, the Dutchman\u2019s lifelong practice of self-portraiture functions as a means of concretizing that which is fleeting, be it individual moments of development set against the inexorable passage of time, or the facial contortions of emotion that are gone, without a trace, as swiftly as they arrive. Across the four decades in which they were painted, one constant is particularly striking across media and styles\u2014Rembrandt\u2019s dedication to presenting himself from multiple perspectives, celebrating the multiplicity of the individual and championing the unfiltered portrayal of emotional expression.<\/p>\n<p>Apart from the thematic concerns present within Rembrandt\u2019s suite of self-portraits, the works themselves are rich with technical innovation and experimentation. Glints of light bathe a shoulder while whole swathes of his face blend, obscured, into darkened backdrops. Carved through a wet patina of earth-toned paint with a rough reed pen, unruly curls seem to reflect the light cast down upon them, swirling with boisterous energy befitting the surprise so often plastered across Rembrandt\u2019s face. There is an unmistakable humanity present across the entirety of this oeuvre, each expressive brushstroke and obfuscated feature amounting to an unflinchingly honest characterization of himself, in all his foibles, contrasting states of feeling, and stages of life.<\/p>\n","protected":false},"excerpt":{"rendered":"<p>Few devotees of the form can approach Rembrandt Harmensz. van Rijn\u2019s radical contributions to the art of the self-portrait. Challenging the conventions enshrined by his predecessors, Rembrandt transformed self portraiture into a fully realized medium capable of communicating emotional depth rather than favorably immortalizing one\u2019s likeness in the finest trappings of luxury. With more than&#8230;<\/p>\n","protected":false},"featured_media":48944,"comment_status":"closed","ping_status":"closed","template":"","meta":[],"product_brand":[],"product_cat":[4522,13533],"product_tag":[9083,1702,154,524,1066],"class_list":{"0":"post-48960","1":"product","2":"type-product","3":"status-publish","4":"has-post-thumbnail","6":"product_cat-art-en","7":"product_cat-books","8":"product_tag-art-en","9":"product_tag-artists","10":"product_tag-monographs","11":"product_tag-painting-en","12":"product_tag-portraits-en","13":"pa_author_att-marieke-de-winkel-en","14":"pa_author_att-volker-manuth-en","15":"pa_cover-hardcover","16":"pa_format-259-x-34-cm-en","17":"pa_isbn-9783836577007-en","18":"pa_language-eng","19":"pa_pages-176-en","20":"pa_published-2019-09-03-en","21":"pa_publisher-taschen-en-en","23":"first","24":"outofstock","25":"sold-individually","26":"shipping-taxable","27":"purchasable","28":"product-type-simple"},"yoast_head":"<!-- This site is optimized with the Yoast SEO plugin v27.4 - https:\/\/yoast.com\/product\/yoast-seo-wordpress\/ -->\n<title>Rembrandt. The Self-Portraits (Marieke de Winkel, Volker Manuth) - book \/ album - Folio<\/title>\n<meta name=\"description\" content=\"Wejd\u017a i kup ksi\u0105\u017ck\u0119 Rembrandt. The Self-Portraits autorstwa Marieke de Winkel, Volker Manuth wydan\u0105 przez TASCHEN (2019-09-03) w formacie 25,9 x 34 cm (ISBN: 9783836577007). Zapraszamy!\" \/>\n<meta name=\"robots\" content=\"index, follow, max-snippet:-1, max-image-preview:large, max-video-preview:-1\" \/>\n<link rel=\"canonical\" href=\"https:\/\/foliobooks.pl\/en\/shop\/rembrandt-the-self-portraits\/\" \/>\n<meta property=\"og:locale\" content=\"en_US\" \/>\n<meta property=\"og:type\" content=\"article\" \/>\n<meta property=\"og:title\" content=\"Rembrandt. The Self-Portraits (Marieke de Winkel, Volker Manuth) - book \/ album - Folio\" \/>\n<meta property=\"og:description\" content=\"Wejd\u017a i kup ksi\u0105\u017ck\u0119 Rembrandt. The Self-Portraits autorstwa Marieke de Winkel, Volker Manuth wydan\u0105 przez TASCHEN (2019-09-03) w formacie 25,9 x 34 cm (ISBN: 9783836577007). Zapraszamy!\" \/>\n<meta property=\"og:url\" content=\"https:\/\/foliobooks.pl\/en\/shop\/rembrandt-the-self-portraits\/\" \/>\n<meta property=\"og:site_name\" content=\"Folio\" \/>\n<meta property=\"article:modified_time\" content=\"2021-12-16T16:12:35+00:00\" \/>\n<meta property=\"og:image\" content=\"https:\/\/foliobooks.pl\/wp-content\/uploads\/2020\/03\/9783836577007.png\" \/>\n\t<meta property=\"og:image:width\" content=\"570\" \/>\n\t<meta property=\"og:image:height\" content=\"708\" \/>\n\t<meta property=\"og:image:type\" content=\"image\/png\" \/>\n<meta name=\"twitter:card\" content=\"summary_large_image\" \/>\n<meta name=\"twitter:label1\" content=\"Est. reading time\" \/>\n\t<meta name=\"twitter:data1\" content=\"1 minute\" \/>\n<script type=\"application\/ld+json\" class=\"yoast-schema-graph\">{\"@context\":\"https:\\\/\\\/schema.org\",\"@graph\":[{\"@type\":\"WebPage\",\"@id\":\"https:\\\/\\\/foliobooks.pl\\\/en\\\/shop\\\/rembrandt-the-self-portraits\\\/\",\"url\":\"https:\\\/\\\/foliobooks.pl\\\/en\\\/shop\\\/rembrandt-the-self-portraits\\\/\",\"name\":\"Rembrandt. The Self-Portraits (Marieke de Winkel, Volker Manuth) - book \\\/ album - Folio\",\"isPartOf\":{\"@id\":\"https:\\\/\\\/foliobooks.pl\\\/en\\\/#website\"},\"primaryImageOfPage\":{\"@id\":\"https:\\\/\\\/foliobooks.pl\\\/en\\\/shop\\\/rembrandt-the-self-portraits\\\/#primaryimage\"},\"image\":{\"@id\":\"https:\\\/\\\/foliobooks.pl\\\/en\\\/shop\\\/rembrandt-the-self-portraits\\\/#primaryimage\"},\"thumbnailUrl\":\"https:\\\/\\\/foliobooks.pl\\\/wp-content\\\/uploads\\\/2020\\\/03\\\/9783836577007.png\",\"datePublished\":\"2020-03-03T11:56:35+00:00\",\"dateModified\":\"2021-12-16T16:12:35+00:00\",\"description\":\"Wejd\u017a i kup ksi\u0105\u017ck\u0119 Rembrandt. The Self-Portraits autorstwa Marieke de Winkel, Volker Manuth wydan\u0105 przez TASCHEN (2019-09-03) w formacie 25,9 x 34 cm (ISBN: 9783836577007). Zapraszamy!\",\"breadcrumb\":{\"@id\":\"https:\\\/\\\/foliobooks.pl\\\/en\\\/shop\\\/rembrandt-the-self-portraits\\\/#breadcrumb\"},\"inLanguage\":\"en-US\",\"potentialAction\":[{\"@type\":\"ReadAction\",\"target\":[\"https:\\\/\\\/foliobooks.pl\\\/en\\\/shop\\\/rembrandt-the-self-portraits\\\/\"]}]},{\"@type\":\"ImageObject\",\"inLanguage\":\"en-US\",\"@id\":\"https:\\\/\\\/foliobooks.pl\\\/en\\\/shop\\\/rembrandt-the-self-portraits\\\/#primaryimage\",\"url\":\"https:\\\/\\\/foliobooks.pl\\\/wp-content\\\/uploads\\\/2020\\\/03\\\/9783836577007.png\",\"contentUrl\":\"https:\\\/\\\/foliobooks.pl\\\/wp-content\\\/uploads\\\/2020\\\/03\\\/9783836577007.png\",\"width\":570,\"height\":708},{\"@type\":\"BreadcrumbList\",\"@id\":\"https:\\\/\\\/foliobooks.pl\\\/en\\\/shop\\\/rembrandt-the-self-portraits\\\/#breadcrumb\",\"itemListElement\":[{\"@type\":\"ListItem\",\"position\":1,\"name\":\"Strona g\u0142\u00f3wna\",\"item\":\"https:\\\/\\\/foliobooks.pl\\\/en\\\/\"},{\"@type\":\"ListItem\",\"position\":2,\"name\":\"Shop\",\"item\":\"https:\\\/\\\/foliobooks.pl\\\/en\\\/shop\\\/\"},{\"@type\":\"ListItem\",\"position\":3,\"name\":\"Rembrandt. The Self-Portraits\"}]},{\"@type\":\"WebSite\",\"@id\":\"https:\\\/\\\/foliobooks.pl\\\/en\\\/#website\",\"url\":\"https:\\\/\\\/foliobooks.pl\\\/en\\\/\",\"name\":\"Folio\",\"description\":\"Ksi\u0119garnia internetowa\",\"potentialAction\":[{\"@type\":\"SearchAction\",\"target\":{\"@type\":\"EntryPoint\",\"urlTemplate\":\"https:\\\/\\\/foliobooks.pl\\\/en\\\/?s={search_term_string}\"},\"query-input\":{\"@type\":\"PropertyValueSpecification\",\"valueRequired\":true,\"valueName\":\"search_term_string\"}}],\"inLanguage\":\"en-US\"}]}<\/script>\n<!-- \/ Yoast SEO plugin. -->","yoast_head_json":{"title":"Rembrandt. The Self-Portraits (Marieke de Winkel, Volker Manuth) - book \/ album - Folio","description":"Wejd\u017a i kup ksi\u0105\u017ck\u0119 Rembrandt. The Self-Portraits autorstwa Marieke de Winkel, Volker Manuth wydan\u0105 przez TASCHEN (2019-09-03) w formacie 25,9 x 34 cm (ISBN: 9783836577007). Zapraszamy!","robots":{"index":"index","follow":"follow","max-snippet":"max-snippet:-1","max-image-preview":"max-image-preview:large","max-video-preview":"max-video-preview:-1"},"canonical":"https:\/\/foliobooks.pl\/en\/shop\/rembrandt-the-self-portraits\/","og_locale":"en_US","og_type":"article","og_title":"Rembrandt. The Self-Portraits (Marieke de Winkel, Volker Manuth) - book \/ album - Folio","og_description":"Wejd\u017a i kup ksi\u0105\u017ck\u0119 Rembrandt. The Self-Portraits autorstwa Marieke de Winkel, Volker Manuth wydan\u0105 przez TASCHEN (2019-09-03) w formacie 25,9 x 34 cm (ISBN: 9783836577007). Zapraszamy!","og_url":"https:\/\/foliobooks.pl\/en\/shop\/rembrandt-the-self-portraits\/","og_site_name":"Folio","article_modified_time":"2021-12-16T16:12:35+00:00","og_image":[{"width":570,"height":708,"url":"https:\/\/foliobooks.pl\/wp-content\/uploads\/2020\/03\/9783836577007.png","type":"image\/png"}],"twitter_card":"summary_large_image","twitter_misc":{"Est. reading time":"1 minute"},"schema":{"@context":"https:\/\/schema.org","@graph":[{"@type":"WebPage","@id":"https:\/\/foliobooks.pl\/en\/shop\/rembrandt-the-self-portraits\/","url":"https:\/\/foliobooks.pl\/en\/shop\/rembrandt-the-self-portraits\/","name":"Rembrandt. The Self-Portraits (Marieke de Winkel, Volker Manuth) - book \/ album - Folio","isPartOf":{"@id":"https:\/\/foliobooks.pl\/en\/#website"},"primaryImageOfPage":{"@id":"https:\/\/foliobooks.pl\/en\/shop\/rembrandt-the-self-portraits\/#primaryimage"},"image":{"@id":"https:\/\/foliobooks.pl\/en\/shop\/rembrandt-the-self-portraits\/#primaryimage"},"thumbnailUrl":"https:\/\/foliobooks.pl\/wp-content\/uploads\/2020\/03\/9783836577007.png","datePublished":"2020-03-03T11:56:35+00:00","dateModified":"2021-12-16T16:12:35+00:00","description":"Wejd\u017a i kup ksi\u0105\u017ck\u0119 Rembrandt. The Self-Portraits autorstwa Marieke de Winkel, Volker Manuth wydan\u0105 przez TASCHEN (2019-09-03) w formacie 25,9 x 34 cm (ISBN: 9783836577007). Zapraszamy!","breadcrumb":{"@id":"https:\/\/foliobooks.pl\/en\/shop\/rembrandt-the-self-portraits\/#breadcrumb"},"inLanguage":"en-US","potentialAction":[{"@type":"ReadAction","target":["https:\/\/foliobooks.pl\/en\/shop\/rembrandt-the-self-portraits\/"]}]},{"@type":"ImageObject","inLanguage":"en-US","@id":"https:\/\/foliobooks.pl\/en\/shop\/rembrandt-the-self-portraits\/#primaryimage","url":"https:\/\/foliobooks.pl\/wp-content\/uploads\/2020\/03\/9783836577007.png","contentUrl":"https:\/\/foliobooks.pl\/wp-content\/uploads\/2020\/03\/9783836577007.png","width":570,"height":708},{"@type":"BreadcrumbList","@id":"https:\/\/foliobooks.pl\/en\/shop\/rembrandt-the-self-portraits\/#breadcrumb","itemListElement":[{"@type":"ListItem","position":1,"name":"Strona g\u0142\u00f3wna","item":"https:\/\/foliobooks.pl\/en\/"},{"@type":"ListItem","position":2,"name":"Shop","item":"https:\/\/foliobooks.pl\/en\/shop\/"},{"@type":"ListItem","position":3,"name":"Rembrandt. The Self-Portraits"}]},{"@type":"WebSite","@id":"https:\/\/foliobooks.pl\/en\/#website","url":"https:\/\/foliobooks.pl\/en\/","name":"Folio","description":"Ksi\u0119garnia internetowa","potentialAction":[{"@type":"SearchAction","target":{"@type":"EntryPoint","urlTemplate":"https:\/\/foliobooks.pl\/en\/?s={search_term_string}"},"query-input":{"@type":"PropertyValueSpecification","valueRequired":true,"valueName":"search_term_string"}}],"inLanguage":"en-US"}]}},"_links":{"self":[{"href":"https:\/\/foliobooks.pl\/en\/wp-json\/wp\/v2\/product\/48960","targetHints":{"allow":["GET"]}}],"collection":[{"href":"https:\/\/foliobooks.pl\/en\/wp-json\/wp\/v2\/product"}],"about":[{"href":"https:\/\/foliobooks.pl\/en\/wp-json\/wp\/v2\/types\/product"}],"replies":[{"embeddable":true,"href":"https:\/\/foliobooks.pl\/en\/wp-json\/wp\/v2\/comments?post=48960"}],"wp:featuredmedia":[{"embeddable":true,"href":"https:\/\/foliobooks.pl\/en\/wp-json\/wp\/v2\/media\/48944"}],"wp:attachment":[{"href":"https:\/\/foliobooks.pl\/en\/wp-json\/wp\/v2\/media?parent=48960"}],"wp:term":[{"taxonomy":"product_brand","embeddable":true,"href":"https:\/\/foliobooks.pl\/en\/wp-json\/wp\/v2\/product_brand?post=48960"},{"taxonomy":"product_cat","embeddable":true,"href":"https:\/\/foliobooks.pl\/en\/wp-json\/wp\/v2\/product_cat?post=48960"},{"taxonomy":"product_tag","embeddable":true,"href":"https:\/\/foliobooks.pl\/en\/wp-json\/wp\/v2\/product_tag?post=48960"}],"curies":[{"name":"wp","href":"https:\/\/api.w.org\/{rel}","templated":true}]}}