{"id":48910,"date":"2020-03-03T12:05:34","date_gmt":"2020-03-03T11:05:34","guid":{"rendered":"https:\/\/foliobooks.pl\/sklep\/lagerfeld-the-chanel-shows\/"},"modified":"2025-09-17T15:55:56","modified_gmt":"2025-09-17T13:55:56","slug":"lagerfeld-the-chanel-shows","status":"publish","type":"product","link":"https:\/\/foliobooks.pl\/en\/shop\/lagerfeld-the-chanel-shows\/","title":{"rendered":"Lagerfeld. The Chanel Shows"},"content":{"rendered":"<p>An extraordinary look at Karl Lagerfeld&#8217;s most iconic runway shows for Chanel, which have transformed the way we experience fashion.<\/p>\n<p>Lagerfeld showcases in an oversize format ten years of Chanel&#8217;s most influential fashion shows shot by English photographer Simon Procter. Over the past decade, fashion shows have evolved into monumental productions, requiring a level of sophistication and creativity on par with the clothes they present. This has been most evident in Paris at the now legendary runways of Karl Lagerfeld for Chanel. To capture the energy of the events, Procter visually re-creates the epic sets&#8211;from a luscious forest scene to a rocket launch&#8211;combining multiple photographs to illustrate in a single image the many perspectives of the intense but fleeting spectacle. The resulting artworks are held in collections worldwide and published in this book for the first time alongside never-before-seen candid images of Lagerfeld and the models preparing backstage.<\/p>\n<p>Lagerfeld offers the reader an unparalleled look into the wide-ranging creativity of one of history&#8217;s most respected and iconic designers, making this an invaluable resource for all lovers of fashion and especially admirers of Chanel and Lagerfeld&#8217;s incomparable legacy.<\/p>\n","protected":false},"excerpt":{"rendered":"<p>An extraordinary look at Karl Lagerfeld&#8217;s most iconic runway shows for Chanel, which have transformed the way we experience fashion. Lagerfeld showcases in an oversize format ten years of Chanel&#8217;s most influential fashion shows shot by English photographer Simon Procter. Over the past decade, fashion shows have evolved into monumental productions, requiring a level of&#8230;<\/p>\n","protected":false},"featured_media":48909,"comment_status":"closed","ping_status":"closed","template":"","meta":[],"product_brand":[],"product_cat":[4519],"product_tag":[157,6125,11253,1710],"class_list":{"0":"post-48910","1":"product","2":"type-product","3":"status-publish","4":"has-post-thumbnail","6":"product_cat-fashion-en-en","7":"product_tag-designers","8":"product_tag-fashion","9":"product_tag-fashion-design-en","10":"product_tag-models","11":"pa_author_att-simon-procter-en","12":"pa_cover-hardcover","13":"pa_format-30-x-42-cm-en","14":"pa_isbn-9780847863815-en","15":"pa_language-eng","16":"pa_pages-108-en","17":"pa_published-2019-09-10-en","18":"pa_publisher-rizzoli-en","20":"first","21":"instock","22":"sale","23":"sold-individually","24":"shipping-taxable","25":"purchasable","26":"product-type-simple"},"yoast_head":"<!-- This site is optimized with the Yoast SEO plugin v27.4 - https:\/\/yoast.com\/product\/yoast-seo-wordpress\/ -->\n<title>Lagerfeld. The Chanel Shows (Simon Procter) - book \/ album - Folio<\/title>\n<meta name=\"description\" content=\"Wejd\u017a i kup ksi\u0105\u017ck\u0119 Lagerfeld. The Chanel Shows autorstwa Simon Procter wydan\u0105 przez Rizzoli (2019-09-10) w formacie 30 x 42 cm (ISBN: 9780847863815). Zapraszamy!\" \/>\n<meta name=\"robots\" content=\"index, follow, max-snippet:-1, max-image-preview:large, max-video-preview:-1\" \/>\n<link rel=\"canonical\" href=\"https:\/\/foliobooks.pl\/en\/shop\/lagerfeld-the-chanel-shows\/\" \/>\n<meta property=\"og:locale\" content=\"en_US\" \/>\n<meta property=\"og:type\" content=\"article\" \/>\n<meta property=\"og:title\" content=\"Lagerfeld. The Chanel Shows (Simon Procter) - book \/ album - Folio\" \/>\n<meta property=\"og:description\" content=\"Wejd\u017a i kup ksi\u0105\u017ck\u0119 Lagerfeld. The Chanel Shows autorstwa Simon Procter wydan\u0105 przez Rizzoli (2019-09-10) w formacie 30 x 42 cm (ISBN: 9780847863815). Zapraszamy!\" \/>\n<meta property=\"og:url\" content=\"https:\/\/foliobooks.pl\/en\/shop\/lagerfeld-the-chanel-shows\/\" \/>\n<meta property=\"og:site_name\" content=\"Folio\" \/>\n<meta property=\"article:modified_time\" content=\"2025-09-17T13:55:56+00:00\" \/>\n<meta property=\"og:image\" content=\"https:\/\/foliobooks.pl\/wp-content\/uploads\/2020\/03\/9780847863815.png\" \/>\n\t<meta property=\"og:image:width\" content=\"570\" \/>\n\t<meta property=\"og:image:height\" content=\"708\" \/>\n\t<meta property=\"og:image:type\" content=\"image\/png\" \/>\n<meta name=\"twitter:card\" content=\"summary_large_image\" \/>\n<meta name=\"twitter:label1\" content=\"Est. reading time\" \/>\n\t<meta name=\"twitter:data1\" content=\"1 minute\" \/>\n<script type=\"application\/ld+json\" class=\"yoast-schema-graph\">{\"@context\":\"https:\\\/\\\/schema.org\",\"@graph\":[{\"@type\":\"WebPage\",\"@id\":\"https:\\\/\\\/foliobooks.pl\\\/en\\\/shop\\\/lagerfeld-the-chanel-shows\\\/\",\"url\":\"https:\\\/\\\/foliobooks.pl\\\/en\\\/shop\\\/lagerfeld-the-chanel-shows\\\/\",\"name\":\"Lagerfeld. The Chanel Shows (Simon Procter) - book \\\/ album - Folio\",\"isPartOf\":{\"@id\":\"https:\\\/\\\/foliobooks.pl\\\/en\\\/#website\"},\"primaryImageOfPage\":{\"@id\":\"https:\\\/\\\/foliobooks.pl\\\/en\\\/shop\\\/lagerfeld-the-chanel-shows\\\/#primaryimage\"},\"image\":{\"@id\":\"https:\\\/\\\/foliobooks.pl\\\/en\\\/shop\\\/lagerfeld-the-chanel-shows\\\/#primaryimage\"},\"thumbnailUrl\":\"https:\\\/\\\/foliobooks.pl\\\/wp-content\\\/uploads\\\/2020\\\/03\\\/9780847863815.png\",\"datePublished\":\"2020-03-03T11:05:34+00:00\",\"dateModified\":\"2025-09-17T13:55:56+00:00\",\"description\":\"Wejd\u017a i kup ksi\u0105\u017ck\u0119 Lagerfeld. The Chanel Shows autorstwa Simon Procter wydan\u0105 przez Rizzoli (2019-09-10) w formacie 30 x 42 cm (ISBN: 9780847863815). Zapraszamy!\",\"breadcrumb\":{\"@id\":\"https:\\\/\\\/foliobooks.pl\\\/en\\\/shop\\\/lagerfeld-the-chanel-shows\\\/#breadcrumb\"},\"inLanguage\":\"en-US\",\"potentialAction\":[{\"@type\":\"ReadAction\",\"target\":[\"https:\\\/\\\/foliobooks.pl\\\/en\\\/shop\\\/lagerfeld-the-chanel-shows\\\/\"]}]},{\"@type\":\"ImageObject\",\"inLanguage\":\"en-US\",\"@id\":\"https:\\\/\\\/foliobooks.pl\\\/en\\\/shop\\\/lagerfeld-the-chanel-shows\\\/#primaryimage\",\"url\":\"https:\\\/\\\/foliobooks.pl\\\/wp-content\\\/uploads\\\/2020\\\/03\\\/9780847863815.png\",\"contentUrl\":\"https:\\\/\\\/foliobooks.pl\\\/wp-content\\\/uploads\\\/2020\\\/03\\\/9780847863815.png\",\"width\":570,\"height\":708},{\"@type\":\"BreadcrumbList\",\"@id\":\"https:\\\/\\\/foliobooks.pl\\\/en\\\/shop\\\/lagerfeld-the-chanel-shows\\\/#breadcrumb\",\"itemListElement\":[{\"@type\":\"ListItem\",\"position\":1,\"name\":\"Strona g\u0142\u00f3wna\",\"item\":\"https:\\\/\\\/foliobooks.pl\\\/en\\\/\"},{\"@type\":\"ListItem\",\"position\":2,\"name\":\"Shop\",\"item\":\"https:\\\/\\\/foliobooks.pl\\\/en\\\/shop\\\/\"},{\"@type\":\"ListItem\",\"position\":3,\"name\":\"Lagerfeld. The Chanel Shows\"}]},{\"@type\":\"WebSite\",\"@id\":\"https:\\\/\\\/foliobooks.pl\\\/en\\\/#website\",\"url\":\"https:\\\/\\\/foliobooks.pl\\\/en\\\/\",\"name\":\"Folio\",\"description\":\"Ksi\u0119garnia internetowa\",\"potentialAction\":[{\"@type\":\"SearchAction\",\"target\":{\"@type\":\"EntryPoint\",\"urlTemplate\":\"https:\\\/\\\/foliobooks.pl\\\/en\\\/?s={search_term_string}\"},\"query-input\":{\"@type\":\"PropertyValueSpecification\",\"valueRequired\":true,\"valueName\":\"search_term_string\"}}],\"inLanguage\":\"en-US\"}]}<\/script>\n<!-- \/ Yoast SEO plugin. -->","yoast_head_json":{"title":"Lagerfeld. The Chanel Shows (Simon Procter) - book \/ album - Folio","description":"Wejd\u017a i kup ksi\u0105\u017ck\u0119 Lagerfeld. The Chanel Shows autorstwa Simon Procter wydan\u0105 przez Rizzoli (2019-09-10) w formacie 30 x 42 cm (ISBN: 9780847863815). Zapraszamy!","robots":{"index":"index","follow":"follow","max-snippet":"max-snippet:-1","max-image-preview":"max-image-preview:large","max-video-preview":"max-video-preview:-1"},"canonical":"https:\/\/foliobooks.pl\/en\/shop\/lagerfeld-the-chanel-shows\/","og_locale":"en_US","og_type":"article","og_title":"Lagerfeld. The Chanel Shows (Simon Procter) - book \/ album - Folio","og_description":"Wejd\u017a i kup ksi\u0105\u017ck\u0119 Lagerfeld. The Chanel Shows autorstwa Simon Procter wydan\u0105 przez Rizzoli (2019-09-10) w formacie 30 x 42 cm (ISBN: 9780847863815). Zapraszamy!","og_url":"https:\/\/foliobooks.pl\/en\/shop\/lagerfeld-the-chanel-shows\/","og_site_name":"Folio","article_modified_time":"2025-09-17T13:55:56+00:00","og_image":[{"width":570,"height":708,"url":"https:\/\/foliobooks.pl\/wp-content\/uploads\/2020\/03\/9780847863815.png","type":"image\/png"}],"twitter_card":"summary_large_image","twitter_misc":{"Est. reading time":"1 minute"},"schema":{"@context":"https:\/\/schema.org","@graph":[{"@type":"WebPage","@id":"https:\/\/foliobooks.pl\/en\/shop\/lagerfeld-the-chanel-shows\/","url":"https:\/\/foliobooks.pl\/en\/shop\/lagerfeld-the-chanel-shows\/","name":"Lagerfeld. The Chanel Shows (Simon Procter) - book \/ album - Folio","isPartOf":{"@id":"https:\/\/foliobooks.pl\/en\/#website"},"primaryImageOfPage":{"@id":"https:\/\/foliobooks.pl\/en\/shop\/lagerfeld-the-chanel-shows\/#primaryimage"},"image":{"@id":"https:\/\/foliobooks.pl\/en\/shop\/lagerfeld-the-chanel-shows\/#primaryimage"},"thumbnailUrl":"https:\/\/foliobooks.pl\/wp-content\/uploads\/2020\/03\/9780847863815.png","datePublished":"2020-03-03T11:05:34+00:00","dateModified":"2025-09-17T13:55:56+00:00","description":"Wejd\u017a i kup ksi\u0105\u017ck\u0119 Lagerfeld. The Chanel Shows autorstwa Simon Procter wydan\u0105 przez Rizzoli (2019-09-10) w formacie 30 x 42 cm (ISBN: 9780847863815). Zapraszamy!","breadcrumb":{"@id":"https:\/\/foliobooks.pl\/en\/shop\/lagerfeld-the-chanel-shows\/#breadcrumb"},"inLanguage":"en-US","potentialAction":[{"@type":"ReadAction","target":["https:\/\/foliobooks.pl\/en\/shop\/lagerfeld-the-chanel-shows\/"]}]},{"@type":"ImageObject","inLanguage":"en-US","@id":"https:\/\/foliobooks.pl\/en\/shop\/lagerfeld-the-chanel-shows\/#primaryimage","url":"https:\/\/foliobooks.pl\/wp-content\/uploads\/2020\/03\/9780847863815.png","contentUrl":"https:\/\/foliobooks.pl\/wp-content\/uploads\/2020\/03\/9780847863815.png","width":570,"height":708},{"@type":"BreadcrumbList","@id":"https:\/\/foliobooks.pl\/en\/shop\/lagerfeld-the-chanel-shows\/#breadcrumb","itemListElement":[{"@type":"ListItem","position":1,"name":"Strona g\u0142\u00f3wna","item":"https:\/\/foliobooks.pl\/en\/"},{"@type":"ListItem","position":2,"name":"Shop","item":"https:\/\/foliobooks.pl\/en\/shop\/"},{"@type":"ListItem","position":3,"name":"Lagerfeld. The Chanel Shows"}]},{"@type":"WebSite","@id":"https:\/\/foliobooks.pl\/en\/#website","url":"https:\/\/foliobooks.pl\/en\/","name":"Folio","description":"Ksi\u0119garnia internetowa","potentialAction":[{"@type":"SearchAction","target":{"@type":"EntryPoint","urlTemplate":"https:\/\/foliobooks.pl\/en\/?s={search_term_string}"},"query-input":{"@type":"PropertyValueSpecification","valueRequired":true,"valueName":"search_term_string"}}],"inLanguage":"en-US"}]}},"_links":{"self":[{"href":"https:\/\/foliobooks.pl\/en\/wp-json\/wp\/v2\/product\/48910","targetHints":{"allow":["GET"]}}],"collection":[{"href":"https:\/\/foliobooks.pl\/en\/wp-json\/wp\/v2\/product"}],"about":[{"href":"https:\/\/foliobooks.pl\/en\/wp-json\/wp\/v2\/types\/product"}],"replies":[{"embeddable":true,"href":"https:\/\/foliobooks.pl\/en\/wp-json\/wp\/v2\/comments?post=48910"}],"wp:featuredmedia":[{"embeddable":true,"href":"https:\/\/foliobooks.pl\/en\/wp-json\/wp\/v2\/media\/48909"}],"wp:attachment":[{"href":"https:\/\/foliobooks.pl\/en\/wp-json\/wp\/v2\/media?parent=48910"}],"wp:term":[{"taxonomy":"product_brand","embeddable":true,"href":"https:\/\/foliobooks.pl\/en\/wp-json\/wp\/v2\/product_brand?post=48910"},{"taxonomy":"product_cat","embeddable":true,"href":"https:\/\/foliobooks.pl\/en\/wp-json\/wp\/v2\/product_cat?post=48910"},{"taxonomy":"product_tag","embeddable":true,"href":"https:\/\/foliobooks.pl\/en\/wp-json\/wp\/v2\/product_tag?post=48910"}],"curies":[{"name":"wp","href":"https:\/\/api.w.org\/{rel}","templated":true}]}}