{"id":4703,"date":"2015-06-11T16:42:35","date_gmt":"2015-06-11T14:42:35","guid":{"rendered":"http:\/\/foliobooks.pl\/?post_type=product&#038;p=4703"},"modified":"2024-08-06T13:39:14","modified_gmt":"2024-08-06T11:39:14","slug":"big-hot-to-cold-an-odyssey-of-architectural-adaptation","status":"publish","type":"product","link":"https:\/\/foliobooks.pl\/en\/shop\/big-hot-to-cold-an-odyssey-of-architectural-adaptation\/","title":{"rendered":"BIG. HOT TO COLD. An Odyssey of Architectural Adaptation"},"content":{"rendered":"<p>After the global success of<em> YES IS MORE<\/em>, one of the best-selling architecture books of its generation, BIG \u2013 Bjarke Ingels Group presents <em>HOT TO COLD<\/em>,<em> an odyssey of architectural adaptation<\/em>. The book coincides with the<em> HOT TO COLD<\/em> show at the National Building Museum in Washington DC and presents 60 case studies in harsh climate conditions in order to examine where and how we live on our planet.<\/p>\n<p>As we travel from one end of the spectrum to its opposite we will see that the more harsh the climate gets, the more intense its impact on the architecture. The central challenge is to mitigate the climatic extremes for hospitable human life, while finding solutions that can be both economically and environmentally profitable.<\/p>\n<p>Architecture is the art and science of accommodating the lives we want to live. Our cities and buildings aren&#8217;t givens; they are the way they are because that is as far as we have gotten to date. They are the best efforts of our ancestors and fellow planetizens, and if they have shortcomings, it is up to us to continue that effort, pick up where they left off. <em>HOT TO COLD<\/em> stays true to BIG \u2013 Bjarke Ingels Group&#8217;s grand mission to find a pragmatic utopia, shaping not only a particular structural entity, but the kind of world we wish to inhabit.<\/p>\n","protected":false},"excerpt":{"rendered":"<p>After the global success of YES IS MORE, one of the best-selling architecture books of its generation, BIG \u2013 Bjarke Ingels Group presents HOT TO COLD, an odyssey of architectural adaptation. The book coincides with the HOT TO COLD show at the National Building Museum in Washington DC and presents 60 case studies in harsh&#8230;<\/p>\n","protected":false},"featured_media":4724,"comment_status":"closed","ping_status":"closed","template":"","meta":[],"product_brand":[],"product_cat":[4516],"product_tag":[1156,4524,157,1605,1122,516,156,1185],"class_list":{"0":"post-4703","1":"product","2":"type-product","3":"status-publish","4":"has-post-thumbnail","6":"product_cat-architecture-en","7":"product_tag-appliedarts-en","8":"product_tag-design-en-en","9":"product_tag-designers","10":"product_tag-ecology","11":"product_tag-houses-en","12":"product_tag-places-en","13":"product_tag-travel","14":"product_tag-world-en","15":"pa_cover-softcover","16":"pa_format-25-x-16-cm-en","17":"pa_isbn-9783836557399-en","18":"pa_language-eng","19":"pa_pages-712-en","20":"pa_published-2015-01-28-en","21":"pa_publisher-taschen-en-en","23":"first","24":"outofstock","25":"sold-individually","26":"shipping-taxable","27":"purchasable","28":"product-type-simple"},"yoast_head":"<!-- This site is optimized with the Yoast SEO plugin v27.5 - https:\/\/yoast.com\/product\/yoast-seo-wordpress\/ -->\n<title>BIG. HOT TO COLD. An Odyssey of Architectural Adaptation () - book \/ album - Folio<\/title>\n<meta name=\"description\" content=\"Wejd\u017a i kup ksi\u0105\u017ck\u0119 BIG. HOT TO COLD. An Odyssey of Architectural Adaptation autorstwa wydan\u0105 przez TASCHEN (2015-01-28) w formacie 25 x 16 cm (ISBN: 9783836557399). Zapraszamy!\" \/>\n<meta name=\"robots\" content=\"index, follow, max-snippet:-1, max-image-preview:large, max-video-preview:-1\" \/>\n<link rel=\"canonical\" href=\"https:\/\/foliobooks.pl\/en\/shop\/big-hot-to-cold-an-odyssey-of-architectural-adaptation\/\" \/>\n<meta property=\"og:locale\" content=\"en_US\" \/>\n<meta property=\"og:type\" content=\"article\" \/>\n<meta property=\"og:title\" content=\"BIG. HOT TO COLD. An Odyssey of Architectural Adaptation () - book \/ album - Folio\" \/>\n<meta property=\"og:description\" content=\"Wejd\u017a i kup ksi\u0105\u017ck\u0119 BIG. HOT TO COLD. An Odyssey of Architectural Adaptation autorstwa wydan\u0105 przez TASCHEN (2015-01-28) w formacie 25 x 16 cm (ISBN: 9783836557399). Zapraszamy!\" \/>\n<meta property=\"og:url\" content=\"https:\/\/foliobooks.pl\/en\/shop\/big-hot-to-cold-an-odyssey-of-architectural-adaptation\/\" \/>\n<meta property=\"og:site_name\" content=\"Folio\" \/>\n<meta property=\"article:modified_time\" content=\"2024-08-06T11:39:14+00:00\" \/>\n<meta property=\"og:image\" content=\"https:\/\/foliobooks.pl\/wp-content\/uploads\/2015\/06\/9783836557399.png\" \/>\n\t<meta property=\"og:image:width\" content=\"570\" \/>\n\t<meta property=\"og:image:height\" content=\"708\" \/>\n\t<meta property=\"og:image:type\" content=\"image\/png\" \/>\n<meta name=\"twitter:card\" content=\"summary_large_image\" \/>\n<meta name=\"twitter:label1\" content=\"Est. reading time\" \/>\n\t<meta name=\"twitter:data1\" content=\"1 minute\" \/>\n<script type=\"application\/ld+json\" class=\"yoast-schema-graph\">{\"@context\":\"https:\\\/\\\/schema.org\",\"@graph\":[{\"@type\":\"WebPage\",\"@id\":\"https:\\\/\\\/foliobooks.pl\\\/en\\\/shop\\\/big-hot-to-cold-an-odyssey-of-architectural-adaptation\\\/\",\"url\":\"https:\\\/\\\/foliobooks.pl\\\/en\\\/shop\\\/big-hot-to-cold-an-odyssey-of-architectural-adaptation\\\/\",\"name\":\"BIG. HOT TO COLD. An Odyssey of Architectural Adaptation () - book \\\/ album - Folio\",\"isPartOf\":{\"@id\":\"https:\\\/\\\/foliobooks.pl\\\/en\\\/#website\"},\"primaryImageOfPage\":{\"@id\":\"https:\\\/\\\/foliobooks.pl\\\/en\\\/shop\\\/big-hot-to-cold-an-odyssey-of-architectural-adaptation\\\/#primaryimage\"},\"image\":{\"@id\":\"https:\\\/\\\/foliobooks.pl\\\/en\\\/shop\\\/big-hot-to-cold-an-odyssey-of-architectural-adaptation\\\/#primaryimage\"},\"thumbnailUrl\":\"https:\\\/\\\/foliobooks.pl\\\/wp-content\\\/uploads\\\/2015\\\/06\\\/9783836557399.png\",\"datePublished\":\"2015-06-11T14:42:35+00:00\",\"dateModified\":\"2024-08-06T11:39:14+00:00\",\"description\":\"Wejd\u017a i kup ksi\u0105\u017ck\u0119 BIG. HOT TO COLD. An Odyssey of Architectural Adaptation autorstwa wydan\u0105 przez TASCHEN (2015-01-28) w formacie 25 x 16 cm (ISBN: 9783836557399). Zapraszamy!\",\"breadcrumb\":{\"@id\":\"https:\\\/\\\/foliobooks.pl\\\/en\\\/shop\\\/big-hot-to-cold-an-odyssey-of-architectural-adaptation\\\/#breadcrumb\"},\"inLanguage\":\"en-US\",\"potentialAction\":[{\"@type\":\"ReadAction\",\"target\":[\"https:\\\/\\\/foliobooks.pl\\\/en\\\/shop\\\/big-hot-to-cold-an-odyssey-of-architectural-adaptation\\\/\"]}]},{\"@type\":\"ImageObject\",\"inLanguage\":\"en-US\",\"@id\":\"https:\\\/\\\/foliobooks.pl\\\/en\\\/shop\\\/big-hot-to-cold-an-odyssey-of-architectural-adaptation\\\/#primaryimage\",\"url\":\"https:\\\/\\\/foliobooks.pl\\\/wp-content\\\/uploads\\\/2015\\\/06\\\/9783836557399.png\",\"contentUrl\":\"https:\\\/\\\/foliobooks.pl\\\/wp-content\\\/uploads\\\/2015\\\/06\\\/9783836557399.png\",\"width\":570,\"height\":708},{\"@type\":\"BreadcrumbList\",\"@id\":\"https:\\\/\\\/foliobooks.pl\\\/en\\\/shop\\\/big-hot-to-cold-an-odyssey-of-architectural-adaptation\\\/#breadcrumb\",\"itemListElement\":[{\"@type\":\"ListItem\",\"position\":1,\"name\":\"Strona g\u0142\u00f3wna\",\"item\":\"https:\\\/\\\/foliobooks.pl\\\/en\\\/\"},{\"@type\":\"ListItem\",\"position\":2,\"name\":\"Shop\",\"item\":\"https:\\\/\\\/foliobooks.pl\\\/en\\\/shop\\\/\"},{\"@type\":\"ListItem\",\"position\":3,\"name\":\"BIG. HOT TO COLD. An Odyssey of Architectural Adaptation\"}]},{\"@type\":\"WebSite\",\"@id\":\"https:\\\/\\\/foliobooks.pl\\\/en\\\/#website\",\"url\":\"https:\\\/\\\/foliobooks.pl\\\/en\\\/\",\"name\":\"Folio\",\"description\":\"Ksi\u0119garnia internetowa\",\"potentialAction\":[{\"@type\":\"SearchAction\",\"target\":{\"@type\":\"EntryPoint\",\"urlTemplate\":\"https:\\\/\\\/foliobooks.pl\\\/en\\\/?s={search_term_string}\"},\"query-input\":{\"@type\":\"PropertyValueSpecification\",\"valueRequired\":true,\"valueName\":\"search_term_string\"}}],\"inLanguage\":\"en-US\"}]}<\/script>\n<!-- \/ Yoast SEO plugin. -->","yoast_head_json":{"title":"BIG. HOT TO COLD. An Odyssey of Architectural Adaptation () - book \/ album - Folio","description":"Wejd\u017a i kup ksi\u0105\u017ck\u0119 BIG. HOT TO COLD. An Odyssey of Architectural Adaptation autorstwa wydan\u0105 przez TASCHEN (2015-01-28) w formacie 25 x 16 cm (ISBN: 9783836557399). Zapraszamy!","robots":{"index":"index","follow":"follow","max-snippet":"max-snippet:-1","max-image-preview":"max-image-preview:large","max-video-preview":"max-video-preview:-1"},"canonical":"https:\/\/foliobooks.pl\/en\/shop\/big-hot-to-cold-an-odyssey-of-architectural-adaptation\/","og_locale":"en_US","og_type":"article","og_title":"BIG. HOT TO COLD. An Odyssey of Architectural Adaptation () - book \/ album - Folio","og_description":"Wejd\u017a i kup ksi\u0105\u017ck\u0119 BIG. HOT TO COLD. An Odyssey of Architectural Adaptation autorstwa wydan\u0105 przez TASCHEN (2015-01-28) w formacie 25 x 16 cm (ISBN: 9783836557399). Zapraszamy!","og_url":"https:\/\/foliobooks.pl\/en\/shop\/big-hot-to-cold-an-odyssey-of-architectural-adaptation\/","og_site_name":"Folio","article_modified_time":"2024-08-06T11:39:14+00:00","og_image":[{"width":570,"height":708,"url":"https:\/\/foliobooks.pl\/wp-content\/uploads\/2015\/06\/9783836557399.png","type":"image\/png"}],"twitter_card":"summary_large_image","twitter_misc":{"Est. reading time":"1 minute"},"schema":{"@context":"https:\/\/schema.org","@graph":[{"@type":"WebPage","@id":"https:\/\/foliobooks.pl\/en\/shop\/big-hot-to-cold-an-odyssey-of-architectural-adaptation\/","url":"https:\/\/foliobooks.pl\/en\/shop\/big-hot-to-cold-an-odyssey-of-architectural-adaptation\/","name":"BIG. HOT TO COLD. An Odyssey of Architectural Adaptation () - book \/ album - Folio","isPartOf":{"@id":"https:\/\/foliobooks.pl\/en\/#website"},"primaryImageOfPage":{"@id":"https:\/\/foliobooks.pl\/en\/shop\/big-hot-to-cold-an-odyssey-of-architectural-adaptation\/#primaryimage"},"image":{"@id":"https:\/\/foliobooks.pl\/en\/shop\/big-hot-to-cold-an-odyssey-of-architectural-adaptation\/#primaryimage"},"thumbnailUrl":"https:\/\/foliobooks.pl\/wp-content\/uploads\/2015\/06\/9783836557399.png","datePublished":"2015-06-11T14:42:35+00:00","dateModified":"2024-08-06T11:39:14+00:00","description":"Wejd\u017a i kup ksi\u0105\u017ck\u0119 BIG. HOT TO COLD. An Odyssey of Architectural Adaptation autorstwa wydan\u0105 przez TASCHEN (2015-01-28) w formacie 25 x 16 cm (ISBN: 9783836557399). Zapraszamy!","breadcrumb":{"@id":"https:\/\/foliobooks.pl\/en\/shop\/big-hot-to-cold-an-odyssey-of-architectural-adaptation\/#breadcrumb"},"inLanguage":"en-US","potentialAction":[{"@type":"ReadAction","target":["https:\/\/foliobooks.pl\/en\/shop\/big-hot-to-cold-an-odyssey-of-architectural-adaptation\/"]}]},{"@type":"ImageObject","inLanguage":"en-US","@id":"https:\/\/foliobooks.pl\/en\/shop\/big-hot-to-cold-an-odyssey-of-architectural-adaptation\/#primaryimage","url":"https:\/\/foliobooks.pl\/wp-content\/uploads\/2015\/06\/9783836557399.png","contentUrl":"https:\/\/foliobooks.pl\/wp-content\/uploads\/2015\/06\/9783836557399.png","width":570,"height":708},{"@type":"BreadcrumbList","@id":"https:\/\/foliobooks.pl\/en\/shop\/big-hot-to-cold-an-odyssey-of-architectural-adaptation\/#breadcrumb","itemListElement":[{"@type":"ListItem","position":1,"name":"Strona g\u0142\u00f3wna","item":"https:\/\/foliobooks.pl\/en\/"},{"@type":"ListItem","position":2,"name":"Shop","item":"https:\/\/foliobooks.pl\/en\/shop\/"},{"@type":"ListItem","position":3,"name":"BIG. HOT TO COLD. An Odyssey of Architectural Adaptation"}]},{"@type":"WebSite","@id":"https:\/\/foliobooks.pl\/en\/#website","url":"https:\/\/foliobooks.pl\/en\/","name":"Folio","description":"Ksi\u0119garnia internetowa","potentialAction":[{"@type":"SearchAction","target":{"@type":"EntryPoint","urlTemplate":"https:\/\/foliobooks.pl\/en\/?s={search_term_string}"},"query-input":{"@type":"PropertyValueSpecification","valueRequired":true,"valueName":"search_term_string"}}],"inLanguage":"en-US"}]}},"_links":{"self":[{"href":"https:\/\/foliobooks.pl\/en\/wp-json\/wp\/v2\/product\/4703","targetHints":{"allow":["GET"]}}],"collection":[{"href":"https:\/\/foliobooks.pl\/en\/wp-json\/wp\/v2\/product"}],"about":[{"href":"https:\/\/foliobooks.pl\/en\/wp-json\/wp\/v2\/types\/product"}],"replies":[{"embeddable":true,"href":"https:\/\/foliobooks.pl\/en\/wp-json\/wp\/v2\/comments?post=4703"}],"wp:featuredmedia":[{"embeddable":true,"href":"https:\/\/foliobooks.pl\/en\/wp-json\/wp\/v2\/media\/4724"}],"wp:attachment":[{"href":"https:\/\/foliobooks.pl\/en\/wp-json\/wp\/v2\/media?parent=4703"}],"wp:term":[{"taxonomy":"product_brand","embeddable":true,"href":"https:\/\/foliobooks.pl\/en\/wp-json\/wp\/v2\/product_brand?post=4703"},{"taxonomy":"product_cat","embeddable":true,"href":"https:\/\/foliobooks.pl\/en\/wp-json\/wp\/v2\/product_cat?post=4703"},{"taxonomy":"product_tag","embeddable":true,"href":"https:\/\/foliobooks.pl\/en\/wp-json\/wp\/v2\/product_tag?post=4703"}],"curies":[{"name":"wp","href":"https:\/\/api.w.org\/{rel}","templated":true}]}}