{"id":46610,"date":"2019-12-18T14:46:42","date_gmt":"2019-12-18T13:46:42","guid":{"rendered":"https:\/\/foliobooks.pl\/?post_type=product&#038;p=46610"},"modified":"2023-01-03T15:57:36","modified_gmt":"2023-01-03T14:57:36","slug":"the-world-according-to-roger-ballen","status":"publish","type":"product","link":"https:\/\/foliobooks.pl\/en\/shop\/the-world-according-to-roger-ballen\/","title":{"rendered":"The World According to Roger Ballen"},"content":{"rendered":"<p>A unique overview of Roger Ballen&#8217;s oeuvre in the context of Art Brut, as well as the catalogue to the first major exhibition of his work in France.<\/p>\n<p><em>The World According to Roger Ballen<\/em>, co-authored with Colin Rhodes, looks at Ballen\u2019s career in the wider cultural context beyond photography, including his connections with and collections of Art Brut. It features photographs selected from across Ballen\u2019s career, along with installations created exclusively for the exhibition at Halle Saint Pierre and photographs of objects and works from Ballen\u2019s own collection of Art Brut.<\/p>\n<p>Organized thematically, with texts by Colin Rhodes and an introduction and interview with Ballen by Martine Lusardy (the Director of the Halle Saint Pierre), The World According to Roger Ballen is both a catalogue of the first major exhibition of Ballen\u2019s work in France and an exploration of Ballen\u2019s positioning within and relationship to the wider art world.<\/p>\n","protected":false},"excerpt":{"rendered":"<p>A unique overview of Roger Ballen&#8217;s oeuvre in the context of Art Brut, as well as the catalogue to the first major exhibition of his work in France. The World According to Roger Ballen, co-authored with Colin Rhodes, looks at Ballen\u2019s career in the wider cultural context beyond photography, including his connections with and collections&#8230;<\/p>\n","protected":false},"featured_media":46642,"comment_status":"closed","ping_status":"closed","template":"","meta":[],"product_brand":[],"product_cat":[4522,13533,4517],"product_tag":[10664,1702,979,519,6138,6632,6121,12791],"class_list":{"0":"post-46610","1":"product","2":"type-product","3":"status-publish","4":"has-post-thumbnail","6":"product_cat-art-en","7":"product_cat-books","8":"product_cat-photography-en","9":"product_tag-america-en","10":"product_tag-artists","11":"product_tag-contemporary-art-en","12":"product_tag-exhibitions-en","13":"product_tag-instalations","14":"product_tag-photographers","15":"product_tag-photography","16":"product_tag-ugliness-en","17":"pa_author_att-colin-rhodes-en","18":"pa_author_att-martine-lusardy-en","19":"pa_author_att-roger-ballen-en","20":"pa_cover-hardcover","21":"pa_format-245-x-305-cm-en","22":"pa_isbn-9780500545218-en","23":"pa_language-eng","24":"pa_pages-208-en-3","25":"pa_published-2019-09-05-en","26":"pa_publisher-thames-hudson-en","28":"first","29":"instock","30":"sale","31":"sold-individually","32":"shipping-taxable","33":"purchasable","34":"product-type-simple"},"yoast_head":"<!-- This site is optimized with the Yoast SEO plugin v27.4 - https:\/\/yoast.com\/product\/yoast-seo-wordpress\/ -->\n<title>The World According to Roger Ballen (Colin Rhodes, Martine Lusardy, Roger Ballen) - book \/ album - Folio<\/title>\n<meta name=\"description\" content=\"Wejd\u017a i kup ksi\u0105\u017ck\u0119 The World According to Roger Ballen autorstwa Colin Rhodes, Martine Lusardy, Roger Ballen wydan\u0105 przez Thames &amp; Hudson (2019-09-05) w formacie 24,5 x 30,5 cm (ISBN: 9780500545218). Zapraszamy!\" \/>\n<meta name=\"robots\" content=\"index, follow, max-snippet:-1, max-image-preview:large, max-video-preview:-1\" \/>\n<link rel=\"canonical\" href=\"https:\/\/foliobooks.pl\/en\/shop\/the-world-according-to-roger-ballen\/\" \/>\n<meta property=\"og:locale\" content=\"en_US\" \/>\n<meta property=\"og:type\" content=\"article\" \/>\n<meta property=\"og:title\" content=\"The World According to Roger Ballen (Colin Rhodes, Martine Lusardy, Roger Ballen) - book \/ album - Folio\" \/>\n<meta property=\"og:description\" content=\"Wejd\u017a i kup ksi\u0105\u017ck\u0119 The World According to Roger Ballen autorstwa Colin Rhodes, Martine Lusardy, Roger Ballen wydan\u0105 przez Thames &amp; Hudson (2019-09-05) w formacie 24,5 x 30,5 cm (ISBN: 9780500545218). Zapraszamy!\" \/>\n<meta property=\"og:url\" content=\"https:\/\/foliobooks.pl\/en\/shop\/the-world-according-to-roger-ballen\/\" \/>\n<meta property=\"og:site_name\" content=\"Folio\" \/>\n<meta property=\"article:modified_time\" content=\"2023-01-03T14:57:36+00:00\" \/>\n<meta property=\"og:image\" content=\"https:\/\/foliobooks.pl\/wp-content\/uploads\/2019\/12\/9780500545218.png\" \/>\n\t<meta property=\"og:image:width\" content=\"570\" \/>\n\t<meta property=\"og:image:height\" content=\"708\" \/>\n\t<meta property=\"og:image:type\" content=\"image\/png\" \/>\n<meta name=\"twitter:card\" content=\"summary_large_image\" \/>\n<meta name=\"twitter:label1\" content=\"Est. reading time\" \/>\n\t<meta name=\"twitter:data1\" content=\"1 minute\" \/>\n<script type=\"application\/ld+json\" class=\"yoast-schema-graph\">{\"@context\":\"https:\\\/\\\/schema.org\",\"@graph\":[{\"@type\":\"WebPage\",\"@id\":\"https:\\\/\\\/foliobooks.pl\\\/en\\\/shop\\\/the-world-according-to-roger-ballen\\\/\",\"url\":\"https:\\\/\\\/foliobooks.pl\\\/en\\\/shop\\\/the-world-according-to-roger-ballen\\\/\",\"name\":\"The World According to Roger Ballen (Colin Rhodes, Martine Lusardy, Roger Ballen) - book \\\/ album - Folio\",\"isPartOf\":{\"@id\":\"https:\\\/\\\/foliobooks.pl\\\/en\\\/#website\"},\"primaryImageOfPage\":{\"@id\":\"https:\\\/\\\/foliobooks.pl\\\/en\\\/shop\\\/the-world-according-to-roger-ballen\\\/#primaryimage\"},\"image\":{\"@id\":\"https:\\\/\\\/foliobooks.pl\\\/en\\\/shop\\\/the-world-according-to-roger-ballen\\\/#primaryimage\"},\"thumbnailUrl\":\"https:\\\/\\\/foliobooks.pl\\\/wp-content\\\/uploads\\\/2019\\\/12\\\/9780500545218.png\",\"datePublished\":\"2019-12-18T13:46:42+00:00\",\"dateModified\":\"2023-01-03T14:57:36+00:00\",\"description\":\"Wejd\u017a i kup ksi\u0105\u017ck\u0119 The World According to Roger Ballen autorstwa Colin Rhodes, Martine Lusardy, Roger Ballen wydan\u0105 przez Thames &amp; Hudson (2019-09-05) w formacie 24,5 x 30,5 cm (ISBN: 9780500545218). Zapraszamy!\",\"breadcrumb\":{\"@id\":\"https:\\\/\\\/foliobooks.pl\\\/en\\\/shop\\\/the-world-according-to-roger-ballen\\\/#breadcrumb\"},\"inLanguage\":\"en-US\",\"potentialAction\":[{\"@type\":\"ReadAction\",\"target\":[\"https:\\\/\\\/foliobooks.pl\\\/en\\\/shop\\\/the-world-according-to-roger-ballen\\\/\"]}]},{\"@type\":\"ImageObject\",\"inLanguage\":\"en-US\",\"@id\":\"https:\\\/\\\/foliobooks.pl\\\/en\\\/shop\\\/the-world-according-to-roger-ballen\\\/#primaryimage\",\"url\":\"https:\\\/\\\/foliobooks.pl\\\/wp-content\\\/uploads\\\/2019\\\/12\\\/9780500545218.png\",\"contentUrl\":\"https:\\\/\\\/foliobooks.pl\\\/wp-content\\\/uploads\\\/2019\\\/12\\\/9780500545218.png\",\"width\":570,\"height\":708},{\"@type\":\"BreadcrumbList\",\"@id\":\"https:\\\/\\\/foliobooks.pl\\\/en\\\/shop\\\/the-world-according-to-roger-ballen\\\/#breadcrumb\",\"itemListElement\":[{\"@type\":\"ListItem\",\"position\":1,\"name\":\"Strona g\u0142\u00f3wna\",\"item\":\"https:\\\/\\\/foliobooks.pl\\\/en\\\/\"},{\"@type\":\"ListItem\",\"position\":2,\"name\":\"Shop\",\"item\":\"https:\\\/\\\/foliobooks.pl\\\/en\\\/shop\\\/\"},{\"@type\":\"ListItem\",\"position\":3,\"name\":\"The World According to Roger Ballen\"}]},{\"@type\":\"WebSite\",\"@id\":\"https:\\\/\\\/foliobooks.pl\\\/en\\\/#website\",\"url\":\"https:\\\/\\\/foliobooks.pl\\\/en\\\/\",\"name\":\"Folio\",\"description\":\"Ksi\u0119garnia internetowa\",\"potentialAction\":[{\"@type\":\"SearchAction\",\"target\":{\"@type\":\"EntryPoint\",\"urlTemplate\":\"https:\\\/\\\/foliobooks.pl\\\/en\\\/?s={search_term_string}\"},\"query-input\":{\"@type\":\"PropertyValueSpecification\",\"valueRequired\":true,\"valueName\":\"search_term_string\"}}],\"inLanguage\":\"en-US\"}]}<\/script>\n<!-- \/ Yoast SEO plugin. -->","yoast_head_json":{"title":"The World According to Roger Ballen (Colin Rhodes, Martine Lusardy, Roger Ballen) - book \/ album - Folio","description":"Wejd\u017a i kup ksi\u0105\u017ck\u0119 The World According to Roger Ballen autorstwa Colin Rhodes, Martine Lusardy, Roger Ballen wydan\u0105 przez Thames &amp; Hudson (2019-09-05) w formacie 24,5 x 30,5 cm (ISBN: 9780500545218). Zapraszamy!","robots":{"index":"index","follow":"follow","max-snippet":"max-snippet:-1","max-image-preview":"max-image-preview:large","max-video-preview":"max-video-preview:-1"},"canonical":"https:\/\/foliobooks.pl\/en\/shop\/the-world-according-to-roger-ballen\/","og_locale":"en_US","og_type":"article","og_title":"The World According to Roger Ballen (Colin Rhodes, Martine Lusardy, Roger Ballen) - book \/ album - Folio","og_description":"Wejd\u017a i kup ksi\u0105\u017ck\u0119 The World According to Roger Ballen autorstwa Colin Rhodes, Martine Lusardy, Roger Ballen wydan\u0105 przez Thames &amp; Hudson (2019-09-05) w formacie 24,5 x 30,5 cm (ISBN: 9780500545218). Zapraszamy!","og_url":"https:\/\/foliobooks.pl\/en\/shop\/the-world-according-to-roger-ballen\/","og_site_name":"Folio","article_modified_time":"2023-01-03T14:57:36+00:00","og_image":[{"width":570,"height":708,"url":"https:\/\/foliobooks.pl\/wp-content\/uploads\/2019\/12\/9780500545218.png","type":"image\/png"}],"twitter_card":"summary_large_image","twitter_misc":{"Est. reading time":"1 minute"},"schema":{"@context":"https:\/\/schema.org","@graph":[{"@type":"WebPage","@id":"https:\/\/foliobooks.pl\/en\/shop\/the-world-according-to-roger-ballen\/","url":"https:\/\/foliobooks.pl\/en\/shop\/the-world-according-to-roger-ballen\/","name":"The World According to Roger Ballen (Colin Rhodes, Martine Lusardy, Roger Ballen) - book \/ album - Folio","isPartOf":{"@id":"https:\/\/foliobooks.pl\/en\/#website"},"primaryImageOfPage":{"@id":"https:\/\/foliobooks.pl\/en\/shop\/the-world-according-to-roger-ballen\/#primaryimage"},"image":{"@id":"https:\/\/foliobooks.pl\/en\/shop\/the-world-according-to-roger-ballen\/#primaryimage"},"thumbnailUrl":"https:\/\/foliobooks.pl\/wp-content\/uploads\/2019\/12\/9780500545218.png","datePublished":"2019-12-18T13:46:42+00:00","dateModified":"2023-01-03T14:57:36+00:00","description":"Wejd\u017a i kup ksi\u0105\u017ck\u0119 The World According to Roger Ballen autorstwa Colin Rhodes, Martine Lusardy, Roger Ballen wydan\u0105 przez Thames &amp; Hudson (2019-09-05) w formacie 24,5 x 30,5 cm (ISBN: 9780500545218). Zapraszamy!","breadcrumb":{"@id":"https:\/\/foliobooks.pl\/en\/shop\/the-world-according-to-roger-ballen\/#breadcrumb"},"inLanguage":"en-US","potentialAction":[{"@type":"ReadAction","target":["https:\/\/foliobooks.pl\/en\/shop\/the-world-according-to-roger-ballen\/"]}]},{"@type":"ImageObject","inLanguage":"en-US","@id":"https:\/\/foliobooks.pl\/en\/shop\/the-world-according-to-roger-ballen\/#primaryimage","url":"https:\/\/foliobooks.pl\/wp-content\/uploads\/2019\/12\/9780500545218.png","contentUrl":"https:\/\/foliobooks.pl\/wp-content\/uploads\/2019\/12\/9780500545218.png","width":570,"height":708},{"@type":"BreadcrumbList","@id":"https:\/\/foliobooks.pl\/en\/shop\/the-world-according-to-roger-ballen\/#breadcrumb","itemListElement":[{"@type":"ListItem","position":1,"name":"Strona g\u0142\u00f3wna","item":"https:\/\/foliobooks.pl\/en\/"},{"@type":"ListItem","position":2,"name":"Shop","item":"https:\/\/foliobooks.pl\/en\/shop\/"},{"@type":"ListItem","position":3,"name":"The World According to Roger Ballen"}]},{"@type":"WebSite","@id":"https:\/\/foliobooks.pl\/en\/#website","url":"https:\/\/foliobooks.pl\/en\/","name":"Folio","description":"Ksi\u0119garnia internetowa","potentialAction":[{"@type":"SearchAction","target":{"@type":"EntryPoint","urlTemplate":"https:\/\/foliobooks.pl\/en\/?s={search_term_string}"},"query-input":{"@type":"PropertyValueSpecification","valueRequired":true,"valueName":"search_term_string"}}],"inLanguage":"en-US"}]}},"_links":{"self":[{"href":"https:\/\/foliobooks.pl\/en\/wp-json\/wp\/v2\/product\/46610","targetHints":{"allow":["GET"]}}],"collection":[{"href":"https:\/\/foliobooks.pl\/en\/wp-json\/wp\/v2\/product"}],"about":[{"href":"https:\/\/foliobooks.pl\/en\/wp-json\/wp\/v2\/types\/product"}],"replies":[{"embeddable":true,"href":"https:\/\/foliobooks.pl\/en\/wp-json\/wp\/v2\/comments?post=46610"}],"wp:featuredmedia":[{"embeddable":true,"href":"https:\/\/foliobooks.pl\/en\/wp-json\/wp\/v2\/media\/46642"}],"wp:attachment":[{"href":"https:\/\/foliobooks.pl\/en\/wp-json\/wp\/v2\/media?parent=46610"}],"wp:term":[{"taxonomy":"product_brand","embeddable":true,"href":"https:\/\/foliobooks.pl\/en\/wp-json\/wp\/v2\/product_brand?post=46610"},{"taxonomy":"product_cat","embeddable":true,"href":"https:\/\/foliobooks.pl\/en\/wp-json\/wp\/v2\/product_cat?post=46610"},{"taxonomy":"product_tag","embeddable":true,"href":"https:\/\/foliobooks.pl\/en\/wp-json\/wp\/v2\/product_tag?post=46610"}],"curies":[{"name":"wp","href":"https:\/\/api.w.org\/{rel}","templated":true}]}}