{"id":46607,"date":"2019-12-18T14:40:04","date_gmt":"2019-12-18T13:40:04","guid":{"rendered":"https:\/\/foliobooks.pl\/?post_type=product&#038;p=46607"},"modified":"2020-07-30T15:31:05","modified_gmt":"2020-07-30T13:31:05","slug":"koudelka-gypsies","status":"publish","type":"product","link":"https:\/\/foliobooks.pl\/en\/shop\/koudelka-gypsies\/","title":{"rendered":"Koudelka Gypsies"},"content":{"rendered":"<p>Gypsies is based on the original maquette for Josef Koudelka&#8217;s book Cikani (Czech for Gypsies), prepared by Koudelka and graphic designer Milan Kopriva in 1968, and intended for publication in Prague in 1970. However, Koudelka left Czechoslovakia in 1970, and the book was never published in that original form.<\/p>\n<p>Now available in an affordable compact edition, the book has been revised and resequenced. Comprising 109 photographs taken between 1962 and 1971 in what was Czechoslovakia (Bohemia, Moravia and Slovakia), Romania, Hungary, France and Spain, it is a unique record of a vanished world. The Gypsies in these images were photographed during the 1960s, mostly in a state that no longer exists, and ruled by a regime that disintegrated in 1989. Will Guy, author of the text that accompanied the first publication of Gypsies, contributes an entirely new essay tracing the migration of the Roma from their original homeland in northern India, to their current status &#8211; one that continues to be contested internationally.<\/p>\n","protected":false},"excerpt":{"rendered":"<p>Gypsies is based on the original maquette for Josef Koudelka&#8217;s book Cikani (Czech for Gypsies), prepared by Koudelka and graphic designer Milan Kopriva in 1968, and intended for publication in Prague in 1970. However, Koudelka left Czechoslovakia in 1970, and the book was never published in that original form. Now available in an affordable compact&#8230;<\/p>\n","protected":false},"featured_media":46639,"comment_status":"closed","ping_status":"closed","template":"","meta":[],"product_brand":[],"product_cat":[13533,4517],"product_tag":[13146,6632,6121,1066],"class_list":{"0":"post-46607","1":"product","2":"type-product","3":"status-publish","4":"has-post-thumbnail","6":"product_cat-books","7":"product_cat-photography-en","8":"product_tag-people-en","9":"product_tag-photographers","10":"product_tag-photography","11":"product_tag-portraits-en","12":"pa_author_att-josef-koudelka-en","13":"pa_cover-softcover","14":"pa_format-165-x-205-cm-en","15":"pa_isbn-9780500545041-en","16":"pa_language-eng","17":"pa_pages-236-en","18":"pa_published-2019-09-26-en","19":"pa_publisher-thames-hudson-en","21":"first","22":"outofstock","23":"sold-individually","24":"shipping-taxable","25":"purchasable","26":"product-type-simple"},"yoast_head":"<!-- This site is optimized with the Yoast SEO plugin v27.4 - https:\/\/yoast.com\/product\/yoast-seo-wordpress\/ -->\n<title>Koudelka Gypsies (Josef Koudelka) - book \/ album - Folio<\/title>\n<meta name=\"description\" content=\"Wejd\u017a i kup ksi\u0105\u017ck\u0119 Koudelka Gypsies autorstwa Josef Koudelka wydan\u0105 przez Thames &amp; Hudson (2019-09-26) w formacie 16,5 x 20,5 cm (ISBN: 9780500545041). Zapraszamy!\" \/>\n<meta name=\"robots\" content=\"index, follow, max-snippet:-1, max-image-preview:large, max-video-preview:-1\" \/>\n<link rel=\"canonical\" href=\"https:\/\/foliobooks.pl\/en\/shop\/koudelka-gypsies\/\" \/>\n<meta property=\"og:locale\" content=\"en_US\" \/>\n<meta property=\"og:type\" content=\"article\" \/>\n<meta property=\"og:title\" content=\"Koudelka Gypsies (Josef Koudelka) - book \/ album - Folio\" \/>\n<meta property=\"og:description\" content=\"Wejd\u017a i kup ksi\u0105\u017ck\u0119 Koudelka Gypsies autorstwa Josef Koudelka wydan\u0105 przez Thames &amp; Hudson (2019-09-26) w formacie 16,5 x 20,5 cm (ISBN: 9780500545041). Zapraszamy!\" \/>\n<meta property=\"og:url\" content=\"https:\/\/foliobooks.pl\/en\/shop\/koudelka-gypsies\/\" \/>\n<meta property=\"og:site_name\" content=\"Folio\" \/>\n<meta property=\"article:modified_time\" content=\"2020-07-30T13:31:05+00:00\" \/>\n<meta property=\"og:image\" content=\"https:\/\/foliobooks.pl\/wp-content\/uploads\/2019\/12\/9780500545041.png\" \/>\n\t<meta property=\"og:image:width\" content=\"570\" \/>\n\t<meta property=\"og:image:height\" content=\"708\" \/>\n\t<meta property=\"og:image:type\" content=\"image\/png\" \/>\n<meta name=\"twitter:card\" content=\"summary_large_image\" \/>\n<meta name=\"twitter:label1\" content=\"Est. reading time\" \/>\n\t<meta name=\"twitter:data1\" content=\"1 minute\" \/>\n<script type=\"application\/ld+json\" class=\"yoast-schema-graph\">{\"@context\":\"https:\\\/\\\/schema.org\",\"@graph\":[{\"@type\":\"WebPage\",\"@id\":\"https:\\\/\\\/foliobooks.pl\\\/en\\\/shop\\\/koudelka-gypsies\\\/\",\"url\":\"https:\\\/\\\/foliobooks.pl\\\/en\\\/shop\\\/koudelka-gypsies\\\/\",\"name\":\"Koudelka Gypsies (Josef Koudelka) - book \\\/ album - Folio\",\"isPartOf\":{\"@id\":\"https:\\\/\\\/foliobooks.pl\\\/en\\\/#website\"},\"primaryImageOfPage\":{\"@id\":\"https:\\\/\\\/foliobooks.pl\\\/en\\\/shop\\\/koudelka-gypsies\\\/#primaryimage\"},\"image\":{\"@id\":\"https:\\\/\\\/foliobooks.pl\\\/en\\\/shop\\\/koudelka-gypsies\\\/#primaryimage\"},\"thumbnailUrl\":\"https:\\\/\\\/foliobooks.pl\\\/wp-content\\\/uploads\\\/2019\\\/12\\\/9780500545041.png\",\"datePublished\":\"2019-12-18T13:40:04+00:00\",\"dateModified\":\"2020-07-30T13:31:05+00:00\",\"description\":\"Wejd\u017a i kup ksi\u0105\u017ck\u0119 Koudelka Gypsies autorstwa Josef Koudelka wydan\u0105 przez Thames &amp; Hudson (2019-09-26) w formacie 16,5 x 20,5 cm (ISBN: 9780500545041). Zapraszamy!\",\"breadcrumb\":{\"@id\":\"https:\\\/\\\/foliobooks.pl\\\/en\\\/shop\\\/koudelka-gypsies\\\/#breadcrumb\"},\"inLanguage\":\"en-US\",\"potentialAction\":[{\"@type\":\"ReadAction\",\"target\":[\"https:\\\/\\\/foliobooks.pl\\\/en\\\/shop\\\/koudelka-gypsies\\\/\"]}]},{\"@type\":\"ImageObject\",\"inLanguage\":\"en-US\",\"@id\":\"https:\\\/\\\/foliobooks.pl\\\/en\\\/shop\\\/koudelka-gypsies\\\/#primaryimage\",\"url\":\"https:\\\/\\\/foliobooks.pl\\\/wp-content\\\/uploads\\\/2019\\\/12\\\/9780500545041.png\",\"contentUrl\":\"https:\\\/\\\/foliobooks.pl\\\/wp-content\\\/uploads\\\/2019\\\/12\\\/9780500545041.png\",\"width\":570,\"height\":708},{\"@type\":\"BreadcrumbList\",\"@id\":\"https:\\\/\\\/foliobooks.pl\\\/en\\\/shop\\\/koudelka-gypsies\\\/#breadcrumb\",\"itemListElement\":[{\"@type\":\"ListItem\",\"position\":1,\"name\":\"Strona g\u0142\u00f3wna\",\"item\":\"https:\\\/\\\/foliobooks.pl\\\/en\\\/\"},{\"@type\":\"ListItem\",\"position\":2,\"name\":\"Shop\",\"item\":\"https:\\\/\\\/foliobooks.pl\\\/en\\\/shop\\\/\"},{\"@type\":\"ListItem\",\"position\":3,\"name\":\"Koudelka Gypsies\"}]},{\"@type\":\"WebSite\",\"@id\":\"https:\\\/\\\/foliobooks.pl\\\/en\\\/#website\",\"url\":\"https:\\\/\\\/foliobooks.pl\\\/en\\\/\",\"name\":\"Folio\",\"description\":\"Ksi\u0119garnia internetowa\",\"potentialAction\":[{\"@type\":\"SearchAction\",\"target\":{\"@type\":\"EntryPoint\",\"urlTemplate\":\"https:\\\/\\\/foliobooks.pl\\\/en\\\/?s={search_term_string}\"},\"query-input\":{\"@type\":\"PropertyValueSpecification\",\"valueRequired\":true,\"valueName\":\"search_term_string\"}}],\"inLanguage\":\"en-US\"}]}<\/script>\n<!-- \/ Yoast SEO plugin. -->","yoast_head_json":{"title":"Koudelka Gypsies (Josef Koudelka) - book \/ album - Folio","description":"Wejd\u017a i kup ksi\u0105\u017ck\u0119 Koudelka Gypsies autorstwa Josef Koudelka wydan\u0105 przez Thames &amp; Hudson (2019-09-26) w formacie 16,5 x 20,5 cm (ISBN: 9780500545041). Zapraszamy!","robots":{"index":"index","follow":"follow","max-snippet":"max-snippet:-1","max-image-preview":"max-image-preview:large","max-video-preview":"max-video-preview:-1"},"canonical":"https:\/\/foliobooks.pl\/en\/shop\/koudelka-gypsies\/","og_locale":"en_US","og_type":"article","og_title":"Koudelka Gypsies (Josef Koudelka) - book \/ album - Folio","og_description":"Wejd\u017a i kup ksi\u0105\u017ck\u0119 Koudelka Gypsies autorstwa Josef Koudelka wydan\u0105 przez Thames &amp; Hudson (2019-09-26) w formacie 16,5 x 20,5 cm (ISBN: 9780500545041). Zapraszamy!","og_url":"https:\/\/foliobooks.pl\/en\/shop\/koudelka-gypsies\/","og_site_name":"Folio","article_modified_time":"2020-07-30T13:31:05+00:00","og_image":[{"width":570,"height":708,"url":"https:\/\/foliobooks.pl\/wp-content\/uploads\/2019\/12\/9780500545041.png","type":"image\/png"}],"twitter_card":"summary_large_image","twitter_misc":{"Est. reading time":"1 minute"},"schema":{"@context":"https:\/\/schema.org","@graph":[{"@type":"WebPage","@id":"https:\/\/foliobooks.pl\/en\/shop\/koudelka-gypsies\/","url":"https:\/\/foliobooks.pl\/en\/shop\/koudelka-gypsies\/","name":"Koudelka Gypsies (Josef Koudelka) - book \/ album - Folio","isPartOf":{"@id":"https:\/\/foliobooks.pl\/en\/#website"},"primaryImageOfPage":{"@id":"https:\/\/foliobooks.pl\/en\/shop\/koudelka-gypsies\/#primaryimage"},"image":{"@id":"https:\/\/foliobooks.pl\/en\/shop\/koudelka-gypsies\/#primaryimage"},"thumbnailUrl":"https:\/\/foliobooks.pl\/wp-content\/uploads\/2019\/12\/9780500545041.png","datePublished":"2019-12-18T13:40:04+00:00","dateModified":"2020-07-30T13:31:05+00:00","description":"Wejd\u017a i kup ksi\u0105\u017ck\u0119 Koudelka Gypsies autorstwa Josef Koudelka wydan\u0105 przez Thames &amp; Hudson (2019-09-26) w formacie 16,5 x 20,5 cm (ISBN: 9780500545041). Zapraszamy!","breadcrumb":{"@id":"https:\/\/foliobooks.pl\/en\/shop\/koudelka-gypsies\/#breadcrumb"},"inLanguage":"en-US","potentialAction":[{"@type":"ReadAction","target":["https:\/\/foliobooks.pl\/en\/shop\/koudelka-gypsies\/"]}]},{"@type":"ImageObject","inLanguage":"en-US","@id":"https:\/\/foliobooks.pl\/en\/shop\/koudelka-gypsies\/#primaryimage","url":"https:\/\/foliobooks.pl\/wp-content\/uploads\/2019\/12\/9780500545041.png","contentUrl":"https:\/\/foliobooks.pl\/wp-content\/uploads\/2019\/12\/9780500545041.png","width":570,"height":708},{"@type":"BreadcrumbList","@id":"https:\/\/foliobooks.pl\/en\/shop\/koudelka-gypsies\/#breadcrumb","itemListElement":[{"@type":"ListItem","position":1,"name":"Strona g\u0142\u00f3wna","item":"https:\/\/foliobooks.pl\/en\/"},{"@type":"ListItem","position":2,"name":"Shop","item":"https:\/\/foliobooks.pl\/en\/shop\/"},{"@type":"ListItem","position":3,"name":"Koudelka Gypsies"}]},{"@type":"WebSite","@id":"https:\/\/foliobooks.pl\/en\/#website","url":"https:\/\/foliobooks.pl\/en\/","name":"Folio","description":"Ksi\u0119garnia internetowa","potentialAction":[{"@type":"SearchAction","target":{"@type":"EntryPoint","urlTemplate":"https:\/\/foliobooks.pl\/en\/?s={search_term_string}"},"query-input":{"@type":"PropertyValueSpecification","valueRequired":true,"valueName":"search_term_string"}}],"inLanguage":"en-US"}]}},"_links":{"self":[{"href":"https:\/\/foliobooks.pl\/en\/wp-json\/wp\/v2\/product\/46607","targetHints":{"allow":["GET"]}}],"collection":[{"href":"https:\/\/foliobooks.pl\/en\/wp-json\/wp\/v2\/product"}],"about":[{"href":"https:\/\/foliobooks.pl\/en\/wp-json\/wp\/v2\/types\/product"}],"replies":[{"embeddable":true,"href":"https:\/\/foliobooks.pl\/en\/wp-json\/wp\/v2\/comments?post=46607"}],"wp:featuredmedia":[{"embeddable":true,"href":"https:\/\/foliobooks.pl\/en\/wp-json\/wp\/v2\/media\/46639"}],"wp:attachment":[{"href":"https:\/\/foliobooks.pl\/en\/wp-json\/wp\/v2\/media?parent=46607"}],"wp:term":[{"taxonomy":"product_brand","embeddable":true,"href":"https:\/\/foliobooks.pl\/en\/wp-json\/wp\/v2\/product_brand?post=46607"},{"taxonomy":"product_cat","embeddable":true,"href":"https:\/\/foliobooks.pl\/en\/wp-json\/wp\/v2\/product_cat?post=46607"},{"taxonomy":"product_tag","embeddable":true,"href":"https:\/\/foliobooks.pl\/en\/wp-json\/wp\/v2\/product_tag?post=46607"}],"curies":[{"name":"wp","href":"https:\/\/api.w.org\/{rel}","templated":true}]}}