{"id":46575,"date":"2019-12-18T14:18:05","date_gmt":"2019-12-18T13:18:05","guid":{"rendered":"https:\/\/foliobooks.pl\/?post_type=product&#038;p=46575"},"modified":"2025-11-07T16:23:11","modified_gmt":"2025-11-07T15:23:11","slug":"prada-catwalk-the-complete-collections","status":"publish","type":"product","link":"https:\/\/foliobooks.pl\/en\/shop\/prada-catwalk-the-complete-collections\/","title":{"rendered":"Prada Catwalk. The Complete Collections"},"content":{"rendered":"<p>&#8216;The perfect printed tool for Prada fans everywhere, vying to decode the designer\u2019s famed aesthetic, her obsessions and eccentricities and the brand\u2019s boundary-breaking sensibility&#8217; Wallpaper*<\/p>\n<p>Founded as a luxury leather goods house in 1913 in Milan, Prada entered the field of fashion when Miuccia Prada took the helm of the family company in 1979. After initially focusing exclusively on accessories, she presented the house\u2019s first fashion collection in 1988. She would soon transform Prada into one of the world\u2019s most influential luxury brands with a deeply personal, sophisticated and subtly subversive approach.<\/p>\n<p>This definitive publication opens with a concise history of the house, followed by a brief biographical profile of Miuccia Prada, before exploring the collections themselves, organized chronologically. Each collection is introduced by a short text unveiling its influences and highlights, and illustrated with carefully curated catwalk images that showcase hundreds of spectacular clothes, details, accessories, beauty looks and set designs \u2013 and, of course, the top fashion models who wore them on the runway, from Naomi Campbell and Gisele to Kate Moss and Kaia Gerber. A rich reference section, including an extensive index, concludes the book.<\/p>\n","protected":false},"excerpt":{"rendered":"<p>&#8216;The perfect printed tool for Prada fans everywhere, vying to decode the designer\u2019s famed aesthetic, her obsessions and eccentricities and the brand\u2019s boundary-breaking sensibility&#8217; Wallpaper* Founded as a luxury leather goods house in 1913 in Milan, Prada entered the field of fashion when Miuccia Prada took the helm of the family company in 1979. After&#8230;<\/p>\n","protected":false},"featured_media":46614,"comment_status":"closed","ping_status":"closed","template":"","meta":[],"product_brand":[],"product_cat":[13533,4519],"product_tag":[12482,6125,11524,1710],"class_list":{"0":"post-46575","1":"product","2":"type-product","3":"status-publish","4":"has-post-thumbnail","6":"product_cat-books","7":"product_cat-fashion-en-en","8":"product_tag-brands-en","9":"product_tag-fashion","10":"product_tag-italy-en","11":"product_tag-models","12":"pa_author_att-susannah-frankel-en","13":"pa_cover-hardcover","14":"pa_format-277-x-190-cm-en","15":"pa_isbn-9780500022047-en","16":"pa_language-eng","17":"pa_pages-632-en","18":"pa_published-2019-10-03-en","19":"pa_publisher-thames-hudson-en","21":"first","22":"instock","23":"sold-individually","24":"shipping-taxable","25":"purchasable","26":"product-type-simple"},"yoast_head":"<!-- This site is optimized with the Yoast SEO plugin v27.4 - https:\/\/yoast.com\/product\/yoast-seo-wordpress\/ -->\n<title>Prada Catwalk. The Complete Collections (Susannah Frankel) - book \/ album - Folio<\/title>\n<meta name=\"description\" content=\"Wejd\u017a i kup ksi\u0105\u017ck\u0119 Prada Catwalk. The Complete Collections autorstwa Susannah Frankel wydan\u0105 przez Thames &amp; Hudson (2019-10-03) w formacie 27,7 x 19,0 cm (ISBN: 9780500022047). Zapraszamy!\" \/>\n<meta name=\"robots\" content=\"index, follow, max-snippet:-1, max-image-preview:large, max-video-preview:-1\" \/>\n<link rel=\"canonical\" href=\"https:\/\/foliobooks.pl\/en\/shop\/prada-catwalk-the-complete-collections\/\" \/>\n<meta property=\"og:locale\" content=\"en_US\" \/>\n<meta property=\"og:type\" content=\"article\" \/>\n<meta property=\"og:title\" content=\"Prada Catwalk. The Complete Collections (Susannah Frankel) - book \/ album - Folio\" \/>\n<meta property=\"og:description\" content=\"Wejd\u017a i kup ksi\u0105\u017ck\u0119 Prada Catwalk. The Complete Collections autorstwa Susannah Frankel wydan\u0105 przez Thames &amp; Hudson (2019-10-03) w formacie 27,7 x 19,0 cm (ISBN: 9780500022047). Zapraszamy!\" \/>\n<meta property=\"og:url\" content=\"https:\/\/foliobooks.pl\/en\/shop\/prada-catwalk-the-complete-collections\/\" \/>\n<meta property=\"og:site_name\" content=\"Folio\" \/>\n<meta property=\"article:modified_time\" content=\"2025-11-07T15:23:11+00:00\" \/>\n<meta property=\"og:image\" content=\"https:\/\/foliobooks.pl\/wp-content\/uploads\/2019\/12\/9780500022047.png\" \/>\n\t<meta property=\"og:image:width\" content=\"570\" \/>\n\t<meta property=\"og:image:height\" content=\"708\" \/>\n\t<meta property=\"og:image:type\" content=\"image\/png\" \/>\n<meta name=\"twitter:card\" content=\"summary_large_image\" \/>\n<meta name=\"twitter:label1\" content=\"Est. reading time\" \/>\n\t<meta name=\"twitter:data1\" content=\"1 minute\" \/>\n<script type=\"application\/ld+json\" class=\"yoast-schema-graph\">{\"@context\":\"https:\\\/\\\/schema.org\",\"@graph\":[{\"@type\":\"WebPage\",\"@id\":\"https:\\\/\\\/foliobooks.pl\\\/en\\\/shop\\\/prada-catwalk-the-complete-collections\\\/\",\"url\":\"https:\\\/\\\/foliobooks.pl\\\/en\\\/shop\\\/prada-catwalk-the-complete-collections\\\/\",\"name\":\"Prada Catwalk. The Complete Collections (Susannah Frankel) - book \\\/ album - Folio\",\"isPartOf\":{\"@id\":\"https:\\\/\\\/foliobooks.pl\\\/en\\\/#website\"},\"primaryImageOfPage\":{\"@id\":\"https:\\\/\\\/foliobooks.pl\\\/en\\\/shop\\\/prada-catwalk-the-complete-collections\\\/#primaryimage\"},\"image\":{\"@id\":\"https:\\\/\\\/foliobooks.pl\\\/en\\\/shop\\\/prada-catwalk-the-complete-collections\\\/#primaryimage\"},\"thumbnailUrl\":\"https:\\\/\\\/foliobooks.pl\\\/wp-content\\\/uploads\\\/2019\\\/12\\\/9780500022047.png\",\"datePublished\":\"2019-12-18T13:18:05+00:00\",\"dateModified\":\"2025-11-07T15:23:11+00:00\",\"description\":\"Wejd\u017a i kup ksi\u0105\u017ck\u0119 Prada Catwalk. The Complete Collections autorstwa Susannah Frankel wydan\u0105 przez Thames &amp; Hudson (2019-10-03) w formacie 27,7 x 19,0 cm (ISBN: 9780500022047). Zapraszamy!\",\"breadcrumb\":{\"@id\":\"https:\\\/\\\/foliobooks.pl\\\/en\\\/shop\\\/prada-catwalk-the-complete-collections\\\/#breadcrumb\"},\"inLanguage\":\"en-US\",\"potentialAction\":[{\"@type\":\"ReadAction\",\"target\":[\"https:\\\/\\\/foliobooks.pl\\\/en\\\/shop\\\/prada-catwalk-the-complete-collections\\\/\"]}]},{\"@type\":\"ImageObject\",\"inLanguage\":\"en-US\",\"@id\":\"https:\\\/\\\/foliobooks.pl\\\/en\\\/shop\\\/prada-catwalk-the-complete-collections\\\/#primaryimage\",\"url\":\"https:\\\/\\\/foliobooks.pl\\\/wp-content\\\/uploads\\\/2019\\\/12\\\/9780500022047.png\",\"contentUrl\":\"https:\\\/\\\/foliobooks.pl\\\/wp-content\\\/uploads\\\/2019\\\/12\\\/9780500022047.png\",\"width\":570,\"height\":708},{\"@type\":\"BreadcrumbList\",\"@id\":\"https:\\\/\\\/foliobooks.pl\\\/en\\\/shop\\\/prada-catwalk-the-complete-collections\\\/#breadcrumb\",\"itemListElement\":[{\"@type\":\"ListItem\",\"position\":1,\"name\":\"Strona g\u0142\u00f3wna\",\"item\":\"https:\\\/\\\/foliobooks.pl\\\/en\\\/\"},{\"@type\":\"ListItem\",\"position\":2,\"name\":\"Shop\",\"item\":\"https:\\\/\\\/foliobooks.pl\\\/en\\\/shop\\\/\"},{\"@type\":\"ListItem\",\"position\":3,\"name\":\"Prada Catwalk. The Complete Collections\"}]},{\"@type\":\"WebSite\",\"@id\":\"https:\\\/\\\/foliobooks.pl\\\/en\\\/#website\",\"url\":\"https:\\\/\\\/foliobooks.pl\\\/en\\\/\",\"name\":\"Folio\",\"description\":\"Ksi\u0119garnia internetowa\",\"potentialAction\":[{\"@type\":\"SearchAction\",\"target\":{\"@type\":\"EntryPoint\",\"urlTemplate\":\"https:\\\/\\\/foliobooks.pl\\\/en\\\/?s={search_term_string}\"},\"query-input\":{\"@type\":\"PropertyValueSpecification\",\"valueRequired\":true,\"valueName\":\"search_term_string\"}}],\"inLanguage\":\"en-US\"}]}<\/script>\n<!-- \/ Yoast SEO plugin. -->","yoast_head_json":{"title":"Prada Catwalk. The Complete Collections (Susannah Frankel) - book \/ album - Folio","description":"Wejd\u017a i kup ksi\u0105\u017ck\u0119 Prada Catwalk. The Complete Collections autorstwa Susannah Frankel wydan\u0105 przez Thames &amp; Hudson (2019-10-03) w formacie 27,7 x 19,0 cm (ISBN: 9780500022047). Zapraszamy!","robots":{"index":"index","follow":"follow","max-snippet":"max-snippet:-1","max-image-preview":"max-image-preview:large","max-video-preview":"max-video-preview:-1"},"canonical":"https:\/\/foliobooks.pl\/en\/shop\/prada-catwalk-the-complete-collections\/","og_locale":"en_US","og_type":"article","og_title":"Prada Catwalk. The Complete Collections (Susannah Frankel) - book \/ album - Folio","og_description":"Wejd\u017a i kup ksi\u0105\u017ck\u0119 Prada Catwalk. The Complete Collections autorstwa Susannah Frankel wydan\u0105 przez Thames &amp; Hudson (2019-10-03) w formacie 27,7 x 19,0 cm (ISBN: 9780500022047). Zapraszamy!","og_url":"https:\/\/foliobooks.pl\/en\/shop\/prada-catwalk-the-complete-collections\/","og_site_name":"Folio","article_modified_time":"2025-11-07T15:23:11+00:00","og_image":[{"width":570,"height":708,"url":"https:\/\/foliobooks.pl\/wp-content\/uploads\/2019\/12\/9780500022047.png","type":"image\/png"}],"twitter_card":"summary_large_image","twitter_misc":{"Est. reading time":"1 minute"},"schema":{"@context":"https:\/\/schema.org","@graph":[{"@type":"WebPage","@id":"https:\/\/foliobooks.pl\/en\/shop\/prada-catwalk-the-complete-collections\/","url":"https:\/\/foliobooks.pl\/en\/shop\/prada-catwalk-the-complete-collections\/","name":"Prada Catwalk. The Complete Collections (Susannah Frankel) - book \/ album - Folio","isPartOf":{"@id":"https:\/\/foliobooks.pl\/en\/#website"},"primaryImageOfPage":{"@id":"https:\/\/foliobooks.pl\/en\/shop\/prada-catwalk-the-complete-collections\/#primaryimage"},"image":{"@id":"https:\/\/foliobooks.pl\/en\/shop\/prada-catwalk-the-complete-collections\/#primaryimage"},"thumbnailUrl":"https:\/\/foliobooks.pl\/wp-content\/uploads\/2019\/12\/9780500022047.png","datePublished":"2019-12-18T13:18:05+00:00","dateModified":"2025-11-07T15:23:11+00:00","description":"Wejd\u017a i kup ksi\u0105\u017ck\u0119 Prada Catwalk. The Complete Collections autorstwa Susannah Frankel wydan\u0105 przez Thames &amp; Hudson (2019-10-03) w formacie 27,7 x 19,0 cm (ISBN: 9780500022047). Zapraszamy!","breadcrumb":{"@id":"https:\/\/foliobooks.pl\/en\/shop\/prada-catwalk-the-complete-collections\/#breadcrumb"},"inLanguage":"en-US","potentialAction":[{"@type":"ReadAction","target":["https:\/\/foliobooks.pl\/en\/shop\/prada-catwalk-the-complete-collections\/"]}]},{"@type":"ImageObject","inLanguage":"en-US","@id":"https:\/\/foliobooks.pl\/en\/shop\/prada-catwalk-the-complete-collections\/#primaryimage","url":"https:\/\/foliobooks.pl\/wp-content\/uploads\/2019\/12\/9780500022047.png","contentUrl":"https:\/\/foliobooks.pl\/wp-content\/uploads\/2019\/12\/9780500022047.png","width":570,"height":708},{"@type":"BreadcrumbList","@id":"https:\/\/foliobooks.pl\/en\/shop\/prada-catwalk-the-complete-collections\/#breadcrumb","itemListElement":[{"@type":"ListItem","position":1,"name":"Strona g\u0142\u00f3wna","item":"https:\/\/foliobooks.pl\/en\/"},{"@type":"ListItem","position":2,"name":"Shop","item":"https:\/\/foliobooks.pl\/en\/shop\/"},{"@type":"ListItem","position":3,"name":"Prada Catwalk. The Complete Collections"}]},{"@type":"WebSite","@id":"https:\/\/foliobooks.pl\/en\/#website","url":"https:\/\/foliobooks.pl\/en\/","name":"Folio","description":"Ksi\u0119garnia internetowa","potentialAction":[{"@type":"SearchAction","target":{"@type":"EntryPoint","urlTemplate":"https:\/\/foliobooks.pl\/en\/?s={search_term_string}"},"query-input":{"@type":"PropertyValueSpecification","valueRequired":true,"valueName":"search_term_string"}}],"inLanguage":"en-US"}]}},"_links":{"self":[{"href":"https:\/\/foliobooks.pl\/en\/wp-json\/wp\/v2\/product\/46575","targetHints":{"allow":["GET"]}}],"collection":[{"href":"https:\/\/foliobooks.pl\/en\/wp-json\/wp\/v2\/product"}],"about":[{"href":"https:\/\/foliobooks.pl\/en\/wp-json\/wp\/v2\/types\/product"}],"replies":[{"embeddable":true,"href":"https:\/\/foliobooks.pl\/en\/wp-json\/wp\/v2\/comments?post=46575"}],"wp:featuredmedia":[{"embeddable":true,"href":"https:\/\/foliobooks.pl\/en\/wp-json\/wp\/v2\/media\/46614"}],"wp:attachment":[{"href":"https:\/\/foliobooks.pl\/en\/wp-json\/wp\/v2\/media?parent=46575"}],"wp:term":[{"taxonomy":"product_brand","embeddable":true,"href":"https:\/\/foliobooks.pl\/en\/wp-json\/wp\/v2\/product_brand?post=46575"},{"taxonomy":"product_cat","embeddable":true,"href":"https:\/\/foliobooks.pl\/en\/wp-json\/wp\/v2\/product_cat?post=46575"},{"taxonomy":"product_tag","embeddable":true,"href":"https:\/\/foliobooks.pl\/en\/wp-json\/wp\/v2\/product_tag?post=46575"}],"curies":[{"name":"wp","href":"https:\/\/api.w.org\/{rel}","templated":true}]}}