{"id":46385,"date":"2019-12-17T11:35:20","date_gmt":"2019-12-17T10:35:20","guid":{"rendered":"https:\/\/foliobooks.pl\/sklep\/elliott-erwitts-dogs-2\/"},"modified":"2021-06-14T14:28:14","modified_gmt":"2021-06-14T12:28:14","slug":"elliott-erwitts-dogs-2","status":"publish","type":"product","link":"https:\/\/foliobooks.pl\/en\/shop\/elliott-erwitts-dogs-2\/","title":{"rendered":"Elliott Erwitt&#8217;s Dogs"},"content":{"rendered":"<p>One of the 20th century&#8217;s most celebrated image-makers, this collection, in a generously oversized format, focuses on Elliott Erwitt&#8217;s distinctive photographs of dogs. In a heartfelt and original tribute to man&#8217;s best friend, this photographic master captures all the diversity of the canine kingdom. We witness Fido&#8217;s many moods from playful, perky scamp to quiet and constant companion. Ranging from daring little imps to lumbering and gentle beasts, Erwitt&#8217;s images unveil the quirkiness that makes these creatures so beloved while combining an unerring sense of composition with the magic of the moment.<\/p>\n","protected":false},"excerpt":{"rendered":"<p>One of the 20th century&#8217;s most celebrated image-makers, this collection, in a generously oversized format, focuses on Elliott Erwitt&#8217;s distinctive photographs of dogs. In a heartfelt and original tribute to man&#8217;s best friend, this photographic master captures all the diversity of the canine kingdom. We witness Fido&#8217;s many moods from playful, perky scamp to quiet&#8230;<\/p>\n","protected":false},"featured_media":46376,"comment_status":"closed","ping_status":"closed","template":"","meta":[],"product_brand":[],"product_cat":[13533,4517],"product_tag":[6712],"class_list":{"0":"post-46385","1":"product","2":"type-product","3":"status-publish","4":"has-post-thumbnail","6":"product_cat-books","7":"product_cat-photography-en","8":"product_tag-pets","9":"pa_author_att-elliott-erwitt-en","10":"pa_cover-hardcover","11":"pa_format-27-x-36-cm-en","12":"pa_isbn-9783832792572-en","13":"pa_language-english-french-german-italian-spanish-en","14":"pa_pages-144-en","15":"pa_published-2019-06-01-en","16":"pa_publisher-teneues-en","18":"first","19":"outofstock","20":"sold-individually","21":"shipping-taxable","22":"purchasable","23":"product-type-simple"},"yoast_head":"<!-- This site is optimized with the Yoast SEO plugin v27.4 - https:\/\/yoast.com\/product\/yoast-seo-wordpress\/ -->\n<title>Elliott Erwitt&#039;s Dogs (Elliott Erwitt) - book \/ album - Folio<\/title>\n<meta name=\"description\" content=\"Wejd\u017a i kup ksi\u0105\u017ck\u0119 Elliott Erwitt&#039;s Dogs autorstwa Elliott Erwitt wydan\u0105 przez teNeues (2019-06-01) w formacie 27 x 36 cm (ISBN: 9783832792572). Zapraszamy!\" \/>\n<meta name=\"robots\" content=\"index, follow, max-snippet:-1, max-image-preview:large, max-video-preview:-1\" \/>\n<link rel=\"canonical\" href=\"https:\/\/foliobooks.pl\/en\/shop\/elliott-erwitts-dogs-2\/\" \/>\n<meta property=\"og:locale\" content=\"en_US\" \/>\n<meta property=\"og:type\" content=\"article\" \/>\n<meta property=\"og:title\" content=\"Elliott Erwitt&#039;s Dogs (Elliott Erwitt) - book \/ album - Folio\" \/>\n<meta property=\"og:description\" content=\"Wejd\u017a i kup ksi\u0105\u017ck\u0119 Elliott Erwitt&#039;s Dogs autorstwa Elliott Erwitt wydan\u0105 przez teNeues (2019-06-01) w formacie 27 x 36 cm (ISBN: 9783832792572). Zapraszamy!\" \/>\n<meta property=\"og:url\" content=\"https:\/\/foliobooks.pl\/en\/shop\/elliott-erwitts-dogs-2\/\" \/>\n<meta property=\"og:site_name\" content=\"Folio\" \/>\n<meta property=\"article:modified_time\" content=\"2021-06-14T12:28:14+00:00\" \/>\n<meta property=\"og:image\" content=\"https:\/\/foliobooks.pl\/wp-content\/uploads\/2019\/12\/9783832792572.png\" \/>\n\t<meta property=\"og:image:width\" content=\"570\" \/>\n\t<meta property=\"og:image:height\" content=\"708\" \/>\n\t<meta property=\"og:image:type\" content=\"image\/png\" \/>\n<meta name=\"twitter:card\" content=\"summary_large_image\" \/>\n<script type=\"application\/ld+json\" class=\"yoast-schema-graph\">{\"@context\":\"https:\\\/\\\/schema.org\",\"@graph\":[{\"@type\":\"WebPage\",\"@id\":\"https:\\\/\\\/foliobooks.pl\\\/en\\\/shop\\\/elliott-erwitts-dogs-2\\\/\",\"url\":\"https:\\\/\\\/foliobooks.pl\\\/en\\\/shop\\\/elliott-erwitts-dogs-2\\\/\",\"name\":\"Elliott Erwitt's Dogs (Elliott Erwitt) - book \\\/ album - Folio\",\"isPartOf\":{\"@id\":\"https:\\\/\\\/foliobooks.pl\\\/en\\\/#website\"},\"primaryImageOfPage\":{\"@id\":\"https:\\\/\\\/foliobooks.pl\\\/en\\\/shop\\\/elliott-erwitts-dogs-2\\\/#primaryimage\"},\"image\":{\"@id\":\"https:\\\/\\\/foliobooks.pl\\\/en\\\/shop\\\/elliott-erwitts-dogs-2\\\/#primaryimage\"},\"thumbnailUrl\":\"https:\\\/\\\/foliobooks.pl\\\/wp-content\\\/uploads\\\/2019\\\/12\\\/9783832792572.png\",\"datePublished\":\"2019-12-17T10:35:20+00:00\",\"dateModified\":\"2021-06-14T12:28:14+00:00\",\"description\":\"Wejd\u017a i kup ksi\u0105\u017ck\u0119 Elliott Erwitt's Dogs autorstwa Elliott Erwitt wydan\u0105 przez teNeues (2019-06-01) w formacie 27 x 36 cm (ISBN: 9783832792572). Zapraszamy!\",\"breadcrumb\":{\"@id\":\"https:\\\/\\\/foliobooks.pl\\\/en\\\/shop\\\/elliott-erwitts-dogs-2\\\/#breadcrumb\"},\"inLanguage\":\"en-US\",\"potentialAction\":[{\"@type\":\"ReadAction\",\"target\":[\"https:\\\/\\\/foliobooks.pl\\\/en\\\/shop\\\/elliott-erwitts-dogs-2\\\/\"]}]},{\"@type\":\"ImageObject\",\"inLanguage\":\"en-US\",\"@id\":\"https:\\\/\\\/foliobooks.pl\\\/en\\\/shop\\\/elliott-erwitts-dogs-2\\\/#primaryimage\",\"url\":\"https:\\\/\\\/foliobooks.pl\\\/wp-content\\\/uploads\\\/2019\\\/12\\\/9783832792572.png\",\"contentUrl\":\"https:\\\/\\\/foliobooks.pl\\\/wp-content\\\/uploads\\\/2019\\\/12\\\/9783832792572.png\",\"width\":570,\"height\":708},{\"@type\":\"BreadcrumbList\",\"@id\":\"https:\\\/\\\/foliobooks.pl\\\/en\\\/shop\\\/elliott-erwitts-dogs-2\\\/#breadcrumb\",\"itemListElement\":[{\"@type\":\"ListItem\",\"position\":1,\"name\":\"Strona g\u0142\u00f3wna\",\"item\":\"https:\\\/\\\/foliobooks.pl\\\/en\\\/\"},{\"@type\":\"ListItem\",\"position\":2,\"name\":\"Shop\",\"item\":\"https:\\\/\\\/foliobooks.pl\\\/en\\\/shop\\\/\"},{\"@type\":\"ListItem\",\"position\":3,\"name\":\"Elliott Erwitt&#8217;s Dogs\"}]},{\"@type\":\"WebSite\",\"@id\":\"https:\\\/\\\/foliobooks.pl\\\/en\\\/#website\",\"url\":\"https:\\\/\\\/foliobooks.pl\\\/en\\\/\",\"name\":\"Folio\",\"description\":\"Ksi\u0119garnia internetowa\",\"potentialAction\":[{\"@type\":\"SearchAction\",\"target\":{\"@type\":\"EntryPoint\",\"urlTemplate\":\"https:\\\/\\\/foliobooks.pl\\\/en\\\/?s={search_term_string}\"},\"query-input\":{\"@type\":\"PropertyValueSpecification\",\"valueRequired\":true,\"valueName\":\"search_term_string\"}}],\"inLanguage\":\"en-US\"}]}<\/script>\n<!-- \/ Yoast SEO plugin. -->","yoast_head_json":{"title":"Elliott Erwitt's Dogs (Elliott Erwitt) - book \/ album - Folio","description":"Wejd\u017a i kup ksi\u0105\u017ck\u0119 Elliott Erwitt's Dogs autorstwa Elliott Erwitt wydan\u0105 przez teNeues (2019-06-01) w formacie 27 x 36 cm (ISBN: 9783832792572). Zapraszamy!","robots":{"index":"index","follow":"follow","max-snippet":"max-snippet:-1","max-image-preview":"max-image-preview:large","max-video-preview":"max-video-preview:-1"},"canonical":"https:\/\/foliobooks.pl\/en\/shop\/elliott-erwitts-dogs-2\/","og_locale":"en_US","og_type":"article","og_title":"Elliott Erwitt's Dogs (Elliott Erwitt) - book \/ album - Folio","og_description":"Wejd\u017a i kup ksi\u0105\u017ck\u0119 Elliott Erwitt's Dogs autorstwa Elliott Erwitt wydan\u0105 przez teNeues (2019-06-01) w formacie 27 x 36 cm (ISBN: 9783832792572). Zapraszamy!","og_url":"https:\/\/foliobooks.pl\/en\/shop\/elliott-erwitts-dogs-2\/","og_site_name":"Folio","article_modified_time":"2021-06-14T12:28:14+00:00","og_image":[{"width":570,"height":708,"url":"https:\/\/foliobooks.pl\/wp-content\/uploads\/2019\/12\/9783832792572.png","type":"image\/png"}],"twitter_card":"summary_large_image","schema":{"@context":"https:\/\/schema.org","@graph":[{"@type":"WebPage","@id":"https:\/\/foliobooks.pl\/en\/shop\/elliott-erwitts-dogs-2\/","url":"https:\/\/foliobooks.pl\/en\/shop\/elliott-erwitts-dogs-2\/","name":"Elliott Erwitt's Dogs (Elliott Erwitt) - book \/ album - Folio","isPartOf":{"@id":"https:\/\/foliobooks.pl\/en\/#website"},"primaryImageOfPage":{"@id":"https:\/\/foliobooks.pl\/en\/shop\/elliott-erwitts-dogs-2\/#primaryimage"},"image":{"@id":"https:\/\/foliobooks.pl\/en\/shop\/elliott-erwitts-dogs-2\/#primaryimage"},"thumbnailUrl":"https:\/\/foliobooks.pl\/wp-content\/uploads\/2019\/12\/9783832792572.png","datePublished":"2019-12-17T10:35:20+00:00","dateModified":"2021-06-14T12:28:14+00:00","description":"Wejd\u017a i kup ksi\u0105\u017ck\u0119 Elliott Erwitt's Dogs autorstwa Elliott Erwitt wydan\u0105 przez teNeues (2019-06-01) w formacie 27 x 36 cm (ISBN: 9783832792572). Zapraszamy!","breadcrumb":{"@id":"https:\/\/foliobooks.pl\/en\/shop\/elliott-erwitts-dogs-2\/#breadcrumb"},"inLanguage":"en-US","potentialAction":[{"@type":"ReadAction","target":["https:\/\/foliobooks.pl\/en\/shop\/elliott-erwitts-dogs-2\/"]}]},{"@type":"ImageObject","inLanguage":"en-US","@id":"https:\/\/foliobooks.pl\/en\/shop\/elliott-erwitts-dogs-2\/#primaryimage","url":"https:\/\/foliobooks.pl\/wp-content\/uploads\/2019\/12\/9783832792572.png","contentUrl":"https:\/\/foliobooks.pl\/wp-content\/uploads\/2019\/12\/9783832792572.png","width":570,"height":708},{"@type":"BreadcrumbList","@id":"https:\/\/foliobooks.pl\/en\/shop\/elliott-erwitts-dogs-2\/#breadcrumb","itemListElement":[{"@type":"ListItem","position":1,"name":"Strona g\u0142\u00f3wna","item":"https:\/\/foliobooks.pl\/en\/"},{"@type":"ListItem","position":2,"name":"Shop","item":"https:\/\/foliobooks.pl\/en\/shop\/"},{"@type":"ListItem","position":3,"name":"Elliott Erwitt&#8217;s Dogs"}]},{"@type":"WebSite","@id":"https:\/\/foliobooks.pl\/en\/#website","url":"https:\/\/foliobooks.pl\/en\/","name":"Folio","description":"Ksi\u0119garnia internetowa","potentialAction":[{"@type":"SearchAction","target":{"@type":"EntryPoint","urlTemplate":"https:\/\/foliobooks.pl\/en\/?s={search_term_string}"},"query-input":{"@type":"PropertyValueSpecification","valueRequired":true,"valueName":"search_term_string"}}],"inLanguage":"en-US"}]}},"_links":{"self":[{"href":"https:\/\/foliobooks.pl\/en\/wp-json\/wp\/v2\/product\/46385","targetHints":{"allow":["GET"]}}],"collection":[{"href":"https:\/\/foliobooks.pl\/en\/wp-json\/wp\/v2\/product"}],"about":[{"href":"https:\/\/foliobooks.pl\/en\/wp-json\/wp\/v2\/types\/product"}],"replies":[{"embeddable":true,"href":"https:\/\/foliobooks.pl\/en\/wp-json\/wp\/v2\/comments?post=46385"}],"wp:featuredmedia":[{"embeddable":true,"href":"https:\/\/foliobooks.pl\/en\/wp-json\/wp\/v2\/media\/46376"}],"wp:attachment":[{"href":"https:\/\/foliobooks.pl\/en\/wp-json\/wp\/v2\/media?parent=46385"}],"wp:term":[{"taxonomy":"product_brand","embeddable":true,"href":"https:\/\/foliobooks.pl\/en\/wp-json\/wp\/v2\/product_brand?post=46385"},{"taxonomy":"product_cat","embeddable":true,"href":"https:\/\/foliobooks.pl\/en\/wp-json\/wp\/v2\/product_cat?post=46385"},{"taxonomy":"product_tag","embeddable":true,"href":"https:\/\/foliobooks.pl\/en\/wp-json\/wp\/v2\/product_tag?post=46385"}],"curies":[{"name":"wp","href":"https:\/\/api.w.org\/{rel}","templated":true}]}}