{"id":46268,"date":"2019-12-16T16:03:19","date_gmt":"2019-12-16T15:03:19","guid":{"rendered":"https:\/\/foliobooks.pl\/sklep\/walter-chandoha-cats-photographs-1942-2018\/"},"modified":"2025-03-06T15:31:12","modified_gmt":"2025-03-06T14:31:12","slug":"walter-chandoha-cats-photographs-1942-2018","status":"publish","type":"product","link":"https:\/\/foliobooks.pl\/en\/shop\/walter-chandoha-cats-photographs-1942-2018\/","title":{"rendered":"Walter Chandoha. Cats. Photographs 1942\u20132018"},"content":{"rendered":"<p>On a winter\u2019s night in 1949 in New York City, young marketing student and budding photographer Walter Chandoha spotted a stray kitten in the snow, bundled it into his coat, and brought it home. Little did he know he had just met the muse that would determine the course of his life. Chandoha turned his lens on his new feline friend\u2014which he named Loco\u2014and was so inspired by the results that he started photographing kittens from a local shelter. These images marked the start of an extraordinary career that would span seven decades.<\/p>\n<p>Long before the Internet and #catsofinstagram, Chandoha was enrapturing the public with his fuzzy subjects. From advertisements to greetings cards, jigsaw puzzles to pet-food packaging, his images combined a genuine affection for the creatures, a strong work ethic, and flawless technique. Chandoha\u2019s trademark glamorous lighting, which made each cat\u2019s fur stand out in sharp relief, would define the visual vocabulary of animal portraiture for generations and inspire such masters as Andy Warhol, who took cues from Chandoha\u2019s charming portraits in his illustrated cat book.<\/p>\n<p>Cats leaps into the archives of this genre-defining artist, spanning color studio and environmental portraits, black-and-white street photography, images from vintage cat shows, tender pictures that combine his children with cats and more. This is a fitting tribute not just to these beguiling creatures but also to a remarkable photographer who passed away this year at the age of 98; and whose compassion can be felt in each and every frame.<\/p>\n","protected":false},"excerpt":{"rendered":"<p>On a winter\u2019s night in 1949 in New York City, young marketing student and budding photographer Walter Chandoha spotted a stray kitten in the snow, bundled it into his coat, and brought it home. Little did he know he had just met the muse that would determine the course of his life. Chandoha turned his&#8230;<\/p>\n","protected":false},"featured_media":46257,"comment_status":"closed","ping_status":"closed","template":"","meta":[],"product_brand":[],"product_cat":[13533,4517],"product_tag":[6712],"class_list":{"0":"post-46268","1":"product","2":"type-product","3":"status-publish","4":"has-post-thumbnail","6":"product_cat-books","7":"product_cat-photography-en","8":"product_tag-pets","9":"pa_author_att-susan-michals-en","10":"pa_cover-hardcover","11":"pa_format-237-x-30-cm-en","12":"pa_isbn-9783836573856-en","13":"pa_language-eng-f-ger","14":"pa_pages-296-en","15":"pa_published-2019-09-22-en","16":"pa_publisher-taschen-en-en","18":"first","19":"instock","20":"sold-individually","21":"shipping-taxable","22":"purchasable","23":"product-type-simple"},"yoast_head":"<!-- This site is optimized with the Yoast SEO plugin v27.4 - https:\/\/yoast.com\/product\/yoast-seo-wordpress\/ -->\n<title>Walter Chandoha. Cats. Photographs 1942\u20132018 (Susan Michals) - book \/ album - Folio<\/title>\n<meta name=\"description\" content=\"Wejd\u017a i kup ksi\u0105\u017ck\u0119 Walter Chandoha. Cats. Photographs 1942\u20132018 autorstwa Susan Michals wydan\u0105 przez TASCHEN (2019-09-22) w formacie 23,7 x 30 cm (ISBN: 9783836573856). Zapraszamy!\" \/>\n<meta name=\"robots\" content=\"index, follow, max-snippet:-1, max-image-preview:large, max-video-preview:-1\" \/>\n<link rel=\"canonical\" href=\"https:\/\/foliobooks.pl\/en\/shop\/walter-chandoha-cats-photographs-1942-2018\/\" \/>\n<meta property=\"og:locale\" content=\"en_US\" \/>\n<meta property=\"og:type\" content=\"article\" \/>\n<meta property=\"og:title\" content=\"Walter Chandoha. Cats. Photographs 1942\u20132018 (Susan Michals) - book \/ album - Folio\" \/>\n<meta property=\"og:description\" content=\"Wejd\u017a i kup ksi\u0105\u017ck\u0119 Walter Chandoha. Cats. Photographs 1942\u20132018 autorstwa Susan Michals wydan\u0105 przez TASCHEN (2019-09-22) w formacie 23,7 x 30 cm (ISBN: 9783836573856). Zapraszamy!\" \/>\n<meta property=\"og:url\" content=\"https:\/\/foliobooks.pl\/en\/shop\/walter-chandoha-cats-photographs-1942-2018\/\" \/>\n<meta property=\"og:site_name\" content=\"Folio\" \/>\n<meta property=\"article:modified_time\" content=\"2025-03-06T14:31:12+00:00\" \/>\n<meta property=\"og:image\" content=\"https:\/\/foliobooks.pl\/wp-content\/uploads\/2019\/12\/9783836573856.png\" \/>\n\t<meta property=\"og:image:width\" content=\"570\" \/>\n\t<meta property=\"og:image:height\" content=\"708\" \/>\n\t<meta property=\"og:image:type\" content=\"image\/png\" \/>\n<meta name=\"twitter:card\" content=\"summary_large_image\" \/>\n<meta name=\"twitter:label1\" content=\"Est. reading time\" \/>\n\t<meta name=\"twitter:data1\" content=\"1 minute\" \/>\n<script type=\"application\/ld+json\" class=\"yoast-schema-graph\">{\"@context\":\"https:\\\/\\\/schema.org\",\"@graph\":[{\"@type\":\"WebPage\",\"@id\":\"https:\\\/\\\/foliobooks.pl\\\/en\\\/shop\\\/walter-chandoha-cats-photographs-1942-2018\\\/\",\"url\":\"https:\\\/\\\/foliobooks.pl\\\/en\\\/shop\\\/walter-chandoha-cats-photographs-1942-2018\\\/\",\"name\":\"Walter Chandoha. Cats. Photographs 1942\u20132018 (Susan Michals) - book \\\/ album - Folio\",\"isPartOf\":{\"@id\":\"https:\\\/\\\/foliobooks.pl\\\/en\\\/#website\"},\"primaryImageOfPage\":{\"@id\":\"https:\\\/\\\/foliobooks.pl\\\/en\\\/shop\\\/walter-chandoha-cats-photographs-1942-2018\\\/#primaryimage\"},\"image\":{\"@id\":\"https:\\\/\\\/foliobooks.pl\\\/en\\\/shop\\\/walter-chandoha-cats-photographs-1942-2018\\\/#primaryimage\"},\"thumbnailUrl\":\"https:\\\/\\\/foliobooks.pl\\\/wp-content\\\/uploads\\\/2019\\\/12\\\/9783836573856.png\",\"datePublished\":\"2019-12-16T15:03:19+00:00\",\"dateModified\":\"2025-03-06T14:31:12+00:00\",\"description\":\"Wejd\u017a i kup ksi\u0105\u017ck\u0119 Walter Chandoha. Cats. Photographs 1942\u20132018 autorstwa Susan Michals wydan\u0105 przez TASCHEN (2019-09-22) w formacie 23,7 x 30 cm (ISBN: 9783836573856). Zapraszamy!\",\"breadcrumb\":{\"@id\":\"https:\\\/\\\/foliobooks.pl\\\/en\\\/shop\\\/walter-chandoha-cats-photographs-1942-2018\\\/#breadcrumb\"},\"inLanguage\":\"en-US\",\"potentialAction\":[{\"@type\":\"ReadAction\",\"target\":[\"https:\\\/\\\/foliobooks.pl\\\/en\\\/shop\\\/walter-chandoha-cats-photographs-1942-2018\\\/\"]}]},{\"@type\":\"ImageObject\",\"inLanguage\":\"en-US\",\"@id\":\"https:\\\/\\\/foliobooks.pl\\\/en\\\/shop\\\/walter-chandoha-cats-photographs-1942-2018\\\/#primaryimage\",\"url\":\"https:\\\/\\\/foliobooks.pl\\\/wp-content\\\/uploads\\\/2019\\\/12\\\/9783836573856.png\",\"contentUrl\":\"https:\\\/\\\/foliobooks.pl\\\/wp-content\\\/uploads\\\/2019\\\/12\\\/9783836573856.png\",\"width\":570,\"height\":708},{\"@type\":\"BreadcrumbList\",\"@id\":\"https:\\\/\\\/foliobooks.pl\\\/en\\\/shop\\\/walter-chandoha-cats-photographs-1942-2018\\\/#breadcrumb\",\"itemListElement\":[{\"@type\":\"ListItem\",\"position\":1,\"name\":\"Strona g\u0142\u00f3wna\",\"item\":\"https:\\\/\\\/foliobooks.pl\\\/en\\\/\"},{\"@type\":\"ListItem\",\"position\":2,\"name\":\"Shop\",\"item\":\"https:\\\/\\\/foliobooks.pl\\\/en\\\/shop\\\/\"},{\"@type\":\"ListItem\",\"position\":3,\"name\":\"Walter Chandoha. Cats. Photographs 1942\u20132018\"}]},{\"@type\":\"WebSite\",\"@id\":\"https:\\\/\\\/foliobooks.pl\\\/en\\\/#website\",\"url\":\"https:\\\/\\\/foliobooks.pl\\\/en\\\/\",\"name\":\"Folio\",\"description\":\"Ksi\u0119garnia internetowa\",\"potentialAction\":[{\"@type\":\"SearchAction\",\"target\":{\"@type\":\"EntryPoint\",\"urlTemplate\":\"https:\\\/\\\/foliobooks.pl\\\/en\\\/?s={search_term_string}\"},\"query-input\":{\"@type\":\"PropertyValueSpecification\",\"valueRequired\":true,\"valueName\":\"search_term_string\"}}],\"inLanguage\":\"en-US\"}]}<\/script>\n<!-- \/ Yoast SEO plugin. -->","yoast_head_json":{"title":"Walter Chandoha. Cats. Photographs 1942\u20132018 (Susan Michals) - book \/ album - Folio","description":"Wejd\u017a i kup ksi\u0105\u017ck\u0119 Walter Chandoha. Cats. Photographs 1942\u20132018 autorstwa Susan Michals wydan\u0105 przez TASCHEN (2019-09-22) w formacie 23,7 x 30 cm (ISBN: 9783836573856). Zapraszamy!","robots":{"index":"index","follow":"follow","max-snippet":"max-snippet:-1","max-image-preview":"max-image-preview:large","max-video-preview":"max-video-preview:-1"},"canonical":"https:\/\/foliobooks.pl\/en\/shop\/walter-chandoha-cats-photographs-1942-2018\/","og_locale":"en_US","og_type":"article","og_title":"Walter Chandoha. Cats. Photographs 1942\u20132018 (Susan Michals) - book \/ album - Folio","og_description":"Wejd\u017a i kup ksi\u0105\u017ck\u0119 Walter Chandoha. Cats. Photographs 1942\u20132018 autorstwa Susan Michals wydan\u0105 przez TASCHEN (2019-09-22) w formacie 23,7 x 30 cm (ISBN: 9783836573856). Zapraszamy!","og_url":"https:\/\/foliobooks.pl\/en\/shop\/walter-chandoha-cats-photographs-1942-2018\/","og_site_name":"Folio","article_modified_time":"2025-03-06T14:31:12+00:00","og_image":[{"width":570,"height":708,"url":"https:\/\/foliobooks.pl\/wp-content\/uploads\/2019\/12\/9783836573856.png","type":"image\/png"}],"twitter_card":"summary_large_image","twitter_misc":{"Est. reading time":"1 minute"},"schema":{"@context":"https:\/\/schema.org","@graph":[{"@type":"WebPage","@id":"https:\/\/foliobooks.pl\/en\/shop\/walter-chandoha-cats-photographs-1942-2018\/","url":"https:\/\/foliobooks.pl\/en\/shop\/walter-chandoha-cats-photographs-1942-2018\/","name":"Walter Chandoha. Cats. Photographs 1942\u20132018 (Susan Michals) - book \/ album - Folio","isPartOf":{"@id":"https:\/\/foliobooks.pl\/en\/#website"},"primaryImageOfPage":{"@id":"https:\/\/foliobooks.pl\/en\/shop\/walter-chandoha-cats-photographs-1942-2018\/#primaryimage"},"image":{"@id":"https:\/\/foliobooks.pl\/en\/shop\/walter-chandoha-cats-photographs-1942-2018\/#primaryimage"},"thumbnailUrl":"https:\/\/foliobooks.pl\/wp-content\/uploads\/2019\/12\/9783836573856.png","datePublished":"2019-12-16T15:03:19+00:00","dateModified":"2025-03-06T14:31:12+00:00","description":"Wejd\u017a i kup ksi\u0105\u017ck\u0119 Walter Chandoha. Cats. Photographs 1942\u20132018 autorstwa Susan Michals wydan\u0105 przez TASCHEN (2019-09-22) w formacie 23,7 x 30 cm (ISBN: 9783836573856). Zapraszamy!","breadcrumb":{"@id":"https:\/\/foliobooks.pl\/en\/shop\/walter-chandoha-cats-photographs-1942-2018\/#breadcrumb"},"inLanguage":"en-US","potentialAction":[{"@type":"ReadAction","target":["https:\/\/foliobooks.pl\/en\/shop\/walter-chandoha-cats-photographs-1942-2018\/"]}]},{"@type":"ImageObject","inLanguage":"en-US","@id":"https:\/\/foliobooks.pl\/en\/shop\/walter-chandoha-cats-photographs-1942-2018\/#primaryimage","url":"https:\/\/foliobooks.pl\/wp-content\/uploads\/2019\/12\/9783836573856.png","contentUrl":"https:\/\/foliobooks.pl\/wp-content\/uploads\/2019\/12\/9783836573856.png","width":570,"height":708},{"@type":"BreadcrumbList","@id":"https:\/\/foliobooks.pl\/en\/shop\/walter-chandoha-cats-photographs-1942-2018\/#breadcrumb","itemListElement":[{"@type":"ListItem","position":1,"name":"Strona g\u0142\u00f3wna","item":"https:\/\/foliobooks.pl\/en\/"},{"@type":"ListItem","position":2,"name":"Shop","item":"https:\/\/foliobooks.pl\/en\/shop\/"},{"@type":"ListItem","position":3,"name":"Walter Chandoha. Cats. Photographs 1942\u20132018"}]},{"@type":"WebSite","@id":"https:\/\/foliobooks.pl\/en\/#website","url":"https:\/\/foliobooks.pl\/en\/","name":"Folio","description":"Ksi\u0119garnia internetowa","potentialAction":[{"@type":"SearchAction","target":{"@type":"EntryPoint","urlTemplate":"https:\/\/foliobooks.pl\/en\/?s={search_term_string}"},"query-input":{"@type":"PropertyValueSpecification","valueRequired":true,"valueName":"search_term_string"}}],"inLanguage":"en-US"}]}},"_links":{"self":[{"href":"https:\/\/foliobooks.pl\/en\/wp-json\/wp\/v2\/product\/46268","targetHints":{"allow":["GET"]}}],"collection":[{"href":"https:\/\/foliobooks.pl\/en\/wp-json\/wp\/v2\/product"}],"about":[{"href":"https:\/\/foliobooks.pl\/en\/wp-json\/wp\/v2\/types\/product"}],"replies":[{"embeddable":true,"href":"https:\/\/foliobooks.pl\/en\/wp-json\/wp\/v2\/comments?post=46268"}],"wp:featuredmedia":[{"embeddable":true,"href":"https:\/\/foliobooks.pl\/en\/wp-json\/wp\/v2\/media\/46257"}],"wp:attachment":[{"href":"https:\/\/foliobooks.pl\/en\/wp-json\/wp\/v2\/media?parent=46268"}],"wp:term":[{"taxonomy":"product_brand","embeddable":true,"href":"https:\/\/foliobooks.pl\/en\/wp-json\/wp\/v2\/product_brand?post=46268"},{"taxonomy":"product_cat","embeddable":true,"href":"https:\/\/foliobooks.pl\/en\/wp-json\/wp\/v2\/product_cat?post=46268"},{"taxonomy":"product_tag","embeddable":true,"href":"https:\/\/foliobooks.pl\/en\/wp-json\/wp\/v2\/product_tag?post=46268"}],"curies":[{"name":"wp","href":"https:\/\/api.w.org\/{rel}","templated":true}]}}