{"id":44199,"date":"2019-10-14T16:03:52","date_gmt":"2019-10-14T14:03:52","guid":{"rendered":"https:\/\/foliobooks.pl\/sklep\/the-stan-lee-story-xxl\/"},"modified":"2025-01-08T11:56:56","modified_gmt":"2025-01-08T10:56:56","slug":"the-stan-lee-story-xxl","status":"publish","type":"product","link":"https:\/\/foliobooks.pl\/en\/shop\/the-stan-lee-story-xxl\/","title":{"rendered":"The Stan Lee Story XXL"},"content":{"rendered":"<p>This is the big one, True Believers! The mostly true tale of Stan Lee: a Giant-Size extravaganza, nearly ten years in the making, about the one and only Godfather of Comics. From his childhood in Depression-era New York, to transforming Marvel into the number one comics publisher in the world, to his 21st-century reinvention as Chief Creative Officer of global entertainment company POW! Entertainment, Stan \u201cthe Man\u201d Lee stands the test of time as the most legendary name in comicbook history.<\/p>\n<p>Stanley Lieber began working at Timely Comics in 1940 at the age of 17 and found himself at the helm of the bullpen as its top editor just two years later. But it wasn\u2019t until 1961 that he ignited a revolution known as the \u201cMarvel Age of Comics.\u201d With a legendary stable of art partners including Jack Kirby, Steve Ditko, John Romita, and Jim Steranko, Lee unleashed a dizzying cascade of seminal comicbook creations\u2014the Fantastic Four, Hulk, Spider-Man, Thor, Iron Man, the X-Men, and the Avengers to name a few. After moving to Hollywood in 1980, he did it again, developing TV and film projects that laid the groundwork for the \u201cMarvel movie.\u201d Stan\u2019s constant cameo presence in these billion-dollar worldwide events is a testament to his influence. As the man behind POW! Entertainment, he became a master of all media\u2014working with rock stars and professional sports leagues, movie mavens and reality TV shows\u2014reinforcing his creative stature the world over.<\/p>\n<p>First published as a signed Collector\u2019s Edition and sold out within a week, the book was written and edited with Lee himself. His tale is told by his successor at Marvel, renowned comics writer, editor, and historian Roy Thomas, who brings \u201cyou are there\u201d insights and wide-eyed clarity to key moments of Lee\u2019s journey to pop culture immortality. Featuring hundreds of treasures of comicbook art, intimate photographs sourced straight from his family archives, a foreword written by Lee himself, a novel-length essay and new epilogue by Thomas, and an appendix with complete reprints of Stan\u2019s comics from throughout the decades, this is a titanic tribute worthy of the Man.<\/p>\n","protected":false},"excerpt":{"rendered":"<p>This is the big one, True Believers! The mostly true tale of Stan Lee: a Giant-Size extravaganza, nearly ten years in the making, about the one and only Godfather of Comics. From his childhood in Depression-era New York, to transforming Marvel into the number one comics publisher in the world, to his 21st-century reinvention as&#8230;<\/p>\n","protected":false},"featured_media":43931,"comment_status":"closed","ping_status":"closed","template":"","meta":[],"product_brand":[],"product_cat":[4522,13533],"product_tag":[1702,1685,2253,1146,1649,13349],"class_list":{"0":"post-44199","1":"product","2":"type-product","3":"status-publish","4":"has-post-thumbnail","6":"product_cat-art-en","7":"product_cat-books","8":"product_tag-artists","9":"product_tag-comic","10":"product_tag-graphics","11":"product_tag-great-masters-en","12":"product_tag-illustration","13":"product_tag-superheroes-en","14":"pa_author_att-roy-thomas-en","15":"pa_cover-hardcover","16":"pa_format-293-x-437-cm-en","17":"pa_isbn-9783836575768-en","18":"pa_language-eng","19":"pa_pages-624-en","20":"pa_published-2019-08-10-en","21":"pa_publisher-taschen-en-en","23":"first","24":"outofstock","25":"sold-individually","26":"shipping-taxable","27":"purchasable","28":"product-type-simple"},"yoast_head":"<!-- This site is optimized with the Yoast SEO plugin v27.4 - https:\/\/yoast.com\/product\/yoast-seo-wordpress\/ -->\n<title>The Stan Lee Story XXL (Roy Thomas) - book \/ album - Folio<\/title>\n<meta name=\"description\" content=\"Wejd\u017a i kup ksi\u0105\u017ck\u0119 The Stan Lee Story XXL autorstwa Roy Thomas wydan\u0105 przez TASCHEN (2019-08-10) w formacie 29,3 x 43,7 cm (ISBN: 9783836575768). Zapraszamy!\" \/>\n<meta name=\"robots\" content=\"index, follow, max-snippet:-1, max-image-preview:large, max-video-preview:-1\" \/>\n<link rel=\"canonical\" href=\"https:\/\/foliobooks.pl\/en\/shop\/the-stan-lee-story-xxl\/\" \/>\n<meta property=\"og:locale\" content=\"en_US\" \/>\n<meta property=\"og:type\" content=\"article\" \/>\n<meta property=\"og:title\" content=\"The Stan Lee Story XXL (Roy Thomas) - book \/ album - Folio\" \/>\n<meta property=\"og:description\" content=\"Wejd\u017a i kup ksi\u0105\u017ck\u0119 The Stan Lee Story XXL autorstwa Roy Thomas wydan\u0105 przez TASCHEN (2019-08-10) w formacie 29,3 x 43,7 cm (ISBN: 9783836575768). Zapraszamy!\" \/>\n<meta property=\"og:url\" content=\"https:\/\/foliobooks.pl\/en\/shop\/the-stan-lee-story-xxl\/\" \/>\n<meta property=\"og:site_name\" content=\"Folio\" \/>\n<meta property=\"article:modified_time\" content=\"2025-01-08T10:56:56+00:00\" \/>\n<meta property=\"og:image\" content=\"https:\/\/foliobooks.pl\/wp-content\/uploads\/2019\/10\/9783836575768.png\" \/>\n\t<meta property=\"og:image:width\" content=\"570\" \/>\n\t<meta property=\"og:image:height\" content=\"708\" \/>\n\t<meta property=\"og:image:type\" content=\"image\/png\" \/>\n<meta name=\"twitter:card\" content=\"summary_large_image\" \/>\n<meta name=\"twitter:label1\" content=\"Est. reading time\" \/>\n\t<meta name=\"twitter:data1\" content=\"2 minutes\" \/>\n<script type=\"application\/ld+json\" class=\"yoast-schema-graph\">{\"@context\":\"https:\\\/\\\/schema.org\",\"@graph\":[{\"@type\":\"WebPage\",\"@id\":\"https:\\\/\\\/foliobooks.pl\\\/en\\\/shop\\\/the-stan-lee-story-xxl\\\/\",\"url\":\"https:\\\/\\\/foliobooks.pl\\\/en\\\/shop\\\/the-stan-lee-story-xxl\\\/\",\"name\":\"The Stan Lee Story XXL (Roy Thomas) - book \\\/ album - Folio\",\"isPartOf\":{\"@id\":\"https:\\\/\\\/foliobooks.pl\\\/en\\\/#website\"},\"primaryImageOfPage\":{\"@id\":\"https:\\\/\\\/foliobooks.pl\\\/en\\\/shop\\\/the-stan-lee-story-xxl\\\/#primaryimage\"},\"image\":{\"@id\":\"https:\\\/\\\/foliobooks.pl\\\/en\\\/shop\\\/the-stan-lee-story-xxl\\\/#primaryimage\"},\"thumbnailUrl\":\"https:\\\/\\\/foliobooks.pl\\\/wp-content\\\/uploads\\\/2019\\\/10\\\/9783836575768.png\",\"datePublished\":\"2019-10-14T14:03:52+00:00\",\"dateModified\":\"2025-01-08T10:56:56+00:00\",\"description\":\"Wejd\u017a i kup ksi\u0105\u017ck\u0119 The Stan Lee Story XXL autorstwa Roy Thomas wydan\u0105 przez TASCHEN (2019-08-10) w formacie 29,3 x 43,7 cm (ISBN: 9783836575768). Zapraszamy!\",\"breadcrumb\":{\"@id\":\"https:\\\/\\\/foliobooks.pl\\\/en\\\/shop\\\/the-stan-lee-story-xxl\\\/#breadcrumb\"},\"inLanguage\":\"en-US\",\"potentialAction\":[{\"@type\":\"ReadAction\",\"target\":[\"https:\\\/\\\/foliobooks.pl\\\/en\\\/shop\\\/the-stan-lee-story-xxl\\\/\"]}]},{\"@type\":\"ImageObject\",\"inLanguage\":\"en-US\",\"@id\":\"https:\\\/\\\/foliobooks.pl\\\/en\\\/shop\\\/the-stan-lee-story-xxl\\\/#primaryimage\",\"url\":\"https:\\\/\\\/foliobooks.pl\\\/wp-content\\\/uploads\\\/2019\\\/10\\\/9783836575768.png\",\"contentUrl\":\"https:\\\/\\\/foliobooks.pl\\\/wp-content\\\/uploads\\\/2019\\\/10\\\/9783836575768.png\",\"width\":570,\"height\":708},{\"@type\":\"BreadcrumbList\",\"@id\":\"https:\\\/\\\/foliobooks.pl\\\/en\\\/shop\\\/the-stan-lee-story-xxl\\\/#breadcrumb\",\"itemListElement\":[{\"@type\":\"ListItem\",\"position\":1,\"name\":\"Strona g\u0142\u00f3wna\",\"item\":\"https:\\\/\\\/foliobooks.pl\\\/en\\\/\"},{\"@type\":\"ListItem\",\"position\":2,\"name\":\"Shop\",\"item\":\"https:\\\/\\\/foliobooks.pl\\\/en\\\/shop\\\/\"},{\"@type\":\"ListItem\",\"position\":3,\"name\":\"The Stan Lee Story XXL\"}]},{\"@type\":\"WebSite\",\"@id\":\"https:\\\/\\\/foliobooks.pl\\\/en\\\/#website\",\"url\":\"https:\\\/\\\/foliobooks.pl\\\/en\\\/\",\"name\":\"Folio\",\"description\":\"Ksi\u0119garnia internetowa\",\"potentialAction\":[{\"@type\":\"SearchAction\",\"target\":{\"@type\":\"EntryPoint\",\"urlTemplate\":\"https:\\\/\\\/foliobooks.pl\\\/en\\\/?s={search_term_string}\"},\"query-input\":{\"@type\":\"PropertyValueSpecification\",\"valueRequired\":true,\"valueName\":\"search_term_string\"}}],\"inLanguage\":\"en-US\"}]}<\/script>\n<!-- \/ Yoast SEO plugin. -->","yoast_head_json":{"title":"The Stan Lee Story XXL (Roy Thomas) - book \/ album - Folio","description":"Wejd\u017a i kup ksi\u0105\u017ck\u0119 The Stan Lee Story XXL autorstwa Roy Thomas wydan\u0105 przez TASCHEN (2019-08-10) w formacie 29,3 x 43,7 cm (ISBN: 9783836575768). Zapraszamy!","robots":{"index":"index","follow":"follow","max-snippet":"max-snippet:-1","max-image-preview":"max-image-preview:large","max-video-preview":"max-video-preview:-1"},"canonical":"https:\/\/foliobooks.pl\/en\/shop\/the-stan-lee-story-xxl\/","og_locale":"en_US","og_type":"article","og_title":"The Stan Lee Story XXL (Roy Thomas) - book \/ album - Folio","og_description":"Wejd\u017a i kup ksi\u0105\u017ck\u0119 The Stan Lee Story XXL autorstwa Roy Thomas wydan\u0105 przez TASCHEN (2019-08-10) w formacie 29,3 x 43,7 cm (ISBN: 9783836575768). Zapraszamy!","og_url":"https:\/\/foliobooks.pl\/en\/shop\/the-stan-lee-story-xxl\/","og_site_name":"Folio","article_modified_time":"2025-01-08T10:56:56+00:00","og_image":[{"width":570,"height":708,"url":"https:\/\/foliobooks.pl\/wp-content\/uploads\/2019\/10\/9783836575768.png","type":"image\/png"}],"twitter_card":"summary_large_image","twitter_misc":{"Est. reading time":"2 minutes"},"schema":{"@context":"https:\/\/schema.org","@graph":[{"@type":"WebPage","@id":"https:\/\/foliobooks.pl\/en\/shop\/the-stan-lee-story-xxl\/","url":"https:\/\/foliobooks.pl\/en\/shop\/the-stan-lee-story-xxl\/","name":"The Stan Lee Story XXL (Roy Thomas) - book \/ album - Folio","isPartOf":{"@id":"https:\/\/foliobooks.pl\/en\/#website"},"primaryImageOfPage":{"@id":"https:\/\/foliobooks.pl\/en\/shop\/the-stan-lee-story-xxl\/#primaryimage"},"image":{"@id":"https:\/\/foliobooks.pl\/en\/shop\/the-stan-lee-story-xxl\/#primaryimage"},"thumbnailUrl":"https:\/\/foliobooks.pl\/wp-content\/uploads\/2019\/10\/9783836575768.png","datePublished":"2019-10-14T14:03:52+00:00","dateModified":"2025-01-08T10:56:56+00:00","description":"Wejd\u017a i kup ksi\u0105\u017ck\u0119 The Stan Lee Story XXL autorstwa Roy Thomas wydan\u0105 przez TASCHEN (2019-08-10) w formacie 29,3 x 43,7 cm (ISBN: 9783836575768). Zapraszamy!","breadcrumb":{"@id":"https:\/\/foliobooks.pl\/en\/shop\/the-stan-lee-story-xxl\/#breadcrumb"},"inLanguage":"en-US","potentialAction":[{"@type":"ReadAction","target":["https:\/\/foliobooks.pl\/en\/shop\/the-stan-lee-story-xxl\/"]}]},{"@type":"ImageObject","inLanguage":"en-US","@id":"https:\/\/foliobooks.pl\/en\/shop\/the-stan-lee-story-xxl\/#primaryimage","url":"https:\/\/foliobooks.pl\/wp-content\/uploads\/2019\/10\/9783836575768.png","contentUrl":"https:\/\/foliobooks.pl\/wp-content\/uploads\/2019\/10\/9783836575768.png","width":570,"height":708},{"@type":"BreadcrumbList","@id":"https:\/\/foliobooks.pl\/en\/shop\/the-stan-lee-story-xxl\/#breadcrumb","itemListElement":[{"@type":"ListItem","position":1,"name":"Strona g\u0142\u00f3wna","item":"https:\/\/foliobooks.pl\/en\/"},{"@type":"ListItem","position":2,"name":"Shop","item":"https:\/\/foliobooks.pl\/en\/shop\/"},{"@type":"ListItem","position":3,"name":"The Stan Lee Story XXL"}]},{"@type":"WebSite","@id":"https:\/\/foliobooks.pl\/en\/#website","url":"https:\/\/foliobooks.pl\/en\/","name":"Folio","description":"Ksi\u0119garnia internetowa","potentialAction":[{"@type":"SearchAction","target":{"@type":"EntryPoint","urlTemplate":"https:\/\/foliobooks.pl\/en\/?s={search_term_string}"},"query-input":{"@type":"PropertyValueSpecification","valueRequired":true,"valueName":"search_term_string"}}],"inLanguage":"en-US"}]}},"_links":{"self":[{"href":"https:\/\/foliobooks.pl\/en\/wp-json\/wp\/v2\/product\/44199","targetHints":{"allow":["GET"]}}],"collection":[{"href":"https:\/\/foliobooks.pl\/en\/wp-json\/wp\/v2\/product"}],"about":[{"href":"https:\/\/foliobooks.pl\/en\/wp-json\/wp\/v2\/types\/product"}],"replies":[{"embeddable":true,"href":"https:\/\/foliobooks.pl\/en\/wp-json\/wp\/v2\/comments?post=44199"}],"wp:featuredmedia":[{"embeddable":true,"href":"https:\/\/foliobooks.pl\/en\/wp-json\/wp\/v2\/media\/43931"}],"wp:attachment":[{"href":"https:\/\/foliobooks.pl\/en\/wp-json\/wp\/v2\/media?parent=44199"}],"wp:term":[{"taxonomy":"product_brand","embeddable":true,"href":"https:\/\/foliobooks.pl\/en\/wp-json\/wp\/v2\/product_brand?post=44199"},{"taxonomy":"product_cat","embeddable":true,"href":"https:\/\/foliobooks.pl\/en\/wp-json\/wp\/v2\/product_cat?post=44199"},{"taxonomy":"product_tag","embeddable":true,"href":"https:\/\/foliobooks.pl\/en\/wp-json\/wp\/v2\/product_tag?post=44199"}],"curies":[{"name":"wp","href":"https:\/\/api.w.org\/{rel}","templated":true}]}}